{"id":5484,"date":"2017-04-26T13:57:27","date_gmt":"2017-04-26T11:57:27","guid":{"rendered":"http:\/\/www.wojoer.de\/produkt\/leored-mini-pushup-string\/"},"modified":"2026-02-13T18:17:48","modified_gmt":"2026-02-13T17:17:48","slug":"leored-mini-pushup-string","status":"publish","type":"product","link":"https:\/\/www.wojoer.de\/en\/produkt\/leored-mini-pushup-string\/","title":{"rendered":"LEORED Mini Pushup String 0310-S018-0D-34"},"content":{"rendered":"<p>Produktion auf Bestellung, denn ein erotischer Mini Pushup String der Leored Serie 310B15.5 geh\u00f6rt in die Kategorie: WOJOER &#8220;LIVE-Produkte&#8221;!<\/p>\n<h3>Gr\u00f6\u00dfen<\/h3>\n<p>Erh\u00e4ltlich in den Gr\u00f6\u00dfen S, M, L, XL<\/p>\n<h3>Materialzusammensetzung<\/h3>\n<p>Jersey: 92% Polyestern, 8% Elasthan | Lederimitat: 94% Polyester, 6% Elasthan<\/p>\n<h3>Besonderheiten<\/h3>\n<p><a href=\"http:\/\/www.wojoer.de\/?s=live&#038;post_type=product\">LIVE-Produkt<\/a> | feuer roter Leoparden Druck | anschmiegsam weiches Material | haut enge Passform | erotisch mattes &#038; dehnbares Letherlike Suspensorium | hochwertige Verarbeitung &#8220;Made in Germany&#8221;<\/p>\n<h3>Benutzerhinweise<\/h3>\n<p>Handw\u00e4sche | Der Druck kann produktionsbedingt vom Foto abweichen<\/p>\n<h3>LEORED &#8211; feuerroter erotischer mini Pushup String f\u00fcr den Herren<\/h3>\n<p>Zu allererst ist der erotische Mini Pushup String aus der WOJOER Leored-Serie knackig eng, super knapp und dennoch bequem. Somit ist er garantiert das Richtige f\u00fcr verspielte Kater, die gern viel zeigen! Ebenfalls ist dieser Stretch String mit frechem, tief schwarzem und volumin\u00f6s pushendem Letherlike Suspensorium etwas f\u00fcr alle Sinne. Und mit dem animalisch, anschmiegsamen Jersey f\u00e4llt er sofort in&#8217;s Auge. Zudem ist er besonders hochwertig\u00a0in Sachsen gerfertigt. Mit anderen Worten: Made in Germany.<\/p>\n","protected":false},"excerpt":{"rendered":"<p>Produktion auf Bestellung, denn ein erotischer Mini Pushup String der Leored Serie 310B15.5 geh\u00f6rt in die Kategorie: WOJOER &#8220;LIVE-Produkte&#8221;!<br \/>\nGr\u00f6\u00dfen<br \/>\nErh\u00e4ltlich in den Gr\u00f6\u00dfen S, M, LXL<br \/>\nMaterialzusammensetzung<br \/>\nJersey: 92% Polyestern, 8% Elasthan | Lederimitat: 94% Polyester, 6% Elasthan<br \/>\nBesonderheiten<br \/>\nLIVE-Produkt | feuer roter Leoparden Druck\u2026<\/p>\n","protected":false},"featured_media":11774,"comment_status":"open","ping_status":"closed","template":"","meta":[],"product_brand":[],"product_cat":[116,473,195,326],"product_tag":[297,241,272,294,184,119,247],"class_list":{"0":"post-5484","1":"product","2":"type-product","3":"status-publish","4":"has-post-thumbnail","6":"product_cat-clubwear","7":"product_cat-men","8":"product_cat-produktion-auf-bestellung-liveproduktion","9":"product_cat-wojoer","10":"product_tag-animal","11":"product_tag-mini-string-bulge-string-g-string","12":"product_tag-druck","13":"product_tag-lack","14":"product_tag-push-up","15":"product_tag-string","16":"product_tag-wetlook","17":"product_shipping_class-beun","18":"pa_groesse-lxl","19":"pa_groesse-m","20":"pa_groesse-s","21":"pa_groesse-xl","22":"pif-has-gallery","23":"post-1","24":"odd","26":"first","27":"instock","28":"taxable","29":"shipping-taxable","30":"purchasable","31":"product-type-variable"},"yoast_head":"<!-- This site is optimized with the Yoast SEO plugin v27.2 - https:\/\/yoast.com\/product\/yoast-seo-wordpress\/ -->\n<title>LeoRed Mini Push String | sexy | Leatherlike | roter LeoPrint von WOJOER<\/title>\n<meta name=\"description\" content=\"Erotischer Mini PushString von WOJOER. Ein ausgeformtes Suspensorium aus dehnbaren Kunstleder &amp; einem feuerroten Leopardendruck auf dem Elastik-Jersey.\" \/>\n<meta name=\"robots\" content=\"index, follow, max-snippet:-1, max-image-preview:large, max-video-preview:-1\" \/>\n<link rel=\"canonical\" href=\"https:\/\/www.wojoer.de\/en\/produkt\/leored-mini-pushup-string\/\" \/>\n<meta name=\"twitter:card\" content=\"summary_large_image\" \/>\n<meta name=\"twitter:title\" content=\"LeoRed Mini Push String | sexy | Leatherlike | roter LeoPrint von WOJOER\" \/>\n<meta name=\"twitter:description\" content=\"Erotischer Mini PushString von WOJOER. Ein ausgeformtes Suspensorium aus dehnbaren Kunstleder &amp; einem feuerroten Leopardendruck auf dem Elastik-Jersey.\" \/>\n<meta name=\"twitter:image\" content=\"https:\/\/www.wojoer.de\/wp-content\/uploads\/2018\/11\/310B15_5_leored_minipushup_string_side_robinson.jpg\" \/>\n<meta name=\"twitter:label1\" content=\"Estimated reading time\" \/>\n\t<meta name=\"twitter:data1\" content=\"2 minutes\" \/>\n<script type=\"application\/ld+json\" class=\"yoast-schema-graph\">{\"@context\":\"https:\/\/schema.org\",\"@graph\":[{\"@type\":\"WebPage\",\"@id\":\"https:\/\/www.wojoer.de\/produkt\/leored-mini-pushup-string\/\",\"url\":\"https:\/\/www.wojoer.de\/produkt\/leored-mini-pushup-string\/\",\"name\":\"LeoRed Mini Push String | sexy | Leatherlike | roter LeoPrint von WOJOER\",\"isPartOf\":{\"@id\":\"https:\/\/www.wojoer.de\/#website\"},\"primaryImageOfPage\":{\"@id\":\"https:\/\/www.wojoer.de\/produkt\/leored-mini-pushup-string\/#primaryimage\"},\"image\":{\"@id\":\"https:\/\/www.wojoer.de\/produkt\/leored-mini-pushup-string\/#primaryimage\"},\"thumbnailUrl\":\"https:\/\/www.wojoer.de\/wp-content\/uploads\/2018\/11\/310B15_5_leored_minipushup_string_side_robinson.jpg\",\"datePublished\":\"2017-04-26T11:57:27+00:00\",\"dateModified\":\"2026-02-13T17:17:48+00:00\",\"description\":\"Erotischer Mini PushString von WOJOER. Ein ausgeformtes Suspensorium aus dehnbaren Kunstleder & einem feuerroten Leopardendruck auf dem Elastik-Jersey.\",\"breadcrumb\":{\"@id\":\"https:\/\/www.wojoer.de\/produkt\/leored-mini-pushup-string\/#breadcrumb\"},\"inLanguage\":\"en-GB\",\"potentialAction\":[{\"@type\":\"ReadAction\",\"target\":[\"https:\/\/www.wojoer.de\/produkt\/leored-mini-pushup-string\/\"]}]},{\"@type\":\"ImageObject\",\"inLanguage\":\"en-GB\",\"@id\":\"https:\/\/www.wojoer.de\/produkt\/leored-mini-pushup-string\/#primaryimage\",\"url\":\"https:\/\/www.wojoer.de\/wp-content\/uploads\/2018\/11\/310B15_5_leored_minipushup_string_side_robinson.jpg\",\"contentUrl\":\"https:\/\/www.wojoer.de\/wp-content\/uploads\/2018\/11\/310B15_5_leored_minipushup_string_side_robinson.jpg\",\"width\":2002,\"height\":2002,\"caption\":\"Mini Pushup String, Leored, Lederimitat, Letherlike, Kunstleder, Druck, schwarz, rot\"},{\"@type\":\"BreadcrumbList\",\"@id\":\"https:\/\/www.wojoer.de\/produkt\/leored-mini-pushup-string\/#breadcrumb\",\"itemListElement\":[{\"@type\":\"ListItem\",\"position\":1,\"name\":\"Startseite\",\"item\":\"https:\/\/www.wojoer.de\/\"},{\"@type\":\"ListItem\",\"position\":2,\"name\":\"SHOP\",\"item\":\"https:\/\/www.wojoer.de\/shop\/\"},{\"@type\":\"ListItem\",\"position\":3,\"name\":\"LEORED Mini Pushup String\"}]},{\"@type\":\"WebSite\",\"@id\":\"https:\/\/www.wojoer.de\/#website\",\"url\":\"https:\/\/www.wojoer.de\/\",\"name\":\"WOJOER\",\"description\":\"clubwear for men\",\"publisher\":{\"@id\":\"https:\/\/www.wojoer.de\/#organization\"},\"potentialAction\":[{\"@type\":\"SearchAction\",\"target\":{\"@type\":\"EntryPoint\",\"urlTemplate\":\"https:\/\/www.wojoer.de\/?s={search_term_string}\"},\"query-input\":{\"@type\":\"PropertyValueSpecification\",\"valueRequired\":true,\"valueName\":\"search_term_string\"}}],\"inLanguage\":\"en-GB\"},{\"@type\":\"Organization\",\"@id\":\"https:\/\/www.wojoer.de\/#organization\",\"name\":\"Wonneberger-Manufaktur\",\"url\":\"https:\/\/www.wojoer.de\/\",\"logo\":{\"@type\":\"ImageObject\",\"inLanguage\":\"en-GB\",\"@id\":\"https:\/\/www.wojoer.de\/#\/schema\/logo\/image\/\",\"url\":\"https:\/\/www.wojoer.de\/wp-content\/uploads\/2016\/11\/wonnebergermanufaktur_logo_BUTTON.png\",\"contentUrl\":\"https:\/\/www.wojoer.de\/wp-content\/uploads\/2016\/11\/wonnebergermanufaktur_logo_BUTTON.png\",\"width\":765,\"height\":765,\"caption\":\"Wonneberger-Manufaktur\"},\"image\":{\"@id\":\"https:\/\/www.wojoer.de\/#\/schema\/logo\/image\/\"},\"sameAs\":[\"https:\/\/www.facebook.com\/wojoer\/\",\"https:\/\/de.pinterest.com\/W0J0ER\/\"]}]}<\/script>\n<!-- \/ Yoast SEO plugin. -->","yoast_head_json":{"title":"LeoRed Mini Push String | sexy | Leatherlike | roter LeoPrint von WOJOER","description":"Erotischer Mini PushString von WOJOER. Ein ausgeformtes Suspensorium aus dehnbaren Kunstleder & einem feuerroten Leopardendruck auf dem Elastik-Jersey.","robots":{"index":"index","follow":"follow","max-snippet":"max-snippet:-1","max-image-preview":"max-image-preview:large","max-video-preview":"max-video-preview:-1"},"canonical":"https:\/\/www.wojoer.de\/en\/produkt\/leored-mini-pushup-string\/","twitter_card":"summary_large_image","twitter_title":"[:de]LeoRed Mini Push String | sexy | Leatherlike | roter LeoPrint von WOJOER[:]","twitter_description":"[:de]Erotischer Mini PushString von WOJOER. Ein ausgeformtes Suspensorium aus dehnbaren Kunstleder & einem feuerroten Leopardendruck auf dem Elastik-Jersey.[:]","twitter_image":"https:\/\/www.wojoer.de\/wp-content\/uploads\/2018\/11\/310B15_5_leored_minipushup_string_side_robinson.jpg","twitter_misc":{"Estimated reading time":"2 minutes"},"schema":{"@context":"https:\/\/schema.org","@graph":[{"@type":"WebPage","@id":"https:\/\/www.wojoer.de\/produkt\/leored-mini-pushup-string\/","url":"https:\/\/www.wojoer.de\/produkt\/leored-mini-pushup-string\/","name":"LeoRed Mini Push String | sexy | Leatherlike | roter LeoPrint von WOJOER","isPartOf":{"@id":"https:\/\/www.wojoer.de\/#website"},"primaryImageOfPage":{"@id":"https:\/\/www.wojoer.de\/produkt\/leored-mini-pushup-string\/#primaryimage"},"image":{"@id":"https:\/\/www.wojoer.de\/produkt\/leored-mini-pushup-string\/#primaryimage"},"thumbnailUrl":"https:\/\/www.wojoer.de\/wp-content\/uploads\/2018\/11\/310B15_5_leored_minipushup_string_side_robinson.jpg","datePublished":"2017-04-26T11:57:27+00:00","dateModified":"2026-02-13T17:17:48+00:00","description":"Erotischer Mini PushString von WOJOER. Ein ausgeformtes Suspensorium aus dehnbaren Kunstleder & einem feuerroten Leopardendruck auf dem Elastik-Jersey.","breadcrumb":{"@id":"https:\/\/www.wojoer.de\/produkt\/leored-mini-pushup-string\/#breadcrumb"},"inLanguage":"en-GB","potentialAction":[{"@type":"ReadAction","target":["https:\/\/www.wojoer.de\/produkt\/leored-mini-pushup-string\/"]}]},{"@type":"ImageObject","inLanguage":"en-GB","@id":"https:\/\/www.wojoer.de\/produkt\/leored-mini-pushup-string\/#primaryimage","url":"https:\/\/www.wojoer.de\/wp-content\/uploads\/2018\/11\/310B15_5_leored_minipushup_string_side_robinson.jpg","contentUrl":"https:\/\/www.wojoer.de\/wp-content\/uploads\/2018\/11\/310B15_5_leored_minipushup_string_side_robinson.jpg","width":2002,"height":2002,"caption":"Mini Pushup String, Leored, Lederimitat, Letherlike, Kunstleder, Druck, schwarz, rot"},{"@type":"BreadcrumbList","@id":"https:\/\/www.wojoer.de\/produkt\/leored-mini-pushup-string\/#breadcrumb","itemListElement":[{"@type":"ListItem","position":1,"name":"Startseite","item":"https:\/\/www.wojoer.de\/"},{"@type":"ListItem","position":2,"name":"SHOP","item":"https:\/\/www.wojoer.de\/shop\/"},{"@type":"ListItem","position":3,"name":"LEORED Mini Pushup String"}]},{"@type":"WebSite","@id":"https:\/\/www.wojoer.de\/#website","url":"https:\/\/www.wojoer.de\/","name":"WOJOER","description":"clubwear for men","publisher":{"@id":"https:\/\/www.wojoer.de\/#organization"},"potentialAction":[{"@type":"SearchAction","target":{"@type":"EntryPoint","urlTemplate":"https:\/\/www.wojoer.de\/?s={search_term_string}"},"query-input":{"@type":"PropertyValueSpecification","valueRequired":true,"valueName":"search_term_string"}}],"inLanguage":"en-GB"},{"@type":"Organization","@id":"https:\/\/www.wojoer.de\/#organization","name":"Wonneberger-Manufaktur","url":"https:\/\/www.wojoer.de\/","logo":{"@type":"ImageObject","inLanguage":"en-GB","@id":"https:\/\/www.wojoer.de\/#\/schema\/logo\/image\/","url":"https:\/\/www.wojoer.de\/wp-content\/uploads\/2016\/11\/wonnebergermanufaktur_logo_BUTTON.png","contentUrl":"https:\/\/www.wojoer.de\/wp-content\/uploads\/2016\/11\/wonnebergermanufaktur_logo_BUTTON.png","width":765,"height":765,"caption":"Wonneberger-Manufaktur"},"image":{"@id":"https:\/\/www.wojoer.de\/#\/schema\/logo\/image\/"},"sameAs":["https:\/\/www.facebook.com\/wojoer\/","https:\/\/de.pinterest.com\/W0J0ER\/"]}]}},"_links":{"self":[{"href":"https:\/\/www.wojoer.de\/en\/wp-json\/wp\/v2\/product\/5484","targetHints":{"allow":["GET"]}}],"collection":[{"href":"https:\/\/www.wojoer.de\/en\/wp-json\/wp\/v2\/product"}],"about":[{"href":"https:\/\/www.wojoer.de\/en\/wp-json\/wp\/v2\/types\/product"}],"replies":[{"embeddable":true,"href":"https:\/\/www.wojoer.de\/en\/wp-json\/wp\/v2\/comments?post=5484"}],"wp:featuredmedia":[{"embeddable":true,"href":"https:\/\/www.wojoer.de\/en\/wp-json\/wp\/v2\/media\/11774"}],"wp:attachment":[{"href":"https:\/\/www.wojoer.de\/en\/wp-json\/wp\/v2\/media?parent=5484"}],"wp:term":[{"taxonomy":"product_brand","embeddable":true,"href":"https:\/\/www.wojoer.de\/en\/wp-json\/wp\/v2\/product_brand?post=5484"},{"taxonomy":"product_cat","embeddable":true,"href":"https:\/\/www.wojoer.de\/en\/wp-json\/wp\/v2\/product_cat?post=5484"},{"taxonomy":"product_tag","embeddable":true,"href":"https:\/\/www.wojoer.de\/en\/wp-json\/wp\/v2\/product_tag?post=5484"}],"curies":[{"name":"wp","href":"https:\/\/api.w.org\/{rel}","templated":true}]}}