{"id":54878,"date":"2025-12-02T10:57:13","date_gmt":"2025-12-02T09:57:13","guid":{"rendered":"https:\/\/www.wojoer.de\/?post_type=product&#038;p=54878"},"modified":"2026-01-05T08:24:52","modified_gmt":"2026-01-05T07:24:52","slug":"kinky-colar-neopren-tripple-piercing-lange-riemen","status":"publish","type":"product","link":"https:\/\/www.wojoer.de\/en\/produkt\/kinky-colar-neopren-tripple-piercing-lange-riemen\/","title":{"rendered":"NEOPREN Tripple-Piercing long Belts 14.2\u2033- 21.3\u2033"},"content":{"rendered":"<h2><strong style=\"color: #444444;\">KINKY COLAR NEOPRENE PIERCING \u2013 Matte 2mm thick Strap with 3 Piercings (Long Version)<\/strong><\/h2>\n<p>This Kinky Colar: Cool, sleek metal touches your skin. A subtle tingling rises in your body. It doesn\u2019t take long for the piercings to warm up to your body temperature. Once the thrilling moment of fastening passes, the smooth-skin neoprene strap embraces you tightly\u2014rewarding your body with a sensation that\u2019s almost like bare skin contact. You carry that sensation with you. Wherever you go.<\/p>\n<p>This collar radiates confident dominance the moment you put it on. Its matte, masculine finish pairs perfectly with <a href=\"https:\/\/www.wojoer.de\/?s=Neopren&#038;post_type=product\">smooth-skin neoprene<\/a> and <a href=\"https:\/\/www.wojoer.de\/?s=Synlex&#038;post_type=product\">Synlex<\/a> collections. Let this powerful strap wrap tightly around any part of your body\u2014and turn yourself into a provocative, living art piece.<\/p>\n<p><strong>Pro tip:<\/strong> Combine it with the <a href=\"https:\/\/www.wojoer.de\/produkt\/piercing-body-set-369bb\/\">Piercing Leash<\/a> to lead your sub with elegance and absolute control.<\/p>\n<hr \/>\n<h2><strong style=\"color: #444444;\">Product Info<\/strong><\/h2>\n<p><strong>Style no.:<\/strong> 0309-W022-0D&#8211;<br \/>\n<strong>Category:<\/strong> LIVE \u2013 Made to order<br \/>\n<strong>Wear it as:<\/strong> Long collar, strap, body band \u2013 you decide how far the tension goes.<\/p>\n<hr \/>\n<h2><strong style=\"color: #444444;\">Features<\/strong><\/h2>\n<p>\u2022 Part of our exclusive LIVE collection<br \/>\n\u2022 Swim-friendly<br \/>\n\u2022 Stylish and kinky colar<br \/>\n\u2022 3 piercings as closure system<br \/>\n\u2022 Smooth matte surface<br \/>\n\u2022 Stretchy and comfortable<br \/>\n\u2022 Worn tight or loose<br \/>\n\u2022 Premium craftsmanship \u2013 Made in Germany<\/p>\n<hr \/>\n<h2><strong style=\"color: #444444;\">Sizes<\/strong><\/h2>\n<table>\n<thead>\n<tr>\n<th>Size<\/th>\n<th>Product Length<\/th>\n<th>Strap Width<\/th>\n<th>Body Part Circumference<\/th>\n<\/tr>\n<\/thead>\n<tbody>\n<tr>\n<td>XXS<\/td>\n<td>14.2\u2033<\/td>\n<td>1.6\u2033<\/td>\n<td>13.4\u2033\u201314.6\u2033<\/td>\n<\/tr>\n<tr>\n<td>XS<\/td>\n<td>15.0\u2033<\/td>\n<td>1.6\u2033<\/td>\n<td>14.2\u2033\u201315.4\u2033<\/td>\n<\/tr>\n<tr>\n<td>S<\/td>\n<td>15.7\u2033<\/td>\n<td>1.6\u2033<\/td>\n<td>15.0\u2033\u201316.1\u2033<\/td>\n<\/tr>\n<tr>\n<td>M<\/td>\n<td>16.5\u2033<\/td>\n<td>1.6\u2033<\/td>\n<td>15.7\u2033\u201316.9\u2033<\/td>\n<\/tr>\n<tr>\n<td>L<\/td>\n<td>17.3\u2033<\/td>\n<td>1.6\u2033<\/td>\n<td>16.5\u2033\u201317.7\u2033<\/td>\n<\/tr>\n<tr>\n<td>XL<\/td>\n<td>18.1\u2033<\/td>\n<td>1.6\u2033<\/td>\n<td>17.3\u2033\u201318.5\u2033<\/td>\n<\/tr>\n<tr>\n<td>XXL<\/td>\n<td>18.9\u2033<\/td>\n<td>1.6\u2033<\/td>\n<td>18.1\u2033\u201319.3\u2033<\/td>\n<\/tr>\n<tr>\n<td>3XL<\/td>\n<td>19.7\u2033<\/td>\n<td>1.6\u2033<\/td>\n<td>18.9\u2033\u201320.1\u2033<\/td>\n<\/tr>\n<tr>\n<td>4XL<\/td>\n<td>20.5\u2033<\/td>\n<td>1.6\u2033<\/td>\n<td>19.7\u2033\u201320.9\u2033<\/td>\n<\/tr>\n<tr>\n<td>5XL<\/td>\n<td>21.3\u2033<\/td>\n<td>1.6\u2033<\/td>\n<td>20.5\u2033\u201321.7\u2033<\/td>\n<\/tr>\n<\/tbody>\n<\/table>\n<p><strong>Need shorter lengths?<\/strong> Find your perfect fit in the <a href=\"https:\/\/www.wojoer.de\/produkt\/neopren-piercing-3-piercing-kurze-riemen\/\">short strap version<\/a>.<\/p>\n<hr \/>\n<h2><strong style=\"color: #444444;\">Example Photos<\/strong><\/h2>\n<p><strong>Dummy neck circumference: 13.8\u2033<\/strong><\/p>\n<p>\u2022 <strong>XXS \u2013 tight &#038; athletic fetish look<\/strong><br \/>\n<img loading=\"lazy\" decoding=\"async\" class=\"alignnone size-thumbnail wp-image-11883\" src=\"https:\/\/www.wojoer.de\/wp-content\/uploads\/2018\/12\/309HB_Piercing_Halsband_Kette_side_wojoer-150x150.jpg\" alt=\"Neoprene Piercing Collar\" width=\"150\" height=\"150\" srcset=\"https:\/\/www.wojoer.de\/wp-content\/uploads\/2018\/12\/309HB_Piercing_Halsband_Kette_side_wojoer-150x150.jpg 150w, https:\/\/www.wojoer.de\/wp-content\/uploads\/2018\/12\/309HB_Piercing_Halsband_Kette_side_wojoer-300x300.jpg 300w, https:\/\/www.wojoer.de\/wp-content\/uploads\/2018\/12\/309HB_Piercing_Halsband_Kette_side_wojoer-100x100.jpg 100w, https:\/\/www.wojoer.de\/wp-content\/uploads\/2018\/12\/309HB_Piercing_Halsband_Kette_side_wojoer-600x600.jpg 600w, https:\/\/www.wojoer.de\/wp-content\/uploads\/2018\/12\/309HB_Piercing_Halsband_Kette_side_wojoer-768x768.jpg 768w, https:\/\/www.wojoer.de\/wp-content\/uploads\/2018\/12\/309HB_Piercing_Halsband_Kette_side_wojoer-1024x1024.jpg 1024w, https:\/\/www.wojoer.de\/wp-content\/uploads\/2018\/12\/309HB_Piercing_Halsband_Kette_side_wojoer.jpg 2002w\" sizes=\"auto, (max-width: 150px) 100vw, 150px\" \/><img loading=\"lazy\" decoding=\"async\" class=\"alignnone size-thumbnail wp-image-11881\" src=\"https:\/\/www.wojoer.de\/wp-content\/uploads\/2018\/12\/309HB_Piercing_Halsband_Kette_front_wojoer-150x150.jpg\" alt=\"Neoprene Piercing Collar\" width=\"150\" height=\"150\" srcset=\"https:\/\/www.wojoer.de\/wp-content\/uploads\/2018\/12\/309HB_Piercing_Halsband_Kette_front_wojoer-150x150.jpg 150w, https:\/\/www.wojoer.de\/wp-content\/uploads\/2018\/12\/309HB_Piercing_Halsband_Kette_front_wojoer-300x300.jpg 300w, https:\/\/www.wojoer.de\/wp-content\/uploads\/2018\/12\/309HB_Piercing_Halsband_Kette_front_wojoer-100x100.jpg 100w, https:\/\/www.wojoer.de\/wp-content\/uploads\/2018\/12\/309HB_Piercing_Halsband_Kette_front_wojoer-600x600.jpg 600w, https:\/\/www.wojoer.de\/wp-content\/uploads\/2018\/12\/309HB_Piercing_Halsband_Kette_front_wojoer-768x768.jpg 768w, https:\/\/www.wojoer.de\/wp-content\/uploads\/2018\/12\/309HB_Piercing_Halsband_Kette_front_wojoer-1024x1024.jpg 1024w, https:\/\/www.wojoer.de\/wp-content\/uploads\/2018\/12\/309HB_Piercing_Halsband_Kette_front_wojoer.jpg 2002w\" sizes=\"auto, (max-width: 150px) 100vw, 150px\" \/><\/p>\n<p>\u2022 <strong>XS \u2013 loose &#038; elegant collar style<\/strong><br \/>\n<img loading=\"lazy\" decoding=\"async\" class=\"alignnone size-thumbnail wp-image-11882\" src=\"https:\/\/www.wojoer.de\/wp-content\/uploads\/2018\/12\/309HB_Piercing_Halsband_Kette_side_loose_wojoer-150x150.jpg\" alt=\"Neoprene Piercing Collar\" width=\"150\" height=\"150\" srcset=\"https:\/\/www.wojoer.de\/wp-content\/uploads\/2018\/12\/309HB_Piercing_Halsband_Kette_side_loose_wojoer-150x150.jpg 150w, https:\/\/www.wojoer.de\/wp-content\/uploads\/2018\/12\/309HB_Piercing_Halsband_Kette_side_loose_wojoer-300x300.jpg 300w, https:\/\/www.wojoer.de\/wp-content\/uploads\/2018\/12\/309HB_Piercing_Halsband_Kette_side_loose_wojoer-100x100.jpg 100w, https:\/\/www.wojoer.de\/wp-content\/uploads\/2018\/12\/309HB_Piercing_Halsband_Kette_side_loose_wojoer-600x600.jpg 600w, https:\/\/www.wojoer.de\/wp-content\/uploads\/2018\/12\/309HB_Piercing_Halsband_Kette_side_loose_wojoer-768x768.jpg 768w, https:\/\/www.wojoer.de\/wp-content\/uploads\/2018\/12\/309HB_Piercing_Halsband_Kette_side_loose_wojoer-1024x1024.jpg 1024w, https:\/\/www.wojoer.de\/wp-content\/uploads\/2018\/12\/309HB_Piercing_Halsband_Kette_side_loose_wojoer.jpg 2002w\" sizes=\"auto, (max-width: 150px) 100vw, 150px\" \/><img loading=\"lazy\" decoding=\"async\" class=\"alignnone size-thumbnail wp-image-11880\" src=\"https:\/\/www.wojoer.de\/wp-content\/uploads\/2018\/12\/309HB_Piercing_Halsband_Kette_front_loose_wojoer-150x150.jpg\" alt=\"Neoprene Piercing Collar\" width=\"150\" height=\"150\" srcset=\"https:\/\/www.wojoer.de\/wp-content\/uploads\/2018\/12\/309HB_Piercing_Halsband_Kette_front_loose_wojoer-150x150.jpg 150w, https:\/\/www.wojoer.de\/wp-content\/uploads\/2018\/12\/309HB_Piercing_Halsband_Kette_front_loose_wojoer-300x300.jpg 300w, https:\/\/www.wojoer.de\/wp-content\/uploads\/2018\/12\/309HB_Piercing_Halsband_Kette_front_loose_wojoer-100x100.jpg 100w, https:\/\/www.wojoer.de\/wp-content\/uploads\/2018\/12\/309HB_Piercing_Halsband_Kette_front_loose_wojoer-600x600.jpg 600w, https:\/\/www.wojoer.de\/wp-content\/uploads\/2018\/12\/309HB_Piercing_Halsband_Kette_front_loose_wojoer-768x768.jpg 768w, https:\/\/www.wojoer.de\/wp-content\/uploads\/2018\/12\/309HB_Piercing_Halsband_Kette_front_loose_wojoer-1024x1024.jpg 1024w, https:\/\/www.wojoer.de\/wp-content\/uploads\/2018\/12\/309HB_Piercing_Halsband_Kette_front_loose_wojoer.jpg 2002w\" sizes=\"auto, (max-width: 150px) 100vw, 150px\" \/><\/p>\n<h2><strong>Too loose or too snug<\/strong>?<\/h2>\n<p><img loading=\"lazy\" decoding=\"async\" class=\"wp-image-55057 size-medium alignleft\" src=\"https:\/\/www.wojoer.de\/wp-content\/uploads\/2025\/05\/Wojoer_Neoprene_Piercing_bracelet-1-300x300.jpg\" sizes=\"auto, (max-width: 300px) 100vw, 300px\" srcset=\"https:\/\/www.wojoer.de\/wp-content\/uploads\/2025\/05\/Wojoer_Neoprene_Piercing_bracelet-1-300x300.jpg 300w, https:\/\/www.wojoer.de\/wp-content\/uploads\/2025\/05\/Wojoer_Neoprene_Piercing_bracelet-1-150x150.jpg 150w, https:\/\/www.wojoer.de\/wp-content\/uploads\/2025\/05\/Wojoer_Neoprene_Piercing_bracelet-1-768x768.jpg 768w, https:\/\/www.wojoer.de\/wp-content\/uploads\/2025\/05\/Wojoer_Neoprene_Piercing_bracelet-1-600x600.jpg 600w, https:\/\/www.wojoer.de\/wp-content\/uploads\/2025\/05\/Wojoer_Neoprene_Piercing_bracelet-1-100x100.jpg 100w, https:\/\/www.wojoer.de\/wp-content\/uploads\/2025\/05\/Wojoer_Neoprene_Piercing_bracelet-1.jpg 1001w\" alt=\"\" width=\"300\" height=\"300\" \/><\/p>\n<p><strong>As an example the product circumference is 15cm:<\/strong><\/p>\n<ul>\n<li><strong>Arm circumference: 14cm = super loose<\/strong>\u00a0Product circumference is 0.4&#8221; larger than arm circumference, this is great for collars.<\/li>\n<li><strong>Middle forearm circumference: 16cm = comfortable<\/strong> Product circumference is the same or 0.4&#8221; smaller than the arm circumference, this is great for arm or leg bands to prevent slipping and still fit comfortably<\/li>\n<li><strong>Upper forearm circumference: 18cm = very tight<\/strong>\u00a0Product circumference is approx. 0.8&#8221; to 1,2&#8221; tighter than the arm circumference, this is for the masochists among you, because it results in a super tight fit that provokes intimacy and pressure, which should only be worn for a limited time. Increased pressure is suitable for applying to the penis and testicles to create a pushing effect or increase erection \u26a0\ufe0fPlease always be careful and do not choose the straps too tightly to avoid too much blood congestion.<\/li>\n<\/ul>\n<p>Here you find the <a href=\"https:\/\/www.wojoer.de\/produkt\/kinky-cockring-neoprene-double-piercing-lange-riemen\/\">short straps with 2 piercings<\/a> as shown on the picture.<\/p>\n<p>&nbsp;<\/p>\n<p>&nbsp;<\/p>\n<p>&nbsp;<\/p>\n<hr \/>\n<h2><strong style=\"color: #444444;\">Materials<\/strong><\/h2>\n<p><strong>Neoprene:<\/strong> 100%<br \/>\n<strong>Metal piercings:<\/strong> Nickel-free<\/p>\n<hr \/>\n<h2><strong style=\"color: #444444;\">Care Instructions<\/strong><\/h2>\n<p>\u2022 Hand wash only \u2013 gently dab with cold to warm water (up to 140\u202f\u00b0F) and mild soap<br \/>\n\u2022 Lay flat to dry<br \/>\n\u2022 Minor creases (if not deep or old) can be carefully ironed from the inside at low heat (setting 1), using a fine heat-resistant fabric as protective layer<br \/>\n\u2022 \u26a0\ufe0f Avoid overheating \u2013 shiny marks may appear or fabric may melt if ironed too hot or too long<\/p>\n","protected":false},"excerpt":{"rendered":"<p><strong style=\"color: #444444;\">kinky colar \u2013 Mattes Finish mit 3 Piercings &#8211; Neopren Band<\/strong><br \/>\nGlattes, k\u00fchles Metall ber\u00fchrt deine Haut. Ein prickelndes Gef\u00fchl breitet sich in deinem K\u00f6rper aus. Schon nach kurzer Zeit haben sich die Piercings deiner K\u00f6rperw\u00e4rme angepasst. Wenn die\u2026<\/p>\n","protected":false},"featured_media":54844,"comment_status":"open","ping_status":"closed","template":"","meta":[],"product_brand":[],"product_cat":[112,291,116,114,473,862,471,195,326],"product_tag":[108,419,422,103,408,1111],"class_list":{"0":"post-54878","1":"product","2":"type-product","3":"status-publish","4":"has-post-thumbnail","6":"product_cat-309-neopren","7":"product_cat-accessoires","8":"product_cat-clubwear","9":"product_cat-fetisch","10":"product_cat-men","11":"product_cat-men-only","12":"product_cat-partnerlook","13":"product_cat-produktion-auf-bestellung-liveproduktion","14":"product_cat-wojoer","15":"product_tag-1beachwear","16":"product_tag-btr","17":"product_tag-halsband","18":"product_tag-neopren","19":"product_tag-piercing","20":"product_tag-pushring","21":"product_shipping_class-neopren","22":"pa_groesse-4xl","23":"pa_groesse-5xl","24":"pa_groesse-l","25":"pa_groesse-lxl","26":"pa_groesse-m","27":"pa_groesse-ml","28":"pa_groesse-s","29":"pa_groesse-sm","30":"pa_groesse-xl","31":"pa_groesse-xs","32":"pa_groesse-xxl","33":"pa_groesse-xxs","34":"pa_groesse-xxxl","35":"pif-has-gallery","36":"post-1","37":"odd","39":"first","40":"onbackorder","41":"taxable","42":"shipping-taxable","43":"purchasable","44":"product-type-variable","45":"has-default-attributes"},"yoast_head":"<!-- This site is optimized with the Yoast SEO plugin v27.2 - https:\/\/yoast.com\/product\/yoast-seo-wordpress\/ -->\n<title>kinky colar Neopren Riemen | 3 Piercings | Wojoer<\/title>\n<meta name=\"description\" content=\"kinky colar - Neopren Halsband\/Armband\/Beinband! Mattes, super weiches Hautgef\u00fchl. Versandkostenfrei innerhalb Deutschlands - jetzt online bestellen!\" \/>\n<meta name=\"robots\" content=\"index, follow, max-snippet:-1, max-image-preview:large, max-video-preview:-1\" \/>\n<link rel=\"canonical\" href=\"https:\/\/www.wojoer.de\/en\/produkt\/kinky-colar-neopren-tripple-piercing-lange-riemen\/\" \/>\n<meta name=\"twitter:card\" content=\"summary_large_image\" \/>\n<meta name=\"twitter:title\" content=\"kinky colar Neopren Riemen | 3 Piercings | Wojoer\" \/>\n<meta name=\"twitter:description\" content=\"kinky colar - Neopren Halsband\/Armband\/Beinband! Mattes, super weiches Hautgef\u00fchl. Versandkostenfrei innerhalb Deutschlands - jetzt online bestellen!\" \/>\n<meta name=\"twitter:image\" content=\"https:\/\/www.wojoer.de\/wp-content\/uploads\/2021\/10\/0309-W021-0D-00-18-1.-neopren-piercingarmband-dehnbar-schwarz-LXL-front-wojoer.jpg\" \/>\n<meta name=\"twitter:label1\" content=\"Estimated reading time\" \/>\n\t<meta name=\"twitter:data1\" content=\"5 minutes\" \/>\n<script type=\"application\/ld+json\" class=\"yoast-schema-graph\">{\"@context\":\"https:\/\/schema.org\",\"@graph\":[{\"@type\":\"WebPage\",\"@id\":\"https:\/\/www.wojoer.de\/produkt\/kinky-colar-neopren-tripple-piercing-lange-riemen\/\",\"url\":\"https:\/\/www.wojoer.de\/produkt\/kinky-colar-neopren-tripple-piercing-lange-riemen\/\",\"name\":\"kinky colar Neopren Riemen | 3 Piercings | Wojoer\",\"isPartOf\":{\"@id\":\"https:\/\/www.wojoer.de\/#website\"},\"primaryImageOfPage\":{\"@id\":\"https:\/\/www.wojoer.de\/produkt\/kinky-colar-neopren-tripple-piercing-lange-riemen\/#primaryimage\"},\"image\":{\"@id\":\"https:\/\/www.wojoer.de\/produkt\/kinky-colar-neopren-tripple-piercing-lange-riemen\/#primaryimage\"},\"thumbnailUrl\":\"https:\/\/www.wojoer.de\/wp-content\/uploads\/2021\/10\/0309-W021-0D-00-17-5.-neopren-piercingarmband-dehnbar-schwarz-front-wojoer.jpg\",\"datePublished\":\"2025-12-02T09:57:13+00:00\",\"dateModified\":\"2026-01-05T07:24:52+00:00\",\"description\":\"kinky colar - Neopren Halsband\/Armband\/Beinband! Mattes, super weiches Hautgef\u00fchl. Versandkostenfrei innerhalb Deutschlands - jetzt online bestellen!\",\"breadcrumb\":{\"@id\":\"https:\/\/www.wojoer.de\/produkt\/kinky-colar-neopren-tripple-piercing-lange-riemen\/#breadcrumb\"},\"inLanguage\":\"en-GB\",\"potentialAction\":[{\"@type\":\"ReadAction\",\"target\":[\"https:\/\/www.wojoer.de\/produkt\/kinky-colar-neopren-tripple-piercing-lange-riemen\/\"]}]},{\"@type\":\"ImageObject\",\"inLanguage\":\"en-GB\",\"@id\":\"https:\/\/www.wojoer.de\/produkt\/kinky-colar-neopren-tripple-piercing-lange-riemen\/#primaryimage\",\"url\":\"https:\/\/www.wojoer.de\/wp-content\/uploads\/2021\/10\/0309-W021-0D-00-17-5.-neopren-piercingarmband-dehnbar-schwarz-front-wojoer.jpg\",\"contentUrl\":\"https:\/\/www.wojoer.de\/wp-content\/uploads\/2021\/10\/0309-W021-0D-00-17-5.-neopren-piercingarmband-dehnbar-schwarz-front-wojoer.jpg\",\"width\":2002,\"height\":2002,\"caption\":\"kinky colar\"},{\"@type\":\"BreadcrumbList\",\"@id\":\"https:\/\/www.wojoer.de\/produkt\/kinky-colar-neopren-tripple-piercing-lange-riemen\/#breadcrumb\",\"itemListElement\":[{\"@type\":\"ListItem\",\"position\":1,\"name\":\"Startseite\",\"item\":\"https:\/\/www.wojoer.de\/\"},{\"@type\":\"ListItem\",\"position\":2,\"name\":\"SHOP\",\"item\":\"https:\/\/www.wojoer.de\/shop\/\"},{\"@type\":\"ListItem\",\"position\":3,\"name\":\"NEOPREN Tripple-Piercing Lange Riemen 36-54cm\"}]},{\"@type\":\"WebSite\",\"@id\":\"https:\/\/www.wojoer.de\/#website\",\"url\":\"https:\/\/www.wojoer.de\/\",\"name\":\"WOJOER\",\"description\":\"clubwear for men\",\"publisher\":{\"@id\":\"https:\/\/www.wojoer.de\/#organization\"},\"potentialAction\":[{\"@type\":\"SearchAction\",\"target\":{\"@type\":\"EntryPoint\",\"urlTemplate\":\"https:\/\/www.wojoer.de\/?s={search_term_string}\"},\"query-input\":{\"@type\":\"PropertyValueSpecification\",\"valueRequired\":true,\"valueName\":\"search_term_string\"}}],\"inLanguage\":\"en-GB\"},{\"@type\":\"Organization\",\"@id\":\"https:\/\/www.wojoer.de\/#organization\",\"name\":\"Wonneberger-Manufaktur\",\"url\":\"https:\/\/www.wojoer.de\/\",\"logo\":{\"@type\":\"ImageObject\",\"inLanguage\":\"en-GB\",\"@id\":\"https:\/\/www.wojoer.de\/#\/schema\/logo\/image\/\",\"url\":\"https:\/\/www.wojoer.de\/wp-content\/uploads\/2016\/11\/wonnebergermanufaktur_logo_BUTTON.png\",\"contentUrl\":\"https:\/\/www.wojoer.de\/wp-content\/uploads\/2016\/11\/wonnebergermanufaktur_logo_BUTTON.png\",\"width\":765,\"height\":765,\"caption\":\"Wonneberger-Manufaktur\"},\"image\":{\"@id\":\"https:\/\/www.wojoer.de\/#\/schema\/logo\/image\/\"},\"sameAs\":[\"https:\/\/www.facebook.com\/wojoer\/\",\"https:\/\/de.pinterest.com\/W0J0ER\/\"]}]}<\/script>\n<!-- \/ Yoast SEO plugin. -->","yoast_head_json":{"title":"kinky colar Neopren Riemen | 3 Piercings | Wojoer","description":"kinky colar - Neopren Halsband\/Armband\/Beinband! Mattes, super weiches Hautgef\u00fchl. Versandkostenfrei innerhalb Deutschlands - jetzt online bestellen!","robots":{"index":"index","follow":"follow","max-snippet":"max-snippet:-1","max-image-preview":"max-image-preview:large","max-video-preview":"max-video-preview:-1"},"canonical":"https:\/\/www.wojoer.de\/en\/produkt\/kinky-colar-neopren-tripple-piercing-lange-riemen\/","twitter_card":"summary_large_image","twitter_title":"kinky colar Neopren Riemen | 3 Piercings | Wojoer","twitter_description":"kinky colar - Neopren Halsband\/Armband\/Beinband! Mattes, super weiches Hautgef\u00fchl. Versandkostenfrei innerhalb Deutschlands - jetzt online bestellen!","twitter_image":"https:\/\/www.wojoer.de\/wp-content\/uploads\/2021\/10\/0309-W021-0D-00-18-1.-neopren-piercingarmband-dehnbar-schwarz-LXL-front-wojoer.jpg","twitter_misc":{"Estimated reading time":"5 minutes"},"schema":{"@context":"https:\/\/schema.org","@graph":[{"@type":"WebPage","@id":"https:\/\/www.wojoer.de\/produkt\/kinky-colar-neopren-tripple-piercing-lange-riemen\/","url":"https:\/\/www.wojoer.de\/produkt\/kinky-colar-neopren-tripple-piercing-lange-riemen\/","name":"kinky colar Neopren Riemen | 3 Piercings | Wojoer","isPartOf":{"@id":"https:\/\/www.wojoer.de\/#website"},"primaryImageOfPage":{"@id":"https:\/\/www.wojoer.de\/produkt\/kinky-colar-neopren-tripple-piercing-lange-riemen\/#primaryimage"},"image":{"@id":"https:\/\/www.wojoer.de\/produkt\/kinky-colar-neopren-tripple-piercing-lange-riemen\/#primaryimage"},"thumbnailUrl":"https:\/\/www.wojoer.de\/wp-content\/uploads\/2021\/10\/0309-W021-0D-00-17-5.-neopren-piercingarmband-dehnbar-schwarz-front-wojoer.jpg","datePublished":"2025-12-02T09:57:13+00:00","dateModified":"2026-01-05T07:24:52+00:00","description":"kinky colar - Neopren Halsband\/Armband\/Beinband! Mattes, super weiches Hautgef\u00fchl. Versandkostenfrei innerhalb Deutschlands - jetzt online bestellen!","breadcrumb":{"@id":"https:\/\/www.wojoer.de\/produkt\/kinky-colar-neopren-tripple-piercing-lange-riemen\/#breadcrumb"},"inLanguage":"en-GB","potentialAction":[{"@type":"ReadAction","target":["https:\/\/www.wojoer.de\/produkt\/kinky-colar-neopren-tripple-piercing-lange-riemen\/"]}]},{"@type":"ImageObject","inLanguage":"en-GB","@id":"https:\/\/www.wojoer.de\/produkt\/kinky-colar-neopren-tripple-piercing-lange-riemen\/#primaryimage","url":"https:\/\/www.wojoer.de\/wp-content\/uploads\/2021\/10\/0309-W021-0D-00-17-5.-neopren-piercingarmband-dehnbar-schwarz-front-wojoer.jpg","contentUrl":"https:\/\/www.wojoer.de\/wp-content\/uploads\/2021\/10\/0309-W021-0D-00-17-5.-neopren-piercingarmband-dehnbar-schwarz-front-wojoer.jpg","width":2002,"height":2002,"caption":"kinky colar"},{"@type":"BreadcrumbList","@id":"https:\/\/www.wojoer.de\/produkt\/kinky-colar-neopren-tripple-piercing-lange-riemen\/#breadcrumb","itemListElement":[{"@type":"ListItem","position":1,"name":"Startseite","item":"https:\/\/www.wojoer.de\/"},{"@type":"ListItem","position":2,"name":"SHOP","item":"https:\/\/www.wojoer.de\/shop\/"},{"@type":"ListItem","position":3,"name":"NEOPREN Tripple-Piercing Lange Riemen 36-54cm"}]},{"@type":"WebSite","@id":"https:\/\/www.wojoer.de\/#website","url":"https:\/\/www.wojoer.de\/","name":"WOJOER","description":"clubwear for men","publisher":{"@id":"https:\/\/www.wojoer.de\/#organization"},"potentialAction":[{"@type":"SearchAction","target":{"@type":"EntryPoint","urlTemplate":"https:\/\/www.wojoer.de\/?s={search_term_string}"},"query-input":{"@type":"PropertyValueSpecification","valueRequired":true,"valueName":"search_term_string"}}],"inLanguage":"en-GB"},{"@type":"Organization","@id":"https:\/\/www.wojoer.de\/#organization","name":"Wonneberger-Manufaktur","url":"https:\/\/www.wojoer.de\/","logo":{"@type":"ImageObject","inLanguage":"en-GB","@id":"https:\/\/www.wojoer.de\/#\/schema\/logo\/image\/","url":"https:\/\/www.wojoer.de\/wp-content\/uploads\/2016\/11\/wonnebergermanufaktur_logo_BUTTON.png","contentUrl":"https:\/\/www.wojoer.de\/wp-content\/uploads\/2016\/11\/wonnebergermanufaktur_logo_BUTTON.png","width":765,"height":765,"caption":"Wonneberger-Manufaktur"},"image":{"@id":"https:\/\/www.wojoer.de\/#\/schema\/logo\/image\/"},"sameAs":["https:\/\/www.facebook.com\/wojoer\/","https:\/\/de.pinterest.com\/W0J0ER\/"]}]}},"_links":{"self":[{"href":"https:\/\/www.wojoer.de\/en\/wp-json\/wp\/v2\/product\/54878","targetHints":{"allow":["GET"]}}],"collection":[{"href":"https:\/\/www.wojoer.de\/en\/wp-json\/wp\/v2\/product"}],"about":[{"href":"https:\/\/www.wojoer.de\/en\/wp-json\/wp\/v2\/types\/product"}],"replies":[{"embeddable":true,"href":"https:\/\/www.wojoer.de\/en\/wp-json\/wp\/v2\/comments?post=54878"}],"wp:featuredmedia":[{"embeddable":true,"href":"https:\/\/www.wojoer.de\/en\/wp-json\/wp\/v2\/media\/54844"}],"wp:attachment":[{"href":"https:\/\/www.wojoer.de\/en\/wp-json\/wp\/v2\/media?parent=54878"}],"wp:term":[{"taxonomy":"product_brand","embeddable":true,"href":"https:\/\/www.wojoer.de\/en\/wp-json\/wp\/v2\/product_brand?post=54878"},{"taxonomy":"product_cat","embeddable":true,"href":"https:\/\/www.wojoer.de\/en\/wp-json\/wp\/v2\/product_cat?post=54878"},{"taxonomy":"product_tag","embeddable":true,"href":"https:\/\/www.wojoer.de\/en\/wp-json\/wp\/v2\/product_tag?post=54878"}],"curies":[{"name":"wp","href":"https:\/\/api.w.org\/{rel}","templated":true}]}}