{"id":54897,"date":"2025-12-02T11:11:16","date_gmt":"2025-12-02T10:11:16","guid":{"rendered":"https:\/\/www.wojoer.de\/?post_type=product&#038;p=54897"},"modified":"2025-12-04T11:15:25","modified_gmt":"2025-12-04T10:15:25","slug":"kinky-cockring-neoprene-double-piercing-lange-riemen","status":"publish","type":"product","link":"https:\/\/www.wojoer.de\/en\/produkt\/kinky-cockring-neoprene-double-piercing-lange-riemen\/","title":{"rendered":"NEOPREN Double-Piercing Arm Cock Belt"},"content":{"rendered":"<h2><strong style=\"color: #444444;\">Kinky Cockring and Neoprene Ballstretcher<\/strong> <strong style=\"color: #444444;\">\u2013 Matte Finish with 2 Piercings &#8211; Neoprene Band<\/strong><\/h2>\n<p>Smooth, cool metal touches your skin. A tingling sensation spreads through your body. Within moments, the piercings adjust to your body temperature. As the thrilling tension of putting it on fades, the smooth-skin neoprene ballstretcher wraps around you tightly\u2014rewarding you with a feeling of warm, intimate pressure. Like a second skin, always with you, it makes you feel more powerful and dominant than ever before.<\/p>\n<p>You\u2019ll radiate pure dominance the moment you enter the room. This kinky cockring highlights your masculine energy\u2014especially when paired with <a href=\"https:\/\/www.wojoer.de\/?s=Neopren&#038;post_type=product\">smooth-skin neoprene<\/a> and <a href=\"https:\/\/www.wojoer.de\/?s=Synlex&#038;post_type=product\">Synlex<\/a> pieces. Let the broad, powerful straps wrap around your body and transform into a provocative masterpiece.<\/p>\n<p>Whether worn as a ballstretcher, cockring, or tight armband\u2014you\u2019ll find the right fit and love the sensation of firm pressure and dangerously elegant piercings, no matter where you wear it.<\/p>\n<p><strong>Tip:<\/strong> The <a href=\"https:\/\/www.wojoer.de\/produkt\/piercing-body-set-369bb\/\">piercing leash<\/a> is the ideal add-on for leading your sub professionally and safely by their cockring.<\/p>\n<hr \/>\n<h2><strong style=\"color: #444444;\">Product Info<\/strong><\/h2>\n<p><strong>Style no.:<\/strong> 0309-W018-0D&#8211;<br \/>\n<strong>Category:<\/strong> LIVE \u2013 Custom Made<br \/>\n<strong>How to Wear:<\/strong> As a distinctive cockring, gentle ballstretcher, dominant armband, or stylish accessory \u2013 you decide how far the tension goes.<\/p>\n<hr \/>\n<h2><strong style=\"color: #444444;\">Features<\/strong><\/h2>\n<p>\u2022 Custom piece from the LIVE program<br \/>\n\u2022 Water-friendly<br \/>\n\u2022 Stylish &#038; kinky<br \/>\n\u2022 2 piercings as screw-closure system<br \/>\n\u2022 Smooth, silk-matte surface<br \/>\n\u2022 Stretchy and comfortable<br \/>\n\u2022 Can be worn tight or loose<br \/>\n\u2022 Premium craftsmanship \u2013 Made in Germany<\/p>\n<hr \/>\n<h2><strong style=\"color: #444444;\">Sizes<\/strong><\/h2>\n<table>\n<thead>\n<tr>\n<th>Size<\/th>\n<th>Product Length<\/th>\n<th>Band Width<\/th>\n<th>Body Part Circumference<\/th>\n<\/tr>\n<\/thead>\n<tbody>\n<tr>\n<td>XXS<\/td>\n<td>3.9&#8243;<\/td>\n<td>1.2&#8243;<\/td>\n<td>3.9\u20134.7&#8243;<\/td>\n<\/tr>\n<tr>\n<td>XS<\/td>\n<td>4.3&#8243;<\/td>\n<td>1.2&#8243;<\/td>\n<td>4.3\u20135.1&#8243;<\/td>\n<\/tr>\n<tr>\n<td>S<\/td>\n<td>4.7&#8243;<\/td>\n<td>1.2&#8243;<\/td>\n<td>4.7\u20135.9&#8243;<\/td>\n<\/tr>\n<tr>\n<td>M<\/td>\n<td>5.1&#8243;<\/td>\n<td>1.2&#8243;<\/td>\n<td>5.1\u20136.3&#8243;<\/td>\n<\/tr>\n<tr>\n<td>L<\/td>\n<td>5.5&#8243;<\/td>\n<td>1.2&#8243;<\/td>\n<td>5.5\u20137.1&#8243;<\/td>\n<\/tr>\n<tr>\n<td>XL<\/td>\n<td>5.9&#8243;<\/td>\n<td>1.2&#8243;<\/td>\n<td>5.9\u20137.5&#8243;<\/td>\n<\/tr>\n<tr>\n<td>XXL<\/td>\n<td>6.3&#8243;<\/td>\n<td>1.2&#8243;<\/td>\n<td>6.3\u20137.9&#8243;<\/td>\n<\/tr>\n<tr>\n<td>3XL<\/td>\n<td>6.7&#8243;<\/td>\n<td>1.2&#8243;<\/td>\n<td>6.7\u20138.7&#8243;<\/td>\n<\/tr>\n<tr>\n<td>4XL<\/td>\n<td>7.1&#8243;<\/td>\n<td>1.2&#8243;<\/td>\n<td>7.1\u20139.1&#8243;<\/td>\n<\/tr>\n<tr>\n<td>5XL<\/td>\n<td>7.5&#8243;<\/td>\n<td>1.2&#8243;<\/td>\n<td>7.5\u20139.4&#8243;<\/td>\n<\/tr>\n<\/tbody>\n<\/table>\n<hr \/>\n<h2><strong style=\"color: #444444;\">Sample Image<\/strong><\/h2>\n<p><strong>3XL \u2013 Double-pierced strap (15\u202fcm) worn at different circumferences<\/strong><\/p>\n<p><img loading=\"lazy\" decoding=\"async\" class=\"wp-image-55057 size-medium alignleft\" src=\"https:\/\/www.wojoer.de\/wp-content\/uploads\/2025\/05\/Wojoer_Neoprene_Piercing_bracelet-1-300x300.jpg\" alt=\"\" width=\"300\" height=\"300\" srcset=\"https:\/\/www.wojoer.de\/wp-content\/uploads\/2025\/05\/Wojoer_Neoprene_Piercing_bracelet-1-300x300.jpg 300w, https:\/\/www.wojoer.de\/wp-content\/uploads\/2025\/05\/Wojoer_Neoprene_Piercing_bracelet-1-150x150.jpg 150w, https:\/\/www.wojoer.de\/wp-content\/uploads\/2025\/05\/Wojoer_Neoprene_Piercing_bracelet-1-768x768.jpg 768w, https:\/\/www.wojoer.de\/wp-content\/uploads\/2025\/05\/Wojoer_Neoprene_Piercing_bracelet-1-600x600.jpg 600w, https:\/\/www.wojoer.de\/wp-content\/uploads\/2025\/05\/Wojoer_Neoprene_Piercing_bracelet-1-100x100.jpg 100w, https:\/\/www.wojoer.de\/wp-content\/uploads\/2025\/05\/Wojoer_Neoprene_Piercing_bracelet-1.jpg 1001w\" sizes=\"auto, (max-width: 300px) 100vw, 300px\" \/><\/p>\n<p>&nbsp;<\/p>\n<p>&nbsp;<\/p>\n<p>\u2022 <strong>Wrist circumference: 5.5&#8243;<\/strong> (very loose)<br \/>\n\u2022 <strong>Mid forearm circumference: 6.7&#8243;<\/strong> (comfortable)<br \/>\n\u2022 <strong>Upper forearm circumference: 7.5&#8243;<\/strong> (very tight)<\/p>\n<p>&nbsp;<\/p>\n<p>&nbsp;<\/p>\n<p>&nbsp;<\/p>\n<p>&nbsp;<\/p>\n<p><a href=\"https:\/\/www.wojoer.de\/produkt\/kinky-colar-neopren-tripple-piercing-lange-riemen\/\"><img loading=\"lazy\" decoding=\"async\" class=\"size-thumbnail wp-image-11883 alignleft\" src=\"https:\/\/www.wojoer.de\/wp-content\/uploads\/2018\/12\/309HB_Piercing_Halsband_Kette_side_wojoer-150x150.jpg\" alt=\"Neopren Piercing Halsband\" width=\"150\" height=\"150\" srcset=\"https:\/\/www.wojoer.de\/wp-content\/uploads\/2018\/12\/309HB_Piercing_Halsband_Kette_side_wojoer-150x150.jpg 150w, https:\/\/www.wojoer.de\/wp-content\/uploads\/2018\/12\/309HB_Piercing_Halsband_Kette_side_wojoer-300x300.jpg 300w, https:\/\/www.wojoer.de\/wp-content\/uploads\/2018\/12\/309HB_Piercing_Halsband_Kette_side_wojoer-100x100.jpg 100w, https:\/\/www.wojoer.de\/wp-content\/uploads\/2018\/12\/309HB_Piercing_Halsband_Kette_side_wojoer-600x600.jpg 600w, https:\/\/www.wojoer.de\/wp-content\/uploads\/2018\/12\/309HB_Piercing_Halsband_Kette_side_wojoer-768x768.jpg 768w, https:\/\/www.wojoer.de\/wp-content\/uploads\/2018\/12\/309HB_Piercing_Halsband_Kette_side_wojoer-1024x1024.jpg 1024w, https:\/\/www.wojoer.de\/wp-content\/uploads\/2018\/12\/309HB_Piercing_Halsband_Kette_side_wojoer.jpg 2002w\" sizes=\"auto, (max-width: 150px) 100vw, 150px\" \/><\/a> <a href=\"https:\/\/www.wojoer.de\/produkt\/kinky-colar-neopren-tripple-piercing-lange-riemen\/\"><img loading=\"lazy\" decoding=\"async\" class=\"alignleft wp-image-11882 size-thumbnail\" src=\"https:\/\/www.wojoer.de\/wp-content\/uploads\/2018\/12\/309HB_Piercing_Halsband_Kette_side_loose_wojoer-150x150.jpg\" alt=\"Neopren Piercing Halsband\" width=\"150\" height=\"150\" srcset=\"https:\/\/www.wojoer.de\/wp-content\/uploads\/2018\/12\/309HB_Piercing_Halsband_Kette_side_loose_wojoer-150x150.jpg 150w, https:\/\/www.wojoer.de\/wp-content\/uploads\/2018\/12\/309HB_Piercing_Halsband_Kette_side_loose_wojoer-300x300.jpg 300w, https:\/\/www.wojoer.de\/wp-content\/uploads\/2018\/12\/309HB_Piercing_Halsband_Kette_side_loose_wojoer-100x100.jpg 100w, https:\/\/www.wojoer.de\/wp-content\/uploads\/2018\/12\/309HB_Piercing_Halsband_Kette_side_loose_wojoer-600x600.jpg 600w, https:\/\/www.wojoer.de\/wp-content\/uploads\/2018\/12\/309HB_Piercing_Halsband_Kette_side_loose_wojoer-768x768.jpg 768w, https:\/\/www.wojoer.de\/wp-content\/uploads\/2018\/12\/309HB_Piercing_Halsband_Kette_side_loose_wojoer-1024x1024.jpg 1024w, https:\/\/www.wojoer.de\/wp-content\/uploads\/2018\/12\/309HB_Piercing_Halsband_Kette_side_loose_wojoer.jpg 2002w\" sizes=\"auto, (max-width: 150px) 100vw, 150px\" \/><\/a><\/p>\n<p><strong>\u2022 a loose fit is recommended for collars: Approx. 0.4&#8243; more width than neck circumference<\/strong><\/p>\n<p>Here you get the <a href=\"https:\/\/www.wojoer.de\/produkt\/kinky-colar-neopren-tripple-piercing-lange-riemen\/\">longer collars with 3 piercings<\/a> shown on the picture.<\/p>\n<p>&nbsp;<\/p>\n<p>&nbsp;<\/p>\n<p><img loading=\"lazy\" decoding=\"async\" class=\"alignleft wp-image-54843 size-medium\" src=\"https:\/\/www.wojoer.de\/wp-content\/uploads\/2021\/10\/0309-W020-0M-00-17-4.-neopren-piercingbtr-dehnbar-schwarz-side-wojoer-300x300.jpg\" alt=\"kinky colar\" width=\"300\" height=\"300\" \/><\/p>\n<p>&nbsp;<\/p>\n<p>&nbsp;<\/p>\n<p><strong>\u2022<\/strong> <strong>A tight fit is recommended for cock rings and ball stretchers:<\/strong><\/p>\n<p><strong>\u2022 For erect limbs, the ring circumference should be the same or up to -0.4&#8243; shorter than the circumference of the limb<\/strong><\/p>\n<p><strong>\u2022 With flaccid limbs for everyday use, the ring circumference should be between -0.4&#8243; and -0.8&#8243; shorter than the member circumference to give it a strong hold<\/strong><\/p>\n<p>&nbsp;<\/p>\n<p>&nbsp;<\/p>\n<p>&nbsp;<\/p>\n<hr \/>\n<h2><strong style=\"color: #444444;\">Materials<\/strong><\/h2>\n<p><strong>Neoprene:<\/strong> 100%<br \/>\n<strong>Metal piercings:<\/strong> Nickel-free<\/p>\n<hr \/>\n<h2><strong style=\"color: #444444;\">Care Instructions<\/strong><\/h2>\n<p>\u2022 Hand wash only \u2013 gently dab with cold to warm water (max. 140\u202f\u00b0F) and mild soap<br \/>\n\u2022 Lay flat to dry<br \/>\n\u2022 Light wrinkles (not deep or old) can be carefully ironed from the inside at low heat (level 1) with a fine heat-resistant cloth<br \/>\n\u2022 \u26a0\ufe0f Avoid overheating \u2013 jersey surface may melt or develop shiny spots if ironed too hot or too long<\/p>\n","protected":false},"excerpt":{"rendered":"<p><strong style=\"color: #444444;\">kinky Cockring and Neoprene Ballstretcher<\/strong> <strong style=\"color: #444444;\">\u2013 Mattes Finish mit 2 Piercings &#8211; Neopren Band<\/strong><br \/>\nGlattes, k\u00fchles Metall ber\u00fchrt deine Haut. Ein prickelndes Gef\u00fchl breitet sich in deinem K\u00f6rper aus. Schon nach kurzer Zeit haben sich die Piercings\u2026<\/p>\n","protected":false},"featured_media":55335,"comment_status":"open","ping_status":"closed","template":"","meta":[],"product_brand":[],"product_cat":[112,291,1113,116,114,1059,473,862,471,195,326],"product_tag":[108,419,422,103,408,1111],"class_list":{"0":"post-54897","1":"product","2":"type-product","3":"status-publish","4":"has-post-thumbnail","6":"product_cat-309-neopren","7":"product_cat-accessoires","8":"product_cat-btr","9":"product_cat-clubwear","10":"product_cat-fetisch","11":"product_cat-kinky","12":"product_cat-men","13":"product_cat-men-only","14":"product_cat-partnerlook","15":"product_cat-produktion-auf-bestellung-liveproduktion","16":"product_cat-wojoer","17":"product_tag-1beachwear","18":"product_tag-btr","19":"product_tag-halsband","20":"product_tag-neopren","21":"product_tag-piercing","22":"product_tag-pushring","23":"product_shipping_class-neopren","24":"pa_groesse-4xl","25":"pa_groesse-5xl","26":"pa_groesse-l","27":"pa_groesse-lxl","28":"pa_groesse-m","29":"pa_groesse-ml","30":"pa_groesse-s","31":"pa_groesse-sm","32":"pa_groesse-xl","33":"pa_groesse-xs","34":"pa_groesse-xxl","35":"pa_groesse-xxs","36":"pa_groesse-xxxl","37":"pif-has-gallery","38":"post-1","39":"odd","41":"first","42":"onbackorder","43":"taxable","44":"shipping-taxable","45":"purchasable","46":"product-type-variable","47":"has-default-attributes"},"yoast_head":"<!-- This site is optimized with the Yoast SEO plugin v27.2 - https:\/\/yoast.com\/product\/yoast-seo-wordpress\/ -->\n<title>kinky cockring Neoprene Ballstrecher | 2 Piercings | Wojoer<\/title>\n<meta name=\"description\" content=\"kinky cockring - Neopren Cockring\/Armband\/Schaftband! Mattes, super weiches Hautgef\u00fchl. Versandkostenfrei innerhalb Deutschlands - jetzt online bestellen!\" \/>\n<meta name=\"robots\" content=\"index, follow, max-snippet:-1, max-image-preview:large, max-video-preview:-1\" \/>\n<link rel=\"canonical\" href=\"https:\/\/www.wojoer.de\/en\/produkt\/kinky-cockring-neoprene-double-piercing-lange-riemen\/\" \/>\n<meta name=\"twitter:card\" content=\"summary_large_image\" \/>\n<meta name=\"twitter:title\" content=\"kinky cockring Neoprene Ballstrecher | 2 Piercings | Wojoer\" \/>\n<meta name=\"twitter:description\" content=\"kinky cockring - Neopren Cockring\/Armband\/Schaftband! Mattes, super weiches Hautgef\u00fchl. Versandkostenfrei innerhalb Deutschlands - jetzt online bestellen!\" \/>\n<meta name=\"twitter:image\" content=\"https:\/\/www.wojoer.de\/wp-content\/uploads\/2025\/06\/0309-W018-0D-__-__-1.-neopren-piercingcockring2P-dehnbar-schwarz-side-wojoer.jpg\" \/>\n<meta name=\"twitter:label1\" content=\"Estimated reading time\" \/>\n\t<meta name=\"twitter:data1\" content=\"4 minutes\" \/>\n<script type=\"application\/ld+json\" class=\"yoast-schema-graph\">{\"@context\":\"https:\/\/schema.org\",\"@graph\":[{\"@type\":\"WebPage\",\"@id\":\"https:\/\/www.wojoer.de\/produkt\/kinky-cockring-neoprene-double-piercing-lange-riemen\/\",\"url\":\"https:\/\/www.wojoer.de\/produkt\/kinky-cockring-neoprene-double-piercing-lange-riemen\/\",\"name\":\"kinky cockring Neoprene Ballstrecher | 2 Piercings | Wojoer\",\"isPartOf\":{\"@id\":\"https:\/\/www.wojoer.de\/#website\"},\"primaryImageOfPage\":{\"@id\":\"https:\/\/www.wojoer.de\/produkt\/kinky-cockring-neoprene-double-piercing-lange-riemen\/#primaryimage\"},\"image\":{\"@id\":\"https:\/\/www.wojoer.de\/produkt\/kinky-cockring-neoprene-double-piercing-lange-riemen\/#primaryimage\"},\"thumbnailUrl\":\"https:\/\/www.wojoer.de\/wp-content\/uploads\/2025\/06\/0309-W018-0D-__-__-1.-neopren-piercingcockring2P-dehnbar-schwarz-side-wojoer.jpg\",\"datePublished\":\"2025-12-02T10:11:16+00:00\",\"dateModified\":\"2025-12-04T10:15:25+00:00\",\"description\":\"kinky cockring - Neopren Cockring\/Armband\/Schaftband! Mattes, super weiches Hautgef\u00fchl. Versandkostenfrei innerhalb Deutschlands - jetzt online bestellen!\",\"breadcrumb\":{\"@id\":\"https:\/\/www.wojoer.de\/produkt\/kinky-cockring-neoprene-double-piercing-lange-riemen\/#breadcrumb\"},\"inLanguage\":\"en-GB\",\"potentialAction\":[{\"@type\":\"ReadAction\",\"target\":[\"https:\/\/www.wojoer.de\/produkt\/kinky-cockring-neoprene-double-piercing-lange-riemen\/\"]}]},{\"@type\":\"ImageObject\",\"inLanguage\":\"en-GB\",\"@id\":\"https:\/\/www.wojoer.de\/produkt\/kinky-cockring-neoprene-double-piercing-lange-riemen\/#primaryimage\",\"url\":\"https:\/\/www.wojoer.de\/wp-content\/uploads\/2025\/06\/0309-W018-0D-__-__-1.-neopren-piercingcockring2P-dehnbar-schwarz-side-wojoer.jpg\",\"contentUrl\":\"https:\/\/www.wojoer.de\/wp-content\/uploads\/2025\/06\/0309-W018-0D-__-__-1.-neopren-piercingcockring2P-dehnbar-schwarz-side-wojoer.jpg\",\"width\":600,\"height\":600},{\"@type\":\"BreadcrumbList\",\"@id\":\"https:\/\/www.wojoer.de\/produkt\/kinky-cockring-neoprene-double-piercing-lange-riemen\/#breadcrumb\",\"itemListElement\":[{\"@type\":\"ListItem\",\"position\":1,\"name\":\"Startseite\",\"item\":\"https:\/\/www.wojoer.de\/\"},{\"@type\":\"ListItem\",\"position\":2,\"name\":\"SHOP\",\"item\":\"https:\/\/www.wojoer.de\/shop\/\"},{\"@type\":\"ListItem\",\"position\":3,\"name\":\"NEOPREN Doppel-Piercing kurze Riemen\"}]},{\"@type\":\"WebSite\",\"@id\":\"https:\/\/www.wojoer.de\/#website\",\"url\":\"https:\/\/www.wojoer.de\/\",\"name\":\"WOJOER\",\"description\":\"clubwear for men\",\"publisher\":{\"@id\":\"https:\/\/www.wojoer.de\/#organization\"},\"potentialAction\":[{\"@type\":\"SearchAction\",\"target\":{\"@type\":\"EntryPoint\",\"urlTemplate\":\"https:\/\/www.wojoer.de\/?s={search_term_string}\"},\"query-input\":{\"@type\":\"PropertyValueSpecification\",\"valueRequired\":true,\"valueName\":\"search_term_string\"}}],\"inLanguage\":\"en-GB\"},{\"@type\":\"Organization\",\"@id\":\"https:\/\/www.wojoer.de\/#organization\",\"name\":\"Wonneberger-Manufaktur\",\"url\":\"https:\/\/www.wojoer.de\/\",\"logo\":{\"@type\":\"ImageObject\",\"inLanguage\":\"en-GB\",\"@id\":\"https:\/\/www.wojoer.de\/#\/schema\/logo\/image\/\",\"url\":\"https:\/\/www.wojoer.de\/wp-content\/uploads\/2016\/11\/wonnebergermanufaktur_logo_BUTTON.png\",\"contentUrl\":\"https:\/\/www.wojoer.de\/wp-content\/uploads\/2016\/11\/wonnebergermanufaktur_logo_BUTTON.png\",\"width\":765,\"height\":765,\"caption\":\"Wonneberger-Manufaktur\"},\"image\":{\"@id\":\"https:\/\/www.wojoer.de\/#\/schema\/logo\/image\/\"},\"sameAs\":[\"https:\/\/www.facebook.com\/wojoer\/\",\"https:\/\/de.pinterest.com\/W0J0ER\/\"]}]}<\/script>\n<!-- \/ Yoast SEO plugin. -->","yoast_head_json":{"title":"kinky cockring Neoprene Ballstrecher | 2 Piercings | Wojoer","description":"kinky cockring - Neopren Cockring\/Armband\/Schaftband! Mattes, super weiches Hautgef\u00fchl. Versandkostenfrei innerhalb Deutschlands - jetzt online bestellen!","robots":{"index":"index","follow":"follow","max-snippet":"max-snippet:-1","max-image-preview":"max-image-preview:large","max-video-preview":"max-video-preview:-1"},"canonical":"https:\/\/www.wojoer.de\/en\/produkt\/kinky-cockring-neoprene-double-piercing-lange-riemen\/","twitter_card":"summary_large_image","twitter_title":"[:de]Neoprene Ballstretcher | 2 Piercings | Wojoer[:en]kinky cockring Neoprene Ballstrecher | 2 Piercings | Wojoer[:]","twitter_description":"[:de]Neoprene Ballstretcher - Neopren Cockring\/Armband\/Schaftband! Mattes, super weiches Hautgef\u00fchl. Versandkostenfrei innerhalb Deutschlands - jetzt online bestellen![:en]kinky cockring - Neopren Cockring\/Armband\/Schaftband! Mattes, super weiches Hautgef\u00fchl. Versandkostenfrei innerhalb Deutschlands - jetzt online bestellen![:]","twitter_image":"https:\/\/www.wojoer.de\/wp-content\/uploads\/2025\/06\/0309-W018-0D-__-__-1.-neopren-piercingcockring2P-dehnbar-schwarz-side-wojoer.jpg","twitter_misc":{"Estimated reading time":"4 minutes"},"schema":{"@context":"https:\/\/schema.org","@graph":[{"@type":"WebPage","@id":"https:\/\/www.wojoer.de\/produkt\/kinky-cockring-neoprene-double-piercing-lange-riemen\/","url":"https:\/\/www.wojoer.de\/produkt\/kinky-cockring-neoprene-double-piercing-lange-riemen\/","name":"kinky cockring Neoprene Ballstrecher | 2 Piercings | Wojoer","isPartOf":{"@id":"https:\/\/www.wojoer.de\/#website"},"primaryImageOfPage":{"@id":"https:\/\/www.wojoer.de\/produkt\/kinky-cockring-neoprene-double-piercing-lange-riemen\/#primaryimage"},"image":{"@id":"https:\/\/www.wojoer.de\/produkt\/kinky-cockring-neoprene-double-piercing-lange-riemen\/#primaryimage"},"thumbnailUrl":"https:\/\/www.wojoer.de\/wp-content\/uploads\/2025\/06\/0309-W018-0D-__-__-1.-neopren-piercingcockring2P-dehnbar-schwarz-side-wojoer.jpg","datePublished":"2025-12-02T10:11:16+00:00","dateModified":"2025-12-04T10:15:25+00:00","description":"kinky cockring - Neopren Cockring\/Armband\/Schaftband! Mattes, super weiches Hautgef\u00fchl. Versandkostenfrei innerhalb Deutschlands - jetzt online bestellen!","breadcrumb":{"@id":"https:\/\/www.wojoer.de\/produkt\/kinky-cockring-neoprene-double-piercing-lange-riemen\/#breadcrumb"},"inLanguage":"en-GB","potentialAction":[{"@type":"ReadAction","target":["https:\/\/www.wojoer.de\/produkt\/kinky-cockring-neoprene-double-piercing-lange-riemen\/"]}]},{"@type":"ImageObject","inLanguage":"en-GB","@id":"https:\/\/www.wojoer.de\/produkt\/kinky-cockring-neoprene-double-piercing-lange-riemen\/#primaryimage","url":"https:\/\/www.wojoer.de\/wp-content\/uploads\/2025\/06\/0309-W018-0D-__-__-1.-neopren-piercingcockring2P-dehnbar-schwarz-side-wojoer.jpg","contentUrl":"https:\/\/www.wojoer.de\/wp-content\/uploads\/2025\/06\/0309-W018-0D-__-__-1.-neopren-piercingcockring2P-dehnbar-schwarz-side-wojoer.jpg","width":600,"height":600},{"@type":"BreadcrumbList","@id":"https:\/\/www.wojoer.de\/produkt\/kinky-cockring-neoprene-double-piercing-lange-riemen\/#breadcrumb","itemListElement":[{"@type":"ListItem","position":1,"name":"Startseite","item":"https:\/\/www.wojoer.de\/"},{"@type":"ListItem","position":2,"name":"SHOP","item":"https:\/\/www.wojoer.de\/shop\/"},{"@type":"ListItem","position":3,"name":"NEOPREN Doppel-Piercing kurze Riemen"}]},{"@type":"WebSite","@id":"https:\/\/www.wojoer.de\/#website","url":"https:\/\/www.wojoer.de\/","name":"WOJOER","description":"clubwear for men","publisher":{"@id":"https:\/\/www.wojoer.de\/#organization"},"potentialAction":[{"@type":"SearchAction","target":{"@type":"EntryPoint","urlTemplate":"https:\/\/www.wojoer.de\/?s={search_term_string}"},"query-input":{"@type":"PropertyValueSpecification","valueRequired":true,"valueName":"search_term_string"}}],"inLanguage":"en-GB"},{"@type":"Organization","@id":"https:\/\/www.wojoer.de\/#organization","name":"Wonneberger-Manufaktur","url":"https:\/\/www.wojoer.de\/","logo":{"@type":"ImageObject","inLanguage":"en-GB","@id":"https:\/\/www.wojoer.de\/#\/schema\/logo\/image\/","url":"https:\/\/www.wojoer.de\/wp-content\/uploads\/2016\/11\/wonnebergermanufaktur_logo_BUTTON.png","contentUrl":"https:\/\/www.wojoer.de\/wp-content\/uploads\/2016\/11\/wonnebergermanufaktur_logo_BUTTON.png","width":765,"height":765,"caption":"Wonneberger-Manufaktur"},"image":{"@id":"https:\/\/www.wojoer.de\/#\/schema\/logo\/image\/"},"sameAs":["https:\/\/www.facebook.com\/wojoer\/","https:\/\/de.pinterest.com\/W0J0ER\/"]}]}},"_links":{"self":[{"href":"https:\/\/www.wojoer.de\/en\/wp-json\/wp\/v2\/product\/54897","targetHints":{"allow":["GET"]}}],"collection":[{"href":"https:\/\/www.wojoer.de\/en\/wp-json\/wp\/v2\/product"}],"about":[{"href":"https:\/\/www.wojoer.de\/en\/wp-json\/wp\/v2\/types\/product"}],"replies":[{"embeddable":true,"href":"https:\/\/www.wojoer.de\/en\/wp-json\/wp\/v2\/comments?post=54897"}],"wp:featuredmedia":[{"embeddable":true,"href":"https:\/\/www.wojoer.de\/en\/wp-json\/wp\/v2\/media\/55335"}],"wp:attachment":[{"href":"https:\/\/www.wojoer.de\/en\/wp-json\/wp\/v2\/media?parent=54897"}],"wp:term":[{"taxonomy":"product_brand","embeddable":true,"href":"https:\/\/www.wojoer.de\/en\/wp-json\/wp\/v2\/product_brand?post=54897"},{"taxonomy":"product_cat","embeddable":true,"href":"https:\/\/www.wojoer.de\/en\/wp-json\/wp\/v2\/product_cat?post=54897"},{"taxonomy":"product_tag","embeddable":true,"href":"https:\/\/www.wojoer.de\/en\/wp-json\/wp\/v2\/product_tag?post=54897"}],"curies":[{"name":"wp","href":"https:\/\/api.w.org\/{rel}","templated":true}]}}