{"id":54948,"date":"2025-06-05T09:16:31","date_gmt":"2025-06-05T07:16:31","guid":{"rendered":"https:\/\/www.wojoer.de\/en\/?post_type=product&#038;p=54948"},"modified":"2026-04-13T08:06:53","modified_gmt":"2026-04-13T06:06:53","slug":"nicetohave-minihipster","status":"publish","type":"product","link":"https:\/\/www.wojoer.de\/en\/produkt\/nicetohave-minihipster\/","title":{"rendered":"nth-Synlex\u00b3 minihipster + custom text"},"content":{"rendered":"<h3><span style=\"color: #d2b25d;\">\u201cnth\u201d or even more personalized with your own text!<\/span><\/h3>\n<p>Simply select \u201ctext of your choice\u201d and your size, add the product to your shopping cart, enter your desired text (no more than 20 characters) at the end of your order in the checkout under \u201cNotes on order\u201d and we will make it possible for you (font selection is possible to a limited extent by arrangement).<\/p>\n<hr \/>\n<p>The nth Minihipster is one of the Wojoer LIVE products.<\/p>\n<h3>Sizes<\/h3>\n<p>S, M, L, XL, XXL, XXXL<\/p>\n<h3>Material composition<\/h3>\n<p>Main material: 53% polyamide |6% elastane | 41% polyurethane<\/p>\n<p>Silicone band: 100% polyurethane<\/p>\n<h3>Specials<\/h3>\n<p>LIVE product | stretchy material | skin-tight fit | silk matt rubberised | high-quality workmanship \u2018Made in Germany\u2019<\/p>\n<h3>Wasching instructions<\/h3>\n<p>30\u00b0C gentle wash, turned inside out<\/p>\n<h3>nth minihipster &#8211; matt hipster &#8211; black minihipster &#8211; gummi Brasil &#8211; Latex hipster &#8211; rubber slip<\/h3>\n<p><strong>nth <\/strong>= <strong>n<\/strong>ice<strong> t<\/strong>o<strong> h<\/strong>ave<br \/>\njust like you!<\/p>\n<p>Make yourself a must-have with your eye-catching black nth mini hipster, which will make your masculine side stand out with its beautifully large bulge. You only cover the bare essentials, which is great because it means you can build up to more. The electrifyingly transparent silicone window is so excitingly positioned that no one will be able to get past you without having to look twice, which is fantastic! And don&#8217;t be surprised if everyone suddenly starts praising you for your amazing apple bum! The ingeniously deep and rounded hipster wings are absolutely amazing! They visually frame and shape your bum into two tightly rounded forms. The chic black matte hipster is the &#8216;must have&#8217; item for those who like to look and feel their best. Its flattering fit and seductive rubber material make it the perfect choice for a night out.<\/p>\n<p>Click here for the <a href=\"http:\/\/www.wojoer.de\/groessentabelle\/\">size chart<\/a>, and get ready to look your absolute best!<\/p>\n<p>&nbsp;<\/p>\n","protected":false},"excerpt":{"rendered":"<p><strong>&#8220;nth&#8221; <\/strong><strong>oder noch individueller mit deinem eigenen Wunschtext!<\/strong><br \/>\nEinfach &#8220;Wunschtext&#8221; und deine Gr\u00f6\u00dfe w\u00e4hlen, das Produkt in den Warenkorb legen, in der Kasse am Ende deiner Bestellung bei &#8220;Anmerkungen zur Bestellung&#8221; deinen Wunschtext eingeben (nicht mehr als 20 Zeichen) und wir\u2026<\/p>\n","protected":false},"featured_media":54748,"comment_status":"open","ping_status":"closed","template":"","meta":[],"product_brand":[],"product_cat":[114,473,270,195,326],"product_tag":[440,209,1104,184,1103],"class_list":{"0":"post-54948","1":"product","2":"type-product","3":"status-publish","4":"has-post-thumbnail","6":"product_cat-fetisch","7":"product_cat-men","8":"product_cat-onlyforme","9":"product_cat-produktion-auf-bestellung-liveproduktion","10":"product_cat-wojoer","11":"product_tag-matt","12":"product_tag-mini-hipster","13":"product_tag-nth","14":"product_tag-push-up","15":"product_tag-schwarz","16":"product_shipping_class-beun","17":"pa_groesse-l","18":"pa_groesse-m","19":"pa_groesse-s","20":"pa_groesse-xl","21":"pa_groesse-xxl","22":"pa_groesse-xxxl","23":"pa_variante-nth","24":"pa_variante-wunschtext","25":"pif-has-gallery","26":"post-1","27":"odd","29":"first","30":"onbackorder","31":"taxable","32":"shipping-taxable","33":"purchasable","34":"product-type-variable","35":"has-default-attributes"},"yoast_head":"<!-- This site is optimized with the Yoast SEO plugin v27.2 - https:\/\/yoast.com\/product\/yoast-seo-wordpress\/ -->\n<title>nth Minihipster | nth Hipster | clubwear WOJOER<\/title>\n<meta name=\"description\" content=\"nicetohave Minihipster: nth Minihipster aus einem wunderbar matt hochwertigem Stoff. Hochwertig verarbeitet, made in Germany. Jetzt versandkostenfrei innerhalb Deutschlands bestellen.\" \/>\n<meta name=\"robots\" content=\"index, follow, max-snippet:-1, max-image-preview:large, max-video-preview:-1\" \/>\n<link rel=\"canonical\" href=\"https:\/\/www.wojoer.de\/en\/produkt\/nicetohave-minihipster\/\" \/>\n<meta name=\"twitter:card\" content=\"summary_large_image\" \/>\n<meta name=\"twitter:title\" content=\"nth Minihipster | nth Hipster | clubwear WOJOER\" \/>\n<meta name=\"twitter:description\" content=\"nicetohave Minihipster: nth Minihipster aus einem wunderbar matt hochwertigem Stoff. Hochwertig verarbeitet, made in Germany. Jetzt versandkostenfrei innerhalb Deutschlands bestellen.\" \/>\n<meta name=\"twitter:image\" content=\"https:\/\/www.wojoer.de\/wp-content\/uploads\/2025\/06\/0430-P728-0M-00-06-1.-nth-Minihipster-mittel-black-L-front-wojoer.jpg\" \/>\n<meta name=\"twitter:label1\" content=\"Estimated reading time\" \/>\n\t<meta name=\"twitter:data1\" content=\"2 minutes\" \/>\n<script type=\"application\/ld+json\" class=\"yoast-schema-graph\">{\"@context\":\"https:\/\/schema.org\",\"@graph\":[{\"@type\":\"WebPage\",\"@id\":\"https:\/\/www.wojoer.de\/produkt\/nicetohave-minihipster\/\",\"url\":\"https:\/\/www.wojoer.de\/produkt\/nicetohave-minihipster\/\",\"name\":\"nth Minihipster | nth Hipster | clubwear WOJOER\",\"isPartOf\":{\"@id\":\"https:\/\/www.wojoer.de\/#website\"},\"primaryImageOfPage\":{\"@id\":\"https:\/\/www.wojoer.de\/produkt\/nicetohave-minihipster\/#primaryimage\"},\"image\":{\"@id\":\"https:\/\/www.wojoer.de\/produkt\/nicetohave-minihipster\/#primaryimage\"},\"thumbnailUrl\":\"https:\/\/www.wojoer.de\/wp-content\/uploads\/2025\/05\/0430-P728-0M-00-06-1.-nth-Minihipster-mittel-black-L-front-wojoer.jpg\",\"datePublished\":\"2025-06-05T07:16:31+00:00\",\"dateModified\":\"2026-04-13T06:06:53+00:00\",\"description\":\"nicetohave Minihipster: nth Minihipster aus einem wunderbar matt hochwertigem Stoff. Hochwertig verarbeitet, made in Germany. Jetzt versandkostenfrei innerhalb Deutschlands bestellen.\",\"breadcrumb\":{\"@id\":\"https:\/\/www.wojoer.de\/produkt\/nicetohave-minihipster\/#breadcrumb\"},\"inLanguage\":\"en-GB\",\"potentialAction\":[{\"@type\":\"ReadAction\",\"target\":[\"https:\/\/www.wojoer.de\/produkt\/nicetohave-minihipster\/\"]}]},{\"@type\":\"ImageObject\",\"inLanguage\":\"en-GB\",\"@id\":\"https:\/\/www.wojoer.de\/produkt\/nicetohave-minihipster\/#primaryimage\",\"url\":\"https:\/\/www.wojoer.de\/wp-content\/uploads\/2025\/05\/0430-P728-0M-00-06-1.-nth-Minihipster-mittel-black-L-front-wojoer.jpg\",\"contentUrl\":\"https:\/\/www.wojoer.de\/wp-content\/uploads\/2025\/05\/0430-P728-0M-00-06-1.-nth-Minihipster-mittel-black-L-front-wojoer.jpg\",\"width\":2002,\"height\":2002,\"caption\":\"nth-minihipster\"},{\"@type\":\"BreadcrumbList\",\"@id\":\"https:\/\/www.wojoer.de\/produkt\/nicetohave-minihipster\/#breadcrumb\",\"itemListElement\":[{\"@type\":\"ListItem\",\"position\":1,\"name\":\"Startseite\",\"item\":\"https:\/\/www.wojoer.de\/\"},{\"@type\":\"ListItem\",\"position\":2,\"name\":\"SHOP\",\"item\":\"https:\/\/www.wojoer.de\/shop\/\"},{\"@type\":\"ListItem\",\"position\":3,\"name\":\"Synlex\u00b3 Minihipster &#8222;nth&#8220; oder Wunschtext\"}]},{\"@type\":\"WebSite\",\"@id\":\"https:\/\/www.wojoer.de\/#website\",\"url\":\"https:\/\/www.wojoer.de\/\",\"name\":\"WOJOER\",\"description\":\"clubwear for men\",\"publisher\":{\"@id\":\"https:\/\/www.wojoer.de\/#organization\"},\"potentialAction\":[{\"@type\":\"SearchAction\",\"target\":{\"@type\":\"EntryPoint\",\"urlTemplate\":\"https:\/\/www.wojoer.de\/?s={search_term_string}\"},\"query-input\":{\"@type\":\"PropertyValueSpecification\",\"valueRequired\":true,\"valueName\":\"search_term_string\"}}],\"inLanguage\":\"en-GB\"},{\"@type\":\"Organization\",\"@id\":\"https:\/\/www.wojoer.de\/#organization\",\"name\":\"Wonneberger-Manufaktur\",\"url\":\"https:\/\/www.wojoer.de\/\",\"logo\":{\"@type\":\"ImageObject\",\"inLanguage\":\"en-GB\",\"@id\":\"https:\/\/www.wojoer.de\/#\/schema\/logo\/image\/\",\"url\":\"https:\/\/www.wojoer.de\/wp-content\/uploads\/2016\/11\/wonnebergermanufaktur_logo_BUTTON.png\",\"contentUrl\":\"https:\/\/www.wojoer.de\/wp-content\/uploads\/2016\/11\/wonnebergermanufaktur_logo_BUTTON.png\",\"width\":765,\"height\":765,\"caption\":\"Wonneberger-Manufaktur\"},\"image\":{\"@id\":\"https:\/\/www.wojoer.de\/#\/schema\/logo\/image\/\"},\"sameAs\":[\"https:\/\/www.facebook.com\/wojoer\/\",\"https:\/\/de.pinterest.com\/W0J0ER\/\"]}]}<\/script>\n<!-- \/ Yoast SEO plugin. -->","yoast_head_json":{"title":"nth Minihipster | nth Hipster | clubwear WOJOER","description":"nicetohave Minihipster: nth Minihipster aus einem wunderbar matt hochwertigem Stoff. Hochwertig verarbeitet, made in Germany. Jetzt versandkostenfrei innerhalb Deutschlands bestellen.","robots":{"index":"index","follow":"follow","max-snippet":"max-snippet:-1","max-image-preview":"max-image-preview:large","max-video-preview":"max-video-preview:-1"},"canonical":"https:\/\/www.wojoer.de\/en\/produkt\/nicetohave-minihipster\/","twitter_card":"summary_large_image","twitter_title":"nth Minihipster | nth Hipster | clubwear WOJOER","twitter_description":"nicetohave Minihipster: nth Minihipster aus einem wunderbar matt hochwertigem Stoff. Hochwertig verarbeitet, made in Germany. Jetzt versandkostenfrei innerhalb Deutschlands bestellen.","twitter_image":"https:\/\/www.wojoer.de\/wp-content\/uploads\/2025\/06\/0430-P728-0M-00-06-1.-nth-Minihipster-mittel-black-L-front-wojoer.jpg","twitter_misc":{"Estimated reading time":"2 minutes"},"schema":{"@context":"https:\/\/schema.org","@graph":[{"@type":"WebPage","@id":"https:\/\/www.wojoer.de\/produkt\/nicetohave-minihipster\/","url":"https:\/\/www.wojoer.de\/produkt\/nicetohave-minihipster\/","name":"nth Minihipster | nth Hipster | clubwear WOJOER","isPartOf":{"@id":"https:\/\/www.wojoer.de\/#website"},"primaryImageOfPage":{"@id":"https:\/\/www.wojoer.de\/produkt\/nicetohave-minihipster\/#primaryimage"},"image":{"@id":"https:\/\/www.wojoer.de\/produkt\/nicetohave-minihipster\/#primaryimage"},"thumbnailUrl":"https:\/\/www.wojoer.de\/wp-content\/uploads\/2025\/05\/0430-P728-0M-00-06-1.-nth-Minihipster-mittel-black-L-front-wojoer.jpg","datePublished":"2025-06-05T07:16:31+00:00","dateModified":"2026-04-13T06:06:53+00:00","description":"nicetohave Minihipster: nth Minihipster aus einem wunderbar matt hochwertigem Stoff. Hochwertig verarbeitet, made in Germany. Jetzt versandkostenfrei innerhalb Deutschlands bestellen.","breadcrumb":{"@id":"https:\/\/www.wojoer.de\/produkt\/nicetohave-minihipster\/#breadcrumb"},"inLanguage":"en-GB","potentialAction":[{"@type":"ReadAction","target":["https:\/\/www.wojoer.de\/produkt\/nicetohave-minihipster\/"]}]},{"@type":"ImageObject","inLanguage":"en-GB","@id":"https:\/\/www.wojoer.de\/produkt\/nicetohave-minihipster\/#primaryimage","url":"https:\/\/www.wojoer.de\/wp-content\/uploads\/2025\/05\/0430-P728-0M-00-06-1.-nth-Minihipster-mittel-black-L-front-wojoer.jpg","contentUrl":"https:\/\/www.wojoer.de\/wp-content\/uploads\/2025\/05\/0430-P728-0M-00-06-1.-nth-Minihipster-mittel-black-L-front-wojoer.jpg","width":2002,"height":2002,"caption":"nth-minihipster"},{"@type":"BreadcrumbList","@id":"https:\/\/www.wojoer.de\/produkt\/nicetohave-minihipster\/#breadcrumb","itemListElement":[{"@type":"ListItem","position":1,"name":"Startseite","item":"https:\/\/www.wojoer.de\/"},{"@type":"ListItem","position":2,"name":"SHOP","item":"https:\/\/www.wojoer.de\/shop\/"},{"@type":"ListItem","position":3,"name":"Synlex\u00b3 Minihipster &#8222;nth&#8220; oder Wunschtext"}]},{"@type":"WebSite","@id":"https:\/\/www.wojoer.de\/#website","url":"https:\/\/www.wojoer.de\/","name":"WOJOER","description":"clubwear for men","publisher":{"@id":"https:\/\/www.wojoer.de\/#organization"},"potentialAction":[{"@type":"SearchAction","target":{"@type":"EntryPoint","urlTemplate":"https:\/\/www.wojoer.de\/?s={search_term_string}"},"query-input":{"@type":"PropertyValueSpecification","valueRequired":true,"valueName":"search_term_string"}}],"inLanguage":"en-GB"},{"@type":"Organization","@id":"https:\/\/www.wojoer.de\/#organization","name":"Wonneberger-Manufaktur","url":"https:\/\/www.wojoer.de\/","logo":{"@type":"ImageObject","inLanguage":"en-GB","@id":"https:\/\/www.wojoer.de\/#\/schema\/logo\/image\/","url":"https:\/\/www.wojoer.de\/wp-content\/uploads\/2016\/11\/wonnebergermanufaktur_logo_BUTTON.png","contentUrl":"https:\/\/www.wojoer.de\/wp-content\/uploads\/2016\/11\/wonnebergermanufaktur_logo_BUTTON.png","width":765,"height":765,"caption":"Wonneberger-Manufaktur"},"image":{"@id":"https:\/\/www.wojoer.de\/#\/schema\/logo\/image\/"},"sameAs":["https:\/\/www.facebook.com\/wojoer\/","https:\/\/de.pinterest.com\/W0J0ER\/"]}]}},"_links":{"self":[{"href":"https:\/\/www.wojoer.de\/en\/wp-json\/wp\/v2\/product\/54948","targetHints":{"allow":["GET"]}}],"collection":[{"href":"https:\/\/www.wojoer.de\/en\/wp-json\/wp\/v2\/product"}],"about":[{"href":"https:\/\/www.wojoer.de\/en\/wp-json\/wp\/v2\/types\/product"}],"replies":[{"embeddable":true,"href":"https:\/\/www.wojoer.de\/en\/wp-json\/wp\/v2\/comments?post=54948"}],"wp:featuredmedia":[{"embeddable":true,"href":"https:\/\/www.wojoer.de\/en\/wp-json\/wp\/v2\/media\/54748"}],"wp:attachment":[{"href":"https:\/\/www.wojoer.de\/en\/wp-json\/wp\/v2\/media?parent=54948"}],"wp:term":[{"taxonomy":"product_brand","embeddable":true,"href":"https:\/\/www.wojoer.de\/en\/wp-json\/wp\/v2\/product_brand?post=54948"},{"taxonomy":"product_cat","embeddable":true,"href":"https:\/\/www.wojoer.de\/en\/wp-json\/wp\/v2\/product_cat?post=54948"},{"taxonomy":"product_tag","embeddable":true,"href":"https:\/\/www.wojoer.de\/en\/wp-json\/wp\/v2\/product_tag?post=54948"}],"curies":[{"name":"wp","href":"https:\/\/api.w.org\/{rel}","templated":true}]}}