{"id":54955,"date":"2025-06-05T10:00:51","date_gmt":"2025-06-05T08:00:51","guid":{"rendered":"https:\/\/www.wojoer.de\/?post_type=product&#038;p=54955"},"modified":"2026-03-03T22:45:52","modified_gmt":"2026-03-03T21:45:52","slug":"nth-synlex-longsleeve","status":"publish","type":"product","link":"https:\/\/www.wojoer.de\/en\/produkt\/nth-synlex-longsleeve\/","title":{"rendered":"nth-Synlex\u00b3 longsleeve + custom text"},"content":{"rendered":"<h3>\u201cnth\u201d or even more personalized with your own text!<\/h3>\n<p>Simply select \u201ctext of your choice\u201d and your size, add the product to your shopping cart, enter your desired text (no more than 20 characters) at the end of your order in the checkout under \u201cNotes on order\u201d and we will make it possible for you (font selection is possible to a limited extent by arrangement).<\/p>\n<hr \/>\n<h2><span style=\"color: #d2b25d;\">Kinky longsleeve<\/span><\/h2>\n<p>The nth kinky longsleeve is one of the Wojoer LIVE products.<\/p>\n<h3>Sizes<\/h3>\n<p>S, M, L, XL, XXL, XXXL<\/p>\n<h3>Material<\/h3>\n<p>53% polyamide |6% elastane | 41% polyurethane | 100% polyurethane<\/p>\n<h3>Specials<\/h3>\n<p>LIVE product | stretchy material | skin-tight fit | matt black | high-quality workmanship \u2018Made in Germany\u2019<\/p>\n<h3>Washing instructions<\/h3>\n<p>30\u00b0C gentle wash, turned inside out<\/p>\n<h3>Synlex\u00b3 mat swim trunks &#8211; kinky trouser<\/h3>\n<p>nth = nice to have<br \/>\njust like you!<\/p>\n<p>You&#8217;ll be turning heads left and right in your super-stylish black long-sleeved shirt, designed with a flattering skinny fit that&#8217;ll make you feel great. You&#8217;ll love the feel of our Matt Synlex3 material \u2013 it&#8217;s simply addictive to the touch! You&#8217;ve never experienced a material like this: so smooth and flexible, it&#8217;ll make you feel like you&#8217;re on top of the world! The kinky look is taken to the next level by the electrifying see-through silicone window in the shoulder area. This classy black matte long-sleeved shirt is the &#8216;nice to have&#8217; item, but once your upper body has merged with its flattering fit and the provocative rubber material, together they will become the &#8216;must have&#8217; of the evening!<\/p>\n","protected":false},"excerpt":{"rendered":"<p><strong>&#8220;nth&#8221; <\/strong><strong>oder noch individueller mit deinem eigenen Wunschtext!<\/strong><br \/>\nEinfach &#8220;Wunschtext&#8221; und deine Gr\u00f6\u00dfe w\u00e4hlen, das Produkt in den Warenkorb legen, in der Kasse am Ende deiner Bestellung bei &#8220;Anmerkungen zur Bestellung&#8221; deinen Wunschtext eingeben (nicht mehr als 20 Zeichen) und wir\u2026<\/p>\n","protected":false},"featured_media":54755,"comment_status":"open","ping_status":"closed","template":"","meta":[],"product_brand":[],"product_cat":[114,473,270,195,326],"product_tag":[440,1104,1103,856],"class_list":{"0":"post-54955","1":"product","2":"type-product","3":"status-publish","4":"has-post-thumbnail","6":"product_cat-fetisch","7":"product_cat-men","8":"product_cat-onlyforme","9":"product_cat-produktion-auf-bestellung-liveproduktion","10":"product_cat-wojoer","11":"product_tag-matt","12":"product_tag-nth","13":"product_tag-schwarz","14":"product_tag-shirt","15":"product_shipping_class-leggings-shirts-bodies","16":"pa_groesse-l","17":"pa_groesse-m","18":"pa_groesse-s","19":"pa_groesse-xl","20":"pa_groesse-xxl","21":"pa_groesse-xxxl","22":"pa_variante-nth","23":"pa_variante-wunschtext","24":"pif-has-gallery","25":"post-1","26":"odd","28":"first","29":"onbackorder","30":"taxable","31":"shipping-taxable","32":"purchasable","33":"product-type-variable","34":"has-default-attributes"},"yoast_head":"<!-- This site is optimized with the Yoast SEO plugin v27.2 - https:\/\/yoast.com\/product\/yoast-seo-wordpress\/ -->\n<title>kinky longsleeve | clubwear WOJOER<\/title>\n<meta name=\"description\" content=\"kinky longsleeve: Matt shirt made of noble Synlex\u00b3. The material is robust and stretchy. Order online now.\" \/>\n<meta name=\"robots\" content=\"index, follow, max-snippet:-1, max-image-preview:large, max-video-preview:-1\" \/>\n<link rel=\"canonical\" href=\"https:\/\/www.wojoer.de\/en\/produkt\/nth-synlex-longsleeve\/\" \/>\n<meta name=\"twitter:card\" content=\"summary_large_image\" \/>\n<meta name=\"twitter:title\" content=\"kinky longsleeve | clubwear WOJOER\" \/>\n<meta name=\"twitter:description\" content=\"kinky longsleeve nth Langarmshirt aus wunderbar hochwertig mattem Stoff. Hochwertig verarbeitet, made in Germany. Jetzt versandkostenfrei in Deutschlands bestellen\" \/>\n<meta name=\"twitter:image\" content=\"https:\/\/www.wojoer.de\/wp-content\/uploads\/2025\/05\/0430-T025-0M-00-06-1.-nth-Shirt-mittel-black-L-front-wojoer.jpg\" \/>\n<meta name=\"twitter:label1\" content=\"Estimated reading time\" \/>\n\t<meta name=\"twitter:data1\" content=\"2 minutes\" \/>\n<script type=\"application\/ld+json\" class=\"yoast-schema-graph\">{\"@context\":\"https:\/\/schema.org\",\"@graph\":[{\"@type\":\"WebPage\",\"@id\":\"https:\/\/www.wojoer.de\/produkt\/nth-synlex-longsleeve\/\",\"url\":\"https:\/\/www.wojoer.de\/produkt\/nth-synlex-longsleeve\/\",\"name\":\"kinky longsleeve | clubwear WOJOER\",\"isPartOf\":{\"@id\":\"https:\/\/www.wojoer.de\/#website\"},\"primaryImageOfPage\":{\"@id\":\"https:\/\/www.wojoer.de\/produkt\/nth-synlex-longsleeve\/#primaryimage\"},\"image\":{\"@id\":\"https:\/\/www.wojoer.de\/produkt\/nth-synlex-longsleeve\/#primaryimage\"},\"thumbnailUrl\":\"https:\/\/www.wojoer.de\/wp-content\/uploads\/2025\/05\/0430-T025-0M-00-06-1.-nth-Shirt-mittel-black-L-front-wojoer.jpg\",\"datePublished\":\"2025-06-05T08:00:51+00:00\",\"dateModified\":\"2026-03-03T21:45:52+00:00\",\"description\":\"kinky longsleeve nth Langarmshirt aus wunderbar hochwertig mattem Stoff. Hochwertig verarbeitet, made in Germany. Jetzt versandkostenfrei in Deutschlands bestellen\",\"breadcrumb\":{\"@id\":\"https:\/\/www.wojoer.de\/produkt\/nth-synlex-longsleeve\/#breadcrumb\"},\"inLanguage\":\"en-GB\",\"potentialAction\":[{\"@type\":\"ReadAction\",\"target\":[\"https:\/\/www.wojoer.de\/produkt\/nth-synlex-longsleeve\/\"]}]},{\"@type\":\"ImageObject\",\"inLanguage\":\"en-GB\",\"@id\":\"https:\/\/www.wojoer.de\/produkt\/nth-synlex-longsleeve\/#primaryimage\",\"url\":\"https:\/\/www.wojoer.de\/wp-content\/uploads\/2025\/05\/0430-T025-0M-00-06-1.-nth-Shirt-mittel-black-L-front-wojoer.jpg\",\"contentUrl\":\"https:\/\/www.wojoer.de\/wp-content\/uploads\/2025\/05\/0430-T025-0M-00-06-1.-nth-Shirt-mittel-black-L-front-wojoer.jpg\",\"width\":2002,\"height\":2002,\"caption\":\"kinky longsleeve\"},{\"@type\":\"BreadcrumbList\",\"@id\":\"https:\/\/www.wojoer.de\/produkt\/nth-synlex-longsleeve\/#breadcrumb\",\"itemListElement\":[{\"@type\":\"ListItem\",\"position\":1,\"name\":\"Startseite\",\"item\":\"https:\/\/www.wojoer.de\/\"},{\"@type\":\"ListItem\",\"position\":2,\"name\":\"SHOP\",\"item\":\"https:\/\/www.wojoer.de\/shop\/\"},{\"@type\":\"ListItem\",\"position\":3,\"name\":\"Synlex\u00b3 Langarmshirt &#8222;nth&#8220; oder Wunschtext\"}]},{\"@type\":\"WebSite\",\"@id\":\"https:\/\/www.wojoer.de\/#website\",\"url\":\"https:\/\/www.wojoer.de\/\",\"name\":\"WOJOER\",\"description\":\"clubwear for men\",\"publisher\":{\"@id\":\"https:\/\/www.wojoer.de\/#organization\"},\"potentialAction\":[{\"@type\":\"SearchAction\",\"target\":{\"@type\":\"EntryPoint\",\"urlTemplate\":\"https:\/\/www.wojoer.de\/?s={search_term_string}\"},\"query-input\":{\"@type\":\"PropertyValueSpecification\",\"valueRequired\":true,\"valueName\":\"search_term_string\"}}],\"inLanguage\":\"en-GB\"},{\"@type\":\"Organization\",\"@id\":\"https:\/\/www.wojoer.de\/#organization\",\"name\":\"Wonneberger-Manufaktur\",\"url\":\"https:\/\/www.wojoer.de\/\",\"logo\":{\"@type\":\"ImageObject\",\"inLanguage\":\"en-GB\",\"@id\":\"https:\/\/www.wojoer.de\/#\/schema\/logo\/image\/\",\"url\":\"https:\/\/www.wojoer.de\/wp-content\/uploads\/2016\/11\/wonnebergermanufaktur_logo_BUTTON.png\",\"contentUrl\":\"https:\/\/www.wojoer.de\/wp-content\/uploads\/2016\/11\/wonnebergermanufaktur_logo_BUTTON.png\",\"width\":765,\"height\":765,\"caption\":\"Wonneberger-Manufaktur\"},\"image\":{\"@id\":\"https:\/\/www.wojoer.de\/#\/schema\/logo\/image\/\"},\"sameAs\":[\"https:\/\/www.facebook.com\/wojoer\/\",\"https:\/\/de.pinterest.com\/W0J0ER\/\"]}]}<\/script>\n<!-- \/ Yoast SEO plugin. -->","yoast_head_json":{"title":"kinky longsleeve | clubwear WOJOER","description":"kinky longsleeve: Matt shirt made of noble Synlex\u00b3. The material is robust and stretchy. Order online now.","robots":{"index":"index","follow":"follow","max-snippet":"max-snippet:-1","max-image-preview":"max-image-preview:large","max-video-preview":"max-video-preview:-1"},"canonical":"https:\/\/www.wojoer.de\/en\/produkt\/nth-synlex-longsleeve\/","twitter_card":"summary_large_image","twitter_title":"kinky longsleeve | clubwear WOJOER","twitter_description":"kinky longsleeve nth Langarmshirt aus wunderbar hochwertig mattem Stoff. Hochwertig verarbeitet, made in Germany. Jetzt versandkostenfrei in Deutschlands bestellen","twitter_image":"https:\/\/www.wojoer.de\/wp-content\/uploads\/2025\/05\/0430-T025-0M-00-06-1.-nth-Shirt-mittel-black-L-front-wojoer.jpg","twitter_misc":{"Estimated reading time":"2 minutes"},"schema":{"@context":"https:\/\/schema.org","@graph":[{"@type":"WebPage","@id":"https:\/\/www.wojoer.de\/produkt\/nth-synlex-longsleeve\/","url":"https:\/\/www.wojoer.de\/produkt\/nth-synlex-longsleeve\/","name":"kinky longsleeve | clubwear WOJOER","isPartOf":{"@id":"https:\/\/www.wojoer.de\/#website"},"primaryImageOfPage":{"@id":"https:\/\/www.wojoer.de\/produkt\/nth-synlex-longsleeve\/#primaryimage"},"image":{"@id":"https:\/\/www.wojoer.de\/produkt\/nth-synlex-longsleeve\/#primaryimage"},"thumbnailUrl":"https:\/\/www.wojoer.de\/wp-content\/uploads\/2025\/05\/0430-T025-0M-00-06-1.-nth-Shirt-mittel-black-L-front-wojoer.jpg","datePublished":"2025-06-05T08:00:51+00:00","dateModified":"2026-03-03T21:45:52+00:00","description":"kinky longsleeve nth Langarmshirt aus wunderbar hochwertig mattem Stoff. Hochwertig verarbeitet, made in Germany. Jetzt versandkostenfrei in Deutschlands bestellen","breadcrumb":{"@id":"https:\/\/www.wojoer.de\/produkt\/nth-synlex-longsleeve\/#breadcrumb"},"inLanguage":"en-GB","potentialAction":[{"@type":"ReadAction","target":["https:\/\/www.wojoer.de\/produkt\/nth-synlex-longsleeve\/"]}]},{"@type":"ImageObject","inLanguage":"en-GB","@id":"https:\/\/www.wojoer.de\/produkt\/nth-synlex-longsleeve\/#primaryimage","url":"https:\/\/www.wojoer.de\/wp-content\/uploads\/2025\/05\/0430-T025-0M-00-06-1.-nth-Shirt-mittel-black-L-front-wojoer.jpg","contentUrl":"https:\/\/www.wojoer.de\/wp-content\/uploads\/2025\/05\/0430-T025-0M-00-06-1.-nth-Shirt-mittel-black-L-front-wojoer.jpg","width":2002,"height":2002,"caption":"kinky longsleeve"},{"@type":"BreadcrumbList","@id":"https:\/\/www.wojoer.de\/produkt\/nth-synlex-longsleeve\/#breadcrumb","itemListElement":[{"@type":"ListItem","position":1,"name":"Startseite","item":"https:\/\/www.wojoer.de\/"},{"@type":"ListItem","position":2,"name":"SHOP","item":"https:\/\/www.wojoer.de\/shop\/"},{"@type":"ListItem","position":3,"name":"Synlex\u00b3 Langarmshirt &#8222;nth&#8220; oder Wunschtext"}]},{"@type":"WebSite","@id":"https:\/\/www.wojoer.de\/#website","url":"https:\/\/www.wojoer.de\/","name":"WOJOER","description":"clubwear for men","publisher":{"@id":"https:\/\/www.wojoer.de\/#organization"},"potentialAction":[{"@type":"SearchAction","target":{"@type":"EntryPoint","urlTemplate":"https:\/\/www.wojoer.de\/?s={search_term_string}"},"query-input":{"@type":"PropertyValueSpecification","valueRequired":true,"valueName":"search_term_string"}}],"inLanguage":"en-GB"},{"@type":"Organization","@id":"https:\/\/www.wojoer.de\/#organization","name":"Wonneberger-Manufaktur","url":"https:\/\/www.wojoer.de\/","logo":{"@type":"ImageObject","inLanguage":"en-GB","@id":"https:\/\/www.wojoer.de\/#\/schema\/logo\/image\/","url":"https:\/\/www.wojoer.de\/wp-content\/uploads\/2016\/11\/wonnebergermanufaktur_logo_BUTTON.png","contentUrl":"https:\/\/www.wojoer.de\/wp-content\/uploads\/2016\/11\/wonnebergermanufaktur_logo_BUTTON.png","width":765,"height":765,"caption":"Wonneberger-Manufaktur"},"image":{"@id":"https:\/\/www.wojoer.de\/#\/schema\/logo\/image\/"},"sameAs":["https:\/\/www.facebook.com\/wojoer\/","https:\/\/de.pinterest.com\/W0J0ER\/"]}]}},"_links":{"self":[{"href":"https:\/\/www.wojoer.de\/en\/wp-json\/wp\/v2\/product\/54955","targetHints":{"allow":["GET"]}}],"collection":[{"href":"https:\/\/www.wojoer.de\/en\/wp-json\/wp\/v2\/product"}],"about":[{"href":"https:\/\/www.wojoer.de\/en\/wp-json\/wp\/v2\/types\/product"}],"replies":[{"embeddable":true,"href":"https:\/\/www.wojoer.de\/en\/wp-json\/wp\/v2\/comments?post=54955"}],"wp:featuredmedia":[{"embeddable":true,"href":"https:\/\/www.wojoer.de\/en\/wp-json\/wp\/v2\/media\/54755"}],"wp:attachment":[{"href":"https:\/\/www.wojoer.de\/en\/wp-json\/wp\/v2\/media?parent=54955"}],"wp:term":[{"taxonomy":"product_brand","embeddable":true,"href":"https:\/\/www.wojoer.de\/en\/wp-json\/wp\/v2\/product_brand?post=54955"},{"taxonomy":"product_cat","embeddable":true,"href":"https:\/\/www.wojoer.de\/en\/wp-json\/wp\/v2\/product_cat?post=54955"},{"taxonomy":"product_tag","embeddable":true,"href":"https:\/\/www.wojoer.de\/en\/wp-json\/wp\/v2\/product_tag?post=54955"}],"curies":[{"name":"wp","href":"https:\/\/api.w.org\/{rel}","templated":true}]}}