{"id":5496,"date":"2024-04-08T14:23:13","date_gmt":"2024-04-08T12:23:13","guid":{"rendered":"http:\/\/www.wojoer.de\/produkt\/lagoon-mini-pushup-string\/"},"modified":"2026-04-07T00:28:36","modified_gmt":"2026-04-06T22:28:36","slug":"lagoon-mini-pushup-string","status":"publish","type":"product","link":"https:\/\/www.wojoer.de\/en\/produkt\/lagoon-mini-pushup-string\/","title":{"rendered":"LAGOON MINI STRING Y1B15"},"content":{"rendered":"<p>Diese One-Of-Edition ist nur begrenzt erh\u00e4ltlich, denn der Lagoon Mini Pushup String Y1B15 geh\u00f6rt zu den Wojoer ONLY FOR ME-Produkten.<\/p>\n<p>Gr\u00f6\u00dfen<\/p>\n<p>Erh\u00e4ltlich in den Gr\u00f6\u00dfen S, M, L, XL<\/p>\n<h3>Materialzusammensetzung<\/h3>\n<p>Jersey: 84% Recyceltes Polyester und 16% Elasthan<\/p>\n<h3>Besonderheiten<\/h3>\n<p><a href=\"http:\/\/www.wojoer.de\/?s=onlyforme&#038;post_type=product\">ONLY FOR ME Produkt<\/a>\u00a0| limitierter Meerjungfrauen-Textildruck | matte Oberfl\u00e4che |\u00a0 feines, sehr dehnbares Material | hautenge Passform| hochwertige Verarbeitung &#8220;Made in Germany&#8221;<\/p>\n<h3>Benutzerhinweise<\/h3>\n<p>30\u00b0 Normalw\u00e4sche<\/p>\n<h3>Achtung<\/h3>\n<p>Einzelst\u00fccke. Aus Produktionsgr\u00fcnden kann der Textil-Druck vom foto abweichen.<\/p>\n<h3>LAGOON feiner Jersey MINI Pushup STRING<\/h3>\n<p>Mhh, zuerst legt sich der Mini Pushup String anschmiegsam und \u00e4sthetisch um deine H\u00fcften. Um dich kurz darauf mit seinem helle Lagoon-Textildruck in eine m\u00e4nnliche Nixe zu verzaubern. Dadurch wirst du zum Hauptdarsteller deiner verwunschenen Fantasien. Aber nicht nur das. Deine M\u00e4nnlichkeit wird mit dem speziell geformten Sustensorium der Schwerkraft entbunden, ebenso als w\u00fcrdest du unter Wasser schweben.<\/p>\n<hr \/>\n<h3>CUSTOMER PHOTOS Lagoon Mini Push String<\/h3>\n<p><a href=\"https:\/\/www.wojoer.de\/wp-content\/uploads\/2021\/10\/Lagoon_Mini_string_front-scaled.jpeg\"><img loading=\"lazy\" decoding=\"async\" class=\"alignnone size-medium wp-image-36638\" src=\"https:\/\/www.wojoer.de\/wp-content\/uploads\/2021\/10\/Lagoon_Mini_string_front-300x225.jpeg\" alt=\"\" width=\"300\" height=\"225\" \/><\/a>\u00a0 \u00a0 <a href=\"https:\/\/www.wojoer.de\/wp-content\/uploads\/2021\/10\/Lagoon_Mini_String_site-scaled.jpeg\"><img loading=\"lazy\" decoding=\"async\" class=\"alignnone size-medium wp-image-36639\" src=\"https:\/\/www.wojoer.de\/wp-content\/uploads\/2021\/10\/Lagoon_Mini_String_site-300x225.jpeg\" alt=\"\" width=\"300\" height=\"225\" \/><\/a>\u00a0 \u00a0 <a href=\"https:\/\/www.wojoer.de\/wp-content\/uploads\/2021\/10\/Lagoon_Mini_String_back-scaled.jpeg\"><img loading=\"lazy\" decoding=\"async\" class=\"alignnone size-medium wp-image-36637\" src=\"https:\/\/www.wojoer.de\/wp-content\/uploads\/2021\/10\/Lagoon_Mini_String_back-300x225.jpeg\" alt=\"\" width=\"300\" height=\"225\" \/><\/a><\/p>\n","protected":false},"excerpt":{"rendered":"<p>Diese One-Of-Edition ist nur begrenzt erh\u00e4ltlich, denn der Lagoon Mini Pushup String Y1B15 geh\u00f6rt zu den Wojoer ONLY FOR ME-Produkten.<\/p>\n<p>Gr\u00f6\u00dfen<\/p>\n<p>Erh\u00e4ltlich in den Gr\u00f6\u00dfen S, M, L, XL<br \/>\nMaterialzusammensetzung<br \/>\nJersey: 84% Recyceltes Polyester und 16% Elasthan<br \/>\nBesonderheiten<br \/>\nONLY FOR ME Produkt\u00a0| limitierter Meerjungfrauen-Textildruck | matte\u2026<\/p>\n","protected":false},"featured_media":5507,"comment_status":"open","ping_status":"closed","template":"","meta":[],"product_brand":[],"product_cat":[473,270,326],"product_tag":[297,241],"class_list":{"0":"post-5496","1":"product","2":"type-product","3":"status-publish","4":"has-post-thumbnail","6":"product_cat-men","7":"product_cat-onlyforme","8":"product_cat-wojoer","9":"product_tag-animal","10":"product_tag-mini-string-bulge-string-g-string","11":"product_shipping_class-beun","12":"pa_groesse-l","13":"pa_groesse-m","14":"pa_groesse-s","15":"pa_groesse-xl","16":"pif-has-gallery","17":"post-1","18":"odd","20":"first","21":"instock","22":"taxable","23":"shipping-taxable","24":"purchasable","25":"product-type-variable"},"yoast_head":"<!-- This site is optimized with the Yoast SEO plugin v27.2 - https:\/\/yoast.com\/product\/yoast-seo-wordpress\/ -->\n<title>Lagoon Mini Pushup String mit eng ausgeformten Suspensorium<\/title>\n<meta name=\"description\" content=\"begrenzte One-Of-Edition aus feinem Jersey mit Meerjungfrauen-Print. Sanftm\u00fctig, elegant und wahnsinnig anziehend. Das ist der LAGOON Mini Pushup String!\" \/>\n<meta name=\"robots\" content=\"index, follow, max-snippet:-1, max-image-preview:large, max-video-preview:-1\" \/>\n<link rel=\"canonical\" href=\"https:\/\/www.wojoer.de\/en\/produkt\/lagoon-mini-pushup-string\/\" \/>\n<meta name=\"twitter:card\" content=\"summary_large_image\" \/>\n<meta name=\"twitter:title\" content=\"Lagoon Mini Pushup String mit eng ausgeformten Suspensorium\" \/>\n<meta name=\"twitter:description\" content=\"begrenzte One-Of-Edition aus feinem Jersey mit Meerjungfrauen-Print. Sanftm\u00fctig, elegant und wahnsinnig anziehend. Das ist der LAGOON Mini Pushup String!\" \/>\n<meta name=\"twitter:image\" content=\"https:\/\/www.wojoer.de\/wp-content\/uploads\/2017\/04\/Y1B15_lagoon_side_wojoer.jpg\" \/>\n<meta name=\"twitter:label1\" content=\"Estimated reading time\" \/>\n\t<meta name=\"twitter:data1\" content=\"1 minute\" \/>\n<script type=\"application\/ld+json\" class=\"yoast-schema-graph\">{\"@context\":\"https:\/\/schema.org\",\"@graph\":[{\"@type\":\"WebPage\",\"@id\":\"https:\/\/www.wojoer.de\/produkt\/lagoon-mini-pushup-string\/\",\"url\":\"https:\/\/www.wojoer.de\/produkt\/lagoon-mini-pushup-string\/\",\"name\":\"Lagoon Mini Pushup String mit eng ausgeformten Suspensorium\",\"isPartOf\":{\"@id\":\"https:\/\/www.wojoer.de\/#website\"},\"primaryImageOfPage\":{\"@id\":\"https:\/\/www.wojoer.de\/produkt\/lagoon-mini-pushup-string\/#primaryimage\"},\"image\":{\"@id\":\"https:\/\/www.wojoer.de\/produkt\/lagoon-mini-pushup-string\/#primaryimage\"},\"thumbnailUrl\":\"https:\/\/www.wojoer.de\/wp-content\/uploads\/2017\/04\/Y1B15_lagoon_side_wojoer.jpg\",\"datePublished\":\"2024-04-08T12:23:13+00:00\",\"dateModified\":\"2026-04-06T22:28:36+00:00\",\"description\":\"begrenzte One-Of-Edition aus feinem Jersey mit Meerjungfrauen-Print. Sanftm\u00fctig, elegant und wahnsinnig anziehend. Das ist der LAGOON Mini Pushup String!\",\"breadcrumb\":{\"@id\":\"https:\/\/www.wojoer.de\/produkt\/lagoon-mini-pushup-string\/#breadcrumb\"},\"inLanguage\":\"en-GB\",\"potentialAction\":[{\"@type\":\"ReadAction\",\"target\":[\"https:\/\/www.wojoer.de\/produkt\/lagoon-mini-pushup-string\/\"]}]},{\"@type\":\"ImageObject\",\"inLanguage\":\"en-GB\",\"@id\":\"https:\/\/www.wojoer.de\/produkt\/lagoon-mini-pushup-string\/#primaryimage\",\"url\":\"https:\/\/www.wojoer.de\/wp-content\/uploads\/2017\/04\/Y1B15_lagoon_side_wojoer.jpg\",\"contentUrl\":\"https:\/\/www.wojoer.de\/wp-content\/uploads\/2017\/04\/Y1B15_lagoon_side_wojoer.jpg\",\"width\":2002,\"height\":2002,\"caption\":\"Laggon Mini PushUp String, M\u00e4nner, Herren, Unterw\u00e4sche, sexy, knapp, Only for Me, hellblau\"},{\"@type\":\"BreadcrumbList\",\"@id\":\"https:\/\/www.wojoer.de\/produkt\/lagoon-mini-pushup-string\/#breadcrumb\",\"itemListElement\":[{\"@type\":\"ListItem\",\"position\":1,\"name\":\"Startseite\",\"item\":\"https:\/\/www.wojoer.de\/\"},{\"@type\":\"ListItem\",\"position\":2,\"name\":\"SHOP\",\"item\":\"https:\/\/www.wojoer.de\/shop\/\"},{\"@type\":\"ListItem\",\"position\":3,\"name\":\"LAGOON MINI PUSH STRING\"}]},{\"@type\":\"WebSite\",\"@id\":\"https:\/\/www.wojoer.de\/#website\",\"url\":\"https:\/\/www.wojoer.de\/\",\"name\":\"WOJOER\",\"description\":\"clubwear for men\",\"publisher\":{\"@id\":\"https:\/\/www.wojoer.de\/#organization\"},\"potentialAction\":[{\"@type\":\"SearchAction\",\"target\":{\"@type\":\"EntryPoint\",\"urlTemplate\":\"https:\/\/www.wojoer.de\/?s={search_term_string}\"},\"query-input\":{\"@type\":\"PropertyValueSpecification\",\"valueRequired\":true,\"valueName\":\"search_term_string\"}}],\"inLanguage\":\"en-GB\"},{\"@type\":\"Organization\",\"@id\":\"https:\/\/www.wojoer.de\/#organization\",\"name\":\"Wonneberger-Manufaktur\",\"url\":\"https:\/\/www.wojoer.de\/\",\"logo\":{\"@type\":\"ImageObject\",\"inLanguage\":\"en-GB\",\"@id\":\"https:\/\/www.wojoer.de\/#\/schema\/logo\/image\/\",\"url\":\"https:\/\/www.wojoer.de\/wp-content\/uploads\/2016\/11\/wonnebergermanufaktur_logo_BUTTON.png\",\"contentUrl\":\"https:\/\/www.wojoer.de\/wp-content\/uploads\/2016\/11\/wonnebergermanufaktur_logo_BUTTON.png\",\"width\":765,\"height\":765,\"caption\":\"Wonneberger-Manufaktur\"},\"image\":{\"@id\":\"https:\/\/www.wojoer.de\/#\/schema\/logo\/image\/\"},\"sameAs\":[\"https:\/\/www.facebook.com\/wojoer\/\",\"https:\/\/de.pinterest.com\/W0J0ER\/\"]}]}<\/script>\n<!-- \/ Yoast SEO plugin. -->","yoast_head_json":{"title":"Lagoon Mini Pushup String mit eng ausgeformten Suspensorium","description":"begrenzte One-Of-Edition aus feinem Jersey mit Meerjungfrauen-Print. Sanftm\u00fctig, elegant und wahnsinnig anziehend. Das ist der LAGOON Mini Pushup String!","robots":{"index":"index","follow":"follow","max-snippet":"max-snippet:-1","max-image-preview":"max-image-preview:large","max-video-preview":"max-video-preview:-1"},"canonical":"https:\/\/www.wojoer.de\/en\/produkt\/lagoon-mini-pushup-string\/","twitter_card":"summary_large_image","twitter_title":"Lagoon Mini Pushup String mit eng ausgeformten Suspensorium","twitter_description":"begrenzte One-Of-Edition aus feinem Jersey mit Meerjungfrauen-Print. Sanftm\u00fctig, elegant und wahnsinnig anziehend. Das ist der LAGOON Mini Pushup String!","twitter_image":"https:\/\/www.wojoer.de\/wp-content\/uploads\/2017\/04\/Y1B15_lagoon_side_wojoer.jpg","twitter_misc":{"Estimated reading time":"1 minute"},"schema":{"@context":"https:\/\/schema.org","@graph":[{"@type":"WebPage","@id":"https:\/\/www.wojoer.de\/produkt\/lagoon-mini-pushup-string\/","url":"https:\/\/www.wojoer.de\/produkt\/lagoon-mini-pushup-string\/","name":"Lagoon Mini Pushup String mit eng ausgeformten Suspensorium","isPartOf":{"@id":"https:\/\/www.wojoer.de\/#website"},"primaryImageOfPage":{"@id":"https:\/\/www.wojoer.de\/produkt\/lagoon-mini-pushup-string\/#primaryimage"},"image":{"@id":"https:\/\/www.wojoer.de\/produkt\/lagoon-mini-pushup-string\/#primaryimage"},"thumbnailUrl":"https:\/\/www.wojoer.de\/wp-content\/uploads\/2017\/04\/Y1B15_lagoon_side_wojoer.jpg","datePublished":"2024-04-08T12:23:13+00:00","dateModified":"2026-04-06T22:28:36+00:00","description":"begrenzte One-Of-Edition aus feinem Jersey mit Meerjungfrauen-Print. Sanftm\u00fctig, elegant und wahnsinnig anziehend. Das ist der LAGOON Mini Pushup String!","breadcrumb":{"@id":"https:\/\/www.wojoer.de\/produkt\/lagoon-mini-pushup-string\/#breadcrumb"},"inLanguage":"en-GB","potentialAction":[{"@type":"ReadAction","target":["https:\/\/www.wojoer.de\/produkt\/lagoon-mini-pushup-string\/"]}]},{"@type":"ImageObject","inLanguage":"en-GB","@id":"https:\/\/www.wojoer.de\/produkt\/lagoon-mini-pushup-string\/#primaryimage","url":"https:\/\/www.wojoer.de\/wp-content\/uploads\/2017\/04\/Y1B15_lagoon_side_wojoer.jpg","contentUrl":"https:\/\/www.wojoer.de\/wp-content\/uploads\/2017\/04\/Y1B15_lagoon_side_wojoer.jpg","width":2002,"height":2002,"caption":"Laggon Mini PushUp String, M\u00e4nner, Herren, Unterw\u00e4sche, sexy, knapp, Only for Me, hellblau"},{"@type":"BreadcrumbList","@id":"https:\/\/www.wojoer.de\/produkt\/lagoon-mini-pushup-string\/#breadcrumb","itemListElement":[{"@type":"ListItem","position":1,"name":"Startseite","item":"https:\/\/www.wojoer.de\/"},{"@type":"ListItem","position":2,"name":"SHOP","item":"https:\/\/www.wojoer.de\/shop\/"},{"@type":"ListItem","position":3,"name":"LAGOON MINI PUSH STRING"}]},{"@type":"WebSite","@id":"https:\/\/www.wojoer.de\/#website","url":"https:\/\/www.wojoer.de\/","name":"WOJOER","description":"clubwear for men","publisher":{"@id":"https:\/\/www.wojoer.de\/#organization"},"potentialAction":[{"@type":"SearchAction","target":{"@type":"EntryPoint","urlTemplate":"https:\/\/www.wojoer.de\/?s={search_term_string}"},"query-input":{"@type":"PropertyValueSpecification","valueRequired":true,"valueName":"search_term_string"}}],"inLanguage":"en-GB"},{"@type":"Organization","@id":"https:\/\/www.wojoer.de\/#organization","name":"Wonneberger-Manufaktur","url":"https:\/\/www.wojoer.de\/","logo":{"@type":"ImageObject","inLanguage":"en-GB","@id":"https:\/\/www.wojoer.de\/#\/schema\/logo\/image\/","url":"https:\/\/www.wojoer.de\/wp-content\/uploads\/2016\/11\/wonnebergermanufaktur_logo_BUTTON.png","contentUrl":"https:\/\/www.wojoer.de\/wp-content\/uploads\/2016\/11\/wonnebergermanufaktur_logo_BUTTON.png","width":765,"height":765,"caption":"Wonneberger-Manufaktur"},"image":{"@id":"https:\/\/www.wojoer.de\/#\/schema\/logo\/image\/"},"sameAs":["https:\/\/www.facebook.com\/wojoer\/","https:\/\/de.pinterest.com\/W0J0ER\/"]}]}},"_links":{"self":[{"href":"https:\/\/www.wojoer.de\/en\/wp-json\/wp\/v2\/product\/5496","targetHints":{"allow":["GET"]}}],"collection":[{"href":"https:\/\/www.wojoer.de\/en\/wp-json\/wp\/v2\/product"}],"about":[{"href":"https:\/\/www.wojoer.de\/en\/wp-json\/wp\/v2\/types\/product"}],"replies":[{"embeddable":true,"href":"https:\/\/www.wojoer.de\/en\/wp-json\/wp\/v2\/comments?post=5496"}],"wp:featuredmedia":[{"embeddable":true,"href":"https:\/\/www.wojoer.de\/en\/wp-json\/wp\/v2\/media\/5507"}],"wp:attachment":[{"href":"https:\/\/www.wojoer.de\/en\/wp-json\/wp\/v2\/media?parent=5496"}],"wp:term":[{"taxonomy":"product_brand","embeddable":true,"href":"https:\/\/www.wojoer.de\/en\/wp-json\/wp\/v2\/product_brand?post=5496"},{"taxonomy":"product_cat","embeddable":true,"href":"https:\/\/www.wojoer.de\/en\/wp-json\/wp\/v2\/product_cat?post=5496"},{"taxonomy":"product_tag","embeddable":true,"href":"https:\/\/www.wojoer.de\/en\/wp-json\/wp\/v2\/product_tag?post=5496"}],"curies":[{"name":"wp","href":"https:\/\/api.w.org\/{rel}","templated":true}]}}