{"id":55066,"date":"2025-06-12T12:12:16","date_gmt":"2025-06-12T10:12:16","guid":{"rendered":"https:\/\/www.wojoer.de\/?post_type=product&#038;p=55066"},"modified":"2026-04-05T10:59:11","modified_gmt":"2026-04-05T08:59:11","slug":"beun-basic-minisock-string-extended-pouch","status":"publish","type":"product","link":"https:\/\/www.wojoer.de\/en\/produkt\/beun-basic-minisock-string-extended-pouch\/","title":{"rendered":"BEUN Mini Sock EXTENDED Thong"},"content":{"rendered":"<p id=\"tw-target-text\" class=\"tw-data-text tw-text-large XcVN5d tw-ta\" data-placeholder=\"\u00dcbersetzung\"><span lang=\"en\">Always on stock, because the BEUN Mini-Sock-Thong 320B3 is never-out-of-stock and therefore belongs to the Wojoer NOS products.<\/span><\/p>\n<h3 class=\"tw-data-text tw-text-large XcVN5d tw-ta\" data-placeholder=\"\u00dcbersetzung\"><span lang=\"en\">Sizes<\/span><\/h3>\n<p class=\"tw-data-text tw-text-large XcVN5d tw-ta\" data-placeholder=\"\u00dcbersetzung\"><span lang=\"en\">Available in sizes S, M, L, XL <\/span><\/p>\n<h3 class=\"tw-data-text tw-text-large XcVN5d tw-ta\" data-placeholder=\"\u00dcbersetzung\"><span lang=\"en\">Material composition <\/span><\/h3>\n<p class=\"tw-data-text tw-text-large XcVN5d tw-ta\" data-placeholder=\"\u00dcbersetzung\"><span lang=\"en\">BEUN: 82% polyamide, 18% elastane<\/span><\/p>\n<h3 class=\"tw-data-text tw-text-large XcVN5d tw-ta\" data-placeholder=\"\u00dcbersetzung\"><span lang=\"en\">particularities <\/span><\/h3>\n<p class=\"tw-data-text tw-text-large XcVN5d tw-ta\" data-placeholder=\"\u00dcbersetzung\"><span lang=\"en\">NOS product | suitable for bathing | silk matt surface optics | slightly transparent | airy | quick drying | stretchy | skin-tight &#038; comfortable | high quality workmanship &#8220;Made in Germany&#8221; <\/span><\/p>\n<h3 class=\"tw-data-text tw-text-large XcVN5d tw-ta\" data-placeholder=\"\u00dcbersetzung\"><span lang=\"en\">User instructions <\/span><\/h3>\n<p class=\"tw-data-text tw-text-large XcVN5d tw-ta\" data-placeholder=\"\u00dcbersetzung\"><span lang=\"en\">30 \u00b0 gentle wash | iron on a low setting<\/span><\/p>\n<h3 class=\"tw-data-text tw-text-large XcVN5d tw-ta\" data-placeholder=\"\u00dcbersetzung\"><span lang=\"en\">BEUN Mini Sock Thong &#8211; BEACH &#038; UNDERWEAR Sexy exotic. <\/span><\/h3>\n<p class=\"tw-data-text tw-text-large XcVN5d tw-ta\" data-placeholder=\"\u00dcbersetzung\"><span lang=\"en\">This tight BEUN Mini Sock Thong in crisp colors attracts everyone&#8217;s attention. So comfortable under the jeans, but much too good to always hide it. Finally there is an airy, light thong for everyday life and for swimming. Because the beach and underwear material is suitable for salt and chlorine water, very thin, silky matt and hardly noticeable on the demanding men&#8217;s skin.<\/span><\/p>\n","protected":false},"excerpt":{"rendered":"<p>Immer vorr\u00e4tig, denn der BEUN Minisock-String EXTENDED POUCH 0320S003 ist Never-Out-of-Stock und geh\u00f6rt damit zu den Wojoer NOS-Produkten.<\/p>\n<p>Erh\u00e4ltlich in den Farben  Crema |  Schwarz |  Candypink |  Vulcano |  Royalblau |  Eisblau |\u00a0 Neoncoral\u2026<\/p>\n","protected":false},"featured_media":35152,"comment_status":"open","ping_status":"closed","template":"","meta":[],"product_brand":[],"product_cat":[715,115,106,169,473,121,326],"product_tag":[108,241,558,573,119,387,192],"class_list":{"0":"post-55066","1":"product","2":"type-product","3":"status-publish","4":"has-post-thumbnail","6":"product_cat-320-beun-basic","7":"product_cat-beachwear","8":"product_cat-beun","9":"product_cat-nos-never-out-of-stock","10":"product_cat-men","11":"product_cat-underwear","12":"product_cat-wojoer","13":"product_tag-1beachwear","14":"product_tag-mini-string-bulge-string-g-string","15":"product_tag-g-string","16":"product_tag-minisock","17":"product_tag-string","18":"product_tag-transparent","19":"product_tag-unterwaesche","20":"product_shipping_class-beun","21":"pa_farbe-eisblau","22":"pa_farbe-royalblau","23":"pa_farbe-candypink","24":"pa_farbe-crema","25":"pa_farbe-neoncoral","26":"pa_farbe-neongelb","27":"pa_farbe-nude","28":"pa_farbe-vulcano","29":"pa_farbe-schwarz","30":"pa_groesse-l","31":"pa_groesse-m","32":"pa_groesse-s","33":"pa_groesse-xl","34":"pa_groesse-xxl","35":"pa_groesse-xxxl","36":"pif-has-gallery","37":"post-1","38":"odd","40":"first","41":"instock","42":"taxable","43":"shipping-taxable","44":"purchasable","45":"product-type-variable","46":"has-default-attributes"},"yoast_head":"<!-- This site is optimized with the Yoast SEO plugin v27.2 - https:\/\/yoast.com\/product\/yoast-seo-wordpress\/ -->\n<title>Basic | Minisock Thong | Beach &amp; Underwear | d\u00fcnn bequem | WOJOER<\/title>\n<meta name=\"description\" content=\"EXTENDED POUCH: Der hauchd\u00fcnne, leicht transparente BEUN Basic Mini-Sock-String liegt seidig weich auf der Haut &amp; ist in 9 phantastischen Farben erh\u00e4ltlich.\" \/>\n<meta name=\"robots\" content=\"index, follow, max-snippet:-1, max-image-preview:large, max-video-preview:-1\" \/>\n<link rel=\"canonical\" href=\"https:\/\/www.wojoer.de\/en\/produkt\/beun-basic-minisock-string-extended-pouch\/\" \/>\n<meta name=\"twitter:card\" content=\"summary_large_image\" \/>\n<meta name=\"twitter:title\" content=\"Basic | Minisock Thong | Beach &amp; Underwear | d\u00fcnn bequem | WOJOER\" \/>\n<meta name=\"twitter:description\" content=\"EXTENDED POUCH: Der hauchd\u00fcnne, leicht transparente BEUN Basic Mini-Sock-String liegt seidig weich auf der Haut &amp; ist in 9 phantastischen Farben erh\u00e4ltlich.\" \/>\n<meta name=\"twitter:image\" content=\"https:\/\/www.wojoer.de\/wp-content\/uploads\/2021\/01\/320B3_BEUN_BASIC_Minisock_String_neon_coral_side_wojoer_-1.jpg\" \/>\n<meta name=\"twitter:label1\" content=\"Estimated reading time\" \/>\n\t<meta name=\"twitter:data1\" content=\"3 minutes\" \/>\n<script type=\"application\/ld+json\" class=\"yoast-schema-graph\">{\"@context\":\"https:\/\/schema.org\",\"@graph\":[{\"@type\":\"WebPage\",\"@id\":\"https:\/\/www.wojoer.de\/produkt\/beun-basic-minisock-string-extended-pouch\/\",\"url\":\"https:\/\/www.wojoer.de\/produkt\/beun-basic-minisock-string-extended-pouch\/\",\"name\":\"Basic | Minisock Thong | Beach & Underwear | d\u00fcnn bequem | WOJOER\",\"isPartOf\":{\"@id\":\"https:\/\/www.wojoer.de\/#website\"},\"primaryImageOfPage\":{\"@id\":\"https:\/\/www.wojoer.de\/produkt\/beun-basic-minisock-string-extended-pouch\/#primaryimage\"},\"image\":{\"@id\":\"https:\/\/www.wojoer.de\/produkt\/beun-basic-minisock-string-extended-pouch\/#primaryimage\"},\"thumbnailUrl\":\"https:\/\/www.wojoer.de\/wp-content\/uploads\/2021\/01\/320B3_BEUN_BASIC_Minisock_String_neon_coral_side_wojoer_-1.jpg\",\"datePublished\":\"2025-06-12T10:12:16+00:00\",\"dateModified\":\"2026-04-05T08:59:11+00:00\",\"description\":\"EXTENDED POUCH: Der hauchd\u00fcnne, leicht transparente BEUN Basic Mini-Sock-String liegt seidig weich auf der Haut & ist in 9 phantastischen Farben erh\u00e4ltlich.\",\"breadcrumb\":{\"@id\":\"https:\/\/www.wojoer.de\/produkt\/beun-basic-minisock-string-extended-pouch\/#breadcrumb\"},\"inLanguage\":\"en-GB\",\"potentialAction\":[{\"@type\":\"ReadAction\",\"target\":[\"https:\/\/www.wojoer.de\/produkt\/beun-basic-minisock-string-extended-pouch\/\"]}]},{\"@type\":\"ImageObject\",\"inLanguage\":\"en-GB\",\"@id\":\"https:\/\/www.wojoer.de\/produkt\/beun-basic-minisock-string-extended-pouch\/#primaryimage\",\"url\":\"https:\/\/www.wojoer.de\/wp-content\/uploads\/2021\/01\/320B3_BEUN_BASIC_Minisock_String_neon_coral_side_wojoer_-1.jpg\",\"contentUrl\":\"https:\/\/www.wojoer.de\/wp-content\/uploads\/2021\/01\/320B3_BEUN_BASIC_Minisock_String_neon_coral_side_wojoer_-1.jpg\",\"width\":2002,\"height\":2002},{\"@type\":\"BreadcrumbList\",\"@id\":\"https:\/\/www.wojoer.de\/produkt\/beun-basic-minisock-string-extended-pouch\/#breadcrumb\",\"itemListElement\":[{\"@type\":\"ListItem\",\"position\":1,\"name\":\"Startseite\",\"item\":\"https:\/\/www.wojoer.de\/\"},{\"@type\":\"ListItem\",\"position\":2,\"name\":\"SHOP\",\"item\":\"https:\/\/www.wojoer.de\/shop\/\"},{\"@type\":\"ListItem\",\"position\":3,\"name\":\"BEUN BASIC Minisock-String EXTENDED POUCH\"}]},{\"@type\":\"WebSite\",\"@id\":\"https:\/\/www.wojoer.de\/#website\",\"url\":\"https:\/\/www.wojoer.de\/\",\"name\":\"WOJOER\",\"description\":\"clubwear for men\",\"publisher\":{\"@id\":\"https:\/\/www.wojoer.de\/#organization\"},\"potentialAction\":[{\"@type\":\"SearchAction\",\"target\":{\"@type\":\"EntryPoint\",\"urlTemplate\":\"https:\/\/www.wojoer.de\/?s={search_term_string}\"},\"query-input\":{\"@type\":\"PropertyValueSpecification\",\"valueRequired\":true,\"valueName\":\"search_term_string\"}}],\"inLanguage\":\"en-GB\"},{\"@type\":\"Organization\",\"@id\":\"https:\/\/www.wojoer.de\/#organization\",\"name\":\"Wonneberger-Manufaktur\",\"url\":\"https:\/\/www.wojoer.de\/\",\"logo\":{\"@type\":\"ImageObject\",\"inLanguage\":\"en-GB\",\"@id\":\"https:\/\/www.wojoer.de\/#\/schema\/logo\/image\/\",\"url\":\"https:\/\/www.wojoer.de\/wp-content\/uploads\/2016\/11\/wonnebergermanufaktur_logo_BUTTON.png\",\"contentUrl\":\"https:\/\/www.wojoer.de\/wp-content\/uploads\/2016\/11\/wonnebergermanufaktur_logo_BUTTON.png\",\"width\":765,\"height\":765,\"caption\":\"Wonneberger-Manufaktur\"},\"image\":{\"@id\":\"https:\/\/www.wojoer.de\/#\/schema\/logo\/image\/\"},\"sameAs\":[\"https:\/\/www.facebook.com\/wojoer\/\",\"https:\/\/de.pinterest.com\/W0J0ER\/\"]}]}<\/script>\n<!-- \/ Yoast SEO plugin. -->","yoast_head_json":{"title":"Basic | Minisock Thong | Beach & Underwear | d\u00fcnn bequem | WOJOER","description":"EXTENDED POUCH: Der hauchd\u00fcnne, leicht transparente BEUN Basic Mini-Sock-String liegt seidig weich auf der Haut & ist in 9 phantastischen Farben erh\u00e4ltlich.","robots":{"index":"index","follow":"follow","max-snippet":"max-snippet:-1","max-image-preview":"max-image-preview:large","max-video-preview":"max-video-preview:-1"},"canonical":"https:\/\/www.wojoer.de\/en\/produkt\/beun-basic-minisock-string-extended-pouch\/","twitter_card":"summary_large_image","twitter_title":"[:de]EXTENDED POUCH Minisock | Beach-Underwear | d\u00fcnn bequem[:en]Basic | Minisock Thong | Beach & Underwear | d\u00fcnn bequem | WOJOER[:]","twitter_description":"[:de]EXTENDED POUCH: Der hauchd\u00fcnne, leicht transparente BEUN Basic Mini-Sock-String liegt seidig weich auf der Haut & ist in 9 phantastischen Farben erh\u00e4ltlich.[:]","twitter_image":"https:\/\/www.wojoer.de\/wp-content\/uploads\/2021\/01\/320B3_BEUN_BASIC_Minisock_String_neon_coral_side_wojoer_-1.jpg","twitter_misc":{"Estimated reading time":"3 minutes"},"schema":{"@context":"https:\/\/schema.org","@graph":[{"@type":"WebPage","@id":"https:\/\/www.wojoer.de\/produkt\/beun-basic-minisock-string-extended-pouch\/","url":"https:\/\/www.wojoer.de\/produkt\/beun-basic-minisock-string-extended-pouch\/","name":"Basic | Minisock Thong | Beach & Underwear | d\u00fcnn bequem | WOJOER","isPartOf":{"@id":"https:\/\/www.wojoer.de\/#website"},"primaryImageOfPage":{"@id":"https:\/\/www.wojoer.de\/produkt\/beun-basic-minisock-string-extended-pouch\/#primaryimage"},"image":{"@id":"https:\/\/www.wojoer.de\/produkt\/beun-basic-minisock-string-extended-pouch\/#primaryimage"},"thumbnailUrl":"https:\/\/www.wojoer.de\/wp-content\/uploads\/2021\/01\/320B3_BEUN_BASIC_Minisock_String_neon_coral_side_wojoer_-1.jpg","datePublished":"2025-06-12T10:12:16+00:00","dateModified":"2026-04-05T08:59:11+00:00","description":"EXTENDED POUCH: Der hauchd\u00fcnne, leicht transparente BEUN Basic Mini-Sock-String liegt seidig weich auf der Haut & ist in 9 phantastischen Farben erh\u00e4ltlich.","breadcrumb":{"@id":"https:\/\/www.wojoer.de\/produkt\/beun-basic-minisock-string-extended-pouch\/#breadcrumb"},"inLanguage":"en-GB","potentialAction":[{"@type":"ReadAction","target":["https:\/\/www.wojoer.de\/produkt\/beun-basic-minisock-string-extended-pouch\/"]}]},{"@type":"ImageObject","inLanguage":"en-GB","@id":"https:\/\/www.wojoer.de\/produkt\/beun-basic-minisock-string-extended-pouch\/#primaryimage","url":"https:\/\/www.wojoer.de\/wp-content\/uploads\/2021\/01\/320B3_BEUN_BASIC_Minisock_String_neon_coral_side_wojoer_-1.jpg","contentUrl":"https:\/\/www.wojoer.de\/wp-content\/uploads\/2021\/01\/320B3_BEUN_BASIC_Minisock_String_neon_coral_side_wojoer_-1.jpg","width":2002,"height":2002},{"@type":"BreadcrumbList","@id":"https:\/\/www.wojoer.de\/produkt\/beun-basic-minisock-string-extended-pouch\/#breadcrumb","itemListElement":[{"@type":"ListItem","position":1,"name":"Startseite","item":"https:\/\/www.wojoer.de\/"},{"@type":"ListItem","position":2,"name":"SHOP","item":"https:\/\/www.wojoer.de\/shop\/"},{"@type":"ListItem","position":3,"name":"BEUN BASIC Minisock-String EXTENDED POUCH"}]},{"@type":"WebSite","@id":"https:\/\/www.wojoer.de\/#website","url":"https:\/\/www.wojoer.de\/","name":"WOJOER","description":"clubwear for men","publisher":{"@id":"https:\/\/www.wojoer.de\/#organization"},"potentialAction":[{"@type":"SearchAction","target":{"@type":"EntryPoint","urlTemplate":"https:\/\/www.wojoer.de\/?s={search_term_string}"},"query-input":{"@type":"PropertyValueSpecification","valueRequired":true,"valueName":"search_term_string"}}],"inLanguage":"en-GB"},{"@type":"Organization","@id":"https:\/\/www.wojoer.de\/#organization","name":"Wonneberger-Manufaktur","url":"https:\/\/www.wojoer.de\/","logo":{"@type":"ImageObject","inLanguage":"en-GB","@id":"https:\/\/www.wojoer.de\/#\/schema\/logo\/image\/","url":"https:\/\/www.wojoer.de\/wp-content\/uploads\/2016\/11\/wonnebergermanufaktur_logo_BUTTON.png","contentUrl":"https:\/\/www.wojoer.de\/wp-content\/uploads\/2016\/11\/wonnebergermanufaktur_logo_BUTTON.png","width":765,"height":765,"caption":"Wonneberger-Manufaktur"},"image":{"@id":"https:\/\/www.wojoer.de\/#\/schema\/logo\/image\/"},"sameAs":["https:\/\/www.facebook.com\/wojoer\/","https:\/\/de.pinterest.com\/W0J0ER\/"]}]}},"_links":{"self":[{"href":"https:\/\/www.wojoer.de\/en\/wp-json\/wp\/v2\/product\/55066","targetHints":{"allow":["GET"]}}],"collection":[{"href":"https:\/\/www.wojoer.de\/en\/wp-json\/wp\/v2\/product"}],"about":[{"href":"https:\/\/www.wojoer.de\/en\/wp-json\/wp\/v2\/types\/product"}],"replies":[{"embeddable":true,"href":"https:\/\/www.wojoer.de\/en\/wp-json\/wp\/v2\/comments?post=55066"}],"wp:featuredmedia":[{"embeddable":true,"href":"https:\/\/www.wojoer.de\/en\/wp-json\/wp\/v2\/media\/35152"}],"wp:attachment":[{"href":"https:\/\/www.wojoer.de\/en\/wp-json\/wp\/v2\/media?parent=55066"}],"wp:term":[{"taxonomy":"product_brand","embeddable":true,"href":"https:\/\/www.wojoer.de\/en\/wp-json\/wp\/v2\/product_brand?post=55066"},{"taxonomy":"product_cat","embeddable":true,"href":"https:\/\/www.wojoer.de\/en\/wp-json\/wp\/v2\/product_cat?post=55066"},{"taxonomy":"product_tag","embeddable":true,"href":"https:\/\/www.wojoer.de\/en\/wp-json\/wp\/v2\/product_tag?post=55066"}],"curies":[{"name":"wp","href":"https:\/\/api.w.org\/{rel}","templated":true}]}}