{"id":5518,"date":"2024-04-08T14:54:30","date_gmt":"2024-04-08T12:54:30","guid":{"rendered":"http:\/\/www.wojoer.de\/produkt\/lagoon-mini-slip-hipster\/"},"modified":"2025-11-05T07:38:12","modified_gmt":"2025-11-05T06:38:12","slug":"lagoon-mini-slip-hipster","status":"publish","type":"product","link":"https:\/\/www.wojoer.de\/en\/produkt\/lagoon-mini-slip-hipster\/","title":{"rendered":"LAGOON MINI HIPSTER"},"content":{"rendered":"<p>Diese One-Of-Edition ist nur begrenzt erh\u00e4ltlich, denn der Lagoon Mini Slip Hipster Y1T352.1 geh\u00f6rt zu den Wojoer ONLY FOR ME-Produkten.<\/p>\n<h3><strong>Gr\u00f6\u00dfen<\/strong><\/h3>\n<p>Erh\u00e4ltlich in den Gr\u00f6\u00dfen S, M, L, XL<\/p>\n<h3>Materialzusammensetzung<\/h3>\n<p>Jersey: 84% Recyceltes Polyester und 16% Elasthan<\/p>\n<h3>Besonderheiten<\/h3>\n<p><a href=\"http:\/\/www.wojoer.de\/?s=onlyforme&#038;post_type=product\">ONLY FOR ME Produkt<\/a>\u00a0| limitierter Meerjungfrauen-Textildruck | matte Oberfl\u00e4che |\u00a0 feines, sehr dehnbares Material | hautenge Passform| hochwertige Verarbeitung &#8220;Made in Germany&#8221;<\/p>\n<h3>Benutzerhinweise<\/h3>\n<p>30\u00b0 Normalw\u00e4sche<\/p>\n<h3>Achtung<\/h3>\n<p>Einzelst\u00fccke. Aus Produktionsgr\u00fcnden kann der Textil-Druck vom foto abweichen.<\/p>\n<h3>LAGOON feiner Jersey MINI SLIP HIPSTER<\/h3>\n<p>Mhh, zuerst legt sich der Mini Hipster anschmiegsam und \u00e4sthetisch um deine H\u00fcften. Um dich kurz darauf mit seinem helle Lagoon-Textildruck in eine m\u00e4nnliche Nixe zu verzaubern. Dadurch wirst du zum Hauptdarsteller deiner verwunschenen Fantasien. Aber nicht nur das. Deine M\u00e4nnlichkeit wird mit dem bequem geformten Sustensorium umschmeichelt, ebenso als w\u00fcrdest du unter Wasser schweben.<\/p>\n","protected":false},"excerpt":{"rendered":"<p>Diese One-Of-Edition ist nur begrenzt erh\u00e4ltlich, denn der Lagoon Mini Slip Hipster Y1T352.1 geh\u00f6rt zu den Wojoer ONLY FOR ME-Produkten.<br \/>\n<strong>Gr\u00f6\u00dfen<\/strong><br \/>\nErh\u00e4ltlich in den Gr\u00f6\u00dfen S, M, L, XL<br \/>\nMaterialzusammensetzung<br \/>\nJersey: 84% Recyceltes Polyester und 16% Elasthan<br \/>\nBesonderheiten<br \/>\nONLY FOR ME Produkt\u00a0| limitierter Meerjungfrauen-Textildruck | matte\u2026<\/p>\n","protected":false},"featured_media":5511,"comment_status":"open","ping_status":"closed","template":"","meta":[],"product_brand":[],"product_cat":[473,270,326],"product_tag":[297,301],"class_list":{"0":"post-5518","1":"product","2":"type-product","3":"status-publish","4":"has-post-thumbnail","6":"product_cat-men","7":"product_cat-onlyforme","8":"product_cat-wojoer","9":"product_tag-animal","10":"product_tag-cheeky","11":"product_shipping_class-beun","12":"pa_groesse-l","13":"pa_groesse-m","14":"pa_groesse-s","15":"pa_groesse-xl","16":"pif-has-gallery","17":"post-1","18":"odd","20":"first","21":"instock","22":"taxable","23":"shipping-taxable","24":"purchasable","25":"product-type-variable"},"yoast_head":"<!-- This site is optimized with the Yoast SEO plugin v27.2 - https:\/\/yoast.com\/product\/yoast-seo-wordpress\/ -->\n<title>Lagoon Mini Slip Hipster mit bequem ausgeformten Suspensorium<\/title>\n<meta name=\"description\" content=\"begrenzte One-Of-Edition aus feinem Jersey mit Meerjungfrauen-Print. Sanftm\u00fctig, elegant und wahnsinnig anziehend. Das ist der LAGOON Mini Slip Hipster!\" \/>\n<meta name=\"robots\" content=\"index, follow, max-snippet:-1, max-image-preview:large, max-video-preview:-1\" \/>\n<link rel=\"canonical\" href=\"https:\/\/www.wojoer.de\/en\/produkt\/lagoon-mini-slip-hipster\/\" \/>\n<meta name=\"twitter:card\" content=\"summary_large_image\" \/>\n<meta name=\"twitter:title\" content=\"Lagoon Mini Slip Hipster mit bequem ausgeformten Suspensorium\" \/>\n<meta name=\"twitter:description\" content=\"begrenzte One-Of-Edition aus feinem Jersey mit Meerjungfrauen-Print. Sanftm\u00fctig, elegant und wahnsinnig anziehend. Das ist der LAGOON Mini Slip Hipster!\" \/>\n<meta name=\"twitter:image\" content=\"https:\/\/www.wojoer.de\/wp-content\/uploads\/2017\/04\/Y1T352.1_lagoon_side_wojoer.jpg\" \/>\n<meta name=\"twitter:label1\" content=\"Estimated reading time\" \/>\n\t<meta name=\"twitter:data1\" content=\"1 minute\" \/>\n<script type=\"application\/ld+json\" class=\"yoast-schema-graph\">{\"@context\":\"https:\/\/schema.org\",\"@graph\":[{\"@type\":\"WebPage\",\"@id\":\"https:\/\/www.wojoer.de\/produkt\/lagoon-mini-slip-hipster\/\",\"url\":\"https:\/\/www.wojoer.de\/produkt\/lagoon-mini-slip-hipster\/\",\"name\":\"Lagoon Mini Slip Hipster mit bequem ausgeformten Suspensorium\",\"isPartOf\":{\"@id\":\"https:\/\/www.wojoer.de\/#website\"},\"primaryImageOfPage\":{\"@id\":\"https:\/\/www.wojoer.de\/produkt\/lagoon-mini-slip-hipster\/#primaryimage\"},\"image\":{\"@id\":\"https:\/\/www.wojoer.de\/produkt\/lagoon-mini-slip-hipster\/#primaryimage\"},\"thumbnailUrl\":\"https:\/\/www.wojoer.de\/wp-content\/uploads\/2017\/04\/Y1T352.1_lagoon_side_wojoer.jpg\",\"datePublished\":\"2024-04-08T12:54:30+00:00\",\"dateModified\":\"2025-11-05T06:38:12+00:00\",\"description\":\"begrenzte One-Of-Edition aus feinem Jersey mit Meerjungfrauen-Print. Sanftm\u00fctig, elegant und wahnsinnig anziehend. Das ist der LAGOON Mini Slip Hipster!\",\"breadcrumb\":{\"@id\":\"https:\/\/www.wojoer.de\/produkt\/lagoon-mini-slip-hipster\/#breadcrumb\"},\"inLanguage\":\"en-GB\",\"potentialAction\":[{\"@type\":\"ReadAction\",\"target\":[\"https:\/\/www.wojoer.de\/produkt\/lagoon-mini-slip-hipster\/\"]}]},{\"@type\":\"ImageObject\",\"inLanguage\":\"en-GB\",\"@id\":\"https:\/\/www.wojoer.de\/produkt\/lagoon-mini-slip-hipster\/#primaryimage\",\"url\":\"https:\/\/www.wojoer.de\/wp-content\/uploads\/2017\/04\/Y1T352.1_lagoon_side_wojoer.jpg\",\"contentUrl\":\"https:\/\/www.wojoer.de\/wp-content\/uploads\/2017\/04\/Y1T352.1_lagoon_side_wojoer.jpg\",\"width\":2002,\"height\":2002,\"caption\":\"Laggon Mini Slip Hipster, brief, shorts, Unterhose, slip, M\u00e4nner, Herren, Unterw\u00e4sche, sexy, knapp, Only for Me, hellblau\"},{\"@type\":\"BreadcrumbList\",\"@id\":\"https:\/\/www.wojoer.de\/produkt\/lagoon-mini-slip-hipster\/#breadcrumb\",\"itemListElement\":[{\"@type\":\"ListItem\",\"position\":1,\"name\":\"Startseite\",\"item\":\"https:\/\/www.wojoer.de\/\"},{\"@type\":\"ListItem\",\"position\":2,\"name\":\"SHOP\",\"item\":\"https:\/\/www.wojoer.de\/shop\/\"},{\"@type\":\"ListItem\",\"position\":3,\"name\":\"LAGOON MINI HIPSTER\"}]},{\"@type\":\"WebSite\",\"@id\":\"https:\/\/www.wojoer.de\/#website\",\"url\":\"https:\/\/www.wojoer.de\/\",\"name\":\"WOJOER\",\"description\":\"clubwear for men\",\"publisher\":{\"@id\":\"https:\/\/www.wojoer.de\/#organization\"},\"potentialAction\":[{\"@type\":\"SearchAction\",\"target\":{\"@type\":\"EntryPoint\",\"urlTemplate\":\"https:\/\/www.wojoer.de\/?s={search_term_string}\"},\"query-input\":{\"@type\":\"PropertyValueSpecification\",\"valueRequired\":true,\"valueName\":\"search_term_string\"}}],\"inLanguage\":\"en-GB\"},{\"@type\":\"Organization\",\"@id\":\"https:\/\/www.wojoer.de\/#organization\",\"name\":\"Wonneberger-Manufaktur\",\"url\":\"https:\/\/www.wojoer.de\/\",\"logo\":{\"@type\":\"ImageObject\",\"inLanguage\":\"en-GB\",\"@id\":\"https:\/\/www.wojoer.de\/#\/schema\/logo\/image\/\",\"url\":\"https:\/\/www.wojoer.de\/wp-content\/uploads\/2016\/11\/wonnebergermanufaktur_logo_BUTTON.png\",\"contentUrl\":\"https:\/\/www.wojoer.de\/wp-content\/uploads\/2016\/11\/wonnebergermanufaktur_logo_BUTTON.png\",\"width\":765,\"height\":765,\"caption\":\"Wonneberger-Manufaktur\"},\"image\":{\"@id\":\"https:\/\/www.wojoer.de\/#\/schema\/logo\/image\/\"},\"sameAs\":[\"https:\/\/www.facebook.com\/wojoer\/\",\"https:\/\/de.pinterest.com\/W0J0ER\/\"]}]}<\/script>\n<!-- \/ Yoast SEO plugin. -->","yoast_head_json":{"title":"Lagoon Mini Slip Hipster mit bequem ausgeformten Suspensorium","description":"begrenzte One-Of-Edition aus feinem Jersey mit Meerjungfrauen-Print. Sanftm\u00fctig, elegant und wahnsinnig anziehend. Das ist der LAGOON Mini Slip Hipster!","robots":{"index":"index","follow":"follow","max-snippet":"max-snippet:-1","max-image-preview":"max-image-preview:large","max-video-preview":"max-video-preview:-1"},"canonical":"https:\/\/www.wojoer.de\/en\/produkt\/lagoon-mini-slip-hipster\/","twitter_card":"summary_large_image","twitter_title":"Lagoon Mini Slip Hipster mit bequem ausgeformten Suspensorium","twitter_description":"begrenzte One-Of-Edition aus feinem Jersey mit Meerjungfrauen-Print. Sanftm\u00fctig, elegant und wahnsinnig anziehend. Das ist der LAGOON Mini Slip Hipster!","twitter_image":"https:\/\/www.wojoer.de\/wp-content\/uploads\/2017\/04\/Y1T352.1_lagoon_side_wojoer.jpg","twitter_misc":{"Estimated reading time":"1 minute"},"schema":{"@context":"https:\/\/schema.org","@graph":[{"@type":"WebPage","@id":"https:\/\/www.wojoer.de\/produkt\/lagoon-mini-slip-hipster\/","url":"https:\/\/www.wojoer.de\/produkt\/lagoon-mini-slip-hipster\/","name":"Lagoon Mini Slip Hipster mit bequem ausgeformten Suspensorium","isPartOf":{"@id":"https:\/\/www.wojoer.de\/#website"},"primaryImageOfPage":{"@id":"https:\/\/www.wojoer.de\/produkt\/lagoon-mini-slip-hipster\/#primaryimage"},"image":{"@id":"https:\/\/www.wojoer.de\/produkt\/lagoon-mini-slip-hipster\/#primaryimage"},"thumbnailUrl":"https:\/\/www.wojoer.de\/wp-content\/uploads\/2017\/04\/Y1T352.1_lagoon_side_wojoer.jpg","datePublished":"2024-04-08T12:54:30+00:00","dateModified":"2025-11-05T06:38:12+00:00","description":"begrenzte One-Of-Edition aus feinem Jersey mit Meerjungfrauen-Print. Sanftm\u00fctig, elegant und wahnsinnig anziehend. Das ist der LAGOON Mini Slip Hipster!","breadcrumb":{"@id":"https:\/\/www.wojoer.de\/produkt\/lagoon-mini-slip-hipster\/#breadcrumb"},"inLanguage":"en-GB","potentialAction":[{"@type":"ReadAction","target":["https:\/\/www.wojoer.de\/produkt\/lagoon-mini-slip-hipster\/"]}]},{"@type":"ImageObject","inLanguage":"en-GB","@id":"https:\/\/www.wojoer.de\/produkt\/lagoon-mini-slip-hipster\/#primaryimage","url":"https:\/\/www.wojoer.de\/wp-content\/uploads\/2017\/04\/Y1T352.1_lagoon_side_wojoer.jpg","contentUrl":"https:\/\/www.wojoer.de\/wp-content\/uploads\/2017\/04\/Y1T352.1_lagoon_side_wojoer.jpg","width":2002,"height":2002,"caption":"Laggon Mini Slip Hipster, brief, shorts, Unterhose, slip, M\u00e4nner, Herren, Unterw\u00e4sche, sexy, knapp, Only for Me, hellblau"},{"@type":"BreadcrumbList","@id":"https:\/\/www.wojoer.de\/produkt\/lagoon-mini-slip-hipster\/#breadcrumb","itemListElement":[{"@type":"ListItem","position":1,"name":"Startseite","item":"https:\/\/www.wojoer.de\/"},{"@type":"ListItem","position":2,"name":"SHOP","item":"https:\/\/www.wojoer.de\/shop\/"},{"@type":"ListItem","position":3,"name":"LAGOON MINI HIPSTER"}]},{"@type":"WebSite","@id":"https:\/\/www.wojoer.de\/#website","url":"https:\/\/www.wojoer.de\/","name":"WOJOER","description":"clubwear for men","publisher":{"@id":"https:\/\/www.wojoer.de\/#organization"},"potentialAction":[{"@type":"SearchAction","target":{"@type":"EntryPoint","urlTemplate":"https:\/\/www.wojoer.de\/?s={search_term_string}"},"query-input":{"@type":"PropertyValueSpecification","valueRequired":true,"valueName":"search_term_string"}}],"inLanguage":"en-GB"},{"@type":"Organization","@id":"https:\/\/www.wojoer.de\/#organization","name":"Wonneberger-Manufaktur","url":"https:\/\/www.wojoer.de\/","logo":{"@type":"ImageObject","inLanguage":"en-GB","@id":"https:\/\/www.wojoer.de\/#\/schema\/logo\/image\/","url":"https:\/\/www.wojoer.de\/wp-content\/uploads\/2016\/11\/wonnebergermanufaktur_logo_BUTTON.png","contentUrl":"https:\/\/www.wojoer.de\/wp-content\/uploads\/2016\/11\/wonnebergermanufaktur_logo_BUTTON.png","width":765,"height":765,"caption":"Wonneberger-Manufaktur"},"image":{"@id":"https:\/\/www.wojoer.de\/#\/schema\/logo\/image\/"},"sameAs":["https:\/\/www.facebook.com\/wojoer\/","https:\/\/de.pinterest.com\/W0J0ER\/"]}]}},"_links":{"self":[{"href":"https:\/\/www.wojoer.de\/en\/wp-json\/wp\/v2\/product\/5518","targetHints":{"allow":["GET"]}}],"collection":[{"href":"https:\/\/www.wojoer.de\/en\/wp-json\/wp\/v2\/product"}],"about":[{"href":"https:\/\/www.wojoer.de\/en\/wp-json\/wp\/v2\/types\/product"}],"replies":[{"embeddable":true,"href":"https:\/\/www.wojoer.de\/en\/wp-json\/wp\/v2\/comments?post=5518"}],"wp:featuredmedia":[{"embeddable":true,"href":"https:\/\/www.wojoer.de\/en\/wp-json\/wp\/v2\/media\/5511"}],"wp:attachment":[{"href":"https:\/\/www.wojoer.de\/en\/wp-json\/wp\/v2\/media?parent=5518"}],"wp:term":[{"taxonomy":"product_brand","embeddable":true,"href":"https:\/\/www.wojoer.de\/en\/wp-json\/wp\/v2\/product_brand?post=5518"},{"taxonomy":"product_cat","embeddable":true,"href":"https:\/\/www.wojoer.de\/en\/wp-json\/wp\/v2\/product_cat?post=5518"},{"taxonomy":"product_tag","embeddable":true,"href":"https:\/\/www.wojoer.de\/en\/wp-json\/wp\/v2\/product_tag?post=5518"}],"curies":[{"name":"wp","href":"https:\/\/api.w.org\/{rel}","templated":true}]}}