{"id":55304,"date":"2025-06-30T13:14:34","date_gmt":"2025-06-30T11:14:34","guid":{"rendered":"https:\/\/www.wojoer.de\/?post_type=product&#038;p=55304"},"modified":"2026-04-23T20:47:19","modified_gmt":"2026-04-23T18:47:19","slug":"schleck-mich-brasil-tanga","status":"publish","type":"product","link":"https:\/\/www.wojoer.de\/en\/produkt\/schleck-mich-brasil-tanga\/","title":{"rendered":"Schleck Mich Brasil thong"},"content":{"rendered":"<p>Der Schleck Mich Badetanga geh\u00f6rt zu den Wojoer <a href=\"https:\/\/www.wojoer.de\/produkt-kategorie\/produktion-auf-bestellung-liveproduktion\/\">LIVE-Produkten<\/a>. Sie werden ab Bestellung bei uns produziert. So k\u00f6nnen wir auf Kundenw\u00fcnsche individuell eingehen.<\/p>\n<h3>Gr\u00f6\u00dfen des\u00a0Badetanga<\/h3>\n<p>Erh\u00e4ltlich in den Gr\u00f6\u00dfen S, M, L, XL<\/p>\n<h3>Materialzusammensetzung<\/h3>\n<p>80% Polyamid | 20% Elasthan<\/p>\n<h3>Besonderheiten<\/h3>\n<p><a href=\"http:\/\/www.wojoer.de\/?s=LIVE&#038;post_type=product\">LIVE-Produkt<\/a> \u00a0| matte Oberfl\u00e4chenoptik | farbenfrohe Stoffe | enge Passform | angenehme Dehnbarkeit | hochwertige Verarbeitung &#8220;Made in Germany&#8221;<\/p>\n<h3><strong>Benutzerhinweise<\/strong><\/h3>\n<p>30\u00b0 Grad Schonw\u00e4sche, keine Weichsp\u00fcler<\/p>\n<h3>Schleck Mich Brasil Tanga &#8211; sexy Brasil Slip &#8211; Badetanga<\/h3>\n<p>Badetanga hoch oder tief getragen? Highwaist oder Lowrise? Ninetees oder Milenium? Sei frech und wild und der Hingucker auf der n\u00e4chsten Pool-Club-Party mit unserem bunt auff\u00e4lligem Schleck Mich Brasil Tanga. Die Sonne brennt, die Cocktails schmecken, das schreit nach einer Abk\u00fchlung. Nichts kann dich aufhalten, um ins k\u00fchle Nass zu springen. Au\u00dferdem verleiht der Tanga dir ein Gef\u00fchl von Freiheit und unaufhaltsam positiver Power. Chlor und Salzwasser best\u00e4ndig.<\/p>\n<p>Hier gehts zur <a href=\"https:\/\/www.wojoer.de\/groessentabelle\/\">Gr\u00f6\u00dfentabelle<\/a>.<\/p>\n","protected":false},"excerpt":{"rendered":"<p>Der Schleck Mich Badetanga geh\u00f6rt zu den Wojoer LIVE-Produkten. Sie werden ab Bestellung bei uns produziert. So k\u00f6nnen wir auf Kundenw\u00fcnsche individuell eingehen.<br \/>\nGr\u00f6\u00dfen des\u00a0Badetanga<br \/>\nErh\u00e4ltlich in den Gr\u00f6\u00dfen S, M, L, XL<br \/>\nMaterialzusammensetzung<br \/>\n80% Polyamid | 20% Elasthan<br \/>\nBesonderheiten<br \/>\nLIVE-Produkt \u00a0| matte Oberfl\u00e4chenoptik | farbenfrohe\u2026<\/p>\n","protected":false},"featured_media":55317,"comment_status":"open","ping_status":"closed","template":"","meta":[],"product_brand":[],"product_cat":[1114,709,116,471,195],"product_tag":[275,170,167],"class_list":{"0":"post-55304","1":"product","2":"type-product","3":"status-publish","4":"has-post-thumbnail","6":"product_cat-schleckmich","7":"product_cat-coral-net-ladies","8":"product_cat-clubwear","9":"product_cat-partnerlook","10":"product_cat-produktion-auf-bestellung-liveproduktion","11":"product_tag-badematt","12":"product_tag-brasil-slip","13":"product_tag-tanga","14":"product_shipping_class-beun","15":"pa_groesse-l","16":"pa_groesse-m","17":"pa_groesse-s","18":"pa_groesse-xl","19":"pa_groesse-xxl","20":"pa_groesse-xxxl","21":"pif-has-gallery","22":"post-1","23":"odd","25":"first","26":"onbackorder","27":"taxable","28":"shipping-taxable","29":"purchasable","30":"product-type-variable","31":"has-default-attributes"},"yoast_head":"<!-- This site is optimized with the Yoast SEO plugin v27.2 - https:\/\/yoast.com\/product\/yoast-seo-wordpress\/ -->\n<title>Schleck Mich | colorful | Brasil thong | WOJOER<\/title>\n<meta name=\"description\" content=\"In your coral-colored bathing leggings you walk along the beach. Sheer mesh covers your body and the sun&#039;s rays flatter your skin. Order free of charge online now.\" \/>\n<meta name=\"robots\" content=\"index, follow, max-snippet:-1, max-image-preview:large, max-video-preview:-1\" \/>\n<link rel=\"canonical\" href=\"https:\/\/www.wojoer.de\/en\/produkt\/schleck-mich-brasil-tanga\/\" \/>\n<meta name=\"twitter:card\" content=\"summary_large_image\" \/>\n<meta name=\"twitter:title\" content=\"Schleck Mich | colorful | Brasil thong | WOJOER\" \/>\n<meta name=\"twitter:description\" content=\"In your coral-colored bathing leggings you walk along the beach. Sheer mesh covers your body and the sun&#039;s rays flatter your skin. Order free of charge online now.\" \/>\n<meta name=\"twitter:image\" content=\"https:\/\/www.wojoer.de\/wp-content\/uploads\/2025\/06\/0427-B012-0D-27-06-1.-Schleck_Mich-G_Tanga-dehnbar-bunt-L-back-wojoer.jpg\" \/>\n<meta name=\"twitter:label1\" content=\"Estimated reading time\" \/>\n\t<meta name=\"twitter:data1\" content=\"1 minute\" \/>\n<script type=\"application\/ld+json\" class=\"yoast-schema-graph\">{\"@context\":\"https:\/\/schema.org\",\"@graph\":[{\"@type\":\"WebPage\",\"@id\":\"https:\/\/www.wojoer.de\/en\/produkt\/schleck-mich-brasil-tanga\/\",\"url\":\"https:\/\/www.wojoer.de\/en\/produkt\/schleck-mich-brasil-tanga\/\",\"name\":\"Schleck Mich | colorful | Brasil thong | WOJOER\",\"isPartOf\":{\"@id\":\"https:\/\/www.wojoer.de\/#website\"},\"primaryImageOfPage\":{\"@id\":\"https:\/\/www.wojoer.de\/en\/produkt\/schleck-mich-brasil-tanga\/#primaryimage\"},\"image\":{\"@id\":\"https:\/\/www.wojoer.de\/en\/produkt\/schleck-mich-brasil-tanga\/#primaryimage\"},\"thumbnailUrl\":\"https:\/\/www.wojoer.de\/wp-content\/uploads\/2025\/06\/0427-B012-0D-27-06-1.-Schleck_Mich-G_Tanga-dehnbar-bunt-L-back-wojoer.jpg\",\"datePublished\":\"2025-06-30T11:14:34+00:00\",\"dateModified\":\"2026-04-23T18:47:19+00:00\",\"description\":\"In your coral-colored bathing leggings you walk along the beach. Sheer mesh covers your body and the sun's rays flatter your skin. Order free of charge online now.\",\"breadcrumb\":{\"@id\":\"https:\/\/www.wojoer.de\/en\/produkt\/schleck-mich-brasil-tanga\/#breadcrumb\"},\"inLanguage\":\"en-GB\",\"potentialAction\":[{\"@type\":\"ReadAction\",\"target\":[\"https:\/\/www.wojoer.de\/en\/produkt\/schleck-mich-brasil-tanga\/\"]}]},{\"@type\":\"ImageObject\",\"inLanguage\":\"en-GB\",\"@id\":\"https:\/\/www.wojoer.de\/en\/produkt\/schleck-mich-brasil-tanga\/#primaryimage\",\"url\":\"https:\/\/www.wojoer.de\/wp-content\/uploads\/2025\/06\/0427-B012-0D-27-06-1.-Schleck_Mich-G_Tanga-dehnbar-bunt-L-back-wojoer.jpg\",\"contentUrl\":\"https:\/\/www.wojoer.de\/wp-content\/uploads\/2025\/06\/0427-B012-0D-27-06-1.-Schleck_Mich-G_Tanga-dehnbar-bunt-L-back-wojoer.jpg\",\"width\":2002,\"height\":2002,\"caption\":\"Schleck Mich Brasil Tanga Badetanga\"},{\"@type\":\"BreadcrumbList\",\"@id\":\"https:\/\/www.wojoer.de\/en\/produkt\/schleck-mich-brasil-tanga\/#breadcrumb\",\"itemListElement\":[{\"@type\":\"ListItem\",\"position\":1,\"name\":\"Startseite\",\"item\":\"https:\/\/www.wojoer.de\/\"},{\"@type\":\"ListItem\",\"position\":2,\"name\":\"SHOP\",\"item\":\"https:\/\/www.wojoer.de\/shop\/\"},{\"@type\":\"ListItem\",\"position\":3,\"name\":\"Schleck Mich Brasil thong\"}]},{\"@type\":\"WebSite\",\"@id\":\"https:\/\/www.wojoer.de\/#website\",\"url\":\"https:\/\/www.wojoer.de\/\",\"name\":\"WOJOER\",\"description\":\"clubwear for men\",\"publisher\":{\"@id\":\"https:\/\/www.wojoer.de\/#organization\"},\"potentialAction\":[{\"@type\":\"SearchAction\",\"target\":{\"@type\":\"EntryPoint\",\"urlTemplate\":\"https:\/\/www.wojoer.de\/?s={search_term_string}\"},\"query-input\":{\"@type\":\"PropertyValueSpecification\",\"valueRequired\":true,\"valueName\":\"search_term_string\"}}],\"inLanguage\":\"en-GB\"},{\"@type\":\"Organization\",\"@id\":\"https:\/\/www.wojoer.de\/#organization\",\"name\":\"Wonneberger-Manufaktur\",\"url\":\"https:\/\/www.wojoer.de\/\",\"logo\":{\"@type\":\"ImageObject\",\"inLanguage\":\"en-GB\",\"@id\":\"https:\/\/www.wojoer.de\/#\/schema\/logo\/image\/\",\"url\":\"https:\/\/www.wojoer.de\/wp-content\/uploads\/2016\/11\/wonnebergermanufaktur_logo_BUTTON.png\",\"contentUrl\":\"https:\/\/www.wojoer.de\/wp-content\/uploads\/2016\/11\/wonnebergermanufaktur_logo_BUTTON.png\",\"width\":765,\"height\":765,\"caption\":\"Wonneberger-Manufaktur\"},\"image\":{\"@id\":\"https:\/\/www.wojoer.de\/#\/schema\/logo\/image\/\"},\"sameAs\":[\"https:\/\/www.facebook.com\/wojoer\/\",\"https:\/\/de.pinterest.com\/W0J0ER\/\"]}]}<\/script>\n<!-- \/ Yoast SEO plugin. -->","yoast_head_json":{"title":"Schleck Mich | colorful | Brasil thong | WOJOER","description":"In your coral-colored bathing leggings you walk along the beach. Sheer mesh covers your body and the sun's rays flatter your skin. Order free of charge online now.","robots":{"index":"index","follow":"follow","max-snippet":"max-snippet:-1","max-image-preview":"max-image-preview:large","max-video-preview":"max-video-preview:-1"},"canonical":"https:\/\/www.wojoer.de\/en\/produkt\/schleck-mich-brasil-tanga\/","twitter_card":"summary_large_image","twitter_title":"Schleck Mich | colorful | Brasil thong | WOJOER","twitter_description":"In your coral-colored bathing leggings you walk along the beach. Sheer mesh covers your body and the sun's rays flatter your skin. Order free of charge online now.","twitter_image":"https:\/\/www.wojoer.de\/wp-content\/uploads\/2025\/06\/0427-B012-0D-27-06-1.-Schleck_Mich-G_Tanga-dehnbar-bunt-L-back-wojoer.jpg","twitter_misc":{"Estimated reading time":"1 minute"},"schema":{"@context":"https:\/\/schema.org","@graph":[{"@type":"WebPage","@id":"https:\/\/www.wojoer.de\/en\/produkt\/schleck-mich-brasil-tanga\/","url":"https:\/\/www.wojoer.de\/en\/produkt\/schleck-mich-brasil-tanga\/","name":"Schleck Mich | colorful | Brasil thong | WOJOER","isPartOf":{"@id":"https:\/\/www.wojoer.de\/#website"},"primaryImageOfPage":{"@id":"https:\/\/www.wojoer.de\/en\/produkt\/schleck-mich-brasil-tanga\/#primaryimage"},"image":{"@id":"https:\/\/www.wojoer.de\/en\/produkt\/schleck-mich-brasil-tanga\/#primaryimage"},"thumbnailUrl":"https:\/\/www.wojoer.de\/wp-content\/uploads\/2025\/06\/0427-B012-0D-27-06-1.-Schleck_Mich-G_Tanga-dehnbar-bunt-L-back-wojoer.jpg","datePublished":"2025-06-30T11:14:34+00:00","dateModified":"2026-04-23T18:47:19+00:00","description":"In your coral-colored bathing leggings you walk along the beach. Sheer mesh covers your body and the sun's rays flatter your skin. Order free of charge online now.","breadcrumb":{"@id":"https:\/\/www.wojoer.de\/en\/produkt\/schleck-mich-brasil-tanga\/#breadcrumb"},"inLanguage":"en-GB","potentialAction":[{"@type":"ReadAction","target":["https:\/\/www.wojoer.de\/en\/produkt\/schleck-mich-brasil-tanga\/"]}]},{"@type":"ImageObject","inLanguage":"en-GB","@id":"https:\/\/www.wojoer.de\/en\/produkt\/schleck-mich-brasil-tanga\/#primaryimage","url":"https:\/\/www.wojoer.de\/wp-content\/uploads\/2025\/06\/0427-B012-0D-27-06-1.-Schleck_Mich-G_Tanga-dehnbar-bunt-L-back-wojoer.jpg","contentUrl":"https:\/\/www.wojoer.de\/wp-content\/uploads\/2025\/06\/0427-B012-0D-27-06-1.-Schleck_Mich-G_Tanga-dehnbar-bunt-L-back-wojoer.jpg","width":2002,"height":2002,"caption":"Schleck Mich Brasil Tanga Badetanga"},{"@type":"BreadcrumbList","@id":"https:\/\/www.wojoer.de\/en\/produkt\/schleck-mich-brasil-tanga\/#breadcrumb","itemListElement":[{"@type":"ListItem","position":1,"name":"Startseite","item":"https:\/\/www.wojoer.de\/"},{"@type":"ListItem","position":2,"name":"SHOP","item":"https:\/\/www.wojoer.de\/shop\/"},{"@type":"ListItem","position":3,"name":"Schleck Mich Brasil thong"}]},{"@type":"WebSite","@id":"https:\/\/www.wojoer.de\/#website","url":"https:\/\/www.wojoer.de\/","name":"WOJOER","description":"clubwear for men","publisher":{"@id":"https:\/\/www.wojoer.de\/#organization"},"potentialAction":[{"@type":"SearchAction","target":{"@type":"EntryPoint","urlTemplate":"https:\/\/www.wojoer.de\/?s={search_term_string}"},"query-input":{"@type":"PropertyValueSpecification","valueRequired":true,"valueName":"search_term_string"}}],"inLanguage":"en-GB"},{"@type":"Organization","@id":"https:\/\/www.wojoer.de\/#organization","name":"Wonneberger-Manufaktur","url":"https:\/\/www.wojoer.de\/","logo":{"@type":"ImageObject","inLanguage":"en-GB","@id":"https:\/\/www.wojoer.de\/#\/schema\/logo\/image\/","url":"https:\/\/www.wojoer.de\/wp-content\/uploads\/2016\/11\/wonnebergermanufaktur_logo_BUTTON.png","contentUrl":"https:\/\/www.wojoer.de\/wp-content\/uploads\/2016\/11\/wonnebergermanufaktur_logo_BUTTON.png","width":765,"height":765,"caption":"Wonneberger-Manufaktur"},"image":{"@id":"https:\/\/www.wojoer.de\/#\/schema\/logo\/image\/"},"sameAs":["https:\/\/www.facebook.com\/wojoer\/","https:\/\/de.pinterest.com\/W0J0ER\/"]}]}},"_links":{"self":[{"href":"https:\/\/www.wojoer.de\/en\/wp-json\/wp\/v2\/product\/55304","targetHints":{"allow":["GET"]}}],"collection":[{"href":"https:\/\/www.wojoer.de\/en\/wp-json\/wp\/v2\/product"}],"about":[{"href":"https:\/\/www.wojoer.de\/en\/wp-json\/wp\/v2\/types\/product"}],"replies":[{"embeddable":true,"href":"https:\/\/www.wojoer.de\/en\/wp-json\/wp\/v2\/comments?post=55304"}],"wp:featuredmedia":[{"embeddable":true,"href":"https:\/\/www.wojoer.de\/en\/wp-json\/wp\/v2\/media\/55317"}],"wp:attachment":[{"href":"https:\/\/www.wojoer.de\/en\/wp-json\/wp\/v2\/media?parent=55304"}],"wp:term":[{"taxonomy":"product_brand","embeddable":true,"href":"https:\/\/www.wojoer.de\/en\/wp-json\/wp\/v2\/product_brand?post=55304"},{"taxonomy":"product_cat","embeddable":true,"href":"https:\/\/www.wojoer.de\/en\/wp-json\/wp\/v2\/product_cat?post=55304"},{"taxonomy":"product_tag","embeddable":true,"href":"https:\/\/www.wojoer.de\/en\/wp-json\/wp\/v2\/product_tag?post=55304"}],"curies":[{"name":"wp","href":"https:\/\/api.w.org\/{rel}","templated":true}]}}