{"id":55374,"date":"2025-07-08T10:46:14","date_gmt":"2025-07-08T08:46:14","guid":{"rendered":"https:\/\/www.wojoer.de\/?post_type=product&#038;p=55374"},"modified":"2025-09-10T13:17:51","modified_gmt":"2025-09-10T11:17:51","slug":"cropped-hoody-schleckmich","status":"publish","type":"product","link":"https:\/\/www.wojoer.de\/en\/produkt\/cropped-hoody-schleckmich\/","title":{"rendered":"Schleck Mich Brasil thongs"},"content":{"rendered":"<h3>SchleckMich Loose Cropped Hoody &#8211; in combin with sexy Brasil Brief &#8211; Bade Mini Hipster &#8211; Bade Speedo &#8211; Badeslip &#8211; bunte knappe Badehose<\/h3>\n<p>bunte knappe Badehose<\/p>\n<p>Hier gehts zur <a href=\"https:\/\/www.wojoer.de\/groessentabelle\/\">Gr\u00f6\u00dfentabelle<\/a>.<\/p>\n<hr \/>\n<h2><strong>Produktinfo<\/strong><\/h2>\n<p><strong>Style no.:<\/strong> 0427-T029-0D-27<br \/>\n<strong>Kategorie:<\/strong> LIVE \u2013 Sonderanfertigung<br \/>\n<strong>Trageweise:<\/strong> Als au\u00dfergew\u00f6hnlich knappes und luftiges Shirt f\u00fcr Club und Strand, dominant fr\u00f6hliche Betonung deiner m\u00e4nnlichen Figur mit breiten Schultern und extrovertiertem Bauch<\/p>\n<hr \/>\n<h2><strong>Features<\/strong><\/h2>\n<p>\u2022 Sonderanfertigung im LIVE-Programm<br \/>\n\u2022 Salz und Chlorwasser resistent<br \/>\n\u2022 Stilvoll &#038; kink<br \/>\n\u2022 schnell trocknend<br \/>\n\u2022 Glatte, seidenmatte Oberfl\u00e4che<br \/>\n\u2022 Dehnbar und bequem<br \/>\n\u2022 als Clubwear oder Badeshirt<br \/>\n\u2022 Premium-Handwerk \u2013 Made in Germany<\/p>\n<hr \/>\n<h2><strong>Sonderanfertigung in anderen Farben gef\u00e4llig?<\/strong><\/h2>\n<p><img loading=\"lazy\" decoding=\"async\" class=\"size-thumbnail wp-image-55366 alignleft\" src=\"https:\/\/www.wojoer.de\/wp-content\/uploads\/2025\/07\/0427-T029-0D-01-06-1.-Schleck_Mich-Hoody_Loose_Lock-dehnbar-weiss-L-front_side-wojoer-150x150.jpg\" alt=\"\" width=\"150\" height=\"150\" srcset=\"https:\/\/www.wojoer.de\/wp-content\/uploads\/2025\/07\/0427-T029-0D-01-06-1.-Schleck_Mich-Hoody_Loose_Lock-dehnbar-weiss-L-front_side-wojoer-150x150.jpg 150w, https:\/\/www.wojoer.de\/wp-content\/uploads\/2025\/07\/0427-T029-0D-01-06-1.-Schleck_Mich-Hoody_Loose_Lock-dehnbar-weiss-L-front_side-wojoer-300x300.jpg 300w, https:\/\/www.wojoer.de\/wp-content\/uploads\/2025\/07\/0427-T029-0D-01-06-1.-Schleck_Mich-Hoody_Loose_Lock-dehnbar-weiss-L-front_side-wojoer-1024x1024.jpg 1024w, https:\/\/www.wojoer.de\/wp-content\/uploads\/2025\/07\/0427-T029-0D-01-06-1.-Schleck_Mich-Hoody_Loose_Lock-dehnbar-weiss-L-front_side-wojoer-768x768.jpg 768w, https:\/\/www.wojoer.de\/wp-content\/uploads\/2025\/07\/0427-T029-0D-01-06-1.-Schleck_Mich-Hoody_Loose_Lock-dehnbar-weiss-L-front_side-wojoer-1536x1536.jpg 1536w, https:\/\/www.wojoer.de\/wp-content\/uploads\/2025\/07\/0427-T029-0D-01-06-1.-Schleck_Mich-Hoody_Loose_Lock-dehnbar-weiss-L-front_side-wojoer-600x600.jpg 600w, https:\/\/www.wojoer.de\/wp-content\/uploads\/2025\/07\/0427-T029-0D-01-06-1.-Schleck_Mich-Hoody_Loose_Lock-dehnbar-weiss-L-front_side-wojoer-100x100.jpg 100w, https:\/\/www.wojoer.de\/wp-content\/uploads\/2025\/07\/0427-T029-0D-01-06-1.-Schleck_Mich-Hoody_Loose_Lock-dehnbar-weiss-L-front_side-wojoer.jpg 2002w\" sizes=\"auto, (max-width: 150px) 100vw, 150px\" \/> <img loading=\"lazy\" decoding=\"async\" class=\"wp-image-55365 size-thumbnail alignleft\" src=\"https:\/\/www.wojoer.de\/wp-content\/uploads\/2025\/07\/0427-T029-0D-00-06-1.-Schleck_Mich-Hoody_Loose_Lock-dehnbar-schwarz-L-front_side-wojoer-150x150.jpg\" alt=\"\" width=\"150\" height=\"150\" srcset=\"https:\/\/www.wojoer.de\/wp-content\/uploads\/2025\/07\/0427-T029-0D-00-06-1.-Schleck_Mich-Hoody_Loose_Lock-dehnbar-schwarz-L-front_side-wojoer-150x150.jpg 150w, https:\/\/www.wojoer.de\/wp-content\/uploads\/2025\/07\/0427-T029-0D-00-06-1.-Schleck_Mich-Hoody_Loose_Lock-dehnbar-schwarz-L-front_side-wojoer-300x300.jpg 300w, https:\/\/www.wojoer.de\/wp-content\/uploads\/2025\/07\/0427-T029-0D-00-06-1.-Schleck_Mich-Hoody_Loose_Lock-dehnbar-schwarz-L-front_side-wojoer-1024x1024.jpg 1024w, https:\/\/www.wojoer.de\/wp-content\/uploads\/2025\/07\/0427-T029-0D-00-06-1.-Schleck_Mich-Hoody_Loose_Lock-dehnbar-schwarz-L-front_side-wojoer-768x768.jpg 768w, https:\/\/www.wojoer.de\/wp-content\/uploads\/2025\/07\/0427-T029-0D-00-06-1.-Schleck_Mich-Hoody_Loose_Lock-dehnbar-schwarz-L-front_side-wojoer-1536x1536.jpg 1536w, https:\/\/www.wojoer.de\/wp-content\/uploads\/2025\/07\/0427-T029-0D-00-06-1.-Schleck_Mich-Hoody_Loose_Lock-dehnbar-schwarz-L-front_side-wojoer-600x600.jpg 600w, https:\/\/www.wojoer.de\/wp-content\/uploads\/2025\/07\/0427-T029-0D-00-06-1.-Schleck_Mich-Hoody_Loose_Lock-dehnbar-schwarz-L-front_side-wojoer-100x100.jpg 100w, https:\/\/www.wojoer.de\/wp-content\/uploads\/2025\/07\/0427-T029-0D-00-06-1.-Schleck_Mich-Hoody_Loose_Lock-dehnbar-schwarz-L-front_side-wojoer.jpg 2002w\" sizes=\"auto, (max-width: 150px) 100vw, 150px\" \/><\/p>\n<p>&nbsp;<\/p>\n<p>Wie w\u00e4r&#8217;s in Wei\u00df-Lila oder Schwarz-Wei\u00df?<\/p>\n<p>SCHREIB UNS AN! mail@wojoer.de<\/p>\n<p>&nbsp;<\/p>\n<p>&nbsp;<\/p>\n<p>&nbsp;<\/p>\n<hr \/>\n<h2><strong>Materialien<\/strong><\/h2>\n<p><strong>Badeglanz:<\/strong> 80\u202f% Polyamid 20% Elasthan<br \/>\n<strong>Folienaufdruck: <\/strong>Polyurethan<\/p>\n<hr \/>\n<h2><strong>Pflegehinweise<\/strong><\/h2>\n<p>\u2022 Nur Handw\u00e4sche oder Schonwaschmaschinengang bei 20\u00b0 \u2013 vorsichtig mit kaltem bis warmem Wasser (max. 20\u202f\u00b0C) und milder Seife abtupfen<br \/>\n\u2022 B\u00fcgeln nicht n\u00f6tig<br \/>\n\u2022 \u26a0\ufe0f keine chemische Reinigung<\/p>\n<p>\u2022 \u26a0\ufe0f nicht zu lange der Sonne aussetzen, da diese die Neonfarben vorzeitig ausbleichen kann<\/p>\n<p>Das SchleckMich Cropped Hoody &#8211; Bade shirt &#8211; geh\u00f6rt zu den Wojoer <a href=\"https:\/\/www.wojoer.de\/produkt-kategorie\/produktion-auf-bestellung-liveproduktion\/\">LIVE-Produkten<\/a>. Sie werden ab Bestellung bei uns produziert. So k\u00f6nnen wir auf Kundenw\u00fcnsche individuell eingehen.<\/p>\n","protected":false},"excerpt":{"rendered":"<p>SchleckMich Loose Cropped Hoody &#8211; in combin with sexy Brasil Brief &#8211; Bade Mini Hipster &#8211; Bade Speedo &#8211; Badeslip &#8211; bunte knappe Badehose<br \/>\nbunte knappe Badehose<\/p>\n<p>Hier gehts zur Gr\u00f6\u00dfentabelle.<\/p>\n<p><strong>Produktinfo<\/strong><br \/>\n<strong>Style no.:<\/strong> 0427-T029-0D-27<br \/>\n<strong>Kategorie:<\/strong> LIVE \u2013 Sonderanfertigung<br \/>\n<strong>Trageweise:<\/strong> Als au\u00dfergew\u00f6hnlich knappes und luftiges Shirt\u2026<\/p>\n","protected":false},"featured_media":55370,"comment_status":"open","ping_status":"closed","template":"","meta":[],"product_brand":[],"product_cat":[1114,709,116,471,195],"product_tag":[275,170,167],"class_list":{"0":"post-55374","1":"product","2":"type-product","3":"status-publish","4":"has-post-thumbnail","6":"product_cat-schleckmich","7":"product_cat-coral-net-ladies","8":"product_cat-clubwear","9":"product_cat-partnerlook","10":"product_cat-produktion-auf-bestellung-liveproduktion","11":"product_tag-badematt","12":"product_tag-brasil-slip","13":"product_tag-tanga","14":"product_shipping_class-beun","15":"pa_groesse-lxl","16":"pa_groesse-ml","17":"pa_groesse-sm","18":"pa_groesse-xxl-3xl","19":"pif-has-gallery","20":"post-1","21":"odd","23":"first","24":"onbackorder","25":"taxable","26":"shipping-taxable","27":"purchasable","28":"product-type-variable"},"yoast_head":"<!-- This site is optimized with the Yoast SEO plugin v27.2 - https:\/\/yoast.com\/product\/yoast-seo-wordpress\/ -->\n<title>Schleck Mich | colorful | Brasil thong | WOJOER<\/title>\n<meta name=\"description\" content=\"In your coral-colored bathing leggings you walk along the beach. Sheer mesh covers your body and the sun&#039;s rays flatter your skin. Order free of charge online now.\" \/>\n<meta name=\"robots\" content=\"index, follow, max-snippet:-1, max-image-preview:large, max-video-preview:-1\" \/>\n<link rel=\"canonical\" href=\"https:\/\/www.wojoer.de\/en\/produkt\/cropped-hoody-schleckmich\/\" \/>\n<meta name=\"twitter:card\" content=\"summary_large_image\" \/>\n<meta name=\"twitter:title\" content=\"Schleck Mich | colorful | Brasil thong | WOJOER\" \/>\n<meta name=\"twitter:description\" content=\"In your coral-colored bathing leggings you walk along the beach. Sheer mesh covers your body and the sun&#039;s rays flatter your skin. Order free of charge online now.\" \/>\n<meta name=\"twitter:image\" content=\"https:\/\/www.wojoer.de\/wp-content\/uploads\/2025\/07\/0427-T029-0D-27-06-4.-Schleck_Mich-Hoody_Loose_Lock-dehnbar-bunt-L-front_side-wojoer.jpg\" \/>\n<meta name=\"twitter:label1\" content=\"Estimated reading time\" \/>\n\t<meta name=\"twitter:data1\" content=\"2 minutes\" \/>\n<script type=\"application\/ld+json\" class=\"yoast-schema-graph\">{\"@context\":\"https:\/\/schema.org\",\"@graph\":[{\"@type\":\"WebPage\",\"@id\":\"https:\/\/www.wojoer.de\/produkt\/cropped-hoody-schleckmich\/\",\"url\":\"https:\/\/www.wojoer.de\/produkt\/cropped-hoody-schleckmich\/\",\"name\":\"Schleck Mich | colorful | Brasil thong | WOJOER\",\"isPartOf\":{\"@id\":\"https:\/\/www.wojoer.de\/#website\"},\"primaryImageOfPage\":{\"@id\":\"https:\/\/www.wojoer.de\/produkt\/cropped-hoody-schleckmich\/#primaryimage\"},\"image\":{\"@id\":\"https:\/\/www.wojoer.de\/produkt\/cropped-hoody-schleckmich\/#primaryimage\"},\"thumbnailUrl\":\"https:\/\/www.wojoer.de\/wp-content\/uploads\/2025\/07\/0427-T029-0D-27-06-4.-Schleck_Mich-Hoody_Loose_Lock-dehnbar-bunt-L-front_side-wojoer.jpg\",\"datePublished\":\"2025-07-08T08:46:14+00:00\",\"dateModified\":\"2025-09-10T11:17:51+00:00\",\"description\":\"In your coral-colored bathing leggings you walk along the beach. Sheer mesh covers your body and the sun's rays flatter your skin. Order free of charge online now.\",\"breadcrumb\":{\"@id\":\"https:\/\/www.wojoer.de\/produkt\/cropped-hoody-schleckmich\/#breadcrumb\"},\"inLanguage\":\"en-GB\",\"potentialAction\":[{\"@type\":\"ReadAction\",\"target\":[\"https:\/\/www.wojoer.de\/produkt\/cropped-hoody-schleckmich\/\"]}]},{\"@type\":\"ImageObject\",\"inLanguage\":\"en-GB\",\"@id\":\"https:\/\/www.wojoer.de\/produkt\/cropped-hoody-schleckmich\/#primaryimage\",\"url\":\"https:\/\/www.wojoer.de\/wp-content\/uploads\/2025\/07\/0427-T029-0D-27-06-4.-Schleck_Mich-Hoody_Loose_Lock-dehnbar-bunt-L-front_side-wojoer.jpg\",\"contentUrl\":\"https:\/\/www.wojoer.de\/wp-content\/uploads\/2025\/07\/0427-T029-0D-27-06-4.-Schleck_Mich-Hoody_Loose_Lock-dehnbar-bunt-L-front_side-wojoer.jpg\",\"width\":2002,\"height\":2002},{\"@type\":\"BreadcrumbList\",\"@id\":\"https:\/\/www.wojoer.de\/produkt\/cropped-hoody-schleckmich\/#breadcrumb\",\"itemListElement\":[{\"@type\":\"ListItem\",\"position\":1,\"name\":\"Startseite\",\"item\":\"https:\/\/www.wojoer.de\/\"},{\"@type\":\"ListItem\",\"position\":2,\"name\":\"SHOP\",\"item\":\"https:\/\/www.wojoer.de\/shop\/\"},{\"@type\":\"ListItem\",\"position\":3,\"name\":\"SchleckMich Loose Cropped Hoody\"}]},{\"@type\":\"WebSite\",\"@id\":\"https:\/\/www.wojoer.de\/#website\",\"url\":\"https:\/\/www.wojoer.de\/\",\"name\":\"WOJOER\",\"description\":\"clubwear for men\",\"publisher\":{\"@id\":\"https:\/\/www.wojoer.de\/#organization\"},\"potentialAction\":[{\"@type\":\"SearchAction\",\"target\":{\"@type\":\"EntryPoint\",\"urlTemplate\":\"https:\/\/www.wojoer.de\/?s={search_term_string}\"},\"query-input\":{\"@type\":\"PropertyValueSpecification\",\"valueRequired\":true,\"valueName\":\"search_term_string\"}}],\"inLanguage\":\"en-GB\"},{\"@type\":\"Organization\",\"@id\":\"https:\/\/www.wojoer.de\/#organization\",\"name\":\"Wonneberger-Manufaktur\",\"url\":\"https:\/\/www.wojoer.de\/\",\"logo\":{\"@type\":\"ImageObject\",\"inLanguage\":\"en-GB\",\"@id\":\"https:\/\/www.wojoer.de\/#\/schema\/logo\/image\/\",\"url\":\"https:\/\/www.wojoer.de\/wp-content\/uploads\/2016\/11\/wonnebergermanufaktur_logo_BUTTON.png\",\"contentUrl\":\"https:\/\/www.wojoer.de\/wp-content\/uploads\/2016\/11\/wonnebergermanufaktur_logo_BUTTON.png\",\"width\":765,\"height\":765,\"caption\":\"Wonneberger-Manufaktur\"},\"image\":{\"@id\":\"https:\/\/www.wojoer.de\/#\/schema\/logo\/image\/\"},\"sameAs\":[\"https:\/\/www.facebook.com\/wojoer\/\",\"https:\/\/de.pinterest.com\/W0J0ER\/\"]}]}<\/script>\n<!-- \/ Yoast SEO plugin. -->","yoast_head_json":{"title":"Schleck Mich | colorful | Brasil thong | WOJOER","description":"In your coral-colored bathing leggings you walk along the beach. Sheer mesh covers your body and the sun's rays flatter your skin. Order free of charge online now.","robots":{"index":"index","follow":"follow","max-snippet":"max-snippet:-1","max-image-preview":"max-image-preview:large","max-video-preview":"max-video-preview:-1"},"canonical":"https:\/\/www.wojoer.de\/en\/produkt\/cropped-hoody-schleckmich\/","twitter_card":"summary_large_image","twitter_title":"[:de]Cropped Hoody \"SchleckMich\"| Bade | Club | WOJOER[:en]Schleck Mich | colorful | Brasil thong | WOJOER[:]","twitter_description":"[:de]Badetanga SchleckMich: Sei frech und wild und der Hingucker auf der n\u00e4chsten Pool-Club-Party. Jetzt versandkostenfrei online bestellen.bunte knappe BadehoseCropped Hoody[:en]In your coral-colored bathing leggings you walk along the beach. Sheer mesh covers your body and the sun's rays flatter your skin. Order free of charge online now.[:]","twitter_image":"https:\/\/www.wojoer.de\/wp-content\/uploads\/2025\/07\/0427-T029-0D-27-06-4.-Schleck_Mich-Hoody_Loose_Lock-dehnbar-bunt-L-front_side-wojoer.jpg","twitter_misc":{"Estimated reading time":"2 minutes"},"schema":{"@context":"https:\/\/schema.org","@graph":[{"@type":"WebPage","@id":"https:\/\/www.wojoer.de\/produkt\/cropped-hoody-schleckmich\/","url":"https:\/\/www.wojoer.de\/produkt\/cropped-hoody-schleckmich\/","name":"Schleck Mich | colorful | Brasil thong | WOJOER","isPartOf":{"@id":"https:\/\/www.wojoer.de\/#website"},"primaryImageOfPage":{"@id":"https:\/\/www.wojoer.de\/produkt\/cropped-hoody-schleckmich\/#primaryimage"},"image":{"@id":"https:\/\/www.wojoer.de\/produkt\/cropped-hoody-schleckmich\/#primaryimage"},"thumbnailUrl":"https:\/\/www.wojoer.de\/wp-content\/uploads\/2025\/07\/0427-T029-0D-27-06-4.-Schleck_Mich-Hoody_Loose_Lock-dehnbar-bunt-L-front_side-wojoer.jpg","datePublished":"2025-07-08T08:46:14+00:00","dateModified":"2025-09-10T11:17:51+00:00","description":"In your coral-colored bathing leggings you walk along the beach. Sheer mesh covers your body and the sun's rays flatter your skin. Order free of charge online now.","breadcrumb":{"@id":"https:\/\/www.wojoer.de\/produkt\/cropped-hoody-schleckmich\/#breadcrumb"},"inLanguage":"en-GB","potentialAction":[{"@type":"ReadAction","target":["https:\/\/www.wojoer.de\/produkt\/cropped-hoody-schleckmich\/"]}]},{"@type":"ImageObject","inLanguage":"en-GB","@id":"https:\/\/www.wojoer.de\/produkt\/cropped-hoody-schleckmich\/#primaryimage","url":"https:\/\/www.wojoer.de\/wp-content\/uploads\/2025\/07\/0427-T029-0D-27-06-4.-Schleck_Mich-Hoody_Loose_Lock-dehnbar-bunt-L-front_side-wojoer.jpg","contentUrl":"https:\/\/www.wojoer.de\/wp-content\/uploads\/2025\/07\/0427-T029-0D-27-06-4.-Schleck_Mich-Hoody_Loose_Lock-dehnbar-bunt-L-front_side-wojoer.jpg","width":2002,"height":2002},{"@type":"BreadcrumbList","@id":"https:\/\/www.wojoer.de\/produkt\/cropped-hoody-schleckmich\/#breadcrumb","itemListElement":[{"@type":"ListItem","position":1,"name":"Startseite","item":"https:\/\/www.wojoer.de\/"},{"@type":"ListItem","position":2,"name":"SHOP","item":"https:\/\/www.wojoer.de\/shop\/"},{"@type":"ListItem","position":3,"name":"SchleckMich Loose Cropped Hoody"}]},{"@type":"WebSite","@id":"https:\/\/www.wojoer.de\/#website","url":"https:\/\/www.wojoer.de\/","name":"WOJOER","description":"clubwear for men","publisher":{"@id":"https:\/\/www.wojoer.de\/#organization"},"potentialAction":[{"@type":"SearchAction","target":{"@type":"EntryPoint","urlTemplate":"https:\/\/www.wojoer.de\/?s={search_term_string}"},"query-input":{"@type":"PropertyValueSpecification","valueRequired":true,"valueName":"search_term_string"}}],"inLanguage":"en-GB"},{"@type":"Organization","@id":"https:\/\/www.wojoer.de\/#organization","name":"Wonneberger-Manufaktur","url":"https:\/\/www.wojoer.de\/","logo":{"@type":"ImageObject","inLanguage":"en-GB","@id":"https:\/\/www.wojoer.de\/#\/schema\/logo\/image\/","url":"https:\/\/www.wojoer.de\/wp-content\/uploads\/2016\/11\/wonnebergermanufaktur_logo_BUTTON.png","contentUrl":"https:\/\/www.wojoer.de\/wp-content\/uploads\/2016\/11\/wonnebergermanufaktur_logo_BUTTON.png","width":765,"height":765,"caption":"Wonneberger-Manufaktur"},"image":{"@id":"https:\/\/www.wojoer.de\/#\/schema\/logo\/image\/"},"sameAs":["https:\/\/www.facebook.com\/wojoer\/","https:\/\/de.pinterest.com\/W0J0ER\/"]}]}},"_links":{"self":[{"href":"https:\/\/www.wojoer.de\/en\/wp-json\/wp\/v2\/product\/55374","targetHints":{"allow":["GET"]}}],"collection":[{"href":"https:\/\/www.wojoer.de\/en\/wp-json\/wp\/v2\/product"}],"about":[{"href":"https:\/\/www.wojoer.de\/en\/wp-json\/wp\/v2\/types\/product"}],"replies":[{"embeddable":true,"href":"https:\/\/www.wojoer.de\/en\/wp-json\/wp\/v2\/comments?post=55374"}],"wp:featuredmedia":[{"embeddable":true,"href":"https:\/\/www.wojoer.de\/en\/wp-json\/wp\/v2\/media\/55370"}],"wp:attachment":[{"href":"https:\/\/www.wojoer.de\/en\/wp-json\/wp\/v2\/media?parent=55374"}],"wp:term":[{"taxonomy":"product_brand","embeddable":true,"href":"https:\/\/www.wojoer.de\/en\/wp-json\/wp\/v2\/product_brand?post=55374"},{"taxonomy":"product_cat","embeddable":true,"href":"https:\/\/www.wojoer.de\/en\/wp-json\/wp\/v2\/product_cat?post=55374"},{"taxonomy":"product_tag","embeddable":true,"href":"https:\/\/www.wojoer.de\/en\/wp-json\/wp\/v2\/product_tag?post=55374"}],"curies":[{"name":"wp","href":"https:\/\/api.w.org\/{rel}","templated":true}]}}