{"id":5540,"date":"2017-04-27T11:36:27","date_gmt":"2017-04-27T09:36:27","guid":{"rendered":"http:\/\/www.wojoer.de\/produkt\/badelongpants-matt-blau\/"},"modified":"2023-07-25T19:01:54","modified_gmt":"2023-07-25T17:01:54","slug":"badelongpants-matt-blau","status":"publish","type":"product","link":"https:\/\/www.wojoer.de\/en\/produkt\/badelongpants-matt-blau\/","title":{"rendered":"Bade Longpants matt blau 334W602.1B"},"content":{"rendered":"<p>Die matt blauen Badelongpants 334W602.1B werden auf erst Bestellung produziert und geh\u00f6ren damit zur Wojoer LIVE-Produktion.<\/p>\n<h3>Gr\u00f6\u00dfen<\/h3>\n<p>Erh\u00e4ltlich in den Gr\u00f6\u00dfen S, M, L, XL<\/p>\n<h3>Materialzusammensetzung<\/h3>\n<p><span class=\"a-list-item\">80% Polyamit 20% Elasthan<br \/>\n<\/span><\/p>\n<h3>Besonderheiten<\/h3>\n<p><a href=\"http:\/\/www.wojoer.de\/?s=LIVE&#038;post_type=product\">LIVE-Produkt<\/a> | angenehm weich | bequeme, hautenge Passform | knackiger Po ohne Naht | schwarze Kontrastdetails am Bund und Suspensorium\u00a0 | hochwertige Verarbeitung &#8220;Made in Germany&#8221;<\/p>\n<h3>Benutzerhinweise<\/h3>\n<p>30\u00b0 W\u00e4sche<\/p>\n<h3>MATTE BADEHOSE- m\u00e4nnlich sportliche Badelongpants Beach Pants<\/h3>\n<p>Gew\u00f6hnliche Badehosen kommen f\u00fcr Deinen Adonis-K\u00f6rper nicht in Frage? Dann ist die matte WOJOER Bade-Longpants genau das Richtige f\u00fcr dich. Denn die enge Schnittform und der Verzicht auf die Po-Naht l\u00e4sst die anliegende Shorts regelrecht mit Deinen H\u00fcften verschmelzen. Dennoch bietet sie viel Freiheit wo es n\u00f6tig ist und wird zum perfekten Begleiter am Strand oder im Club. Neben dem knackig geformten Ges\u00e4\u00df, sorgt zudem der knackig straffe, schwarze Bund ohne Schn\u00fcrung f\u00fcr sportlichen Badespa\u00df. \u00dcbrigens entfalten die schwarzen Kontrastf\u00e4den am Suspensorium einen besonders interessanten Hingucker.<\/p>\n","protected":false},"excerpt":{"rendered":"<p>Die matt blauen Badelongpants 334W602.1B werden auf erst Bestellung produziert und geh\u00f6ren damit zur Wojoer LIVE-Produktion.<br \/>\nGr\u00f6\u00dfen<br \/>\nErh\u00e4ltlich in den Gr\u00f6\u00dfen S, M, L, XL<br \/>\nMaterialzusammensetzung<br \/>\n80% Polyamit 20% Elasthan<\/p>\n<p>Besonderheiten<br \/>\nLIVE-Produkt | angenehm weich | bequeme, hautenge Passform | knackiger Po ohne Naht | schwarze\u2026<\/p>\n","protected":false},"featured_media":5534,"comment_status":"open","ping_status":"closed","template":"","meta":[],"product_brand":[],"product_cat":[807,115,473,195,326],"product_tag":[275,108,259,273],"class_list":{"0":"post-5540","1":"product","2":"type-product","3":"status-publish","4":"has-post-thumbnail","6":"product_cat-334-badematt","7":"product_cat-beachwear","8":"product_cat-men","9":"product_cat-produktion-auf-bestellung-liveproduktion","10":"product_cat-wojoer","11":"product_tag-badematt","12":"product_tag-1beachwear","13":"product_tag-longpants","14":"product_tag-pants","15":"product_shipping_class-beun","16":"pa_groesse-l","17":"pa_groesse-m","18":"pa_groesse-s","19":"pa_groesse-xl","20":"pif-has-gallery","21":"post-1","22":"odd","24":"first","25":"onbackorder","26":"taxable","27":"shipping-taxable","28":"purchasable","29":"product-type-variable","30":"has-default-attributes"},"yoast_head":"<!-- This site is optimized with the Yoast SEO plugin v27.2 - https:\/\/yoast.com\/product\/yoast-seo-wordpress\/ -->\n<title>Badelongpants blau | slim fit ohne Ges\u00e4\u00df-Naht | WOJOER<\/title>\n<meta name=\"description\" content=\"Die matten WOJOER Badelongpants zaubern einen knackigen Po ohne Ges\u00e4\u00dfnaht. Kontrstreiche Akzente am Bund und der Vordernaht sind ein Highlight.\" \/>\n<meta name=\"robots\" content=\"index, follow, max-snippet:-1, max-image-preview:large, max-video-preview:-1\" \/>\n<link rel=\"canonical\" href=\"https:\/\/www.wojoer.de\/en\/produkt\/badelongpants-matt-blau\/\" \/>\n<meta name=\"twitter:card\" content=\"summary_large_image\" \/>\n<meta name=\"twitter:title\" content=\"Badelongpants blau | slim fit ohne Ges\u00e4\u00df-Naht | WOJOER\" \/>\n<meta name=\"twitter:description\" content=\"Die matten WOJOER Badelongpants zaubern einen knackigen Po ohne Ges\u00e4\u00dfnaht. Kontrstreiche Akzente am Bund und der Vordernaht sind ein Highlight.\" \/>\n<meta name=\"twitter:image\" content=\"https:\/\/www.wojoer.de\/wp-content\/uploads\/2017\/04\/334W602_1_badematt_longpant_lightblue_side_wojoer.jpg\" \/>\n<meta name=\"twitter:label1\" content=\"Estimated reading time\" \/>\n\t<meta name=\"twitter:data1\" content=\"1 minute\" \/>\n<script type=\"application\/ld+json\" class=\"yoast-schema-graph\">{\"@context\":\"https:\/\/schema.org\",\"@graph\":[{\"@type\":\"WebPage\",\"@id\":\"https:\/\/www.wojoer.de\/en\/produkt\/badelongpants-matt-blau\/\",\"url\":\"https:\/\/www.wojoer.de\/en\/produkt\/badelongpants-matt-blau\/\",\"name\":\"Badelongpants blau | slim fit ohne Ges\u00e4\u00df-Naht | WOJOER\",\"isPartOf\":{\"@id\":\"https:\/\/www.wojoer.de\/#website\"},\"primaryImageOfPage\":{\"@id\":\"https:\/\/www.wojoer.de\/en\/produkt\/badelongpants-matt-blau\/#primaryimage\"},\"image\":{\"@id\":\"https:\/\/www.wojoer.de\/en\/produkt\/badelongpants-matt-blau\/#primaryimage\"},\"thumbnailUrl\":\"https:\/\/www.wojoer.de\/wp-content\/uploads\/2017\/04\/334W602_1_badematt_longpant_lightblue_side_wojoer.jpg\",\"datePublished\":\"2017-04-27T09:36:27+00:00\",\"dateModified\":\"2023-07-25T17:01:54+00:00\",\"description\":\"Die matten WOJOER Badelongpants zaubern einen knackigen Po ohne Ges\u00e4\u00dfnaht. Kontrstreiche Akzente am Bund und der Vordernaht sind ein Highlight.\",\"breadcrumb\":{\"@id\":\"https:\/\/www.wojoer.de\/en\/produkt\/badelongpants-matt-blau\/#breadcrumb\"},\"inLanguage\":\"en-GB\",\"potentialAction\":[{\"@type\":\"ReadAction\",\"target\":[\"https:\/\/www.wojoer.de\/en\/produkt\/badelongpants-matt-blau\/\"]}]},{\"@type\":\"ImageObject\",\"inLanguage\":\"en-GB\",\"@id\":\"https:\/\/www.wojoer.de\/en\/produkt\/badelongpants-matt-blau\/#primaryimage\",\"url\":\"https:\/\/www.wojoer.de\/wp-content\/uploads\/2017\/04\/334W602_1_badematt_longpant_lightblue_side_wojoer.jpg\",\"contentUrl\":\"https:\/\/www.wojoer.de\/wp-content\/uploads\/2017\/04\/334W602_1_badematt_longpant_lightblue_side_wojoer.jpg\",\"width\":2002,\"height\":2002,\"caption\":\"Badelongpants, Shorts, Badehose, Badestoff matt, blau, hellblau, schwarz\"},{\"@type\":\"BreadcrumbList\",\"@id\":\"https:\/\/www.wojoer.de\/en\/produkt\/badelongpants-matt-blau\/#breadcrumb\",\"itemListElement\":[{\"@type\":\"ListItem\",\"position\":1,\"name\":\"Startseite\",\"item\":\"https:\/\/www.wojoer.de\/\"},{\"@type\":\"ListItem\",\"position\":2,\"name\":\"SHOP\",\"item\":\"https:\/\/www.wojoer.de\/shop\/\"},{\"@type\":\"ListItem\",\"position\":3,\"name\":\"Bade Longpants matt blau 334W602.1B\"}]},{\"@type\":\"WebSite\",\"@id\":\"https:\/\/www.wojoer.de\/#website\",\"url\":\"https:\/\/www.wojoer.de\/\",\"name\":\"WOJOER\",\"description\":\"clubwear for men\",\"publisher\":{\"@id\":\"https:\/\/www.wojoer.de\/#organization\"},\"potentialAction\":[{\"@type\":\"SearchAction\",\"target\":{\"@type\":\"EntryPoint\",\"urlTemplate\":\"https:\/\/www.wojoer.de\/?s={search_term_string}\"},\"query-input\":{\"@type\":\"PropertyValueSpecification\",\"valueRequired\":true,\"valueName\":\"search_term_string\"}}],\"inLanguage\":\"en-GB\"},{\"@type\":\"Organization\",\"@id\":\"https:\/\/www.wojoer.de\/#organization\",\"name\":\"Wonneberger-Manufaktur\",\"url\":\"https:\/\/www.wojoer.de\/\",\"logo\":{\"@type\":\"ImageObject\",\"inLanguage\":\"en-GB\",\"@id\":\"https:\/\/www.wojoer.de\/#\/schema\/logo\/image\/\",\"url\":\"https:\/\/www.wojoer.de\/wp-content\/uploads\/2016\/11\/wonnebergermanufaktur_logo_BUTTON.png\",\"contentUrl\":\"https:\/\/www.wojoer.de\/wp-content\/uploads\/2016\/11\/wonnebergermanufaktur_logo_BUTTON.png\",\"width\":765,\"height\":765,\"caption\":\"Wonneberger-Manufaktur\"},\"image\":{\"@id\":\"https:\/\/www.wojoer.de\/#\/schema\/logo\/image\/\"},\"sameAs\":[\"https:\/\/www.facebook.com\/wojoer\/\",\"https:\/\/de.pinterest.com\/W0J0ER\/\"]}]}<\/script>\n<!-- \/ Yoast SEO plugin. -->","yoast_head_json":{"title":"Badelongpants blau | slim fit ohne Ges\u00e4\u00df-Naht | WOJOER","description":"Die matten WOJOER Badelongpants zaubern einen knackigen Po ohne Ges\u00e4\u00dfnaht. Kontrstreiche Akzente am Bund und der Vordernaht sind ein Highlight.","robots":{"index":"index","follow":"follow","max-snippet":"max-snippet:-1","max-image-preview":"max-image-preview:large","max-video-preview":"max-video-preview:-1"},"canonical":"https:\/\/www.wojoer.de\/en\/produkt\/badelongpants-matt-blau\/","twitter_card":"summary_large_image","twitter_title":"Badelongpants blau | slim fit ohne Ges\u00e4\u00df-Naht | WOJOER","twitter_description":"Die matten WOJOER Badelongpants zaubern einen knackigen Po ohne Ges\u00e4\u00dfnaht. Kontrstreiche Akzente am Bund und der Vordernaht sind ein Highlight.","twitter_image":"https:\/\/www.wojoer.de\/wp-content\/uploads\/2017\/04\/334W602_1_badematt_longpant_lightblue_side_wojoer.jpg","twitter_misc":{"Estimated reading time":"1 minute"},"schema":{"@context":"https:\/\/schema.org","@graph":[{"@type":"WebPage","@id":"https:\/\/www.wojoer.de\/en\/produkt\/badelongpants-matt-blau\/","url":"https:\/\/www.wojoer.de\/en\/produkt\/badelongpants-matt-blau\/","name":"Badelongpants blau | slim fit ohne Ges\u00e4\u00df-Naht | WOJOER","isPartOf":{"@id":"https:\/\/www.wojoer.de\/#website"},"primaryImageOfPage":{"@id":"https:\/\/www.wojoer.de\/en\/produkt\/badelongpants-matt-blau\/#primaryimage"},"image":{"@id":"https:\/\/www.wojoer.de\/en\/produkt\/badelongpants-matt-blau\/#primaryimage"},"thumbnailUrl":"https:\/\/www.wojoer.de\/wp-content\/uploads\/2017\/04\/334W602_1_badematt_longpant_lightblue_side_wojoer.jpg","datePublished":"2017-04-27T09:36:27+00:00","dateModified":"2023-07-25T17:01:54+00:00","description":"Die matten WOJOER Badelongpants zaubern einen knackigen Po ohne Ges\u00e4\u00dfnaht. Kontrstreiche Akzente am Bund und der Vordernaht sind ein Highlight.","breadcrumb":{"@id":"https:\/\/www.wojoer.de\/en\/produkt\/badelongpants-matt-blau\/#breadcrumb"},"inLanguage":"en-GB","potentialAction":[{"@type":"ReadAction","target":["https:\/\/www.wojoer.de\/en\/produkt\/badelongpants-matt-blau\/"]}]},{"@type":"ImageObject","inLanguage":"en-GB","@id":"https:\/\/www.wojoer.de\/en\/produkt\/badelongpants-matt-blau\/#primaryimage","url":"https:\/\/www.wojoer.de\/wp-content\/uploads\/2017\/04\/334W602_1_badematt_longpant_lightblue_side_wojoer.jpg","contentUrl":"https:\/\/www.wojoer.de\/wp-content\/uploads\/2017\/04\/334W602_1_badematt_longpant_lightblue_side_wojoer.jpg","width":2002,"height":2002,"caption":"Badelongpants, Shorts, Badehose, Badestoff matt, blau, hellblau, schwarz"},{"@type":"BreadcrumbList","@id":"https:\/\/www.wojoer.de\/en\/produkt\/badelongpants-matt-blau\/#breadcrumb","itemListElement":[{"@type":"ListItem","position":1,"name":"Startseite","item":"https:\/\/www.wojoer.de\/"},{"@type":"ListItem","position":2,"name":"SHOP","item":"https:\/\/www.wojoer.de\/shop\/"},{"@type":"ListItem","position":3,"name":"Bade Longpants matt blau 334W602.1B"}]},{"@type":"WebSite","@id":"https:\/\/www.wojoer.de\/#website","url":"https:\/\/www.wojoer.de\/","name":"WOJOER","description":"clubwear for men","publisher":{"@id":"https:\/\/www.wojoer.de\/#organization"},"potentialAction":[{"@type":"SearchAction","target":{"@type":"EntryPoint","urlTemplate":"https:\/\/www.wojoer.de\/?s={search_term_string}"},"query-input":{"@type":"PropertyValueSpecification","valueRequired":true,"valueName":"search_term_string"}}],"inLanguage":"en-GB"},{"@type":"Organization","@id":"https:\/\/www.wojoer.de\/#organization","name":"Wonneberger-Manufaktur","url":"https:\/\/www.wojoer.de\/","logo":{"@type":"ImageObject","inLanguage":"en-GB","@id":"https:\/\/www.wojoer.de\/#\/schema\/logo\/image\/","url":"https:\/\/www.wojoer.de\/wp-content\/uploads\/2016\/11\/wonnebergermanufaktur_logo_BUTTON.png","contentUrl":"https:\/\/www.wojoer.de\/wp-content\/uploads\/2016\/11\/wonnebergermanufaktur_logo_BUTTON.png","width":765,"height":765,"caption":"Wonneberger-Manufaktur"},"image":{"@id":"https:\/\/www.wojoer.de\/#\/schema\/logo\/image\/"},"sameAs":["https:\/\/www.facebook.com\/wojoer\/","https:\/\/de.pinterest.com\/W0J0ER\/"]}]}},"_links":{"self":[{"href":"https:\/\/www.wojoer.de\/en\/wp-json\/wp\/v2\/product\/5540","targetHints":{"allow":["GET"]}}],"collection":[{"href":"https:\/\/www.wojoer.de\/en\/wp-json\/wp\/v2\/product"}],"about":[{"href":"https:\/\/www.wojoer.de\/en\/wp-json\/wp\/v2\/types\/product"}],"replies":[{"embeddable":true,"href":"https:\/\/www.wojoer.de\/en\/wp-json\/wp\/v2\/comments?post=5540"}],"wp:featuredmedia":[{"embeddable":true,"href":"https:\/\/www.wojoer.de\/en\/wp-json\/wp\/v2\/media\/5534"}],"wp:attachment":[{"href":"https:\/\/www.wojoer.de\/en\/wp-json\/wp\/v2\/media?parent=5540"}],"wp:term":[{"taxonomy":"product_brand","embeddable":true,"href":"https:\/\/www.wojoer.de\/en\/wp-json\/wp\/v2\/product_brand?post=5540"},{"taxonomy":"product_cat","embeddable":true,"href":"https:\/\/www.wojoer.de\/en\/wp-json\/wp\/v2\/product_cat?post=5540"},{"taxonomy":"product_tag","embeddable":true,"href":"https:\/\/www.wojoer.de\/en\/wp-json\/wp\/v2\/product_tag?post=5540"}],"curies":[{"name":"wp","href":"https:\/\/api.w.org\/{rel}","templated":true}]}}