{"id":5545,"date":"2017-04-27T11:43:01","date_gmt":"2017-04-27T09:43:01","guid":{"rendered":"http:\/\/www.wojoer.de\/produkt\/herren-bade-leggings-matt-blau-kopie\/"},"modified":"2025-06-18T08:45:57","modified_gmt":"2025-06-18T06:45:57","slug":"herren-bade-leggings-matt-blau-kopie","status":"publish","type":"product","link":"https:\/\/www.wojoer.de\/en\/produkt\/herren-bade-leggings-matt-blau-kopie\/","title":{"rendered":"Bade Leggings matt blau 334W601.1B"},"content":{"rendered":"<p>Die matt blauen Herren Bade Leggings\u00a0334W601.1B werden auf erst Bestellung produziert und geh\u00f6ren damit zur Wojoer LIVE-Produktion.<\/p>\n<h3>Gr\u00f6\u00dfen<\/h3>\n<p>Erh\u00e4ltlich in den Gr\u00f6\u00dfen S, M, L, XL<\/p>\n<h3>Materialzusammensetzung<\/h3>\n<p><span class=\"a-list-item\">80% Polyamit 20% Elasthan<br \/>\n<\/span><\/p>\n<h3>Besonderheiten<\/h3>\n<p><a href=\"http:\/\/www.wojoer.de\/?s=LIVE&#038;post_type=product\">LIVE-Produkt<\/a> | angenehm weich | bequeme, hautenge Passform | knackiger Po ohne Naht | schwarze Kontrastdetails am Bund und Suspensorium\u00a0 | hochwertige Verarbeitung &#8220;Made in Germany&#8221;<\/p>\n<h3>Benutzerhinweise<\/h3>\n<p>30\u00b0 W\u00e4sche<\/p>\n<h3>MATTE BADEHOSE- m\u00e4nnlich sportliche Herren Bade Leggings Beach Pants<\/h3>\n<p>Du willst nicht nur eine gw\u00f6hnliche Badehose f\u00fcr Deinen Adonis-K\u00f6rper? Dann ist die matte WOJOER Bade-Pants genau das Richtige f\u00fcr dich.<br \/>\nDenn die enge Schnittform und der Verzicht auf die Po-Naht l\u00e4sst die Shorts regelrecht mit Deinen H\u00fcften verschmelzen. Dennoch bietet sie viel Freiheit wo es n\u00f6tig ist und wird zum perfekten Begleiter am Strand oder im Club. Neben dem knackig geformten Ges\u00e4\u00df, sorgen zudem der schwarze Bund und Kontrastf\u00e4den am Suspensorium f\u00fcr einen besonderen Hingucker.<\/p>\n<p>&nbsp;<\/p>\n","protected":false},"excerpt":{"rendered":"<p>Die matt blauen Herren Bade Leggings\u00a0334W601.1B werden auf erst Bestellung produziert und geh\u00f6ren damit zur Wojoer LIVE-Produktion.<br \/>\nGr\u00f6\u00dfen<br \/>\nErh\u00e4ltlich in den Gr\u00f6\u00dfen S, M, L, XL<br \/>\nMaterialzusammensetzung<br \/>\n80% Polyamit 20% Elasthan<\/p>\n<p>Besonderheiten<br \/>\nLIVE-Produkt | angenehm weich | bequeme, hautenge Passform | knackiger Po ohne Naht |\u2026<\/p>\n","protected":false},"featured_media":5531,"comment_status":"open","ping_status":"closed","template":"","meta":[],"product_brand":[],"product_cat":[807,115,473,195,326],"product_tag":[275,108,244],"class_list":{"0":"post-5545","1":"product","2":"type-product","3":"status-publish","4":"has-post-thumbnail","6":"product_cat-334-badematt","7":"product_cat-beachwear","8":"product_cat-men","9":"product_cat-produktion-auf-bestellung-liveproduktion","10":"product_cat-wojoer","11":"product_tag-badematt","12":"product_tag-1beachwear","13":"product_tag-leggings","14":"product_shipping_class-beun","15":"pa_groesse-l","16":"pa_groesse-m","17":"pa_groesse-s","18":"pa_groesse-xl","19":"pif-has-gallery","20":"post-1","21":"odd","23":"first","24":"onbackorder","25":"taxable","26":"shipping-taxable","27":"purchasable","28":"product-type-variable","29":"has-default-attributes"},"yoast_head":"<!-- This site is optimized with the Yoast SEO plugin v27.2 - https:\/\/yoast.com\/product\/yoast-seo-wordpress\/ -->\n<title>Herren Bade Leggings blau | slim fit ohne Ges\u00e4\u00df-Naht | WOJOER<\/title>\n<meta name=\"description\" content=\"Die matten WOJOER Herren Bade Leggings zaubern einen knackigen Po ohne Ges\u00e4\u00dfnaht. Kontrstreiche Akzente am Bund und der Vordernaht sind ein Highlight.\" \/>\n<meta name=\"robots\" content=\"index, follow, max-snippet:-1, max-image-preview:large, max-video-preview:-1\" \/>\n<link rel=\"canonical\" href=\"https:\/\/www.wojoer.de\/en\/produkt\/herren-bade-leggings-matt-blau-kopie\/\" \/>\n<meta name=\"twitter:card\" content=\"summary_large_image\" \/>\n<meta name=\"twitter:title\" content=\"Herren Bade Leggings blau | slim fit ohne Ges\u00e4\u00df-Naht | WOJOER\" \/>\n<meta name=\"twitter:description\" content=\"Die matten WOJOER Herren Bade Leggings zaubern einen knackigen Po ohne Ges\u00e4\u00dfnaht. Kontrstreiche Akzente am Bund und der Vordernaht sind ein Highlight.\" \/>\n<meta name=\"twitter:image\" content=\"https:\/\/www.wojoer.de\/wp-content\/uploads\/2017\/04\/334W601_1_badematt_leggings_lightblue_side_wojoer.jpg\" \/>\n<meta name=\"twitter:label1\" content=\"Estimated reading time\" \/>\n\t<meta name=\"twitter:data1\" content=\"1 minute\" \/>\n<script type=\"application\/ld+json\" class=\"yoast-schema-graph\">{\"@context\":\"https:\/\/schema.org\",\"@graph\":[{\"@type\":\"WebPage\",\"@id\":\"https:\/\/www.wojoer.de\/en\/produkt\/herren-bade-leggings-matt-blau-kopie\/\",\"url\":\"https:\/\/www.wojoer.de\/en\/produkt\/herren-bade-leggings-matt-blau-kopie\/\",\"name\":\"Herren Bade Leggings blau | slim fit ohne Ges\u00e4\u00df-Naht | WOJOER\",\"isPartOf\":{\"@id\":\"https:\/\/www.wojoer.de\/#website\"},\"primaryImageOfPage\":{\"@id\":\"https:\/\/www.wojoer.de\/en\/produkt\/herren-bade-leggings-matt-blau-kopie\/#primaryimage\"},\"image\":{\"@id\":\"https:\/\/www.wojoer.de\/en\/produkt\/herren-bade-leggings-matt-blau-kopie\/#primaryimage\"},\"thumbnailUrl\":\"https:\/\/www.wojoer.de\/wp-content\/uploads\/2017\/04\/334W601_1_badematt_leggings_lightblue_side_wojoer.jpg\",\"datePublished\":\"2017-04-27T09:43:01+00:00\",\"dateModified\":\"2025-06-18T06:45:57+00:00\",\"description\":\"Die matten WOJOER Herren Bade Leggings zaubern einen knackigen Po ohne Ges\u00e4\u00dfnaht. Kontrstreiche Akzente am Bund und der Vordernaht sind ein Highlight.\",\"breadcrumb\":{\"@id\":\"https:\/\/www.wojoer.de\/en\/produkt\/herren-bade-leggings-matt-blau-kopie\/#breadcrumb\"},\"inLanguage\":\"en-GB\",\"potentialAction\":[{\"@type\":\"ReadAction\",\"target\":[\"https:\/\/www.wojoer.de\/en\/produkt\/herren-bade-leggings-matt-blau-kopie\/\"]}]},{\"@type\":\"ImageObject\",\"inLanguage\":\"en-GB\",\"@id\":\"https:\/\/www.wojoer.de\/en\/produkt\/herren-bade-leggings-matt-blau-kopie\/#primaryimage\",\"url\":\"https:\/\/www.wojoer.de\/wp-content\/uploads\/2017\/04\/334W601_1_badematt_leggings_lightblue_side_wojoer.jpg\",\"contentUrl\":\"https:\/\/www.wojoer.de\/wp-content\/uploads\/2017\/04\/334W601_1_badematt_leggings_lightblue_side_wojoer.jpg\",\"width\":2002,\"height\":2002,\"caption\":\"Herren Bade leggings, Badehose, Badestoff matt, blau, hellblau, schwarz\"},{\"@type\":\"BreadcrumbList\",\"@id\":\"https:\/\/www.wojoer.de\/en\/produkt\/herren-bade-leggings-matt-blau-kopie\/#breadcrumb\",\"itemListElement\":[{\"@type\":\"ListItem\",\"position\":1,\"name\":\"Startseite\",\"item\":\"https:\/\/www.wojoer.de\/\"},{\"@type\":\"ListItem\",\"position\":2,\"name\":\"SHOP\",\"item\":\"https:\/\/www.wojoer.de\/shop\/\"},{\"@type\":\"ListItem\",\"position\":3,\"name\":\"Bade Leggings matt blau 334W601.1B\"}]},{\"@type\":\"WebSite\",\"@id\":\"https:\/\/www.wojoer.de\/#website\",\"url\":\"https:\/\/www.wojoer.de\/\",\"name\":\"WOJOER\",\"description\":\"clubwear for men\",\"publisher\":{\"@id\":\"https:\/\/www.wojoer.de\/#organization\"},\"potentialAction\":[{\"@type\":\"SearchAction\",\"target\":{\"@type\":\"EntryPoint\",\"urlTemplate\":\"https:\/\/www.wojoer.de\/?s={search_term_string}\"},\"query-input\":{\"@type\":\"PropertyValueSpecification\",\"valueRequired\":true,\"valueName\":\"search_term_string\"}}],\"inLanguage\":\"en-GB\"},{\"@type\":\"Organization\",\"@id\":\"https:\/\/www.wojoer.de\/#organization\",\"name\":\"Wonneberger-Manufaktur\",\"url\":\"https:\/\/www.wojoer.de\/\",\"logo\":{\"@type\":\"ImageObject\",\"inLanguage\":\"en-GB\",\"@id\":\"https:\/\/www.wojoer.de\/#\/schema\/logo\/image\/\",\"url\":\"https:\/\/www.wojoer.de\/wp-content\/uploads\/2016\/11\/wonnebergermanufaktur_logo_BUTTON.png\",\"contentUrl\":\"https:\/\/www.wojoer.de\/wp-content\/uploads\/2016\/11\/wonnebergermanufaktur_logo_BUTTON.png\",\"width\":765,\"height\":765,\"caption\":\"Wonneberger-Manufaktur\"},\"image\":{\"@id\":\"https:\/\/www.wojoer.de\/#\/schema\/logo\/image\/\"},\"sameAs\":[\"https:\/\/www.facebook.com\/wojoer\/\",\"https:\/\/de.pinterest.com\/W0J0ER\/\"]}]}<\/script>\n<!-- \/ Yoast SEO plugin. -->","yoast_head_json":{"title":"Herren Bade Leggings blau | slim fit ohne Ges\u00e4\u00df-Naht | WOJOER","description":"Die matten WOJOER Herren Bade Leggings zaubern einen knackigen Po ohne Ges\u00e4\u00dfnaht. Kontrstreiche Akzente am Bund und der Vordernaht sind ein Highlight.","robots":{"index":"index","follow":"follow","max-snippet":"max-snippet:-1","max-image-preview":"max-image-preview:large","max-video-preview":"max-video-preview:-1"},"canonical":"https:\/\/www.wojoer.de\/en\/produkt\/herren-bade-leggings-matt-blau-kopie\/","twitter_card":"summary_large_image","twitter_title":"Herren Bade Leggings blau | slim fit ohne Ges\u00e4\u00df-Naht | WOJOER","twitter_description":"Die matten WOJOER Herren Bade Leggings zaubern einen knackigen Po ohne Ges\u00e4\u00dfnaht. Kontrstreiche Akzente am Bund und der Vordernaht sind ein Highlight.","twitter_image":"https:\/\/www.wojoer.de\/wp-content\/uploads\/2017\/04\/334W601_1_badematt_leggings_lightblue_side_wojoer.jpg","twitter_misc":{"Estimated reading time":"1 minute"},"schema":{"@context":"https:\/\/schema.org","@graph":[{"@type":"WebPage","@id":"https:\/\/www.wojoer.de\/en\/produkt\/herren-bade-leggings-matt-blau-kopie\/","url":"https:\/\/www.wojoer.de\/en\/produkt\/herren-bade-leggings-matt-blau-kopie\/","name":"Herren Bade Leggings blau | slim fit ohne Ges\u00e4\u00df-Naht | WOJOER","isPartOf":{"@id":"https:\/\/www.wojoer.de\/#website"},"primaryImageOfPage":{"@id":"https:\/\/www.wojoer.de\/en\/produkt\/herren-bade-leggings-matt-blau-kopie\/#primaryimage"},"image":{"@id":"https:\/\/www.wojoer.de\/en\/produkt\/herren-bade-leggings-matt-blau-kopie\/#primaryimage"},"thumbnailUrl":"https:\/\/www.wojoer.de\/wp-content\/uploads\/2017\/04\/334W601_1_badematt_leggings_lightblue_side_wojoer.jpg","datePublished":"2017-04-27T09:43:01+00:00","dateModified":"2025-06-18T06:45:57+00:00","description":"Die matten WOJOER Herren Bade Leggings zaubern einen knackigen Po ohne Ges\u00e4\u00dfnaht. Kontrstreiche Akzente am Bund und der Vordernaht sind ein Highlight.","breadcrumb":{"@id":"https:\/\/www.wojoer.de\/en\/produkt\/herren-bade-leggings-matt-blau-kopie\/#breadcrumb"},"inLanguage":"en-GB","potentialAction":[{"@type":"ReadAction","target":["https:\/\/www.wojoer.de\/en\/produkt\/herren-bade-leggings-matt-blau-kopie\/"]}]},{"@type":"ImageObject","inLanguage":"en-GB","@id":"https:\/\/www.wojoer.de\/en\/produkt\/herren-bade-leggings-matt-blau-kopie\/#primaryimage","url":"https:\/\/www.wojoer.de\/wp-content\/uploads\/2017\/04\/334W601_1_badematt_leggings_lightblue_side_wojoer.jpg","contentUrl":"https:\/\/www.wojoer.de\/wp-content\/uploads\/2017\/04\/334W601_1_badematt_leggings_lightblue_side_wojoer.jpg","width":2002,"height":2002,"caption":"Herren Bade leggings, Badehose, Badestoff matt, blau, hellblau, schwarz"},{"@type":"BreadcrumbList","@id":"https:\/\/www.wojoer.de\/en\/produkt\/herren-bade-leggings-matt-blau-kopie\/#breadcrumb","itemListElement":[{"@type":"ListItem","position":1,"name":"Startseite","item":"https:\/\/www.wojoer.de\/"},{"@type":"ListItem","position":2,"name":"SHOP","item":"https:\/\/www.wojoer.de\/shop\/"},{"@type":"ListItem","position":3,"name":"Bade Leggings matt blau 334W601.1B"}]},{"@type":"WebSite","@id":"https:\/\/www.wojoer.de\/#website","url":"https:\/\/www.wojoer.de\/","name":"WOJOER","description":"clubwear for men","publisher":{"@id":"https:\/\/www.wojoer.de\/#organization"},"potentialAction":[{"@type":"SearchAction","target":{"@type":"EntryPoint","urlTemplate":"https:\/\/www.wojoer.de\/?s={search_term_string}"},"query-input":{"@type":"PropertyValueSpecification","valueRequired":true,"valueName":"search_term_string"}}],"inLanguage":"en-GB"},{"@type":"Organization","@id":"https:\/\/www.wojoer.de\/#organization","name":"Wonneberger-Manufaktur","url":"https:\/\/www.wojoer.de\/","logo":{"@type":"ImageObject","inLanguage":"en-GB","@id":"https:\/\/www.wojoer.de\/#\/schema\/logo\/image\/","url":"https:\/\/www.wojoer.de\/wp-content\/uploads\/2016\/11\/wonnebergermanufaktur_logo_BUTTON.png","contentUrl":"https:\/\/www.wojoer.de\/wp-content\/uploads\/2016\/11\/wonnebergermanufaktur_logo_BUTTON.png","width":765,"height":765,"caption":"Wonneberger-Manufaktur"},"image":{"@id":"https:\/\/www.wojoer.de\/#\/schema\/logo\/image\/"},"sameAs":["https:\/\/www.facebook.com\/wojoer\/","https:\/\/de.pinterest.com\/W0J0ER\/"]}]}},"_links":{"self":[{"href":"https:\/\/www.wojoer.de\/en\/wp-json\/wp\/v2\/product\/5545","targetHints":{"allow":["GET"]}}],"collection":[{"href":"https:\/\/www.wojoer.de\/en\/wp-json\/wp\/v2\/product"}],"about":[{"href":"https:\/\/www.wojoer.de\/en\/wp-json\/wp\/v2\/types\/product"}],"replies":[{"embeddable":true,"href":"https:\/\/www.wojoer.de\/en\/wp-json\/wp\/v2\/comments?post=5545"}],"wp:featuredmedia":[{"embeddable":true,"href":"https:\/\/www.wojoer.de\/en\/wp-json\/wp\/v2\/media\/5531"}],"wp:attachment":[{"href":"https:\/\/www.wojoer.de\/en\/wp-json\/wp\/v2\/media?parent=5545"}],"wp:term":[{"taxonomy":"product_brand","embeddable":true,"href":"https:\/\/www.wojoer.de\/en\/wp-json\/wp\/v2\/product_brand?post=5545"},{"taxonomy":"product_cat","embeddable":true,"href":"https:\/\/www.wojoer.de\/en\/wp-json\/wp\/v2\/product_cat?post=5545"},{"taxonomy":"product_tag","embeddable":true,"href":"https:\/\/www.wojoer.de\/en\/wp-json\/wp\/v2\/product_tag?post=5545"}],"curies":[{"name":"wp","href":"https:\/\/api.w.org\/{rel}","templated":true}]}}