{"id":5571,"date":"2025-04-09T12:52:51","date_gmt":"2025-04-09T10:52:51","guid":{"rendered":"http:\/\/www.wojoer.de\/produkt\/perl-glanz-badehipster-neonpink\/"},"modified":"2026-04-08T09:45:08","modified_gmt":"2026-04-08T07:45:08","slug":"perl-glanz-badehipster-335b9-5","status":"publish","type":"product","link":"https:\/\/www.wojoer.de\/en\/produkt\/perl-glanz-badehipster-335b9-5\/","title":{"rendered":"Bade Hipster Glanz 335B9.5"},"content":{"rendered":"<p>Der Perl-glanz Badehipster 335B9.5 wird erst auf Bestellung produziert und geh\u00f6ren damit zur Wojoer LIVE-Produktion.<\/p>\n<p>Erh\u00e4ltlich in verschiedenen Farben: Neonpink, Neongr\u00fcn, Neongelb, Rot<\/p>\n<h3>Gr\u00f6\u00dfen<\/h3>\n<p>Erh\u00e4ltlich in den Gr\u00f6\u00dfen S, M, L, XL<\/p>\n<h3>Materialzusammensetzung<\/h3>\n<p><span class=\"a-list-item\">80% Polyamid 20% Elasthan<br \/>\n<\/span><\/p>\n<h3>Besonderheiten<\/h3>\n<p><a href=\"http:\/\/www.wojoer.de\/?s=LIVE&#038;post_type=product\">LIVE-Produkt<\/a> | angenehm weich | exklusiver Glanz | bequeme, hautenge Passform | knackiger Po ohne Naht | schwarze Kontrastdetails am Bund und Suspensorium\u00a0 | hochwertige Verarbeitung &#8220;Made in Germany&#8221;<\/p>\n<h3>Benutzerhinweise<\/h3>\n<p>30\u00b0 W\u00e4sche<\/p>\n<h3>Perl-Glanz BADEHIPSTER- m\u00e4nnlich sportliche Badepant Beach Pants<\/h3>\n<p>Du willst eine knall enge, super knappe Badehose, ma\u00dfgeschneidert f\u00fcr Deinen Adonis-K\u00f6rper? Dann bist du bei WOJOER genau an der richtigen Stelle. Beispielsweise k\u00f6nnte der Perlglanz Badehipster in Neon Pink genau das sein, was du suchst. Denn die enge Schnittform und das ausgearbeitete Suspensorium lassen die Shorts regelrecht mit Deinen H\u00fcften verschmelzen. Dennoch bietet sie viel Freiheit wo es n\u00f6tig ist und wird zum perfekten Begleiter am Strand oder im Club.<\/p>\n<p>&nbsp;<\/p>\n","protected":false},"excerpt":{"rendered":"<p>Der Perl-glanz Badehipster 335B9.5 wird erst auf Bestellung produziert und geh\u00f6ren damit zur Wojoer LIVE-Produktion.<\/p>\n<p>Erh\u00e4ltlich in verschiedenen Farben: Neonpink, Neongr\u00fcn, Neongelb, Rot<br \/>\nGr\u00f6\u00dfen<br \/>\nErh\u00e4ltlich in den Gr\u00f6\u00dfen S, M, L, XL<br \/>\nMaterialzusammensetzung<br \/>\n80% Polyamid 20% Elasthan<\/p>\n<p>Besonderheiten<br \/>\nLIVE-Produkt | angenehm weich | exklusiver Glanz | bequeme,\u2026<\/p>\n","protected":false},"featured_media":5552,"comment_status":"open","ping_status":"closed","template":"","meta":[],"product_brand":[],"product_cat":[808,115,473,195,326],"product_tag":[276,108,102,273],"class_list":{"0":"post-5571","1":"product","2":"type-product","3":"status-publish","4":"has-post-thumbnail","6":"product_cat-badeglanz","7":"product_cat-beachwear","8":"product_cat-men","9":"product_cat-produktion-auf-bestellung-liveproduktion","10":"product_cat-wojoer","11":"product_tag-badeglanz","12":"product_tag-1beachwear","13":"product_tag-hipster","14":"product_tag-pants","15":"product_shipping_class-beun","16":"pa_farbe-eisblau","17":"pa_farbe-neongelb","18":"pa_farbe-neongruen","19":"pa_farbe-neonpink","20":"pa_farbe-orange","21":"pa_farbe-rot","22":"pa_farbe-schwarz","23":"pa_farbe-weiss","24":"pa_groesse-l","25":"pa_groesse-m","26":"pa_groesse-s","27":"pa_groesse-xl","28":"pif-has-gallery","29":"post-1","30":"odd","32":"first","33":"instock","34":"taxable","35":"shipping-taxable","36":"purchasable","37":"product-type-variable","38":"has-default-attributes"},"yoast_head":"<!-- This site is optimized with the Yoast SEO plugin v27.2 - https:\/\/yoast.com\/product\/yoast-seo-wordpress\/ -->\n<title>Perl Glanz Badehipster | slim fit | Suspensorium | WOJOER<\/title>\n<meta name=\"description\" content=\"Der WOJOER Perl-Glanz Badehipster legt sich angenehm eng &amp; verboten knapp um deine H\u00fcften. Er zieht mit seinem exklusiven Glanz jeden Blick auf sich.\" \/>\n<meta name=\"robots\" content=\"index, follow, max-snippet:-1, max-image-preview:large, max-video-preview:-1\" \/>\n<link rel=\"canonical\" href=\"https:\/\/www.wojoer.de\/en\/produkt\/perl-glanz-badehipster-335b9-5\/\" \/>\n<meta name=\"twitter:card\" content=\"summary_large_image\" \/>\n<meta name=\"twitter:title\" content=\"Perl Glanz Badehipster | slim fit | Suspensorium | WOJOER\" \/>\n<meta name=\"twitter:description\" content=\"Der WOJOER Perl-Glanz Badehipster legt sich angenehm eng &amp; verboten knapp um deine H\u00fcften. Er zieht mit seinem exklusiven Glanz jeden Blick auf sich.\" \/>\n<meta name=\"twitter:image\" content=\"https:\/\/www.wojoer.de\/wp-content\/uploads\/2017\/04\/Pant_lightblue_wojoer.jpg\" \/>\n<meta name=\"twitter:label1\" content=\"Estimated reading time\" \/>\n\t<meta name=\"twitter:data1\" content=\"2 minutes\" \/>\n<script type=\"application\/ld+json\" class=\"yoast-schema-graph\">{\"@context\":\"https:\/\/schema.org\",\"@graph\":[{\"@type\":\"WebPage\",\"@id\":\"https:\/\/www.wojoer.de\/produkt\/perl-glanz-badehipster-335b9-5\/\",\"url\":\"https:\/\/www.wojoer.de\/produkt\/perl-glanz-badehipster-335b9-5\/\",\"name\":\"Perl Glanz Badehipster | slim fit | Suspensorium | WOJOER\",\"isPartOf\":{\"@id\":\"https:\/\/www.wojoer.de\/#website\"},\"primaryImageOfPage\":{\"@id\":\"https:\/\/www.wojoer.de\/produkt\/perl-glanz-badehipster-335b9-5\/#primaryimage\"},\"image\":{\"@id\":\"https:\/\/www.wojoer.de\/produkt\/perl-glanz-badehipster-335b9-5\/#primaryimage\"},\"thumbnailUrl\":\"https:\/\/www.wojoer.de\/wp-content\/uploads\/2017\/04\/Pant_lightblue_wojoer.jpg\",\"datePublished\":\"2025-04-09T10:52:51+00:00\",\"dateModified\":\"2026-04-08T07:45:08+00:00\",\"description\":\"Der WOJOER Perl-Glanz Badehipster legt sich angenehm eng & verboten knapp um deine H\u00fcften. Er zieht mit seinem exklusiven Glanz jeden Blick auf sich.\",\"breadcrumb\":{\"@id\":\"https:\/\/www.wojoer.de\/produkt\/perl-glanz-badehipster-335b9-5\/#breadcrumb\"},\"inLanguage\":\"en-GB\",\"potentialAction\":[{\"@type\":\"ReadAction\",\"target\":[\"https:\/\/www.wojoer.de\/produkt\/perl-glanz-badehipster-335b9-5\/\"]}]},{\"@type\":\"ImageObject\",\"inLanguage\":\"en-GB\",\"@id\":\"https:\/\/www.wojoer.de\/produkt\/perl-glanz-badehipster-335b9-5\/#primaryimage\",\"url\":\"https:\/\/www.wojoer.de\/wp-content\/uploads\/2017\/04\/Pant_lightblue_wojoer.jpg\",\"contentUrl\":\"https:\/\/www.wojoer.de\/wp-content\/uploads\/2017\/04\/Pant_lightblue_wojoer.jpg\",\"width\":2002,\"height\":2002,\"caption\":\"Badepants, Shorts, Badehose, Badestoff glanz, blau, hellblau\"},{\"@type\":\"BreadcrumbList\",\"@id\":\"https:\/\/www.wojoer.de\/produkt\/perl-glanz-badehipster-335b9-5\/#breadcrumb\",\"itemListElement\":[{\"@type\":\"ListItem\",\"position\":1,\"name\":\"Startseite\",\"item\":\"https:\/\/www.wojoer.de\/\"},{\"@type\":\"ListItem\",\"position\":2,\"name\":\"SHOP\",\"item\":\"https:\/\/www.wojoer.de\/shop\/\"},{\"@type\":\"ListItem\",\"position\":3,\"name\":\"Bade Hipster Glanz\"}]},{\"@type\":\"WebSite\",\"@id\":\"https:\/\/www.wojoer.de\/#website\",\"url\":\"https:\/\/www.wojoer.de\/\",\"name\":\"WOJOER\",\"description\":\"clubwear for men\",\"publisher\":{\"@id\":\"https:\/\/www.wojoer.de\/#organization\"},\"potentialAction\":[{\"@type\":\"SearchAction\",\"target\":{\"@type\":\"EntryPoint\",\"urlTemplate\":\"https:\/\/www.wojoer.de\/?s={search_term_string}\"},\"query-input\":{\"@type\":\"PropertyValueSpecification\",\"valueRequired\":true,\"valueName\":\"search_term_string\"}}],\"inLanguage\":\"en-GB\"},{\"@type\":\"Organization\",\"@id\":\"https:\/\/www.wojoer.de\/#organization\",\"name\":\"Wonneberger-Manufaktur\",\"url\":\"https:\/\/www.wojoer.de\/\",\"logo\":{\"@type\":\"ImageObject\",\"inLanguage\":\"en-GB\",\"@id\":\"https:\/\/www.wojoer.de\/#\/schema\/logo\/image\/\",\"url\":\"https:\/\/www.wojoer.de\/wp-content\/uploads\/2016\/11\/wonnebergermanufaktur_logo_BUTTON.png\",\"contentUrl\":\"https:\/\/www.wojoer.de\/wp-content\/uploads\/2016\/11\/wonnebergermanufaktur_logo_BUTTON.png\",\"width\":765,\"height\":765,\"caption\":\"Wonneberger-Manufaktur\"},\"image\":{\"@id\":\"https:\/\/www.wojoer.de\/#\/schema\/logo\/image\/\"},\"sameAs\":[\"https:\/\/www.facebook.com\/wojoer\/\",\"https:\/\/de.pinterest.com\/W0J0ER\/\"]}]}<\/script>\n<!-- \/ Yoast SEO plugin. -->","yoast_head_json":{"title":"Perl Glanz Badehipster | slim fit | Suspensorium | WOJOER","description":"Der WOJOER Perl-Glanz Badehipster legt sich angenehm eng & verboten knapp um deine H\u00fcften. Er zieht mit seinem exklusiven Glanz jeden Blick auf sich.","robots":{"index":"index","follow":"follow","max-snippet":"max-snippet:-1","max-image-preview":"max-image-preview:large","max-video-preview":"max-video-preview:-1"},"canonical":"https:\/\/www.wojoer.de\/en\/produkt\/perl-glanz-badehipster-335b9-5\/","twitter_card":"summary_large_image","twitter_title":"[:de]Perl Glanz Badehipster | slim fit | Suspensorium | WOJOER[:]","twitter_description":"Der WOJOER Perl-Glanz Badehipster legt sich angenehm eng & verboten knapp um deine H\u00fcften. Er zieht mit seinem exklusiven Glanz jeden Blick auf sich.","twitter_image":"https:\/\/www.wojoer.de\/wp-content\/uploads\/2017\/04\/Pant_lightblue_wojoer.jpg","twitter_misc":{"Estimated reading time":"2 minutes"},"schema":{"@context":"https:\/\/schema.org","@graph":[{"@type":"WebPage","@id":"https:\/\/www.wojoer.de\/produkt\/perl-glanz-badehipster-335b9-5\/","url":"https:\/\/www.wojoer.de\/produkt\/perl-glanz-badehipster-335b9-5\/","name":"Perl Glanz Badehipster | slim fit | Suspensorium | WOJOER","isPartOf":{"@id":"https:\/\/www.wojoer.de\/#website"},"primaryImageOfPage":{"@id":"https:\/\/www.wojoer.de\/produkt\/perl-glanz-badehipster-335b9-5\/#primaryimage"},"image":{"@id":"https:\/\/www.wojoer.de\/produkt\/perl-glanz-badehipster-335b9-5\/#primaryimage"},"thumbnailUrl":"https:\/\/www.wojoer.de\/wp-content\/uploads\/2017\/04\/Pant_lightblue_wojoer.jpg","datePublished":"2025-04-09T10:52:51+00:00","dateModified":"2026-04-08T07:45:08+00:00","description":"Der WOJOER Perl-Glanz Badehipster legt sich angenehm eng & verboten knapp um deine H\u00fcften. Er zieht mit seinem exklusiven Glanz jeden Blick auf sich.","breadcrumb":{"@id":"https:\/\/www.wojoer.de\/produkt\/perl-glanz-badehipster-335b9-5\/#breadcrumb"},"inLanguage":"en-GB","potentialAction":[{"@type":"ReadAction","target":["https:\/\/www.wojoer.de\/produkt\/perl-glanz-badehipster-335b9-5\/"]}]},{"@type":"ImageObject","inLanguage":"en-GB","@id":"https:\/\/www.wojoer.de\/produkt\/perl-glanz-badehipster-335b9-5\/#primaryimage","url":"https:\/\/www.wojoer.de\/wp-content\/uploads\/2017\/04\/Pant_lightblue_wojoer.jpg","contentUrl":"https:\/\/www.wojoer.de\/wp-content\/uploads\/2017\/04\/Pant_lightblue_wojoer.jpg","width":2002,"height":2002,"caption":"Badepants, Shorts, Badehose, Badestoff glanz, blau, hellblau"},{"@type":"BreadcrumbList","@id":"https:\/\/www.wojoer.de\/produkt\/perl-glanz-badehipster-335b9-5\/#breadcrumb","itemListElement":[{"@type":"ListItem","position":1,"name":"Startseite","item":"https:\/\/www.wojoer.de\/"},{"@type":"ListItem","position":2,"name":"SHOP","item":"https:\/\/www.wojoer.de\/shop\/"},{"@type":"ListItem","position":3,"name":"Bade Hipster Glanz"}]},{"@type":"WebSite","@id":"https:\/\/www.wojoer.de\/#website","url":"https:\/\/www.wojoer.de\/","name":"WOJOER","description":"clubwear for men","publisher":{"@id":"https:\/\/www.wojoer.de\/#organization"},"potentialAction":[{"@type":"SearchAction","target":{"@type":"EntryPoint","urlTemplate":"https:\/\/www.wojoer.de\/?s={search_term_string}"},"query-input":{"@type":"PropertyValueSpecification","valueRequired":true,"valueName":"search_term_string"}}],"inLanguage":"en-GB"},{"@type":"Organization","@id":"https:\/\/www.wojoer.de\/#organization","name":"Wonneberger-Manufaktur","url":"https:\/\/www.wojoer.de\/","logo":{"@type":"ImageObject","inLanguage":"en-GB","@id":"https:\/\/www.wojoer.de\/#\/schema\/logo\/image\/","url":"https:\/\/www.wojoer.de\/wp-content\/uploads\/2016\/11\/wonnebergermanufaktur_logo_BUTTON.png","contentUrl":"https:\/\/www.wojoer.de\/wp-content\/uploads\/2016\/11\/wonnebergermanufaktur_logo_BUTTON.png","width":765,"height":765,"caption":"Wonneberger-Manufaktur"},"image":{"@id":"https:\/\/www.wojoer.de\/#\/schema\/logo\/image\/"},"sameAs":["https:\/\/www.facebook.com\/wojoer\/","https:\/\/de.pinterest.com\/W0J0ER\/"]}]}},"_links":{"self":[{"href":"https:\/\/www.wojoer.de\/en\/wp-json\/wp\/v2\/product\/5571","targetHints":{"allow":["GET"]}}],"collection":[{"href":"https:\/\/www.wojoer.de\/en\/wp-json\/wp\/v2\/product"}],"about":[{"href":"https:\/\/www.wojoer.de\/en\/wp-json\/wp\/v2\/types\/product"}],"replies":[{"embeddable":true,"href":"https:\/\/www.wojoer.de\/en\/wp-json\/wp\/v2\/comments?post=5571"}],"wp:featuredmedia":[{"embeddable":true,"href":"https:\/\/www.wojoer.de\/en\/wp-json\/wp\/v2\/media\/5552"}],"wp:attachment":[{"href":"https:\/\/www.wojoer.de\/en\/wp-json\/wp\/v2\/media?parent=5571"}],"wp:term":[{"taxonomy":"product_brand","embeddable":true,"href":"https:\/\/www.wojoer.de\/en\/wp-json\/wp\/v2\/product_brand?post=5571"},{"taxonomy":"product_cat","embeddable":true,"href":"https:\/\/www.wojoer.de\/en\/wp-json\/wp\/v2\/product_cat?post=5571"},{"taxonomy":"product_tag","embeddable":true,"href":"https:\/\/www.wojoer.de\/en\/wp-json\/wp\/v2\/product_tag?post=5571"}],"curies":[{"name":"wp","href":"https:\/\/api.w.org\/{rel}","templated":true}]}}