{"id":55791,"date":"2025-04-01T08:40:46","date_gmt":"2025-04-01T06:40:46","guid":{"rendered":"https:\/\/www.wojoer.de\/?post_type=product&#038;p=55791"},"modified":"2026-04-13T11:41:55","modified_gmt":"2026-04-13T09:41:55","slug":"beun-eco-3er-set-pants","status":"publish","type":"product","link":"https:\/\/www.wojoer.de\/en\/produkt\/beun-eco-3er-set-pants\/","title":{"rendered":"BEUN BRANDED eco Pants"},"content":{"rendered":"<h3>Unterhose &#8211; sexy Boxershorts &#8211; Underwear Brief &#8211; breathable underwear pants &#8211; breathable underwear shorts<\/h3>\n<p>breathable underwear pants &#8211; bunt knappes Unterhosen Set<\/p>\n<p>Sexy exotisch. Diese breathable underwear pants BEUN ECO M\u00e4nnerunterhosen, in 3 sportlich auffalenden Farben, ziehen alle Blicke auf dich. So bequem unter der Jeans, aber viel zu schade, um diese recycelten Pants immer zu verstecken. Endlich gibt es eine luftig, leichte Shorts f\u00fcr den Alltag und zum Baden in einem umweltfreundlich recycelten Polyamid. Denn das Beach- und Underwear Material ist salz- und chlorwassergeeignet, hauch d\u00fcnn, seidig matt und auf der anspruchsvollen M\u00e4nnerhaut kaum zu sp\u00fcren. Aber Achtung: Die leichte Transparenz ist nichts f\u00fcr Kaltbl\u00fcter, denn diese Sport Shorts sorgt schnell f\u00fcr hei\u00dfe Blicke.<\/p>\n<p>Hier gehts zur <a href=\"https:\/\/www.wojoer.de\/groessentabelle\/\">Gr\u00f6\u00dfentabelle<\/a>.<\/p>\n<hr \/>\n<h2><strong>Produktinfo<\/strong><\/h2>\n<p><strong>Style no.:<\/strong> 0420-P725-3D-16<br \/>\n<strong>Farbwahl:\u00a0<\/strong> <img loading=\"lazy\" decoding=\"async\" class=\"alignnone wp-image-10039 size-full\" src=\"https:\/\/www.wojoer.de\/wp-content\/uploads\/2018\/04\/schwarz.jpg\" alt=\"Farbe\" width=\"9\" height=\"9\" \/> schwarz | <img loading=\"lazy\" decoding=\"async\" class=\"alignnone size-full wp-image-6158\" src=\"http:\/\/www.wojoer.de\/wp-content\/uploads\/2017\/05\/eisblau.jpg\" alt=\"__eisblau\" width=\"9\" height=\"9\" \/> Eisblau | <a href=\"https:\/\/www.wojoer.de\/wp-content\/uploads\/2018\/04\/neoncoral.jpg\"><img loading=\"lazy\" decoding=\"async\" class=\"alignnone wp-image-10034 size-full\" src=\"https:\/\/www.wojoer.de\/wp-content\/uploads\/2018\/04\/neoncoral.jpg\" alt=\"Farbe\" width=\"9\" height=\"9\" \/><\/a> Neoncoral<br \/>\n<strong>Kategorie:<\/strong> LIVE \u2013 Sonderanfertigung<br \/>\n<strong>Trageweise:<\/strong> Als sportlich knappe und leicht transparente Unterhose, sanfte Schritthebe und Knack-Po-Po dank Seamless-Hinterteil<\/p>\n<hr \/>\n<h2><strong>Features<\/strong><\/h2>\n<p>\u2022 aus recyceltem Poylester<br \/>\n\u2022 sportlich &#038; atmungsaktiv<br \/>\n\u2022 Salz und Chlorwasser resistent<br \/>\n\u2022 schnell trocknend<br \/>\n\u2022 Glatte, seidenmatte Oberfl\u00e4che<br \/>\n\u2022 keine Ponaht und perfekt geformtes Frontteil<br \/>\n\u2022 Super Stretch und bequem<br \/>\n\u2022 als Unterhosen oder leicht transparente Badehosen<br \/>\n\u2022 Lagernd im NOS-Programm<br \/>\n\u2022 Premium-Handwerk \u2013 Made in Germany<\/p>\n<hr \/>\n<h2><strong>Andere Farben gef\u00e4llig?<\/strong><\/h2>\n<div id=\"attachment_55517\" style=\"width: 160px\"  class=\"wp-caption alignleft\"><a href=\"https:\/\/www.wojoer.de\/produkt\/beun-eco-branded-pants\/\"><img loading=\"lazy\" decoding=\"async\" class=\"wp-image-55517 size-thumbnail\" src=\"https:\/\/www.wojoer.de\/wp-content\/uploads\/2025\/04\/0420-P016-0D-01-06-1.beunbrandedeco-pants-dehnbar-crema-front-wojoer-150x150.jpg\" alt=\"\" width=\"150\" height=\"150\" srcset=\"https:\/\/www.wojoer.de\/wp-content\/uploads\/2025\/04\/0420-P016-0D-01-06-1.beunbrandedeco-pants-dehnbar-crema-front-wojoer-150x150.jpg 150w, https:\/\/www.wojoer.de\/wp-content\/uploads\/2025\/04\/0420-P016-0D-01-06-1.beunbrandedeco-pants-dehnbar-crema-front-wojoer-300x300.jpg 300w, https:\/\/www.wojoer.de\/wp-content\/uploads\/2025\/04\/0420-P016-0D-01-06-1.beunbrandedeco-pants-dehnbar-crema-front-wojoer-1024x1024.jpg 1024w, https:\/\/www.wojoer.de\/wp-content\/uploads\/2025\/04\/0420-P016-0D-01-06-1.beunbrandedeco-pants-dehnbar-crema-front-wojoer-768x768.jpg 768w, https:\/\/www.wojoer.de\/wp-content\/uploads\/2025\/04\/0420-P016-0D-01-06-1.beunbrandedeco-pants-dehnbar-crema-front-wojoer-1536x1536.jpg 1536w, https:\/\/www.wojoer.de\/wp-content\/uploads\/2025\/04\/0420-P016-0D-01-06-1.beunbrandedeco-pants-dehnbar-crema-front-wojoer-600x600.jpg 600w, https:\/\/www.wojoer.de\/wp-content\/uploads\/2025\/04\/0420-P016-0D-01-06-1.beunbrandedeco-pants-dehnbar-crema-front-wojoer-100x100.jpg 100w, https:\/\/www.wojoer.de\/wp-content\/uploads\/2025\/04\/0420-P016-0D-01-06-1.beunbrandedeco-pants-dehnbar-crema-front-wojoer.jpg 2002w\" sizes=\"auto, (max-width: 150px) 100vw, 150px\" \/><\/a><p class=\"wp-caption-text\">Beun Crema<\/p><\/div>\n<div id=\"attachment_55503\" style=\"width: 160px\"  class=\"wp-caption alignleft\"><a href=\"https:\/\/www.wojoer.de\/produkt\/beun-eco-branded-pants\/\"><img loading=\"lazy\" decoding=\"async\" class=\"wp-image-55503 size-thumbnail\" src=\"https:\/\/www.wojoer.de\/wp-content\/uploads\/2025\/04\/0420-P016-0D-03-06-1.beunbrandedeco-pants-dehnbar-nude-front-wojoer-150x150.jpg\" alt=\"\" width=\"150\" height=\"150\" srcset=\"https:\/\/www.wojoer.de\/wp-content\/uploads\/2025\/04\/0420-P016-0D-03-06-1.beunbrandedeco-pants-dehnbar-nude-front-wojoer-150x150.jpg 150w, https:\/\/www.wojoer.de\/wp-content\/uploads\/2025\/04\/0420-P016-0D-03-06-1.beunbrandedeco-pants-dehnbar-nude-front-wojoer-300x300.jpg 300w, https:\/\/www.wojoer.de\/wp-content\/uploads\/2025\/04\/0420-P016-0D-03-06-1.beunbrandedeco-pants-dehnbar-nude-front-wojoer-1024x1024.jpg 1024w, https:\/\/www.wojoer.de\/wp-content\/uploads\/2025\/04\/0420-P016-0D-03-06-1.beunbrandedeco-pants-dehnbar-nude-front-wojoer-768x768.jpg 768w, https:\/\/www.wojoer.de\/wp-content\/uploads\/2025\/04\/0420-P016-0D-03-06-1.beunbrandedeco-pants-dehnbar-nude-front-wojoer-1536x1536.jpg 1536w, https:\/\/www.wojoer.de\/wp-content\/uploads\/2025\/04\/0420-P016-0D-03-06-1.beunbrandedeco-pants-dehnbar-nude-front-wojoer-600x600.jpg 600w, https:\/\/www.wojoer.de\/wp-content\/uploads\/2025\/04\/0420-P016-0D-03-06-1.beunbrandedeco-pants-dehnbar-nude-front-wojoer-100x100.jpg 100w, https:\/\/www.wojoer.de\/wp-content\/uploads\/2025\/04\/0420-P016-0D-03-06-1.beunbrandedeco-pants-dehnbar-nude-front-wojoer.jpg 2002w\" sizes=\"auto, (max-width: 150px) 100vw, 150px\" \/><\/a><p class=\"wp-caption-text\">Beun Nude<\/p><\/div>\n<div id=\"attachment_55518\" style=\"width: 160px\"  class=\"wp-caption alignleft\"><a href=\"https:\/\/www.wojoer.de\/produkt\/beun-eco-branded-pants\/\"><img loading=\"lazy\" decoding=\"async\" class=\"wp-image-55518 size-thumbnail\" src=\"https:\/\/www.wojoer.de\/wp-content\/uploads\/2025\/04\/0420-P016-0D-21-06-1.beunbrandedeco-pants-dehnbar-olive-front-wojoer-150x150.jpg\" alt=\"\" width=\"150\" height=\"150\" srcset=\"https:\/\/www.wojoer.de\/wp-content\/uploads\/2025\/04\/0420-P016-0D-21-06-1.beunbrandedeco-pants-dehnbar-olive-front-wojoer-150x150.jpg 150w, https:\/\/www.wojoer.de\/wp-content\/uploads\/2025\/04\/0420-P016-0D-21-06-1.beunbrandedeco-pants-dehnbar-olive-front-wojoer-300x300.jpg 300w, https:\/\/www.wojoer.de\/wp-content\/uploads\/2025\/04\/0420-P016-0D-21-06-1.beunbrandedeco-pants-dehnbar-olive-front-wojoer-1024x1024.jpg 1024w, https:\/\/www.wojoer.de\/wp-content\/uploads\/2025\/04\/0420-P016-0D-21-06-1.beunbrandedeco-pants-dehnbar-olive-front-wojoer-768x768.jpg 768w, https:\/\/www.wojoer.de\/wp-content\/uploads\/2025\/04\/0420-P016-0D-21-06-1.beunbrandedeco-pants-dehnbar-olive-front-wojoer-1536x1536.jpg 1536w, https:\/\/www.wojoer.de\/wp-content\/uploads\/2025\/04\/0420-P016-0D-21-06-1.beunbrandedeco-pants-dehnbar-olive-front-wojoer-600x600.jpg 600w, https:\/\/www.wojoer.de\/wp-content\/uploads\/2025\/04\/0420-P016-0D-21-06-1.beunbrandedeco-pants-dehnbar-olive-front-wojoer-100x100.jpg 100w, https:\/\/www.wojoer.de\/wp-content\/uploads\/2025\/04\/0420-P016-0D-21-06-1.beunbrandedeco-pants-dehnbar-olive-front-wojoer.jpg 2002w\" sizes=\"auto, (max-width: 150px) 100vw, 150px\" \/><\/a><p class=\"wp-caption-text\">Beun Eco Olive<\/p><\/div>\n<div id=\"attachment_55731\" style=\"width: 160px\"  class=\"wp-caption alignleft\"><a href=\"https:\/\/www.wojoer.de\/produkt\/breathable-underwear-pants-beun-eco-branded-pants-3erpack\/\"><img loading=\"lazy\" decoding=\"async\" class=\"wp-image-55731 size-thumbnail\" src=\"https:\/\/www.wojoer.de\/wp-content\/uploads\/2025\/08\/0420-P016-3D-27-06-1.beunbrandedeco-3erPack_pants-dehnbar-hellblau_dunkelblau_pink-side-wojoer-e1755866910978-150x150.jpg\" alt=\"\" width=\"150\" height=\"150\" srcset=\"https:\/\/www.wojoer.de\/wp-content\/uploads\/2025\/08\/0420-P016-3D-27-06-1.beunbrandedeco-3erPack_pants-dehnbar-hellblau_dunkelblau_pink-side-wojoer-e1755866910978-150x150.jpg 150w, https:\/\/www.wojoer.de\/wp-content\/uploads\/2025\/08\/0420-P016-3D-27-06-1.beunbrandedeco-3erPack_pants-dehnbar-hellblau_dunkelblau_pink-side-wojoer-e1755866910978-300x300.jpg 300w, https:\/\/www.wojoer.de\/wp-content\/uploads\/2025\/08\/0420-P016-3D-27-06-1.beunbrandedeco-3erPack_pants-dehnbar-hellblau_dunkelblau_pink-side-wojoer-e1755866910978-768x768.jpg 768w, https:\/\/www.wojoer.de\/wp-content\/uploads\/2025\/08\/0420-P016-3D-27-06-1.beunbrandedeco-3erPack_pants-dehnbar-hellblau_dunkelblau_pink-side-wojoer-e1755866910978-600x600.jpg 600w, https:\/\/www.wojoer.de\/wp-content\/uploads\/2025\/08\/0420-P016-3D-27-06-1.beunbrandedeco-3erPack_pants-dehnbar-hellblau_dunkelblau_pink-side-wojoer-e1755866910978-100x100.jpg 100w, https:\/\/www.wojoer.de\/wp-content\/uploads\/2025\/08\/0420-P016-3D-27-06-1.beunbrandedeco-3erPack_pants-dehnbar-hellblau_dunkelblau_pink-side-wojoer-e1755866910978.jpg 810w\" sizes=\"auto, (max-width: 150px) 100vw, 150px\" \/><\/a><p class=\"wp-caption-text\">3er &#8211; Pack\u00a0 \u00a0 \u00a0 \u00a0 \u00a0 \u00a0 \u00a0 \u00a0 Aqua, Marine, Beere<\/p><\/div>\n<p>&nbsp;<\/p>\n<p>&nbsp;<\/p>\n<p>&nbsp;<\/p>\n<p>&nbsp;<\/p>\n<p>&nbsp;<\/p>\n<p>&nbsp;<\/p>\n<hr \/>\n<h2><strong>Materialien<\/strong><\/h2>\n<p><strong>Beun Eco:<\/strong> 82\u202f% Polyamid 18% Elasthan<\/p>\n<hr \/>\n<h2><strong>Pflegehinweise<\/strong><\/h2>\n<p>\u2022 Schonwaschmaschinengang bei 30\u00b0<br \/>\n\u2022 B\u00fcgeln nicht n\u00f6tig<br \/>\n\u2022 \u26a0\ufe0f keine chemische Reinigung oder bleichen<\/p>\n<p>\u2022 \u26a0\ufe0f nicht zu lange der Sonne aussetzen, da diese die Neonfarben vorzeitig ausbleichen kann<\/p>\n<p>Immer vorr\u00e4tig, denn die BEUN ECO BRANDED Pants 3er Set 0420-P016-3D-27-__ breathable underwear pants ist <a href=\"https:\/\/www.wojoer.de\/produkt-kategorie\/wojoer\/men-only\/nos-never-out-of-stock\/\">Never-Out-of-Stock<\/a> und geh\u00f6rt damit zu den Wojoer NOS-Produkten.<\/p>\n","protected":false},"excerpt":{"rendered":"<p>Unterhose &#8211; sexy Boxershorts &#8211; Underwear Brief &#8211; breathable underwear pants &#8211; breathable underwear shorts<br \/>\nbreathable underwear pants &#8211; bunt knappes Unterhosen Set<\/p>\n<p>Sexy exotisch. Diese breathable underwear pants BEUN ECO M\u00e4nnerunterhosen, in 3 sportlich auffalenden Farben, ziehen alle Blicke auf dich.\u2026<\/p>\n","protected":false},"featured_media":55797,"comment_status":"open","ping_status":"closed","template":"","meta":[],"product_brand":[],"product_cat":[115,106,169,473,121,326],"product_tag":[108,273,387,192],"class_list":{"0":"post-55791","1":"product","2":"type-product","3":"status-publish","4":"has-post-thumbnail","6":"product_cat-beachwear","7":"product_cat-beun","8":"product_cat-nos-never-out-of-stock","9":"product_cat-men","10":"product_cat-underwear","11":"product_cat-wojoer","12":"product_tag-1beachwear","13":"product_tag-pants","14":"product_tag-transparent","15":"product_tag-unterwaesche","16":"product_shipping_class-beun","17":"pa_farbe-multicolour","18":"pa_groesse-l","19":"pa_groesse-m","20":"pa_groesse-s","21":"pa_groesse-xl","22":"pa_groesse-xxl","23":"pif-has-gallery","24":"post-1","25":"odd","27":"first","28":"onbackorder","29":"taxable","30":"shipping-taxable","31":"purchasable","32":"product-type-variable","33":"has-default-attributes"},"yoast_head":"<!-- This site is optimized with the Yoast SEO plugin v27.2 - https:\/\/yoast.com\/product\/yoast-seo-wordpress\/ -->\n<title>breathable underwear pants | recycled | Beach &amp; Underwear| ultrathin | comfortable<\/title>\n<meta name=\"description\" content=\"breathable underwear pants. The ultrathin, slightly transparent BEUN Branded Mini Hipster is silky soft on the skin &amp; is available in 3 fantastic colors.\" \/>\n<meta name=\"robots\" content=\"index, follow, max-snippet:-1, max-image-preview:large, max-video-preview:-1\" \/>\n<link rel=\"canonical\" href=\"https:\/\/www.wojoer.de\/en\/produkt\/beun-eco-3er-set-pants\/\" \/>\n<meta name=\"twitter:card\" content=\"summary_large_image\" \/>\n<meta name=\"twitter:title\" content=\"breathable underwear pants | recycled | Beach &amp; Underwear| ultrathin | comfortable\" \/>\n<meta name=\"twitter:description\" content=\"breathable underwear pants. The ultrathin, slightly transparent BEUN Branded Mini Hipster is silky soft on the skin &amp; is available in 3 fantastic colors.\" \/>\n<meta name=\"twitter:image\" content=\"https:\/\/www.wojoer.de\/wp-content\/uploads\/2025\/09\/0420-P016-3D-16-06_3er_Pack_Pants_-e1756711101717.jpg\" \/>\n<meta name=\"twitter:label1\" content=\"Estimated reading time\" \/>\n\t<meta name=\"twitter:data1\" content=\"4 minutes\" \/>\n<script type=\"application\/ld+json\" class=\"yoast-schema-graph\">{\"@context\":\"https:\/\/schema.org\",\"@graph\":[{\"@type\":\"WebPage\",\"@id\":\"https:\/\/www.wojoer.de\/en\/produkt\/beun-eco-3er-set-pants\/\",\"url\":\"https:\/\/www.wojoer.de\/en\/produkt\/beun-eco-3er-set-pants\/\",\"name\":\"breathable underwear pants | recycled | Beach & Underwear| ultrathin | comfortable\",\"isPartOf\":{\"@id\":\"https:\/\/www.wojoer.de\/#website\"},\"primaryImageOfPage\":{\"@id\":\"https:\/\/www.wojoer.de\/en\/produkt\/beun-eco-3er-set-pants\/#primaryimage\"},\"image\":{\"@id\":\"https:\/\/www.wojoer.de\/en\/produkt\/beun-eco-3er-set-pants\/#primaryimage\"},\"thumbnailUrl\":\"https:\/\/www.wojoer.de\/wp-content\/uploads\/2025\/09\/0420-P016-3D-16-06_3er_Pack_Pants_-e1756711101717.jpg\",\"datePublished\":\"2025-04-01T06:40:46+00:00\",\"dateModified\":\"2026-04-13T09:41:55+00:00\",\"description\":\"breathable underwear pants. The ultrathin, slightly transparent BEUN Branded Mini Hipster is silky soft on the skin & is available in 3 fantastic colors.\",\"breadcrumb\":{\"@id\":\"https:\/\/www.wojoer.de\/en\/produkt\/beun-eco-3er-set-pants\/#breadcrumb\"},\"inLanguage\":\"en-GB\",\"potentialAction\":[{\"@type\":\"ReadAction\",\"target\":[\"https:\/\/www.wojoer.de\/en\/produkt\/beun-eco-3er-set-pants\/\"]}]},{\"@type\":\"ImageObject\",\"inLanguage\":\"en-GB\",\"@id\":\"https:\/\/www.wojoer.de\/en\/produkt\/beun-eco-3er-set-pants\/#primaryimage\",\"url\":\"https:\/\/www.wojoer.de\/wp-content\/uploads\/2025\/09\/0420-P016-3D-16-06_3er_Pack_Pants_-e1756711101717.jpg\",\"contentUrl\":\"https:\/\/www.wojoer.de\/wp-content\/uploads\/2025\/09\/0420-P016-3D-16-06_3er_Pack_Pants_-e1756711101717.jpg\",\"width\":810,\"height\":810},{\"@type\":\"BreadcrumbList\",\"@id\":\"https:\/\/www.wojoer.de\/en\/produkt\/beun-eco-3er-set-pants\/#breadcrumb\",\"itemListElement\":[{\"@type\":\"ListItem\",\"position\":1,\"name\":\"Startseite\",\"item\":\"https:\/\/www.wojoer.de\/\"},{\"@type\":\"ListItem\",\"position\":2,\"name\":\"SHOP\",\"item\":\"https:\/\/www.wojoer.de\/shop\/\"},{\"@type\":\"ListItem\",\"position\":3,\"name\":\"BEUN BRANDED eco Pants\"}]},{\"@type\":\"WebSite\",\"@id\":\"https:\/\/www.wojoer.de\/#website\",\"url\":\"https:\/\/www.wojoer.de\/\",\"name\":\"WOJOER\",\"description\":\"clubwear for men\",\"publisher\":{\"@id\":\"https:\/\/www.wojoer.de\/#organization\"},\"potentialAction\":[{\"@type\":\"SearchAction\",\"target\":{\"@type\":\"EntryPoint\",\"urlTemplate\":\"https:\/\/www.wojoer.de\/?s={search_term_string}\"},\"query-input\":{\"@type\":\"PropertyValueSpecification\",\"valueRequired\":true,\"valueName\":\"search_term_string\"}}],\"inLanguage\":\"en-GB\"},{\"@type\":\"Organization\",\"@id\":\"https:\/\/www.wojoer.de\/#organization\",\"name\":\"Wonneberger-Manufaktur\",\"url\":\"https:\/\/www.wojoer.de\/\",\"logo\":{\"@type\":\"ImageObject\",\"inLanguage\":\"en-GB\",\"@id\":\"https:\/\/www.wojoer.de\/#\/schema\/logo\/image\/\",\"url\":\"https:\/\/www.wojoer.de\/wp-content\/uploads\/2016\/11\/wonnebergermanufaktur_logo_BUTTON.png\",\"contentUrl\":\"https:\/\/www.wojoer.de\/wp-content\/uploads\/2016\/11\/wonnebergermanufaktur_logo_BUTTON.png\",\"width\":765,\"height\":765,\"caption\":\"Wonneberger-Manufaktur\"},\"image\":{\"@id\":\"https:\/\/www.wojoer.de\/#\/schema\/logo\/image\/\"},\"sameAs\":[\"https:\/\/www.facebook.com\/wojoer\/\",\"https:\/\/de.pinterest.com\/W0J0ER\/\"]}]}<\/script>\n<!-- \/ Yoast SEO plugin. -->","yoast_head_json":{"title":"breathable underwear pants | recycled | Beach & Underwear| ultrathin | comfortable","description":"breathable underwear pants. The ultrathin, slightly transparent BEUN Branded Mini Hipster is silky soft on the skin & is available in 3 fantastic colors.","robots":{"index":"index","follow":"follow","max-snippet":"max-snippet:-1","max-image-preview":"max-image-preview:large","max-video-preview":"max-video-preview:-1"},"canonical":"https:\/\/www.wojoer.de\/en\/produkt\/beun-eco-3er-set-pants\/","twitter_card":"summary_large_image","twitter_title":"breathable underwear pants | recycled | Beach & Underwear| ultrathin | comfortable","twitter_description":"breathable underwear pants. The ultrathin, slightly transparent BEUN Branded Mini Hipster is silky soft on the skin & is available in 3 fantastic colors.","twitter_image":"https:\/\/www.wojoer.de\/wp-content\/uploads\/2025\/09\/0420-P016-3D-16-06_3er_Pack_Pants_-e1756711101717.jpg","twitter_misc":{"Estimated reading time":"4 minutes"},"schema":{"@context":"https:\/\/schema.org","@graph":[{"@type":"WebPage","@id":"https:\/\/www.wojoer.de\/en\/produkt\/beun-eco-3er-set-pants\/","url":"https:\/\/www.wojoer.de\/en\/produkt\/beun-eco-3er-set-pants\/","name":"breathable underwear pants | recycled | Beach & Underwear| ultrathin | comfortable","isPartOf":{"@id":"https:\/\/www.wojoer.de\/#website"},"primaryImageOfPage":{"@id":"https:\/\/www.wojoer.de\/en\/produkt\/beun-eco-3er-set-pants\/#primaryimage"},"image":{"@id":"https:\/\/www.wojoer.de\/en\/produkt\/beun-eco-3er-set-pants\/#primaryimage"},"thumbnailUrl":"https:\/\/www.wojoer.de\/wp-content\/uploads\/2025\/09\/0420-P016-3D-16-06_3er_Pack_Pants_-e1756711101717.jpg","datePublished":"2025-04-01T06:40:46+00:00","dateModified":"2026-04-13T09:41:55+00:00","description":"breathable underwear pants. The ultrathin, slightly transparent BEUN Branded Mini Hipster is silky soft on the skin & is available in 3 fantastic colors.","breadcrumb":{"@id":"https:\/\/www.wojoer.de\/en\/produkt\/beun-eco-3er-set-pants\/#breadcrumb"},"inLanguage":"en-GB","potentialAction":[{"@type":"ReadAction","target":["https:\/\/www.wojoer.de\/en\/produkt\/beun-eco-3er-set-pants\/"]}]},{"@type":"ImageObject","inLanguage":"en-GB","@id":"https:\/\/www.wojoer.de\/en\/produkt\/beun-eco-3er-set-pants\/#primaryimage","url":"https:\/\/www.wojoer.de\/wp-content\/uploads\/2025\/09\/0420-P016-3D-16-06_3er_Pack_Pants_-e1756711101717.jpg","contentUrl":"https:\/\/www.wojoer.de\/wp-content\/uploads\/2025\/09\/0420-P016-3D-16-06_3er_Pack_Pants_-e1756711101717.jpg","width":810,"height":810},{"@type":"BreadcrumbList","@id":"https:\/\/www.wojoer.de\/en\/produkt\/beun-eco-3er-set-pants\/#breadcrumb","itemListElement":[{"@type":"ListItem","position":1,"name":"Startseite","item":"https:\/\/www.wojoer.de\/"},{"@type":"ListItem","position":2,"name":"SHOP","item":"https:\/\/www.wojoer.de\/shop\/"},{"@type":"ListItem","position":3,"name":"BEUN BRANDED eco Pants"}]},{"@type":"WebSite","@id":"https:\/\/www.wojoer.de\/#website","url":"https:\/\/www.wojoer.de\/","name":"WOJOER","description":"clubwear for men","publisher":{"@id":"https:\/\/www.wojoer.de\/#organization"},"potentialAction":[{"@type":"SearchAction","target":{"@type":"EntryPoint","urlTemplate":"https:\/\/www.wojoer.de\/?s={search_term_string}"},"query-input":{"@type":"PropertyValueSpecification","valueRequired":true,"valueName":"search_term_string"}}],"inLanguage":"en-GB"},{"@type":"Organization","@id":"https:\/\/www.wojoer.de\/#organization","name":"Wonneberger-Manufaktur","url":"https:\/\/www.wojoer.de\/","logo":{"@type":"ImageObject","inLanguage":"en-GB","@id":"https:\/\/www.wojoer.de\/#\/schema\/logo\/image\/","url":"https:\/\/www.wojoer.de\/wp-content\/uploads\/2016\/11\/wonnebergermanufaktur_logo_BUTTON.png","contentUrl":"https:\/\/www.wojoer.de\/wp-content\/uploads\/2016\/11\/wonnebergermanufaktur_logo_BUTTON.png","width":765,"height":765,"caption":"Wonneberger-Manufaktur"},"image":{"@id":"https:\/\/www.wojoer.de\/#\/schema\/logo\/image\/"},"sameAs":["https:\/\/www.facebook.com\/wojoer\/","https:\/\/de.pinterest.com\/W0J0ER\/"]}]}},"_links":{"self":[{"href":"https:\/\/www.wojoer.de\/en\/wp-json\/wp\/v2\/product\/55791","targetHints":{"allow":["GET"]}}],"collection":[{"href":"https:\/\/www.wojoer.de\/en\/wp-json\/wp\/v2\/product"}],"about":[{"href":"https:\/\/www.wojoer.de\/en\/wp-json\/wp\/v2\/types\/product"}],"replies":[{"embeddable":true,"href":"https:\/\/www.wojoer.de\/en\/wp-json\/wp\/v2\/comments?post=55791"}],"wp:featuredmedia":[{"embeddable":true,"href":"https:\/\/www.wojoer.de\/en\/wp-json\/wp\/v2\/media\/55797"}],"wp:attachment":[{"href":"https:\/\/www.wojoer.de\/en\/wp-json\/wp\/v2\/media?parent=55791"}],"wp:term":[{"taxonomy":"product_brand","embeddable":true,"href":"https:\/\/www.wojoer.de\/en\/wp-json\/wp\/v2\/product_brand?post=55791"},{"taxonomy":"product_cat","embeddable":true,"href":"https:\/\/www.wojoer.de\/en\/wp-json\/wp\/v2\/product_cat?post=55791"},{"taxonomy":"product_tag","embeddable":true,"href":"https:\/\/www.wojoer.de\/en\/wp-json\/wp\/v2\/product_tag?post=55791"}],"curies":[{"name":"wp","href":"https:\/\/api.w.org\/{rel}","templated":true}]}}