{"id":5606,"date":"2017-04-27T13:26:03","date_gmt":"2017-04-27T11:26:03","guid":{"rendered":"http:\/\/www.wojoer.de\/produkt\/robinson-redback-kunstleder-string\/"},"modified":"2025-04-28T23:02:38","modified_gmt":"2025-04-28T21:02:38","slug":"redback-kunstleder-string-2","status":"publish","type":"product","link":"https:\/\/www.wojoer.de\/en\/produkt\/redback-kunstleder-string-2\/","title":{"rendered":"Redback String 317W413"},"content":{"rendered":"<p>Produktion auf Bestellung, denn der Kunstleder String der Redback Serie 317W413 geh\u00f6rt in die Kategorie: WOJOER &#8220;LIVE-Produkte&#8221;!<\/p>\n<p>Gr\u00f6\u00dfen<\/p>\n<p>Erh\u00e4ltlich in den Gr\u00f6\u00dfen S, M, L, XL<\/p>\n<h3>Materialzusammensetzung<\/h3>\n<p>Lederimitat: 93% Polyester\u00a0 7% Elasthan\u00a0\u00a0 |\u00a0\u00a0 Wetlook: 79% Polyamid 21% Elasthan<\/p>\n<h3>Besonderheiten<\/h3>\n<p><a href=\"http:\/\/www.wojoer.de\/?s=live&#038;post_type=product\">LIVE Produkt<\/a> | matt gl\u00e4nzende Oberfl\u00e4che | festes, leicht dehnbares Material | hautenge Passform | hochwertige Verarbeitung &#8220;Made in Germany&#8221;<\/p>\n<h3>Benutzerhinweise<\/h3>\n<p>Handw\u00e4sche<\/p>\n<h3>REDBACK LEDERIMITAT Kunstleder STRING<\/h3>\n<p>Du Tier! Mit anderen worten: Mit dem Redback String transformieren deine H\u00fcften zu einem animalischen Anziehungspunkt. Dadurch wirst du, wie die giftige, ausstralische Redback Spinne zum gef\u00fcrchteten J\u00e4ger. Dazu kommt das starke, leicht dehnbare Material, das deine H\u00fcften fest umschlie\u00dft, wie ein Lederg\u00fcrtel. Damit wirst du zum Goliat. Dennoch ist f\u00fcr alles gen\u00fcgend Platz, durch das gut ausgeformte Suspensorium. Aber Achtung, damit verdrehst du reihenweise K\u00f6pfe.<\/p>\n","protected":false},"excerpt":{"rendered":"<p>Produktion auf Bestellung, denn der Kunstleder String der Redback Serie 317W413 geh\u00f6rt in die Kategorie: WOJOER &#8220;LIVE-Produkte&#8221;!<\/p>\n<p>Gr\u00f6\u00dfen<\/p>\n<p>Erh\u00e4ltlich in den Gr\u00f6\u00dfen S, M, L, XL<br \/>\nMaterialzusammensetzung<br \/>\nLederimitat: 93% Polyester\u00a0 7% Elasthan\u00a0\u00a0 |\u00a0\u00a0 Wetlook: 79% Polyamid 21% Elasthan<br \/>\nBesonderheiten<br \/>\nLIVE Produkt | matt gl\u00e4nzende Oberfl\u00e4che |\u2026<\/p>\n","protected":false},"featured_media":12443,"comment_status":"open","ping_status":"closed","template":"","meta":[],"product_brand":[],"product_cat":[116,473,195,326],"product_tag":[194,119,247],"class_list":{"0":"post-5606","1":"product","2":"type-product","3":"status-publish","4":"has-post-thumbnail","6":"product_cat-clubwear","7":"product_cat-men","8":"product_cat-produktion-auf-bestellung-liveproduktion","9":"product_cat-wojoer","10":"product_tag-leatherlike","11":"product_tag-string","12":"product_tag-wetlook","13":"product_shipping_class-beun","14":"pa_groesse-l","15":"pa_groesse-m","16":"pa_groesse-s","17":"pa_groesse-xl","18":"pif-has-gallery","19":"post-1","20":"odd","22":"first","23":"onbackorder","24":"taxable","25":"shipping-taxable","26":"purchasable","27":"product-type-variable"},"yoast_head":"<!-- This site is optimized with the Yoast SEO plugin v27.2 - https:\/\/yoast.com\/product\/yoast-seo-wordpress\/ -->\n<title>Kunstleder String &quot;Redback&quot; von Clubwear von Wojoer<\/title>\n<meta name=\"description\" content=\"Roter Kunstleder String mit schwarzem Wetlook wird in dieser Kombination zu einem gef\u00e4hrlich animalischen Outfit. Wahnsinnig anziehend!\" \/>\n<meta name=\"robots\" content=\"index, follow, max-snippet:-1, max-image-preview:large, max-video-preview:-1\" \/>\n<link rel=\"canonical\" href=\"https:\/\/www.wojoer.de\/en\/produkt\/redback-kunstleder-string-2\/\" \/>\n<meta name=\"twitter:card\" content=\"summary_large_image\" \/>\n<meta name=\"twitter:title\" content=\"Kunstleder String &quot;Redback&quot; von Clubwear von Wojoer\" \/>\n<meta name=\"twitter:description\" content=\"Roter Kunstleder String mit schwarzem Wetlook wird in dieser Kombination zu einem gef\u00e4hrlich animalischen Outfit. Wahnsinnig anziehend!\" \/>\n<meta name=\"twitter:image\" content=\"https:\/\/www.wojoer.de\/wp-content\/uploads\/2017\/04\/317W413_lederimmitat_string_rot_schwarz_side_robinson.jpg\" \/>\n<meta name=\"twitter:label1\" content=\"Estimated reading time\" \/>\n\t<meta name=\"twitter:data1\" content=\"1 minute\" \/>\n<script type=\"application\/ld+json\" class=\"yoast-schema-graph\">{\"@context\":\"https:\/\/schema.org\",\"@graph\":[{\"@type\":\"WebPage\",\"@id\":\"https:\/\/www.wojoer.de\/en\/produkt\/redback-kunstleder-string-2\/\",\"url\":\"https:\/\/www.wojoer.de\/en\/produkt\/redback-kunstleder-string-2\/\",\"name\":\"Kunstleder String \\\"Redback\\\" von Clubwear von Wojoer\",\"isPartOf\":{\"@id\":\"https:\/\/www.wojoer.de\/#website\"},\"primaryImageOfPage\":{\"@id\":\"https:\/\/www.wojoer.de\/en\/produkt\/redback-kunstleder-string-2\/#primaryimage\"},\"image\":{\"@id\":\"https:\/\/www.wojoer.de\/en\/produkt\/redback-kunstleder-string-2\/#primaryimage\"},\"thumbnailUrl\":\"https:\/\/www.wojoer.de\/wp-content\/uploads\/2017\/04\/317W413_lederimmitat_string_rot_schwarz_side_robinson.jpg\",\"datePublished\":\"2017-04-27T11:26:03+00:00\",\"dateModified\":\"2025-04-28T21:02:38+00:00\",\"description\":\"Roter Kunstleder String mit schwarzem Wetlook wird in dieser Kombination zu einem gef\u00e4hrlich animalischen Outfit. Wahnsinnig anziehend!\",\"breadcrumb\":{\"@id\":\"https:\/\/www.wojoer.de\/en\/produkt\/redback-kunstleder-string-2\/#breadcrumb\"},\"inLanguage\":\"en-GB\",\"potentialAction\":[{\"@type\":\"ReadAction\",\"target\":[\"https:\/\/www.wojoer.de\/en\/produkt\/redback-kunstleder-string-2\/\"]}]},{\"@type\":\"ImageObject\",\"inLanguage\":\"en-GB\",\"@id\":\"https:\/\/www.wojoer.de\/en\/produkt\/redback-kunstleder-string-2\/#primaryimage\",\"url\":\"https:\/\/www.wojoer.de\/wp-content\/uploads\/2017\/04\/317W413_lederimmitat_string_rot_schwarz_side_robinson.jpg\",\"contentUrl\":\"https:\/\/www.wojoer.de\/wp-content\/uploads\/2017\/04\/317W413_lederimmitat_string_rot_schwarz_side_robinson.jpg\",\"width\":2002,\"height\":2002,\"caption\":\"Redback Kunstleder String, Letherlike, Wetlook, Lederimitat, rot-schwarz,\"},{\"@type\":\"BreadcrumbList\",\"@id\":\"https:\/\/www.wojoer.de\/en\/produkt\/redback-kunstleder-string-2\/#breadcrumb\",\"itemListElement\":[{\"@type\":\"ListItem\",\"position\":1,\"name\":\"Startseite\",\"item\":\"https:\/\/www.wojoer.de\/\"},{\"@type\":\"ListItem\",\"position\":2,\"name\":\"SHOP\",\"item\":\"https:\/\/www.wojoer.de\/shop\/\"},{\"@type\":\"ListItem\",\"position\":3,\"name\":\"Redback String 317W413\"}]},{\"@type\":\"WebSite\",\"@id\":\"https:\/\/www.wojoer.de\/#website\",\"url\":\"https:\/\/www.wojoer.de\/\",\"name\":\"WOJOER\",\"description\":\"clubwear for men\",\"publisher\":{\"@id\":\"https:\/\/www.wojoer.de\/#organization\"},\"potentialAction\":[{\"@type\":\"SearchAction\",\"target\":{\"@type\":\"EntryPoint\",\"urlTemplate\":\"https:\/\/www.wojoer.de\/?s={search_term_string}\"},\"query-input\":{\"@type\":\"PropertyValueSpecification\",\"valueRequired\":true,\"valueName\":\"search_term_string\"}}],\"inLanguage\":\"en-GB\"},{\"@type\":\"Organization\",\"@id\":\"https:\/\/www.wojoer.de\/#organization\",\"name\":\"Wonneberger-Manufaktur\",\"url\":\"https:\/\/www.wojoer.de\/\",\"logo\":{\"@type\":\"ImageObject\",\"inLanguage\":\"en-GB\",\"@id\":\"https:\/\/www.wojoer.de\/#\/schema\/logo\/image\/\",\"url\":\"https:\/\/www.wojoer.de\/wp-content\/uploads\/2016\/11\/wonnebergermanufaktur_logo_BUTTON.png\",\"contentUrl\":\"https:\/\/www.wojoer.de\/wp-content\/uploads\/2016\/11\/wonnebergermanufaktur_logo_BUTTON.png\",\"width\":765,\"height\":765,\"caption\":\"Wonneberger-Manufaktur\"},\"image\":{\"@id\":\"https:\/\/www.wojoer.de\/#\/schema\/logo\/image\/\"},\"sameAs\":[\"https:\/\/www.facebook.com\/wojoer\/\",\"https:\/\/de.pinterest.com\/W0J0ER\/\"]}]}<\/script>\n<!-- \/ Yoast SEO plugin. -->","yoast_head_json":{"title":"Kunstleder String \"Redback\" von Clubwear von Wojoer","description":"Roter Kunstleder String mit schwarzem Wetlook wird in dieser Kombination zu einem gef\u00e4hrlich animalischen Outfit. Wahnsinnig anziehend!","robots":{"index":"index","follow":"follow","max-snippet":"max-snippet:-1","max-image-preview":"max-image-preview:large","max-video-preview":"max-video-preview:-1"},"canonical":"https:\/\/www.wojoer.de\/en\/produkt\/redback-kunstleder-string-2\/","twitter_card":"summary_large_image","twitter_title":"Kunstleder String \"Redback\" von Clubwear von Wojoer","twitter_description":"Roter Kunstleder String mit schwarzem Wetlook wird in dieser Kombination zu einem gef\u00e4hrlich animalischen Outfit. Wahnsinnig anziehend!","twitter_image":"https:\/\/www.wojoer.de\/wp-content\/uploads\/2017\/04\/317W413_lederimmitat_string_rot_schwarz_side_robinson.jpg","twitter_misc":{"Estimated reading time":"1 minute"},"schema":{"@context":"https:\/\/schema.org","@graph":[{"@type":"WebPage","@id":"https:\/\/www.wojoer.de\/en\/produkt\/redback-kunstleder-string-2\/","url":"https:\/\/www.wojoer.de\/en\/produkt\/redback-kunstleder-string-2\/","name":"Kunstleder String \"Redback\" von Clubwear von Wojoer","isPartOf":{"@id":"https:\/\/www.wojoer.de\/#website"},"primaryImageOfPage":{"@id":"https:\/\/www.wojoer.de\/en\/produkt\/redback-kunstleder-string-2\/#primaryimage"},"image":{"@id":"https:\/\/www.wojoer.de\/en\/produkt\/redback-kunstleder-string-2\/#primaryimage"},"thumbnailUrl":"https:\/\/www.wojoer.de\/wp-content\/uploads\/2017\/04\/317W413_lederimmitat_string_rot_schwarz_side_robinson.jpg","datePublished":"2017-04-27T11:26:03+00:00","dateModified":"2025-04-28T21:02:38+00:00","description":"Roter Kunstleder String mit schwarzem Wetlook wird in dieser Kombination zu einem gef\u00e4hrlich animalischen Outfit. Wahnsinnig anziehend!","breadcrumb":{"@id":"https:\/\/www.wojoer.de\/en\/produkt\/redback-kunstleder-string-2\/#breadcrumb"},"inLanguage":"en-GB","potentialAction":[{"@type":"ReadAction","target":["https:\/\/www.wojoer.de\/en\/produkt\/redback-kunstleder-string-2\/"]}]},{"@type":"ImageObject","inLanguage":"en-GB","@id":"https:\/\/www.wojoer.de\/en\/produkt\/redback-kunstleder-string-2\/#primaryimage","url":"https:\/\/www.wojoer.de\/wp-content\/uploads\/2017\/04\/317W413_lederimmitat_string_rot_schwarz_side_robinson.jpg","contentUrl":"https:\/\/www.wojoer.de\/wp-content\/uploads\/2017\/04\/317W413_lederimmitat_string_rot_schwarz_side_robinson.jpg","width":2002,"height":2002,"caption":"Redback Kunstleder String, Letherlike, Wetlook, Lederimitat, rot-schwarz,"},{"@type":"BreadcrumbList","@id":"https:\/\/www.wojoer.de\/en\/produkt\/redback-kunstleder-string-2\/#breadcrumb","itemListElement":[{"@type":"ListItem","position":1,"name":"Startseite","item":"https:\/\/www.wojoer.de\/"},{"@type":"ListItem","position":2,"name":"SHOP","item":"https:\/\/www.wojoer.de\/shop\/"},{"@type":"ListItem","position":3,"name":"Redback String 317W413"}]},{"@type":"WebSite","@id":"https:\/\/www.wojoer.de\/#website","url":"https:\/\/www.wojoer.de\/","name":"WOJOER","description":"clubwear for men","publisher":{"@id":"https:\/\/www.wojoer.de\/#organization"},"potentialAction":[{"@type":"SearchAction","target":{"@type":"EntryPoint","urlTemplate":"https:\/\/www.wojoer.de\/?s={search_term_string}"},"query-input":{"@type":"PropertyValueSpecification","valueRequired":true,"valueName":"search_term_string"}}],"inLanguage":"en-GB"},{"@type":"Organization","@id":"https:\/\/www.wojoer.de\/#organization","name":"Wonneberger-Manufaktur","url":"https:\/\/www.wojoer.de\/","logo":{"@type":"ImageObject","inLanguage":"en-GB","@id":"https:\/\/www.wojoer.de\/#\/schema\/logo\/image\/","url":"https:\/\/www.wojoer.de\/wp-content\/uploads\/2016\/11\/wonnebergermanufaktur_logo_BUTTON.png","contentUrl":"https:\/\/www.wojoer.de\/wp-content\/uploads\/2016\/11\/wonnebergermanufaktur_logo_BUTTON.png","width":765,"height":765,"caption":"Wonneberger-Manufaktur"},"image":{"@id":"https:\/\/www.wojoer.de\/#\/schema\/logo\/image\/"},"sameAs":["https:\/\/www.facebook.com\/wojoer\/","https:\/\/de.pinterest.com\/W0J0ER\/"]}]}},"_links":{"self":[{"href":"https:\/\/www.wojoer.de\/en\/wp-json\/wp\/v2\/product\/5606","targetHints":{"allow":["GET"]}}],"collection":[{"href":"https:\/\/www.wojoer.de\/en\/wp-json\/wp\/v2\/product"}],"about":[{"href":"https:\/\/www.wojoer.de\/en\/wp-json\/wp\/v2\/types\/product"}],"replies":[{"embeddable":true,"href":"https:\/\/www.wojoer.de\/en\/wp-json\/wp\/v2\/comments?post=5606"}],"wp:featuredmedia":[{"embeddable":true,"href":"https:\/\/www.wojoer.de\/en\/wp-json\/wp\/v2\/media\/12443"}],"wp:attachment":[{"href":"https:\/\/www.wojoer.de\/en\/wp-json\/wp\/v2\/media?parent=5606"}],"wp:term":[{"taxonomy":"product_brand","embeddable":true,"href":"https:\/\/www.wojoer.de\/en\/wp-json\/wp\/v2\/product_brand?post=5606"},{"taxonomy":"product_cat","embeddable":true,"href":"https:\/\/www.wojoer.de\/en\/wp-json\/wp\/v2\/product_cat?post=5606"},{"taxonomy":"product_tag","embeddable":true,"href":"https:\/\/www.wojoer.de\/en\/wp-json\/wp\/v2\/product_tag?post=5606"}],"curies":[{"name":"wp","href":"https:\/\/api.w.org\/{rel}","templated":true}]}}