{"id":5651,"date":"2017-04-30T13:41:03","date_gmt":"2017-04-30T11:41:03","guid":{"rendered":"http:\/\/www.wojoer.de\/produkt\/matte-lederimitat-leggings-gorilla\/"},"modified":"2026-01-15T13:41:31","modified_gmt":"2026-01-15T12:41:31","slug":"matte-lederimitat-leggings-gorilla","status":"publish","type":"product","link":"https:\/\/www.wojoer.de\/en\/produkt\/matte-lederimitat-leggings-gorilla\/","title":{"rendered":"Gorilla Leggings 315T270"},"content":{"rendered":"<p>Produktion auf Bestellung, denn die matte Lederimitat Leggings aus der Gorilla Serie 315T270 geh\u00f6rt in die Kategorie: WOJOER &#8220;LIVE-Produkte&#8221;!<\/p>\n<h3>Gr\u00f6\u00dfen<\/h3>\n<p>Erh\u00e4ltlich in den Gr\u00f6\u00dfen S, M, L, XL<\/p>\n<h3>Materialzusammensetzung<\/h3>\n<p>Lederimitat: 97% Polyester\u00a0 3% Elasthan<\/p>\n<h3>Besonderheiten<\/h3>\n<p><a href=\"http:\/\/www.wojoer.de\/?s=live&#038;post_type=product\">LIVE Produkt<\/a> | matt gl\u00e4nzendes, dehnbares Material | hautenge Passform | kein ausgearbeitetes Suspensorium | hochwertige Verarbeitung &#8220;Made in Germany&#8221;<\/p>\n<h3>Benutzerhinweise<\/h3>\n<p>Handw\u00e4sche<\/p>\n<h3>GORILLA LETHERLIKE Schwarz matte Lederimitat Leggings<\/h3>\n<p>Zuerst wirkt diese Leggings, wie jede andere schwarze Letherlike. Dabei ist sie etwas ganz besonderes. Denn der wet-gl\u00e4nzende Felldruck verspricht einen animalisch feuchten Griff aud er sonst so matten Oberfl\u00e4che. Es ist als w\u00fcrde man in einer sanften Gorillahaut stecken und die Kraft dieses Tieres um sich sp\u00fchren. Diese bequeme, dehnbare Meggings ist zudem besonders flexibel einsetzbar. Sogar im Partnerlook zwischen Mann und Frau kann sie getragen werden. Aufgrund der einfachen Naht im Schritt.<\/p>\n","protected":false},"excerpt":{"rendered":"<p>Produktion auf Bestellung, denn die matte Lederimitat Leggings aus der Gorilla Serie 315T270 geh\u00f6rt in die Kategorie: WOJOER &#8220;LIVE-Produkte&#8221;!<br \/>\nGr\u00f6\u00dfen<br \/>\nErh\u00e4ltlich in den Gr\u00f6\u00dfen S, M, L, XL<br \/>\nMaterialzusammensetzung<br \/>\nLederimitat: 97% Polyester\u00a0 3% Elasthan<br \/>\nBesonderheiten<br \/>\nLIVE Produkt | matt gl\u00e4nzendes, dehnbares Material | hautenge Passform |\u2026<\/p>\n","protected":false},"featured_media":62835,"comment_status":"open","ping_status":"closed","template":"","meta":[],"product_brand":[],"product_cat":[116,473,195,326],"product_tag":[297,272,194,244],"class_list":{"0":"post-5651","1":"product","2":"type-product","3":"status-publish","4":"has-post-thumbnail","6":"product_cat-clubwear","7":"product_cat-men","8":"product_cat-produktion-auf-bestellung-liveproduktion","9":"product_cat-wojoer","10":"product_tag-animal","11":"product_tag-druck","12":"product_tag-leatherlike","13":"product_tag-leggings","14":"product_shipping_class-beun","15":"pa_groesse-l","16":"pa_groesse-m","17":"pa_groesse-s","18":"pa_groesse-xl","19":"pif-has-gallery","20":"post-1","21":"odd","23":"first","24":"instock","25":"taxable","26":"shipping-taxable","27":"purchasable","28":"product-type-variable"},"yoast_head":"<!-- This site is optimized with the Yoast SEO plugin v27.2 - https:\/\/yoast.com\/product\/yoast-seo-wordpress\/ -->\n<title>matte lederimitat Leggings | &quot;Gorilla&quot; Clubwear von Wojoer<\/title>\n<meta name=\"description\" content=\"Die schwarz matte Lederimitat Leggings mit animalischen Glanzmuster, das an ein Tiegerfell oder Gorillahaut erinnert, ist Erotik pur!\" \/>\n<meta name=\"robots\" content=\"index, follow, max-snippet:-1, max-image-preview:large, max-video-preview:-1\" \/>\n<link rel=\"canonical\" href=\"https:\/\/www.wojoer.de\/en\/produkt\/matte-lederimitat-leggings-gorilla\/\" \/>\n<meta name=\"twitter:card\" content=\"summary_large_image\" \/>\n<meta name=\"twitter:title\" content=\"matte lederimitat Leggings | &quot;Gorilla&quot; Clubwear von Wojoer\" \/>\n<meta name=\"twitter:description\" content=\"Die schwarz matte Lederimitat Leggings mit animalischen Glanzmuster, das an ein Tiegerfell oder Gorillahaut erinnert, ist Erotik pur!\" \/>\n<meta name=\"twitter:label1\" content=\"Estimated reading time\" \/>\n\t<meta name=\"twitter:data1\" content=\"1 minute\" \/>\n<script type=\"application\/ld+json\" class=\"yoast-schema-graph\">{\"@context\":\"https:\/\/schema.org\",\"@graph\":[{\"@type\":\"WebPage\",\"@id\":\"https:\/\/www.wojoer.de\/produkt\/matte-lederimitat-leggings-gorilla\/\",\"url\":\"https:\/\/www.wojoer.de\/produkt\/matte-lederimitat-leggings-gorilla\/\",\"name\":\"matte lederimitat Leggings | \\\"Gorilla\\\" Clubwear von Wojoer\",\"isPartOf\":{\"@id\":\"https:\/\/www.wojoer.de\/#website\"},\"primaryImageOfPage\":{\"@id\":\"https:\/\/www.wojoer.de\/produkt\/matte-lederimitat-leggings-gorilla\/#primaryimage\"},\"image\":{\"@id\":\"https:\/\/www.wojoer.de\/produkt\/matte-lederimitat-leggings-gorilla\/#primaryimage\"},\"thumbnailUrl\":\"https:\/\/www.wojoer.de\/wp-content\/uploads\/2026\/01\/315T270_leggings_schwarz_side_robinson.jpg\",\"datePublished\":\"2017-04-30T11:41:03+00:00\",\"dateModified\":\"2026-01-15T12:41:31+00:00\",\"description\":\"Die schwarz matte Lederimitat Leggings mit animalischen Glanzmuster, das an ein Tiegerfell oder Gorillahaut erinnert, ist Erotik pur!\",\"breadcrumb\":{\"@id\":\"https:\/\/www.wojoer.de\/produkt\/matte-lederimitat-leggings-gorilla\/#breadcrumb\"},\"inLanguage\":\"en-GB\",\"potentialAction\":[{\"@type\":\"ReadAction\",\"target\":[\"https:\/\/www.wojoer.de\/produkt\/matte-lederimitat-leggings-gorilla\/\"]}]},{\"@type\":\"ImageObject\",\"inLanguage\":\"en-GB\",\"@id\":\"https:\/\/www.wojoer.de\/produkt\/matte-lederimitat-leggings-gorilla\/#primaryimage\",\"url\":\"https:\/\/www.wojoer.de\/wp-content\/uploads\/2026\/01\/315T270_leggings_schwarz_side_robinson.jpg\",\"contentUrl\":\"https:\/\/www.wojoer.de\/wp-content\/uploads\/2026\/01\/315T270_leggings_schwarz_side_robinson.jpg\",\"width\":2002,\"height\":2002},{\"@type\":\"BreadcrumbList\",\"@id\":\"https:\/\/www.wojoer.de\/produkt\/matte-lederimitat-leggings-gorilla\/#breadcrumb\",\"itemListElement\":[{\"@type\":\"ListItem\",\"position\":1,\"name\":\"Startseite\",\"item\":\"https:\/\/www.wojoer.de\/\"},{\"@type\":\"ListItem\",\"position\":2,\"name\":\"SHOP\",\"item\":\"https:\/\/www.wojoer.de\/shop\/\"},{\"@type\":\"ListItem\",\"position\":3,\"name\":\"Gorilla Leggings 315T270\"}]},{\"@type\":\"WebSite\",\"@id\":\"https:\/\/www.wojoer.de\/#website\",\"url\":\"https:\/\/www.wojoer.de\/\",\"name\":\"WOJOER\",\"description\":\"clubwear for men\",\"publisher\":{\"@id\":\"https:\/\/www.wojoer.de\/#organization\"},\"potentialAction\":[{\"@type\":\"SearchAction\",\"target\":{\"@type\":\"EntryPoint\",\"urlTemplate\":\"https:\/\/www.wojoer.de\/?s={search_term_string}\"},\"query-input\":{\"@type\":\"PropertyValueSpecification\",\"valueRequired\":true,\"valueName\":\"search_term_string\"}}],\"inLanguage\":\"en-GB\"},{\"@type\":\"Organization\",\"@id\":\"https:\/\/www.wojoer.de\/#organization\",\"name\":\"Wonneberger-Manufaktur\",\"url\":\"https:\/\/www.wojoer.de\/\",\"logo\":{\"@type\":\"ImageObject\",\"inLanguage\":\"en-GB\",\"@id\":\"https:\/\/www.wojoer.de\/#\/schema\/logo\/image\/\",\"url\":\"https:\/\/www.wojoer.de\/wp-content\/uploads\/2016\/11\/wonnebergermanufaktur_logo_BUTTON.png\",\"contentUrl\":\"https:\/\/www.wojoer.de\/wp-content\/uploads\/2016\/11\/wonnebergermanufaktur_logo_BUTTON.png\",\"width\":765,\"height\":765,\"caption\":\"Wonneberger-Manufaktur\"},\"image\":{\"@id\":\"https:\/\/www.wojoer.de\/#\/schema\/logo\/image\/\"},\"sameAs\":[\"https:\/\/www.facebook.com\/wojoer\/\",\"https:\/\/de.pinterest.com\/W0J0ER\/\"]}]}<\/script>\n<!-- \/ Yoast SEO plugin. -->","yoast_head_json":{"title":"matte lederimitat Leggings | \"Gorilla\" Clubwear von Wojoer","description":"Die schwarz matte Lederimitat Leggings mit animalischen Glanzmuster, das an ein Tiegerfell oder Gorillahaut erinnert, ist Erotik pur!","robots":{"index":"index","follow":"follow","max-snippet":"max-snippet:-1","max-image-preview":"max-image-preview:large","max-video-preview":"max-video-preview:-1"},"canonical":"https:\/\/www.wojoer.de\/en\/produkt\/matte-lederimitat-leggings-gorilla\/","twitter_card":"summary_large_image","twitter_title":"matte lederimitat Leggings | \"Gorilla\" Clubwear von Wojoer","twitter_description":"Die schwarz matte Lederimitat Leggings mit animalischen Glanzmuster, das an ein Tiegerfell oder Gorillahaut erinnert, ist Erotik pur!","twitter_misc":{"Estimated reading time":"1 minute"},"schema":{"@context":"https:\/\/schema.org","@graph":[{"@type":"WebPage","@id":"https:\/\/www.wojoer.de\/produkt\/matte-lederimitat-leggings-gorilla\/","url":"https:\/\/www.wojoer.de\/produkt\/matte-lederimitat-leggings-gorilla\/","name":"matte lederimitat Leggings | \"Gorilla\" Clubwear von Wojoer","isPartOf":{"@id":"https:\/\/www.wojoer.de\/#website"},"primaryImageOfPage":{"@id":"https:\/\/www.wojoer.de\/produkt\/matte-lederimitat-leggings-gorilla\/#primaryimage"},"image":{"@id":"https:\/\/www.wojoer.de\/produkt\/matte-lederimitat-leggings-gorilla\/#primaryimage"},"thumbnailUrl":"https:\/\/www.wojoer.de\/wp-content\/uploads\/2026\/01\/315T270_leggings_schwarz_side_robinson.jpg","datePublished":"2017-04-30T11:41:03+00:00","dateModified":"2026-01-15T12:41:31+00:00","description":"Die schwarz matte Lederimitat Leggings mit animalischen Glanzmuster, das an ein Tiegerfell oder Gorillahaut erinnert, ist Erotik pur!","breadcrumb":{"@id":"https:\/\/www.wojoer.de\/produkt\/matte-lederimitat-leggings-gorilla\/#breadcrumb"},"inLanguage":"en-GB","potentialAction":[{"@type":"ReadAction","target":["https:\/\/www.wojoer.de\/produkt\/matte-lederimitat-leggings-gorilla\/"]}]},{"@type":"ImageObject","inLanguage":"en-GB","@id":"https:\/\/www.wojoer.de\/produkt\/matte-lederimitat-leggings-gorilla\/#primaryimage","url":"https:\/\/www.wojoer.de\/wp-content\/uploads\/2026\/01\/315T270_leggings_schwarz_side_robinson.jpg","contentUrl":"https:\/\/www.wojoer.de\/wp-content\/uploads\/2026\/01\/315T270_leggings_schwarz_side_robinson.jpg","width":2002,"height":2002},{"@type":"BreadcrumbList","@id":"https:\/\/www.wojoer.de\/produkt\/matte-lederimitat-leggings-gorilla\/#breadcrumb","itemListElement":[{"@type":"ListItem","position":1,"name":"Startseite","item":"https:\/\/www.wojoer.de\/"},{"@type":"ListItem","position":2,"name":"SHOP","item":"https:\/\/www.wojoer.de\/shop\/"},{"@type":"ListItem","position":3,"name":"Gorilla Leggings 315T270"}]},{"@type":"WebSite","@id":"https:\/\/www.wojoer.de\/#website","url":"https:\/\/www.wojoer.de\/","name":"WOJOER","description":"clubwear for men","publisher":{"@id":"https:\/\/www.wojoer.de\/#organization"},"potentialAction":[{"@type":"SearchAction","target":{"@type":"EntryPoint","urlTemplate":"https:\/\/www.wojoer.de\/?s={search_term_string}"},"query-input":{"@type":"PropertyValueSpecification","valueRequired":true,"valueName":"search_term_string"}}],"inLanguage":"en-GB"},{"@type":"Organization","@id":"https:\/\/www.wojoer.de\/#organization","name":"Wonneberger-Manufaktur","url":"https:\/\/www.wojoer.de\/","logo":{"@type":"ImageObject","inLanguage":"en-GB","@id":"https:\/\/www.wojoer.de\/#\/schema\/logo\/image\/","url":"https:\/\/www.wojoer.de\/wp-content\/uploads\/2016\/11\/wonnebergermanufaktur_logo_BUTTON.png","contentUrl":"https:\/\/www.wojoer.de\/wp-content\/uploads\/2016\/11\/wonnebergermanufaktur_logo_BUTTON.png","width":765,"height":765,"caption":"Wonneberger-Manufaktur"},"image":{"@id":"https:\/\/www.wojoer.de\/#\/schema\/logo\/image\/"},"sameAs":["https:\/\/www.facebook.com\/wojoer\/","https:\/\/de.pinterest.com\/W0J0ER\/"]}]}},"_links":{"self":[{"href":"https:\/\/www.wojoer.de\/en\/wp-json\/wp\/v2\/product\/5651","targetHints":{"allow":["GET"]}}],"collection":[{"href":"https:\/\/www.wojoer.de\/en\/wp-json\/wp\/v2\/product"}],"about":[{"href":"https:\/\/www.wojoer.de\/en\/wp-json\/wp\/v2\/types\/product"}],"replies":[{"embeddable":true,"href":"https:\/\/www.wojoer.de\/en\/wp-json\/wp\/v2\/comments?post=5651"}],"wp:featuredmedia":[{"embeddable":true,"href":"https:\/\/www.wojoer.de\/en\/wp-json\/wp\/v2\/media\/62835"}],"wp:attachment":[{"href":"https:\/\/www.wojoer.de\/en\/wp-json\/wp\/v2\/media?parent=5651"}],"wp:term":[{"taxonomy":"product_brand","embeddable":true,"href":"https:\/\/www.wojoer.de\/en\/wp-json\/wp\/v2\/product_brand?post=5651"},{"taxonomy":"product_cat","embeddable":true,"href":"https:\/\/www.wojoer.de\/en\/wp-json\/wp\/v2\/product_cat?post=5651"},{"taxonomy":"product_tag","embeddable":true,"href":"https:\/\/www.wojoer.de\/en\/wp-json\/wp\/v2\/product_tag?post=5651"}],"curies":[{"name":"wp","href":"https:\/\/api.w.org\/{rel}","templated":true}]}}