{"id":5664,"date":"2017-05-03T11:34:34","date_gmt":"2017-05-03T09:34:34","guid":{"rendered":"http:\/\/www.wojoer.de\/produkt\/robinson-gorilla-matter-lederimitat-brasil-slip\/"},"modified":"2026-01-15T13:42:04","modified_gmt":"2026-01-15T12:42:04","slug":"gorilla-matter-lederimitat-brasil-slip","status":"publish","type":"product","link":"https:\/\/www.wojoer.de\/en\/produkt\/gorilla-matter-lederimitat-brasil-slip\/","title":{"rendered":"Gorilla Brasil Slip 315B14"},"content":{"rendered":"<p>Produktion auf Bestellung, denn der matte Lederimitat Brasil Slip aus der Gorilla Serie 315B14 geh\u00f6rt in die Kategorie: &#8220;LIVE-Produkte&#8221;!<\/p>\n<h3>Gr\u00f6\u00dfen<\/h3>\n<p>Erh\u00e4ltlich in den Gr\u00f6\u00dfen S, M, L, XL<\/p>\n<h3>Materialzusammensetzung<\/h3>\n<p>Feines Glanz-Matt-Jersey: 80% Polyamid\u00a0 20% Elasthan<\/p>\n<h3>Besonderheiten<\/h3>\n<p><a href=\"http:\/\/www.wojoer.de\/?s=live&#038;post_type=product\">LIVE Produkt<\/a> | matt gl\u00e4nzendes, dehnbares Material | hautenge Passform | hochwertige Verarbeitung &#8220;Made in Germany&#8221;<\/p>\n<h3>Benutzerhinweise<\/h3>\n<p>Handw\u00e4sche<\/p>\n<h3>GORILLA LETHERLIKE Schwarz matter Lederimitat Brasil Slip, Mini Tanga<\/h3>\n<p>Zuerst wirkt dieser Tanga, wie ein gew\u00f6hnlich schwarzer Letherlike. Dabei ist er etwas ganz besonderes. Denn der wet-gl\u00e4nzende Felldruck verspricht einen animalisch feuchten Griff auf der sonst so matten Oberfl\u00e4che. Es ist also als w\u00fcrde man in einer sanften Gorillahaut stecken und die Kraft dieses Tieres um sich sp\u00fchren.<\/p>\n","protected":false},"excerpt":{"rendered":"<p>Produktion auf Bestellung, denn der matte Lederimitat Brasil Slip aus der Gorilla Serie 315B14 geh\u00f6rt in die Kategorie: &#8220;LIVE-Produkte&#8221;!<br \/>\nGr\u00f6\u00dfen<br \/>\nErh\u00e4ltlich in den Gr\u00f6\u00dfen S, M, L, XL<br \/>\nMaterialzusammensetzung<br \/>\nFeines Glanz-Matt-Jersey: 80% Polyamid\u00a0 20% Elasthan<br \/>\nBesonderheiten<br \/>\nLIVE Produkt | matt gl\u00e4nzendes, dehnbares Material | hautenge Passform\u2026<\/p>\n","protected":false},"featured_media":62833,"comment_status":"open","ping_status":"closed","template":"","meta":[],"product_brand":[],"product_cat":[116,473,195,326],"product_tag":[297,170,215,272,194,167],"class_list":{"0":"post-5664","1":"product","2":"type-product","3":"status-publish","4":"has-post-thumbnail","6":"product_cat-clubwear","7":"product_cat-men","8":"product_cat-produktion-auf-bestellung-liveproduktion","9":"product_cat-wojoer","10":"product_tag-animal","11":"product_tag-brasil-slip","12":"product_tag-bulge-tanga-mini-pushup-tanga-g-tanga","13":"product_tag-druck","14":"product_tag-leatherlike","15":"product_tag-tanga","16":"product_shipping_class-beun","17":"pa_groesse-l","18":"pa_groesse-m","19":"pa_groesse-s","20":"pa_groesse-xl","21":"pif-has-gallery","22":"post-1","23":"odd","25":"first","26":"onbackorder","27":"taxable","28":"shipping-taxable","29":"purchasable","30":"product-type-variable"},"yoast_head":"<!-- This site is optimized with the Yoast SEO plugin v27.2 - https:\/\/yoast.com\/product\/yoast-seo-wordpress\/ -->\n<title>matter lederimitat Brasil Slip | &quot;Gorilla&quot; Clubwear WOJOER<\/title>\n<meta name=\"description\" content=\"Schwarz matter Lederimitat Brasil Slip mit animalischen Glanzmuster, das an ein Tiegerfell oder Gorillahaut erinnert, ist Erotik pur!\" \/>\n<meta name=\"robots\" content=\"index, follow, max-snippet:-1, max-image-preview:large, max-video-preview:-1\" \/>\n<link rel=\"canonical\" href=\"https:\/\/www.wojoer.de\/en\/produkt\/gorilla-matter-lederimitat-brasil-slip\/\" \/>\n<meta name=\"twitter:card\" content=\"summary_large_image\" \/>\n<meta name=\"twitter:title\" content=\"matter lederimitat Brasil Slip | &quot;Gorilla&quot; Clubwear WOJOER\" \/>\n<meta name=\"twitter:description\" content=\"Schwarz matter Lederimitat Brasil Slip mit animalischen Glanzmuster, das an ein Tiegerfell oder Gorillahaut erinnert, ist Erotik pur!\" \/>\n<meta name=\"twitter:label1\" content=\"Estimated reading time\" \/>\n\t<meta name=\"twitter:data1\" content=\"1 minute\" \/>\n<script type=\"application\/ld+json\" class=\"yoast-schema-graph\">{\"@context\":\"https:\/\/schema.org\",\"@graph\":[{\"@type\":\"WebPage\",\"@id\":\"https:\/\/www.wojoer.de\/produkt\/gorilla-matter-lederimitat-brasil-slip\/\",\"url\":\"https:\/\/www.wojoer.de\/produkt\/gorilla-matter-lederimitat-brasil-slip\/\",\"name\":\"matter lederimitat Brasil Slip | \\\"Gorilla\\\" Clubwear WOJOER\",\"isPartOf\":{\"@id\":\"https:\/\/www.wojoer.de\/#website\"},\"primaryImageOfPage\":{\"@id\":\"https:\/\/www.wojoer.de\/produkt\/gorilla-matter-lederimitat-brasil-slip\/#primaryimage\"},\"image\":{\"@id\":\"https:\/\/www.wojoer.de\/produkt\/gorilla-matter-lederimitat-brasil-slip\/#primaryimage\"},\"thumbnailUrl\":\"https:\/\/www.wojoer.de\/wp-content\/uploads\/2026\/01\/315B14_tanga_schwarz_side_robinson.jpg\",\"datePublished\":\"2017-05-03T09:34:34+00:00\",\"dateModified\":\"2026-01-15T12:42:04+00:00\",\"description\":\"Schwarz matter Lederimitat Brasil Slip mit animalischen Glanzmuster, das an ein Tiegerfell oder Gorillahaut erinnert, ist Erotik pur!\",\"breadcrumb\":{\"@id\":\"https:\/\/www.wojoer.de\/produkt\/gorilla-matter-lederimitat-brasil-slip\/#breadcrumb\"},\"inLanguage\":\"en-GB\",\"potentialAction\":[{\"@type\":\"ReadAction\",\"target\":[\"https:\/\/www.wojoer.de\/produkt\/gorilla-matter-lederimitat-brasil-slip\/\"]}]},{\"@type\":\"ImageObject\",\"inLanguage\":\"en-GB\",\"@id\":\"https:\/\/www.wojoer.de\/produkt\/gorilla-matter-lederimitat-brasil-slip\/#primaryimage\",\"url\":\"https:\/\/www.wojoer.de\/wp-content\/uploads\/2026\/01\/315B14_tanga_schwarz_side_robinson.jpg\",\"contentUrl\":\"https:\/\/www.wojoer.de\/wp-content\/uploads\/2026\/01\/315B14_tanga_schwarz_side_robinson.jpg\",\"width\":2002,\"height\":2002},{\"@type\":\"BreadcrumbList\",\"@id\":\"https:\/\/www.wojoer.de\/produkt\/gorilla-matter-lederimitat-brasil-slip\/#breadcrumb\",\"itemListElement\":[{\"@type\":\"ListItem\",\"position\":1,\"name\":\"Startseite\",\"item\":\"https:\/\/www.wojoer.de\/\"},{\"@type\":\"ListItem\",\"position\":2,\"name\":\"SHOP\",\"item\":\"https:\/\/www.wojoer.de\/shop\/\"},{\"@type\":\"ListItem\",\"position\":3,\"name\":\"Gorilla Brasil Slip 315B14\"}]},{\"@type\":\"WebSite\",\"@id\":\"https:\/\/www.wojoer.de\/#website\",\"url\":\"https:\/\/www.wojoer.de\/\",\"name\":\"WOJOER\",\"description\":\"clubwear for men\",\"publisher\":{\"@id\":\"https:\/\/www.wojoer.de\/#organization\"},\"potentialAction\":[{\"@type\":\"SearchAction\",\"target\":{\"@type\":\"EntryPoint\",\"urlTemplate\":\"https:\/\/www.wojoer.de\/?s={search_term_string}\"},\"query-input\":{\"@type\":\"PropertyValueSpecification\",\"valueRequired\":true,\"valueName\":\"search_term_string\"}}],\"inLanguage\":\"en-GB\"},{\"@type\":\"Organization\",\"@id\":\"https:\/\/www.wojoer.de\/#organization\",\"name\":\"Wonneberger-Manufaktur\",\"url\":\"https:\/\/www.wojoer.de\/\",\"logo\":{\"@type\":\"ImageObject\",\"inLanguage\":\"en-GB\",\"@id\":\"https:\/\/www.wojoer.de\/#\/schema\/logo\/image\/\",\"url\":\"https:\/\/www.wojoer.de\/wp-content\/uploads\/2016\/11\/wonnebergermanufaktur_logo_BUTTON.png\",\"contentUrl\":\"https:\/\/www.wojoer.de\/wp-content\/uploads\/2016\/11\/wonnebergermanufaktur_logo_BUTTON.png\",\"width\":765,\"height\":765,\"caption\":\"Wonneberger-Manufaktur\"},\"image\":{\"@id\":\"https:\/\/www.wojoer.de\/#\/schema\/logo\/image\/\"},\"sameAs\":[\"https:\/\/www.facebook.com\/wojoer\/\",\"https:\/\/de.pinterest.com\/W0J0ER\/\"]}]}<\/script>\n<!-- \/ Yoast SEO plugin. -->","yoast_head_json":{"title":"matter lederimitat Brasil Slip | \"Gorilla\" Clubwear WOJOER","description":"Schwarz matter Lederimitat Brasil Slip mit animalischen Glanzmuster, das an ein Tiegerfell oder Gorillahaut erinnert, ist Erotik pur!","robots":{"index":"index","follow":"follow","max-snippet":"max-snippet:-1","max-image-preview":"max-image-preview:large","max-video-preview":"max-video-preview:-1"},"canonical":"https:\/\/www.wojoer.de\/en\/produkt\/gorilla-matter-lederimitat-brasil-slip\/","twitter_card":"summary_large_image","twitter_title":"matter lederimitat Brasil Slip | \"Gorilla\" Clubwear WOJOER","twitter_description":"Schwarz matter Lederimitat Brasil Slip mit animalischen Glanzmuster, das an ein Tiegerfell oder Gorillahaut erinnert, ist Erotik pur!","twitter_misc":{"Estimated reading time":"1 minute"},"schema":{"@context":"https:\/\/schema.org","@graph":[{"@type":"WebPage","@id":"https:\/\/www.wojoer.de\/produkt\/gorilla-matter-lederimitat-brasil-slip\/","url":"https:\/\/www.wojoer.de\/produkt\/gorilla-matter-lederimitat-brasil-slip\/","name":"matter lederimitat Brasil Slip | \"Gorilla\" Clubwear WOJOER","isPartOf":{"@id":"https:\/\/www.wojoer.de\/#website"},"primaryImageOfPage":{"@id":"https:\/\/www.wojoer.de\/produkt\/gorilla-matter-lederimitat-brasil-slip\/#primaryimage"},"image":{"@id":"https:\/\/www.wojoer.de\/produkt\/gorilla-matter-lederimitat-brasil-slip\/#primaryimage"},"thumbnailUrl":"https:\/\/www.wojoer.de\/wp-content\/uploads\/2026\/01\/315B14_tanga_schwarz_side_robinson.jpg","datePublished":"2017-05-03T09:34:34+00:00","dateModified":"2026-01-15T12:42:04+00:00","description":"Schwarz matter Lederimitat Brasil Slip mit animalischen Glanzmuster, das an ein Tiegerfell oder Gorillahaut erinnert, ist Erotik pur!","breadcrumb":{"@id":"https:\/\/www.wojoer.de\/produkt\/gorilla-matter-lederimitat-brasil-slip\/#breadcrumb"},"inLanguage":"en-GB","potentialAction":[{"@type":"ReadAction","target":["https:\/\/www.wojoer.de\/produkt\/gorilla-matter-lederimitat-brasil-slip\/"]}]},{"@type":"ImageObject","inLanguage":"en-GB","@id":"https:\/\/www.wojoer.de\/produkt\/gorilla-matter-lederimitat-brasil-slip\/#primaryimage","url":"https:\/\/www.wojoer.de\/wp-content\/uploads\/2026\/01\/315B14_tanga_schwarz_side_robinson.jpg","contentUrl":"https:\/\/www.wojoer.de\/wp-content\/uploads\/2026\/01\/315B14_tanga_schwarz_side_robinson.jpg","width":2002,"height":2002},{"@type":"BreadcrumbList","@id":"https:\/\/www.wojoer.de\/produkt\/gorilla-matter-lederimitat-brasil-slip\/#breadcrumb","itemListElement":[{"@type":"ListItem","position":1,"name":"Startseite","item":"https:\/\/www.wojoer.de\/"},{"@type":"ListItem","position":2,"name":"SHOP","item":"https:\/\/www.wojoer.de\/shop\/"},{"@type":"ListItem","position":3,"name":"Gorilla Brasil Slip 315B14"}]},{"@type":"WebSite","@id":"https:\/\/www.wojoer.de\/#website","url":"https:\/\/www.wojoer.de\/","name":"WOJOER","description":"clubwear for men","publisher":{"@id":"https:\/\/www.wojoer.de\/#organization"},"potentialAction":[{"@type":"SearchAction","target":{"@type":"EntryPoint","urlTemplate":"https:\/\/www.wojoer.de\/?s={search_term_string}"},"query-input":{"@type":"PropertyValueSpecification","valueRequired":true,"valueName":"search_term_string"}}],"inLanguage":"en-GB"},{"@type":"Organization","@id":"https:\/\/www.wojoer.de\/#organization","name":"Wonneberger-Manufaktur","url":"https:\/\/www.wojoer.de\/","logo":{"@type":"ImageObject","inLanguage":"en-GB","@id":"https:\/\/www.wojoer.de\/#\/schema\/logo\/image\/","url":"https:\/\/www.wojoer.de\/wp-content\/uploads\/2016\/11\/wonnebergermanufaktur_logo_BUTTON.png","contentUrl":"https:\/\/www.wojoer.de\/wp-content\/uploads\/2016\/11\/wonnebergermanufaktur_logo_BUTTON.png","width":765,"height":765,"caption":"Wonneberger-Manufaktur"},"image":{"@id":"https:\/\/www.wojoer.de\/#\/schema\/logo\/image\/"},"sameAs":["https:\/\/www.facebook.com\/wojoer\/","https:\/\/de.pinterest.com\/W0J0ER\/"]}]}},"_links":{"self":[{"href":"https:\/\/www.wojoer.de\/en\/wp-json\/wp\/v2\/product\/5664","targetHints":{"allow":["GET"]}}],"collection":[{"href":"https:\/\/www.wojoer.de\/en\/wp-json\/wp\/v2\/product"}],"about":[{"href":"https:\/\/www.wojoer.de\/en\/wp-json\/wp\/v2\/types\/product"}],"replies":[{"embeddable":true,"href":"https:\/\/www.wojoer.de\/en\/wp-json\/wp\/v2\/comments?post=5664"}],"wp:featuredmedia":[{"embeddable":true,"href":"https:\/\/www.wojoer.de\/en\/wp-json\/wp\/v2\/media\/62833"}],"wp:attachment":[{"href":"https:\/\/www.wojoer.de\/en\/wp-json\/wp\/v2\/media?parent=5664"}],"wp:term":[{"taxonomy":"product_brand","embeddable":true,"href":"https:\/\/www.wojoer.de\/en\/wp-json\/wp\/v2\/product_brand?post=5664"},{"taxonomy":"product_cat","embeddable":true,"href":"https:\/\/www.wojoer.de\/en\/wp-json\/wp\/v2\/product_cat?post=5664"},{"taxonomy":"product_tag","embeddable":true,"href":"https:\/\/www.wojoer.de\/en\/wp-json\/wp\/v2\/product_tag?post=5664"}],"curies":[{"name":"wp","href":"https:\/\/api.w.org\/{rel}","templated":true}]}}