{"id":5693,"date":"2025-04-08T12:44:13","date_gmt":"2025-04-08T10:44:13","guid":{"rendered":"http:\/\/www.wojoer.de\/produkt\/bade-brasil-slip\/"},"modified":"2025-11-05T07:38:12","modified_gmt":"2025-11-05T06:38:12","slug":"bade-brasil-slip","status":"publish","type":"product","link":"https:\/\/www.wojoer.de\/en\/produkt\/bade-brasil-slip\/","title":{"rendered":"Bade brasil slip 335B10B"},"content":{"rendered":"<p>immer vorr\u00e4tig, denn der schwarze oder eisblaue Bade Brasil Slip mit neongelben B\u00fcndchen 335B10BS geh\u00f6rt in die Kategorie: Wojoer &#8220;NOS-Produkte&#8221;!<\/p>\n<h3>Gr\u00f6\u00dfen<\/h3>\n<p>Erh\u00e4ltlich in den Gr\u00f6\u00dfen S, M, L, XL<\/p>\n<h3>Materialzusammensetzung<\/h3>\n<p>Blickdichtes Badejersey: 80% Polyamid und 20% Elasthan<\/p>\n<h3>Besonderheiten<\/h3>\n<p><a href=\"http:\/\/www.wojoer.de\/?s=nos&#038;post_type=product\">NOS Produkt<\/a> | matt gl\u00e4nzendes, sehr dehnbares Material | Badetauglich | hautenge Passform | hochwertige Verarbeitung &#8220;Made in Germany&#8221;<\/p>\n<h3>Benutzerhinweise<\/h3>\n<p>30\u00b0 Schonw\u00e4sche<\/p>\n<h3>BADE BRASIL SLIP- Badehose, Badeschl\u00fcpfer schwarz, neongelb, eisblau<\/h3>\n<p>Kaum zu glauben! Aber der Bade Tanga von WOJOER ist keine Badehose wie jede andere. Weil er einfach perfekt\u00a0sitzt und wunderbar bequem ist. Dazu kommt das tief schwarze, blickdichte Material und die knallige Akzentsetzung mit neongelben B\u00fcndchen. Und schlie\u00dflich ist er auch badetauglich f\u00fcr Chlor- und Salzwasser.<\/p>\n","protected":false},"excerpt":{"rendered":"<p>immer vorr\u00e4tig, denn der schwarze oder eisblaue Bade Brasil Slip mit neongelben B\u00fcndchen 335B10BS geh\u00f6rt in die Kategorie: Wojoer &#8220;NOS-Produkte&#8221;!<br \/>\nGr\u00f6\u00dfen<br \/>\nErh\u00e4ltlich in den Gr\u00f6\u00dfen S, M, L, XL<br \/>\nMaterialzusammensetzung<br \/>\nBlickdichtes Badejersey: 80% Polyamid und 20% Elasthan<br \/>\nBesonderheiten<br \/>\nNOS Produkt | matt gl\u00e4nzendes, sehr dehnbares Material\u2026<\/p>\n","protected":false},"featured_media":35446,"comment_status":"open","ping_status":"closed","template":"","meta":[],"product_brand":[],"product_cat":[808,115,473,195,326],"product_tag":[276,108,170,215,167],"class_list":{"0":"post-5693","1":"product","2":"type-product","3":"status-publish","4":"has-post-thumbnail","6":"product_cat-badeglanz","7":"product_cat-beachwear","8":"product_cat-men","9":"product_cat-produktion-auf-bestellung-liveproduktion","10":"product_cat-wojoer","11":"product_tag-badeglanz","12":"product_tag-1beachwear","13":"product_tag-brasil-slip","14":"product_tag-bulge-tanga-mini-pushup-tanga-g-tanga","15":"product_tag-tanga","16":"product_shipping_class-beun","17":"pa_farbe-eisblau","18":"pa_farbe-schwarz","19":"pa_groesse-l","20":"pa_groesse-m","21":"pa_groesse-s","22":"pa_groesse-xl","23":"pif-has-gallery","24":"post-1","25":"odd","27":"first","28":"instock","29":"taxable","30":"shipping-taxable","31":"purchasable","32":"product-type-variable"},"yoast_head":"<!-- This site is optimized with the Yoast SEO plugin v27.2 - https:\/\/yoast.com\/product\/yoast-seo-wordpress\/ -->\n<title>Bade brasil slip in schwarz &amp; Neongelb | Badehose von WOJOER<\/title>\n<meta name=\"description\" content=\"Schwarzer Bade Brasil Slip mit neungelben B\u00fcndchen. Bequeme Passform, blickdichtes Bade-Material. Sch\u00f6n knapp geschnitten und mit Neonakzent von WOJOER.\" \/>\n<meta name=\"robots\" content=\"index, follow, max-snippet:-1, max-image-preview:large, max-video-preview:-1\" \/>\n<link rel=\"canonical\" href=\"https:\/\/www.wojoer.de\/en\/produkt\/bade-brasil-slip\/\" \/>\n<meta name=\"twitter:card\" content=\"summary_large_image\" \/>\n<meta name=\"twitter:title\" content=\"Bade brasil slip in schwarz &amp; Neongelb | Badehose von WOJOER\" \/>\n<meta name=\"twitter:description\" content=\"Schwarzer Bade Brasil Slip mit neungelben B\u00fcndchen. Bequeme Passform, blickdichtes Bade-Material. Sch\u00f6n knapp geschnitten und mit Neonakzent von WOJOER.\" \/>\n<meta name=\"twitter:image\" content=\"https:\/\/www.wojoer.de\/wp-content\/uploads\/2021\/06\/335B10B_tanga_schwarz_neongelb_wojoer_.jpg\" \/>\n<meta name=\"twitter:label1\" content=\"Estimated reading time\" \/>\n\t<meta name=\"twitter:data1\" content=\"1 minute\" \/>\n<script type=\"application\/ld+json\" class=\"yoast-schema-graph\">{\"@context\":\"https:\/\/schema.org\",\"@graph\":[{\"@type\":\"WebPage\",\"@id\":\"https:\/\/www.wojoer.de\/produkt\/bade-brasil-slip\/\",\"url\":\"https:\/\/www.wojoer.de\/produkt\/bade-brasil-slip\/\",\"name\":\"Bade brasil slip in schwarz & Neongelb | Badehose von WOJOER\",\"isPartOf\":{\"@id\":\"https:\/\/www.wojoer.de\/#website\"},\"primaryImageOfPage\":{\"@id\":\"https:\/\/www.wojoer.de\/produkt\/bade-brasil-slip\/#primaryimage\"},\"image\":{\"@id\":\"https:\/\/www.wojoer.de\/produkt\/bade-brasil-slip\/#primaryimage\"},\"thumbnailUrl\":\"https:\/\/www.wojoer.de\/wp-content\/uploads\/2021\/06\/335B10B_tanga_schwarz_neongelb_wojoer_.jpg\",\"datePublished\":\"2025-04-08T10:44:13+00:00\",\"dateModified\":\"2025-11-05T06:38:12+00:00\",\"description\":\"Schwarzer Bade Brasil Slip mit neungelben B\u00fcndchen. Bequeme Passform, blickdichtes Bade-Material. Sch\u00f6n knapp geschnitten und mit Neonakzent von WOJOER.\",\"breadcrumb\":{\"@id\":\"https:\/\/www.wojoer.de\/produkt\/bade-brasil-slip\/#breadcrumb\"},\"inLanguage\":\"en-GB\",\"potentialAction\":[{\"@type\":\"ReadAction\",\"target\":[\"https:\/\/www.wojoer.de\/produkt\/bade-brasil-slip\/\"]}]},{\"@type\":\"ImageObject\",\"inLanguage\":\"en-GB\",\"@id\":\"https:\/\/www.wojoer.de\/produkt\/bade-brasil-slip\/#primaryimage\",\"url\":\"https:\/\/www.wojoer.de\/wp-content\/uploads\/2021\/06\/335B10B_tanga_schwarz_neongelb_wojoer_.jpg\",\"contentUrl\":\"https:\/\/www.wojoer.de\/wp-content\/uploads\/2021\/06\/335B10B_tanga_schwarz_neongelb_wojoer_.jpg\",\"width\":2002,\"height\":2002},{\"@type\":\"BreadcrumbList\",\"@id\":\"https:\/\/www.wojoer.de\/produkt\/bade-brasil-slip\/#breadcrumb\",\"itemListElement\":[{\"@type\":\"ListItem\",\"position\":1,\"name\":\"Startseite\",\"item\":\"https:\/\/www.wojoer.de\/\"},{\"@type\":\"ListItem\",\"position\":2,\"name\":\"SHOP\",\"item\":\"https:\/\/www.wojoer.de\/shop\/\"},{\"@type\":\"ListItem\",\"position\":3,\"name\":\"Bade brasil slip 335B10B\"}]},{\"@type\":\"WebSite\",\"@id\":\"https:\/\/www.wojoer.de\/#website\",\"url\":\"https:\/\/www.wojoer.de\/\",\"name\":\"WOJOER\",\"description\":\"clubwear for men\",\"publisher\":{\"@id\":\"https:\/\/www.wojoer.de\/#organization\"},\"potentialAction\":[{\"@type\":\"SearchAction\",\"target\":{\"@type\":\"EntryPoint\",\"urlTemplate\":\"https:\/\/www.wojoer.de\/?s={search_term_string}\"},\"query-input\":{\"@type\":\"PropertyValueSpecification\",\"valueRequired\":true,\"valueName\":\"search_term_string\"}}],\"inLanguage\":\"en-GB\"},{\"@type\":\"Organization\",\"@id\":\"https:\/\/www.wojoer.de\/#organization\",\"name\":\"Wonneberger-Manufaktur\",\"url\":\"https:\/\/www.wojoer.de\/\",\"logo\":{\"@type\":\"ImageObject\",\"inLanguage\":\"en-GB\",\"@id\":\"https:\/\/www.wojoer.de\/#\/schema\/logo\/image\/\",\"url\":\"https:\/\/www.wojoer.de\/wp-content\/uploads\/2016\/11\/wonnebergermanufaktur_logo_BUTTON.png\",\"contentUrl\":\"https:\/\/www.wojoer.de\/wp-content\/uploads\/2016\/11\/wonnebergermanufaktur_logo_BUTTON.png\",\"width\":765,\"height\":765,\"caption\":\"Wonneberger-Manufaktur\"},\"image\":{\"@id\":\"https:\/\/www.wojoer.de\/#\/schema\/logo\/image\/\"},\"sameAs\":[\"https:\/\/www.facebook.com\/wojoer\/\",\"https:\/\/de.pinterest.com\/W0J0ER\/\"]}]}<\/script>\n<!-- \/ Yoast SEO plugin. -->","yoast_head_json":{"title":"Bade brasil slip in schwarz & Neongelb | Badehose von WOJOER","description":"Schwarzer Bade Brasil Slip mit neungelben B\u00fcndchen. Bequeme Passform, blickdichtes Bade-Material. Sch\u00f6n knapp geschnitten und mit Neonakzent von WOJOER.","robots":{"index":"index","follow":"follow","max-snippet":"max-snippet:-1","max-image-preview":"max-image-preview:large","max-video-preview":"max-video-preview:-1"},"canonical":"https:\/\/www.wojoer.de\/en\/produkt\/bade-brasil-slip\/","twitter_card":"summary_large_image","twitter_title":"Bade brasil slip in schwarz & Neongelb | Badehose von WOJOER","twitter_description":"Schwarzer Bade Brasil Slip mit neungelben B\u00fcndchen. Bequeme Passform, blickdichtes Bade-Material. Sch\u00f6n knapp geschnitten und mit Neonakzent von WOJOER.","twitter_image":"https:\/\/www.wojoer.de\/wp-content\/uploads\/2021\/06\/335B10B_tanga_schwarz_neongelb_wojoer_.jpg","twitter_misc":{"Estimated reading time":"1 minute"},"schema":{"@context":"https:\/\/schema.org","@graph":[{"@type":"WebPage","@id":"https:\/\/www.wojoer.de\/produkt\/bade-brasil-slip\/","url":"https:\/\/www.wojoer.de\/produkt\/bade-brasil-slip\/","name":"Bade brasil slip in schwarz & Neongelb | Badehose von WOJOER","isPartOf":{"@id":"https:\/\/www.wojoer.de\/#website"},"primaryImageOfPage":{"@id":"https:\/\/www.wojoer.de\/produkt\/bade-brasil-slip\/#primaryimage"},"image":{"@id":"https:\/\/www.wojoer.de\/produkt\/bade-brasil-slip\/#primaryimage"},"thumbnailUrl":"https:\/\/www.wojoer.de\/wp-content\/uploads\/2021\/06\/335B10B_tanga_schwarz_neongelb_wojoer_.jpg","datePublished":"2025-04-08T10:44:13+00:00","dateModified":"2025-11-05T06:38:12+00:00","description":"Schwarzer Bade Brasil Slip mit neungelben B\u00fcndchen. Bequeme Passform, blickdichtes Bade-Material. Sch\u00f6n knapp geschnitten und mit Neonakzent von WOJOER.","breadcrumb":{"@id":"https:\/\/www.wojoer.de\/produkt\/bade-brasil-slip\/#breadcrumb"},"inLanguage":"en-GB","potentialAction":[{"@type":"ReadAction","target":["https:\/\/www.wojoer.de\/produkt\/bade-brasil-slip\/"]}]},{"@type":"ImageObject","inLanguage":"en-GB","@id":"https:\/\/www.wojoer.de\/produkt\/bade-brasil-slip\/#primaryimage","url":"https:\/\/www.wojoer.de\/wp-content\/uploads\/2021\/06\/335B10B_tanga_schwarz_neongelb_wojoer_.jpg","contentUrl":"https:\/\/www.wojoer.de\/wp-content\/uploads\/2021\/06\/335B10B_tanga_schwarz_neongelb_wojoer_.jpg","width":2002,"height":2002},{"@type":"BreadcrumbList","@id":"https:\/\/www.wojoer.de\/produkt\/bade-brasil-slip\/#breadcrumb","itemListElement":[{"@type":"ListItem","position":1,"name":"Startseite","item":"https:\/\/www.wojoer.de\/"},{"@type":"ListItem","position":2,"name":"SHOP","item":"https:\/\/www.wojoer.de\/shop\/"},{"@type":"ListItem","position":3,"name":"Bade brasil slip 335B10B"}]},{"@type":"WebSite","@id":"https:\/\/www.wojoer.de\/#website","url":"https:\/\/www.wojoer.de\/","name":"WOJOER","description":"clubwear for men","publisher":{"@id":"https:\/\/www.wojoer.de\/#organization"},"potentialAction":[{"@type":"SearchAction","target":{"@type":"EntryPoint","urlTemplate":"https:\/\/www.wojoer.de\/?s={search_term_string}"},"query-input":{"@type":"PropertyValueSpecification","valueRequired":true,"valueName":"search_term_string"}}],"inLanguage":"en-GB"},{"@type":"Organization","@id":"https:\/\/www.wojoer.de\/#organization","name":"Wonneberger-Manufaktur","url":"https:\/\/www.wojoer.de\/","logo":{"@type":"ImageObject","inLanguage":"en-GB","@id":"https:\/\/www.wojoer.de\/#\/schema\/logo\/image\/","url":"https:\/\/www.wojoer.de\/wp-content\/uploads\/2016\/11\/wonnebergermanufaktur_logo_BUTTON.png","contentUrl":"https:\/\/www.wojoer.de\/wp-content\/uploads\/2016\/11\/wonnebergermanufaktur_logo_BUTTON.png","width":765,"height":765,"caption":"Wonneberger-Manufaktur"},"image":{"@id":"https:\/\/www.wojoer.de\/#\/schema\/logo\/image\/"},"sameAs":["https:\/\/www.facebook.com\/wojoer\/","https:\/\/de.pinterest.com\/W0J0ER\/"]}]}},"_links":{"self":[{"href":"https:\/\/www.wojoer.de\/en\/wp-json\/wp\/v2\/product\/5693","targetHints":{"allow":["GET"]}}],"collection":[{"href":"https:\/\/www.wojoer.de\/en\/wp-json\/wp\/v2\/product"}],"about":[{"href":"https:\/\/www.wojoer.de\/en\/wp-json\/wp\/v2\/types\/product"}],"replies":[{"embeddable":true,"href":"https:\/\/www.wojoer.de\/en\/wp-json\/wp\/v2\/comments?post=5693"}],"wp:featuredmedia":[{"embeddable":true,"href":"https:\/\/www.wojoer.de\/en\/wp-json\/wp\/v2\/media\/35446"}],"wp:attachment":[{"href":"https:\/\/www.wojoer.de\/en\/wp-json\/wp\/v2\/media?parent=5693"}],"wp:term":[{"taxonomy":"product_brand","embeddable":true,"href":"https:\/\/www.wojoer.de\/en\/wp-json\/wp\/v2\/product_brand?post=5693"},{"taxonomy":"product_cat","embeddable":true,"href":"https:\/\/www.wojoer.de\/en\/wp-json\/wp\/v2\/product_cat?post=5693"},{"taxonomy":"product_tag","embeddable":true,"href":"https:\/\/www.wojoer.de\/en\/wp-json\/wp\/v2\/product_tag?post=5693"}],"curies":[{"name":"wp","href":"https:\/\/api.w.org\/{rel}","templated":true}]}}