{"id":5756,"date":"2017-05-04T15:06:59","date_gmt":"2017-05-04T13:06:59","guid":{"rendered":"http:\/\/www.wojoer.de\/produkt\/candygreen-gruene-letherlike-leggings\/"},"modified":"2024-06-27T09:32:54","modified_gmt":"2024-06-27T07:32:54","slug":"candygreen-gruene-letherlike-leggings","status":"publish","type":"product","link":"https:\/\/www.wojoer.de\/en\/produkt\/candygreen-gruene-letherlike-leggings\/","title":{"rendered":"Candygreen Leggings 337W425.1"},"content":{"rendered":"<p>Achtung Limitiert! Damit geh\u00f6rt die gr\u00fcne Letherlike Leggings der CandyGreen Serie 337W425.1 in die Kategorie: WOJOER &#8220;ONLY FOR ME&#8221;!<\/p>\n<h3>Gr\u00f6\u00dfen<\/h3>\n<p>Erh\u00e4ltlich in den Gr\u00f6\u00dfen S, M, L, XL (f\u00e4llt sehr klein aus)<\/p>\n<h3>Materialzusammensetzung<\/h3>\n<p>Lederimitat: 93% Polyester\u00a0 7% Elasthan<\/p>\n<h3>Besonderheiten<\/h3>\n<p><a href=\"http:\/\/www.wojoer.de\/?s=ofm&#038;post_type=product\">Only For Me Produkt<\/a> | glasig matt gl\u00e4nzende Oberfl\u00e4che | festes, leicht dehnbares Material | hautenge Passform | wei\u00dfe Leatherlikepaspel am Suspensorium | hochwertige Verarbeitung &#8220;Made in Germany&#8221;<\/p>\n<h3>Benutzerhinweise<\/h3>\n<p>ACHTUNG! F\u00e4llt sehr klein aus, eventuell eine Nummer gr\u00f6\u00dfer bestellen | Handw\u00e4sche<\/p>\n<h3><\/h3>\n<h3>CANDYGREEN LEDERIMITAT Gr\u00fcne Letherlike Leggings<\/h3>\n<p>FANCY!!! Genau so f\u00fchlst du dich? Du spr\u00fchst nur so vor lauter Energie und purer Lebensfreude? Dann ist diese gr\u00fcne Leggings aus festen, leuchtend gr\u00fcnen Leatherlike genau das Richtige f\u00fcr dich! Enganliegend umschmeichelt es deinen sexy M\u00e4nnerbody. Verziert mit einer wei\u00dfen Lederpaspel am Suspensorium wirst du zum absoluten Hingucker \u2013 egal wann, egal wo \u2013 der Mittelpunkt ist auf jeden Fall DEIN! Also rein ins pure Vergn\u00fcgen und hol dir den Fr\u00fchling mit all seiner Kraft zu dir nach Hause. Immer Griffbereit, wann immer du es brauchst!<\/p>\n","protected":false},"excerpt":{"rendered":"<p>Achtung Limitiert! Damit geh\u00f6rt die gr\u00fcne Letherlike Leggings der CandyGreen Serie 337W425.1 in die Kategorie: WOJOER &#8220;ONLY FOR ME&#8221;!<br \/>\nGr\u00f6\u00dfen<br \/>\nErh\u00e4ltlich in den Gr\u00f6\u00dfen S, M, L, XL (f\u00e4llt sehr klein aus)<br \/>\nMaterialzusammensetzung<br \/>\nLederimitat: 93% Polyester\u00a0 7% Elasthan<br \/>\nBesonderheiten<br \/>\nOnly For Me Produkt | glasig matt\u2026<\/p>\n","protected":false},"featured_media":5730,"comment_status":"open","ping_status":"closed","template":"","meta":[],"product_brand":[],"product_cat":[116,473,270,326],"product_tag":[194,244],"class_list":{"0":"post-5756","1":"product","2":"type-product","3":"status-publish","4":"has-post-thumbnail","6":"product_cat-clubwear","7":"product_cat-men","8":"product_cat-onlyforme","9":"product_cat-wojoer","10":"product_tag-leatherlike","11":"product_tag-leggings","12":"product_shipping_class-beun","13":"pa_groesse-l","14":"pa_groesse-m","15":"pa_groesse-s","16":"pa_groesse-xl","17":"pif-has-gallery","18":"post-1","19":"odd","21":"first","22":"instock","23":"taxable","24":"shipping-taxable","25":"purchasable","26":"product-type-variable"},"yoast_head":"<!-- This site is optimized with the Yoast SEO plugin v27.2 - https:\/\/yoast.com\/product\/yoast-seo-wordpress\/ -->\n<title>Gr\u00fcne Letherlike Leggings &quot;Candygreen&quot; | Clubwear von Wojoer<\/title>\n<meta name=\"description\" content=\"Fr\u00fchlings-Gr\u00fcne Letherlike Leggings mit gl\u00e4nzendem Schimmer, wie Gummi. Detailreich mit, wei\u00dfem Einfass und Eckenbund. Einmalig und LIMITIERT!\" \/>\n<meta name=\"robots\" content=\"index, follow, max-snippet:-1, max-image-preview:large, max-video-preview:-1\" \/>\n<link rel=\"canonical\" href=\"https:\/\/www.wojoer.de\/en\/produkt\/candygreen-gruene-letherlike-leggings\/\" \/>\n<meta name=\"twitter:card\" content=\"summary_large_image\" \/>\n<meta name=\"twitter:title\" content=\"Gr\u00fcne Letherlike Leggings &quot;Candygreen&quot; | Clubwear von Wojoer\" \/>\n<meta name=\"twitter:description\" content=\"Fr\u00fchlings-Gr\u00fcne Letherlike Leggings mit gl\u00e4nzendem Schimmer, wie Gummi. Detailreich mit, wei\u00dfem Einfass und Eckenbund. Einmalig und LIMITIERT!\" \/>\n<meta name=\"twitter:image\" content=\"https:\/\/www.wojoer.de\/wp-content\/uploads\/2017\/05\/337W425.1_candygreen_leggings_wojoer.jpg\" \/>\n<meta name=\"twitter:label1\" content=\"Estimated reading time\" \/>\n\t<meta name=\"twitter:data1\" content=\"1 minute\" \/>\n<script type=\"application\/ld+json\" class=\"yoast-schema-graph\">{\"@context\":\"https:\/\/schema.org\",\"@graph\":[{\"@type\":\"WebPage\",\"@id\":\"https:\/\/www.wojoer.de\/produkt\/candygreen-gruene-letherlike-leggings\/\",\"url\":\"https:\/\/www.wojoer.de\/produkt\/candygreen-gruene-letherlike-leggings\/\",\"name\":\"Gr\u00fcne Letherlike Leggings \\\"Candygreen\\\" | Clubwear von Wojoer\",\"isPartOf\":{\"@id\":\"https:\/\/www.wojoer.de\/#website\"},\"primaryImageOfPage\":{\"@id\":\"https:\/\/www.wojoer.de\/produkt\/candygreen-gruene-letherlike-leggings\/#primaryimage\"},\"image\":{\"@id\":\"https:\/\/www.wojoer.de\/produkt\/candygreen-gruene-letherlike-leggings\/#primaryimage\"},\"thumbnailUrl\":\"https:\/\/www.wojoer.de\/wp-content\/uploads\/2017\/05\/337W425.1_candygreen_leggings_wojoer.jpg\",\"datePublished\":\"2017-05-04T13:06:59+00:00\",\"dateModified\":\"2024-06-27T07:32:54+00:00\",\"description\":\"Fr\u00fchlings-Gr\u00fcne Letherlike Leggings mit gl\u00e4nzendem Schimmer, wie Gummi. Detailreich mit, wei\u00dfem Einfass und Eckenbund. Einmalig und LIMITIERT!\",\"breadcrumb\":{\"@id\":\"https:\/\/www.wojoer.de\/produkt\/candygreen-gruene-letherlike-leggings\/#breadcrumb\"},\"inLanguage\":\"en-GB\",\"potentialAction\":[{\"@type\":\"ReadAction\",\"target\":[\"https:\/\/www.wojoer.de\/produkt\/candygreen-gruene-letherlike-leggings\/\"]}]},{\"@type\":\"ImageObject\",\"inLanguage\":\"en-GB\",\"@id\":\"https:\/\/www.wojoer.de\/produkt\/candygreen-gruene-letherlike-leggings\/#primaryimage\",\"url\":\"https:\/\/www.wojoer.de\/wp-content\/uploads\/2017\/05\/337W425.1_candygreen_leggings_wojoer.jpg\",\"contentUrl\":\"https:\/\/www.wojoer.de\/wp-content\/uploads\/2017\/05\/337W425.1_candygreen_leggings_wojoer.jpg\",\"width\":2002,\"height\":2002,\"caption\":\"Candygreen, gr\u00fcne Letherlike Leggings, Glanz, Lederimitat, Kunstleder, Letherlike, wei\u00dfer Einfass, Eckbund, Einzigartig, Limitiert, Besonders, Speziell\"},{\"@type\":\"BreadcrumbList\",\"@id\":\"https:\/\/www.wojoer.de\/produkt\/candygreen-gruene-letherlike-leggings\/#breadcrumb\",\"itemListElement\":[{\"@type\":\"ListItem\",\"position\":1,\"name\":\"Startseite\",\"item\":\"https:\/\/www.wojoer.de\/\"},{\"@type\":\"ListItem\",\"position\":2,\"name\":\"SHOP\",\"item\":\"https:\/\/www.wojoer.de\/shop\/\"},{\"@type\":\"ListItem\",\"position\":3,\"name\":\"Candygreen Leggings 337W425.1\"}]},{\"@type\":\"WebSite\",\"@id\":\"https:\/\/www.wojoer.de\/#website\",\"url\":\"https:\/\/www.wojoer.de\/\",\"name\":\"WOJOER\",\"description\":\"clubwear for men\",\"publisher\":{\"@id\":\"https:\/\/www.wojoer.de\/#organization\"},\"potentialAction\":[{\"@type\":\"SearchAction\",\"target\":{\"@type\":\"EntryPoint\",\"urlTemplate\":\"https:\/\/www.wojoer.de\/?s={search_term_string}\"},\"query-input\":{\"@type\":\"PropertyValueSpecification\",\"valueRequired\":true,\"valueName\":\"search_term_string\"}}],\"inLanguage\":\"en-GB\"},{\"@type\":\"Organization\",\"@id\":\"https:\/\/www.wojoer.de\/#organization\",\"name\":\"Wonneberger-Manufaktur\",\"url\":\"https:\/\/www.wojoer.de\/\",\"logo\":{\"@type\":\"ImageObject\",\"inLanguage\":\"en-GB\",\"@id\":\"https:\/\/www.wojoer.de\/#\/schema\/logo\/image\/\",\"url\":\"https:\/\/www.wojoer.de\/wp-content\/uploads\/2016\/11\/wonnebergermanufaktur_logo_BUTTON.png\",\"contentUrl\":\"https:\/\/www.wojoer.de\/wp-content\/uploads\/2016\/11\/wonnebergermanufaktur_logo_BUTTON.png\",\"width\":765,\"height\":765,\"caption\":\"Wonneberger-Manufaktur\"},\"image\":{\"@id\":\"https:\/\/www.wojoer.de\/#\/schema\/logo\/image\/\"},\"sameAs\":[\"https:\/\/www.facebook.com\/wojoer\/\",\"https:\/\/de.pinterest.com\/W0J0ER\/\"]}]}<\/script>\n<!-- \/ Yoast SEO plugin. -->","yoast_head_json":{"title":"Gr\u00fcne Letherlike Leggings \"Candygreen\" | Clubwear von Wojoer","description":"Fr\u00fchlings-Gr\u00fcne Letherlike Leggings mit gl\u00e4nzendem Schimmer, wie Gummi. Detailreich mit, wei\u00dfem Einfass und Eckenbund. Einmalig und LIMITIERT!","robots":{"index":"index","follow":"follow","max-snippet":"max-snippet:-1","max-image-preview":"max-image-preview:large","max-video-preview":"max-video-preview:-1"},"canonical":"https:\/\/www.wojoer.de\/en\/produkt\/candygreen-gruene-letherlike-leggings\/","twitter_card":"summary_large_image","twitter_title":"Gr\u00fcne Letherlike Leggings \"Candygreen\" | Clubwear von Wojoer","twitter_description":"Fr\u00fchlings-Gr\u00fcne Letherlike Leggings mit gl\u00e4nzendem Schimmer, wie Gummi. Detailreich mit, wei\u00dfem Einfass und Eckenbund. Einmalig und LIMITIERT!","twitter_image":"https:\/\/www.wojoer.de\/wp-content\/uploads\/2017\/05\/337W425.1_candygreen_leggings_wojoer.jpg","twitter_misc":{"Estimated reading time":"1 minute"},"schema":{"@context":"https:\/\/schema.org","@graph":[{"@type":"WebPage","@id":"https:\/\/www.wojoer.de\/produkt\/candygreen-gruene-letherlike-leggings\/","url":"https:\/\/www.wojoer.de\/produkt\/candygreen-gruene-letherlike-leggings\/","name":"Gr\u00fcne Letherlike Leggings \"Candygreen\" | Clubwear von Wojoer","isPartOf":{"@id":"https:\/\/www.wojoer.de\/#website"},"primaryImageOfPage":{"@id":"https:\/\/www.wojoer.de\/produkt\/candygreen-gruene-letherlike-leggings\/#primaryimage"},"image":{"@id":"https:\/\/www.wojoer.de\/produkt\/candygreen-gruene-letherlike-leggings\/#primaryimage"},"thumbnailUrl":"https:\/\/www.wojoer.de\/wp-content\/uploads\/2017\/05\/337W425.1_candygreen_leggings_wojoer.jpg","datePublished":"2017-05-04T13:06:59+00:00","dateModified":"2024-06-27T07:32:54+00:00","description":"Fr\u00fchlings-Gr\u00fcne Letherlike Leggings mit gl\u00e4nzendem Schimmer, wie Gummi. Detailreich mit, wei\u00dfem Einfass und Eckenbund. Einmalig und LIMITIERT!","breadcrumb":{"@id":"https:\/\/www.wojoer.de\/produkt\/candygreen-gruene-letherlike-leggings\/#breadcrumb"},"inLanguage":"en-GB","potentialAction":[{"@type":"ReadAction","target":["https:\/\/www.wojoer.de\/produkt\/candygreen-gruene-letherlike-leggings\/"]}]},{"@type":"ImageObject","inLanguage":"en-GB","@id":"https:\/\/www.wojoer.de\/produkt\/candygreen-gruene-letherlike-leggings\/#primaryimage","url":"https:\/\/www.wojoer.de\/wp-content\/uploads\/2017\/05\/337W425.1_candygreen_leggings_wojoer.jpg","contentUrl":"https:\/\/www.wojoer.de\/wp-content\/uploads\/2017\/05\/337W425.1_candygreen_leggings_wojoer.jpg","width":2002,"height":2002,"caption":"Candygreen, gr\u00fcne Letherlike Leggings, Glanz, Lederimitat, Kunstleder, Letherlike, wei\u00dfer Einfass, Eckbund, Einzigartig, Limitiert, Besonders, Speziell"},{"@type":"BreadcrumbList","@id":"https:\/\/www.wojoer.de\/produkt\/candygreen-gruene-letherlike-leggings\/#breadcrumb","itemListElement":[{"@type":"ListItem","position":1,"name":"Startseite","item":"https:\/\/www.wojoer.de\/"},{"@type":"ListItem","position":2,"name":"SHOP","item":"https:\/\/www.wojoer.de\/shop\/"},{"@type":"ListItem","position":3,"name":"Candygreen Leggings 337W425.1"}]},{"@type":"WebSite","@id":"https:\/\/www.wojoer.de\/#website","url":"https:\/\/www.wojoer.de\/","name":"WOJOER","description":"clubwear for men","publisher":{"@id":"https:\/\/www.wojoer.de\/#organization"},"potentialAction":[{"@type":"SearchAction","target":{"@type":"EntryPoint","urlTemplate":"https:\/\/www.wojoer.de\/?s={search_term_string}"},"query-input":{"@type":"PropertyValueSpecification","valueRequired":true,"valueName":"search_term_string"}}],"inLanguage":"en-GB"},{"@type":"Organization","@id":"https:\/\/www.wojoer.de\/#organization","name":"Wonneberger-Manufaktur","url":"https:\/\/www.wojoer.de\/","logo":{"@type":"ImageObject","inLanguage":"en-GB","@id":"https:\/\/www.wojoer.de\/#\/schema\/logo\/image\/","url":"https:\/\/www.wojoer.de\/wp-content\/uploads\/2016\/11\/wonnebergermanufaktur_logo_BUTTON.png","contentUrl":"https:\/\/www.wojoer.de\/wp-content\/uploads\/2016\/11\/wonnebergermanufaktur_logo_BUTTON.png","width":765,"height":765,"caption":"Wonneberger-Manufaktur"},"image":{"@id":"https:\/\/www.wojoer.de\/#\/schema\/logo\/image\/"},"sameAs":["https:\/\/www.facebook.com\/wojoer\/","https:\/\/de.pinterest.com\/W0J0ER\/"]}]}},"_links":{"self":[{"href":"https:\/\/www.wojoer.de\/en\/wp-json\/wp\/v2\/product\/5756","targetHints":{"allow":["GET"]}}],"collection":[{"href":"https:\/\/www.wojoer.de\/en\/wp-json\/wp\/v2\/product"}],"about":[{"href":"https:\/\/www.wojoer.de\/en\/wp-json\/wp\/v2\/types\/product"}],"replies":[{"embeddable":true,"href":"https:\/\/www.wojoer.de\/en\/wp-json\/wp\/v2\/comments?post=5756"}],"wp:featuredmedia":[{"embeddable":true,"href":"https:\/\/www.wojoer.de\/en\/wp-json\/wp\/v2\/media\/5730"}],"wp:attachment":[{"href":"https:\/\/www.wojoer.de\/en\/wp-json\/wp\/v2\/media?parent=5756"}],"wp:term":[{"taxonomy":"product_brand","embeddable":true,"href":"https:\/\/www.wojoer.de\/en\/wp-json\/wp\/v2\/product_brand?post=5756"},{"taxonomy":"product_cat","embeddable":true,"href":"https:\/\/www.wojoer.de\/en\/wp-json\/wp\/v2\/product_cat?post=5756"},{"taxonomy":"product_tag","embeddable":true,"href":"https:\/\/www.wojoer.de\/en\/wp-json\/wp\/v2\/product_tag?post=5756"}],"curies":[{"name":"wp","href":"https:\/\/api.w.org\/{rel}","templated":true}]}}