{"id":5786,"date":"2017-05-09T10:20:57","date_gmt":"2017-05-09T08:20:57","guid":{"rendered":"http:\/\/www.wojoer.de\/produkt\/beach-wet-bade-shorts-pants-schwarz\/"},"modified":"2026-02-03T15:23:35","modified_gmt":"2026-02-03T14:23:35","slug":"beach-wet-badeshorts-pants-schwarz-324b100","status":"publish","type":"product","link":"https:\/\/www.wojoer.de\/en\/produkt\/beach-wet-badeshorts-pants-schwarz-324b100\/","title":{"rendered":"BeachWet Pant Schwarz 324B100"},"content":{"rendered":"<p>Produktion auf Bestellung, denn die schwarze BeachWet Badeshorts 324B100 geh\u00f6rt in die Kategorie: Wojoer &#8220;LIVE-Produkte&#8221;!<\/p>\n<h3>Gr\u00f6\u00dfen<\/h3>\n<p>Erh\u00e4ltlich in den Gr\u00f6\u00dfen S, M, L, XL<\/p>\n<h3>Materialzusammensetzung<\/h3>\n<p>Feines Glanz-Matt-Jersey: 79% Polyamid\u00a0 21% Elasthan<\/p>\n<h3>Besonderheiten<\/h3>\n<p><a href=\"http:\/\/www.wojoer.de\/?s=live&#038;post_type=product\">LIVE Produkt<\/a> | matt gl\u00e4nzendes, sehr dehnbares Material | Badetauglich | hautenge Passform | hochwertige Verarbeitung &#8220;Made in Germany&#8221;<\/p>\n<h3>Benutzerhinweise<\/h3>\n<p>30\u00b0 Schonw\u00e4sche<\/p>\n<h3>BEACH WET BADESHORTS- Badeglanz Pants in Schwarz<\/h3>\n<p>Geschmeidig! Darum ist die BeachWet Badeshorts keine Badehose wie jede andere. Und das nicht nur, weil sie einfach perfekt sitzt und angenehm bequem ist. Nein, vor allem der silky Touch ist das besondere Plus. Weil der bestechend matte Glanz ein unwiderstehlicher Traum ist, durch den sich die Material-Oberfl\u00e4che erotisch glatt und fein anf\u00fchlt. Zudem ist diese Pants badetauglich f\u00fcr Chlor- und Salzwasser.<\/p>\n","protected":false},"excerpt":{"rendered":"<p>Produktion auf Bestellung, denn die schwarze BeachWet Badeshorts 324B100 geh\u00f6rt in die Kategorie: Wojoer &#8220;LIVE-Produkte&#8221;!<br \/>\nGr\u00f6\u00dfen<br \/>\nErh\u00e4ltlich in den Gr\u00f6\u00dfen S, M, L, XL<br \/>\nMaterialzusammensetzung<br \/>\nFeines Glanz-Matt-Jersey: 79% Polyamid\u00a0 21% Elasthan<br \/>\nBesonderheiten<br \/>\nLIVE Produkt | matt gl\u00e4nzendes, sehr dehnbares Material | Badetauglich | hautenge Passform |\u2026<\/p>\n","protected":false},"featured_media":35306,"comment_status":"open","ping_status":"closed","template":"","meta":[],"product_brand":[],"product_cat":[800,115,116,473,195,326],"product_tag":[276,108,574,273],"class_list":{"0":"post-5786","1":"product","2":"type-product","3":"status-publish","4":"has-post-thumbnail","6":"product_cat-324-beachwet","7":"product_cat-beachwear","8":"product_cat-clubwear","9":"product_cat-men","10":"product_cat-produktion-auf-bestellung-liveproduktion","11":"product_cat-wojoer","12":"product_tag-badeglanz","13":"product_tag-1beachwear","14":"product_tag-beachwet","15":"product_tag-pants","16":"product_shipping_class-beun","17":"pa_groesse-l","18":"pa_groesse-m","19":"pa_groesse-s","20":"pa_groesse-xl","21":"pif-has-gallery","22":"post-1","23":"odd","25":"first","26":"instock","27":"taxable","28":"shipping-taxable","29":"purchasable","30":"product-type-variable"},"yoast_head":"<!-- This site is optimized with the Yoast SEO plugin v27.2 - https:\/\/yoast.com\/product\/yoast-seo-wordpress\/ -->\n<title>BeachWet Badeshorts in schwarz | Bade Hipster matt gl\u00e4nzend WOJOER<\/title>\n<meta name=\"description\" content=\"Schwarze BeachWet badeshorts. Eleganter matt gl\u00e4nzender Hipster von WOJOER. Bequeme Passform, edles, badetaugliches Material.\" \/>\n<meta name=\"robots\" content=\"index, follow, max-snippet:-1, max-image-preview:large, max-video-preview:-1\" \/>\n<link rel=\"canonical\" href=\"https:\/\/www.wojoer.de\/en\/produkt\/beach-wet-badeshorts-pants-schwarz-324b100\/\" \/>\n<meta name=\"twitter:card\" content=\"summary_large_image\" \/>\n<meta name=\"twitter:title\" content=\"BeachWet Badeshorts in schwarz | Bade Hipster matt gl\u00e4nzend WOJOER\" \/>\n<meta name=\"twitter:description\" content=\"Schwarze BeachWet badeshorts. Eleganter matt gl\u00e4nzender Hipster von WOJOER. Bequeme Passform, edles, badetaugliches Material.\" \/>\n<meta name=\"twitter:image\" content=\"https:\/\/www.wojoer.de\/wp-content\/uploads\/2017\/05\/324B100_wetbeach_pant_side__wojoer.jpg\" \/>\n<meta name=\"twitter:label1\" content=\"Estimated reading time\" \/>\n\t<meta name=\"twitter:data1\" content=\"1 minute\" \/>\n<script type=\"application\/ld+json\" class=\"yoast-schema-graph\">{\"@context\":\"https:\/\/schema.org\",\"@graph\":[{\"@type\":\"WebPage\",\"@id\":\"https:\/\/www.wojoer.de\/produkt\/beach-wet-badeshorts-pants-schwarz-324b100\/\",\"url\":\"https:\/\/www.wojoer.de\/produkt\/beach-wet-badeshorts-pants-schwarz-324b100\/\",\"name\":\"BeachWet Badeshorts in schwarz | Bade Hipster matt gl\u00e4nzend WOJOER\",\"isPartOf\":{\"@id\":\"https:\/\/www.wojoer.de\/#website\"},\"primaryImageOfPage\":{\"@id\":\"https:\/\/www.wojoer.de\/produkt\/beach-wet-badeshorts-pants-schwarz-324b100\/#primaryimage\"},\"image\":{\"@id\":\"https:\/\/www.wojoer.de\/produkt\/beach-wet-badeshorts-pants-schwarz-324b100\/#primaryimage\"},\"thumbnailUrl\":\"https:\/\/www.wojoer.de\/wp-content\/uploads\/2017\/05\/324B100_wetbeach_pant_side__wojoer.jpg\",\"datePublished\":\"2017-05-09T08:20:57+00:00\",\"dateModified\":\"2026-02-03T14:23:35+00:00\",\"description\":\"Schwarze BeachWet badeshorts. Eleganter matt gl\u00e4nzender Hipster von WOJOER. Bequeme Passform, edles, badetaugliches Material.\",\"breadcrumb\":{\"@id\":\"https:\/\/www.wojoer.de\/produkt\/beach-wet-badeshorts-pants-schwarz-324b100\/#breadcrumb\"},\"inLanguage\":\"en-GB\",\"potentialAction\":[{\"@type\":\"ReadAction\",\"target\":[\"https:\/\/www.wojoer.de\/produkt\/beach-wet-badeshorts-pants-schwarz-324b100\/\"]}]},{\"@type\":\"ImageObject\",\"inLanguage\":\"en-GB\",\"@id\":\"https:\/\/www.wojoer.de\/produkt\/beach-wet-badeshorts-pants-schwarz-324b100\/#primaryimage\",\"url\":\"https:\/\/www.wojoer.de\/wp-content\/uploads\/2017\/05\/324B100_wetbeach_pant_side__wojoer.jpg\",\"contentUrl\":\"https:\/\/www.wojoer.de\/wp-content\/uploads\/2017\/05\/324B100_wetbeach_pant_side__wojoer.jpg\",\"width\":2002,\"height\":2002},{\"@type\":\"BreadcrumbList\",\"@id\":\"https:\/\/www.wojoer.de\/produkt\/beach-wet-badeshorts-pants-schwarz-324b100\/#breadcrumb\",\"itemListElement\":[{\"@type\":\"ListItem\",\"position\":1,\"name\":\"Startseite\",\"item\":\"https:\/\/www.wojoer.de\/\"},{\"@type\":\"ListItem\",\"position\":2,\"name\":\"SHOP\",\"item\":\"https:\/\/www.wojoer.de\/shop\/\"},{\"@type\":\"ListItem\",\"position\":3,\"name\":\"BeachWet Pant Schwarz 324B100\"}]},{\"@type\":\"WebSite\",\"@id\":\"https:\/\/www.wojoer.de\/#website\",\"url\":\"https:\/\/www.wojoer.de\/\",\"name\":\"WOJOER\",\"description\":\"clubwear for men\",\"publisher\":{\"@id\":\"https:\/\/www.wojoer.de\/#organization\"},\"potentialAction\":[{\"@type\":\"SearchAction\",\"target\":{\"@type\":\"EntryPoint\",\"urlTemplate\":\"https:\/\/www.wojoer.de\/?s={search_term_string}\"},\"query-input\":{\"@type\":\"PropertyValueSpecification\",\"valueRequired\":true,\"valueName\":\"search_term_string\"}}],\"inLanguage\":\"en-GB\"},{\"@type\":\"Organization\",\"@id\":\"https:\/\/www.wojoer.de\/#organization\",\"name\":\"Wonneberger-Manufaktur\",\"url\":\"https:\/\/www.wojoer.de\/\",\"logo\":{\"@type\":\"ImageObject\",\"inLanguage\":\"en-GB\",\"@id\":\"https:\/\/www.wojoer.de\/#\/schema\/logo\/image\/\",\"url\":\"https:\/\/www.wojoer.de\/wp-content\/uploads\/2016\/11\/wonnebergermanufaktur_logo_BUTTON.png\",\"contentUrl\":\"https:\/\/www.wojoer.de\/wp-content\/uploads\/2016\/11\/wonnebergermanufaktur_logo_BUTTON.png\",\"width\":765,\"height\":765,\"caption\":\"Wonneberger-Manufaktur\"},\"image\":{\"@id\":\"https:\/\/www.wojoer.de\/#\/schema\/logo\/image\/\"},\"sameAs\":[\"https:\/\/www.facebook.com\/wojoer\/\",\"https:\/\/de.pinterest.com\/W0J0ER\/\"]}]}<\/script>\n<!-- \/ Yoast SEO plugin. -->","yoast_head_json":{"title":"BeachWet Badeshorts in schwarz | Bade Hipster matt gl\u00e4nzend WOJOER","description":"Schwarze BeachWet badeshorts. Eleganter matt gl\u00e4nzender Hipster von WOJOER. Bequeme Passform, edles, badetaugliches Material.","robots":{"index":"index","follow":"follow","max-snippet":"max-snippet:-1","max-image-preview":"max-image-preview:large","max-video-preview":"max-video-preview:-1"},"canonical":"https:\/\/www.wojoer.de\/en\/produkt\/beach-wet-badeshorts-pants-schwarz-324b100\/","twitter_card":"summary_large_image","twitter_title":"[:de]BeachWet Badeshorts in schwarz | Bade Hipster matt gl\u00e4nzend WOJOER[:]","twitter_description":"[:de]Schwarze BeachWet badeshorts. Eleganter matt gl\u00e4nzender Hipster von WOJOER. Bequeme Passform, edles, badetaugliches Material.[:]","twitter_image":"https:\/\/www.wojoer.de\/wp-content\/uploads\/2017\/05\/324B100_wetbeach_pant_side__wojoer.jpg","twitter_misc":{"Estimated reading time":"1 minute"},"schema":{"@context":"https:\/\/schema.org","@graph":[{"@type":"WebPage","@id":"https:\/\/www.wojoer.de\/produkt\/beach-wet-badeshorts-pants-schwarz-324b100\/","url":"https:\/\/www.wojoer.de\/produkt\/beach-wet-badeshorts-pants-schwarz-324b100\/","name":"BeachWet Badeshorts in schwarz | Bade Hipster matt gl\u00e4nzend WOJOER","isPartOf":{"@id":"https:\/\/www.wojoer.de\/#website"},"primaryImageOfPage":{"@id":"https:\/\/www.wojoer.de\/produkt\/beach-wet-badeshorts-pants-schwarz-324b100\/#primaryimage"},"image":{"@id":"https:\/\/www.wojoer.de\/produkt\/beach-wet-badeshorts-pants-schwarz-324b100\/#primaryimage"},"thumbnailUrl":"https:\/\/www.wojoer.de\/wp-content\/uploads\/2017\/05\/324B100_wetbeach_pant_side__wojoer.jpg","datePublished":"2017-05-09T08:20:57+00:00","dateModified":"2026-02-03T14:23:35+00:00","description":"Schwarze BeachWet badeshorts. Eleganter matt gl\u00e4nzender Hipster von WOJOER. Bequeme Passform, edles, badetaugliches Material.","breadcrumb":{"@id":"https:\/\/www.wojoer.de\/produkt\/beach-wet-badeshorts-pants-schwarz-324b100\/#breadcrumb"},"inLanguage":"en-GB","potentialAction":[{"@type":"ReadAction","target":["https:\/\/www.wojoer.de\/produkt\/beach-wet-badeshorts-pants-schwarz-324b100\/"]}]},{"@type":"ImageObject","inLanguage":"en-GB","@id":"https:\/\/www.wojoer.de\/produkt\/beach-wet-badeshorts-pants-schwarz-324b100\/#primaryimage","url":"https:\/\/www.wojoer.de\/wp-content\/uploads\/2017\/05\/324B100_wetbeach_pant_side__wojoer.jpg","contentUrl":"https:\/\/www.wojoer.de\/wp-content\/uploads\/2017\/05\/324B100_wetbeach_pant_side__wojoer.jpg","width":2002,"height":2002},{"@type":"BreadcrumbList","@id":"https:\/\/www.wojoer.de\/produkt\/beach-wet-badeshorts-pants-schwarz-324b100\/#breadcrumb","itemListElement":[{"@type":"ListItem","position":1,"name":"Startseite","item":"https:\/\/www.wojoer.de\/"},{"@type":"ListItem","position":2,"name":"SHOP","item":"https:\/\/www.wojoer.de\/shop\/"},{"@type":"ListItem","position":3,"name":"BeachWet Pant Schwarz 324B100"}]},{"@type":"WebSite","@id":"https:\/\/www.wojoer.de\/#website","url":"https:\/\/www.wojoer.de\/","name":"WOJOER","description":"clubwear for men","publisher":{"@id":"https:\/\/www.wojoer.de\/#organization"},"potentialAction":[{"@type":"SearchAction","target":{"@type":"EntryPoint","urlTemplate":"https:\/\/www.wojoer.de\/?s={search_term_string}"},"query-input":{"@type":"PropertyValueSpecification","valueRequired":true,"valueName":"search_term_string"}}],"inLanguage":"en-GB"},{"@type":"Organization","@id":"https:\/\/www.wojoer.de\/#organization","name":"Wonneberger-Manufaktur","url":"https:\/\/www.wojoer.de\/","logo":{"@type":"ImageObject","inLanguage":"en-GB","@id":"https:\/\/www.wojoer.de\/#\/schema\/logo\/image\/","url":"https:\/\/www.wojoer.de\/wp-content\/uploads\/2016\/11\/wonnebergermanufaktur_logo_BUTTON.png","contentUrl":"https:\/\/www.wojoer.de\/wp-content\/uploads\/2016\/11\/wonnebergermanufaktur_logo_BUTTON.png","width":765,"height":765,"caption":"Wonneberger-Manufaktur"},"image":{"@id":"https:\/\/www.wojoer.de\/#\/schema\/logo\/image\/"},"sameAs":["https:\/\/www.facebook.com\/wojoer\/","https:\/\/de.pinterest.com\/W0J0ER\/"]}]}},"_links":{"self":[{"href":"https:\/\/www.wojoer.de\/en\/wp-json\/wp\/v2\/product\/5786","targetHints":{"allow":["GET"]}}],"collection":[{"href":"https:\/\/www.wojoer.de\/en\/wp-json\/wp\/v2\/product"}],"about":[{"href":"https:\/\/www.wojoer.de\/en\/wp-json\/wp\/v2\/types\/product"}],"replies":[{"embeddable":true,"href":"https:\/\/www.wojoer.de\/en\/wp-json\/wp\/v2\/comments?post=5786"}],"wp:featuredmedia":[{"embeddable":true,"href":"https:\/\/www.wojoer.de\/en\/wp-json\/wp\/v2\/media\/35306"}],"wp:attachment":[{"href":"https:\/\/www.wojoer.de\/en\/wp-json\/wp\/v2\/media?parent=5786"}],"wp:term":[{"taxonomy":"product_brand","embeddable":true,"href":"https:\/\/www.wojoer.de\/en\/wp-json\/wp\/v2\/product_brand?post=5786"},{"taxonomy":"product_cat","embeddable":true,"href":"https:\/\/www.wojoer.de\/en\/wp-json\/wp\/v2\/product_cat?post=5786"},{"taxonomy":"product_tag","embeddable":true,"href":"https:\/\/www.wojoer.de\/en\/wp-json\/wp\/v2\/product_tag?post=5786"}],"curies":[{"name":"wp","href":"https:\/\/api.w.org\/{rel}","templated":true}]}}