{"id":5904,"date":"2017-05-15T22:36:46","date_gmt":"2017-05-15T20:36:46","guid":{"rendered":"http:\/\/www.wojoer.de\/produkt\/synlex-schwarz-mattes-letherlike-outfit-rot\/"},"modified":"2024-03-06T07:50:56","modified_gmt":"2024-03-06T06:50:56","slug":"synlex-schwarz-mattes-letherlike-outfit-rot","status":"publish","type":"product","link":"https:\/\/www.wojoer.de\/en\/produkt\/synlex-schwarz-mattes-letherlike-outfit-rot\/","title":{"rendered":"SYNLEX LEGGINGS &#038; SHIRT COMBIPACK 331W421WTX2"},"content":{"rendered":"<p>Produktion auf Bestellung, denn ein schwarz mattes Letherlike Outfit der\u00a0SYNLEX Serie 331W421WTX2 geh\u00f6rt in die Kategorie: Wojoer &#8220;LIVE-Produkte&#8221;!<\/p>\n<h3>Gr\u00f6\u00dfen<\/h3>\n<p>Erh\u00e4ltlich in den Gr\u00f6\u00dfen S, M, L, XL<\/p>\n<h3>Materialzusammensetzung<\/h3>\n<p>Synlex, sehr d\u00fcnnes und dehnbares Lederimitat: 76% Polyesther\u00a0 16% Polyurethan 8% Elasthan<\/p>\n<h3>Besonderheiten<\/h3>\n<p><a href=\"http:\/\/www.wojoer.de\/?s=live&#038;post_type=product\">LIVE Produkt<\/a> | besonders feines, mattes, dehnbares Kunstleder, fast gummiartig | Eingriff &#038; Kapuze | hautenge Passform | rote\/gelbe Ziern\u00e4hte | hochwertige Verarbeitung &#8220;Made in Germany&#8221;<\/p>\n<h3>Benutzerhinweise<\/h3>\n<p>30\u00b0 Schonw\u00e4sche<\/p>\n<h3>SYNLEX LEGGINGS &#038; SHIRT- schwarz mattes Letherlike Outfit<\/h3>\n<p>SYNLEX, steht f\u00fcr synthetischen Latex. Es ist eine matt schwarze Materie die erst mysteri\u00f6s und d\u00fcster, dann gef\u00e4hrlich hei\u00df und schlie\u00dflich mit extremem Suchtpotenzial daherkommt. Berauschend wird es aber erst in der Optik eines Ganzk\u00f6rperanzuges mit der Kombination aus dem 331TX2 Synlex Kapuzen Shirt und der 331W421 Leggings.<\/p>\n<p>Ein so verrucht mattes und anschmiegsames Material hattest du noch nie auf deiner Haut. Denn im Gegensatz zu Natur Latex ist es vollkommen \u00d6l- und Wasserbest\u00e4ndig. Zudem genie\u00dft du von Au\u00dfen die optischen und haptischen Vorz\u00fcge von mattem Rubber und von innen schmeichelt ein feiner, weicher Jerseystoff deiner Haut. Das Gef\u00fchl des Schwitzens wird optimal minimiert. Mit anderen Worten lassen die matte Oberfl\u00e4che und die perfekte Passform deinen K\u00f6rper mit ihm verschmelzen. Die Optik ist scheinbar unauff\u00e4llig, genau wie ein lauerndes Raubtier in der Dunkelheit. So wirst nicht nur du dich von SYNLEX magisch angezogen f\u00fchlen. Dein Gegen\u00fcber wird sogleich ohnm\u00e4chtig vor Entz\u00fccken. Wie gefr\u00e4\u00dfig deine Lust ist, deuten die wahlweise roten oder gelben Ziern\u00e4hte an. Wenn du dann dein Opfer ins Visier genommen hast, wird der Eingriff im Suspensorium zur unschlagbar schnellen Waffe. Und mit der Kapuze bist du sofort wieder im Zwielicht verschwunden, bevor jemand auch nur bemerkt, dass du gekommen bist.<\/p>\n","protected":false},"excerpt":{"rendered":"<p>Produktion auf Bestellung, denn ein schwarz mattes Letherlike Outfit der\u00a0SYNLEX Serie 331W421WTX2 geh\u00f6rt in die Kategorie: Wojoer &#8220;LIVE-Produkte&#8221;!<br \/>\nGr\u00f6\u00dfen<br \/>\nErh\u00e4ltlich in den Gr\u00f6\u00dfen S, M, L, XL<br \/>\nMaterialzusammensetzung<br \/>\nSynlex, sehr d\u00fcnnes und dehnbares Lederimitat: 76% Polyesther\u00a0 16% Polyurethan 8% Elasthan<br \/>\nBesonderheiten<br \/>\nLIVE Produkt | besonders feines,\u2026<\/p>\n","protected":false},"featured_media":6050,"comment_status":"open","ping_status":"closed","template":"","meta":[],"product_brand":[],"product_cat":[805,116,473,195,326],"product_tag":[394,279,250,244,368,856,290],"class_list":{"0":"post-5904","1":"product","2":"type-product","3":"status-publish","4":"has-post-thumbnail","6":"product_cat-331-synlex","7":"product_cat-clubwear","8":"product_cat-men","9":"product_cat-produktion-auf-bestellung-liveproduktion","10":"product_cat-wojoer","11":"product_tag-bodysuit","12":"product_tag-eingriff","13":"product_tag-funktion","14":"product_tag-leggings","15":"product_tag-quick-fun-action","16":"product_tag-shirt","17":"product_tag-synthetischeslatex","18":"product_shipping_class-beun","19":"pa_farbe-gelb","20":"pa_farbe-rot","21":"pa_groesse-l","22":"pa_groesse-m","23":"pa_groesse-s","24":"pa_groesse-xl","25":"pif-has-gallery","26":"post-1","27":"odd","29":"first","30":"onbackorder","31":"featured","32":"taxable","33":"shipping-taxable","34":"purchasable","35":"product-type-variable"},"yoast_head":"<!-- This site is optimized with the Yoast SEO plugin v27.2 - https:\/\/yoast.com\/product\/yoast-seo-wordpress\/ -->\n<title>schwarz mattes Letherlike Outfit | SYNLEX | mit Eingriff<\/title>\n<meta name=\"description\" content=\"Schwarz mattes Letherlike Outfit rot. Besonders geschmeidig d\u00fcnnes Synlex-Material. Mit praktischem Eingriff. N\u00e4hte in rot oder gelb.\" \/>\n<meta name=\"robots\" content=\"index, follow, max-snippet:-1, max-image-preview:large, max-video-preview:-1\" \/>\n<link rel=\"canonical\" href=\"https:\/\/www.wojoer.de\/en\/produkt\/synlex-schwarz-mattes-letherlike-outfit-rot\/\" \/>\n<meta name=\"twitter:card\" content=\"summary_large_image\" \/>\n<meta name=\"twitter:title\" content=\"schwarz mattes Letherlike Outfit | SYNLEX | mit Eingriff\" \/>\n<meta name=\"twitter:description\" content=\"Schwarz mattes Letherlike Outfit rot. Besonders geschmeidig d\u00fcnnes Synlex-Material. Mit praktischem Eingriff. N\u00e4hte in rot oder gelb.\" \/>\n<meta name=\"twitter:image\" content=\"https:\/\/www.wojoer.de\/wp-content\/uploads\/2017\/05\/331WTX2_synlex_shirt_rot_wojoer.jpg\" \/>\n<meta name=\"twitter:label1\" content=\"Estimated reading time\" \/>\n\t<meta name=\"twitter:data1\" content=\"2 minutes\" \/>\n<script type=\"application\/ld+json\" class=\"yoast-schema-graph\">{\"@context\":\"https:\/\/schema.org\",\"@graph\":[{\"@type\":\"WebPage\",\"@id\":\"https:\/\/www.wojoer.de\/en\/produkt\/synlex-schwarz-mattes-letherlike-outfit-rot\/\",\"url\":\"https:\/\/www.wojoer.de\/en\/produkt\/synlex-schwarz-mattes-letherlike-outfit-rot\/\",\"name\":\"schwarz mattes Letherlike Outfit | SYNLEX | mit Eingriff\",\"isPartOf\":{\"@id\":\"https:\/\/www.wojoer.de\/#website\"},\"primaryImageOfPage\":{\"@id\":\"https:\/\/www.wojoer.de\/en\/produkt\/synlex-schwarz-mattes-letherlike-outfit-rot\/#primaryimage\"},\"image\":{\"@id\":\"https:\/\/www.wojoer.de\/en\/produkt\/synlex-schwarz-mattes-letherlike-outfit-rot\/#primaryimage\"},\"thumbnailUrl\":\"https:\/\/www.wojoer.de\/wp-content\/uploads\/2017\/05\/331WTX2_synlex_shirt_rot_wojoer.jpg\",\"datePublished\":\"2017-05-15T20:36:46+00:00\",\"dateModified\":\"2024-03-06T06:50:56+00:00\",\"description\":\"Schwarz mattes Letherlike Outfit rot. Besonders geschmeidig d\u00fcnnes Synlex-Material. Mit praktischem Eingriff. N\u00e4hte in rot oder gelb.\",\"breadcrumb\":{\"@id\":\"https:\/\/www.wojoer.de\/en\/produkt\/synlex-schwarz-mattes-letherlike-outfit-rot\/#breadcrumb\"},\"inLanguage\":\"en-GB\",\"potentialAction\":[{\"@type\":\"ReadAction\",\"target\":[\"https:\/\/www.wojoer.de\/en\/produkt\/synlex-schwarz-mattes-letherlike-outfit-rot\/\"]}]},{\"@type\":\"ImageObject\",\"inLanguage\":\"en-GB\",\"@id\":\"https:\/\/www.wojoer.de\/en\/produkt\/synlex-schwarz-mattes-letherlike-outfit-rot\/#primaryimage\",\"url\":\"https:\/\/www.wojoer.de\/wp-content\/uploads\/2017\/05\/331WTX2_synlex_shirt_rot_wojoer.jpg\",\"contentUrl\":\"https:\/\/www.wojoer.de\/wp-content\/uploads\/2017\/05\/331WTX2_synlex_shirt_rot_wojoer.jpg\",\"width\":2002,\"height\":2002,\"caption\":\"schwarz mattes Letherlike Outfit, schwarzes Shirt & Leggings mit mattem kunstleder, Synlex, mattes Lederimitat, super dehnbares Letherlike, fein d\u00fcnnes Kunstleder, schwarz, Clubwear, Shirt, Kapuzenshirt, ganzk\u00f6rper Anzug zweiteiler, komplett outfit Lederimitat\"},{\"@type\":\"BreadcrumbList\",\"@id\":\"https:\/\/www.wojoer.de\/en\/produkt\/synlex-schwarz-mattes-letherlike-outfit-rot\/#breadcrumb\",\"itemListElement\":[{\"@type\":\"ListItem\",\"position\":1,\"name\":\"Startseite\",\"item\":\"https:\/\/www.wojoer.de\/\"},{\"@type\":\"ListItem\",\"position\":2,\"name\":\"SHOP\",\"item\":\"https:\/\/www.wojoer.de\/shop\/\"},{\"@type\":\"ListItem\",\"position\":3,\"name\":\"SYNLEX LEGGINGS &#038; SHIRT COMBIPACK 331W421WTX2\"}]},{\"@type\":\"WebSite\",\"@id\":\"https:\/\/www.wojoer.de\/#website\",\"url\":\"https:\/\/www.wojoer.de\/\",\"name\":\"WOJOER\",\"description\":\"clubwear for men\",\"publisher\":{\"@id\":\"https:\/\/www.wojoer.de\/#organization\"},\"potentialAction\":[{\"@type\":\"SearchAction\",\"target\":{\"@type\":\"EntryPoint\",\"urlTemplate\":\"https:\/\/www.wojoer.de\/?s={search_term_string}\"},\"query-input\":{\"@type\":\"PropertyValueSpecification\",\"valueRequired\":true,\"valueName\":\"search_term_string\"}}],\"inLanguage\":\"en-GB\"},{\"@type\":\"Organization\",\"@id\":\"https:\/\/www.wojoer.de\/#organization\",\"name\":\"Wonneberger-Manufaktur\",\"url\":\"https:\/\/www.wojoer.de\/\",\"logo\":{\"@type\":\"ImageObject\",\"inLanguage\":\"en-GB\",\"@id\":\"https:\/\/www.wojoer.de\/#\/schema\/logo\/image\/\",\"url\":\"https:\/\/www.wojoer.de\/wp-content\/uploads\/2016\/11\/wonnebergermanufaktur_logo_BUTTON.png\",\"contentUrl\":\"https:\/\/www.wojoer.de\/wp-content\/uploads\/2016\/11\/wonnebergermanufaktur_logo_BUTTON.png\",\"width\":765,\"height\":765,\"caption\":\"Wonneberger-Manufaktur\"},\"image\":{\"@id\":\"https:\/\/www.wojoer.de\/#\/schema\/logo\/image\/\"},\"sameAs\":[\"https:\/\/www.facebook.com\/wojoer\/\",\"https:\/\/de.pinterest.com\/W0J0ER\/\"]}]}<\/script>\n<!-- \/ Yoast SEO plugin. -->","yoast_head_json":{"title":"schwarz mattes Letherlike Outfit | SYNLEX | mit Eingriff","description":"Schwarz mattes Letherlike Outfit rot. Besonders geschmeidig d\u00fcnnes Synlex-Material. Mit praktischem Eingriff. N\u00e4hte in rot oder gelb.","robots":{"index":"index","follow":"follow","max-snippet":"max-snippet:-1","max-image-preview":"max-image-preview:large","max-video-preview":"max-video-preview:-1"},"canonical":"https:\/\/www.wojoer.de\/en\/produkt\/synlex-schwarz-mattes-letherlike-outfit-rot\/","twitter_card":"summary_large_image","twitter_title":"schwarz mattes Letherlike Outfit | SYNLEX | mit Eingriff","twitter_description":"Schwarz mattes Letherlike Outfit rot. Besonders geschmeidig d\u00fcnnes Synlex-Material. Mit praktischem Eingriff. N\u00e4hte in rot oder gelb.","twitter_image":"https:\/\/www.wojoer.de\/wp-content\/uploads\/2017\/05\/331WTX2_synlex_shirt_rot_wojoer.jpg","twitter_misc":{"Estimated reading time":"2 minutes"},"schema":{"@context":"https:\/\/schema.org","@graph":[{"@type":"WebPage","@id":"https:\/\/www.wojoer.de\/en\/produkt\/synlex-schwarz-mattes-letherlike-outfit-rot\/","url":"https:\/\/www.wojoer.de\/en\/produkt\/synlex-schwarz-mattes-letherlike-outfit-rot\/","name":"schwarz mattes Letherlike Outfit | SYNLEX | mit Eingriff","isPartOf":{"@id":"https:\/\/www.wojoer.de\/#website"},"primaryImageOfPage":{"@id":"https:\/\/www.wojoer.de\/en\/produkt\/synlex-schwarz-mattes-letherlike-outfit-rot\/#primaryimage"},"image":{"@id":"https:\/\/www.wojoer.de\/en\/produkt\/synlex-schwarz-mattes-letherlike-outfit-rot\/#primaryimage"},"thumbnailUrl":"https:\/\/www.wojoer.de\/wp-content\/uploads\/2017\/05\/331WTX2_synlex_shirt_rot_wojoer.jpg","datePublished":"2017-05-15T20:36:46+00:00","dateModified":"2024-03-06T06:50:56+00:00","description":"Schwarz mattes Letherlike Outfit rot. Besonders geschmeidig d\u00fcnnes Synlex-Material. Mit praktischem Eingriff. N\u00e4hte in rot oder gelb.","breadcrumb":{"@id":"https:\/\/www.wojoer.de\/en\/produkt\/synlex-schwarz-mattes-letherlike-outfit-rot\/#breadcrumb"},"inLanguage":"en-GB","potentialAction":[{"@type":"ReadAction","target":["https:\/\/www.wojoer.de\/en\/produkt\/synlex-schwarz-mattes-letherlike-outfit-rot\/"]}]},{"@type":"ImageObject","inLanguage":"en-GB","@id":"https:\/\/www.wojoer.de\/en\/produkt\/synlex-schwarz-mattes-letherlike-outfit-rot\/#primaryimage","url":"https:\/\/www.wojoer.de\/wp-content\/uploads\/2017\/05\/331WTX2_synlex_shirt_rot_wojoer.jpg","contentUrl":"https:\/\/www.wojoer.de\/wp-content\/uploads\/2017\/05\/331WTX2_synlex_shirt_rot_wojoer.jpg","width":2002,"height":2002,"caption":"schwarz mattes Letherlike Outfit, schwarzes Shirt & Leggings mit mattem kunstleder, Synlex, mattes Lederimitat, super dehnbares Letherlike, fein d\u00fcnnes Kunstleder, schwarz, Clubwear, Shirt, Kapuzenshirt, ganzk\u00f6rper Anzug zweiteiler, komplett outfit Lederimitat"},{"@type":"BreadcrumbList","@id":"https:\/\/www.wojoer.de\/en\/produkt\/synlex-schwarz-mattes-letherlike-outfit-rot\/#breadcrumb","itemListElement":[{"@type":"ListItem","position":1,"name":"Startseite","item":"https:\/\/www.wojoer.de\/"},{"@type":"ListItem","position":2,"name":"SHOP","item":"https:\/\/www.wojoer.de\/shop\/"},{"@type":"ListItem","position":3,"name":"SYNLEX LEGGINGS &#038; SHIRT COMBIPACK 331W421WTX2"}]},{"@type":"WebSite","@id":"https:\/\/www.wojoer.de\/#website","url":"https:\/\/www.wojoer.de\/","name":"WOJOER","description":"clubwear for men","publisher":{"@id":"https:\/\/www.wojoer.de\/#organization"},"potentialAction":[{"@type":"SearchAction","target":{"@type":"EntryPoint","urlTemplate":"https:\/\/www.wojoer.de\/?s={search_term_string}"},"query-input":{"@type":"PropertyValueSpecification","valueRequired":true,"valueName":"search_term_string"}}],"inLanguage":"en-GB"},{"@type":"Organization","@id":"https:\/\/www.wojoer.de\/#organization","name":"Wonneberger-Manufaktur","url":"https:\/\/www.wojoer.de\/","logo":{"@type":"ImageObject","inLanguage":"en-GB","@id":"https:\/\/www.wojoer.de\/#\/schema\/logo\/image\/","url":"https:\/\/www.wojoer.de\/wp-content\/uploads\/2016\/11\/wonnebergermanufaktur_logo_BUTTON.png","contentUrl":"https:\/\/www.wojoer.de\/wp-content\/uploads\/2016\/11\/wonnebergermanufaktur_logo_BUTTON.png","width":765,"height":765,"caption":"Wonneberger-Manufaktur"},"image":{"@id":"https:\/\/www.wojoer.de\/#\/schema\/logo\/image\/"},"sameAs":["https:\/\/www.facebook.com\/wojoer\/","https:\/\/de.pinterest.com\/W0J0ER\/"]}]}},"_links":{"self":[{"href":"https:\/\/www.wojoer.de\/en\/wp-json\/wp\/v2\/product\/5904","targetHints":{"allow":["GET"]}}],"collection":[{"href":"https:\/\/www.wojoer.de\/en\/wp-json\/wp\/v2\/product"}],"about":[{"href":"https:\/\/www.wojoer.de\/en\/wp-json\/wp\/v2\/types\/product"}],"replies":[{"embeddable":true,"href":"https:\/\/www.wojoer.de\/en\/wp-json\/wp\/v2\/comments?post=5904"}],"wp:featuredmedia":[{"embeddable":true,"href":"https:\/\/www.wojoer.de\/en\/wp-json\/wp\/v2\/media\/6050"}],"wp:attachment":[{"href":"https:\/\/www.wojoer.de\/en\/wp-json\/wp\/v2\/media?parent=5904"}],"wp:term":[{"taxonomy":"product_brand","embeddable":true,"href":"https:\/\/www.wojoer.de\/en\/wp-json\/wp\/v2\/product_brand?post=5904"},{"taxonomy":"product_cat","embeddable":true,"href":"https:\/\/www.wojoer.de\/en\/wp-json\/wp\/v2\/product_cat?post=5904"},{"taxonomy":"product_tag","embeddable":true,"href":"https:\/\/www.wojoer.de\/en\/wp-json\/wp\/v2\/product_tag?post=5904"}],"curies":[{"name":"wp","href":"https:\/\/api.w.org\/{rel}","templated":true}]}}