{"id":5954,"date":"2017-05-15T23:13:23","date_gmt":"2017-05-15T21:13:23","guid":{"rendered":"http:\/\/www.wojoer.de\/produkt\/synlex-schwarz-matter-letherlike-tanga\/"},"modified":"2026-04-12T11:37:03","modified_gmt":"2026-04-12T09:37:03","slug":"synlex-schwarz-matter-letherlike-tanga","status":"publish","type":"product","link":"https:\/\/www.wojoer.de\/en\/produkt\/synlex-schwarz-matter-letherlike-tanga\/","title":{"rendered":"SYNLEX TANGA 331W398"},"content":{"rendered":"<p>Produktion auf Bestellung, denn ein\u00a0schwarz matter Letherlike Tanga 331W398 aus der\u00a0SYNLEX Serie geh\u00f6rt in die Kategorie: Wojoer &#8220;LIVE-Produkte&#8221;!<\/p>\n<h3>Gr\u00f6\u00dfen<\/h3>\n<p>Erh\u00e4ltlich in den Gr\u00f6\u00dfen S, M, L, XL<\/p>\n<h3>Materialzusammensetzung<\/h3>\n<p>Synlex, sehr d\u00fcnnes und dehnbares Lederimitat: 76% Polyesther\u00a0 16% Polyurethan 8% Elasthan<\/p>\n<h3>Besonderheiten<\/h3>\n<p><a href=\"http:\/\/www.wojoer.de\/?s=live&#038;post_type=product\">LIVE Produkt<\/a> | besonders feines, mattes, dehnbares Kunstleder, fast gummiartig | Eingriff | hautenge Passform | rote \/ gelbe Ziern\u00e4hte | hochwertige Verarbeitung &#8220;Made in Germany&#8221;<\/p>\n<h3>Benutzerhinweise<\/h3>\n<p>30\u00b0 Schonw\u00e4sche<\/p>\n<h3>SYNLEX SLIP- schwarz matter Letherlike Tanga<\/h3>\n<p>SYNLEX, steht f\u00fcr synthetischen Latex. Es ist eine matt schwarze Materie die erst mysteri\u00f6s d\u00fcster scheint. Dann wird sie aber gef\u00e4hrlich hei\u00df und schlie\u00dflich entfaltet sie extremes Suchtpotenzial. Regelrecht berauschend wird es dann in Kombination mit dem Slim-Fit-Schnitt und dem Eingriff im Suspensorium der 331W398 Synlex Tanga.<\/p>\n<p>Ein so verrucht mattes und anschmiegsames Material hattest du noch nie auf deiner Haut. Denn die matte Oberfl\u00e4che und die perfekte Passform lassen deine H\u00fcften mit ihm verschmelzen. Von Au\u00dfen genie\u00dft du die optischen und haptischen Vorz\u00fcge von mattem Rubber und von innen schmeichelt ein feiner, weicher Jerseystoff deiner Haut. Die Optik ist scheinbar unauff\u00e4llig, genau wie ein lauerndes Raubtier in der Dunkelheit. So wirst nicht nur du dich von SYNLEX magisch angezogen f\u00fchlen. Dein Gegen\u00fcber wird sogleich ohnm\u00e4chtig vor Entz\u00fccken. Wie gefr\u00e4\u00dfig deine Lust ist, deuten die wahlweise roten oder gelben Ziern\u00e4hte an. Wenn du dann erst dein Opfer ins Visier genommen hast, wird der Eingriff im Suspensorium zur unschlagbar schnellen Waffe.<\/p>\n","protected":false},"excerpt":{"rendered":"<p>Produktion auf Bestellung, denn ein\u00a0schwarz matter Letherlike Tanga 331W398 aus der\u00a0SYNLEX Serie geh\u00f6rt in die Kategorie: Wojoer &#8220;LIVE-Produkte&#8221;!<br \/>\nGr\u00f6\u00dfen<br \/>\nErh\u00e4ltlich in den Gr\u00f6\u00dfen S, M, L, XL<br \/>\nMaterialzusammensetzung<br \/>\nSynlex, sehr d\u00fcnnes und dehnbares Lederimitat: 76% Polyesther\u00a0 16% Polyurethan 8% Elasthan<br \/>\nBesonderheiten<br \/>\nLIVE Produkt | besonders feines,\u2026<\/p>\n","protected":false},"featured_media":6009,"comment_status":"open","ping_status":"closed","template":"","meta":[],"product_brand":[],"product_cat":[805,116,473,195,326],"product_tag":[215,279,250,368,290,167],"class_list":{"0":"post-5954","1":"product","2":"type-product","3":"status-publish","4":"has-post-thumbnail","6":"product_cat-331-synlex","7":"product_cat-clubwear","8":"product_cat-men","9":"product_cat-produktion-auf-bestellung-liveproduktion","10":"product_cat-wojoer","11":"product_tag-bulge-tanga-mini-pushup-tanga-g-tanga","12":"product_tag-eingriff","13":"product_tag-funktion","14":"product_tag-quick-fun-action","15":"product_tag-synthetischeslatex","16":"product_tag-tanga","17":"product_shipping_class-beun","18":"pa_farbe-gelb","19":"pa_farbe-rot","20":"pa_groesse-l","21":"pa_groesse-m","22":"pa_groesse-s","23":"pa_groesse-xl","24":"pif-has-gallery","25":"post-1","26":"odd","28":"first","29":"onbackorder","30":"featured","31":"taxable","32":"shipping-taxable","33":"purchasable","34":"product-type-variable"},"yoast_head":"<!-- This site is optimized with the Yoast SEO plugin v27.2 - https:\/\/yoast.com\/product\/yoast-seo-wordpress\/ -->\n<title>knapper schwarz matter Letherlike Tanga | SYNLEX | mit Eingriff<\/title>\n<meta name=\"description\" content=\"schwarz matter Letherlike Tanga. Besonders mattes &amp; geschmeidig d\u00fcnnes Synlex-Material. Mit praktischem Eingriff. N\u00e4hte in rot, gelb oder Wunschfarbe.\" \/>\n<meta name=\"robots\" content=\"index, follow, max-snippet:-1, max-image-preview:large, max-video-preview:-1\" \/>\n<link rel=\"canonical\" href=\"https:\/\/www.wojoer.de\/en\/produkt\/synlex-schwarz-matter-letherlike-tanga\/\" \/>\n<meta name=\"twitter:card\" content=\"summary_large_image\" \/>\n<meta name=\"twitter:title\" content=\"knapper schwarz matter Letherlike Tanga | SYNLEX | mit Eingriff\" \/>\n<meta name=\"twitter:description\" content=\"schwarz matter Letherlike Tanga. Besonders mattes &amp; geschmeidig d\u00fcnnes Synlex-Material. Mit praktischem Eingriff. N\u00e4hte in rot, gelb oder Wunschfarbe.\" \/>\n<meta name=\"twitter:image\" content=\"https:\/\/www.wojoer.de\/wp-content\/uploads\/2017\/05\/331W398_synlex_tanga_rot_side_wojoer.jpg\" \/>\n<meta name=\"twitter:label1\" content=\"Estimated reading time\" \/>\n\t<meta name=\"twitter:data1\" content=\"1 minute\" \/>\n<script type=\"application\/ld+json\" class=\"yoast-schema-graph\">{\"@context\":\"https:\/\/schema.org\",\"@graph\":[{\"@type\":\"WebPage\",\"@id\":\"https:\/\/www.wojoer.de\/en\/produkt\/synlex-schwarz-matter-letherlike-tanga\/\",\"url\":\"https:\/\/www.wojoer.de\/en\/produkt\/synlex-schwarz-matter-letherlike-tanga\/\",\"name\":\"knapper schwarz matter Letherlike Tanga | SYNLEX | mit Eingriff\",\"isPartOf\":{\"@id\":\"https:\/\/www.wojoer.de\/#website\"},\"primaryImageOfPage\":{\"@id\":\"https:\/\/www.wojoer.de\/en\/produkt\/synlex-schwarz-matter-letherlike-tanga\/#primaryimage\"},\"image\":{\"@id\":\"https:\/\/www.wojoer.de\/en\/produkt\/synlex-schwarz-matter-letherlike-tanga\/#primaryimage\"},\"thumbnailUrl\":\"https:\/\/www.wojoer.de\/wp-content\/uploads\/2017\/05\/331W398_synlex_tanga_rot_side_wojoer.jpg\",\"datePublished\":\"2017-05-15T21:13:23+00:00\",\"dateModified\":\"2026-04-12T09:37:03+00:00\",\"description\":\"schwarz matter Letherlike Tanga. Besonders mattes & geschmeidig d\u00fcnnes Synlex-Material. Mit praktischem Eingriff. N\u00e4hte in rot, gelb oder Wunschfarbe.\",\"breadcrumb\":{\"@id\":\"https:\/\/www.wojoer.de\/en\/produkt\/synlex-schwarz-matter-letherlike-tanga\/#breadcrumb\"},\"inLanguage\":\"en-GB\",\"potentialAction\":[{\"@type\":\"ReadAction\",\"target\":[\"https:\/\/www.wojoer.de\/en\/produkt\/synlex-schwarz-matter-letherlike-tanga\/\"]}]},{\"@type\":\"ImageObject\",\"inLanguage\":\"en-GB\",\"@id\":\"https:\/\/www.wojoer.de\/en\/produkt\/synlex-schwarz-matter-letherlike-tanga\/#primaryimage\",\"url\":\"https:\/\/www.wojoer.de\/wp-content\/uploads\/2017\/05\/331W398_synlex_tanga_rot_side_wojoer.jpg\",\"contentUrl\":\"https:\/\/www.wojoer.de\/wp-content\/uploads\/2017\/05\/331W398_synlex_tanga_rot_side_wojoer.jpg\",\"width\":2002,\"height\":2002,\"caption\":\"synlex-schwarz matter Letherlike Tanga, schwarzer Tanga mit mattem kunstleder, Synlex, mattes Lederimitat, super dehnbares Letherlike, fein d\u00fcnnes Kunstleder, Slip, schwarz, Clubwear, Unterhose, Mini Tanga, Brasil Slip\"},{\"@type\":\"BreadcrumbList\",\"@id\":\"https:\/\/www.wojoer.de\/en\/produkt\/synlex-schwarz-matter-letherlike-tanga\/#breadcrumb\",\"itemListElement\":[{\"@type\":\"ListItem\",\"position\":1,\"name\":\"Startseite\",\"item\":\"https:\/\/www.wojoer.de\/\"},{\"@type\":\"ListItem\",\"position\":2,\"name\":\"SHOP\",\"item\":\"https:\/\/www.wojoer.de\/shop\/\"},{\"@type\":\"ListItem\",\"position\":3,\"name\":\"SYNLEX TANGA 331W398\"}]},{\"@type\":\"WebSite\",\"@id\":\"https:\/\/www.wojoer.de\/#website\",\"url\":\"https:\/\/www.wojoer.de\/\",\"name\":\"WOJOER\",\"description\":\"clubwear for men\",\"publisher\":{\"@id\":\"https:\/\/www.wojoer.de\/#organization\"},\"potentialAction\":[{\"@type\":\"SearchAction\",\"target\":{\"@type\":\"EntryPoint\",\"urlTemplate\":\"https:\/\/www.wojoer.de\/?s={search_term_string}\"},\"query-input\":{\"@type\":\"PropertyValueSpecification\",\"valueRequired\":true,\"valueName\":\"search_term_string\"}}],\"inLanguage\":\"en-GB\"},{\"@type\":\"Organization\",\"@id\":\"https:\/\/www.wojoer.de\/#organization\",\"name\":\"Wonneberger-Manufaktur\",\"url\":\"https:\/\/www.wojoer.de\/\",\"logo\":{\"@type\":\"ImageObject\",\"inLanguage\":\"en-GB\",\"@id\":\"https:\/\/www.wojoer.de\/#\/schema\/logo\/image\/\",\"url\":\"https:\/\/www.wojoer.de\/wp-content\/uploads\/2016\/11\/wonnebergermanufaktur_logo_BUTTON.png\",\"contentUrl\":\"https:\/\/www.wojoer.de\/wp-content\/uploads\/2016\/11\/wonnebergermanufaktur_logo_BUTTON.png\",\"width\":765,\"height\":765,\"caption\":\"Wonneberger-Manufaktur\"},\"image\":{\"@id\":\"https:\/\/www.wojoer.de\/#\/schema\/logo\/image\/\"},\"sameAs\":[\"https:\/\/www.facebook.com\/wojoer\/\",\"https:\/\/de.pinterest.com\/W0J0ER\/\"]}]}<\/script>\n<!-- \/ Yoast SEO plugin. -->","yoast_head_json":{"title":"knapper schwarz matter Letherlike Tanga | SYNLEX | mit Eingriff","description":"schwarz matter Letherlike Tanga. Besonders mattes & geschmeidig d\u00fcnnes Synlex-Material. Mit praktischem Eingriff. N\u00e4hte in rot, gelb oder Wunschfarbe.","robots":{"index":"index","follow":"follow","max-snippet":"max-snippet:-1","max-image-preview":"max-image-preview:large","max-video-preview":"max-video-preview:-1"},"canonical":"https:\/\/www.wojoer.de\/en\/produkt\/synlex-schwarz-matter-letherlike-tanga\/","twitter_card":"summary_large_image","twitter_title":"knapper schwarz matter Letherlike Tanga | SYNLEX | mit Eingriff","twitter_description":"schwarz matter Letherlike Tanga. Besonders mattes & geschmeidig d\u00fcnnes Synlex-Material. Mit praktischem Eingriff. N\u00e4hte in rot, gelb oder Wunschfarbe.","twitter_image":"https:\/\/www.wojoer.de\/wp-content\/uploads\/2017\/05\/331W398_synlex_tanga_rot_side_wojoer.jpg","twitter_misc":{"Estimated reading time":"1 minute"},"schema":{"@context":"https:\/\/schema.org","@graph":[{"@type":"WebPage","@id":"https:\/\/www.wojoer.de\/en\/produkt\/synlex-schwarz-matter-letherlike-tanga\/","url":"https:\/\/www.wojoer.de\/en\/produkt\/synlex-schwarz-matter-letherlike-tanga\/","name":"knapper schwarz matter Letherlike Tanga | SYNLEX | mit Eingriff","isPartOf":{"@id":"https:\/\/www.wojoer.de\/#website"},"primaryImageOfPage":{"@id":"https:\/\/www.wojoer.de\/en\/produkt\/synlex-schwarz-matter-letherlike-tanga\/#primaryimage"},"image":{"@id":"https:\/\/www.wojoer.de\/en\/produkt\/synlex-schwarz-matter-letherlike-tanga\/#primaryimage"},"thumbnailUrl":"https:\/\/www.wojoer.de\/wp-content\/uploads\/2017\/05\/331W398_synlex_tanga_rot_side_wojoer.jpg","datePublished":"2017-05-15T21:13:23+00:00","dateModified":"2026-04-12T09:37:03+00:00","description":"schwarz matter Letherlike Tanga. Besonders mattes & geschmeidig d\u00fcnnes Synlex-Material. Mit praktischem Eingriff. N\u00e4hte in rot, gelb oder Wunschfarbe.","breadcrumb":{"@id":"https:\/\/www.wojoer.de\/en\/produkt\/synlex-schwarz-matter-letherlike-tanga\/#breadcrumb"},"inLanguage":"en-GB","potentialAction":[{"@type":"ReadAction","target":["https:\/\/www.wojoer.de\/en\/produkt\/synlex-schwarz-matter-letherlike-tanga\/"]}]},{"@type":"ImageObject","inLanguage":"en-GB","@id":"https:\/\/www.wojoer.de\/en\/produkt\/synlex-schwarz-matter-letherlike-tanga\/#primaryimage","url":"https:\/\/www.wojoer.de\/wp-content\/uploads\/2017\/05\/331W398_synlex_tanga_rot_side_wojoer.jpg","contentUrl":"https:\/\/www.wojoer.de\/wp-content\/uploads\/2017\/05\/331W398_synlex_tanga_rot_side_wojoer.jpg","width":2002,"height":2002,"caption":"synlex-schwarz matter Letherlike Tanga, schwarzer Tanga mit mattem kunstleder, Synlex, mattes Lederimitat, super dehnbares Letherlike, fein d\u00fcnnes Kunstleder, Slip, schwarz, Clubwear, Unterhose, Mini Tanga, Brasil Slip"},{"@type":"BreadcrumbList","@id":"https:\/\/www.wojoer.de\/en\/produkt\/synlex-schwarz-matter-letherlike-tanga\/#breadcrumb","itemListElement":[{"@type":"ListItem","position":1,"name":"Startseite","item":"https:\/\/www.wojoer.de\/"},{"@type":"ListItem","position":2,"name":"SHOP","item":"https:\/\/www.wojoer.de\/shop\/"},{"@type":"ListItem","position":3,"name":"SYNLEX TANGA 331W398"}]},{"@type":"WebSite","@id":"https:\/\/www.wojoer.de\/#website","url":"https:\/\/www.wojoer.de\/","name":"WOJOER","description":"clubwear for men","publisher":{"@id":"https:\/\/www.wojoer.de\/#organization"},"potentialAction":[{"@type":"SearchAction","target":{"@type":"EntryPoint","urlTemplate":"https:\/\/www.wojoer.de\/?s={search_term_string}"},"query-input":{"@type":"PropertyValueSpecification","valueRequired":true,"valueName":"search_term_string"}}],"inLanguage":"en-GB"},{"@type":"Organization","@id":"https:\/\/www.wojoer.de\/#organization","name":"Wonneberger-Manufaktur","url":"https:\/\/www.wojoer.de\/","logo":{"@type":"ImageObject","inLanguage":"en-GB","@id":"https:\/\/www.wojoer.de\/#\/schema\/logo\/image\/","url":"https:\/\/www.wojoer.de\/wp-content\/uploads\/2016\/11\/wonnebergermanufaktur_logo_BUTTON.png","contentUrl":"https:\/\/www.wojoer.de\/wp-content\/uploads\/2016\/11\/wonnebergermanufaktur_logo_BUTTON.png","width":765,"height":765,"caption":"Wonneberger-Manufaktur"},"image":{"@id":"https:\/\/www.wojoer.de\/#\/schema\/logo\/image\/"},"sameAs":["https:\/\/www.facebook.com\/wojoer\/","https:\/\/de.pinterest.com\/W0J0ER\/"]}]}},"_links":{"self":[{"href":"https:\/\/www.wojoer.de\/en\/wp-json\/wp\/v2\/product\/5954","targetHints":{"allow":["GET"]}}],"collection":[{"href":"https:\/\/www.wojoer.de\/en\/wp-json\/wp\/v2\/product"}],"about":[{"href":"https:\/\/www.wojoer.de\/en\/wp-json\/wp\/v2\/types\/product"}],"replies":[{"embeddable":true,"href":"https:\/\/www.wojoer.de\/en\/wp-json\/wp\/v2\/comments?post=5954"}],"wp:featuredmedia":[{"embeddable":true,"href":"https:\/\/www.wojoer.de\/en\/wp-json\/wp\/v2\/media\/6009"}],"wp:attachment":[{"href":"https:\/\/www.wojoer.de\/en\/wp-json\/wp\/v2\/media?parent=5954"}],"wp:term":[{"taxonomy":"product_brand","embeddable":true,"href":"https:\/\/www.wojoer.de\/en\/wp-json\/wp\/v2\/product_brand?post=5954"},{"taxonomy":"product_cat","embeddable":true,"href":"https:\/\/www.wojoer.de\/en\/wp-json\/wp\/v2\/product_cat?post=5954"},{"taxonomy":"product_tag","embeddable":true,"href":"https:\/\/www.wojoer.de\/en\/wp-json\/wp\/v2\/product_tag?post=5954"}],"curies":[{"name":"wp","href":"https:\/\/api.w.org\/{rel}","templated":true}]}}