{"id":5974,"date":"2017-05-15T23:16:49","date_gmt":"2017-05-15T21:16:49","guid":{"rendered":"http:\/\/www.wojoer.de\/produkt\/synlex-schwarz-matte-kunstleder-jock\/"},"modified":"2023-09-22T11:47:47","modified_gmt":"2023-09-22T09:47:47","slug":"synlex-schwarz-matte-kunstleder-jock","status":"publish","type":"product","link":"https:\/\/www.wojoer.de\/en\/produkt\/synlex-schwarz-matte-kunstleder-jock\/","title":{"rendered":"SYNLEX JOCK 331T69"},"content":{"rendered":"<p>Produktion auf Bestellung, denn die schwarz matte Kunstleder Jock 331T69 aus der\u00a0SYNLEX Serie geh\u00f6rt in die Kategorie: Wojoer &#8220;LIVE-Produkte&#8221;!<\/p>\n<h3>Gr\u00f6\u00dfen<\/h3>\n<p>Erh\u00e4ltlich in den Gr\u00f6\u00dfen S, M, L, XL<\/p>\n<h3>Materialzusammensetzung<\/h3>\n<p>Synlex, sehr d\u00fcnnes und dehnbares Lederimitat: 76% Polyesther\u00a0 16% Polyurethan 8% Elasthan<\/p>\n<h3>Besonderheiten<\/h3>\n<p><a href=\"http:\/\/www.wojoer.de\/?s=live&#038;post_type=product\">LIVE Produkt<\/a> | besonders feines, mattes, dehnbares Kunstleder, fast gummiartig | Eingriff | hautenge Passform | rote\/gelbe Ziern\u00e4hte | hochwertige Verarbeitung &#8220;Made in Germany&#8221;<\/p>\n<h3>Benutzerhinweise<\/h3>\n<p>30\u00b0 Schonw\u00e4sche<\/p>\n<h3>SYNLEX JOCK- schwarz matte Kunstleder Jock<\/h3>\n<p>SYNLEX, steht f\u00fcr synthetischen Latex. Es ist eine matt schwarze Materie die erst mysteri\u00f6s d\u00fcster scheint. Dann wird sie aber gef\u00e4hrlich hei\u00df und schlie\u00dflich entfaltet sie extremes Suchtpotenzial. Regelrecht berauschend wird es dann in Kombination mit dem extra knappen Schnitt und dem Eingriff im Suspensorium des 331T69 Synlex Jock.<\/p>\n<p>Ein so verrucht mattes und anschmiegsames Material hattest du noch nie auf deiner Haut. Denn die matte Oberfl\u00e4che und die perfekte Passform lassen deine H\u00fcften mit ihm verschmelzen. Von Au\u00dfen genie\u00dft du die optischen und haptischen Vorz\u00fcge von mattem Rubber und von innen schmeichelt ein feiner, weicher Jerseystoff deiner Haut. Die knappe Schn\u00fcr-Optik ist minimalistisch dezent, genau wie ein gefesseltes Raubtier in der Dunkelheit. So wirst nicht nur du dich von SYNLEX magisch angezogen f\u00fchlen. Kommt dein Meister, um dich zu entfesseln, wird ihn die freie Jockansicht von hinten begeistern. Wie gefr\u00e4\u00dfig deine Lust ist, deuten zudem die wahlweise roten oder gelben Ziern\u00e4hte an.<\/p>\n","protected":false},"excerpt":{"rendered":"<p>Produktion auf Bestellung, denn die schwarz matte Kunstleder Jock 331T69 aus der\u00a0SYNLEX Serie geh\u00f6rt in die Kategorie: Wojoer &#8220;LIVE-Produkte&#8221;!<br \/>\nGr\u00f6\u00dfen<br \/>\nErh\u00e4ltlich in den Gr\u00f6\u00dfen S, M, L, XL<br \/>\nMaterialzusammensetzung<br \/>\nSynlex, sehr d\u00fcnnes und dehnbares Lederimitat: 76% Polyesther\u00a0 16% Polyurethan 8% Elasthan<br \/>\nBesonderheiten<br \/>\nLIVE Produkt | besonders\u2026<\/p>\n","protected":false},"featured_media":5984,"comment_status":"open","ping_status":"closed","template":"","meta":[],"product_brand":[],"product_cat":[805,116,473,195,326],"product_tag":[250,368,290],"class_list":{"0":"post-5974","1":"product","2":"type-product","3":"status-publish","4":"has-post-thumbnail","6":"product_cat-331-synlex","7":"product_cat-clubwear","8":"product_cat-men","9":"product_cat-produktion-auf-bestellung-liveproduktion","10":"product_cat-wojoer","11":"product_tag-funktion","12":"product_tag-quick-fun-action","13":"product_tag-synthetischeslatex","14":"product_shipping_class-beun","15":"pa_farbe-gelb","16":"pa_farbe-rot","17":"pa_groesse-l","18":"pa_groesse-m","19":"pa_groesse-s","20":"pa_groesse-xl","21":"pif-has-gallery","22":"post-1","23":"odd","25":"first","26":"onbackorder","27":"featured","28":"taxable","29":"shipping-taxable","30":"purchasable","31":"product-type-variable"},"yoast_head":"<!-- This site is optimized with the Yoast SEO plugin v27.2 - https:\/\/yoast.com\/product\/yoast-seo-wordpress\/ -->\n<title>schwarz matte Kunstleder Jock | SYNLEX | mit koplett freiem Hinterteil<\/title>\n<meta name=\"description\" content=\"schwarz matte Kunstleder Jock. Besonders mattes &amp; geschmeidig d\u00fcnnes Synlex-Material. Mit praktischem Eingriff. N\u00e4hte in rot, gelb oder Wunschfarbe.\" \/>\n<meta name=\"robots\" content=\"index, follow, max-snippet:-1, max-image-preview:large, max-video-preview:-1\" \/>\n<link rel=\"canonical\" href=\"https:\/\/www.wojoer.de\/en\/produkt\/synlex-schwarz-matte-kunstleder-jock\/\" \/>\n<meta name=\"twitter:card\" content=\"summary_large_image\" \/>\n<meta name=\"twitter:title\" content=\"schwarz matte Kunstleder Jock | SYNLEX | mit koplett freiem Hinterteil\" \/>\n<meta name=\"twitter:description\" content=\"schwarz matte Kunstleder Jock. Besonders mattes &amp; geschmeidig d\u00fcnnes Synlex-Material. Mit praktischem Eingriff. N\u00e4hte in rot, gelb oder Wunschfarbe.\" \/>\n<meta name=\"twitter:image\" content=\"https:\/\/www.wojoer.de\/wp-content\/uploads\/2017\/05\/331T69_synlex_jock_gelb_back_wojoer.jpg\" \/>\n<meta name=\"twitter:label1\" content=\"Estimated reading time\" \/>\n\t<meta name=\"twitter:data1\" content=\"1 minute\" \/>\n<script type=\"application\/ld+json\" class=\"yoast-schema-graph\">{\"@context\":\"https:\/\/schema.org\",\"@graph\":[{\"@type\":\"WebPage\",\"@id\":\"https:\/\/www.wojoer.de\/en\/produkt\/synlex-schwarz-matte-kunstleder-jock\/\",\"url\":\"https:\/\/www.wojoer.de\/en\/produkt\/synlex-schwarz-matte-kunstleder-jock\/\",\"name\":\"schwarz matte Kunstleder Jock | SYNLEX | mit koplett freiem Hinterteil\",\"isPartOf\":{\"@id\":\"https:\/\/www.wojoer.de\/#website\"},\"primaryImageOfPage\":{\"@id\":\"https:\/\/www.wojoer.de\/en\/produkt\/synlex-schwarz-matte-kunstleder-jock\/#primaryimage\"},\"image\":{\"@id\":\"https:\/\/www.wojoer.de\/en\/produkt\/synlex-schwarz-matte-kunstleder-jock\/#primaryimage\"},\"thumbnailUrl\":\"https:\/\/www.wojoer.de\/wp-content\/uploads\/2017\/05\/331T69_synlex_jock_gelb_back_wojoer.jpg\",\"datePublished\":\"2017-05-15T21:16:49+00:00\",\"dateModified\":\"2023-09-22T09:47:47+00:00\",\"description\":\"schwarz matte Kunstleder Jock. Besonders mattes & geschmeidig d\u00fcnnes Synlex-Material. Mit praktischem Eingriff. N\u00e4hte in rot, gelb oder Wunschfarbe.\",\"breadcrumb\":{\"@id\":\"https:\/\/www.wojoer.de\/en\/produkt\/synlex-schwarz-matte-kunstleder-jock\/#breadcrumb\"},\"inLanguage\":\"en-GB\",\"potentialAction\":[{\"@type\":\"ReadAction\",\"target\":[\"https:\/\/www.wojoer.de\/en\/produkt\/synlex-schwarz-matte-kunstleder-jock\/\"]}]},{\"@type\":\"ImageObject\",\"inLanguage\":\"en-GB\",\"@id\":\"https:\/\/www.wojoer.de\/en\/produkt\/synlex-schwarz-matte-kunstleder-jock\/#primaryimage\",\"url\":\"https:\/\/www.wojoer.de\/wp-content\/uploads\/2017\/05\/331T69_synlex_jock_gelb_back_wojoer.jpg\",\"contentUrl\":\"https:\/\/www.wojoer.de\/wp-content\/uploads\/2017\/05\/331T69_synlex_jock_gelb_back_wojoer.jpg\",\"width\":2002,\"height\":2002,\"caption\":\"schwarz matte Kunstleder Jock, schwarze jocks mit mattem kunstleder, Synlex, mattes Lederimitat, super dehnbares Letherlike, fein d\u00fcnnes Kunstleder, Slip, schwarz, Brief, Clubwear, Unterhose, Slip mit Poausschnitt\"},{\"@type\":\"BreadcrumbList\",\"@id\":\"https:\/\/www.wojoer.de\/en\/produkt\/synlex-schwarz-matte-kunstleder-jock\/#breadcrumb\",\"itemListElement\":[{\"@type\":\"ListItem\",\"position\":1,\"name\":\"Startseite\",\"item\":\"https:\/\/www.wojoer.de\/\"},{\"@type\":\"ListItem\",\"position\":2,\"name\":\"SHOP\",\"item\":\"https:\/\/www.wojoer.de\/shop\/\"},{\"@type\":\"ListItem\",\"position\":3,\"name\":\"SYNLEX JOCK 331T69\"}]},{\"@type\":\"WebSite\",\"@id\":\"https:\/\/www.wojoer.de\/#website\",\"url\":\"https:\/\/www.wojoer.de\/\",\"name\":\"WOJOER\",\"description\":\"clubwear for men\",\"publisher\":{\"@id\":\"https:\/\/www.wojoer.de\/#organization\"},\"potentialAction\":[{\"@type\":\"SearchAction\",\"target\":{\"@type\":\"EntryPoint\",\"urlTemplate\":\"https:\/\/www.wojoer.de\/?s={search_term_string}\"},\"query-input\":{\"@type\":\"PropertyValueSpecification\",\"valueRequired\":true,\"valueName\":\"search_term_string\"}}],\"inLanguage\":\"en-GB\"},{\"@type\":\"Organization\",\"@id\":\"https:\/\/www.wojoer.de\/#organization\",\"name\":\"Wonneberger-Manufaktur\",\"url\":\"https:\/\/www.wojoer.de\/\",\"logo\":{\"@type\":\"ImageObject\",\"inLanguage\":\"en-GB\",\"@id\":\"https:\/\/www.wojoer.de\/#\/schema\/logo\/image\/\",\"url\":\"https:\/\/www.wojoer.de\/wp-content\/uploads\/2016\/11\/wonnebergermanufaktur_logo_BUTTON.png\",\"contentUrl\":\"https:\/\/www.wojoer.de\/wp-content\/uploads\/2016\/11\/wonnebergermanufaktur_logo_BUTTON.png\",\"width\":765,\"height\":765,\"caption\":\"Wonneberger-Manufaktur\"},\"image\":{\"@id\":\"https:\/\/www.wojoer.de\/#\/schema\/logo\/image\/\"},\"sameAs\":[\"https:\/\/www.facebook.com\/wojoer\/\",\"https:\/\/de.pinterest.com\/W0J0ER\/\"]}]}<\/script>\n<!-- \/ Yoast SEO plugin. -->","yoast_head_json":{"title":"schwarz matte Kunstleder Jock | SYNLEX | mit koplett freiem Hinterteil","description":"schwarz matte Kunstleder Jock. Besonders mattes & geschmeidig d\u00fcnnes Synlex-Material. Mit praktischem Eingriff. N\u00e4hte in rot, gelb oder Wunschfarbe.","robots":{"index":"index","follow":"follow","max-snippet":"max-snippet:-1","max-image-preview":"max-image-preview:large","max-video-preview":"max-video-preview:-1"},"canonical":"https:\/\/www.wojoer.de\/en\/produkt\/synlex-schwarz-matte-kunstleder-jock\/","twitter_card":"summary_large_image","twitter_title":"schwarz matte Kunstleder Jock | SYNLEX | mit koplett freiem Hinterteil","twitter_description":"schwarz matte Kunstleder Jock. Besonders mattes & geschmeidig d\u00fcnnes Synlex-Material. Mit praktischem Eingriff. N\u00e4hte in rot, gelb oder Wunschfarbe.","twitter_image":"https:\/\/www.wojoer.de\/wp-content\/uploads\/2017\/05\/331T69_synlex_jock_gelb_back_wojoer.jpg","twitter_misc":{"Estimated reading time":"1 minute"},"schema":{"@context":"https:\/\/schema.org","@graph":[{"@type":"WebPage","@id":"https:\/\/www.wojoer.de\/en\/produkt\/synlex-schwarz-matte-kunstleder-jock\/","url":"https:\/\/www.wojoer.de\/en\/produkt\/synlex-schwarz-matte-kunstleder-jock\/","name":"schwarz matte Kunstleder Jock | SYNLEX | mit koplett freiem Hinterteil","isPartOf":{"@id":"https:\/\/www.wojoer.de\/#website"},"primaryImageOfPage":{"@id":"https:\/\/www.wojoer.de\/en\/produkt\/synlex-schwarz-matte-kunstleder-jock\/#primaryimage"},"image":{"@id":"https:\/\/www.wojoer.de\/en\/produkt\/synlex-schwarz-matte-kunstleder-jock\/#primaryimage"},"thumbnailUrl":"https:\/\/www.wojoer.de\/wp-content\/uploads\/2017\/05\/331T69_synlex_jock_gelb_back_wojoer.jpg","datePublished":"2017-05-15T21:16:49+00:00","dateModified":"2023-09-22T09:47:47+00:00","description":"schwarz matte Kunstleder Jock. Besonders mattes & geschmeidig d\u00fcnnes Synlex-Material. Mit praktischem Eingriff. N\u00e4hte in rot, gelb oder Wunschfarbe.","breadcrumb":{"@id":"https:\/\/www.wojoer.de\/en\/produkt\/synlex-schwarz-matte-kunstleder-jock\/#breadcrumb"},"inLanguage":"en-GB","potentialAction":[{"@type":"ReadAction","target":["https:\/\/www.wojoer.de\/en\/produkt\/synlex-schwarz-matte-kunstleder-jock\/"]}]},{"@type":"ImageObject","inLanguage":"en-GB","@id":"https:\/\/www.wojoer.de\/en\/produkt\/synlex-schwarz-matte-kunstleder-jock\/#primaryimage","url":"https:\/\/www.wojoer.de\/wp-content\/uploads\/2017\/05\/331T69_synlex_jock_gelb_back_wojoer.jpg","contentUrl":"https:\/\/www.wojoer.de\/wp-content\/uploads\/2017\/05\/331T69_synlex_jock_gelb_back_wojoer.jpg","width":2002,"height":2002,"caption":"schwarz matte Kunstleder Jock, schwarze jocks mit mattem kunstleder, Synlex, mattes Lederimitat, super dehnbares Letherlike, fein d\u00fcnnes Kunstleder, Slip, schwarz, Brief, Clubwear, Unterhose, Slip mit Poausschnitt"},{"@type":"BreadcrumbList","@id":"https:\/\/www.wojoer.de\/en\/produkt\/synlex-schwarz-matte-kunstleder-jock\/#breadcrumb","itemListElement":[{"@type":"ListItem","position":1,"name":"Startseite","item":"https:\/\/www.wojoer.de\/"},{"@type":"ListItem","position":2,"name":"SHOP","item":"https:\/\/www.wojoer.de\/shop\/"},{"@type":"ListItem","position":3,"name":"SYNLEX JOCK 331T69"}]},{"@type":"WebSite","@id":"https:\/\/www.wojoer.de\/#website","url":"https:\/\/www.wojoer.de\/","name":"WOJOER","description":"clubwear for men","publisher":{"@id":"https:\/\/www.wojoer.de\/#organization"},"potentialAction":[{"@type":"SearchAction","target":{"@type":"EntryPoint","urlTemplate":"https:\/\/www.wojoer.de\/?s={search_term_string}"},"query-input":{"@type":"PropertyValueSpecification","valueRequired":true,"valueName":"search_term_string"}}],"inLanguage":"en-GB"},{"@type":"Organization","@id":"https:\/\/www.wojoer.de\/#organization","name":"Wonneberger-Manufaktur","url":"https:\/\/www.wojoer.de\/","logo":{"@type":"ImageObject","inLanguage":"en-GB","@id":"https:\/\/www.wojoer.de\/#\/schema\/logo\/image\/","url":"https:\/\/www.wojoer.de\/wp-content\/uploads\/2016\/11\/wonnebergermanufaktur_logo_BUTTON.png","contentUrl":"https:\/\/www.wojoer.de\/wp-content\/uploads\/2016\/11\/wonnebergermanufaktur_logo_BUTTON.png","width":765,"height":765,"caption":"Wonneberger-Manufaktur"},"image":{"@id":"https:\/\/www.wojoer.de\/#\/schema\/logo\/image\/"},"sameAs":["https:\/\/www.facebook.com\/wojoer\/","https:\/\/de.pinterest.com\/W0J0ER\/"]}]}},"_links":{"self":[{"href":"https:\/\/www.wojoer.de\/en\/wp-json\/wp\/v2\/product\/5974","targetHints":{"allow":["GET"]}}],"collection":[{"href":"https:\/\/www.wojoer.de\/en\/wp-json\/wp\/v2\/product"}],"about":[{"href":"https:\/\/www.wojoer.de\/en\/wp-json\/wp\/v2\/types\/product"}],"replies":[{"embeddable":true,"href":"https:\/\/www.wojoer.de\/en\/wp-json\/wp\/v2\/comments?post=5974"}],"wp:featuredmedia":[{"embeddable":true,"href":"https:\/\/www.wojoer.de\/en\/wp-json\/wp\/v2\/media\/5984"}],"wp:attachment":[{"href":"https:\/\/www.wojoer.de\/en\/wp-json\/wp\/v2\/media?parent=5974"}],"wp:term":[{"taxonomy":"product_brand","embeddable":true,"href":"https:\/\/www.wojoer.de\/en\/wp-json\/wp\/v2\/product_brand?post=5974"},{"taxonomy":"product_cat","embeddable":true,"href":"https:\/\/www.wojoer.de\/en\/wp-json\/wp\/v2\/product_cat?post=5974"},{"taxonomy":"product_tag","embeddable":true,"href":"https:\/\/www.wojoer.de\/en\/wp-json\/wp\/v2\/product_tag?post=5974"}],"curies":[{"name":"wp","href":"https:\/\/api.w.org\/{rel}","templated":true}]}}