{"id":6100,"date":"2017-05-23T13:39:48","date_gmt":"2017-05-23T11:39:48","guid":{"rendered":"http:\/\/www.wojoer.de\/produkt\/schwarze-matte-kunstleder-shorts-synlex\/"},"modified":"2020-12-10T14:45:52","modified_gmt":"2020-12-10T13:45:52","slug":"schwarze-matte-kunstleder-shorts-synlex","status":"publish","type":"product","link":"https:\/\/www.wojoer.de\/en\/produkt\/schwarze-matte-kunstleder-shorts-synlex\/","title":{"rendered":"SYNLEX PANTS Wunschfarbe 331D423ONLY"},"content":{"rendered":"<p>Die schwarze matte Kunstleder Shorts SYNLEX mit mattem Kunstleder 331D423ONLY gibt es in 8 individuellen Nahtf\u00e4den.<\/p>\n<p><img loading=\"lazy\" decoding=\"async\" class=\"alignnone size-full wp-image-6164\" src=\"http:\/\/www.wojoer.de\/wp-content\/uploads\/2017\/05\/wei\u00df.jpg\" alt=\"__wei\u00df\" width=\"9\" height=\"9\" \/> Wei\u00df | <img loading=\"lazy\" decoding=\"async\" class=\"alignnone size-full wp-image-6163\" src=\"http:\/\/www.wojoer.de\/wp-content\/uploads\/2017\/05\/schwarz.jpg\" alt=\"__schwarz\" width=\"9\" height=\"9\" \/> Schwarz | <img loading=\"lazy\" decoding=\"async\" class=\"alignnone size-full wp-image-6156\" src=\"http:\/\/www.wojoer.de\/wp-content\/uploads\/2017\/05\/pink-1.jpg\" alt=\"pink\" width=\"9\" height=\"9\" \/> Pink | <img loading=\"lazy\" decoding=\"async\" class=\"alignnone size-full wp-image-6160\" src=\"http:\/\/www.wojoer.de\/wp-content\/uploads\/2017\/05\/lila.jpg\" alt=\"__lila\" width=\"9\" height=\"9\" \/> Lila | <img loading=\"lazy\" decoding=\"async\" class=\"alignnone size-full wp-image-6157\" src=\"http:\/\/www.wojoer.de\/wp-content\/uploads\/2017\/05\/blau.jpg\" alt=\"__blau\" width=\"9\" height=\"9\" \/> Blau | <img loading=\"lazy\" decoding=\"async\" class=\"alignnone size-full wp-image-6158\" src=\"http:\/\/www.wojoer.de\/wp-content\/uploads\/2017\/05\/eisblau.jpg\" alt=\"__eisblau\" width=\"9\" height=\"9\" \/> Eisblau | <img loading=\"lazy\" decoding=\"async\" class=\"alignnone size-full wp-image-6159\" src=\"http:\/\/www.wojoer.de\/wp-content\/uploads\/2017\/05\/gruen.jpg\" alt=\"__gruen\" width=\"9\" height=\"9\" \/> Gr\u00fcn | <img loading=\"lazy\" decoding=\"async\" class=\"alignnone size-full wp-image-6161\" src=\"http:\/\/www.wojoer.de\/wp-content\/uploads\/2017\/05\/orange.jpg\" alt=\"__orange\" width=\"9\" height=\"9\" \/> Orange<\/p>\n<p>Mit dieser riesen Auswahl geh\u00f6rt sie in die Kategorie &#8220;Only For Me&#8221;. Nur du entscheidest, welchen denzenten Farbklang dein Synlex tr\u00e4gt.<\/p>\n<p>Die <a href=\"http:\/\/www.wojoer.de\/produkt\/schwarze-shorts-mit-mattem-kunstleder-rot\/\">SYNLEX PANTS in Gelb oder Rot<\/a> geh\u00f6rt so zu den Wojoer Standarts und ist daher unter den Liveprodukten bei der <a href=\"http:\/\/www.wojoer.de\/produkt-schlagwort\/synthetischesLatex\/\">Clubwear<\/a> zu finden.<\/p>\n<h3>Gr\u00f6\u00dfen<\/h3>\n<p>Erh\u00e4ltlich in den Gr\u00f6\u00dfen S, M, L, XL<\/p>\n<h3>Materialzusammensetzung<\/h3>\n<p>Synlex, sehr d\u00fcnnes und dehnbares Lederimitat: 76% Polyesther\u00a0 16% Polyurethan 8% Elasthan<\/p>\n<h3>Besonderheiten<\/h3>\n<p><a href=\"http:\/\/www.wojoer.de\/?s=ofm&#038;post_type=product\">ONLY FOR ME Produkt<\/a> | besonders feines, mattes, dehnbares Kunstleder, fast gummiartig | Ziernatfarbe nach Wunsch | Eingriff | hautenge Passform | hochwertige Verarbeitung &#8220;Made in Germany&#8221;<\/p>\n<h3>Benutzerhinweise<\/h3>\n<p>30\u00b0 Schonw\u00e4sche<\/p>\n<h3>SYNLEX PANTS- schwarze matte Kunstleder Shorts<\/h3>\n<p>SYNLEX, steht f\u00fcr synthetischen Latex. Es ist eine matt schwarze Materie die erst mysteri\u00f6s und d\u00fcster, dann gef\u00e4hrlich hei\u00df und schlie\u00dflich mit extremem Suchtpotenzial daherkommt. Regelrecht berauschend wird es dann in Kombination mit dem Slim-Fit-Schnitt und dem Eingriff im Suspensorium der 331W423 Synlex Pants.<\/p>\n<p>Ein so verrucht mattes und anschmiegsames Material hattest du noch nie auf deiner Haut. Denn die matte Oberfl\u00e4che und die perfekte Passform lassen deinen Oberk\u00f6rper mit ihm verschmelzen. Von Au\u00dfen genie\u00dft du die optischen und haptischen Vorz\u00fcge von mattem Rubber und von innen schmeichelt ein feiner, weicher Jerseystoff deiner Haut. Die Optik ist scheinbar unauff\u00e4llig, genau wie ein lauerndes Raubtier in der Dunkelheit. So wirst nicht nur du dich von dem Velvet Touch der SYNLEX Pants wie magisch angezogen f\u00fchlen. Dein Gegen\u00fcber wird sogleich ohnm\u00e4chtig vor Entz\u00fccken. Wie gefr\u00e4\u00dfig deine Lust ist, deuten die Ziernahtfarben deiner Wahl an. Wenn du dann erst dein Opfer ins Visier genommen hast, wird der Eingriff im Suspensorium zur unschlagbar schnellen Waffe.<\/p>\n","protected":false},"excerpt":{"rendered":"<p>Die schwarze matte Kunstleder Shorts SYNLEX mit mattem Kunstleder 331D423ONLY gibt es in 8 individuellen Nahtf\u00e4den.<\/p>\n<p> Wei\u00df |  Schwarz |  Pink |  Lila |  Blau |  Eisblau |  Gr\u00fcn |  Orange<\/p>\n<p>Mit dieser riesen\u2026<\/p>\n","protected":false},"featured_media":6037,"comment_status":"open","ping_status":"closed","template":"","meta":[],"product_brand":[],"product_cat":[805,311,473,270,326],"product_tag":[279,250,268,273,368],"class_list":{"0":"post-6100","1":"product","2":"type-product","3":"status-publish","4":"has-post-thumbnail","6":"product_cat-331-synlex","7":"product_cat-hankycode","8":"product_cat-men","9":"product_cat-onlyforme","10":"product_cat-wojoer","11":"product_tag-eingriff","12":"product_tag-funktion","13":"product_tag-farbcode","14":"product_tag-pants","15":"product_tag-quick-fun-action","16":"product_shipping_class-beun","17":"pa_farbe-blau","18":"pa_farbe-eisblau","19":"pa_farbe-gruen","20":"pa_farbe-lila","21":"pa_farbe-orange","22":"pa_farbe-pink","23":"pa_farbe-schwarz","24":"pa_farbe-weiss","25":"pa_groesse-l","26":"pa_groesse-m","27":"pa_groesse-s","28":"pa_groesse-xl","29":"pif-has-gallery","30":"post-1","31":"odd","33":"first","34":"onbackorder","35":"featured","36":"taxable","37":"shipping-taxable","38":"purchasable","39":"product-type-variable","40":"has-default-attributes"},"yoast_head":"<!-- This site is optimized with the Yoast SEO plugin v27.2 - https:\/\/yoast.com\/product\/yoast-seo-wordpress\/ -->\n<title>schwarze matte Kunstleder Shorts | SYNLEX | mit Eingriff<\/title>\n<meta name=\"description\" content=\"schwarze matte Kunstleder Shorts. Besonders geschmeidig d\u00fcnnes Synlex-Material mit Velvet-Touch. Praktischer Eingriff. N\u00e4hte in Wunschfarbe.\" \/>\n<meta name=\"robots\" content=\"index, follow, max-snippet:-1, max-image-preview:large, max-video-preview:-1\" \/>\n<link rel=\"canonical\" href=\"https:\/\/www.wojoer.de\/en\/produkt\/schwarze-matte-kunstleder-shorts-synlex\/\" \/>\n<meta name=\"twitter:card\" content=\"summary_large_image\" \/>\n<meta name=\"twitter:title\" content=\"schwarze matte Kunstleder Shorts | SYNLEX | mit Eingriff\" \/>\n<meta name=\"twitter:description\" content=\"schwarze matte Kunstleder Shorts. Besonders geschmeidig d\u00fcnnes Synlex-Material mit Velvet-Touch. Praktischer Eingriff. N\u00e4hte in Wunschfarbe.\" \/>\n<meta name=\"twitter:image\" content=\"https:\/\/www.wojoer.de\/wp-content\/uploads\/2017\/05\/331W423_synlex_pant_rot_side_wojoer-1.jpg\" \/>\n<meta name=\"twitter:label1\" content=\"Estimated reading time\" \/>\n\t<meta name=\"twitter:data1\" content=\"2 minutes\" \/>\n<script type=\"application\/ld+json\" class=\"yoast-schema-graph\">{\"@context\":\"https:\/\/schema.org\",\"@graph\":[{\"@type\":\"WebPage\",\"@id\":\"https:\/\/www.wojoer.de\/produkt\/schwarze-matte-kunstleder-shorts-synlex\/\",\"url\":\"https:\/\/www.wojoer.de\/produkt\/schwarze-matte-kunstleder-shorts-synlex\/\",\"name\":\"schwarze matte Kunstleder Shorts | SYNLEX | mit Eingriff\",\"isPartOf\":{\"@id\":\"https:\/\/www.wojoer.de\/#website\"},\"primaryImageOfPage\":{\"@id\":\"https:\/\/www.wojoer.de\/produkt\/schwarze-matte-kunstleder-shorts-synlex\/#primaryimage\"},\"image\":{\"@id\":\"https:\/\/www.wojoer.de\/produkt\/schwarze-matte-kunstleder-shorts-synlex\/#primaryimage\"},\"thumbnailUrl\":\"https:\/\/www.wojoer.de\/wp-content\/uploads\/2017\/05\/331W423_synlex_pant_rot_side_wojoer-1.jpg\",\"datePublished\":\"2017-05-23T11:39:48+00:00\",\"dateModified\":\"2020-12-10T13:45:52+00:00\",\"description\":\"schwarze matte Kunstleder Shorts. Besonders geschmeidig d\u00fcnnes Synlex-Material mit Velvet-Touch. Praktischer Eingriff. N\u00e4hte in Wunschfarbe.\",\"breadcrumb\":{\"@id\":\"https:\/\/www.wojoer.de\/produkt\/schwarze-matte-kunstleder-shorts-synlex\/#breadcrumb\"},\"inLanguage\":\"en-GB\",\"potentialAction\":[{\"@type\":\"ReadAction\",\"target\":[\"https:\/\/www.wojoer.de\/produkt\/schwarze-matte-kunstleder-shorts-synlex\/\"]}]},{\"@type\":\"ImageObject\",\"inLanguage\":\"en-GB\",\"@id\":\"https:\/\/www.wojoer.de\/produkt\/schwarze-matte-kunstleder-shorts-synlex\/#primaryimage\",\"url\":\"https:\/\/www.wojoer.de\/wp-content\/uploads\/2017\/05\/331W423_synlex_pant_rot_side_wojoer-1.jpg\",\"contentUrl\":\"https:\/\/www.wojoer.de\/wp-content\/uploads\/2017\/05\/331W423_synlex_pant_rot_side_wojoer-1.jpg\",\"width\":2002,\"height\":2002,\"caption\":\"schwarze matte Kunstleder Shorts, schwarze Shorts mit mattem kunstleder, Synlex, mattes Lederimitat, super dehnbares Letherlike, fein d\u00fcnnes Kunstleder, Shorts, schwarz, Pant, Clubwear, Unterhose,\"},{\"@type\":\"BreadcrumbList\",\"@id\":\"https:\/\/www.wojoer.de\/produkt\/schwarze-matte-kunstleder-shorts-synlex\/#breadcrumb\",\"itemListElement\":[{\"@type\":\"ListItem\",\"position\":1,\"name\":\"Startseite\",\"item\":\"https:\/\/www.wojoer.de\/\"},{\"@type\":\"ListItem\",\"position\":2,\"name\":\"SHOP\",\"item\":\"https:\/\/www.wojoer.de\/shop\/\"},{\"@type\":\"ListItem\",\"position\":3,\"name\":\"SYNLEX PANTS Wunschfarbe 331D423ONLY\"}]},{\"@type\":\"WebSite\",\"@id\":\"https:\/\/www.wojoer.de\/#website\",\"url\":\"https:\/\/www.wojoer.de\/\",\"name\":\"WOJOER\",\"description\":\"clubwear for men\",\"publisher\":{\"@id\":\"https:\/\/www.wojoer.de\/#organization\"},\"potentialAction\":[{\"@type\":\"SearchAction\",\"target\":{\"@type\":\"EntryPoint\",\"urlTemplate\":\"https:\/\/www.wojoer.de\/?s={search_term_string}\"},\"query-input\":{\"@type\":\"PropertyValueSpecification\",\"valueRequired\":true,\"valueName\":\"search_term_string\"}}],\"inLanguage\":\"en-GB\"},{\"@type\":\"Organization\",\"@id\":\"https:\/\/www.wojoer.de\/#organization\",\"name\":\"Wonneberger-Manufaktur\",\"url\":\"https:\/\/www.wojoer.de\/\",\"logo\":{\"@type\":\"ImageObject\",\"inLanguage\":\"en-GB\",\"@id\":\"https:\/\/www.wojoer.de\/#\/schema\/logo\/image\/\",\"url\":\"https:\/\/www.wojoer.de\/wp-content\/uploads\/2016\/11\/wonnebergermanufaktur_logo_BUTTON.png\",\"contentUrl\":\"https:\/\/www.wojoer.de\/wp-content\/uploads\/2016\/11\/wonnebergermanufaktur_logo_BUTTON.png\",\"width\":765,\"height\":765,\"caption\":\"Wonneberger-Manufaktur\"},\"image\":{\"@id\":\"https:\/\/www.wojoer.de\/#\/schema\/logo\/image\/\"},\"sameAs\":[\"https:\/\/www.facebook.com\/wojoer\/\",\"https:\/\/de.pinterest.com\/W0J0ER\/\"]}]}<\/script>\n<!-- \/ Yoast SEO plugin. -->","yoast_head_json":{"title":"schwarze matte Kunstleder Shorts | SYNLEX | mit Eingriff","description":"schwarze matte Kunstleder Shorts. Besonders geschmeidig d\u00fcnnes Synlex-Material mit Velvet-Touch. Praktischer Eingriff. N\u00e4hte in Wunschfarbe.","robots":{"index":"index","follow":"follow","max-snippet":"max-snippet:-1","max-image-preview":"max-image-preview:large","max-video-preview":"max-video-preview:-1"},"canonical":"https:\/\/www.wojoer.de\/en\/produkt\/schwarze-matte-kunstleder-shorts-synlex\/","twitter_card":"summary_large_image","twitter_title":"schwarze matte Kunstleder Shorts | SYNLEX | mit Eingriff","twitter_description":"schwarze matte Kunstleder Shorts. Besonders geschmeidig d\u00fcnnes Synlex-Material mit Velvet-Touch. Praktischer Eingriff. N\u00e4hte in Wunschfarbe.","twitter_image":"https:\/\/www.wojoer.de\/wp-content\/uploads\/2017\/05\/331W423_synlex_pant_rot_side_wojoer-1.jpg","twitter_misc":{"Estimated reading time":"2 minutes"},"schema":{"@context":"https:\/\/schema.org","@graph":[{"@type":"WebPage","@id":"https:\/\/www.wojoer.de\/produkt\/schwarze-matte-kunstleder-shorts-synlex\/","url":"https:\/\/www.wojoer.de\/produkt\/schwarze-matte-kunstleder-shorts-synlex\/","name":"schwarze matte Kunstleder Shorts | SYNLEX | mit Eingriff","isPartOf":{"@id":"https:\/\/www.wojoer.de\/#website"},"primaryImageOfPage":{"@id":"https:\/\/www.wojoer.de\/produkt\/schwarze-matte-kunstleder-shorts-synlex\/#primaryimage"},"image":{"@id":"https:\/\/www.wojoer.de\/produkt\/schwarze-matte-kunstleder-shorts-synlex\/#primaryimage"},"thumbnailUrl":"https:\/\/www.wojoer.de\/wp-content\/uploads\/2017\/05\/331W423_synlex_pant_rot_side_wojoer-1.jpg","datePublished":"2017-05-23T11:39:48+00:00","dateModified":"2020-12-10T13:45:52+00:00","description":"schwarze matte Kunstleder Shorts. Besonders geschmeidig d\u00fcnnes Synlex-Material mit Velvet-Touch. Praktischer Eingriff. N\u00e4hte in Wunschfarbe.","breadcrumb":{"@id":"https:\/\/www.wojoer.de\/produkt\/schwarze-matte-kunstleder-shorts-synlex\/#breadcrumb"},"inLanguage":"en-GB","potentialAction":[{"@type":"ReadAction","target":["https:\/\/www.wojoer.de\/produkt\/schwarze-matte-kunstleder-shorts-synlex\/"]}]},{"@type":"ImageObject","inLanguage":"en-GB","@id":"https:\/\/www.wojoer.de\/produkt\/schwarze-matte-kunstleder-shorts-synlex\/#primaryimage","url":"https:\/\/www.wojoer.de\/wp-content\/uploads\/2017\/05\/331W423_synlex_pant_rot_side_wojoer-1.jpg","contentUrl":"https:\/\/www.wojoer.de\/wp-content\/uploads\/2017\/05\/331W423_synlex_pant_rot_side_wojoer-1.jpg","width":2002,"height":2002,"caption":"schwarze matte Kunstleder Shorts, schwarze Shorts mit mattem kunstleder, Synlex, mattes Lederimitat, super dehnbares Letherlike, fein d\u00fcnnes Kunstleder, Shorts, schwarz, Pant, Clubwear, Unterhose,"},{"@type":"BreadcrumbList","@id":"https:\/\/www.wojoer.de\/produkt\/schwarze-matte-kunstleder-shorts-synlex\/#breadcrumb","itemListElement":[{"@type":"ListItem","position":1,"name":"Startseite","item":"https:\/\/www.wojoer.de\/"},{"@type":"ListItem","position":2,"name":"SHOP","item":"https:\/\/www.wojoer.de\/shop\/"},{"@type":"ListItem","position":3,"name":"SYNLEX PANTS Wunschfarbe 331D423ONLY"}]},{"@type":"WebSite","@id":"https:\/\/www.wojoer.de\/#website","url":"https:\/\/www.wojoer.de\/","name":"WOJOER","description":"clubwear for men","publisher":{"@id":"https:\/\/www.wojoer.de\/#organization"},"potentialAction":[{"@type":"SearchAction","target":{"@type":"EntryPoint","urlTemplate":"https:\/\/www.wojoer.de\/?s={search_term_string}"},"query-input":{"@type":"PropertyValueSpecification","valueRequired":true,"valueName":"search_term_string"}}],"inLanguage":"en-GB"},{"@type":"Organization","@id":"https:\/\/www.wojoer.de\/#organization","name":"Wonneberger-Manufaktur","url":"https:\/\/www.wojoer.de\/","logo":{"@type":"ImageObject","inLanguage":"en-GB","@id":"https:\/\/www.wojoer.de\/#\/schema\/logo\/image\/","url":"https:\/\/www.wojoer.de\/wp-content\/uploads\/2016\/11\/wonnebergermanufaktur_logo_BUTTON.png","contentUrl":"https:\/\/www.wojoer.de\/wp-content\/uploads\/2016\/11\/wonnebergermanufaktur_logo_BUTTON.png","width":765,"height":765,"caption":"Wonneberger-Manufaktur"},"image":{"@id":"https:\/\/www.wojoer.de\/#\/schema\/logo\/image\/"},"sameAs":["https:\/\/www.facebook.com\/wojoer\/","https:\/\/de.pinterest.com\/W0J0ER\/"]}]}},"_links":{"self":[{"href":"https:\/\/www.wojoer.de\/en\/wp-json\/wp\/v2\/product\/6100","targetHints":{"allow":["GET"]}}],"collection":[{"href":"https:\/\/www.wojoer.de\/en\/wp-json\/wp\/v2\/product"}],"about":[{"href":"https:\/\/www.wojoer.de\/en\/wp-json\/wp\/v2\/types\/product"}],"replies":[{"embeddable":true,"href":"https:\/\/www.wojoer.de\/en\/wp-json\/wp\/v2\/comments?post=6100"}],"wp:featuredmedia":[{"embeddable":true,"href":"https:\/\/www.wojoer.de\/en\/wp-json\/wp\/v2\/media\/6037"}],"wp:attachment":[{"href":"https:\/\/www.wojoer.de\/en\/wp-json\/wp\/v2\/media?parent=6100"}],"wp:term":[{"taxonomy":"product_brand","embeddable":true,"href":"https:\/\/www.wojoer.de\/en\/wp-json\/wp\/v2\/product_brand?post=6100"},{"taxonomy":"product_cat","embeddable":true,"href":"https:\/\/www.wojoer.de\/en\/wp-json\/wp\/v2\/product_cat?post=6100"},{"taxonomy":"product_tag","embeddable":true,"href":"https:\/\/www.wojoer.de\/en\/wp-json\/wp\/v2\/product_tag?post=6100"}],"curies":[{"name":"wp","href":"https:\/\/api.w.org\/{rel}","templated":true}]}}