{"id":62153,"date":"2025-10-29T13:20:26","date_gmt":"2025-10-29T12:20:26","guid":{"rendered":"https:\/\/www.wojoer.de\/?post_type=product&#038;p=62153"},"modified":"2025-11-05T15:12:36","modified_gmt":"2025-11-05T14:12:36","slug":"tiger-schmalissimo-345e700","status":"publish","type":"product","link":"https:\/\/www.wojoer.de\/en\/produkt\/tiger-schmalissimo-345e700\/","title":{"rendered":"Tiger Tanga -wertvolles Einzelst\u00fcck-"},"content":{"rendered":"<p>Der Schneeleopard Tanga 345B14 geh\u00f6rt zu den Wojoer LIVE-Produkten. Sie werden ab Bestellung bei uns produziert. So k\u00f6nnen wir auf Kundenw\u00fcnsche individuell eingehen.<\/p>\n<h3>Gr\u00f6\u00dfen<\/h3>\n<p>Erh\u00e4ltlich in den Gr\u00f6\u00dfen S, M, L, XL<\/p>\n<h3>Materialzusammensetzung<\/h3>\n<p>96% Polyester, 4% Elasthan<\/p>\n<h3>Besonderheiten<\/h3>\n<p><a href=\"http:\/\/www.wojoer.de\/?s=LIVE&#038;post_type=product\">LIVE-Produkt<\/a> \u00a0| hoher Schnitt | elastisch mattes Jersey | animalischer Druck | schwarz-wei\u00df T\u00f6ne | hochwertige Verarbeitung \u201eMade in Germany\u201c<\/p>\n<h3><strong>Benutzerhinweise<\/strong><\/h3>\n<p>30\u00b0 Grad Schonw\u00e4sche, keine Weichsp\u00fcler<\/p>\n<h3>Tiger Tanga- elastischer String for men &#8211; Schneeleopard Tanga<\/h3>\n<p>Feinstes Unterw\u00e4schematerial trifft auf aufreizend eleganten Wei\u00dfen Schneeleopard-Druck. Ausgesprochen angenehm weich, sehr d\u00fcnn und atmungsaktiv auf der einen Seite und sexy enganliegend auf der anderen, genau das sind die besonderen Eigenschaften, welchen diesen Jerseystoff zu deiner Wohlf\u00fchlunterw\u00e4sche machen. Sein besonderes Merkmal ist sein sch\u00f6n hoch geschnittener Bund, der den Po knackig lang und den Schritt m\u00e4nnlich gro\u00df erscheinen l\u00e4sst. So l\u00e4sst sch schon erahnen, welch gierige Schlange lauernd auf Befriedigung wartet.<\/p>\n","protected":false},"excerpt":{"rendered":"<p>Der Schneeleopard Tanga 345B14 geh\u00f6rt zu den Wojoer LIVE-Produkten. Sie werden ab Bestellung bei uns produziert. So k\u00f6nnen wir auf Kundenw\u00fcnsche individuell eingehen.<br \/>\nGr\u00f6\u00dfen<br \/>\nErh\u00e4ltlich in den Gr\u00f6\u00dfen S, M, L, XL<br \/>\nMaterialzusammensetzung<br \/>\n96% Polyester, 4% Elasthan<br \/>\nBesonderheiten<br \/>\nLIVE-Produkt \u00a0| hoher Schnitt | elastisch mattes Jersey\u2026<\/p>\n","protected":false},"featured_media":7820,"comment_status":"open","ping_status":"closed","template":"","meta":[],"product_brand":[],"product_cat":[1059,169,884,473,270,121,326],"product_tag":[194,352,119],"class_list":{"0":"post-62153","1":"product","2":"type-product","3":"status-publish","4":"has-post-thumbnail","6":"product_cat-kinky","7":"product_cat-nos-never-out-of-stock","8":"product_cat-limited-editions","9":"product_cat-men","10":"product_cat-onlyforme","11":"product_cat-underwear","12":"product_cat-wojoer","13":"product_tag-leatherlike","14":"product_tag-schmalissimo","15":"product_tag-string","16":"product_shipping_class-beun","17":"pa_groesse-l","18":"pa_groesse-m","19":"pa_groesse-s","20":"pa_groesse-xl","21":"pif-has-gallery","22":"post-1","23":"odd","25":"first","26":"instock","27":"taxable","28":"shipping-taxable","29":"purchasable","30":"product-type-variable","31":"has-default-attributes"},"yoast_head":"<!-- This site is optimized with the Yoast SEO plugin v27.2 - https:\/\/yoast.com\/product\/yoast-seo-wordpress\/ -->\n<title>Schneeleopard Tanga | Leomuster | Schlangemuster | WOJOER<\/title>\n<meta name=\"description\" content=\"Schneeleopard Tanga. Elastisch knapper, angenehmer M\u00e4nner String. Wie feinste Baumwolle. Jetzt online Versandkostenfrei bestellen bei WOJOER!Nur bei Wojoer. Jetzt versandkostenfrei online bestellen.\" \/>\n<meta name=\"robots\" content=\"index, follow, max-snippet:-1, max-image-preview:large, max-video-preview:-1\" \/>\n<link rel=\"canonical\" href=\"https:\/\/www.wojoer.de\/en\/produkt\/tiger-schmalissimo-345e700\/\" \/>\n<meta name=\"twitter:card\" content=\"summary_large_image\" \/>\n<meta name=\"twitter:title\" content=\"Schneeleopard Tanga | Leomuster | Schlangemuster | WOJOER\" \/>\n<meta name=\"twitter:description\" content=\"Schneeleopard Tanga. Elastisch knapper, angenehmer M\u00e4nner String. Wie feinste Baumwolle. Jetzt online Versandkostenfrei bestellen bei WOJOER!Nur bei Wojoer. Jetzt versandkostenfrei online bestellen.\" \/>\n<meta name=\"twitter:image\" content=\"https:\/\/www.wojoer.de\/wp-content\/uploads\/2017\/11\/345B14_tiger_minpushup_tanga_wojoer.jpg\" \/>\n<meta name=\"twitter:label1\" content=\"Estimated reading time\" \/>\n\t<meta name=\"twitter:data1\" content=\"1 minute\" \/>\n<script type=\"application\/ld+json\" class=\"yoast-schema-graph\">{\"@context\":\"https:\/\/schema.org\",\"@graph\":[{\"@type\":\"WebPage\",\"@id\":\"https:\/\/www.wojoer.de\/produkt\/tiger-schmalissimo-345e700\/\",\"url\":\"https:\/\/www.wojoer.de\/produkt\/tiger-schmalissimo-345e700\/\",\"name\":\"Schneeleopard Tanga | Leomuster | Schlangemuster | WOJOER\",\"isPartOf\":{\"@id\":\"https:\/\/www.wojoer.de\/#website\"},\"primaryImageOfPage\":{\"@id\":\"https:\/\/www.wojoer.de\/produkt\/tiger-schmalissimo-345e700\/#primaryimage\"},\"image\":{\"@id\":\"https:\/\/www.wojoer.de\/produkt\/tiger-schmalissimo-345e700\/#primaryimage\"},\"thumbnailUrl\":\"https:\/\/www.wojoer.de\/wp-content\/uploads\/2017\/11\/345B14_tiger_minpushup_tanga_wojoer.jpg\",\"datePublished\":\"2025-10-29T12:20:26+00:00\",\"dateModified\":\"2025-11-05T14:12:36+00:00\",\"description\":\"Schneeleopard Tanga. Elastisch knapper, angenehmer M\u00e4nner String. Wie feinste Baumwolle. Jetzt online Versandkostenfrei bestellen bei WOJOER!Nur bei Wojoer. Jetzt versandkostenfrei online bestellen.\",\"breadcrumb\":{\"@id\":\"https:\/\/www.wojoer.de\/produkt\/tiger-schmalissimo-345e700\/#breadcrumb\"},\"inLanguage\":\"en-GB\",\"potentialAction\":[{\"@type\":\"ReadAction\",\"target\":[\"https:\/\/www.wojoer.de\/produkt\/tiger-schmalissimo-345e700\/\"]}]},{\"@type\":\"ImageObject\",\"inLanguage\":\"en-GB\",\"@id\":\"https:\/\/www.wojoer.de\/produkt\/tiger-schmalissimo-345e700\/#primaryimage\",\"url\":\"https:\/\/www.wojoer.de\/wp-content\/uploads\/2017\/11\/345B14_tiger_minpushup_tanga_wojoer.jpg\",\"contentUrl\":\"https:\/\/www.wojoer.de\/wp-content\/uploads\/2017\/11\/345B14_tiger_minpushup_tanga_wojoer.jpg\",\"width\":2002,\"height\":2002},{\"@type\":\"BreadcrumbList\",\"@id\":\"https:\/\/www.wojoer.de\/produkt\/tiger-schmalissimo-345e700\/#breadcrumb\",\"itemListElement\":[{\"@type\":\"ListItem\",\"position\":1,\"name\":\"Startseite\",\"item\":\"https:\/\/www.wojoer.de\/\"},{\"@type\":\"ListItem\",\"position\":2,\"name\":\"SHOP\",\"item\":\"https:\/\/www.wojoer.de\/shop\/\"},{\"@type\":\"ListItem\",\"position\":3,\"name\":\"Tiger Tanga -wertvolles Einzelst\u00fcck-\"}]},{\"@type\":\"WebSite\",\"@id\":\"https:\/\/www.wojoer.de\/#website\",\"url\":\"https:\/\/www.wojoer.de\/\",\"name\":\"WOJOER\",\"description\":\"clubwear for men\",\"publisher\":{\"@id\":\"https:\/\/www.wojoer.de\/#organization\"},\"potentialAction\":[{\"@type\":\"SearchAction\",\"target\":{\"@type\":\"EntryPoint\",\"urlTemplate\":\"https:\/\/www.wojoer.de\/?s={search_term_string}\"},\"query-input\":{\"@type\":\"PropertyValueSpecification\",\"valueRequired\":true,\"valueName\":\"search_term_string\"}}],\"inLanguage\":\"en-GB\"},{\"@type\":\"Organization\",\"@id\":\"https:\/\/www.wojoer.de\/#organization\",\"name\":\"Wonneberger-Manufaktur\",\"url\":\"https:\/\/www.wojoer.de\/\",\"logo\":{\"@type\":\"ImageObject\",\"inLanguage\":\"en-GB\",\"@id\":\"https:\/\/www.wojoer.de\/#\/schema\/logo\/image\/\",\"url\":\"https:\/\/www.wojoer.de\/wp-content\/uploads\/2016\/11\/wonnebergermanufaktur_logo_BUTTON.png\",\"contentUrl\":\"https:\/\/www.wojoer.de\/wp-content\/uploads\/2016\/11\/wonnebergermanufaktur_logo_BUTTON.png\",\"width\":765,\"height\":765,\"caption\":\"Wonneberger-Manufaktur\"},\"image\":{\"@id\":\"https:\/\/www.wojoer.de\/#\/schema\/logo\/image\/\"},\"sameAs\":[\"https:\/\/www.facebook.com\/wojoer\/\",\"https:\/\/de.pinterest.com\/W0J0ER\/\"]}]}<\/script>\n<!-- \/ Yoast SEO plugin. -->","yoast_head_json":{"title":"Schneeleopard Tanga | Leomuster | Schlangemuster | WOJOER","description":"Schneeleopard Tanga. Elastisch knapper, angenehmer M\u00e4nner String. Wie feinste Baumwolle. Jetzt online Versandkostenfrei bestellen bei WOJOER!Nur bei Wojoer. Jetzt versandkostenfrei online bestellen.","robots":{"index":"index","follow":"follow","max-snippet":"max-snippet:-1","max-image-preview":"max-image-preview:large","max-video-preview":"max-video-preview:-1"},"canonical":"https:\/\/www.wojoer.de\/en\/produkt\/tiger-schmalissimo-345e700\/","twitter_card":"summary_large_image","twitter_title":"Schneeleopard Tanga | Leomuster | Schlangemuster | WOJOER","twitter_description":"Schneeleopard Tanga. Elastisch knapper, angenehmer M\u00e4nner String. Wie feinste Baumwolle. Jetzt online Versandkostenfrei bestellen bei WOJOER!Nur bei Wojoer. Jetzt versandkostenfrei online bestellen.","twitter_image":"https:\/\/www.wojoer.de\/wp-content\/uploads\/2017\/11\/345B14_tiger_minpushup_tanga_wojoer.jpg","twitter_misc":{"Estimated reading time":"1 minute"},"schema":{"@context":"https:\/\/schema.org","@graph":[{"@type":"WebPage","@id":"https:\/\/www.wojoer.de\/produkt\/tiger-schmalissimo-345e700\/","url":"https:\/\/www.wojoer.de\/produkt\/tiger-schmalissimo-345e700\/","name":"Schneeleopard Tanga | Leomuster | Schlangemuster | WOJOER","isPartOf":{"@id":"https:\/\/www.wojoer.de\/#website"},"primaryImageOfPage":{"@id":"https:\/\/www.wojoer.de\/produkt\/tiger-schmalissimo-345e700\/#primaryimage"},"image":{"@id":"https:\/\/www.wojoer.de\/produkt\/tiger-schmalissimo-345e700\/#primaryimage"},"thumbnailUrl":"https:\/\/www.wojoer.de\/wp-content\/uploads\/2017\/11\/345B14_tiger_minpushup_tanga_wojoer.jpg","datePublished":"2025-10-29T12:20:26+00:00","dateModified":"2025-11-05T14:12:36+00:00","description":"Schneeleopard Tanga. Elastisch knapper, angenehmer M\u00e4nner String. Wie feinste Baumwolle. Jetzt online Versandkostenfrei bestellen bei WOJOER!Nur bei Wojoer. Jetzt versandkostenfrei online bestellen.","breadcrumb":{"@id":"https:\/\/www.wojoer.de\/produkt\/tiger-schmalissimo-345e700\/#breadcrumb"},"inLanguage":"en-GB","potentialAction":[{"@type":"ReadAction","target":["https:\/\/www.wojoer.de\/produkt\/tiger-schmalissimo-345e700\/"]}]},{"@type":"ImageObject","inLanguage":"en-GB","@id":"https:\/\/www.wojoer.de\/produkt\/tiger-schmalissimo-345e700\/#primaryimage","url":"https:\/\/www.wojoer.de\/wp-content\/uploads\/2017\/11\/345B14_tiger_minpushup_tanga_wojoer.jpg","contentUrl":"https:\/\/www.wojoer.de\/wp-content\/uploads\/2017\/11\/345B14_tiger_minpushup_tanga_wojoer.jpg","width":2002,"height":2002},{"@type":"BreadcrumbList","@id":"https:\/\/www.wojoer.de\/produkt\/tiger-schmalissimo-345e700\/#breadcrumb","itemListElement":[{"@type":"ListItem","position":1,"name":"Startseite","item":"https:\/\/www.wojoer.de\/"},{"@type":"ListItem","position":2,"name":"SHOP","item":"https:\/\/www.wojoer.de\/shop\/"},{"@type":"ListItem","position":3,"name":"Tiger Tanga -wertvolles Einzelst\u00fcck-"}]},{"@type":"WebSite","@id":"https:\/\/www.wojoer.de\/#website","url":"https:\/\/www.wojoer.de\/","name":"WOJOER","description":"clubwear for men","publisher":{"@id":"https:\/\/www.wojoer.de\/#organization"},"potentialAction":[{"@type":"SearchAction","target":{"@type":"EntryPoint","urlTemplate":"https:\/\/www.wojoer.de\/?s={search_term_string}"},"query-input":{"@type":"PropertyValueSpecification","valueRequired":true,"valueName":"search_term_string"}}],"inLanguage":"en-GB"},{"@type":"Organization","@id":"https:\/\/www.wojoer.de\/#organization","name":"Wonneberger-Manufaktur","url":"https:\/\/www.wojoer.de\/","logo":{"@type":"ImageObject","inLanguage":"en-GB","@id":"https:\/\/www.wojoer.de\/#\/schema\/logo\/image\/","url":"https:\/\/www.wojoer.de\/wp-content\/uploads\/2016\/11\/wonnebergermanufaktur_logo_BUTTON.png","contentUrl":"https:\/\/www.wojoer.de\/wp-content\/uploads\/2016\/11\/wonnebergermanufaktur_logo_BUTTON.png","width":765,"height":765,"caption":"Wonneberger-Manufaktur"},"image":{"@id":"https:\/\/www.wojoer.de\/#\/schema\/logo\/image\/"},"sameAs":["https:\/\/www.facebook.com\/wojoer\/","https:\/\/de.pinterest.com\/W0J0ER\/"]}]}},"_links":{"self":[{"href":"https:\/\/www.wojoer.de\/en\/wp-json\/wp\/v2\/product\/62153","targetHints":{"allow":["GET"]}}],"collection":[{"href":"https:\/\/www.wojoer.de\/en\/wp-json\/wp\/v2\/product"}],"about":[{"href":"https:\/\/www.wojoer.de\/en\/wp-json\/wp\/v2\/types\/product"}],"replies":[{"embeddable":true,"href":"https:\/\/www.wojoer.de\/en\/wp-json\/wp\/v2\/comments?post=62153"}],"wp:featuredmedia":[{"embeddable":true,"href":"https:\/\/www.wojoer.de\/en\/wp-json\/wp\/v2\/media\/7820"}],"wp:attachment":[{"href":"https:\/\/www.wojoer.de\/en\/wp-json\/wp\/v2\/media?parent=62153"}],"wp:term":[{"taxonomy":"product_brand","embeddable":true,"href":"https:\/\/www.wojoer.de\/en\/wp-json\/wp\/v2\/product_brand?post=62153"},{"taxonomy":"product_cat","embeddable":true,"href":"https:\/\/www.wojoer.de\/en\/wp-json\/wp\/v2\/product_cat?post=62153"},{"taxonomy":"product_tag","embeddable":true,"href":"https:\/\/www.wojoer.de\/en\/wp-json\/wp\/v2\/product_tag?post=62153"}],"curies":[{"name":"wp","href":"https:\/\/api.w.org\/{rel}","templated":true}]}}