{"id":62210,"date":"2025-09-10T09:54:45","date_gmt":"2025-09-10T07:54:45","guid":{"rendered":"https:\/\/www.wojoer.de\/?post_type=product&#038;p=62210"},"modified":"2026-03-20T22:19:27","modified_gmt":"2026-03-20T21:19:27","slug":"neopren-string-2","status":"publish","type":"product","link":"https:\/\/www.wojoer.de\/en\/produkt\/neopren-string-2\/","title":{"rendered":"neopren string"},"content":{"rendered":"<p>Der Neopren String 309B7B geh\u00f6rt zu den Wojoer LIVE-Produkten. Das hei\u00dft, sie werden ab Bestellung bei uns produziert. Somit k\u00f6nnen wir auf Kundenw\u00fcnsche individuell eingehen.<\/p>\n<p>Erh\u00e4ltlich in den Farben \u00a0\u00a0 <img loading=\"lazy\" decoding=\"async\" class=\"alignnone size-full wp-image-6164\" src=\"http:\/\/www.wojoer.de\/wp-content\/uploads\/2017\/05\/wei\u00df.jpg\" alt=\"__wei\u00df\" width=\"9\" height=\"9\" \/> Wei\u00df | <img loading=\"lazy\" decoding=\"async\" class=\"alignnone size-full wp-image-6163\" src=\"http:\/\/www.wojoer.de\/wp-content\/uploads\/2017\/05\/schwarz.jpg\" alt=\"__schwarz\" width=\"9\" height=\"9\" \/> Schwarz | <a href=\"https:\/\/www.wojoer.de\/wp-content\/uploads\/2018\/08\/grau.jpg\"><img loading=\"lazy\" decoding=\"async\" class=\"alignnone size-full wp-image-32073\" src=\"https:\/\/www.wojoer.de\/wp-content\/uploads\/2018\/08\/grau.jpg\" alt=\"Farbe Grau\" width=\"9\" height=\"9\" \/><\/a> Tiatanio Grau | <a href=\"https:\/\/www.wojoer.de\/wp-content\/uploads\/2018\/08\/braun.jpg\"><img loading=\"lazy\" decoding=\"async\" class=\"alignnone size-full wp-image-32072\" src=\"https:\/\/www.wojoer.de\/wp-content\/uploads\/2018\/08\/braun.jpg\" alt=\"Farbe braun\" width=\"9\" height=\"9\" \/><\/a> Braun | <a href=\"https:\/\/www.wojoer.de\/wp-content\/uploads\/2018\/08\/olive_navi_moos.jpg\"><img loading=\"lazy\" decoding=\"async\" class=\"alignnone size-full wp-image-32074\" src=\"https:\/\/www.wojoer.de\/wp-content\/uploads\/2018\/08\/olive_navi_moos.jpg\" alt=\"Farbe Oliv\" width=\"9\" height=\"9\" \/><\/a> Navy | <a href=\"https:\/\/www.wojoer.de\/wp-content\/uploads\/2018\/04\/gruen.jpg\"><img loading=\"lazy\" decoding=\"async\" class=\"alignnone size-full wp-image-10032\" src=\"https:\/\/www.wojoer.de\/wp-content\/uploads\/2018\/04\/gruen.jpg\" alt=\"\" width=\"9\" height=\"9\" \/><\/a> Neongr\u00fcn\u00a0| <a href=\"https:\/\/www.wojoer.de\/wp-content\/uploads\/2018\/04\/neongelb.jpg\"><img loading=\"lazy\" decoding=\"async\" class=\"alignnone size-full wp-image-10035\" src=\"https:\/\/www.wojoer.de\/wp-content\/uploads\/2018\/04\/neongelb.jpg\" alt=\"\" width=\"9\" height=\"9\" \/><\/a> Neongelb | <a href=\"https:\/\/www.wojoer.de\/wp-content\/uploads\/2018\/04\/orange.jpg\"><img loading=\"lazy\" decoding=\"async\" class=\"alignnone size-full wp-image-10037\" src=\"https:\/\/www.wojoer.de\/wp-content\/uploads\/2018\/04\/orange.jpg\" alt=\"Farbe\" width=\"9\" height=\"9\" \/><\/a> orange| <a href=\"https:\/\/www.wojoer.de\/wp-content\/uploads\/2018\/04\/vulcano.jpg\"><img loading=\"lazy\" decoding=\"async\" class=\"alignnone size-full wp-image-10040\" src=\"https:\/\/www.wojoer.de\/wp-content\/uploads\/2018\/04\/vulcano.jpg\" alt=\"\" width=\"9\" height=\"9\" \/><\/a> Rot | <img loading=\"lazy\" decoding=\"async\" class=\"alignnone size-full wp-image-6156\" src=\"http:\/\/www.wojoer.de\/wp-content\/uploads\/2017\/05\/pink-1.jpg\" alt=\"pink\" width=\"9\" height=\"9\" \/> Neonpink | <a href=\"https:\/\/www.wojoer.de\/wp-content\/uploads\/2018\/04\/lila.jpg\"><img loading=\"lazy\" decoding=\"async\" class=\"alignnone size-full wp-image-10033\" src=\"https:\/\/www.wojoer.de\/wp-content\/uploads\/2018\/04\/lila.jpg\" alt=\"\" width=\"9\" height=\"9\" \/><\/a> Lila | <img loading=\"lazy\" decoding=\"async\" class=\"alignnone size-full wp-image-6157\" src=\"http:\/\/www.wojoer.de\/wp-content\/uploads\/2017\/05\/blau.jpg\" alt=\"__blau\" width=\"9\" height=\"9\" \/> Royalblau | <img loading=\"lazy\" decoding=\"async\" class=\"alignnone size-full wp-image-6158\" src=\"http:\/\/www.wojoer.de\/wp-content\/uploads\/2017\/05\/eisblau.jpg\" alt=\"__eisblau\" width=\"9\" height=\"9\" \/> Eisblau<\/p>\n<h3>Gr\u00f6\u00dfen<\/h3>\n<p>Erh\u00e4ltlich in den Gr\u00f6\u00dfen S, M, L, XL<\/p>\n<h3>Materialzusammensetzung<\/h3>\n<p>100% Glatthautneopren<\/p>\n<p>Innenkaschierung: 80% Polyamid, 20% Elasthan<\/p>\n<h3>Besonderheiten<\/h3>\n<p><a href=\"http:\/\/www.wojoer.de\/?s=LIVE&#038;post_type=product\">LIVE-Produkt<\/a> | elegant matte Oberfl\u00e4chenoptik | badetauglich | w\u00e4rmend | fest formendes Material | haut enge Passform\u00a0 | hochwertige Verarbeitung &#8220;Made in Germany&#8221;<\/p>\n<h3>Benutzerhinweise<\/h3>\n<p>Handw\u00e4sche | Neopren entwickelt Bewegungsfalten, wie gutes Leder und l\u00e4sst so nach und nach eine eigene Signatur eines jeden Tr\u00e4gers entstehen. Daher bitte druckgesch\u00fctzt und nicht zusammengelegt lagern und auf breite Kleiderb\u00fcgel aufziehen.<\/p>\n<h3>Achtung<\/h3>\n<p>Bei Retouren, m\u00fcssen die Neoprenprodukte ungeknickt und luftig verpackt zur\u00fcckgesendet werden, so wie die Ware erhalten wurde. Bei Druckstellen, die durch einen falschen Versand verursacht wurden, kann die Ware nicht zur\u00fcckgenommen werden.<\/p>\n<h3>NEOPREN &#8211; sportlicher String<\/h3>\n<p>So knapp war Neopren noch nie! Das sonst so klassisch sportlich wirkende Material wird mit diesem String in eine neue Klasse erhoben. Denn die hochwertige Verarbeitung mit einer speziell entwickelten Nahttechnik sorgt f\u00fcr eine markellose Passform. Dazu kommt das aufwendig in Deutschland gerfertigte Glatthautneopren, das diesen Badestring mit seiner matten, antazit changierenden Oberfl\u00e4che edel und gef\u00e4hrlich erotisch macht. Nicht zu vergessen ist der perfekte Tragecomfort druch die angnehme Innenkaschierung aus Jersey und das nur 2,5 mm d\u00fcnne Neopren.\u00a0Aber auch die Augen kommen auf ihre Kosten. Denn bei diesem Modell stehen weitere Hankycode &#8211; Farben zur Auswahl. Durch die farbigen Streifen wird also dem Gegen\u00fcber klar die sexuellen Neigungen aufgezeigt. Kurzum ist dieser String ein Allrounder f\u00fcr Strand, Bad, Bett und Club.<\/p>\n<p>&nbsp;<\/p>\n","protected":false},"excerpt":{"rendered":"<p>Der Neopren String 309B7B geh\u00f6rt zu den Wojoer LIVE-Produkten. Das hei\u00dft, sie werden ab Bestellung bei uns produziert. Somit k\u00f6nnen wir auf Kundenw\u00fcnsche individuell eingehen.<\/p>\n<p>Erh\u00e4ltlich in den Farben \u00a0\u00a0  Wei\u00df |  Schwarz |  Tiatanio Grau | \u2026<\/p>\n","protected":false},"featured_media":8262,"comment_status":"open","ping_status":"closed","template":"","meta":[],"product_brand":[1134],"product_cat":[112,115,311,473,195,326],"product_tag":[108,268,103,119],"class_list":{"0":"post-62210","1":"product","2":"type-product","3":"status-publish","4":"has-post-thumbnail","6":"product_brand-wojoer","7":"product_cat-309-neopren","8":"product_cat-beachwear","9":"product_cat-hankycode","10":"product_cat-men","11":"product_cat-produktion-auf-bestellung-liveproduktion","12":"product_cat-wojoer","13":"product_tag-1beachwear","14":"product_tag-farbcode","15":"product_tag-neopren","16":"product_tag-string","17":"product_shipping_class-neopren","18":"pa_farbe-eisblau","19":"pa_farbe-royalblau","20":"pa_farbe-braun","21":"pa_farbe-grau","22":"pa_farbe-lila","23":"pa_farbe-neongelb","24":"pa_farbe-neongruen","25":"pa_farbe-neonpink","26":"pa_farbe-olive","27":"pa_farbe-orange","28":"pa_farbe-rot","29":"pa_farbe-schwarz","30":"pa_farbe-weiss","31":"pa_groesse-l","32":"pa_groesse-m","33":"pa_groesse-s","34":"pa_groesse-xl","35":"pif-has-gallery","36":"post-1","37":"odd","39":"first","40":"instock","41":"taxable","42":"shipping-taxable","43":"purchasable","44":"product-type-variable","45":"has-default-attributes"},"yoast_head":"<!-- This site is optimized with the Yoast SEO plugin v27.2 - https:\/\/yoast.com\/product\/yoast-seo-wordpress\/ -->\n<title>neopren string | swim trunks Badehose | schwarz- farbig | WOJOER<\/title>\n<meta name=\"description\" content=\"Neopren ungewohnt knapp. Nicht nur das in Deutschland gefertigte Glatthautneopren ist ungewohnt erotisch, auch die Best-Fit-Verarbeitung ist \u00fcberzeugend\" \/>\n<meta name=\"robots\" content=\"index, follow, max-snippet:-1, max-image-preview:large, max-video-preview:-1\" \/>\n<link rel=\"canonical\" href=\"https:\/\/www.wojoer.de\/en\/produkt\/neopren-string-2\/\" \/>\n<meta name=\"twitter:card\" content=\"summary_large_image\" \/>\n<meta name=\"twitter:title\" content=\"neopren string | swim trunks Badehose | schwarz- farbig | WOJOER\" \/>\n<meta name=\"twitter:description\" content=\"Neopren ungewohnt knapp. Nicht nur das in Deutschland gefertigte Glatthautneopren ist ungewohnt erotisch, auch die Best-Fit-Verarbeitung ist \u00fcberzeugend\" \/>\n<meta name=\"twitter:image\" content=\"https:\/\/www.wojoer.de\/wp-content\/uploads\/2017\/12\/309B7_neopren_string_neonblau_side_wojoer_.jpg\" \/>\n<meta name=\"twitter:label1\" content=\"Estimated reading time\" \/>\n\t<meta name=\"twitter:data1\" content=\"5 minutes\" \/>\n<script type=\"application\/ld+json\" class=\"yoast-schema-graph\">{\"@context\":\"https:\/\/schema.org\",\"@graph\":[{\"@type\":\"WebPage\",\"@id\":\"https:\/\/www.wojoer.de\/produkt\/neopren-string-2\/\",\"url\":\"https:\/\/www.wojoer.de\/produkt\/neopren-string-2\/\",\"name\":\"neopren string | swim trunks Badehose | schwarz- farbig | WOJOER\",\"isPartOf\":{\"@id\":\"https:\/\/www.wojoer.de\/#website\"},\"primaryImageOfPage\":{\"@id\":\"https:\/\/www.wojoer.de\/produkt\/neopren-string-2\/#primaryimage\"},\"image\":{\"@id\":\"https:\/\/www.wojoer.de\/produkt\/neopren-string-2\/#primaryimage\"},\"thumbnailUrl\":\"https:\/\/www.wojoer.de\/wp-content\/uploads\/2017\/12\/309B7_neopren_string_neonblau_side_wojoer_.jpg\",\"datePublished\":\"2025-09-10T07:54:45+00:00\",\"dateModified\":\"2026-03-20T21:19:27+00:00\",\"description\":\"Neopren ungewohnt knapp. Nicht nur das in Deutschland gefertigte Glatthautneopren ist ungewohnt erotisch, auch die Best-Fit-Verarbeitung ist \u00fcberzeugend\",\"breadcrumb\":{\"@id\":\"https:\/\/www.wojoer.de\/produkt\/neopren-string-2\/#breadcrumb\"},\"inLanguage\":\"en-GB\",\"potentialAction\":[{\"@type\":\"ReadAction\",\"target\":[\"https:\/\/www.wojoer.de\/produkt\/neopren-string-2\/\"]}]},{\"@type\":\"ImageObject\",\"inLanguage\":\"en-GB\",\"@id\":\"https:\/\/www.wojoer.de\/produkt\/neopren-string-2\/#primaryimage\",\"url\":\"https:\/\/www.wojoer.de\/wp-content\/uploads\/2017\/12\/309B7_neopren_string_neonblau_side_wojoer_.jpg\",\"contentUrl\":\"https:\/\/www.wojoer.de\/wp-content\/uploads\/2017\/12\/309B7_neopren_string_neonblau_side_wojoer_.jpg\",\"width\":2002,\"height\":2002,\"caption\":\"Bade String, Neopren String, Glatthautneopren, erotischer String, M\u00e4nnerstring, eis blau\"},{\"@type\":\"BreadcrumbList\",\"@id\":\"https:\/\/www.wojoer.de\/produkt\/neopren-string-2\/#breadcrumb\",\"itemListElement\":[{\"@type\":\"ListItem\",\"position\":1,\"name\":\"Startseite\",\"item\":\"https:\/\/www.wojoer.de\/\"},{\"@type\":\"ListItem\",\"position\":2,\"name\":\"SHOP\",\"item\":\"https:\/\/www.wojoer.de\/shop\/\"},{\"@type\":\"ListItem\",\"position\":3,\"name\":\"neopren string\"}]},{\"@type\":\"WebSite\",\"@id\":\"https:\/\/www.wojoer.de\/#website\",\"url\":\"https:\/\/www.wojoer.de\/\",\"name\":\"WOJOER\",\"description\":\"clubwear for men\",\"publisher\":{\"@id\":\"https:\/\/www.wojoer.de\/#organization\"},\"potentialAction\":[{\"@type\":\"SearchAction\",\"target\":{\"@type\":\"EntryPoint\",\"urlTemplate\":\"https:\/\/www.wojoer.de\/?s={search_term_string}\"},\"query-input\":{\"@type\":\"PropertyValueSpecification\",\"valueRequired\":true,\"valueName\":\"search_term_string\"}}],\"inLanguage\":\"en-GB\"},{\"@type\":\"Organization\",\"@id\":\"https:\/\/www.wojoer.de\/#organization\",\"name\":\"Wonneberger-Manufaktur\",\"url\":\"https:\/\/www.wojoer.de\/\",\"logo\":{\"@type\":\"ImageObject\",\"inLanguage\":\"en-GB\",\"@id\":\"https:\/\/www.wojoer.de\/#\/schema\/logo\/image\/\",\"url\":\"https:\/\/www.wojoer.de\/wp-content\/uploads\/2016\/11\/wonnebergermanufaktur_logo_BUTTON.png\",\"contentUrl\":\"https:\/\/www.wojoer.de\/wp-content\/uploads\/2016\/11\/wonnebergermanufaktur_logo_BUTTON.png\",\"width\":765,\"height\":765,\"caption\":\"Wonneberger-Manufaktur\"},\"image\":{\"@id\":\"https:\/\/www.wojoer.de\/#\/schema\/logo\/image\/\"},\"sameAs\":[\"https:\/\/www.facebook.com\/wojoer\/\",\"https:\/\/de.pinterest.com\/W0J0ER\/\"]}]}<\/script>\n<!-- \/ Yoast SEO plugin. -->","yoast_head_json":{"title":"neopren string | swim trunks Badehose | schwarz- farbig | WOJOER","description":"Neopren ungewohnt knapp. Nicht nur das in Deutschland gefertigte Glatthautneopren ist ungewohnt erotisch, auch die Best-Fit-Verarbeitung ist \u00fcberzeugend","robots":{"index":"index","follow":"follow","max-snippet":"max-snippet:-1","max-image-preview":"max-image-preview:large","max-video-preview":"max-video-preview:-1"},"canonical":"https:\/\/www.wojoer.de\/en\/produkt\/neopren-string-2\/","twitter_card":"summary_large_image","twitter_title":"[:de]neopren string | swim trunks Badehose | schwarz- farbig | WOJOER[:]","twitter_description":"[:de]Neopren ungewohnt knapp. Nicht nur das in Deutschland gefertigte Glatthautneopren ist ungewohnt erotisch, auch die Best-Fit-Verarbeitung ist \u00fcberzeugend[:]","twitter_image":"https:\/\/www.wojoer.de\/wp-content\/uploads\/2017\/12\/309B7_neopren_string_neonblau_side_wojoer_.jpg","twitter_misc":{"Estimated reading time":"5 minutes"},"schema":{"@context":"https:\/\/schema.org","@graph":[{"@type":"WebPage","@id":"https:\/\/www.wojoer.de\/produkt\/neopren-string-2\/","url":"https:\/\/www.wojoer.de\/produkt\/neopren-string-2\/","name":"neopren string | swim trunks Badehose | schwarz- farbig | WOJOER","isPartOf":{"@id":"https:\/\/www.wojoer.de\/#website"},"primaryImageOfPage":{"@id":"https:\/\/www.wojoer.de\/produkt\/neopren-string-2\/#primaryimage"},"image":{"@id":"https:\/\/www.wojoer.de\/produkt\/neopren-string-2\/#primaryimage"},"thumbnailUrl":"https:\/\/www.wojoer.de\/wp-content\/uploads\/2017\/12\/309B7_neopren_string_neonblau_side_wojoer_.jpg","datePublished":"2025-09-10T07:54:45+00:00","dateModified":"2026-03-20T21:19:27+00:00","description":"Neopren ungewohnt knapp. Nicht nur das in Deutschland gefertigte Glatthautneopren ist ungewohnt erotisch, auch die Best-Fit-Verarbeitung ist \u00fcberzeugend","breadcrumb":{"@id":"https:\/\/www.wojoer.de\/produkt\/neopren-string-2\/#breadcrumb"},"inLanguage":"en-GB","potentialAction":[{"@type":"ReadAction","target":["https:\/\/www.wojoer.de\/produkt\/neopren-string-2\/"]}]},{"@type":"ImageObject","inLanguage":"en-GB","@id":"https:\/\/www.wojoer.de\/produkt\/neopren-string-2\/#primaryimage","url":"https:\/\/www.wojoer.de\/wp-content\/uploads\/2017\/12\/309B7_neopren_string_neonblau_side_wojoer_.jpg","contentUrl":"https:\/\/www.wojoer.de\/wp-content\/uploads\/2017\/12\/309B7_neopren_string_neonblau_side_wojoer_.jpg","width":2002,"height":2002,"caption":"Bade String, Neopren String, Glatthautneopren, erotischer String, M\u00e4nnerstring, eis blau"},{"@type":"BreadcrumbList","@id":"https:\/\/www.wojoer.de\/produkt\/neopren-string-2\/#breadcrumb","itemListElement":[{"@type":"ListItem","position":1,"name":"Startseite","item":"https:\/\/www.wojoer.de\/"},{"@type":"ListItem","position":2,"name":"SHOP","item":"https:\/\/www.wojoer.de\/shop\/"},{"@type":"ListItem","position":3,"name":"neopren string"}]},{"@type":"WebSite","@id":"https:\/\/www.wojoer.de\/#website","url":"https:\/\/www.wojoer.de\/","name":"WOJOER","description":"clubwear for men","publisher":{"@id":"https:\/\/www.wojoer.de\/#organization"},"potentialAction":[{"@type":"SearchAction","target":{"@type":"EntryPoint","urlTemplate":"https:\/\/www.wojoer.de\/?s={search_term_string}"},"query-input":{"@type":"PropertyValueSpecification","valueRequired":true,"valueName":"search_term_string"}}],"inLanguage":"en-GB"},{"@type":"Organization","@id":"https:\/\/www.wojoer.de\/#organization","name":"Wonneberger-Manufaktur","url":"https:\/\/www.wojoer.de\/","logo":{"@type":"ImageObject","inLanguage":"en-GB","@id":"https:\/\/www.wojoer.de\/#\/schema\/logo\/image\/","url":"https:\/\/www.wojoer.de\/wp-content\/uploads\/2016\/11\/wonnebergermanufaktur_logo_BUTTON.png","contentUrl":"https:\/\/www.wojoer.de\/wp-content\/uploads\/2016\/11\/wonnebergermanufaktur_logo_BUTTON.png","width":765,"height":765,"caption":"Wonneberger-Manufaktur"},"image":{"@id":"https:\/\/www.wojoer.de\/#\/schema\/logo\/image\/"},"sameAs":["https:\/\/www.facebook.com\/wojoer\/","https:\/\/de.pinterest.com\/W0J0ER\/"]}]}},"_links":{"self":[{"href":"https:\/\/www.wojoer.de\/en\/wp-json\/wp\/v2\/product\/62210","targetHints":{"allow":["GET"]}}],"collection":[{"href":"https:\/\/www.wojoer.de\/en\/wp-json\/wp\/v2\/product"}],"about":[{"href":"https:\/\/www.wojoer.de\/en\/wp-json\/wp\/v2\/types\/product"}],"replies":[{"embeddable":true,"href":"https:\/\/www.wojoer.de\/en\/wp-json\/wp\/v2\/comments?post=62210"}],"wp:featuredmedia":[{"embeddable":true,"href":"https:\/\/www.wojoer.de\/en\/wp-json\/wp\/v2\/media\/8262"}],"wp:attachment":[{"href":"https:\/\/www.wojoer.de\/en\/wp-json\/wp\/v2\/media?parent=62210"}],"wp:term":[{"taxonomy":"product_brand","embeddable":true,"href":"https:\/\/www.wojoer.de\/en\/wp-json\/wp\/v2\/product_brand?post=62210"},{"taxonomy":"product_cat","embeddable":true,"href":"https:\/\/www.wojoer.de\/en\/wp-json\/wp\/v2\/product_cat?post=62210"},{"taxonomy":"product_tag","embeddable":true,"href":"https:\/\/www.wojoer.de\/en\/wp-json\/wp\/v2\/product_tag?post=62210"}],"curies":[{"name":"wp","href":"https:\/\/api.w.org\/{rel}","templated":true}]}}