{"id":6243,"date":"2017-06-09T12:05:08","date_gmt":"2017-06-09T10:05:08","guid":{"rendered":"http:\/\/www.wojoer.de\/produkt\/synlex-letherlike-kapuzen-shirt\/"},"modified":"2025-04-07T12:21:38","modified_gmt":"2025-04-07T10:21:38","slug":"synlex-letherlike-kapuzen-shirt","status":"publish","type":"product","link":"https:\/\/www.wojoer.de\/en\/produkt\/synlex-letherlike-kapuzen-shirt\/","title":{"rendered":"SYNLEX\u00b3 SHIRT Wunschfarbe 331WTX2ONLY"},"content":{"rendered":"<p>Schwarzes mattes letherlike Kapuzen-Shirt SYNLEX\u00b3 331WTX2ONLY gibt es in 8 individuellen Nahtf\u00e4den.<\/p>\n<p><img loading=\"lazy\" decoding=\"async\" class=\"alignnone size-full wp-image-6164\" src=\"http:\/\/www.wojoer.de\/wp-content\/uploads\/2017\/05\/wei\u00df.jpg\" alt=\"__wei\u00df\" width=\"9\" height=\"9\" \/> Wei\u00df | <img loading=\"lazy\" decoding=\"async\" class=\"alignnone size-full wp-image-6163\" src=\"http:\/\/www.wojoer.de\/wp-content\/uploads\/2017\/05\/schwarz.jpg\" alt=\"__schwarz\" width=\"9\" height=\"9\" \/> Schwarz | <img loading=\"lazy\" decoding=\"async\" class=\"alignnone size-full wp-image-6156\" src=\"http:\/\/www.wojoer.de\/wp-content\/uploads\/2017\/05\/pink-1.jpg\" alt=\"pink\" width=\"9\" height=\"9\" \/> Pink | <img loading=\"lazy\" decoding=\"async\" class=\"alignnone size-full wp-image-6160\" src=\"http:\/\/www.wojoer.de\/wp-content\/uploads\/2017\/05\/lila.jpg\" alt=\"__lila\" width=\"9\" height=\"9\" \/> Lila | <img loading=\"lazy\" decoding=\"async\" class=\"alignnone size-full wp-image-6157\" src=\"http:\/\/www.wojoer.de\/wp-content\/uploads\/2017\/05\/blau.jpg\" alt=\"__blau\" width=\"9\" height=\"9\" \/> Blau | <img loading=\"lazy\" decoding=\"async\" class=\"alignnone size-full wp-image-6158\" src=\"http:\/\/www.wojoer.de\/wp-content\/uploads\/2017\/05\/eisblau.jpg\" alt=\"__eisblau\" width=\"9\" height=\"9\" \/> Eisblau | <img loading=\"lazy\" decoding=\"async\" class=\"alignnone size-full wp-image-6159\" src=\"http:\/\/www.wojoer.de\/wp-content\/uploads\/2017\/05\/gruen.jpg\" alt=\"__gruen\" width=\"9\" height=\"9\" \/> Gr\u00fcn | <img loading=\"lazy\" decoding=\"async\" class=\"alignnone size-full wp-image-6161\" src=\"http:\/\/www.wojoer.de\/wp-content\/uploads\/2017\/05\/orange.jpg\" alt=\"__orange\" width=\"9\" height=\"9\" \/> Orange<\/p>\n<p>Mit dieser riesen Auswahl geh\u00f6rt sie in die Kategorie &#8220;Only For Me&#8221;. Nur du entscheidest, welchen denzenten Farbklang dein Synlex tr\u00e4gt.<\/p>\n<p>Der <a href=\"http:\/\/www.wojoer.de\/produkt\/synlex-schwarz-mattes-kapuzen-shirt\/\">SYNLEX SHIRT in Gelb oder Rot<\/a> geh\u00f6rt so zu den Wojoer Standarts und ist daher unter den Liveprodukten bei der <a href=\"http:\/\/www.wojoer.de\/produkt-schlagwort\/synthetischesLatex\/\">Clubwear<\/a> zu finden<\/p>\n<h3>Gr\u00f6\u00dfen<\/h3>\n<p>Erh\u00e4ltlich in den Gr\u00f6\u00dfen S, M, L, XL<\/p>\n<h3>Materialzusammensetzung<\/h3>\n<p>Synlex, sehr d\u00fcnnes und dehnbares Lederimitat: 76% Polyesther\u00a0 16% Polyurethan 8% Elasthan<\/p>\n<h3>Besonderheiten<\/h3>\n<p><a href=\"http:\/\/www.wojoer.de\/?s=ofm&#038;post_type=product\">ONLY FOR ME Produkt<\/a> | besonders feines, mattes, dehnbares Kunstleder, fast gummiartig | M\u00f6nchs-Kapuze | hautenge Passform | Ziern\u00e4hte in deiner Wunschfarbe | hochwertige Verarbeitung &#8220;Made in Germany&#8221;<\/p>\n<h3>Benutzerhinweise<\/h3>\n<p>30\u00b0 Schonw\u00e4sche<\/p>\n<h3>SYNLEX SHIRT- schwarz mattes letherlike Kapuzen-Shirt<\/h3>\n<p>Das Synlex Shirt ist wahnsinnig erotisch, durch seine Slim-Fit-Passform und der entgegengesetzten weiten Gangsterkapuze. So legt es sich um den Hals prickelnd eng, wohingegen das Gesicht mit gro\u00dfz\u00fcgiger Dunkelheit umh\u00fcllt werden kann. Dar\u00fcber hinaus ist Synlex als\u00a0 <a href=\"http:\/\/www.wojoer.de\/produkt\/synlex-schwarz-mattes-letherlike-outfit-rot\/\">Ganzk\u00f6rper Outfit<\/a> atemberaubend d\u00fcster.<\/p>\n<p>SYNLEX, steht f\u00fcr synthetischen Latex.<\/p>\n<p>Ein so verrucht mattes und anschmiegsames Material hattest du noch nie auf deiner Haut. Denn im Gegensatz zu Natur Latex ist es vollkommen \u00d6l- und Wasserbest\u00e4ndig. Zudem genie\u00dft du von Au\u00dfen die optischen und haptischen Vorz\u00fcge von mattem Rubber und von innen schmeichelt ein feiner, weicher Jerseystoff deiner Haut. Das Gef\u00fchl des Schwitzens wird optimal minimiert. Mit anderen Worten lassen die matte Oberfl\u00e4che und die perfekte Passform deinen Oberk\u00f6rper mit ihm verschmelzen. Die Optik ist scheinbar unauff\u00e4llig, genau wie ein lauerndes Raubtier in der Dunkelheit. So wirst nicht nur du dich von SYNLEX magisch angezogen f\u00fchlen. Dein Gegen\u00fcber wird sogleich ohnm\u00e4chtig vor Entz\u00fccken. Wie gefr\u00e4\u00dfig deine Lust ist, deutet die gew\u00e4hlte Farbe der Ziern\u00e4hte an. Und mit der Kapuze bist du sofort wieder im Zwielicht verschwunden, bevor jemand auch nur bemerkt, dass du gekommen bist.<\/p>\n<p>&nbsp;<\/p>\n","protected":false},"excerpt":{"rendered":"<p>Schwarzes mattes letherlike Kapuzen-Shirt SYNLEX\u00b3 331WTX2ONLY gibt es in 8 individuellen Nahtf\u00e4den.<\/p>\n<p> Wei\u00df |  Schwarz |  Pink |  Lila |  Blau |  Eisblau |  Gr\u00fcn |  Orange<\/p>\n<p>Mit dieser riesen Auswahl geh\u00f6rt sie in\u2026<\/p>\n","protected":false},"featured_media":6049,"comment_status":"open","ping_status":"closed","template":"","meta":[],"product_brand":[],"product_cat":[805,311,473,270,326],"product_tag":[250,268,856],"class_list":{"0":"post-6243","1":"product","2":"type-product","3":"status-publish","4":"has-post-thumbnail","6":"product_cat-331-synlex","7":"product_cat-hankycode","8":"product_cat-men","9":"product_cat-onlyforme","10":"product_cat-wojoer","11":"product_tag-funktion","12":"product_tag-farbcode","13":"product_tag-shirt","14":"product_shipping_class-beun","15":"pa_farbe-blau","16":"pa_farbe-eisblau","17":"pa_farbe-gruen","18":"pa_farbe-lila","19":"pa_farbe-orange","20":"pa_farbe-pink","21":"pa_farbe-schwarz","22":"pa_farbe-weiss","23":"pa_groesse-l","24":"pa_groesse-m","25":"pa_groesse-s","26":"pa_groesse-xl","27":"pif-has-gallery","28":"post-1","29":"odd","31":"first","32":"onbackorder","33":"featured","34":"taxable","35":"shipping-taxable","36":"purchasable","37":"product-type-variable"},"yoast_head":"<!-- This site is optimized with the Yoast SEO plugin v27.2 - https:\/\/yoast.com\/product\/yoast-seo-wordpress\/ -->\n<title>schwarzes letherlike Kapuzen-Shirt | SYNLEX | mit Kapuze<\/title>\n<meta name=\"description\" content=\"schwarzes letherlike Kapuzen-Shirt. Besonders geschmeidig d\u00fcnnes Synlex-Material. Mit praktischem Eingriff. N\u00e4hte in deiner Wunschfarbe.\" \/>\n<meta name=\"robots\" content=\"index, follow, max-snippet:-1, max-image-preview:large, max-video-preview:-1\" \/>\n<link rel=\"canonical\" href=\"https:\/\/www.wojoer.de\/en\/produkt\/synlex-letherlike-kapuzen-shirt\/\" \/>\n<meta name=\"twitter:card\" content=\"summary_large_image\" \/>\n<meta name=\"twitter:title\" content=\"schwarzes letherlike Kapuzen-Shirt | SYNLEX | mit Kapuze\" \/>\n<meta name=\"twitter:description\" content=\"schwarzes letherlike Kapuzen-Shirt. Besonders geschmeidig d\u00fcnnes Synlex-Material. Mit praktischem Eingriff. N\u00e4hte in deiner Wunschfarbe.\" \/>\n<meta name=\"twitter:image\" content=\"https:\/\/www.wojoer.de\/wp-content\/uploads\/2017\/05\/331WTX2_synlex_shirt_rot_side_wojoer_-1.jpg\" \/>\n<meta name=\"twitter:label1\" content=\"Estimated reading time\" \/>\n\t<meta name=\"twitter:data1\" content=\"2 minutes\" \/>\n<script type=\"application\/ld+json\" class=\"yoast-schema-graph\">{\"@context\":\"https:\/\/schema.org\",\"@graph\":[{\"@type\":\"WebPage\",\"@id\":\"https:\/\/www.wojoer.de\/produkt\/synlex-letherlike-kapuzen-shirt\/\",\"url\":\"https:\/\/www.wojoer.de\/produkt\/synlex-letherlike-kapuzen-shirt\/\",\"name\":\"schwarzes letherlike Kapuzen-Shirt | SYNLEX | mit Kapuze\",\"isPartOf\":{\"@id\":\"https:\/\/www.wojoer.de\/#website\"},\"primaryImageOfPage\":{\"@id\":\"https:\/\/www.wojoer.de\/produkt\/synlex-letherlike-kapuzen-shirt\/#primaryimage\"},\"image\":{\"@id\":\"https:\/\/www.wojoer.de\/produkt\/synlex-letherlike-kapuzen-shirt\/#primaryimage\"},\"thumbnailUrl\":\"https:\/\/www.wojoer.de\/wp-content\/uploads\/2017\/05\/331WTX2_synlex_shirt_rot_side_wojoer_-1.jpg\",\"datePublished\":\"2017-06-09T10:05:08+00:00\",\"dateModified\":\"2025-04-07T10:21:38+00:00\",\"description\":\"schwarzes letherlike Kapuzen-Shirt. Besonders geschmeidig d\u00fcnnes Synlex-Material. Mit praktischem Eingriff. N\u00e4hte in deiner Wunschfarbe.\",\"breadcrumb\":{\"@id\":\"https:\/\/www.wojoer.de\/produkt\/synlex-letherlike-kapuzen-shirt\/#breadcrumb\"},\"inLanguage\":\"en-GB\",\"potentialAction\":[{\"@type\":\"ReadAction\",\"target\":[\"https:\/\/www.wojoer.de\/produkt\/synlex-letherlike-kapuzen-shirt\/\"]}]},{\"@type\":\"ImageObject\",\"inLanguage\":\"en-GB\",\"@id\":\"https:\/\/www.wojoer.de\/produkt\/synlex-letherlike-kapuzen-shirt\/#primaryimage\",\"url\":\"https:\/\/www.wojoer.de\/wp-content\/uploads\/2017\/05\/331WTX2_synlex_shirt_rot_side_wojoer_-1.jpg\",\"contentUrl\":\"https:\/\/www.wojoer.de\/wp-content\/uploads\/2017\/05\/331WTX2_synlex_shirt_rot_side_wojoer_-1.jpg\",\"width\":2002,\"height\":2002,\"caption\":\"schwarzes letherlike Kapuzen-Shirt, schwarz mattes Kunstleder Kapuzen-Shirt, schwarzes Shirt mit mattem kunstleder, Synlex, mattes Lederimitat, super dehnbares Letherlike, fein d\u00fcnnes Kunstleder, schwarz, Clubwear, Shirt, Kapuzenshirt\"},{\"@type\":\"BreadcrumbList\",\"@id\":\"https:\/\/www.wojoer.de\/produkt\/synlex-letherlike-kapuzen-shirt\/#breadcrumb\",\"itemListElement\":[{\"@type\":\"ListItem\",\"position\":1,\"name\":\"Startseite\",\"item\":\"https:\/\/www.wojoer.de\/\"},{\"@type\":\"ListItem\",\"position\":2,\"name\":\"SHOP\",\"item\":\"https:\/\/www.wojoer.de\/shop\/\"},{\"@type\":\"ListItem\",\"position\":3,\"name\":\"SYNLEX\u00b3 SHIRT Wunschfarbe 331WTX2ONLY\"}]},{\"@type\":\"WebSite\",\"@id\":\"https:\/\/www.wojoer.de\/#website\",\"url\":\"https:\/\/www.wojoer.de\/\",\"name\":\"WOJOER\",\"description\":\"clubwear for men\",\"publisher\":{\"@id\":\"https:\/\/www.wojoer.de\/#organization\"},\"potentialAction\":[{\"@type\":\"SearchAction\",\"target\":{\"@type\":\"EntryPoint\",\"urlTemplate\":\"https:\/\/www.wojoer.de\/?s={search_term_string}\"},\"query-input\":{\"@type\":\"PropertyValueSpecification\",\"valueRequired\":true,\"valueName\":\"search_term_string\"}}],\"inLanguage\":\"en-GB\"},{\"@type\":\"Organization\",\"@id\":\"https:\/\/www.wojoer.de\/#organization\",\"name\":\"Wonneberger-Manufaktur\",\"url\":\"https:\/\/www.wojoer.de\/\",\"logo\":{\"@type\":\"ImageObject\",\"inLanguage\":\"en-GB\",\"@id\":\"https:\/\/www.wojoer.de\/#\/schema\/logo\/image\/\",\"url\":\"https:\/\/www.wojoer.de\/wp-content\/uploads\/2016\/11\/wonnebergermanufaktur_logo_BUTTON.png\",\"contentUrl\":\"https:\/\/www.wojoer.de\/wp-content\/uploads\/2016\/11\/wonnebergermanufaktur_logo_BUTTON.png\",\"width\":765,\"height\":765,\"caption\":\"Wonneberger-Manufaktur\"},\"image\":{\"@id\":\"https:\/\/www.wojoer.de\/#\/schema\/logo\/image\/\"},\"sameAs\":[\"https:\/\/www.facebook.com\/wojoer\/\",\"https:\/\/de.pinterest.com\/W0J0ER\/\"]}]}<\/script>\n<!-- \/ Yoast SEO plugin. -->","yoast_head_json":{"title":"schwarzes letherlike Kapuzen-Shirt | SYNLEX | mit Kapuze","description":"schwarzes letherlike Kapuzen-Shirt. Besonders geschmeidig d\u00fcnnes Synlex-Material. Mit praktischem Eingriff. N\u00e4hte in deiner Wunschfarbe.","robots":{"index":"index","follow":"follow","max-snippet":"max-snippet:-1","max-image-preview":"max-image-preview:large","max-video-preview":"max-video-preview:-1"},"canonical":"https:\/\/www.wojoer.de\/en\/produkt\/synlex-letherlike-kapuzen-shirt\/","twitter_card":"summary_large_image","twitter_title":"schwarzes letherlike Kapuzen-Shirt | SYNLEX | mit Kapuze","twitter_description":"schwarzes letherlike Kapuzen-Shirt. Besonders geschmeidig d\u00fcnnes Synlex-Material. Mit praktischem Eingriff. N\u00e4hte in deiner Wunschfarbe.","twitter_image":"https:\/\/www.wojoer.de\/wp-content\/uploads\/2017\/05\/331WTX2_synlex_shirt_rot_side_wojoer_-1.jpg","twitter_misc":{"Estimated reading time":"2 minutes"},"schema":{"@context":"https:\/\/schema.org","@graph":[{"@type":"WebPage","@id":"https:\/\/www.wojoer.de\/produkt\/synlex-letherlike-kapuzen-shirt\/","url":"https:\/\/www.wojoer.de\/produkt\/synlex-letherlike-kapuzen-shirt\/","name":"schwarzes letherlike Kapuzen-Shirt | SYNLEX | mit Kapuze","isPartOf":{"@id":"https:\/\/www.wojoer.de\/#website"},"primaryImageOfPage":{"@id":"https:\/\/www.wojoer.de\/produkt\/synlex-letherlike-kapuzen-shirt\/#primaryimage"},"image":{"@id":"https:\/\/www.wojoer.de\/produkt\/synlex-letherlike-kapuzen-shirt\/#primaryimage"},"thumbnailUrl":"https:\/\/www.wojoer.de\/wp-content\/uploads\/2017\/05\/331WTX2_synlex_shirt_rot_side_wojoer_-1.jpg","datePublished":"2017-06-09T10:05:08+00:00","dateModified":"2025-04-07T10:21:38+00:00","description":"schwarzes letherlike Kapuzen-Shirt. Besonders geschmeidig d\u00fcnnes Synlex-Material. Mit praktischem Eingriff. N\u00e4hte in deiner Wunschfarbe.","breadcrumb":{"@id":"https:\/\/www.wojoer.de\/produkt\/synlex-letherlike-kapuzen-shirt\/#breadcrumb"},"inLanguage":"en-GB","potentialAction":[{"@type":"ReadAction","target":["https:\/\/www.wojoer.de\/produkt\/synlex-letherlike-kapuzen-shirt\/"]}]},{"@type":"ImageObject","inLanguage":"en-GB","@id":"https:\/\/www.wojoer.de\/produkt\/synlex-letherlike-kapuzen-shirt\/#primaryimage","url":"https:\/\/www.wojoer.de\/wp-content\/uploads\/2017\/05\/331WTX2_synlex_shirt_rot_side_wojoer_-1.jpg","contentUrl":"https:\/\/www.wojoer.de\/wp-content\/uploads\/2017\/05\/331WTX2_synlex_shirt_rot_side_wojoer_-1.jpg","width":2002,"height":2002,"caption":"schwarzes letherlike Kapuzen-Shirt, schwarz mattes Kunstleder Kapuzen-Shirt, schwarzes Shirt mit mattem kunstleder, Synlex, mattes Lederimitat, super dehnbares Letherlike, fein d\u00fcnnes Kunstleder, schwarz, Clubwear, Shirt, Kapuzenshirt"},{"@type":"BreadcrumbList","@id":"https:\/\/www.wojoer.de\/produkt\/synlex-letherlike-kapuzen-shirt\/#breadcrumb","itemListElement":[{"@type":"ListItem","position":1,"name":"Startseite","item":"https:\/\/www.wojoer.de\/"},{"@type":"ListItem","position":2,"name":"SHOP","item":"https:\/\/www.wojoer.de\/shop\/"},{"@type":"ListItem","position":3,"name":"SYNLEX\u00b3 SHIRT Wunschfarbe 331WTX2ONLY"}]},{"@type":"WebSite","@id":"https:\/\/www.wojoer.de\/#website","url":"https:\/\/www.wojoer.de\/","name":"WOJOER","description":"clubwear for men","publisher":{"@id":"https:\/\/www.wojoer.de\/#organization"},"potentialAction":[{"@type":"SearchAction","target":{"@type":"EntryPoint","urlTemplate":"https:\/\/www.wojoer.de\/?s={search_term_string}"},"query-input":{"@type":"PropertyValueSpecification","valueRequired":true,"valueName":"search_term_string"}}],"inLanguage":"en-GB"},{"@type":"Organization","@id":"https:\/\/www.wojoer.de\/#organization","name":"Wonneberger-Manufaktur","url":"https:\/\/www.wojoer.de\/","logo":{"@type":"ImageObject","inLanguage":"en-GB","@id":"https:\/\/www.wojoer.de\/#\/schema\/logo\/image\/","url":"https:\/\/www.wojoer.de\/wp-content\/uploads\/2016\/11\/wonnebergermanufaktur_logo_BUTTON.png","contentUrl":"https:\/\/www.wojoer.de\/wp-content\/uploads\/2016\/11\/wonnebergermanufaktur_logo_BUTTON.png","width":765,"height":765,"caption":"Wonneberger-Manufaktur"},"image":{"@id":"https:\/\/www.wojoer.de\/#\/schema\/logo\/image\/"},"sameAs":["https:\/\/www.facebook.com\/wojoer\/","https:\/\/de.pinterest.com\/W0J0ER\/"]}]}},"_links":{"self":[{"href":"https:\/\/www.wojoer.de\/en\/wp-json\/wp\/v2\/product\/6243","targetHints":{"allow":["GET"]}}],"collection":[{"href":"https:\/\/www.wojoer.de\/en\/wp-json\/wp\/v2\/product"}],"about":[{"href":"https:\/\/www.wojoer.de\/en\/wp-json\/wp\/v2\/types\/product"}],"replies":[{"embeddable":true,"href":"https:\/\/www.wojoer.de\/en\/wp-json\/wp\/v2\/comments?post=6243"}],"wp:featuredmedia":[{"embeddable":true,"href":"https:\/\/www.wojoer.de\/en\/wp-json\/wp\/v2\/media\/6049"}],"wp:attachment":[{"href":"https:\/\/www.wojoer.de\/en\/wp-json\/wp\/v2\/media?parent=6243"}],"wp:term":[{"taxonomy":"product_brand","embeddable":true,"href":"https:\/\/www.wojoer.de\/en\/wp-json\/wp\/v2\/product_brand?post=6243"},{"taxonomy":"product_cat","embeddable":true,"href":"https:\/\/www.wojoer.de\/en\/wp-json\/wp\/v2\/product_cat?post=6243"},{"taxonomy":"product_tag","embeddable":true,"href":"https:\/\/www.wojoer.de\/en\/wp-json\/wp\/v2\/product_tag?post=6243"}],"curies":[{"name":"wp","href":"https:\/\/api.w.org\/{rel}","templated":true}]}}