{"id":62526,"date":"2025-12-09T15:20:28","date_gmt":"2025-12-09T14:20:28","guid":{"rendered":"https:\/\/www.wojoer.de\/?post_type=product&#038;p=62526"},"modified":"2026-04-07T00:28:36","modified_gmt":"2026-04-06T22:28:36","slug":"wetlook-gold-mini-push-string","status":"publish","type":"product","link":"https:\/\/www.wojoer.de\/en\/produkt\/wetlook-gold-mini-push-string\/","title":{"rendered":"Wetlook Gold Push Mini String"},"content":{"rendered":"<p>Produktion auf Bestellung, denn der Wetlook Gold Push Mini String 0100-S015 geh\u00f6rt in die Kategorie: Wojoer &#8220;NOS&#8221;!<\/p>\n<h3>Gr\u00f6\u00dfen<\/h3>\n<p>Erh\u00e4ltlich in den Gr\u00f6\u00dfen S, M, L, XL, XXL, XXXL<\/p>\n<h3>Materialzusammensetzung<\/h3>\n<p>95% Polyester\u00a0 |5% Elasthan<\/p>\n<h3>Besonderheiten<\/h3>\n<p><a href=\"https:\/\/www.wojoer.de\/?s=NOS&#038;post_type=product\">NOS\u00a0<\/a> | matt Effekt | sehr dehnbares Material | hautenge Passform | Gold gl\u00e4nzend | hochwertige Verarbeitung &#8220;Made in Germany&#8221;<\/p>\n<h3>Benutzerhinweise<\/h3>\n<p>Handw\u00e4sche, kein Weichsp\u00fcler<\/p>\n<h3>GOLD Thong\u00a0 &#8211; schillernder Mini Push String mit metallic Look Goldedition Low Rise String<\/h3>\n<p>Wow! Dieses Material ist wahnsinnig erregend. Dar\u00fcber hinaus umschlie\u00dft es die Haut wie fl\u00fcssiges Gold. Auf der einen Seite ist es anschmiegsam weich und auf der anderen Seite verf\u00fchrt es mit einem angenehmen metallic Look. Das ist l\u00e4ngst nicht alles, denn der schillernde Glanz, typisch f\u00fcr diesen besonderen metallic-Look berauscht alle Sinne und entf\u00fchrt dich in eine berauschende Welt, in der alle deine Tr\u00e4ume Wirklichkeit werden k\u00f6nnen &#8211; hierdurch bist du der absolute Star! Dieser String ist nicht nur s\u00fcndhaft knapp und besonders tief low-rise geschnitten. Nein, auch das Suspensorium folgt einer besonderen Silhouette, mit der deine M\u00e4nnlichkei betont und sportlich geformt wird. Hei\u00df!<\/p>\n<p>&nbsp;<\/p>\n<p>&nbsp;<\/p>\n<p data-start=\"2343\" data-end=\"2392\">\n","protected":false},"excerpt":{"rendered":"<p>Produktion auf Bestellung, denn der Wetlook Gold Push Mini String 0100-S015 geh\u00f6rt in die Kategorie: Wojoer &#8220;NOS&#8221;!<br \/>\nGr\u00f6\u00dfen<br \/>\nErh\u00e4ltlich in den Gr\u00f6\u00dfen S, M, L, XL, XXL, XXXL<br \/>\nMaterialzusammensetzung<br \/>\n95% Polyester\u00a0 |5% Elasthan<br \/>\nBesonderheiten<br \/>\nNOS\u00a0 | matt Effekt | sehr dehnbares Material | hautenge Passform |\u2026<\/p>\n","protected":false},"featured_media":62539,"comment_status":"open","ping_status":"closed","template":"","meta":[],"product_brand":[],"product_cat":[116,1059,169,473,862,326],"product_tag":[560,899,306,573,119],"class_list":{"0":"post-62526","1":"product","2":"type-product","3":"status-publish","4":"has-post-thumbnail","6":"product_cat-clubwear","7":"product_cat-kinky","8":"product_cat-nos-never-out-of-stock","9":"product_cat-men","10":"product_cat-men-only","11":"product_cat-wojoer","12":"product_tag-glaenzend","13":"product_tag-gold","14":"product_tag-metallic","15":"product_tag-minisock","16":"product_tag-string","17":"product_shipping_class-beun","18":"pa_groesse-l","19":"pa_groesse-m","20":"pa_groesse-s","21":"pa_groesse-xl","22":"pa_groesse-xxl","23":"pa_groesse-xxxl","24":"pif-has-gallery","25":"post-1","26":"odd","28":"first","29":"instock","30":"taxable","31":"shipping-taxable","32":"purchasable","33":"product-type-variable"},"yoast_head":"<!-- This site is optimized with the Yoast SEO plugin v27.2 - https:\/\/yoast.com\/product\/yoast-seo-wordpress\/ -->\n<title>GGold String | metallic G-Thon| nicely moving pouch | WOJOER |<\/title>\n<meta name=\"description\" content=\"Gold metallic G-Thong with a nicely moving pouch from WOJOER. Soft, stretchy material - Order now for free shipping within EU.\" \/>\n<meta name=\"robots\" content=\"index, follow, max-snippet:-1, max-image-preview:large, max-video-preview:-1\" \/>\n<link rel=\"canonical\" href=\"https:\/\/www.wojoer.de\/en\/produkt\/wetlook-gold-mini-push-string\/\" \/>\n<meta name=\"twitter:card\" content=\"summary_large_image\" \/>\n<meta name=\"twitter:title\" content=\"GGold String | metallic G-Thon| nicely moving pouch | WOJOER |\" \/>\n<meta name=\"twitter:description\" content=\"Gold metallic G-Thong with a nicely moving pouch from WOJOER. Soft, stretchy material - Order now for free shipping within EU.\" \/>\n<meta name=\"twitter:image\" content=\"https:\/\/www.wojoer.de\/wp-content\/uploads\/2025\/12\/0100-S015-0M-23-06-4.-wetlook_gold-Mini_Push_String-dehnbar-gold-L-front_side-wojer.jpg\" \/>\n<meta name=\"twitter:label1\" content=\"Estimated reading time\" \/>\n\t<meta name=\"twitter:data1\" content=\"2 minutes\" \/>\n<script type=\"application\/ld+json\" class=\"yoast-schema-graph\">{\"@context\":\"https:\/\/schema.org\",\"@graph\":[{\"@type\":\"WebPage\",\"@id\":\"https:\/\/www.wojoer.de\/produkt\/wetlook-gold-mini-push-string\/\",\"url\":\"https:\/\/www.wojoer.de\/produkt\/wetlook-gold-mini-push-string\/\",\"name\":\"GGold String | metallic G-Thon| nicely moving pouch | WOJOER |\",\"isPartOf\":{\"@id\":\"https:\/\/www.wojoer.de\/#website\"},\"primaryImageOfPage\":{\"@id\":\"https:\/\/www.wojoer.de\/produkt\/wetlook-gold-mini-push-string\/#primaryimage\"},\"image\":{\"@id\":\"https:\/\/www.wojoer.de\/produkt\/wetlook-gold-mini-push-string\/#primaryimage\"},\"thumbnailUrl\":\"https:\/\/www.wojoer.de\/wp-content\/uploads\/2025\/12\/0100-S015-0M-23-06-4.-wetlook_gold-Mini_Push_String-dehnbar-gold-L-front_side-wojer.jpg\",\"datePublished\":\"2025-12-09T14:20:28+00:00\",\"dateModified\":\"2026-04-06T22:28:36+00:00\",\"description\":\"Gold metallic G-Thong with a nicely moving pouch from WOJOER. Soft, stretchy material - Order now for free shipping within EU.\",\"breadcrumb\":{\"@id\":\"https:\/\/www.wojoer.de\/produkt\/wetlook-gold-mini-push-string\/#breadcrumb\"},\"inLanguage\":\"en-GB\",\"potentialAction\":[{\"@type\":\"ReadAction\",\"target\":[\"https:\/\/www.wojoer.de\/produkt\/wetlook-gold-mini-push-string\/\"]}]},{\"@type\":\"ImageObject\",\"inLanguage\":\"en-GB\",\"@id\":\"https:\/\/www.wojoer.de\/produkt\/wetlook-gold-mini-push-string\/#primaryimage\",\"url\":\"https:\/\/www.wojoer.de\/wp-content\/uploads\/2025\/12\/0100-S015-0M-23-06-4.-wetlook_gold-Mini_Push_String-dehnbar-gold-L-front_side-wojer.jpg\",\"contentUrl\":\"https:\/\/www.wojoer.de\/wp-content\/uploads\/2025\/12\/0100-S015-0M-23-06-4.-wetlook_gold-Mini_Push_String-dehnbar-gold-L-front_side-wojer.jpg\",\"width\":2002,\"height\":2002},{\"@type\":\"BreadcrumbList\",\"@id\":\"https:\/\/www.wojoer.de\/produkt\/wetlook-gold-mini-push-string\/#breadcrumb\",\"itemListElement\":[{\"@type\":\"ListItem\",\"position\":1,\"name\":\"Startseite\",\"item\":\"https:\/\/www.wojoer.de\/\"},{\"@type\":\"ListItem\",\"position\":2,\"name\":\"SHOP\",\"item\":\"https:\/\/www.wojoer.de\/shop\/\"},{\"@type\":\"ListItem\",\"position\":3,\"name\":\"Wetlook Gold Push Mini String\"}]},{\"@type\":\"WebSite\",\"@id\":\"https:\/\/www.wojoer.de\/#website\",\"url\":\"https:\/\/www.wojoer.de\/\",\"name\":\"WOJOER\",\"description\":\"clubwear for men\",\"publisher\":{\"@id\":\"https:\/\/www.wojoer.de\/#organization\"},\"potentialAction\":[{\"@type\":\"SearchAction\",\"target\":{\"@type\":\"EntryPoint\",\"urlTemplate\":\"https:\/\/www.wojoer.de\/?s={search_term_string}\"},\"query-input\":{\"@type\":\"PropertyValueSpecification\",\"valueRequired\":true,\"valueName\":\"search_term_string\"}}],\"inLanguage\":\"en-GB\"},{\"@type\":\"Organization\",\"@id\":\"https:\/\/www.wojoer.de\/#organization\",\"name\":\"Wonneberger-Manufaktur\",\"url\":\"https:\/\/www.wojoer.de\/\",\"logo\":{\"@type\":\"ImageObject\",\"inLanguage\":\"en-GB\",\"@id\":\"https:\/\/www.wojoer.de\/#\/schema\/logo\/image\/\",\"url\":\"https:\/\/www.wojoer.de\/wp-content\/uploads\/2016\/11\/wonnebergermanufaktur_logo_BUTTON.png\",\"contentUrl\":\"https:\/\/www.wojoer.de\/wp-content\/uploads\/2016\/11\/wonnebergermanufaktur_logo_BUTTON.png\",\"width\":765,\"height\":765,\"caption\":\"Wonneberger-Manufaktur\"},\"image\":{\"@id\":\"https:\/\/www.wojoer.de\/#\/schema\/logo\/image\/\"},\"sameAs\":[\"https:\/\/www.facebook.com\/wojoer\/\",\"https:\/\/de.pinterest.com\/W0J0ER\/\"]}]}<\/script>\n<!-- \/ Yoast SEO plugin. -->","yoast_head_json":{"title":"GGold String | metallic G-Thon| nicely moving pouch | WOJOER |","description":"Gold metallic G-Thong with a nicely moving pouch from WOJOER. Soft, stretchy material - Order now for free shipping within EU.","robots":{"index":"index","follow":"follow","max-snippet":"max-snippet:-1","max-image-preview":"max-image-preview:large","max-video-preview":"max-video-preview:-1"},"canonical":"https:\/\/www.wojoer.de\/en\/produkt\/wetlook-gold-mini-push-string\/","twitter_card":"summary_large_image","twitter_title":"[:de]Gold Thong | mini push string low rise | WOJOER |[:en]GGold String | metallic G-Thon| nicely moving pouch | WOJOER |[:]","twitter_description":"[:de]Gold thong ist ein besonders auff\u00e4lliger und eleganter push mini String in gl\u00e4nzendem Gold Wetlook von WOJOER - Jetzt versandkostenfrei bestellen.[:en]Gold metallic G-Thong with a nicely moving pouch from WOJOER. Soft, stretchy material - Order now for free shipping within EU.[:]","twitter_image":"https:\/\/www.wojoer.de\/wp-content\/uploads\/2025\/12\/0100-S015-0M-23-06-4.-wetlook_gold-Mini_Push_String-dehnbar-gold-L-front_side-wojer.jpg","twitter_misc":{"Estimated reading time":"2 minutes"},"schema":{"@context":"https:\/\/schema.org","@graph":[{"@type":"WebPage","@id":"https:\/\/www.wojoer.de\/produkt\/wetlook-gold-mini-push-string\/","url":"https:\/\/www.wojoer.de\/produkt\/wetlook-gold-mini-push-string\/","name":"GGold String | metallic G-Thon| nicely moving pouch | WOJOER |","isPartOf":{"@id":"https:\/\/www.wojoer.de\/#website"},"primaryImageOfPage":{"@id":"https:\/\/www.wojoer.de\/produkt\/wetlook-gold-mini-push-string\/#primaryimage"},"image":{"@id":"https:\/\/www.wojoer.de\/produkt\/wetlook-gold-mini-push-string\/#primaryimage"},"thumbnailUrl":"https:\/\/www.wojoer.de\/wp-content\/uploads\/2025\/12\/0100-S015-0M-23-06-4.-wetlook_gold-Mini_Push_String-dehnbar-gold-L-front_side-wojer.jpg","datePublished":"2025-12-09T14:20:28+00:00","dateModified":"2026-04-06T22:28:36+00:00","description":"Gold metallic G-Thong with a nicely moving pouch from WOJOER. Soft, stretchy material - Order now for free shipping within EU.","breadcrumb":{"@id":"https:\/\/www.wojoer.de\/produkt\/wetlook-gold-mini-push-string\/#breadcrumb"},"inLanguage":"en-GB","potentialAction":[{"@type":"ReadAction","target":["https:\/\/www.wojoer.de\/produkt\/wetlook-gold-mini-push-string\/"]}]},{"@type":"ImageObject","inLanguage":"en-GB","@id":"https:\/\/www.wojoer.de\/produkt\/wetlook-gold-mini-push-string\/#primaryimage","url":"https:\/\/www.wojoer.de\/wp-content\/uploads\/2025\/12\/0100-S015-0M-23-06-4.-wetlook_gold-Mini_Push_String-dehnbar-gold-L-front_side-wojer.jpg","contentUrl":"https:\/\/www.wojoer.de\/wp-content\/uploads\/2025\/12\/0100-S015-0M-23-06-4.-wetlook_gold-Mini_Push_String-dehnbar-gold-L-front_side-wojer.jpg","width":2002,"height":2002},{"@type":"BreadcrumbList","@id":"https:\/\/www.wojoer.de\/produkt\/wetlook-gold-mini-push-string\/#breadcrumb","itemListElement":[{"@type":"ListItem","position":1,"name":"Startseite","item":"https:\/\/www.wojoer.de\/"},{"@type":"ListItem","position":2,"name":"SHOP","item":"https:\/\/www.wojoer.de\/shop\/"},{"@type":"ListItem","position":3,"name":"Wetlook Gold Push Mini String"}]},{"@type":"WebSite","@id":"https:\/\/www.wojoer.de\/#website","url":"https:\/\/www.wojoer.de\/","name":"WOJOER","description":"clubwear for men","publisher":{"@id":"https:\/\/www.wojoer.de\/#organization"},"potentialAction":[{"@type":"SearchAction","target":{"@type":"EntryPoint","urlTemplate":"https:\/\/www.wojoer.de\/?s={search_term_string}"},"query-input":{"@type":"PropertyValueSpecification","valueRequired":true,"valueName":"search_term_string"}}],"inLanguage":"en-GB"},{"@type":"Organization","@id":"https:\/\/www.wojoer.de\/#organization","name":"Wonneberger-Manufaktur","url":"https:\/\/www.wojoer.de\/","logo":{"@type":"ImageObject","inLanguage":"en-GB","@id":"https:\/\/www.wojoer.de\/#\/schema\/logo\/image\/","url":"https:\/\/www.wojoer.de\/wp-content\/uploads\/2016\/11\/wonnebergermanufaktur_logo_BUTTON.png","contentUrl":"https:\/\/www.wojoer.de\/wp-content\/uploads\/2016\/11\/wonnebergermanufaktur_logo_BUTTON.png","width":765,"height":765,"caption":"Wonneberger-Manufaktur"},"image":{"@id":"https:\/\/www.wojoer.de\/#\/schema\/logo\/image\/"},"sameAs":["https:\/\/www.facebook.com\/wojoer\/","https:\/\/de.pinterest.com\/W0J0ER\/"]}]}},"_links":{"self":[{"href":"https:\/\/www.wojoer.de\/en\/wp-json\/wp\/v2\/product\/62526","targetHints":{"allow":["GET"]}}],"collection":[{"href":"https:\/\/www.wojoer.de\/en\/wp-json\/wp\/v2\/product"}],"about":[{"href":"https:\/\/www.wojoer.de\/en\/wp-json\/wp\/v2\/types\/product"}],"replies":[{"embeddable":true,"href":"https:\/\/www.wojoer.de\/en\/wp-json\/wp\/v2\/comments?post=62526"}],"wp:featuredmedia":[{"embeddable":true,"href":"https:\/\/www.wojoer.de\/en\/wp-json\/wp\/v2\/media\/62539"}],"wp:attachment":[{"href":"https:\/\/www.wojoer.de\/en\/wp-json\/wp\/v2\/media?parent=62526"}],"wp:term":[{"taxonomy":"product_brand","embeddable":true,"href":"https:\/\/www.wojoer.de\/en\/wp-json\/wp\/v2\/product_brand?post=62526"},{"taxonomy":"product_cat","embeddable":true,"href":"https:\/\/www.wojoer.de\/en\/wp-json\/wp\/v2\/product_cat?post=62526"},{"taxonomy":"product_tag","embeddable":true,"href":"https:\/\/www.wojoer.de\/en\/wp-json\/wp\/v2\/product_tag?post=62526"}],"curies":[{"name":"wp","href":"https:\/\/api.w.org\/{rel}","templated":true}]}}