{"id":6291,"date":"2017-06-19T12:20:36","date_gmt":"2017-06-19T10:20:36","guid":{"rendered":"http:\/\/www.wojoer.de\/produkt\/synlex-string-schwarz-matter-kunstleder-string\/"},"modified":"2026-03-29T16:55:26","modified_gmt":"2026-03-29T14:55:26","slug":"synlex-string-schwarz-matter-kunstleder-string","status":"publish","type":"product","link":"https:\/\/www.wojoer.de\/en\/produkt\/synlex-string-schwarz-matter-kunstleder-string\/","title":{"rendered":"SYNLEX STRING Wunschfarbe 331W398.1ONLY"},"content":{"rendered":"<p>schwarz matter Kunstleder String SYNLEX Wunschfarbe 331W398.1ONLY gibt es in 8 individuellen Nahtf\u00e4den.<\/p>\n<p><img loading=\"lazy\" decoding=\"async\" class=\"alignnone size-full wp-image-6164\" src=\"http:\/\/www.wojoer.de\/wp-content\/uploads\/2017\/05\/wei\u00df.jpg\" alt=\"__wei\u00df\" width=\"9\" height=\"9\" \/> Wei\u00df | <img loading=\"lazy\" decoding=\"async\" class=\"alignnone size-full wp-image-6163\" src=\"http:\/\/www.wojoer.de\/wp-content\/uploads\/2017\/05\/schwarz.jpg\" alt=\"__schwarz\" width=\"9\" height=\"9\" \/> Schwarz | <img loading=\"lazy\" decoding=\"async\" class=\"alignnone size-full wp-image-6156\" src=\"http:\/\/www.wojoer.de\/wp-content\/uploads\/2017\/05\/pink-1.jpg\" alt=\"pink\" width=\"9\" height=\"9\" \/> Pink | <img loading=\"lazy\" decoding=\"async\" class=\"alignnone size-full wp-image-6160\" src=\"http:\/\/www.wojoer.de\/wp-content\/uploads\/2017\/05\/lila.jpg\" alt=\"__lila\" width=\"9\" height=\"9\" \/> Lila | <img loading=\"lazy\" decoding=\"async\" class=\"alignnone size-full wp-image-6157\" src=\"http:\/\/www.wojoer.de\/wp-content\/uploads\/2017\/05\/blau.jpg\" alt=\"__blau\" width=\"9\" height=\"9\" \/> Blau | <img loading=\"lazy\" decoding=\"async\" class=\"alignnone size-full wp-image-6158\" src=\"http:\/\/www.wojoer.de\/wp-content\/uploads\/2017\/05\/eisblau.jpg\" alt=\"__eisblau\" width=\"9\" height=\"9\" \/> Eisblau | <img loading=\"lazy\" decoding=\"async\" class=\"alignnone size-full wp-image-6159\" src=\"http:\/\/www.wojoer.de\/wp-content\/uploads\/2017\/05\/gruen.jpg\" alt=\"__gruen\" width=\"9\" height=\"9\" \/> Gr\u00fcn | <img loading=\"lazy\" decoding=\"async\" class=\"alignnone size-full wp-image-6161\" src=\"http:\/\/www.wojoer.de\/wp-content\/uploads\/2017\/05\/orange.jpg\" alt=\"__orange\" width=\"9\" height=\"9\" \/> Orange<\/p>\n<p>Mit dieser riesen Auswahl geh\u00f6rt sie in die Kategorie &#8220;Only For Me&#8221;. Nur du entscheidest, welchen denzenten Farbklang dein Synlex tr\u00e4gt.<\/p>\n<p>Der <a href=\"http:\/\/www.wojoer.de\/produkt\/synlex-schwarz-matter-kunstleder-string\/\">SYNLEX STRING in Gelb oder Rot<\/a> geh\u00f6rt so zu den Wojoer Standarts und ist daher unter den Liveprodukten bei der <a href=\"http:\/\/www.wojoer.de\/produkt-schlagwort\/synthetischesLatex\/\">Clubwear<\/a> zu finden.<\/p>\n<h3>Gr\u00f6\u00dfen<\/h3>\n<p>Erh\u00e4ltlich in den Gr\u00f6\u00dfen S, M, L, XL<\/p>\n<h3>Materialzusammensetzung<\/h3>\n<p>Synlex, sehr d\u00fcnnes und dehnbares Lederimitat: 76% Polyesther\u00a0 16% Polyurethan 8% Elasthan<\/p>\n<h3>Besonderheiten<\/h3>\n<p><a href=\"http:\/\/www.wojoer.de\/?s=oonlyforme&#038;post_type=product\">ONLY FOR ME Produkt<\/a> | besonders feines, mattes, dehnbares Kunstleder, fast gummiartig | Eingriff | hautenge Passform | Ziernahtfarbe nach Wahl | hochwertige Verarbeitung &#8220;Made in Germany&#8221;<\/p>\n<h3>Benutzerhinweise<\/h3>\n<p>30\u00b0 Schonw\u00e4sche<\/p>\n<h3>SYNLEX STRING- schwarz matter Kunstleder String<\/h3>\n<p>SYNLEX, steht f\u00fcr synthetischen Latex. Es ist eine matt schwarze Materie die erst mysteri\u00f6s d\u00fcster scheint. Dann wird sie aber gef\u00e4hrlich hei\u00df und schlie\u00dflich entfaltet sie extremes Suchtpotenzial. Regelrecht berauschend wird es dann in Kombination mit dem extra knappen Schnitt und dem Eingriff im Suspensorium des 331W398.1 Synlex Strings.<\/p>\n<p>Ein so verrucht mattes und anschmiegsames Material hattest du noch nie auf deiner Haut. Denn die matte Oberfl\u00e4che und die perfekte Passform lassen deine H\u00fcften mit ihm verschmelzen. Von Au\u00dfen genie\u00dft du die optischen und haptischen Vorz\u00fcge von mattem Rubber und von innen schmeichelt ein feiner, weicher Jerseystoff deiner Haut. Die Optik ist scheinbar unauff\u00e4llig, genau wie ein lauerndes Raubtier in der Dunkelheit. So wirst nicht nur du dich von SYNLEX magisch angezogen f\u00fchlen. Dein Gegen\u00fcber wird sogleich ohnm\u00e4chtig vor Entz\u00fccken. Wie gefr\u00e4\u00dfig deine Lust ist, deutet deine Farbwahl der Ziern\u00e4hte an. Wenn du dann erst dein Opfer ins Visier genommen hast, wird der Eingriff im Suspensorium zur unschlagbar schnellen Waffe.<\/p>\n","protected":false},"excerpt":{"rendered":"<p>schwarz matter Kunstleder String SYNLEX Wunschfarbe 331W398.1ONLY gibt es in 8 individuellen Nahtf\u00e4den.<\/p>\n<p> Wei\u00df |  Schwarz |  Pink |  Lila |  Blau |  Eisblau |  Gr\u00fcn |  Orange<\/p>\n<p>Mit dieser riesen Auswahl geh\u00f6rt sie\u2026<\/p>\n","protected":false},"featured_media":5999,"comment_status":"open","ping_status":"closed","template":"","meta":[],"product_brand":[],"product_cat":[805,473,270,326],"product_tag":[279,250,268,368,119],"class_list":{"0":"post-6291","1":"product","2":"type-product","3":"status-publish","4":"has-post-thumbnail","6":"product_cat-331-synlex","7":"product_cat-men","8":"product_cat-onlyforme","9":"product_cat-wojoer","10":"product_tag-eingriff","11":"product_tag-funktion","12":"product_tag-farbcode","13":"product_tag-quick-fun-action","14":"product_tag-string","15":"product_shipping_class-beun","16":"pa_farbe-blau","17":"pa_farbe-eisblau","18":"pa_farbe-gruen","19":"pa_farbe-lila","20":"pa_farbe-orange","21":"pa_farbe-pink","22":"pa_farbe-schwarz","23":"pa_farbe-weiss","24":"pa_groesse-l","25":"pa_groesse-m","26":"pa_groesse-s","27":"pa_groesse-xl","28":"pif-has-gallery","29":"post-1","30":"odd","32":"first","33":"onbackorder","34":"featured","35":"taxable","36":"shipping-taxable","37":"purchasable","38":"product-type-variable"},"yoast_head":"<!-- This site is optimized with the Yoast SEO plugin v27.2 - https:\/\/yoast.com\/product\/yoast-seo-wordpress\/ -->\n<title>schwarz matter Kunstleder String | SYNLEX | mit Eingriff<\/title>\n<meta name=\"description\" content=\"schwarz matter Kunstleder String. Besonders mattes &amp; geschmeidig d\u00fcnnes Synlex-Material. Mit praktischem Eingriff. N\u00e4hte in rot, gelb oder Wunschfarbe.\" \/>\n<meta name=\"robots\" content=\"index, follow, max-snippet:-1, max-image-preview:large, max-video-preview:-1\" \/>\n<link rel=\"canonical\" href=\"https:\/\/www.wojoer.de\/en\/produkt\/synlex-string-schwarz-matter-kunstleder-string\/\" \/>\n<meta name=\"twitter:card\" content=\"summary_large_image\" \/>\n<meta name=\"twitter:title\" content=\"schwarz matter Kunstleder String | SYNLEX | mit Eingriff\" \/>\n<meta name=\"twitter:description\" content=\"schwarz matter Kunstleder String. Besonders mattes &amp; geschmeidig d\u00fcnnes Synlex-Material. Mit praktischem Eingriff. N\u00e4hte in rot, gelb oder Wunschfarbe.\" \/>\n<meta name=\"twitter:image\" content=\"https:\/\/www.wojoer.de\/wp-content\/uploads\/2017\/05\/331W398_1_synlex_string_rot_back_wojoer-1.jpg\" \/>\n<meta name=\"twitter:label1\" content=\"Estimated reading time\" \/>\n\t<meta name=\"twitter:data1\" content=\"2 minutes\" \/>\n<script type=\"application\/ld+json\" class=\"yoast-schema-graph\">{\"@context\":\"https:\/\/schema.org\",\"@graph\":[{\"@type\":\"WebPage\",\"@id\":\"https:\/\/www.wojoer.de\/produkt\/synlex-string-schwarz-matter-kunstleder-string\/\",\"url\":\"https:\/\/www.wojoer.de\/produkt\/synlex-string-schwarz-matter-kunstleder-string\/\",\"name\":\"schwarz matter Kunstleder String | SYNLEX | mit Eingriff\",\"isPartOf\":{\"@id\":\"https:\/\/www.wojoer.de\/#website\"},\"primaryImageOfPage\":{\"@id\":\"https:\/\/www.wojoer.de\/produkt\/synlex-string-schwarz-matter-kunstleder-string\/#primaryimage\"},\"image\":{\"@id\":\"https:\/\/www.wojoer.de\/produkt\/synlex-string-schwarz-matter-kunstleder-string\/#primaryimage\"},\"thumbnailUrl\":\"https:\/\/www.wojoer.de\/wp-content\/uploads\/2017\/05\/331W398_1_synlex_string_rot_back_wojoer-1.jpg\",\"datePublished\":\"2017-06-19T10:20:36+00:00\",\"dateModified\":\"2026-03-29T14:55:26+00:00\",\"description\":\"schwarz matter Kunstleder String. Besonders mattes & geschmeidig d\u00fcnnes Synlex-Material. Mit praktischem Eingriff. N\u00e4hte in rot, gelb oder Wunschfarbe.\",\"breadcrumb\":{\"@id\":\"https:\/\/www.wojoer.de\/produkt\/synlex-string-schwarz-matter-kunstleder-string\/#breadcrumb\"},\"inLanguage\":\"en-GB\",\"potentialAction\":[{\"@type\":\"ReadAction\",\"target\":[\"https:\/\/www.wojoer.de\/produkt\/synlex-string-schwarz-matter-kunstleder-string\/\"]}]},{\"@type\":\"ImageObject\",\"inLanguage\":\"en-GB\",\"@id\":\"https:\/\/www.wojoer.de\/produkt\/synlex-string-schwarz-matter-kunstleder-string\/#primaryimage\",\"url\":\"https:\/\/www.wojoer.de\/wp-content\/uploads\/2017\/05\/331W398_1_synlex_string_rot_back_wojoer-1.jpg\",\"contentUrl\":\"https:\/\/www.wojoer.de\/wp-content\/uploads\/2017\/05\/331W398_1_synlex_string_rot_back_wojoer-1.jpg\",\"width\":2002,\"height\":2002,\"caption\":\"SYNLEX String - knappe S\u00fcnde\"},{\"@type\":\"BreadcrumbList\",\"@id\":\"https:\/\/www.wojoer.de\/produkt\/synlex-string-schwarz-matter-kunstleder-string\/#breadcrumb\",\"itemListElement\":[{\"@type\":\"ListItem\",\"position\":1,\"name\":\"Startseite\",\"item\":\"https:\/\/www.wojoer.de\/\"},{\"@type\":\"ListItem\",\"position\":2,\"name\":\"SHOP\",\"item\":\"https:\/\/www.wojoer.de\/shop\/\"},{\"@type\":\"ListItem\",\"position\":3,\"name\":\"SYNLEX STRING Wunschfarbe 331W398.1ONLY\"}]},{\"@type\":\"WebSite\",\"@id\":\"https:\/\/www.wojoer.de\/#website\",\"url\":\"https:\/\/www.wojoer.de\/\",\"name\":\"WOJOER\",\"description\":\"clubwear for men\",\"publisher\":{\"@id\":\"https:\/\/www.wojoer.de\/#organization\"},\"potentialAction\":[{\"@type\":\"SearchAction\",\"target\":{\"@type\":\"EntryPoint\",\"urlTemplate\":\"https:\/\/www.wojoer.de\/?s={search_term_string}\"},\"query-input\":{\"@type\":\"PropertyValueSpecification\",\"valueRequired\":true,\"valueName\":\"search_term_string\"}}],\"inLanguage\":\"en-GB\"},{\"@type\":\"Organization\",\"@id\":\"https:\/\/www.wojoer.de\/#organization\",\"name\":\"Wonneberger-Manufaktur\",\"url\":\"https:\/\/www.wojoer.de\/\",\"logo\":{\"@type\":\"ImageObject\",\"inLanguage\":\"en-GB\",\"@id\":\"https:\/\/www.wojoer.de\/#\/schema\/logo\/image\/\",\"url\":\"https:\/\/www.wojoer.de\/wp-content\/uploads\/2016\/11\/wonnebergermanufaktur_logo_BUTTON.png\",\"contentUrl\":\"https:\/\/www.wojoer.de\/wp-content\/uploads\/2016\/11\/wonnebergermanufaktur_logo_BUTTON.png\",\"width\":765,\"height\":765,\"caption\":\"Wonneberger-Manufaktur\"},\"image\":{\"@id\":\"https:\/\/www.wojoer.de\/#\/schema\/logo\/image\/\"},\"sameAs\":[\"https:\/\/www.facebook.com\/wojoer\/\",\"https:\/\/de.pinterest.com\/W0J0ER\/\"]}]}<\/script>\n<!-- \/ Yoast SEO plugin. -->","yoast_head_json":{"title":"schwarz matter Kunstleder String | SYNLEX | mit Eingriff","description":"schwarz matter Kunstleder String. Besonders mattes & geschmeidig d\u00fcnnes Synlex-Material. Mit praktischem Eingriff. N\u00e4hte in rot, gelb oder Wunschfarbe.","robots":{"index":"index","follow":"follow","max-snippet":"max-snippet:-1","max-image-preview":"max-image-preview:large","max-video-preview":"max-video-preview:-1"},"canonical":"https:\/\/www.wojoer.de\/en\/produkt\/synlex-string-schwarz-matter-kunstleder-string\/","twitter_card":"summary_large_image","twitter_title":"schwarz matter Kunstleder String | SYNLEX | mit Eingriff","twitter_description":"schwarz matter Kunstleder String. Besonders mattes & geschmeidig d\u00fcnnes Synlex-Material. Mit praktischem Eingriff. N\u00e4hte in rot, gelb oder Wunschfarbe.","twitter_image":"https:\/\/www.wojoer.de\/wp-content\/uploads\/2017\/05\/331W398_1_synlex_string_rot_back_wojoer-1.jpg","twitter_misc":{"Estimated reading time":"2 minutes"},"schema":{"@context":"https:\/\/schema.org","@graph":[{"@type":"WebPage","@id":"https:\/\/www.wojoer.de\/produkt\/synlex-string-schwarz-matter-kunstleder-string\/","url":"https:\/\/www.wojoer.de\/produkt\/synlex-string-schwarz-matter-kunstleder-string\/","name":"schwarz matter Kunstleder String | SYNLEX | mit Eingriff","isPartOf":{"@id":"https:\/\/www.wojoer.de\/#website"},"primaryImageOfPage":{"@id":"https:\/\/www.wojoer.de\/produkt\/synlex-string-schwarz-matter-kunstleder-string\/#primaryimage"},"image":{"@id":"https:\/\/www.wojoer.de\/produkt\/synlex-string-schwarz-matter-kunstleder-string\/#primaryimage"},"thumbnailUrl":"https:\/\/www.wojoer.de\/wp-content\/uploads\/2017\/05\/331W398_1_synlex_string_rot_back_wojoer-1.jpg","datePublished":"2017-06-19T10:20:36+00:00","dateModified":"2026-03-29T14:55:26+00:00","description":"schwarz matter Kunstleder String. Besonders mattes & geschmeidig d\u00fcnnes Synlex-Material. Mit praktischem Eingriff. N\u00e4hte in rot, gelb oder Wunschfarbe.","breadcrumb":{"@id":"https:\/\/www.wojoer.de\/produkt\/synlex-string-schwarz-matter-kunstleder-string\/#breadcrumb"},"inLanguage":"en-GB","potentialAction":[{"@type":"ReadAction","target":["https:\/\/www.wojoer.de\/produkt\/synlex-string-schwarz-matter-kunstleder-string\/"]}]},{"@type":"ImageObject","inLanguage":"en-GB","@id":"https:\/\/www.wojoer.de\/produkt\/synlex-string-schwarz-matter-kunstleder-string\/#primaryimage","url":"https:\/\/www.wojoer.de\/wp-content\/uploads\/2017\/05\/331W398_1_synlex_string_rot_back_wojoer-1.jpg","contentUrl":"https:\/\/www.wojoer.de\/wp-content\/uploads\/2017\/05\/331W398_1_synlex_string_rot_back_wojoer-1.jpg","width":2002,"height":2002,"caption":"SYNLEX String - knappe S\u00fcnde"},{"@type":"BreadcrumbList","@id":"https:\/\/www.wojoer.de\/produkt\/synlex-string-schwarz-matter-kunstleder-string\/#breadcrumb","itemListElement":[{"@type":"ListItem","position":1,"name":"Startseite","item":"https:\/\/www.wojoer.de\/"},{"@type":"ListItem","position":2,"name":"SHOP","item":"https:\/\/www.wojoer.de\/shop\/"},{"@type":"ListItem","position":3,"name":"SYNLEX STRING Wunschfarbe 331W398.1ONLY"}]},{"@type":"WebSite","@id":"https:\/\/www.wojoer.de\/#website","url":"https:\/\/www.wojoer.de\/","name":"WOJOER","description":"clubwear for men","publisher":{"@id":"https:\/\/www.wojoer.de\/#organization"},"potentialAction":[{"@type":"SearchAction","target":{"@type":"EntryPoint","urlTemplate":"https:\/\/www.wojoer.de\/?s={search_term_string}"},"query-input":{"@type":"PropertyValueSpecification","valueRequired":true,"valueName":"search_term_string"}}],"inLanguage":"en-GB"},{"@type":"Organization","@id":"https:\/\/www.wojoer.de\/#organization","name":"Wonneberger-Manufaktur","url":"https:\/\/www.wojoer.de\/","logo":{"@type":"ImageObject","inLanguage":"en-GB","@id":"https:\/\/www.wojoer.de\/#\/schema\/logo\/image\/","url":"https:\/\/www.wojoer.de\/wp-content\/uploads\/2016\/11\/wonnebergermanufaktur_logo_BUTTON.png","contentUrl":"https:\/\/www.wojoer.de\/wp-content\/uploads\/2016\/11\/wonnebergermanufaktur_logo_BUTTON.png","width":765,"height":765,"caption":"Wonneberger-Manufaktur"},"image":{"@id":"https:\/\/www.wojoer.de\/#\/schema\/logo\/image\/"},"sameAs":["https:\/\/www.facebook.com\/wojoer\/","https:\/\/de.pinterest.com\/W0J0ER\/"]}]}},"_links":{"self":[{"href":"https:\/\/www.wojoer.de\/en\/wp-json\/wp\/v2\/product\/6291","targetHints":{"allow":["GET"]}}],"collection":[{"href":"https:\/\/www.wojoer.de\/en\/wp-json\/wp\/v2\/product"}],"about":[{"href":"https:\/\/www.wojoer.de\/en\/wp-json\/wp\/v2\/types\/product"}],"replies":[{"embeddable":true,"href":"https:\/\/www.wojoer.de\/en\/wp-json\/wp\/v2\/comments?post=6291"}],"wp:featuredmedia":[{"embeddable":true,"href":"https:\/\/www.wojoer.de\/en\/wp-json\/wp\/v2\/media\/5999"}],"wp:attachment":[{"href":"https:\/\/www.wojoer.de\/en\/wp-json\/wp\/v2\/media?parent=6291"}],"wp:term":[{"taxonomy":"product_brand","embeddable":true,"href":"https:\/\/www.wojoer.de\/en\/wp-json\/wp\/v2\/product_brand?post=6291"},{"taxonomy":"product_cat","embeddable":true,"href":"https:\/\/www.wojoer.de\/en\/wp-json\/wp\/v2\/product_cat?post=6291"},{"taxonomy":"product_tag","embeddable":true,"href":"https:\/\/www.wojoer.de\/en\/wp-json\/wp\/v2\/product_tag?post=6291"}],"curies":[{"name":"wp","href":"https:\/\/api.w.org\/{rel}","templated":true}]}}