{"id":62911,"date":"2026-04-12T11:14:30","date_gmt":"2026-04-12T09:14:30","guid":{"rendered":"https:\/\/www.wojoer.de\/?post_type=product&#038;p=62911"},"modified":"2026-04-13T10:38:51","modified_gmt":"2026-04-13T08:38:51","slug":"lava-minihipster-nylon-unterhose","status":"publish","type":"product","link":"https:\/\/www.wojoer.de\/en\/produkt\/lava-minihipster-nylon-unterhose\/","title":{"rendered":"Lava minihipster"},"content":{"rendered":"<h2><strong style=\"color: #444444;\">Lava Nylon minihipster \u2013 Wojoer <a href=\"https:\/\/www.wojoer.de\/?s=NOS&#038;post_type=product\">NOS<\/a><\/strong><\/h2>\n<p>Like molten lava, this mini hipster hugs your body like real nylon fetish does. It&#8217;s astonishingly stretchy and airy, offering plenty of room for your manhood, while everything is visually elongated and presented in a voluminous way. You simply can&#8217;t go wrong with this! It&#8217;s an absolute must-have in your wardrobe. This skimpy hipster with a gentle rise and a dominant, cheerful emphasis on your masculine figure is the perfect choice for those who love to feel comfortable and look their best. You&#8217;ve got the power to choose! Black, mysterious and intense, or orange, striking and hot \u2013 the Lava Mini Hipster lets you decide when you want to blaze like hot embers or grow stronger like black lava rock. Whatever colour you go for, you&#8217;re guaranteed to love the amazingly robust and stretchy nylon, which has a gorgeous sheen and a weightless feel!<\/p>\n<hr \/>\n<h2><strong style=\"color: #444444;\">Product Info<\/strong><\/h2>\n<p><strong>Style no.:<\/strong> 0436-P725-0D<br \/>\n<strong>Category:<\/strong> <a href=\"https:\/\/www.wojoer.de\/produkt-kategorie\/underwear\/\">NOS<\/a> \u2013 <a href=\"https:\/\/www.wojoer.de\/produkt-kategorie\/underwear\/\">Underwear<\/a><br \/>\n<strong>Fit:<\/strong> Sporty-low, masculine-wide \u2013 adapts to your contours and follows every movement effortlessly.<\/p>\n<hr \/>\n<h2><strong style=\"color: #444444;\">Features<\/strong><\/h2>\n<p>\u2022 Incredibly stretchy and airy<br \/>\n\u2022 Voluminous front for perfect presentation<br \/>\n\u2022 Sporty-low, radically minimalist cut<br \/>\n\u2022 Playful movement with every step<br \/>\n\u2022 Breathable &#038; slightly transparent<br \/>\n\u2022 Premium craftsmanship \u2013 Made in Germany<br \/>\n\u2022 Sexy underwear for men\u2019s nylon fetish<\/p>\n<hr \/>\n<h2><strong style=\"color: #444444;\">Sizes<\/strong><\/h2>\n<table>\n<thead>\n<tr>\n<th>Size<\/th>\n<th>Availability<\/th>\n<\/tr>\n<\/thead>\n<tbody>\n<tr>\n<td>S<\/td>\n<td>In Stock<\/td>\n<\/tr>\n<tr>\n<td>M<\/td>\n<td>In Stock<\/td>\n<\/tr>\n<tr>\n<td>L<\/td>\n<td>In Stock<\/td>\n<\/tr>\n<tr>\n<td>XL<\/td>\n<td>In Stock<\/td>\n<\/tr>\n<tr>\n<td>XXL<\/td>\n<td>Made to Order<\/td>\n<\/tr>\n<tr>\n<td>3XL<\/td>\n<td>Made to Order<\/td>\n<\/tr>\n<\/tbody>\n<\/table>\n<hr \/>\n<h2><strong style=\"color: #444444;\">Materials<\/strong><\/h2>\n<p><strong>Fabric:<\/strong> 94\u202f% Polyamide, 6\u202f% Elastane\u00a0 &#8211; black or orange Nylon<br \/>\n<strong>Leather:<\/strong> 94\u202f% Polyester, 6\u202f% Elastane &#8211; Soft, stretchable frame for perfect fit<\/p>\n<hr \/>\n<h2><strong style=\"color: #444444;\">Care Instructions<\/strong><\/h2>\n<p>\u2022 Hand wash recommended (30\u00b0C gentle cycle in a laundry bag also possible)<br \/>\n\u2022 Do not use fabric softeners, black detergents, oils, or bleach<br \/>\n\u2022 Almost no drying needed \u2013 air dries super fast<br \/>\n\u2022 Avoid rough surfaces to prevent abrasion<br \/>\n\u2022 \u26a0\ufe0f Do not iron. If ironing is necessary, avoid overheating \u2013 nylon can melt or develop glossy spots that may tear<\/p>\n","protected":false},"excerpt":{"rendered":"<p><strong style=\"color: #444444;\">Lava Minihipster, Nylon Unterhose\u2013 Wojoer NOS<\/strong><br \/>\nWie geschmolzene Lava schmiegt sich dieser Minihipster an deinen K\u00f6rper. Atemberaubend dehnbar und luftig, bietet er gen\u00fcgend Platz f\u00fcr deine M\u00e4nnlichkeit. Kein Verrutschen, kein Einklemmen, stehts sicherer Halt und dennoch luftige Freiheit f\u00fcr\u2026<\/p>\n","protected":false},"featured_media":62793,"comment_status":"open","ping_status":"closed","template":"","meta":[],"product_brand":[1134],"product_cat":[846,114,1059,169,473,121,326],"product_tag":[209,246,387],"class_list":{"0":"post-62911","1":"product","2":"type-product","3":"status-publish","4":"has-post-thumbnail","6":"product_brand-wojoer","7":"product_cat-black-joker","8":"product_cat-fetisch","9":"product_cat-kinky","10":"product_cat-nos-never-out-of-stock","11":"product_cat-men","12":"product_cat-underwear","13":"product_cat-wojoer","14":"product_tag-mini-hipster","15":"product_tag-netz","16":"product_tag-transparent","17":"product_shipping_class-beun","18":"pa_farbe-orange","19":"pa_farbe-schwarz","20":"pa_groesse-l","21":"pa_groesse-m","22":"pa_groesse-s","23":"pa_groesse-xl","24":"pa_groesse-xxl","25":"pa_groesse-xxxl","26":"pif-has-gallery","27":"post-1","28":"odd","30":"first","31":"instock","32":"taxable","33":"shipping-taxable","34":"purchasable","35":"product-type-variable","36":"has-default-attributes"},"yoast_head":"<!-- This site is optimized with the Yoast SEO plugin v27.2 - https:\/\/yoast.com\/product\/yoast-seo-wordpress\/ -->\n<title>Nylon Unterhose | Dederon - Perlon - Spandex | WOJOER<\/title>\n<meta name=\"description\" content=\"Nylon minihipster ...das erotische schwarze und orangene Fetish-Material ist ungewohnt verf\u00fchrerisch und l\u00e4dt zu fesselnden Ber\u00fchrungsspielen ein. Jetzt online bei Wojoer bestellen.\" \/>\n<meta name=\"robots\" content=\"index, follow, max-snippet:-1, max-image-preview:large, max-video-preview:-1\" \/>\n<link rel=\"canonical\" href=\"https:\/\/www.wojoer.de\/en\/produkt\/lava-minihipster-nylon-unterhose\/\" \/>\n<meta name=\"twitter:card\" content=\"summary_large_image\" \/>\n<meta name=\"twitter:title\" content=\"Nylon Unterhose | Dederon - Perlon - Spandex | WOJOER\" \/>\n<meta name=\"twitter:description\" content=\"Nylon minihipster ...das erotische schwarze und orangene Fetish-Material ist ungewohnt verf\u00fchrerisch und l\u00e4dt zu fesselnden Ber\u00fchrungsspielen ein. Jetzt online bei Wojoer bestellen.\" \/>\n<meta name=\"twitter:image\" content=\"https:\/\/www.wojoer.de\/wp-content\/uploads\/2026\/01\/0436-P725-0D-32-06-3.-Lava-MiniHipster-dehnbar-orange_schwarz-front-wojoer.jpg\" \/>\n<meta name=\"twitter:label1\" content=\"Estimated reading time\" \/>\n\t<meta name=\"twitter:data1\" content=\"2 minutes\" \/>\n<script type=\"application\/ld+json\" class=\"yoast-schema-graph\">{\"@context\":\"https:\/\/schema.org\",\"@graph\":[{\"@type\":\"WebPage\",\"@id\":\"https:\/\/www.wojoer.de\/produkt\/lava-minihipster-nylon-unterhose\/\",\"url\":\"https:\/\/www.wojoer.de\/produkt\/lava-minihipster-nylon-unterhose\/\",\"name\":\"Nylon Unterhose | Dederon - Perlon - Spandex | WOJOER\",\"isPartOf\":{\"@id\":\"https:\/\/www.wojoer.de\/#website\"},\"primaryImageOfPage\":{\"@id\":\"https:\/\/www.wojoer.de\/produkt\/lava-minihipster-nylon-unterhose\/#primaryimage\"},\"image\":{\"@id\":\"https:\/\/www.wojoer.de\/produkt\/lava-minihipster-nylon-unterhose\/#primaryimage\"},\"thumbnailUrl\":\"https:\/\/www.wojoer.de\/wp-content\/uploads\/2026\/01\/0436-P725-0D-32-06-3.-Lava-MiniHipster-dehnbar-orange_schwarz-front-wojoer.jpg\",\"datePublished\":\"2026-04-12T09:14:30+00:00\",\"dateModified\":\"2026-04-13T08:38:51+00:00\",\"description\":\"Nylon minihipster ...das erotische schwarze und orangene Fetish-Material ist ungewohnt verf\u00fchrerisch und l\u00e4dt zu fesselnden Ber\u00fchrungsspielen ein. Jetzt online bei Wojoer bestellen.\",\"breadcrumb\":{\"@id\":\"https:\/\/www.wojoer.de\/produkt\/lava-minihipster-nylon-unterhose\/#breadcrumb\"},\"inLanguage\":\"en-GB\",\"potentialAction\":[{\"@type\":\"ReadAction\",\"target\":[\"https:\/\/www.wojoer.de\/produkt\/lava-minihipster-nylon-unterhose\/\"]}]},{\"@type\":\"ImageObject\",\"inLanguage\":\"en-GB\",\"@id\":\"https:\/\/www.wojoer.de\/produkt\/lava-minihipster-nylon-unterhose\/#primaryimage\",\"url\":\"https:\/\/www.wojoer.de\/wp-content\/uploads\/2026\/01\/0436-P725-0D-32-06-3.-Lava-MiniHipster-dehnbar-orange_schwarz-front-wojoer.jpg\",\"contentUrl\":\"https:\/\/www.wojoer.de\/wp-content\/uploads\/2026\/01\/0436-P725-0D-32-06-3.-Lava-MiniHipster-dehnbar-orange_schwarz-front-wojoer.jpg\",\"width\":2002,\"height\":2002},{\"@type\":\"BreadcrumbList\",\"@id\":\"https:\/\/www.wojoer.de\/produkt\/lava-minihipster-nylon-unterhose\/#breadcrumb\",\"itemListElement\":[{\"@type\":\"ListItem\",\"position\":1,\"name\":\"Startseite\",\"item\":\"https:\/\/www.wojoer.de\/\"},{\"@type\":\"ListItem\",\"position\":2,\"name\":\"SHOP\",\"item\":\"https:\/\/www.wojoer.de\/shop\/\"},{\"@type\":\"ListItem\",\"position\":3,\"name\":\"Lava Minihipster\"}]},{\"@type\":\"WebSite\",\"@id\":\"https:\/\/www.wojoer.de\/#website\",\"url\":\"https:\/\/www.wojoer.de\/\",\"name\":\"WOJOER\",\"description\":\"clubwear for men\",\"publisher\":{\"@id\":\"https:\/\/www.wojoer.de\/#organization\"},\"potentialAction\":[{\"@type\":\"SearchAction\",\"target\":{\"@type\":\"EntryPoint\",\"urlTemplate\":\"https:\/\/www.wojoer.de\/?s={search_term_string}\"},\"query-input\":{\"@type\":\"PropertyValueSpecification\",\"valueRequired\":true,\"valueName\":\"search_term_string\"}}],\"inLanguage\":\"en-GB\"},{\"@type\":\"Organization\",\"@id\":\"https:\/\/www.wojoer.de\/#organization\",\"name\":\"Wonneberger-Manufaktur\",\"url\":\"https:\/\/www.wojoer.de\/\",\"logo\":{\"@type\":\"ImageObject\",\"inLanguage\":\"en-GB\",\"@id\":\"https:\/\/www.wojoer.de\/#\/schema\/logo\/image\/\",\"url\":\"https:\/\/www.wojoer.de\/wp-content\/uploads\/2016\/11\/wonnebergermanufaktur_logo_BUTTON.png\",\"contentUrl\":\"https:\/\/www.wojoer.de\/wp-content\/uploads\/2016\/11\/wonnebergermanufaktur_logo_BUTTON.png\",\"width\":765,\"height\":765,\"caption\":\"Wonneberger-Manufaktur\"},\"image\":{\"@id\":\"https:\/\/www.wojoer.de\/#\/schema\/logo\/image\/\"},\"sameAs\":[\"https:\/\/www.facebook.com\/wojoer\/\",\"https:\/\/de.pinterest.com\/W0J0ER\/\"]}]}<\/script>\n<!-- \/ Yoast SEO plugin. -->","yoast_head_json":{"title":"Nylon Unterhose | Dederon - Perlon - Spandex | WOJOER","description":"Nylon minihipster ...das erotische schwarze und orangene Fetish-Material ist ungewohnt verf\u00fchrerisch und l\u00e4dt zu fesselnden Ber\u00fchrungsspielen ein. Jetzt online bei Wojoer bestellen.","robots":{"index":"index","follow":"follow","max-snippet":"max-snippet:-1","max-image-preview":"max-image-preview:large","max-video-preview":"max-video-preview:-1"},"canonical":"https:\/\/www.wojoer.de\/en\/produkt\/lava-minihipster-nylon-unterhose\/","twitter_card":"summary_large_image","twitter_title":"Nylon Unterhose | Dederon - Perlon - Spandex | WOJOER","twitter_description":"Nylon minihipster ...das erotische schwarze und orangene Fetish-Material ist ungewohnt verf\u00fchrerisch und l\u00e4dt zu fesselnden Ber\u00fchrungsspielen ein. Jetzt online bei Wojoer bestellen.","twitter_image":"https:\/\/www.wojoer.de\/wp-content\/uploads\/2026\/01\/0436-P725-0D-32-06-3.-Lava-MiniHipster-dehnbar-orange_schwarz-front-wojoer.jpg","twitter_misc":{"Estimated reading time":"2 minutes"},"schema":{"@context":"https:\/\/schema.org","@graph":[{"@type":"WebPage","@id":"https:\/\/www.wojoer.de\/produkt\/lava-minihipster-nylon-unterhose\/","url":"https:\/\/www.wojoer.de\/produkt\/lava-minihipster-nylon-unterhose\/","name":"Nylon Unterhose | Dederon - Perlon - Spandex | WOJOER","isPartOf":{"@id":"https:\/\/www.wojoer.de\/#website"},"primaryImageOfPage":{"@id":"https:\/\/www.wojoer.de\/produkt\/lava-minihipster-nylon-unterhose\/#primaryimage"},"image":{"@id":"https:\/\/www.wojoer.de\/produkt\/lava-minihipster-nylon-unterhose\/#primaryimage"},"thumbnailUrl":"https:\/\/www.wojoer.de\/wp-content\/uploads\/2026\/01\/0436-P725-0D-32-06-3.-Lava-MiniHipster-dehnbar-orange_schwarz-front-wojoer.jpg","datePublished":"2026-04-12T09:14:30+00:00","dateModified":"2026-04-13T08:38:51+00:00","description":"Nylon minihipster ...das erotische schwarze und orangene Fetish-Material ist ungewohnt verf\u00fchrerisch und l\u00e4dt zu fesselnden Ber\u00fchrungsspielen ein. Jetzt online bei Wojoer bestellen.","breadcrumb":{"@id":"https:\/\/www.wojoer.de\/produkt\/lava-minihipster-nylon-unterhose\/#breadcrumb"},"inLanguage":"en-GB","potentialAction":[{"@type":"ReadAction","target":["https:\/\/www.wojoer.de\/produkt\/lava-minihipster-nylon-unterhose\/"]}]},{"@type":"ImageObject","inLanguage":"en-GB","@id":"https:\/\/www.wojoer.de\/produkt\/lava-minihipster-nylon-unterhose\/#primaryimage","url":"https:\/\/www.wojoer.de\/wp-content\/uploads\/2026\/01\/0436-P725-0D-32-06-3.-Lava-MiniHipster-dehnbar-orange_schwarz-front-wojoer.jpg","contentUrl":"https:\/\/www.wojoer.de\/wp-content\/uploads\/2026\/01\/0436-P725-0D-32-06-3.-Lava-MiniHipster-dehnbar-orange_schwarz-front-wojoer.jpg","width":2002,"height":2002},{"@type":"BreadcrumbList","@id":"https:\/\/www.wojoer.de\/produkt\/lava-minihipster-nylon-unterhose\/#breadcrumb","itemListElement":[{"@type":"ListItem","position":1,"name":"Startseite","item":"https:\/\/www.wojoer.de\/"},{"@type":"ListItem","position":2,"name":"SHOP","item":"https:\/\/www.wojoer.de\/shop\/"},{"@type":"ListItem","position":3,"name":"Lava Minihipster"}]},{"@type":"WebSite","@id":"https:\/\/www.wojoer.de\/#website","url":"https:\/\/www.wojoer.de\/","name":"WOJOER","description":"clubwear for men","publisher":{"@id":"https:\/\/www.wojoer.de\/#organization"},"potentialAction":[{"@type":"SearchAction","target":{"@type":"EntryPoint","urlTemplate":"https:\/\/www.wojoer.de\/?s={search_term_string}"},"query-input":{"@type":"PropertyValueSpecification","valueRequired":true,"valueName":"search_term_string"}}],"inLanguage":"en-GB"},{"@type":"Organization","@id":"https:\/\/www.wojoer.de\/#organization","name":"Wonneberger-Manufaktur","url":"https:\/\/www.wojoer.de\/","logo":{"@type":"ImageObject","inLanguage":"en-GB","@id":"https:\/\/www.wojoer.de\/#\/schema\/logo\/image\/","url":"https:\/\/www.wojoer.de\/wp-content\/uploads\/2016\/11\/wonnebergermanufaktur_logo_BUTTON.png","contentUrl":"https:\/\/www.wojoer.de\/wp-content\/uploads\/2016\/11\/wonnebergermanufaktur_logo_BUTTON.png","width":765,"height":765,"caption":"Wonneberger-Manufaktur"},"image":{"@id":"https:\/\/www.wojoer.de\/#\/schema\/logo\/image\/"},"sameAs":["https:\/\/www.facebook.com\/wojoer\/","https:\/\/de.pinterest.com\/W0J0ER\/"]}]}},"_links":{"self":[{"href":"https:\/\/www.wojoer.de\/en\/wp-json\/wp\/v2\/product\/62911","targetHints":{"allow":["GET"]}}],"collection":[{"href":"https:\/\/www.wojoer.de\/en\/wp-json\/wp\/v2\/product"}],"about":[{"href":"https:\/\/www.wojoer.de\/en\/wp-json\/wp\/v2\/types\/product"}],"replies":[{"embeddable":true,"href":"https:\/\/www.wojoer.de\/en\/wp-json\/wp\/v2\/comments?post=62911"}],"wp:featuredmedia":[{"embeddable":true,"href":"https:\/\/www.wojoer.de\/en\/wp-json\/wp\/v2\/media\/62793"}],"wp:attachment":[{"href":"https:\/\/www.wojoer.de\/en\/wp-json\/wp\/v2\/media?parent=62911"}],"wp:term":[{"taxonomy":"product_brand","embeddable":true,"href":"https:\/\/www.wojoer.de\/en\/wp-json\/wp\/v2\/product_brand?post=62911"},{"taxonomy":"product_cat","embeddable":true,"href":"https:\/\/www.wojoer.de\/en\/wp-json\/wp\/v2\/product_cat?post=62911"},{"taxonomy":"product_tag","embeddable":true,"href":"https:\/\/www.wojoer.de\/en\/wp-json\/wp\/v2\/product_tag?post=62911"}],"curies":[{"name":"wp","href":"https:\/\/api.w.org\/{rel}","templated":true}]}}