{"id":63600,"date":"2026-04-30T10:57:03","date_gmt":"2026-04-30T08:57:03","guid":{"rendered":"https:\/\/www.wojoer.de\/?post_type=product&#038;p=63600"},"modified":"2026-05-05T15:12:00","modified_gmt":"2026-05-05T13:12:00","slug":"matt-neopren-minihipster","status":"publish","type":"product","link":"https:\/\/www.wojoer.de\/en\/produkt\/matt-neopren-minihipster\/","title":{"rendered":"Matt Neopren Mini-Hipster"},"content":{"rendered":"<p>The Matt Neoprene Mini-Hipster is one of Wojoer\u2019s NOS products. This means they\u2019re always in stock and can be shipped immediately.<\/p>\n<h3>Sizes<\/h3>\n<p>S, M, L, XL, XXL<\/p>\n<h3>Material Composition<\/h3>\n<p>100% smooth-skin neoprene<\/p>\n<p>Inner lining: 80% polyamide, 20% spandex<\/p>\n<h3>Special Features<\/h3>\n<p>LIVE product | elegant matte finish | suitable for use in the bath | warming | firm-shaping material | skin-tight fit | high-quality craftsmanship \u201cMade in Germany\u201d<\/p>\n<h3>Care Instructions<\/h3>\n<p>Hand wash | Like fine leather, neoprene develops creases from movement, gradually taking on the unique character of each wearer. Therefore, please store it away from pressure, avoid folding it, and hang it on a wide hanger.<\/p>\n<h3>Please Note<\/h3>\n<p>When returning items, neoprene products must be returned unfolded and packed loosely, just as they were received. Items cannot be accepted if they show signs of damage caused by improper shipping.<\/p>\n<h3>NEOPREN &#8211; Mini-Hipster<\/h3>\n<p>This silky matte mini hipster elevates the otherwise classic, sporty-looking material to a whole new level. The high-quality craftsmanship, featuring a specially developed seam technique, ensures a flawless fit. Not to mention the perfect comfort thanks to the soft black jersey lining and the neoprene, which is just 2.5 mm thick. But it\u2019s a treat for the eyes, too. The shaping is perfected to create a round, perky butt and a prominent bulge, while still remaining sleek and minimalist\u2014covering only what\u2019s necessary. In short, this thong is a seductive all-rounder for the beach, the pool, the bedroom, and the club.<\/p>\n<p>&nbsp;<\/p>\n<p>&nbsp;<\/p>\n","protected":false},"excerpt":{"rendered":"<p>Der Matt Neopren Minihipster geh\u00f6rt zu den Wojoer NOS-Produkten. Das hei\u00dft, sie sind immer lagernd und k\u00f6nnen sofert verschickt werden.<br \/>\nGr\u00f6\u00dfen<br \/>\nS, M, L, XL, XXL<br \/>\nMaterialzusammensetzung<br \/>\n100% Glatthautneopren<\/p>\n<p>Innenkaschierung: 80% Polyamid, 20% Elasthan<br \/>\nBesonderheiten<br \/>\nLIVE-Produkt | elegant matte Oberfl\u00e4chenoptik | badetauglich | w\u00e4rmend | fest formendes\u2026<\/p>\n","protected":false},"featured_media":63442,"comment_status":"open","ping_status":"closed","template":"","meta":[],"product_brand":[],"product_cat":[112,473,862,195,326],"product_tag":[108,103,119],"class_list":{"0":"post-63600","1":"product","2":"type-product","3":"status-publish","4":"has-post-thumbnail","6":"product_cat-309-neopren","7":"product_cat-men","8":"product_cat-men-only","9":"product_cat-produktion-auf-bestellung-liveproduktion","10":"product_cat-wojoer","11":"product_tag-1beachwear","12":"product_tag-neopren","13":"product_tag-string","14":"product_shipping_class-neopren","15":"pa_farbe-schwarz","16":"pa_groesse-l","17":"pa_groesse-m","18":"pa_groesse-s","19":"pa_groesse-xl","20":"pa_groesse-xxl","21":"pif-has-gallery","22":"post-1","23":"odd","25":"first","26":"instock","27":"taxable","28":"shipping-taxable","29":"purchasable","30":"product-type-variable","31":"has-default-attributes"},"yoast_head":"<!-- This site is optimized with the Yoast SEO plugin v27.2 - https:\/\/yoast.com\/product\/yoast-seo-wordpress\/ -->\n<title>neopren Minihipster | swim trunks Badehose | WOJOER<\/title>\n<meta name=\"description\" content=\"Neopren ungewohnt knapp. Nicht nur das in Deutschland gefertigte Matthautneopren ist ungewohnt erotisch, auch die Best-Fit-Verarbeitung ist \u00fcberzeugend. Jetzt versandkostenfrei online bestellen.\" \/>\n<meta name=\"robots\" content=\"index, follow, max-snippet:-1, max-image-preview:large, max-video-preview:-1\" \/>\n<link rel=\"canonical\" href=\"https:\/\/www.wojoer.de\/en\/produkt\/matt-neopren-minihipster\/\" \/>\n<meta name=\"twitter:card\" content=\"summary_large_image\" \/>\n<meta name=\"twitter:title\" content=\"neopren Minihipster | swim trunks Badehose | WOJOER\" \/>\n<meta name=\"twitter:description\" content=\"Neopren ungewohnt knapp. Nicht nur das in Deutschland gefertigte Matthautneopren ist ungewohnt erotisch, auch die Best-Fit-Verarbeitung ist \u00fcberzeugend. Jetzt versandkostenfrei online bestellen.\" \/>\n<meta name=\"twitter:image\" content=\"https:\/\/www.wojoer.de\/wp-content\/uploads\/2026\/04\/0509-P725-0S-33-06-3.-Neopren-MiniHipster-dehnbar-schwarz-L-side-wojoer.jpg\" \/>\n<meta name=\"twitter:label1\" content=\"Estimated reading time\" \/>\n\t<meta name=\"twitter:data1\" content=\"2 minutes\" \/>\n<script type=\"application\/ld+json\" class=\"yoast-schema-graph\">{\"@context\":\"https:\/\/schema.org\",\"@graph\":[{\"@type\":\"WebPage\",\"@id\":\"https:\/\/www.wojoer.de\/produkt\/matt-neopren-minihipster\/\",\"url\":\"https:\/\/www.wojoer.de\/produkt\/matt-neopren-minihipster\/\",\"name\":\"neopren Minihipster | swim trunks Badehose | WOJOER\",\"isPartOf\":{\"@id\":\"https:\/\/www.wojoer.de\/#website\"},\"primaryImageOfPage\":{\"@id\":\"https:\/\/www.wojoer.de\/produkt\/matt-neopren-minihipster\/#primaryimage\"},\"image\":{\"@id\":\"https:\/\/www.wojoer.de\/produkt\/matt-neopren-minihipster\/#primaryimage\"},\"thumbnailUrl\":\"https:\/\/www.wojoer.de\/wp-content\/uploads\/2026\/04\/0509-P725-0S-33-06-3.-Neopren-MiniHipster-dehnbar-schwarz-L-side-wojoer.jpg\",\"datePublished\":\"2026-04-30T08:57:03+00:00\",\"dateModified\":\"2026-05-05T13:12:00+00:00\",\"description\":\"Neopren ungewohnt knapp. Nicht nur das in Deutschland gefertigte Matthautneopren ist ungewohnt erotisch, auch die Best-Fit-Verarbeitung ist \u00fcberzeugend. Jetzt versandkostenfrei online bestellen.\",\"breadcrumb\":{\"@id\":\"https:\/\/www.wojoer.de\/produkt\/matt-neopren-minihipster\/#breadcrumb\"},\"inLanguage\":\"en-GB\",\"potentialAction\":[{\"@type\":\"ReadAction\",\"target\":[\"https:\/\/www.wojoer.de\/produkt\/matt-neopren-minihipster\/\"]}]},{\"@type\":\"ImageObject\",\"inLanguage\":\"en-GB\",\"@id\":\"https:\/\/www.wojoer.de\/produkt\/matt-neopren-minihipster\/#primaryimage\",\"url\":\"https:\/\/www.wojoer.de\/wp-content\/uploads\/2026\/04\/0509-P725-0S-33-06-3.-Neopren-MiniHipster-dehnbar-schwarz-L-side-wojoer.jpg\",\"contentUrl\":\"https:\/\/www.wojoer.de\/wp-content\/uploads\/2026\/04\/0509-P725-0S-33-06-3.-Neopren-MiniHipster-dehnbar-schwarz-L-side-wojoer.jpg\",\"width\":1755,\"height\":1755},{\"@type\":\"BreadcrumbList\",\"@id\":\"https:\/\/www.wojoer.de\/produkt\/matt-neopren-minihipster\/#breadcrumb\",\"itemListElement\":[{\"@type\":\"ListItem\",\"position\":1,\"name\":\"Startseite\",\"item\":\"https:\/\/www.wojoer.de\/\"},{\"@type\":\"ListItem\",\"position\":2,\"name\":\"SHOP\",\"item\":\"https:\/\/www.wojoer.de\/shop\/\"},{\"@type\":\"ListItem\",\"position\":3,\"name\":\"Matt Neopren Minihipster\"}]},{\"@type\":\"WebSite\",\"@id\":\"https:\/\/www.wojoer.de\/#website\",\"url\":\"https:\/\/www.wojoer.de\/\",\"name\":\"WOJOER\",\"description\":\"clubwear for men\",\"publisher\":{\"@id\":\"https:\/\/www.wojoer.de\/#organization\"},\"potentialAction\":[{\"@type\":\"SearchAction\",\"target\":{\"@type\":\"EntryPoint\",\"urlTemplate\":\"https:\/\/www.wojoer.de\/?s={search_term_string}\"},\"query-input\":{\"@type\":\"PropertyValueSpecification\",\"valueRequired\":true,\"valueName\":\"search_term_string\"}}],\"inLanguage\":\"en-GB\"},{\"@type\":\"Organization\",\"@id\":\"https:\/\/www.wojoer.de\/#organization\",\"name\":\"Wonneberger-Manufaktur\",\"url\":\"https:\/\/www.wojoer.de\/\",\"logo\":{\"@type\":\"ImageObject\",\"inLanguage\":\"en-GB\",\"@id\":\"https:\/\/www.wojoer.de\/#\/schema\/logo\/image\/\",\"url\":\"https:\/\/www.wojoer.de\/wp-content\/uploads\/2016\/11\/wonnebergermanufaktur_logo_BUTTON.png\",\"contentUrl\":\"https:\/\/www.wojoer.de\/wp-content\/uploads\/2016\/11\/wonnebergermanufaktur_logo_BUTTON.png\",\"width\":765,\"height\":765,\"caption\":\"Wonneberger-Manufaktur\"},\"image\":{\"@id\":\"https:\/\/www.wojoer.de\/#\/schema\/logo\/image\/\"},\"sameAs\":[\"https:\/\/www.facebook.com\/wojoer\/\",\"https:\/\/de.pinterest.com\/W0J0ER\/\"]}]}<\/script>\n<!-- \/ Yoast SEO plugin. -->","yoast_head_json":{"title":"neopren Minihipster | swim trunks Badehose | WOJOER","description":"Neopren ungewohnt knapp. Nicht nur das in Deutschland gefertigte Matthautneopren ist ungewohnt erotisch, auch die Best-Fit-Verarbeitung ist \u00fcberzeugend. Jetzt versandkostenfrei online bestellen.","robots":{"index":"index","follow":"follow","max-snippet":"max-snippet:-1","max-image-preview":"max-image-preview:large","max-video-preview":"max-video-preview:-1"},"canonical":"https:\/\/www.wojoer.de\/en\/produkt\/matt-neopren-minihipster\/","twitter_card":"summary_large_image","twitter_title":"[:de]neopren Minihipster | swim trunks Badehose | WOJOER[:]","twitter_description":"[:de]Neopren ungewohnt knapp. Nicht nur das in Deutschland gefertigte Matthautneopren ist ungewohnt erotisch, auch die Best-Fit-Verarbeitung ist \u00fcberzeugend. Jetzt versandkostenfrei online bestellen.[:]","twitter_image":"https:\/\/www.wojoer.de\/wp-content\/uploads\/2026\/04\/0509-P725-0S-33-06-3.-Neopren-MiniHipster-dehnbar-schwarz-L-side-wojoer.jpg","twitter_misc":{"Estimated reading time":"2 minutes"},"schema":{"@context":"https:\/\/schema.org","@graph":[{"@type":"WebPage","@id":"https:\/\/www.wojoer.de\/produkt\/matt-neopren-minihipster\/","url":"https:\/\/www.wojoer.de\/produkt\/matt-neopren-minihipster\/","name":"neopren Minihipster | swim trunks Badehose | WOJOER","isPartOf":{"@id":"https:\/\/www.wojoer.de\/#website"},"primaryImageOfPage":{"@id":"https:\/\/www.wojoer.de\/produkt\/matt-neopren-minihipster\/#primaryimage"},"image":{"@id":"https:\/\/www.wojoer.de\/produkt\/matt-neopren-minihipster\/#primaryimage"},"thumbnailUrl":"https:\/\/www.wojoer.de\/wp-content\/uploads\/2026\/04\/0509-P725-0S-33-06-3.-Neopren-MiniHipster-dehnbar-schwarz-L-side-wojoer.jpg","datePublished":"2026-04-30T08:57:03+00:00","dateModified":"2026-05-05T13:12:00+00:00","description":"Neopren ungewohnt knapp. Nicht nur das in Deutschland gefertigte Matthautneopren ist ungewohnt erotisch, auch die Best-Fit-Verarbeitung ist \u00fcberzeugend. Jetzt versandkostenfrei online bestellen.","breadcrumb":{"@id":"https:\/\/www.wojoer.de\/produkt\/matt-neopren-minihipster\/#breadcrumb"},"inLanguage":"en-GB","potentialAction":[{"@type":"ReadAction","target":["https:\/\/www.wojoer.de\/produkt\/matt-neopren-minihipster\/"]}]},{"@type":"ImageObject","inLanguage":"en-GB","@id":"https:\/\/www.wojoer.de\/produkt\/matt-neopren-minihipster\/#primaryimage","url":"https:\/\/www.wojoer.de\/wp-content\/uploads\/2026\/04\/0509-P725-0S-33-06-3.-Neopren-MiniHipster-dehnbar-schwarz-L-side-wojoer.jpg","contentUrl":"https:\/\/www.wojoer.de\/wp-content\/uploads\/2026\/04\/0509-P725-0S-33-06-3.-Neopren-MiniHipster-dehnbar-schwarz-L-side-wojoer.jpg","width":1755,"height":1755},{"@type":"BreadcrumbList","@id":"https:\/\/www.wojoer.de\/produkt\/matt-neopren-minihipster\/#breadcrumb","itemListElement":[{"@type":"ListItem","position":1,"name":"Startseite","item":"https:\/\/www.wojoer.de\/"},{"@type":"ListItem","position":2,"name":"SHOP","item":"https:\/\/www.wojoer.de\/shop\/"},{"@type":"ListItem","position":3,"name":"Matt Neopren Minihipster"}]},{"@type":"WebSite","@id":"https:\/\/www.wojoer.de\/#website","url":"https:\/\/www.wojoer.de\/","name":"WOJOER","description":"clubwear for men","publisher":{"@id":"https:\/\/www.wojoer.de\/#organization"},"potentialAction":[{"@type":"SearchAction","target":{"@type":"EntryPoint","urlTemplate":"https:\/\/www.wojoer.de\/?s={search_term_string}"},"query-input":{"@type":"PropertyValueSpecification","valueRequired":true,"valueName":"search_term_string"}}],"inLanguage":"en-GB"},{"@type":"Organization","@id":"https:\/\/www.wojoer.de\/#organization","name":"Wonneberger-Manufaktur","url":"https:\/\/www.wojoer.de\/","logo":{"@type":"ImageObject","inLanguage":"en-GB","@id":"https:\/\/www.wojoer.de\/#\/schema\/logo\/image\/","url":"https:\/\/www.wojoer.de\/wp-content\/uploads\/2016\/11\/wonnebergermanufaktur_logo_BUTTON.png","contentUrl":"https:\/\/www.wojoer.de\/wp-content\/uploads\/2016\/11\/wonnebergermanufaktur_logo_BUTTON.png","width":765,"height":765,"caption":"Wonneberger-Manufaktur"},"image":{"@id":"https:\/\/www.wojoer.de\/#\/schema\/logo\/image\/"},"sameAs":["https:\/\/www.facebook.com\/wojoer\/","https:\/\/de.pinterest.com\/W0J0ER\/"]}]}},"_links":{"self":[{"href":"https:\/\/www.wojoer.de\/en\/wp-json\/wp\/v2\/product\/63600","targetHints":{"allow":["GET"]}}],"collection":[{"href":"https:\/\/www.wojoer.de\/en\/wp-json\/wp\/v2\/product"}],"about":[{"href":"https:\/\/www.wojoer.de\/en\/wp-json\/wp\/v2\/types\/product"}],"replies":[{"embeddable":true,"href":"https:\/\/www.wojoer.de\/en\/wp-json\/wp\/v2\/comments?post=63600"}],"wp:featuredmedia":[{"embeddable":true,"href":"https:\/\/www.wojoer.de\/en\/wp-json\/wp\/v2\/media\/63442"}],"wp:attachment":[{"href":"https:\/\/www.wojoer.de\/en\/wp-json\/wp\/v2\/media?parent=63600"}],"wp:term":[{"taxonomy":"product_brand","embeddable":true,"href":"https:\/\/www.wojoer.de\/en\/wp-json\/wp\/v2\/product_brand?post=63600"},{"taxonomy":"product_cat","embeddable":true,"href":"https:\/\/www.wojoer.de\/en\/wp-json\/wp\/v2\/product_cat?post=63600"},{"taxonomy":"product_tag","embeddable":true,"href":"https:\/\/www.wojoer.de\/en\/wp-json\/wp\/v2\/product_tag?post=63600"}],"curies":[{"name":"wp","href":"https:\/\/api.w.org\/{rel}","templated":true}]}}