{"id":6367,"date":"2017-06-22T14:49:35","date_gmt":"2017-06-22T12:49:35","guid":{"rendered":"http:\/\/www.wojoer.de\/produkt\/funxtion-weisser-gummi-string\/"},"modified":"2025-12-18T20:38:57","modified_gmt":"2025-12-18T19:38:57","slug":"funxtion-weisser-gummi-string","status":"publish","type":"product","link":"https:\/\/www.wojoer.de\/en\/produkt\/funxtion-weisser-gummi-string\/","title":{"rendered":"FUN-X-TION STRING 325D700W wei\u00df"},"content":{"rendered":"<p>Produktion auf Bestellung. Daher ist der wei\u00dfer Gummi String &#8220;funXtion&#8221; 325D700W ein WOJOER &#8220;LIVE&#8221;-Produkt.<\/p>\n<h3>Gr\u00f6\u00dfen<\/h3>\n<p>Erh\u00e4ltlich in den Gr\u00f6\u00dfen S, M, L, XL<\/p>\n<h3>Materialzusammensetzung<\/h3>\n<p>funXtion &#8211; ein sehr d\u00fcnnes und leicht dehnbares Lateximitat mit einer Netzinnenkaschierung: 50% Polyurethan, 50% Polyester<\/p>\n<h3>Besonderheiten<\/h3>\n<p><a href=\"http:\/\/www.wojoer.de\/?s=live&#038;post_type=product\">LIVE Produkt<\/a> | besonders durchsichtig | wenig dehnbares Gummimaterial | Netz als Innenkaschierung | hautenge Passform | schwarze Bandapplikationen auf H\u00fcfte &#038; Kn\u00f6chel | hochwertige Verarbeitung &#8220;Made in Germany&#8221;<\/p>\n<h3>Benutzerhinweise<\/h3>\n<p>30\u00b0 Schonw\u00e4sche<\/p>\n<h3>FUNXTION STRING &#8211; wei\u00dfer Gummi String<\/h3>\n<p>Unschuldig wei\u00df, aber s\u00fcndig fantastisch. Mhh, vor allem ist da dieses gummiartige Knistern, das jede deiner Bewegungen begleitet. Es wird dich nicht mehr loslassen. Es ist ein Lockruf der Wonne. Viel berauschender noch ist aber das Gef\u00fchl der Enge. Mit seinen knappen eng umschlie\u00dfenden Schnitt ist der FunXtion schmalissimo etwas f\u00fcr echte Fetisch Fans. Das synthetische Rubbermaterial umschlie\u00dft den K\u00f6rper quietschend mit einer gl\u00e4nzenden zweiten Haut. Sie ist leicht durchsichtig und vollkommen \u00d6l- und Wasserabweisend. Wohingegen aber das feine Netzmaterial auf der Innenseite das Gef\u00fchl des Schwitzens optimal minimiert. Man k\u00f6nnte also sagen funXtion ist synthetisch optimiertes Latex!<\/p>\n<p>&nbsp;<\/p>\n","protected":false},"excerpt":{"rendered":"<p>Produktion auf Bestellung. Daher ist der wei\u00dfer Gummi String &#8220;funXtion&#8221; 325D700W ein WOJOER &#8220;LIVE&#8221;-Produkt.<br \/>\nGr\u00f6\u00dfen<br \/>\nErh\u00e4ltlich in den Gr\u00f6\u00dfen S, M, L, XL<br \/>\nMaterialzusammensetzung<br \/>\nfunXtion &#8211; ein sehr d\u00fcnnes und leicht dehnbares Lateximitat mit einer Netzinnenkaschierung: 50% Polyurethan, 50% Polyester<br \/>\nBesonderheiten<br \/>\nLIVE Produkt | besonders durchsichtig\u2026<\/p>\n","protected":false},"featured_media":5803,"comment_status":"open","ping_status":"closed","template":"","meta":[],"product_brand":[],"product_cat":[801,114,169,473,326],"product_tag":[108,119,290,387],"class_list":{"0":"post-6367","1":"product","2":"type-product","3":"status-publish","4":"has-post-thumbnail","6":"product_cat-352-funxtion","7":"product_cat-fetisch","8":"product_cat-nos-never-out-of-stock","9":"product_cat-men","10":"product_cat-wojoer","11":"product_tag-1beachwear","12":"product_tag-string","13":"product_tag-synthetischeslatex","14":"product_tag-transparent","15":"product_shipping_class-beun","16":"pa_groesse-l","17":"pa_groesse-m","18":"pa_groesse-s","19":"pa_groesse-xl","20":"pa_groesse-xs","21":"pa_groesse-xxl","22":"pa_groesse-xxs","23":"pa_groesse-xxxl","24":"pif-has-gallery","25":"post-1","26":"odd","28":"first","29":"instock","30":"featured","31":"taxable","32":"shipping-taxable","33":"purchasable","34":"product-type-variable"},"yoast_head":"<!-- This site is optimized with the Yoast SEO plugin v27.2 - https:\/\/yoast.com\/product\/yoast-seo-wordpress\/ -->\n<title>wei\u00dfer Gummi String | synthetisches Netz-Latex | funXtion von WOJOER<\/title>\n<meta name=\"description\" content=\"Wasser-&amp; \u00d6labweisender wei\u00dfer Gummi String, synthetischer Netz-Latex. Wei\u00dfer Rubber String. Enganliegend, mit Netzkaschierung angenehm trocken auf der Haut.\" \/>\n<meta name=\"robots\" content=\"index, follow, max-snippet:-1, max-image-preview:large, max-video-preview:-1\" \/>\n<link rel=\"canonical\" href=\"https:\/\/www.wojoer.de\/en\/produkt\/funxtion-weisser-gummi-string\/\" \/>\n<meta name=\"twitter:card\" content=\"summary_large_image\" \/>\n<meta name=\"twitter:title\" content=\"wei\u00dfer Gummi String | synthetisches Netz-Latex | funXtion von WOJOER\" \/>\n<meta name=\"twitter:description\" content=\"Wasser-&amp; \u00d6labweisender wei\u00dfer Gummi String, synthetischer Netz-Latex. Wei\u00dfer Rubber String. Enganliegend, mit Netzkaschierung angenehm trocken auf der Haut.\" \/>\n<meta name=\"twitter:image\" content=\"https:\/\/www.wojoer.de\/wp-content\/uploads\/2017\/05\/325E700_funXtion_string_side_wojoer.jpg\" \/>\n<meta name=\"twitter:label1\" content=\"Estimated reading time\" \/>\n\t<meta name=\"twitter:data1\" content=\"1 minute\" \/>\n<script type=\"application\/ld+json\" class=\"yoast-schema-graph\">{\"@context\":\"https:\/\/schema.org\",\"@graph\":[{\"@type\":\"WebPage\",\"@id\":\"https:\/\/www.wojoer.de\/en\/produkt\/funxtion-weisser-gummi-string\/\",\"url\":\"https:\/\/www.wojoer.de\/en\/produkt\/funxtion-weisser-gummi-string\/\",\"name\":\"wei\u00dfer Gummi String | synthetisches Netz-Latex | funXtion von WOJOER\",\"isPartOf\":{\"@id\":\"https:\/\/www.wojoer.de\/#website\"},\"primaryImageOfPage\":{\"@id\":\"https:\/\/www.wojoer.de\/en\/produkt\/funxtion-weisser-gummi-string\/#primaryimage\"},\"image\":{\"@id\":\"https:\/\/www.wojoer.de\/en\/produkt\/funxtion-weisser-gummi-string\/#primaryimage\"},\"thumbnailUrl\":\"https:\/\/www.wojoer.de\/wp-content\/uploads\/2017\/05\/325E700_funXtion_string_side_wojoer.jpg\",\"datePublished\":\"2017-06-22T12:49:35+00:00\",\"dateModified\":\"2025-12-18T19:38:57+00:00\",\"description\":\"Wasser-& \u00d6labweisender wei\u00dfer Gummi String, synthetischer Netz-Latex. Wei\u00dfer Rubber String. Enganliegend, mit Netzkaschierung angenehm trocken auf der Haut.\",\"breadcrumb\":{\"@id\":\"https:\/\/www.wojoer.de\/en\/produkt\/funxtion-weisser-gummi-string\/#breadcrumb\"},\"inLanguage\":\"en-GB\",\"potentialAction\":[{\"@type\":\"ReadAction\",\"target\":[\"https:\/\/www.wojoer.de\/en\/produkt\/funxtion-weisser-gummi-string\/\"]}]},{\"@type\":\"ImageObject\",\"inLanguage\":\"en-GB\",\"@id\":\"https:\/\/www.wojoer.de\/en\/produkt\/funxtion-weisser-gummi-string\/#primaryimage\",\"url\":\"https:\/\/www.wojoer.de\/wp-content\/uploads\/2017\/05\/325E700_funXtion_string_side_wojoer.jpg\",\"contentUrl\":\"https:\/\/www.wojoer.de\/wp-content\/uploads\/2017\/05\/325E700_funXtion_string_side_wojoer.jpg\",\"width\":2002,\"height\":2002,\"caption\":\"wei\u00dfer gummi String, synthetischer Latex String, synthetischer rubber, wei\u00dfer wasserdichter Netz-Gummi String\"},{\"@type\":\"BreadcrumbList\",\"@id\":\"https:\/\/www.wojoer.de\/en\/produkt\/funxtion-weisser-gummi-string\/#breadcrumb\",\"itemListElement\":[{\"@type\":\"ListItem\",\"position\":1,\"name\":\"Startseite\",\"item\":\"https:\/\/www.wojoer.de\/\"},{\"@type\":\"ListItem\",\"position\":2,\"name\":\"SHOP\",\"item\":\"https:\/\/www.wojoer.de\/shop\/\"},{\"@type\":\"ListItem\",\"position\":3,\"name\":\"FUN-X-TION STRING 325D700W wei\u00df\"}]},{\"@type\":\"WebSite\",\"@id\":\"https:\/\/www.wojoer.de\/#website\",\"url\":\"https:\/\/www.wojoer.de\/\",\"name\":\"WOJOER\",\"description\":\"clubwear for men\",\"publisher\":{\"@id\":\"https:\/\/www.wojoer.de\/#organization\"},\"potentialAction\":[{\"@type\":\"SearchAction\",\"target\":{\"@type\":\"EntryPoint\",\"urlTemplate\":\"https:\/\/www.wojoer.de\/?s={search_term_string}\"},\"query-input\":{\"@type\":\"PropertyValueSpecification\",\"valueRequired\":true,\"valueName\":\"search_term_string\"}}],\"inLanguage\":\"en-GB\"},{\"@type\":\"Organization\",\"@id\":\"https:\/\/www.wojoer.de\/#organization\",\"name\":\"Wonneberger-Manufaktur\",\"url\":\"https:\/\/www.wojoer.de\/\",\"logo\":{\"@type\":\"ImageObject\",\"inLanguage\":\"en-GB\",\"@id\":\"https:\/\/www.wojoer.de\/#\/schema\/logo\/image\/\",\"url\":\"https:\/\/www.wojoer.de\/wp-content\/uploads\/2016\/11\/wonnebergermanufaktur_logo_BUTTON.png\",\"contentUrl\":\"https:\/\/www.wojoer.de\/wp-content\/uploads\/2016\/11\/wonnebergermanufaktur_logo_BUTTON.png\",\"width\":765,\"height\":765,\"caption\":\"Wonneberger-Manufaktur\"},\"image\":{\"@id\":\"https:\/\/www.wojoer.de\/#\/schema\/logo\/image\/\"},\"sameAs\":[\"https:\/\/www.facebook.com\/wojoer\/\",\"https:\/\/de.pinterest.com\/W0J0ER\/\"]}]}<\/script>\n<!-- \/ Yoast SEO plugin. -->","yoast_head_json":{"title":"wei\u00dfer Gummi String | synthetisches Netz-Latex | funXtion von WOJOER","description":"Wasser-& \u00d6labweisender wei\u00dfer Gummi String, synthetischer Netz-Latex. Wei\u00dfer Rubber String. Enganliegend, mit Netzkaschierung angenehm trocken auf der Haut.","robots":{"index":"index","follow":"follow","max-snippet":"max-snippet:-1","max-image-preview":"max-image-preview:large","max-video-preview":"max-video-preview:-1"},"canonical":"https:\/\/www.wojoer.de\/en\/produkt\/funxtion-weisser-gummi-string\/","twitter_card":"summary_large_image","twitter_title":"wei\u00dfer Gummi String | synthetisches Netz-Latex | funXtion von WOJOER","twitter_description":"Wasser-& \u00d6labweisender wei\u00dfer Gummi String, synthetischer Netz-Latex. Wei\u00dfer Rubber String. Enganliegend, mit Netzkaschierung angenehm trocken auf der Haut.","twitter_image":"https:\/\/www.wojoer.de\/wp-content\/uploads\/2017\/05\/325E700_funXtion_string_side_wojoer.jpg","twitter_misc":{"Estimated reading time":"1 minute"},"schema":{"@context":"https:\/\/schema.org","@graph":[{"@type":"WebPage","@id":"https:\/\/www.wojoer.de\/en\/produkt\/funxtion-weisser-gummi-string\/","url":"https:\/\/www.wojoer.de\/en\/produkt\/funxtion-weisser-gummi-string\/","name":"wei\u00dfer Gummi String | synthetisches Netz-Latex | funXtion von WOJOER","isPartOf":{"@id":"https:\/\/www.wojoer.de\/#website"},"primaryImageOfPage":{"@id":"https:\/\/www.wojoer.de\/en\/produkt\/funxtion-weisser-gummi-string\/#primaryimage"},"image":{"@id":"https:\/\/www.wojoer.de\/en\/produkt\/funxtion-weisser-gummi-string\/#primaryimage"},"thumbnailUrl":"https:\/\/www.wojoer.de\/wp-content\/uploads\/2017\/05\/325E700_funXtion_string_side_wojoer.jpg","datePublished":"2017-06-22T12:49:35+00:00","dateModified":"2025-12-18T19:38:57+00:00","description":"Wasser-& \u00d6labweisender wei\u00dfer Gummi String, synthetischer Netz-Latex. Wei\u00dfer Rubber String. Enganliegend, mit Netzkaschierung angenehm trocken auf der Haut.","breadcrumb":{"@id":"https:\/\/www.wojoer.de\/en\/produkt\/funxtion-weisser-gummi-string\/#breadcrumb"},"inLanguage":"en-GB","potentialAction":[{"@type":"ReadAction","target":["https:\/\/www.wojoer.de\/en\/produkt\/funxtion-weisser-gummi-string\/"]}]},{"@type":"ImageObject","inLanguage":"en-GB","@id":"https:\/\/www.wojoer.de\/en\/produkt\/funxtion-weisser-gummi-string\/#primaryimage","url":"https:\/\/www.wojoer.de\/wp-content\/uploads\/2017\/05\/325E700_funXtion_string_side_wojoer.jpg","contentUrl":"https:\/\/www.wojoer.de\/wp-content\/uploads\/2017\/05\/325E700_funXtion_string_side_wojoer.jpg","width":2002,"height":2002,"caption":"wei\u00dfer gummi String, synthetischer Latex String, synthetischer rubber, wei\u00dfer wasserdichter Netz-Gummi String"},{"@type":"BreadcrumbList","@id":"https:\/\/www.wojoer.de\/en\/produkt\/funxtion-weisser-gummi-string\/#breadcrumb","itemListElement":[{"@type":"ListItem","position":1,"name":"Startseite","item":"https:\/\/www.wojoer.de\/"},{"@type":"ListItem","position":2,"name":"SHOP","item":"https:\/\/www.wojoer.de\/shop\/"},{"@type":"ListItem","position":3,"name":"FUN-X-TION STRING 325D700W wei\u00df"}]},{"@type":"WebSite","@id":"https:\/\/www.wojoer.de\/#website","url":"https:\/\/www.wojoer.de\/","name":"WOJOER","description":"clubwear for men","publisher":{"@id":"https:\/\/www.wojoer.de\/#organization"},"potentialAction":[{"@type":"SearchAction","target":{"@type":"EntryPoint","urlTemplate":"https:\/\/www.wojoer.de\/?s={search_term_string}"},"query-input":{"@type":"PropertyValueSpecification","valueRequired":true,"valueName":"search_term_string"}}],"inLanguage":"en-GB"},{"@type":"Organization","@id":"https:\/\/www.wojoer.de\/#organization","name":"Wonneberger-Manufaktur","url":"https:\/\/www.wojoer.de\/","logo":{"@type":"ImageObject","inLanguage":"en-GB","@id":"https:\/\/www.wojoer.de\/#\/schema\/logo\/image\/","url":"https:\/\/www.wojoer.de\/wp-content\/uploads\/2016\/11\/wonnebergermanufaktur_logo_BUTTON.png","contentUrl":"https:\/\/www.wojoer.de\/wp-content\/uploads\/2016\/11\/wonnebergermanufaktur_logo_BUTTON.png","width":765,"height":765,"caption":"Wonneberger-Manufaktur"},"image":{"@id":"https:\/\/www.wojoer.de\/#\/schema\/logo\/image\/"},"sameAs":["https:\/\/www.facebook.com\/wojoer\/","https:\/\/de.pinterest.com\/W0J0ER\/"]}]}},"_links":{"self":[{"href":"https:\/\/www.wojoer.de\/en\/wp-json\/wp\/v2\/product\/6367","targetHints":{"allow":["GET"]}}],"collection":[{"href":"https:\/\/www.wojoer.de\/en\/wp-json\/wp\/v2\/product"}],"about":[{"href":"https:\/\/www.wojoer.de\/en\/wp-json\/wp\/v2\/types\/product"}],"replies":[{"embeddable":true,"href":"https:\/\/www.wojoer.de\/en\/wp-json\/wp\/v2\/comments?post=6367"}],"wp:featuredmedia":[{"embeddable":true,"href":"https:\/\/www.wojoer.de\/en\/wp-json\/wp\/v2\/media\/5803"}],"wp:attachment":[{"href":"https:\/\/www.wojoer.de\/en\/wp-json\/wp\/v2\/media?parent=6367"}],"wp:term":[{"taxonomy":"product_brand","embeddable":true,"href":"https:\/\/www.wojoer.de\/en\/wp-json\/wp\/v2\/product_brand?post=6367"},{"taxonomy":"product_cat","embeddable":true,"href":"https:\/\/www.wojoer.de\/en\/wp-json\/wp\/v2\/product_cat?post=6367"},{"taxonomy":"product_tag","embeddable":true,"href":"https:\/\/www.wojoer.de\/en\/wp-json\/wp\/v2\/product_tag?post=6367"}],"curies":[{"name":"wp","href":"https:\/\/api.w.org\/{rel}","templated":true}]}}