{"id":6475,"date":"2017-07-10T13:25:31","date_gmt":"2017-07-10T11:25:31","guid":{"rendered":"http:\/\/www.wojoer.de\/produkt\/powernet-netz-body-neongelb\/"},"modified":"2024-11-13T08:29:14","modified_gmt":"2024-11-13T07:29:14","slug":"powernet-netz-body-neongelb","status":"publish","type":"product","link":"https:\/\/www.wojoer.de\/en\/produkt\/powernet-netz-body-neongelb\/","title":{"rendered":"POWERNET SLIP BODY 333S1"},"content":{"rendered":"<p>Produktion nur auf Bestellung. Daher geh\u00f6rt der neongelbe POWERNET Netz Body 333S1 in die Kategorie &#8220;LIVE&#8221;-Produkt.<\/p>\n<h3>Gr\u00f6\u00dfen<\/h3>\n<p>Erh\u00e4ltlich in den Gr\u00f6\u00dfen S, M, L, XL<\/p>\n<h3>Materialzusammensetzung<\/h3>\n<p>POWERNET ist ein super feines, stark dehnbares und robustes Netz: 96% Polyester | 4% Elasthan<\/p>\n<p>B\u00f6rtchen: 80% Polyamid | 20% Elasthan<\/p>\n<h3>Besonderheiten<\/h3>\n<p><a href=\"http:\/\/www.wojoer.de\/?s=live&#038;post_type=product\">LIVE Produkt<\/a> | <a href=\"http:\/\/www.wojoer.de\/produkt-schlagwort\/ganzk\u00f6rpernazug\/\">Ganzk\u00f6rperanzug<\/a> | besonders durchsichtig | sehr dehnbares Netzmaterial | super robust | hautenge Passform | Rei\u00dfverschluss mit Untertritt vom Hals bis unter den Genitalbereich | neon farbene Umrandungen\u00a0 | hochwertige Verarbeitung &#8220;Made in Germany&#8221;<\/p>\n<h3>Benutzerhinweise<\/h3>\n<p>Handw\u00e4sche<\/p>\n<h3>POWERNET BODY &#8211; schwarzer Netz Body<\/h3>\n<p>Ein Hauch von Nichts. Dieser Netzbody ist durchschimmernde Lust. Denn seine feine, extrem dehnbare Materialit\u00e4t gew\u00e4hrt gerade mal so viel Einblick, um die Spannung ins Unermessliche zu steigern. Jede Adonis Kurve wird mit einem federweichen Gef\u00fchl und tiefen Kontrasten umschmeichelt. Dennoch ist der Powernet Body nicht nur wahnsinnig reizend anzusehen, auch safe-play steht an erster Stelle. Somit \u00fcberzeugt er mit einem sch\u00fctzendem Untertritt hinter dem variablen Zwei-Wege-Rei\u00dfverschluss. Zu guter letzt sorgen die neun gelben Details f\u00fcr einen einmalig spannungsvollen Reiz.<\/p>\n<p>&nbsp;<\/p>\n","protected":false},"excerpt":{"rendered":"<p>Produktion nur auf Bestellung. Daher geh\u00f6rt der neongelbe POWERNET Netz Body 333S1 in die Kategorie &#8220;LIVE&#8221;-Produkt.<br \/>\nGr\u00f6\u00dfen<br \/>\nErh\u00e4ltlich in den Gr\u00f6\u00dfen S, M, L, XL<br \/>\nMaterialzusammensetzung<br \/>\nPOWERNET ist ein super feines, stark dehnbares und robustes Netz: 96% Polyester | 4% Elasthan<\/p>\n<p>B\u00f6rtchen: 80% Polyamid |\u2026<\/p>\n","protected":false},"featured_media":6809,"comment_status":"open","ping_status":"closed","template":"","meta":[],"product_brand":[],"product_cat":[806,116,114,473,195,326],"product_tag":[108,186,250,246,368,189,387],"class_list":{"0":"post-6475","1":"product","2":"type-product","3":"status-publish","4":"has-post-thumbnail","6":"product_cat-powernet","7":"product_cat-clubwear","8":"product_cat-fetisch","9":"product_cat-men","10":"product_cat-produktion-auf-bestellung-liveproduktion","11":"product_cat-wojoer","12":"product_tag-1beachwear","13":"product_tag-body","14":"product_tag-funktion","15":"product_tag-netz","16":"product_tag-quick-fun-action","17":"product_tag-reissverschluss","18":"product_tag-transparent","19":"product_shipping_class-beun","20":"pa_groesse-l","21":"pa_groesse-m","22":"pa_groesse-s","23":"pa_groesse-xl","24":"pif-has-gallery","25":"post-1","26":"odd","28":"first","29":"instock","30":"featured","31":"taxable","32":"shipping-taxable","33":"purchasable","34":"product-type-variable"},"yoast_head":"<!-- This site is optimized with the Yoast SEO plugin v27.2 - https:\/\/yoast.com\/product\/yoast-seo-wordpress\/ -->\n<title>Netz Body schwarz neongelb | Powernet von WOJOER<\/title>\n<meta name=\"description\" content=\"Netz Body schwarz mit neongelben B\u00fcndchen und Rei\u00dfverschluss. Super bequem, luftig und praktisch sexy. Jetzt versandkostenfrei bei WOJOER\" \/>\n<meta name=\"robots\" content=\"index, follow, max-snippet:-1, max-image-preview:large, max-video-preview:-1\" \/>\n<link rel=\"canonical\" href=\"https:\/\/www.wojoer.de\/en\/produkt\/powernet-netz-body-neongelb\/\" \/>\n<meta name=\"twitter:card\" content=\"summary_large_image\" \/>\n<meta name=\"twitter:title\" content=\"Netz Body schwarz neongelb | Powernet von WOJOER\" \/>\n<meta name=\"twitter:description\" content=\"Netz Body schwarz mit neongelben B\u00fcndchen und Rei\u00dfverschluss. Super bequem, luftig und praktisch sexy. Jetzt versandkostenfrei bei WOJOER\" \/>\n<meta name=\"twitter:image\" content=\"https:\/\/www.wojoer.de\/wp-content\/uploads\/2017\/07\/333S1_powernet_body_side_wojoer.jpg\" \/>\n<meta name=\"twitter:label1\" content=\"Estimated reading time\" \/>\n\t<meta name=\"twitter:data1\" content=\"1 minute\" \/>\n<script type=\"application\/ld+json\" class=\"yoast-schema-graph\">{\"@context\":\"https:\/\/schema.org\",\"@graph\":[{\"@type\":\"WebPage\",\"@id\":\"https:\/\/www.wojoer.de\/en\/produkt\/powernet-netz-body-neongelb\/\",\"url\":\"https:\/\/www.wojoer.de\/en\/produkt\/powernet-netz-body-neongelb\/\",\"name\":\"Netz Body schwarz neongelb | Powernet von WOJOER\",\"isPartOf\":{\"@id\":\"https:\/\/www.wojoer.de\/#website\"},\"primaryImageOfPage\":{\"@id\":\"https:\/\/www.wojoer.de\/en\/produkt\/powernet-netz-body-neongelb\/#primaryimage\"},\"image\":{\"@id\":\"https:\/\/www.wojoer.de\/en\/produkt\/powernet-netz-body-neongelb\/#primaryimage\"},\"thumbnailUrl\":\"https:\/\/www.wojoer.de\/wp-content\/uploads\/2017\/07\/333S1_powernet_body_side_wojoer.jpg\",\"datePublished\":\"2017-07-10T11:25:31+00:00\",\"dateModified\":\"2024-11-13T07:29:14+00:00\",\"description\":\"Netz Body schwarz mit neongelben B\u00fcndchen und Rei\u00dfverschluss. Super bequem, luftig und praktisch sexy. Jetzt versandkostenfrei bei WOJOER\",\"breadcrumb\":{\"@id\":\"https:\/\/www.wojoer.de\/en\/produkt\/powernet-netz-body-neongelb\/#breadcrumb\"},\"inLanguage\":\"en-GB\",\"potentialAction\":[{\"@type\":\"ReadAction\",\"target\":[\"https:\/\/www.wojoer.de\/en\/produkt\/powernet-netz-body-neongelb\/\"]}]},{\"@type\":\"ImageObject\",\"inLanguage\":\"en-GB\",\"@id\":\"https:\/\/www.wojoer.de\/en\/produkt\/powernet-netz-body-neongelb\/#primaryimage\",\"url\":\"https:\/\/www.wojoer.de\/wp-content\/uploads\/2017\/07\/333S1_powernet_body_side_wojoer.jpg\",\"contentUrl\":\"https:\/\/www.wojoer.de\/wp-content\/uploads\/2017\/07\/333S1_powernet_body_side_wojoer.jpg\",\"width\":2002,\"height\":2002,\"caption\":\"netz body, Powernet, Netzanzug, durchsichtiger Body, strech organza body, weicher dehnbarer T\u00fcll Anzug, Ganzk\u00f6rperanzug schwarz neongelb\"},{\"@type\":\"BreadcrumbList\",\"@id\":\"https:\/\/www.wojoer.de\/en\/produkt\/powernet-netz-body-neongelb\/#breadcrumb\",\"itemListElement\":[{\"@type\":\"ListItem\",\"position\":1,\"name\":\"Startseite\",\"item\":\"https:\/\/www.wojoer.de\/\"},{\"@type\":\"ListItem\",\"position\":2,\"name\":\"SHOP\",\"item\":\"https:\/\/www.wojoer.de\/shop\/\"},{\"@type\":\"ListItem\",\"position\":3,\"name\":\"POWERNET SLIP BODY 333S1\"}]},{\"@type\":\"WebSite\",\"@id\":\"https:\/\/www.wojoer.de\/#website\",\"url\":\"https:\/\/www.wojoer.de\/\",\"name\":\"WOJOER\",\"description\":\"clubwear for men\",\"publisher\":{\"@id\":\"https:\/\/www.wojoer.de\/#organization\"},\"potentialAction\":[{\"@type\":\"SearchAction\",\"target\":{\"@type\":\"EntryPoint\",\"urlTemplate\":\"https:\/\/www.wojoer.de\/?s={search_term_string}\"},\"query-input\":{\"@type\":\"PropertyValueSpecification\",\"valueRequired\":true,\"valueName\":\"search_term_string\"}}],\"inLanguage\":\"en-GB\"},{\"@type\":\"Organization\",\"@id\":\"https:\/\/www.wojoer.de\/#organization\",\"name\":\"Wonneberger-Manufaktur\",\"url\":\"https:\/\/www.wojoer.de\/\",\"logo\":{\"@type\":\"ImageObject\",\"inLanguage\":\"en-GB\",\"@id\":\"https:\/\/www.wojoer.de\/#\/schema\/logo\/image\/\",\"url\":\"https:\/\/www.wojoer.de\/wp-content\/uploads\/2016\/11\/wonnebergermanufaktur_logo_BUTTON.png\",\"contentUrl\":\"https:\/\/www.wojoer.de\/wp-content\/uploads\/2016\/11\/wonnebergermanufaktur_logo_BUTTON.png\",\"width\":765,\"height\":765,\"caption\":\"Wonneberger-Manufaktur\"},\"image\":{\"@id\":\"https:\/\/www.wojoer.de\/#\/schema\/logo\/image\/\"},\"sameAs\":[\"https:\/\/www.facebook.com\/wojoer\/\",\"https:\/\/de.pinterest.com\/W0J0ER\/\"]}]}<\/script>\n<!-- \/ Yoast SEO plugin. -->","yoast_head_json":{"title":"Netz Body schwarz neongelb | Powernet von WOJOER","description":"Netz Body schwarz mit neongelben B\u00fcndchen und Rei\u00dfverschluss. Super bequem, luftig und praktisch sexy. Jetzt versandkostenfrei bei WOJOER","robots":{"index":"index","follow":"follow","max-snippet":"max-snippet:-1","max-image-preview":"max-image-preview:large","max-video-preview":"max-video-preview:-1"},"canonical":"https:\/\/www.wojoer.de\/en\/produkt\/powernet-netz-body-neongelb\/","twitter_card":"summary_large_image","twitter_title":"Netz Body schwarz neongelb | Powernet von WOJOER","twitter_description":"Netz Body schwarz mit neongelben B\u00fcndchen und Rei\u00dfverschluss. Super bequem, luftig und praktisch sexy. Jetzt versandkostenfrei bei WOJOER","twitter_image":"https:\/\/www.wojoer.de\/wp-content\/uploads\/2017\/07\/333S1_powernet_body_side_wojoer.jpg","twitter_misc":{"Estimated reading time":"1 minute"},"schema":{"@context":"https:\/\/schema.org","@graph":[{"@type":"WebPage","@id":"https:\/\/www.wojoer.de\/en\/produkt\/powernet-netz-body-neongelb\/","url":"https:\/\/www.wojoer.de\/en\/produkt\/powernet-netz-body-neongelb\/","name":"Netz Body schwarz neongelb | Powernet von WOJOER","isPartOf":{"@id":"https:\/\/www.wojoer.de\/#website"},"primaryImageOfPage":{"@id":"https:\/\/www.wojoer.de\/en\/produkt\/powernet-netz-body-neongelb\/#primaryimage"},"image":{"@id":"https:\/\/www.wojoer.de\/en\/produkt\/powernet-netz-body-neongelb\/#primaryimage"},"thumbnailUrl":"https:\/\/www.wojoer.de\/wp-content\/uploads\/2017\/07\/333S1_powernet_body_side_wojoer.jpg","datePublished":"2017-07-10T11:25:31+00:00","dateModified":"2024-11-13T07:29:14+00:00","description":"Netz Body schwarz mit neongelben B\u00fcndchen und Rei\u00dfverschluss. Super bequem, luftig und praktisch sexy. Jetzt versandkostenfrei bei WOJOER","breadcrumb":{"@id":"https:\/\/www.wojoer.de\/en\/produkt\/powernet-netz-body-neongelb\/#breadcrumb"},"inLanguage":"en-GB","potentialAction":[{"@type":"ReadAction","target":["https:\/\/www.wojoer.de\/en\/produkt\/powernet-netz-body-neongelb\/"]}]},{"@type":"ImageObject","inLanguage":"en-GB","@id":"https:\/\/www.wojoer.de\/en\/produkt\/powernet-netz-body-neongelb\/#primaryimage","url":"https:\/\/www.wojoer.de\/wp-content\/uploads\/2017\/07\/333S1_powernet_body_side_wojoer.jpg","contentUrl":"https:\/\/www.wojoer.de\/wp-content\/uploads\/2017\/07\/333S1_powernet_body_side_wojoer.jpg","width":2002,"height":2002,"caption":"netz body, Powernet, Netzanzug, durchsichtiger Body, strech organza body, weicher dehnbarer T\u00fcll Anzug, Ganzk\u00f6rperanzug schwarz neongelb"},{"@type":"BreadcrumbList","@id":"https:\/\/www.wojoer.de\/en\/produkt\/powernet-netz-body-neongelb\/#breadcrumb","itemListElement":[{"@type":"ListItem","position":1,"name":"Startseite","item":"https:\/\/www.wojoer.de\/"},{"@type":"ListItem","position":2,"name":"SHOP","item":"https:\/\/www.wojoer.de\/shop\/"},{"@type":"ListItem","position":3,"name":"POWERNET SLIP BODY 333S1"}]},{"@type":"WebSite","@id":"https:\/\/www.wojoer.de\/#website","url":"https:\/\/www.wojoer.de\/","name":"WOJOER","description":"clubwear for men","publisher":{"@id":"https:\/\/www.wojoer.de\/#organization"},"potentialAction":[{"@type":"SearchAction","target":{"@type":"EntryPoint","urlTemplate":"https:\/\/www.wojoer.de\/?s={search_term_string}"},"query-input":{"@type":"PropertyValueSpecification","valueRequired":true,"valueName":"search_term_string"}}],"inLanguage":"en-GB"},{"@type":"Organization","@id":"https:\/\/www.wojoer.de\/#organization","name":"Wonneberger-Manufaktur","url":"https:\/\/www.wojoer.de\/","logo":{"@type":"ImageObject","inLanguage":"en-GB","@id":"https:\/\/www.wojoer.de\/#\/schema\/logo\/image\/","url":"https:\/\/www.wojoer.de\/wp-content\/uploads\/2016\/11\/wonnebergermanufaktur_logo_BUTTON.png","contentUrl":"https:\/\/www.wojoer.de\/wp-content\/uploads\/2016\/11\/wonnebergermanufaktur_logo_BUTTON.png","width":765,"height":765,"caption":"Wonneberger-Manufaktur"},"image":{"@id":"https:\/\/www.wojoer.de\/#\/schema\/logo\/image\/"},"sameAs":["https:\/\/www.facebook.com\/wojoer\/","https:\/\/de.pinterest.com\/W0J0ER\/"]}]}},"_links":{"self":[{"href":"https:\/\/www.wojoer.de\/en\/wp-json\/wp\/v2\/product\/6475","targetHints":{"allow":["GET"]}}],"collection":[{"href":"https:\/\/www.wojoer.de\/en\/wp-json\/wp\/v2\/product"}],"about":[{"href":"https:\/\/www.wojoer.de\/en\/wp-json\/wp\/v2\/types\/product"}],"replies":[{"embeddable":true,"href":"https:\/\/www.wojoer.de\/en\/wp-json\/wp\/v2\/comments?post=6475"}],"wp:featuredmedia":[{"embeddable":true,"href":"https:\/\/www.wojoer.de\/en\/wp-json\/wp\/v2\/media\/6809"}],"wp:attachment":[{"href":"https:\/\/www.wojoer.de\/en\/wp-json\/wp\/v2\/media?parent=6475"}],"wp:term":[{"taxonomy":"product_brand","embeddable":true,"href":"https:\/\/www.wojoer.de\/en\/wp-json\/wp\/v2\/product_brand?post=6475"},{"taxonomy":"product_cat","embeddable":true,"href":"https:\/\/www.wojoer.de\/en\/wp-json\/wp\/v2\/product_cat?post=6475"},{"taxonomy":"product_tag","embeddable":true,"href":"https:\/\/www.wojoer.de\/en\/wp-json\/wp\/v2\/product_tag?post=6475"}],"curies":[{"name":"wp","href":"https:\/\/api.w.org\/{rel}","templated":true}]}}