{"id":6562,"date":"2017-08-31T13:42:15","date_gmt":"2017-08-31T11:42:15","guid":{"rendered":"http:\/\/www.wojoer.de\/produkt\/powernet-netz-pushup-tanga-gelb\/"},"modified":"2025-07-31T10:51:01","modified_gmt":"2025-07-31T08:51:01","slug":"powernet-netz-pushup-tanga-gelb-333b44","status":"publish","type":"product","link":"https:\/\/www.wojoer.de\/en\/produkt\/powernet-netz-pushup-tanga-gelb-333b44\/","title":{"rendered":"POWERNET PUSHUP TANGA 333B44"},"content":{"rendered":"<p>Produktion nur auf Bestellung. Daher geh\u00f6rt der schwarze POWERNET Netz Pushup Tanga\u00a0333B44 in die Kategorie &#8220;LIVE&#8221;-Produkt.<\/p>\n<h3>Gr\u00f6\u00dfen<\/h3>\n<p>Erh\u00e4ltlich in den Gr\u00f6\u00dfen S, M, L, XL<\/p>\n<h3>Materialzusammensetzung<\/h3>\n<p>POWERNET ist ein super feines, stark dehnbares und robustes Netz: 96% Polyester | 4% Elasthan<\/p>\n<p>B\u00f6rtchen: 80% Polyamid | 20% Elasthan<\/p>\n<h3>Besonderheiten<\/h3>\n<p><a href=\"http:\/\/www.wojoer.de\/?s=live&#038;post_type=product\">LIVE Produkt<\/a> | besonders durchsichtig | sehr dehnbares Netzmaterial | super robust | hautenge Passform | hochwertiger Metallring | neon farbene Umrandungen\u00a0 | hochwertige Verarbeitung &#8220;Made in Germany&#8221;<\/p>\n<h3>Benutzerhinweise<\/h3>\n<p>Handw\u00e4sche<\/p>\n<h3>POWERNET TANGA &#8211; schwarzer Netz Pushup Tanga<\/h3>\n<p>Er ist ein Hauch von Nichts. Aber vor allem ist dieser Pushup Tanga durchschimmernde Lust, die die M\u00e4nnlichkeit besonders vorteilhaft hebt. Denn seine feine, extrem dehnbare Materialit\u00e4t gew\u00e4hrt gerade mal so viel Einblick, um die Spannung ins Unermessliche zu steigern. Dazu kommen der federweiche Tragekomfort und der hochwertige Metallring, der zu allerlei phantasievollen Spielchen animiert. Zu guter letzt sorgen die neon gelben Details f\u00fcr einen einmalig spannungsvollen Reiz.<\/p>\n<p>&nbsp;<\/p>\n","protected":false},"excerpt":{"rendered":"<p>Produktion nur auf Bestellung. Daher geh\u00f6rt der schwarze POWERNET Netz Pushup Tanga\u00a0333B44 in die Kategorie &#8220;LIVE&#8221;-Produkt.<br \/>\nGr\u00f6\u00dfen<br \/>\nErh\u00e4ltlich in den Gr\u00f6\u00dfen S, M, L, XL<br \/>\nMaterialzusammensetzung<br \/>\nPOWERNET ist ein super feines, stark dehnbares und robustes Netz: 96% Polyester | 4% Elasthan<\/p>\n<p>B\u00f6rtchen: 80% Polyamid |\u2026<\/p>\n","protected":false},"featured_media":6208,"comment_status":"open","ping_status":"closed","template":"","meta":[],"product_brand":[],"product_cat":[806,116,114,473,195,326],"product_tag":[108,215,246,184,293,167,387],"class_list":{"0":"post-6562","1":"product","2":"type-product","3":"status-publish","4":"has-post-thumbnail","6":"product_cat-powernet","7":"product_cat-clubwear","8":"product_cat-fetisch","9":"product_cat-men","10":"product_cat-produktion-auf-bestellung-liveproduktion","11":"product_cat-wojoer","12":"product_tag-1beachwear","13":"product_tag-bulge-tanga-mini-pushup-tanga-g-tanga","14":"product_tag-netz","15":"product_tag-push-up","16":"product_tag-ring","17":"product_tag-tanga","18":"product_tag-transparent","19":"product_shipping_class-beun","20":"pa_groesse-l","21":"pa_groesse-m","22":"pa_groesse-s","23":"pa_groesse-xl","24":"pif-has-gallery","25":"post-1","26":"odd","28":"first","29":"instock","30":"featured","31":"taxable","32":"shipping-taxable","33":"purchasable","34":"product-type-variable"},"yoast_head":"<!-- This site is optimized with the Yoast SEO plugin v27.2 - https:\/\/yoast.com\/product\/yoast-seo-wordpress\/ -->\n<title>Netz Pushup Tanga schwarz neongelb | Powernet von WOJOER<\/title>\n<meta name=\"description\" content=\"Netz Pushup Tanga in schwarz mit neongelben B\u00fcndchen und hochwertigem Metallring. Super bequem, luftig und praktisch sexy.\" \/>\n<meta name=\"robots\" content=\"index, follow, max-snippet:-1, max-image-preview:large, max-video-preview:-1\" \/>\n<link rel=\"canonical\" href=\"https:\/\/www.wojoer.de\/en\/produkt\/powernet-netz-pushup-tanga-gelb-333b44\/\" \/>\n<meta name=\"twitter:card\" content=\"summary_large_image\" \/>\n<meta name=\"twitter:title\" content=\"Netz Pushup Tanga schwarz neongelb | Powernet von WOJOER\" \/>\n<meta name=\"twitter:description\" content=\"Netz Pushup Tanga in schwarz mit neongelben B\u00fcndchen und hochwertigem Metallring. Super bequem, luftig und praktisch sexy.\" \/>\n<meta name=\"twitter:image\" content=\"https:\/\/www.wojoer.de\/wp-content\/uploads\/2017\/06\/333B44_powernet_minpushup_tanga_side_wojoer.jpg\" \/>\n<meta name=\"twitter:label1\" content=\"Estimated reading time\" \/>\n\t<meta name=\"twitter:data1\" content=\"1 minute\" \/>\n<script type=\"application\/ld+json\" class=\"yoast-schema-graph\">{\"@context\":\"https:\/\/schema.org\",\"@graph\":[{\"@type\":\"WebPage\",\"@id\":\"https:\/\/www.wojoer.de\/en\/produkt\/powernet-netz-pushup-tanga-gelb-333b44\/\",\"url\":\"https:\/\/www.wojoer.de\/en\/produkt\/powernet-netz-pushup-tanga-gelb-333b44\/\",\"name\":\"Netz Pushup Tanga schwarz neongelb | Powernet von WOJOER\",\"isPartOf\":{\"@id\":\"https:\/\/www.wojoer.de\/#website\"},\"primaryImageOfPage\":{\"@id\":\"https:\/\/www.wojoer.de\/en\/produkt\/powernet-netz-pushup-tanga-gelb-333b44\/#primaryimage\"},\"image\":{\"@id\":\"https:\/\/www.wojoer.de\/en\/produkt\/powernet-netz-pushup-tanga-gelb-333b44\/#primaryimage\"},\"thumbnailUrl\":\"https:\/\/www.wojoer.de\/wp-content\/uploads\/2017\/06\/333B44_powernet_minpushup_tanga_side_wojoer.jpg\",\"datePublished\":\"2017-08-31T11:42:15+00:00\",\"dateModified\":\"2025-07-31T08:51:01+00:00\",\"description\":\"Netz Pushup Tanga in schwarz mit neongelben B\u00fcndchen und hochwertigem Metallring. Super bequem, luftig und praktisch sexy.\",\"breadcrumb\":{\"@id\":\"https:\/\/www.wojoer.de\/en\/produkt\/powernet-netz-pushup-tanga-gelb-333b44\/#breadcrumb\"},\"inLanguage\":\"en-GB\",\"potentialAction\":[{\"@type\":\"ReadAction\",\"target\":[\"https:\/\/www.wojoer.de\/en\/produkt\/powernet-netz-pushup-tanga-gelb-333b44\/\"]}]},{\"@type\":\"ImageObject\",\"inLanguage\":\"en-GB\",\"@id\":\"https:\/\/www.wojoer.de\/en\/produkt\/powernet-netz-pushup-tanga-gelb-333b44\/#primaryimage\",\"url\":\"https:\/\/www.wojoer.de\/wp-content\/uploads\/2017\/06\/333B44_powernet_minpushup_tanga_side_wojoer.jpg\",\"contentUrl\":\"https:\/\/www.wojoer.de\/wp-content\/uploads\/2017\/06\/333B44_powernet_minpushup_tanga_side_wojoer.jpg\",\"width\":2002,\"height\":2002,\"caption\":\"netz pushup tanga, netzt pushup string, Powernet, Netz-Tanga, durchsichtig Tanga, strech organza Brief, weicher dehnbarer T\u00fcll Brasil, Pushup Tanga schwarz neongelb, Hebefunktion\"},{\"@type\":\"BreadcrumbList\",\"@id\":\"https:\/\/www.wojoer.de\/en\/produkt\/powernet-netz-pushup-tanga-gelb-333b44\/#breadcrumb\",\"itemListElement\":[{\"@type\":\"ListItem\",\"position\":1,\"name\":\"Startseite\",\"item\":\"https:\/\/www.wojoer.de\/\"},{\"@type\":\"ListItem\",\"position\":2,\"name\":\"SHOP\",\"item\":\"https:\/\/www.wojoer.de\/shop\/\"},{\"@type\":\"ListItem\",\"position\":3,\"name\":\"POWERNET PUSHUP TANGA 333B44\"}]},{\"@type\":\"WebSite\",\"@id\":\"https:\/\/www.wojoer.de\/#website\",\"url\":\"https:\/\/www.wojoer.de\/\",\"name\":\"WOJOER\",\"description\":\"clubwear for men\",\"publisher\":{\"@id\":\"https:\/\/www.wojoer.de\/#organization\"},\"potentialAction\":[{\"@type\":\"SearchAction\",\"target\":{\"@type\":\"EntryPoint\",\"urlTemplate\":\"https:\/\/www.wojoer.de\/?s={search_term_string}\"},\"query-input\":{\"@type\":\"PropertyValueSpecification\",\"valueRequired\":true,\"valueName\":\"search_term_string\"}}],\"inLanguage\":\"en-GB\"},{\"@type\":\"Organization\",\"@id\":\"https:\/\/www.wojoer.de\/#organization\",\"name\":\"Wonneberger-Manufaktur\",\"url\":\"https:\/\/www.wojoer.de\/\",\"logo\":{\"@type\":\"ImageObject\",\"inLanguage\":\"en-GB\",\"@id\":\"https:\/\/www.wojoer.de\/#\/schema\/logo\/image\/\",\"url\":\"https:\/\/www.wojoer.de\/wp-content\/uploads\/2016\/11\/wonnebergermanufaktur_logo_BUTTON.png\",\"contentUrl\":\"https:\/\/www.wojoer.de\/wp-content\/uploads\/2016\/11\/wonnebergermanufaktur_logo_BUTTON.png\",\"width\":765,\"height\":765,\"caption\":\"Wonneberger-Manufaktur\"},\"image\":{\"@id\":\"https:\/\/www.wojoer.de\/#\/schema\/logo\/image\/\"},\"sameAs\":[\"https:\/\/www.facebook.com\/wojoer\/\",\"https:\/\/de.pinterest.com\/W0J0ER\/\"]}]}<\/script>\n<!-- \/ Yoast SEO plugin. -->","yoast_head_json":{"title":"Netz Pushup Tanga schwarz neongelb | Powernet von WOJOER","description":"Netz Pushup Tanga in schwarz mit neongelben B\u00fcndchen und hochwertigem Metallring. Super bequem, luftig und praktisch sexy.","robots":{"index":"index","follow":"follow","max-snippet":"max-snippet:-1","max-image-preview":"max-image-preview:large","max-video-preview":"max-video-preview:-1"},"canonical":"https:\/\/www.wojoer.de\/en\/produkt\/powernet-netz-pushup-tanga-gelb-333b44\/","twitter_card":"summary_large_image","twitter_title":"Netz Pushup Tanga schwarz neongelb | Powernet von WOJOER","twitter_description":"Netz Pushup Tanga in schwarz mit neongelben B\u00fcndchen und hochwertigem Metallring. Super bequem, luftig und praktisch sexy.","twitter_image":"https:\/\/www.wojoer.de\/wp-content\/uploads\/2017\/06\/333B44_powernet_minpushup_tanga_side_wojoer.jpg","twitter_misc":{"Estimated reading time":"1 minute"},"schema":{"@context":"https:\/\/schema.org","@graph":[{"@type":"WebPage","@id":"https:\/\/www.wojoer.de\/en\/produkt\/powernet-netz-pushup-tanga-gelb-333b44\/","url":"https:\/\/www.wojoer.de\/en\/produkt\/powernet-netz-pushup-tanga-gelb-333b44\/","name":"Netz Pushup Tanga schwarz neongelb | Powernet von WOJOER","isPartOf":{"@id":"https:\/\/www.wojoer.de\/#website"},"primaryImageOfPage":{"@id":"https:\/\/www.wojoer.de\/en\/produkt\/powernet-netz-pushup-tanga-gelb-333b44\/#primaryimage"},"image":{"@id":"https:\/\/www.wojoer.de\/en\/produkt\/powernet-netz-pushup-tanga-gelb-333b44\/#primaryimage"},"thumbnailUrl":"https:\/\/www.wojoer.de\/wp-content\/uploads\/2017\/06\/333B44_powernet_minpushup_tanga_side_wojoer.jpg","datePublished":"2017-08-31T11:42:15+00:00","dateModified":"2025-07-31T08:51:01+00:00","description":"Netz Pushup Tanga in schwarz mit neongelben B\u00fcndchen und hochwertigem Metallring. Super bequem, luftig und praktisch sexy.","breadcrumb":{"@id":"https:\/\/www.wojoer.de\/en\/produkt\/powernet-netz-pushup-tanga-gelb-333b44\/#breadcrumb"},"inLanguage":"en-GB","potentialAction":[{"@type":"ReadAction","target":["https:\/\/www.wojoer.de\/en\/produkt\/powernet-netz-pushup-tanga-gelb-333b44\/"]}]},{"@type":"ImageObject","inLanguage":"en-GB","@id":"https:\/\/www.wojoer.de\/en\/produkt\/powernet-netz-pushup-tanga-gelb-333b44\/#primaryimage","url":"https:\/\/www.wojoer.de\/wp-content\/uploads\/2017\/06\/333B44_powernet_minpushup_tanga_side_wojoer.jpg","contentUrl":"https:\/\/www.wojoer.de\/wp-content\/uploads\/2017\/06\/333B44_powernet_minpushup_tanga_side_wojoer.jpg","width":2002,"height":2002,"caption":"netz pushup tanga, netzt pushup string, Powernet, Netz-Tanga, durchsichtig Tanga, strech organza Brief, weicher dehnbarer T\u00fcll Brasil, Pushup Tanga schwarz neongelb, Hebefunktion"},{"@type":"BreadcrumbList","@id":"https:\/\/www.wojoer.de\/en\/produkt\/powernet-netz-pushup-tanga-gelb-333b44\/#breadcrumb","itemListElement":[{"@type":"ListItem","position":1,"name":"Startseite","item":"https:\/\/www.wojoer.de\/"},{"@type":"ListItem","position":2,"name":"SHOP","item":"https:\/\/www.wojoer.de\/shop\/"},{"@type":"ListItem","position":3,"name":"POWERNET PUSHUP TANGA 333B44"}]},{"@type":"WebSite","@id":"https:\/\/www.wojoer.de\/#website","url":"https:\/\/www.wojoer.de\/","name":"WOJOER","description":"clubwear for men","publisher":{"@id":"https:\/\/www.wojoer.de\/#organization"},"potentialAction":[{"@type":"SearchAction","target":{"@type":"EntryPoint","urlTemplate":"https:\/\/www.wojoer.de\/?s={search_term_string}"},"query-input":{"@type":"PropertyValueSpecification","valueRequired":true,"valueName":"search_term_string"}}],"inLanguage":"en-GB"},{"@type":"Organization","@id":"https:\/\/www.wojoer.de\/#organization","name":"Wonneberger-Manufaktur","url":"https:\/\/www.wojoer.de\/","logo":{"@type":"ImageObject","inLanguage":"en-GB","@id":"https:\/\/www.wojoer.de\/#\/schema\/logo\/image\/","url":"https:\/\/www.wojoer.de\/wp-content\/uploads\/2016\/11\/wonnebergermanufaktur_logo_BUTTON.png","contentUrl":"https:\/\/www.wojoer.de\/wp-content\/uploads\/2016\/11\/wonnebergermanufaktur_logo_BUTTON.png","width":765,"height":765,"caption":"Wonneberger-Manufaktur"},"image":{"@id":"https:\/\/www.wojoer.de\/#\/schema\/logo\/image\/"},"sameAs":["https:\/\/www.facebook.com\/wojoer\/","https:\/\/de.pinterest.com\/W0J0ER\/"]}]}},"_links":{"self":[{"href":"https:\/\/www.wojoer.de\/en\/wp-json\/wp\/v2\/product\/6562","targetHints":{"allow":["GET"]}}],"collection":[{"href":"https:\/\/www.wojoer.de\/en\/wp-json\/wp\/v2\/product"}],"about":[{"href":"https:\/\/www.wojoer.de\/en\/wp-json\/wp\/v2\/types\/product"}],"replies":[{"embeddable":true,"href":"https:\/\/www.wojoer.de\/en\/wp-json\/wp\/v2\/comments?post=6562"}],"wp:featuredmedia":[{"embeddable":true,"href":"https:\/\/www.wojoer.de\/en\/wp-json\/wp\/v2\/media\/6208"}],"wp:attachment":[{"href":"https:\/\/www.wojoer.de\/en\/wp-json\/wp\/v2\/media?parent=6562"}],"wp:term":[{"taxonomy":"product_brand","embeddable":true,"href":"https:\/\/www.wojoer.de\/en\/wp-json\/wp\/v2\/product_brand?post=6562"},{"taxonomy":"product_cat","embeddable":true,"href":"https:\/\/www.wojoer.de\/en\/wp-json\/wp\/v2\/product_cat?post=6562"},{"taxonomy":"product_tag","embeddable":true,"href":"https:\/\/www.wojoer.de\/en\/wp-json\/wp\/v2\/product_tag?post=6562"}],"curies":[{"name":"wp","href":"https:\/\/api.w.org\/{rel}","templated":true}]}}