{"id":6577,"date":"2017-08-31T14:11:47","date_gmt":"2017-08-31T12:11:47","guid":{"rendered":"http:\/\/www.wojoer.de\/produkt\/powernet-netz-shirt-gelb\/"},"modified":"2024-11-13T08:27:52","modified_gmt":"2024-11-13T07:27:52","slug":"powernet-netz-shirt-gelb","status":"publish","type":"product","link":"https:\/\/www.wojoer.de\/en\/produkt\/powernet-netz-shirt-gelb\/","title":{"rendered":"POWERNET SHIRT 333TXX"},"content":{"rendered":"<p>Produktion nur auf Bestellung. Daher geh\u00f6rt das schwarze POWERNET Netz Shirt\u00a0333TXX in die Kategorie &#8220;LIVE&#8221;-Produkt.<\/p>\n<h3>Gr\u00f6\u00dfen<\/h3>\n<p>Erh\u00e4ltlich in den Gr\u00f6\u00dfen S, M, L, XL<\/p>\n<h3>Materialzusammensetzung<\/h3>\n<p>POWERNET ist ein super feines, stark dehnbares und robustes Netz: 96% Polyester | 4% Elasthan<\/p>\n<p>B\u00f6rtchen: 80% Polyamid | 20% Elasthan<\/p>\n<h3>Besonderheiten<\/h3>\n<p><a href=\"http:\/\/www.wojoer.de\/?s=live&#038;post_type=product\">LIVE Produkt<\/a> | besonders durchsichtig | sehr dehnbares Netzmaterial | super robust | hautenge Passform | hochwertiger Metallring | neon farbene Umrandungen\u00a0 | hochwertige Verarbeitung &#8220;Made in Germany&#8221;<\/p>\n<h3>Benutzerhinweise<\/h3>\n<p>Handw\u00e4sche<\/p>\n<h3>POWERNET SHIRT &#8211; schwarzes Netz Shirt mit neongelben Einfass<\/h3>\n<p>Es ist ein verruchter Hauch von Nichts. Aber vor allem ist dieses bequeme Shirt durchschimmernde Lust, die die m\u00e4nnlichen K\u00f6rperkonturen besonders anregend in Szene setzt. Denn seine feine, extrem dehnbare Materialit\u00e4t gew\u00e4hrt gerade mal so viel Einblick, um die Spannung ins Unermessliche zu steigern. Dazu kommen der federweiche Tragekomfort und der hochwertige Metallring, der zu allerlei phantasievollen Spielchen animiert. Zu guter letzt sorgen die neon gelben Details f\u00fcr einen einmalig spannungsvollen Reiz.<\/p>\n<p>&nbsp;<\/p>\n","protected":false},"excerpt":{"rendered":"<p>Produktion nur auf Bestellung. Daher geh\u00f6rt das schwarze POWERNET Netz Shirt\u00a0333TXX in die Kategorie &#8220;LIVE&#8221;-Produkt.<br \/>\nGr\u00f6\u00dfen<br \/>\nErh\u00e4ltlich in den Gr\u00f6\u00dfen S, M, L, XL<br \/>\nMaterialzusammensetzung<br \/>\nPOWERNET ist ein super feines, stark dehnbares und robustes Netz: 96% Polyester | 4% Elasthan<\/p>\n<p>B\u00f6rtchen: 80% Polyamid | 20%\u2026<\/p>\n","protected":false},"featured_media":6220,"comment_status":"open","ping_status":"closed","template":"","meta":[],"product_brand":[],"product_cat":[806,116,114,473,195,326],"product_tag":[108,246,293,856,387],"class_list":{"0":"post-6577","1":"product","2":"type-product","3":"status-publish","4":"has-post-thumbnail","6":"product_cat-powernet","7":"product_cat-clubwear","8":"product_cat-fetisch","9":"product_cat-men","10":"product_cat-produktion-auf-bestellung-liveproduktion","11":"product_cat-wojoer","12":"product_tag-1beachwear","13":"product_tag-netz","14":"product_tag-ring","15":"product_tag-shirt","16":"product_tag-transparent","17":"pa_groesse-l","18":"pa_groesse-m","19":"pa_groesse-s","20":"pa_groesse-xl","21":"pa_groesse-xxl","22":"pa_groesse-xxxl","23":"pif-has-gallery","24":"post-1","25":"odd","27":"first","28":"instock","29":"featured","30":"taxable","31":"shipping-taxable","32":"purchasable","33":"product-type-variable"},"yoast_head":"<!-- This site is optimized with the Yoast SEO plugin v27.2 - https:\/\/yoast.com\/product\/yoast-seo-wordpress\/ -->\n<title>Netz Shirt schwarz neongelb | Powernet von WOJOER<\/title>\n<meta name=\"description\" content=\"Netz Shirt in schwarz mit neongelben B\u00fcndchen. Der hochwertige Metallring inspiriert zu phantasievollen Spielen. Super bequem, luftig und praktisch sexy.\" \/>\n<meta name=\"robots\" content=\"index, follow, max-snippet:-1, max-image-preview:large, max-video-preview:-1\" \/>\n<link rel=\"canonical\" href=\"https:\/\/www.wojoer.de\/en\/produkt\/powernet-netz-shirt-gelb\/\" \/>\n<meta name=\"twitter:card\" content=\"summary_large_image\" \/>\n<meta name=\"twitter:title\" content=\"Netz Shirt schwarz neongelb | Powernet von WOJOER\" \/>\n<meta name=\"twitter:description\" content=\"Netz Shirt in schwarz mit neongelben B\u00fcndchen. Der hochwertige Metallring inspiriert zu phantasievollen Spielen. Super bequem, luftig und praktisch sexy.\" \/>\n<meta name=\"twitter:image\" content=\"https:\/\/www.wojoer.de\/wp-content\/uploads\/2017\/06\/333TXX_powernet_shirt_back_wojoer.jpg\" \/>\n<meta name=\"twitter:label1\" content=\"Estimated reading time\" \/>\n\t<meta name=\"twitter:data1\" content=\"1 minute\" \/>\n<script type=\"application\/ld+json\" class=\"yoast-schema-graph\">{\"@context\":\"https:\/\/schema.org\",\"@graph\":[{\"@type\":\"WebPage\",\"@id\":\"https:\/\/www.wojoer.de\/en\/produkt\/powernet-netz-shirt-gelb\/\",\"url\":\"https:\/\/www.wojoer.de\/en\/produkt\/powernet-netz-shirt-gelb\/\",\"name\":\"Netz Shirt schwarz neongelb | Powernet von WOJOER\",\"isPartOf\":{\"@id\":\"https:\/\/www.wojoer.de\/#website\"},\"primaryImageOfPage\":{\"@id\":\"https:\/\/www.wojoer.de\/en\/produkt\/powernet-netz-shirt-gelb\/#primaryimage\"},\"image\":{\"@id\":\"https:\/\/www.wojoer.de\/en\/produkt\/powernet-netz-shirt-gelb\/#primaryimage\"},\"thumbnailUrl\":\"https:\/\/www.wojoer.de\/wp-content\/uploads\/2017\/06\/333TXX_powernet_shirt_back_wojoer.jpg\",\"datePublished\":\"2017-08-31T12:11:47+00:00\",\"dateModified\":\"2024-11-13T07:27:52+00:00\",\"description\":\"Netz Shirt in schwarz mit neongelben B\u00fcndchen. Der hochwertige Metallring inspiriert zu phantasievollen Spielen. Super bequem, luftig und praktisch sexy.\",\"breadcrumb\":{\"@id\":\"https:\/\/www.wojoer.de\/en\/produkt\/powernet-netz-shirt-gelb\/#breadcrumb\"},\"inLanguage\":\"en-GB\",\"potentialAction\":[{\"@type\":\"ReadAction\",\"target\":[\"https:\/\/www.wojoer.de\/en\/produkt\/powernet-netz-shirt-gelb\/\"]}]},{\"@type\":\"ImageObject\",\"inLanguage\":\"en-GB\",\"@id\":\"https:\/\/www.wojoer.de\/en\/produkt\/powernet-netz-shirt-gelb\/#primaryimage\",\"url\":\"https:\/\/www.wojoer.de\/wp-content\/uploads\/2017\/06\/333TXX_powernet_shirt_back_wojoer.jpg\",\"contentUrl\":\"https:\/\/www.wojoer.de\/wp-content\/uploads\/2017\/06\/333TXX_powernet_shirt_back_wojoer.jpg\",\"width\":2002,\"height\":2002,\"caption\":\"netz shirt, Powernet, Netz-shirt, durchsichtig Shirt, strech organza T-Shirt, weiches dehnbares T\u00fcll Oberteil, Shirt schwarz neongelb\"},{\"@type\":\"BreadcrumbList\",\"@id\":\"https:\/\/www.wojoer.de\/en\/produkt\/powernet-netz-shirt-gelb\/#breadcrumb\",\"itemListElement\":[{\"@type\":\"ListItem\",\"position\":1,\"name\":\"Startseite\",\"item\":\"https:\/\/www.wojoer.de\/\"},{\"@type\":\"ListItem\",\"position\":2,\"name\":\"SHOP\",\"item\":\"https:\/\/www.wojoer.de\/shop\/\"},{\"@type\":\"ListItem\",\"position\":3,\"name\":\"POWERNET SHIRT 333TXX\"}]},{\"@type\":\"WebSite\",\"@id\":\"https:\/\/www.wojoer.de\/#website\",\"url\":\"https:\/\/www.wojoer.de\/\",\"name\":\"WOJOER\",\"description\":\"clubwear for men\",\"publisher\":{\"@id\":\"https:\/\/www.wojoer.de\/#organization\"},\"potentialAction\":[{\"@type\":\"SearchAction\",\"target\":{\"@type\":\"EntryPoint\",\"urlTemplate\":\"https:\/\/www.wojoer.de\/?s={search_term_string}\"},\"query-input\":{\"@type\":\"PropertyValueSpecification\",\"valueRequired\":true,\"valueName\":\"search_term_string\"}}],\"inLanguage\":\"en-GB\"},{\"@type\":\"Organization\",\"@id\":\"https:\/\/www.wojoer.de\/#organization\",\"name\":\"Wonneberger-Manufaktur\",\"url\":\"https:\/\/www.wojoer.de\/\",\"logo\":{\"@type\":\"ImageObject\",\"inLanguage\":\"en-GB\",\"@id\":\"https:\/\/www.wojoer.de\/#\/schema\/logo\/image\/\",\"url\":\"https:\/\/www.wojoer.de\/wp-content\/uploads\/2016\/11\/wonnebergermanufaktur_logo_BUTTON.png\",\"contentUrl\":\"https:\/\/www.wojoer.de\/wp-content\/uploads\/2016\/11\/wonnebergermanufaktur_logo_BUTTON.png\",\"width\":765,\"height\":765,\"caption\":\"Wonneberger-Manufaktur\"},\"image\":{\"@id\":\"https:\/\/www.wojoer.de\/#\/schema\/logo\/image\/\"},\"sameAs\":[\"https:\/\/www.facebook.com\/wojoer\/\",\"https:\/\/de.pinterest.com\/W0J0ER\/\"]}]}<\/script>\n<!-- \/ Yoast SEO plugin. -->","yoast_head_json":{"title":"Netz Shirt schwarz neongelb | Powernet von WOJOER","description":"Netz Shirt in schwarz mit neongelben B\u00fcndchen. Der hochwertige Metallring inspiriert zu phantasievollen Spielen. Super bequem, luftig und praktisch sexy.","robots":{"index":"index","follow":"follow","max-snippet":"max-snippet:-1","max-image-preview":"max-image-preview:large","max-video-preview":"max-video-preview:-1"},"canonical":"https:\/\/www.wojoer.de\/en\/produkt\/powernet-netz-shirt-gelb\/","twitter_card":"summary_large_image","twitter_title":"Netz Shirt schwarz neongelb | Powernet von WOJOER","twitter_description":"Netz Shirt in schwarz mit neongelben B\u00fcndchen. Der hochwertige Metallring inspiriert zu phantasievollen Spielen. Super bequem, luftig und praktisch sexy.","twitter_image":"https:\/\/www.wojoer.de\/wp-content\/uploads\/2017\/06\/333TXX_powernet_shirt_back_wojoer.jpg","twitter_misc":{"Estimated reading time":"1 minute"},"schema":{"@context":"https:\/\/schema.org","@graph":[{"@type":"WebPage","@id":"https:\/\/www.wojoer.de\/en\/produkt\/powernet-netz-shirt-gelb\/","url":"https:\/\/www.wojoer.de\/en\/produkt\/powernet-netz-shirt-gelb\/","name":"Netz Shirt schwarz neongelb | Powernet von WOJOER","isPartOf":{"@id":"https:\/\/www.wojoer.de\/#website"},"primaryImageOfPage":{"@id":"https:\/\/www.wojoer.de\/en\/produkt\/powernet-netz-shirt-gelb\/#primaryimage"},"image":{"@id":"https:\/\/www.wojoer.de\/en\/produkt\/powernet-netz-shirt-gelb\/#primaryimage"},"thumbnailUrl":"https:\/\/www.wojoer.de\/wp-content\/uploads\/2017\/06\/333TXX_powernet_shirt_back_wojoer.jpg","datePublished":"2017-08-31T12:11:47+00:00","dateModified":"2024-11-13T07:27:52+00:00","description":"Netz Shirt in schwarz mit neongelben B\u00fcndchen. Der hochwertige Metallring inspiriert zu phantasievollen Spielen. Super bequem, luftig und praktisch sexy.","breadcrumb":{"@id":"https:\/\/www.wojoer.de\/en\/produkt\/powernet-netz-shirt-gelb\/#breadcrumb"},"inLanguage":"en-GB","potentialAction":[{"@type":"ReadAction","target":["https:\/\/www.wojoer.de\/en\/produkt\/powernet-netz-shirt-gelb\/"]}]},{"@type":"ImageObject","inLanguage":"en-GB","@id":"https:\/\/www.wojoer.de\/en\/produkt\/powernet-netz-shirt-gelb\/#primaryimage","url":"https:\/\/www.wojoer.de\/wp-content\/uploads\/2017\/06\/333TXX_powernet_shirt_back_wojoer.jpg","contentUrl":"https:\/\/www.wojoer.de\/wp-content\/uploads\/2017\/06\/333TXX_powernet_shirt_back_wojoer.jpg","width":2002,"height":2002,"caption":"netz shirt, Powernet, Netz-shirt, durchsichtig Shirt, strech organza T-Shirt, weiches dehnbares T\u00fcll Oberteil, Shirt schwarz neongelb"},{"@type":"BreadcrumbList","@id":"https:\/\/www.wojoer.de\/en\/produkt\/powernet-netz-shirt-gelb\/#breadcrumb","itemListElement":[{"@type":"ListItem","position":1,"name":"Startseite","item":"https:\/\/www.wojoer.de\/"},{"@type":"ListItem","position":2,"name":"SHOP","item":"https:\/\/www.wojoer.de\/shop\/"},{"@type":"ListItem","position":3,"name":"POWERNET SHIRT 333TXX"}]},{"@type":"WebSite","@id":"https:\/\/www.wojoer.de\/#website","url":"https:\/\/www.wojoer.de\/","name":"WOJOER","description":"clubwear for men","publisher":{"@id":"https:\/\/www.wojoer.de\/#organization"},"potentialAction":[{"@type":"SearchAction","target":{"@type":"EntryPoint","urlTemplate":"https:\/\/www.wojoer.de\/?s={search_term_string}"},"query-input":{"@type":"PropertyValueSpecification","valueRequired":true,"valueName":"search_term_string"}}],"inLanguage":"en-GB"},{"@type":"Organization","@id":"https:\/\/www.wojoer.de\/#organization","name":"Wonneberger-Manufaktur","url":"https:\/\/www.wojoer.de\/","logo":{"@type":"ImageObject","inLanguage":"en-GB","@id":"https:\/\/www.wojoer.de\/#\/schema\/logo\/image\/","url":"https:\/\/www.wojoer.de\/wp-content\/uploads\/2016\/11\/wonnebergermanufaktur_logo_BUTTON.png","contentUrl":"https:\/\/www.wojoer.de\/wp-content\/uploads\/2016\/11\/wonnebergermanufaktur_logo_BUTTON.png","width":765,"height":765,"caption":"Wonneberger-Manufaktur"},"image":{"@id":"https:\/\/www.wojoer.de\/#\/schema\/logo\/image\/"},"sameAs":["https:\/\/www.facebook.com\/wojoer\/","https:\/\/de.pinterest.com\/W0J0ER\/"]}]}},"_links":{"self":[{"href":"https:\/\/www.wojoer.de\/en\/wp-json\/wp\/v2\/product\/6577","targetHints":{"allow":["GET"]}}],"collection":[{"href":"https:\/\/www.wojoer.de\/en\/wp-json\/wp\/v2\/product"}],"about":[{"href":"https:\/\/www.wojoer.de\/en\/wp-json\/wp\/v2\/types\/product"}],"replies":[{"embeddable":true,"href":"https:\/\/www.wojoer.de\/en\/wp-json\/wp\/v2\/comments?post=6577"}],"wp:featuredmedia":[{"embeddable":true,"href":"https:\/\/www.wojoer.de\/en\/wp-json\/wp\/v2\/media\/6220"}],"wp:attachment":[{"href":"https:\/\/www.wojoer.de\/en\/wp-json\/wp\/v2\/media?parent=6577"}],"wp:term":[{"taxonomy":"product_brand","embeddable":true,"href":"https:\/\/www.wojoer.de\/en\/wp-json\/wp\/v2\/product_brand?post=6577"},{"taxonomy":"product_cat","embeddable":true,"href":"https:\/\/www.wojoer.de\/en\/wp-json\/wp\/v2\/product_cat?post=6577"},{"taxonomy":"product_tag","embeddable":true,"href":"https:\/\/www.wojoer.de\/en\/wp-json\/wp\/v2\/product_tag?post=6577"}],"curies":[{"name":"wp","href":"https:\/\/api.w.org\/{rel}","templated":true}]}}