{"id":6740,"date":"2017-05-05T00:00:44","date_gmt":"2017-05-04T22:00:44","guid":{"rendered":"http:\/\/www.wojoer.de\/produkt\/beun-stripe-bade-string-eisblau\/"},"modified":"2026-03-16T19:23:04","modified_gmt":"2026-03-16T18:23:04","slug":"beun-stripe-bade-string","status":"publish","type":"product","link":"https:\/\/www.wojoer.de\/en\/produkt\/beun-stripe-bade-string\/","title":{"rendered":"BEUN STRIPE String 322B7"},"content":{"rendered":"<p>Immer vorr\u00e4tig, denn der BEUN STRIPE Bade String 322B7 ist Never-Out-of-Stock und geh\u00f6rt damit zu den Wojoer NOS-Produkten.<\/p>\n<p>Erh\u00e4ltlich in den Farben <img loading=\"lazy\" decoding=\"async\" class=\"alignnone size-full wp-image-6164\" src=\"http:\/\/www.wojoer.de\/wp-content\/uploads\/2017\/05\/wei\u00df.jpg\" alt=\"__wei\u00df\" width=\"9\" height=\"9\" \/> Crema | <img loading=\"lazy\" decoding=\"async\" class=\"alignnone size-full wp-image-6163\" src=\"http:\/\/www.wojoer.de\/wp-content\/uploads\/2017\/05\/schwarz.jpg\" alt=\"__schwarz\" width=\"9\" height=\"9\" \/> Schwarz | <img loading=\"lazy\" decoding=\"async\" class=\"alignnone size-full wp-image-6156\" src=\"http:\/\/www.wojoer.de\/wp-content\/uploads\/2017\/05\/pink-1.jpg\" alt=\"pink\" width=\"9\" height=\"9\" \/> Candypink | <a href=\"https:\/\/www.wojoer.de\/wp-content\/uploads\/2018\/04\/vulcano.jpg\"><img loading=\"lazy\" decoding=\"async\" class=\"alignnone size-full wp-image-10040\" src=\"https:\/\/www.wojoer.de\/wp-content\/uploads\/2018\/04\/vulcano.jpg\" alt=\"\" width=\"9\" height=\"9\" \/><\/a> Vulcano | <img loading=\"lazy\" decoding=\"async\" class=\"alignnone size-full wp-image-6157\" src=\"http:\/\/www.wojoer.de\/wp-content\/uploads\/2017\/05\/blau.jpg\" alt=\"__blau\" width=\"9\" height=\"9\" \/> Royalblau | <img loading=\"lazy\" decoding=\"async\" class=\"alignnone size-full wp-image-6158\" src=\"http:\/\/www.wojoer.de\/wp-content\/uploads\/2017\/05\/eisblau.jpg\" alt=\"__eisblau\" width=\"9\" height=\"9\" \/> Eisblau |<\/p>\n<p><a href=\"https:\/\/www.wojoer.de\/wp-content\/uploads\/2018\/04\/neoncoral.jpg\"><img loading=\"lazy\" decoding=\"async\" class=\"alignnone size-full wp-image-10034\" src=\"https:\/\/www.wojoer.de\/wp-content\/uploads\/2018\/04\/neoncoral.jpg\" alt=\"\" width=\"9\" height=\"9\" \/><\/a> Neoncoral | <a href=\"https:\/\/www.wojoer.de\/wp-content\/uploads\/2018\/04\/neongelb.jpg\"><img loading=\"lazy\" decoding=\"async\" class=\"alignnone size-full wp-image-10035\" src=\"https:\/\/www.wojoer.de\/wp-content\/uploads\/2018\/04\/neongelb.jpg\" alt=\"\" width=\"9\" height=\"9\" \/><\/a> Neongelb | <a href=\"https:\/\/www.wojoer.de\/wp-content\/uploads\/2018\/04\/nude.jpg\"><img loading=\"lazy\" decoding=\"async\" class=\"alignnone size-full wp-image-10036\" src=\"https:\/\/www.wojoer.de\/wp-content\/uploads\/2018\/04\/nude.jpg\" alt=\"\" width=\"9\" height=\"9\" \/><\/a> Nude<\/p>\n<h3>Gr\u00f6\u00dfen<\/h3>\n<p>Erh\u00e4ltlich in den Gr\u00f6\u00dfen S, M, L, XL<\/p>\n<h3>Materialzusammensetzung<\/h3>\n<p>BEUN: 82% Polyamid, 18% Elasthan<\/p>\n<h3>Besonderheiten<\/h3>\n<p><a href=\"http:\/\/www.wojoer.de\/?s=nos&#038;post_type=product\">NOS Produkt<\/a> | badetauglich | seidenmatte Oberfl\u00e4chenoptik | leicht transparent | luftig | schnell trocknend | dehnbar | hautenge, bequeme Passform | minimalistisches Basic | hochwertige Verarbeitung &#8220;Made in Germany&#8221;<\/p>\n<h3>Benutzerhinweise<\/h3>\n<p>30\u00b0 Schonw\u00e4sche | auf niedriger Stufe b\u00fcgeln<\/p>\n<h3>BEUN STRIPE bade String &#8211; BEACH &#038; UNDERWEAR<\/h3>\n<p>Knapp, aber sitzt perfekt. So leicht kann Herrenunterw\u00e4sche sein: Kaum zu sp\u00fcren unter der Alltagshose und sexy, exotisch am Strand. Denn BEUN STRIPE sind f\u00fcr BEACH und UNDERWEAR gemacht! So auch der BEUN STRIPE String in verschiedenen Farben. Seine Vorteile: Er ist bestechend matt, hauch d\u00fcnn, salz- und chlorwasserbest\u00e4ndig und super bequem geschnitten. Und f\u00fcr den besonderen Touch sorgen die schwarzen edel aufgesteppten B\u00fcndchen.<\/p>\n","protected":false},"excerpt":{"rendered":"<p>Immer vorr\u00e4tig, denn der BEUN STRIPE Bade String 0322-S008 ist Never-Out-of-Stock und geh\u00f6rt damit zu den Wojoer NOS-Produkten.<\/p>\n<p>Erh\u00e4ltlich in den Farben  Crema |  Schwarz |  Candypink |  Vulcano |  Royalblau |  Eisblau |<\/p>\n<p> Neoncoral\u2026<\/p>\n","protected":false},"featured_media":35398,"comment_status":"open","ping_status":"closed","template":"","meta":[],"product_brand":[],"product_cat":[714,115,106,169,473,121,326],"product_tag":[108,119,387,192],"class_list":{"0":"post-6740","1":"product","2":"type-product","3":"status-publish","4":"has-post-thumbnail","6":"product_cat-322-beun-stripe","7":"product_cat-beachwear","8":"product_cat-beun","9":"product_cat-nos-never-out-of-stock","10":"product_cat-men","11":"product_cat-underwear","12":"product_cat-wojoer","13":"product_tag-1beachwear","14":"product_tag-string","15":"product_tag-transparent","16":"product_tag-unterwaesche","17":"product_shipping_class-beun","18":"pa_farbe-eisblau","19":"pa_farbe-royalblau","20":"pa_farbe-candypink","21":"pa_farbe-crema","22":"pa_farbe-neoncoral","23":"pa_farbe-neongelb","24":"pa_farbe-nude","25":"pa_farbe-vulcano","26":"pa_farbe-schwarz","27":"pa_groesse-l","28":"pa_groesse-m","29":"pa_groesse-s","30":"pa_groesse-xl","31":"pif-has-gallery","32":"post-1","33":"odd","35":"first","36":"instock","37":"featured","38":"taxable","39":"shipping-taxable","40":"purchasable","41":"product-type-variable","42":"has-default-attributes"},"yoast_head":"<!-- This site is optimized with the Yoast SEO plugin v27.2 - https:\/\/yoast.com\/product\/yoast-seo-wordpress\/ -->\n<title>Bade String | BEUN ist Beach &amp; Underwear hauch d\u00fcnn &amp; super bequem<\/title>\n<meta name=\"description\" content=\"Der hauchd\u00fcnne, leicht transparente &amp; matte bade String liegt seidig weich auf der Haut, ist schnell trocknend &amp; in 9 phantastischen Farben erh\u00e4ltlich.\" \/>\n<meta name=\"robots\" content=\"index, follow, max-snippet:-1, max-image-preview:large, max-video-preview:-1\" \/>\n<link rel=\"canonical\" href=\"https:\/\/www.wojoer.de\/en\/produkt\/beun-stripe-bade-string\/\" \/>\n<meta name=\"twitter:card\" content=\"summary_large_image\" \/>\n<meta name=\"twitter:title\" content=\"Bade String | BEUN ist Beach &amp; Underwear hauch d\u00fcnn &amp; super bequem\" \/>\n<meta name=\"twitter:description\" content=\"Der hauchd\u00fcnne, leicht transparente &amp; matte bade String liegt seidig weich auf der Haut, ist schnell trocknend &amp; in 9 phantastischen Farben erh\u00e4ltlich.\" \/>\n<meta name=\"twitter:image\" content=\"https:\/\/www.wojoer.de\/wp-content\/uploads\/2017\/05\/322B7_stripe_string_crema_side_wojoer_.jpg\" \/>\n<meta name=\"twitter:label1\" content=\"Estimated reading time\" \/>\n\t<meta name=\"twitter:data1\" content=\"3 minutes\" \/>\n<script type=\"application\/ld+json\" class=\"yoast-schema-graph\">{\"@context\":\"https:\/\/schema.org\",\"@graph\":[{\"@type\":\"WebPage\",\"@id\":\"https:\/\/www.wojoer.de\/produkt\/beun-stripe-bade-string\/\",\"url\":\"https:\/\/www.wojoer.de\/produkt\/beun-stripe-bade-string\/\",\"name\":\"Bade String | BEUN ist Beach & Underwear hauch d\u00fcnn & super bequem\",\"isPartOf\":{\"@id\":\"https:\/\/www.wojoer.de\/#website\"},\"primaryImageOfPage\":{\"@id\":\"https:\/\/www.wojoer.de\/produkt\/beun-stripe-bade-string\/#primaryimage\"},\"image\":{\"@id\":\"https:\/\/www.wojoer.de\/produkt\/beun-stripe-bade-string\/#primaryimage\"},\"thumbnailUrl\":\"https:\/\/www.wojoer.de\/wp-content\/uploads\/2017\/05\/322B7_stripe_string_crema_side_wojoer_.jpg\",\"datePublished\":\"2017-05-04T22:00:44+00:00\",\"dateModified\":\"2026-03-16T18:23:04+00:00\",\"description\":\"Der hauchd\u00fcnne, leicht transparente & matte bade String liegt seidig weich auf der Haut, ist schnell trocknend & in 9 phantastischen Farben erh\u00e4ltlich.\",\"breadcrumb\":{\"@id\":\"https:\/\/www.wojoer.de\/produkt\/beun-stripe-bade-string\/#breadcrumb\"},\"inLanguage\":\"en-GB\",\"potentialAction\":[{\"@type\":\"ReadAction\",\"target\":[\"https:\/\/www.wojoer.de\/produkt\/beun-stripe-bade-string\/\"]}]},{\"@type\":\"ImageObject\",\"inLanguage\":\"en-GB\",\"@id\":\"https:\/\/www.wojoer.de\/produkt\/beun-stripe-bade-string\/#primaryimage\",\"url\":\"https:\/\/www.wojoer.de\/wp-content\/uploads\/2017\/05\/322B7_stripe_string_crema_side_wojoer_.jpg\",\"contentUrl\":\"https:\/\/www.wojoer.de\/wp-content\/uploads\/2017\/05\/322B7_stripe_string_crema_side_wojoer_.jpg\",\"width\":2002,\"height\":2002},{\"@type\":\"BreadcrumbList\",\"@id\":\"https:\/\/www.wojoer.de\/produkt\/beun-stripe-bade-string\/#breadcrumb\",\"itemListElement\":[{\"@type\":\"ListItem\",\"position\":1,\"name\":\"Startseite\",\"item\":\"https:\/\/www.wojoer.de\/\"},{\"@type\":\"ListItem\",\"position\":2,\"name\":\"SHOP\",\"item\":\"https:\/\/www.wojoer.de\/shop\/\"},{\"@type\":\"ListItem\",\"position\":3,\"name\":\"BEUN STRIPE String\"}]},{\"@type\":\"WebSite\",\"@id\":\"https:\/\/www.wojoer.de\/#website\",\"url\":\"https:\/\/www.wojoer.de\/\",\"name\":\"WOJOER\",\"description\":\"clubwear for men\",\"publisher\":{\"@id\":\"https:\/\/www.wojoer.de\/#organization\"},\"potentialAction\":[{\"@type\":\"SearchAction\",\"target\":{\"@type\":\"EntryPoint\",\"urlTemplate\":\"https:\/\/www.wojoer.de\/?s={search_term_string}\"},\"query-input\":{\"@type\":\"PropertyValueSpecification\",\"valueRequired\":true,\"valueName\":\"search_term_string\"}}],\"inLanguage\":\"en-GB\"},{\"@type\":\"Organization\",\"@id\":\"https:\/\/www.wojoer.de\/#organization\",\"name\":\"Wonneberger-Manufaktur\",\"url\":\"https:\/\/www.wojoer.de\/\",\"logo\":{\"@type\":\"ImageObject\",\"inLanguage\":\"en-GB\",\"@id\":\"https:\/\/www.wojoer.de\/#\/schema\/logo\/image\/\",\"url\":\"https:\/\/www.wojoer.de\/wp-content\/uploads\/2016\/11\/wonnebergermanufaktur_logo_BUTTON.png\",\"contentUrl\":\"https:\/\/www.wojoer.de\/wp-content\/uploads\/2016\/11\/wonnebergermanufaktur_logo_BUTTON.png\",\"width\":765,\"height\":765,\"caption\":\"Wonneberger-Manufaktur\"},\"image\":{\"@id\":\"https:\/\/www.wojoer.de\/#\/schema\/logo\/image\/\"},\"sameAs\":[\"https:\/\/www.facebook.com\/wojoer\/\",\"https:\/\/de.pinterest.com\/W0J0ER\/\"]}]}<\/script>\n<!-- \/ Yoast SEO plugin. -->","yoast_head_json":{"title":"Bade String | BEUN ist Beach & Underwear hauch d\u00fcnn & super bequem","description":"Der hauchd\u00fcnne, leicht transparente & matte bade String liegt seidig weich auf der Haut, ist schnell trocknend & in 9 phantastischen Farben erh\u00e4ltlich.","robots":{"index":"index","follow":"follow","max-snippet":"max-snippet:-1","max-image-preview":"max-image-preview:large","max-video-preview":"max-video-preview:-1"},"canonical":"https:\/\/www.wojoer.de\/en\/produkt\/beun-stripe-bade-string\/","twitter_card":"summary_large_image","twitter_title":"Bade String | BEUN ist Beach & Underwear hauch d\u00fcnn & super bequem","twitter_description":"Der hauchd\u00fcnne, leicht transparente & matte bade String liegt seidig weich auf der Haut, ist schnell trocknend & in 9 phantastischen Farben erh\u00e4ltlich.","twitter_image":"https:\/\/www.wojoer.de\/wp-content\/uploads\/2017\/05\/322B7_stripe_string_crema_side_wojoer_.jpg","twitter_misc":{"Estimated reading time":"3 minutes"},"schema":{"@context":"https:\/\/schema.org","@graph":[{"@type":"WebPage","@id":"https:\/\/www.wojoer.de\/produkt\/beun-stripe-bade-string\/","url":"https:\/\/www.wojoer.de\/produkt\/beun-stripe-bade-string\/","name":"Bade String | BEUN ist Beach & Underwear hauch d\u00fcnn & super bequem","isPartOf":{"@id":"https:\/\/www.wojoer.de\/#website"},"primaryImageOfPage":{"@id":"https:\/\/www.wojoer.de\/produkt\/beun-stripe-bade-string\/#primaryimage"},"image":{"@id":"https:\/\/www.wojoer.de\/produkt\/beun-stripe-bade-string\/#primaryimage"},"thumbnailUrl":"https:\/\/www.wojoer.de\/wp-content\/uploads\/2017\/05\/322B7_stripe_string_crema_side_wojoer_.jpg","datePublished":"2017-05-04T22:00:44+00:00","dateModified":"2026-03-16T18:23:04+00:00","description":"Der hauchd\u00fcnne, leicht transparente & matte bade String liegt seidig weich auf der Haut, ist schnell trocknend & in 9 phantastischen Farben erh\u00e4ltlich.","breadcrumb":{"@id":"https:\/\/www.wojoer.de\/produkt\/beun-stripe-bade-string\/#breadcrumb"},"inLanguage":"en-GB","potentialAction":[{"@type":"ReadAction","target":["https:\/\/www.wojoer.de\/produkt\/beun-stripe-bade-string\/"]}]},{"@type":"ImageObject","inLanguage":"en-GB","@id":"https:\/\/www.wojoer.de\/produkt\/beun-stripe-bade-string\/#primaryimage","url":"https:\/\/www.wojoer.de\/wp-content\/uploads\/2017\/05\/322B7_stripe_string_crema_side_wojoer_.jpg","contentUrl":"https:\/\/www.wojoer.de\/wp-content\/uploads\/2017\/05\/322B7_stripe_string_crema_side_wojoer_.jpg","width":2002,"height":2002},{"@type":"BreadcrumbList","@id":"https:\/\/www.wojoer.de\/produkt\/beun-stripe-bade-string\/#breadcrumb","itemListElement":[{"@type":"ListItem","position":1,"name":"Startseite","item":"https:\/\/www.wojoer.de\/"},{"@type":"ListItem","position":2,"name":"SHOP","item":"https:\/\/www.wojoer.de\/shop\/"},{"@type":"ListItem","position":3,"name":"BEUN STRIPE String"}]},{"@type":"WebSite","@id":"https:\/\/www.wojoer.de\/#website","url":"https:\/\/www.wojoer.de\/","name":"WOJOER","description":"clubwear for men","publisher":{"@id":"https:\/\/www.wojoer.de\/#organization"},"potentialAction":[{"@type":"SearchAction","target":{"@type":"EntryPoint","urlTemplate":"https:\/\/www.wojoer.de\/?s={search_term_string}"},"query-input":{"@type":"PropertyValueSpecification","valueRequired":true,"valueName":"search_term_string"}}],"inLanguage":"en-GB"},{"@type":"Organization","@id":"https:\/\/www.wojoer.de\/#organization","name":"Wonneberger-Manufaktur","url":"https:\/\/www.wojoer.de\/","logo":{"@type":"ImageObject","inLanguage":"en-GB","@id":"https:\/\/www.wojoer.de\/#\/schema\/logo\/image\/","url":"https:\/\/www.wojoer.de\/wp-content\/uploads\/2016\/11\/wonnebergermanufaktur_logo_BUTTON.png","contentUrl":"https:\/\/www.wojoer.de\/wp-content\/uploads\/2016\/11\/wonnebergermanufaktur_logo_BUTTON.png","width":765,"height":765,"caption":"Wonneberger-Manufaktur"},"image":{"@id":"https:\/\/www.wojoer.de\/#\/schema\/logo\/image\/"},"sameAs":["https:\/\/www.facebook.com\/wojoer\/","https:\/\/de.pinterest.com\/W0J0ER\/"]}]}},"_links":{"self":[{"href":"https:\/\/www.wojoer.de\/en\/wp-json\/wp\/v2\/product\/6740","targetHints":{"allow":["GET"]}}],"collection":[{"href":"https:\/\/www.wojoer.de\/en\/wp-json\/wp\/v2\/product"}],"about":[{"href":"https:\/\/www.wojoer.de\/en\/wp-json\/wp\/v2\/types\/product"}],"replies":[{"embeddable":true,"href":"https:\/\/www.wojoer.de\/en\/wp-json\/wp\/v2\/comments?post=6740"}],"wp:featuredmedia":[{"embeddable":true,"href":"https:\/\/www.wojoer.de\/en\/wp-json\/wp\/v2\/media\/35398"}],"wp:attachment":[{"href":"https:\/\/www.wojoer.de\/en\/wp-json\/wp\/v2\/media?parent=6740"}],"wp:term":[{"taxonomy":"product_brand","embeddable":true,"href":"https:\/\/www.wojoer.de\/en\/wp-json\/wp\/v2\/product_brand?post=6740"},{"taxonomy":"product_cat","embeddable":true,"href":"https:\/\/www.wojoer.de\/en\/wp-json\/wp\/v2\/product_cat?post=6740"},{"taxonomy":"product_tag","embeddable":true,"href":"https:\/\/www.wojoer.de\/en\/wp-json\/wp\/v2\/product_tag?post=6740"}],"curies":[{"name":"wp","href":"https:\/\/api.w.org\/{rel}","templated":true}]}}