{"id":7307,"date":"2017-04-27T09:31:56","date_gmt":"2017-04-27T07:31:56","guid":{"rendered":"http:\/\/www.wojoer.de\/produkt\/robinson-redback-leder-pants-rot\/"},"modified":"2025-03-15T19:12:56","modified_gmt":"2025-03-15T18:12:56","slug":"robinson-redback-leder-pants-rot","status":"publish","type":"product","link":"https:\/\/www.wojoer.de\/en\/produkt\/robinson-redback-leder-pants-rot\/","title":{"rendered":"Redback Pants 317W409"},"content":{"rendered":"<p>Produktion auf Bestellung, denn die Letherlike Leder Pants rot der Redback Serie 317W409 geh\u00f6rt in die Kategorie: &#8220;LIVE-Produkte&#8221;!<\/p>\n<h3>Gr\u00f6\u00dfen<\/h3>\n<p>Erh\u00e4ltlich in den Gr\u00f6\u00dfen S, M, L, XL<\/p>\n<h3>Materialzusammensetzung<\/h3>\n<p>Lederimitat: 93% Polyester\u00a0 7% Elasthan\u00a0 |\u00a0 Wetlook: 79% Polyamid 21% Elasthan<\/p>\n<h3>Besonderheiten<\/h3>\n<p><a href=\"http:\/\/www.wojoer.de\/?s=live&#038;post_type=product\">LIVE Produkt<\/a> | matt gl\u00e4nzende Oberfl\u00e4che | festes, leicht dehnbares Material | hautenge Passform | hochwertige Verarbeitung &#8220;Made in Germany&#8221;<\/p>\n<h3>Benutzerhinweise<\/h3>\n<p>Handw\u00e4sche<\/p>\n<h3>REDBACK LEDERIMITAT Leder Pants Rot<\/h3>\n<p>Achtung wild! Mit anderen Worten: Die Redback Pants transformiert jede H\u00fcfte zu einem animalischen Anziehungspunkt. Sie weckt den J\u00e4ger im Mann und verleiht ihm eine ehrfurchtsvolle Anmutung, wie die der australischen Redback Spinne. Dazu kommt das starke, leicht dehnbare Material, das die H\u00fcften fest umschlie\u00dft, wie ein Lederg\u00fcrtel. Ein Goliat der Strings. Dennoch ist gen\u00fcgend Platz f\u00fcr die M\u00e4nnlichkeit, durch das gut ausgeformte Suspensorium. Aber Achtung, mit dieser Letherlike Pants werden reihenweise K\u00f6pfe verdreht.<\/p>\n","protected":false},"excerpt":{"rendered":"<p>Produktion auf Bestellung, denn die Letherlike Leder Pants rot der Redback Serie 317W409 geh\u00f6rt in die Kategorie: &#8220;LIVE-Produkte&#8221;!<br \/>\nGr\u00f6\u00dfen<br \/>\nErh\u00e4ltlich in den Gr\u00f6\u00dfen S, M, L, XL<br \/>\nMaterialzusammensetzung<br \/>\nLederimitat: 93% Polyester\u00a0 7% Elasthan\u00a0 |\u00a0 Wetlook: 79% Polyamid 21% Elasthan<br \/>\nBesonderheiten<br \/>\nLIVE Produkt | matt gl\u00e4nzende Oberfl\u00e4che\u2026<\/p>\n","protected":false},"featured_media":7313,"comment_status":"open","ping_status":"closed","template":"","meta":[],"product_brand":[],"product_cat":[116,473,195,326],"product_tag":[194,273,247],"class_list":{"0":"post-7307","1":"product","2":"type-product","3":"status-publish","4":"has-post-thumbnail","6":"product_cat-clubwear","7":"product_cat-men","8":"product_cat-produktion-auf-bestellung-liveproduktion","9":"product_cat-wojoer","10":"product_tag-leatherlike","11":"product_tag-pants","12":"product_tag-wetlook","13":"product_shipping_class-beun","14":"pa_groesse-l","15":"pa_groesse-m","16":"pa_groesse-s","17":"pa_groesse-xl","18":"pif-has-gallery","19":"post-1","20":"odd","22":"first","23":"onbackorder","24":"taxable","25":"shipping-taxable","26":"purchasable","27":"product-type-variable"},"yoast_head":"<!-- This site is optimized with the Yoast SEO plugin v27.2 - https:\/\/yoast.com\/product\/yoast-seo-wordpress\/ -->\n<title>Leder Pants Rot &quot;Redback&quot; von Clubwear von WOJOER<\/title>\n<meta name=\"description\" content=\"Letherlike Leder Pants rot mit schwarzem Wetlook wird in dieser Kombination zu einem gef\u00e4hrlich animalischen Outfit. Wahnsinnig anziehend! WOJOER Jetzt versandkostenfrei bestellen\" \/>\n<meta name=\"robots\" content=\"index, follow, max-snippet:-1, max-image-preview:large, max-video-preview:-1\" \/>\n<link rel=\"canonical\" href=\"https:\/\/www.wojoer.de\/en\/produkt\/robinson-redback-leder-pants-rot\/\" \/>\n<meta name=\"twitter:card\" content=\"summary_large_image\" \/>\n<meta name=\"twitter:title\" content=\"Leder Pants Rot &quot;Redback&quot; von Clubwear von WOJOER\" \/>\n<meta name=\"twitter:description\" content=\"Letherlike Leder Pants rot mit schwarzem Wetlook wird in dieser Kombination zu einem gef\u00e4hrlich animalischen Outfit. Wahnsinnig anziehend! WOJOER Jetzt versandkostenfrei bestellen\" \/>\n<meta name=\"twitter:image\" content=\"https:\/\/www.wojoer.de\/wp-content\/uploads\/2017\/10\/317W410_redback_pants_robinson.jpg\" \/>\n<meta name=\"twitter:label1\" content=\"Estimated reading time\" \/>\n\t<meta name=\"twitter:data1\" content=\"1 minute\" \/>\n<script type=\"application\/ld+json\" class=\"yoast-schema-graph\">{\"@context\":\"https:\/\/schema.org\",\"@graph\":[{\"@type\":\"WebPage\",\"@id\":\"https:\/\/www.wojoer.de\/en\/produkt\/robinson-redback-leder-pants-rot\/\",\"url\":\"https:\/\/www.wojoer.de\/en\/produkt\/robinson-redback-leder-pants-rot\/\",\"name\":\"Leder Pants Rot \\\"Redback\\\" von Clubwear von WOJOER\",\"isPartOf\":{\"@id\":\"https:\/\/www.wojoer.de\/#website\"},\"primaryImageOfPage\":{\"@id\":\"https:\/\/www.wojoer.de\/en\/produkt\/robinson-redback-leder-pants-rot\/#primaryimage\"},\"image\":{\"@id\":\"https:\/\/www.wojoer.de\/en\/produkt\/robinson-redback-leder-pants-rot\/#primaryimage\"},\"thumbnailUrl\":\"https:\/\/www.wojoer.de\/wp-content\/uploads\/2017\/10\/317W410_redback_pants_robinson.jpg\",\"datePublished\":\"2017-04-27T07:31:56+00:00\",\"dateModified\":\"2025-03-15T18:12:56+00:00\",\"description\":\"Letherlike Leder Pants rot mit schwarzem Wetlook wird in dieser Kombination zu einem gef\u00e4hrlich animalischen Outfit. Wahnsinnig anziehend! WOJOER Jetzt versandkostenfrei bestellen\",\"breadcrumb\":{\"@id\":\"https:\/\/www.wojoer.de\/en\/produkt\/robinson-redback-leder-pants-rot\/#breadcrumb\"},\"inLanguage\":\"en-GB\",\"potentialAction\":[{\"@type\":\"ReadAction\",\"target\":[\"https:\/\/www.wojoer.de\/en\/produkt\/robinson-redback-leder-pants-rot\/\"]}]},{\"@type\":\"ImageObject\",\"inLanguage\":\"en-GB\",\"@id\":\"https:\/\/www.wojoer.de\/en\/produkt\/robinson-redback-leder-pants-rot\/#primaryimage\",\"url\":\"https:\/\/www.wojoer.de\/wp-content\/uploads\/2017\/10\/317W410_redback_pants_robinson.jpg\",\"contentUrl\":\"https:\/\/www.wojoer.de\/wp-content\/uploads\/2017\/10\/317W410_redback_pants_robinson.jpg\",\"width\":2002,\"height\":2002,\"caption\":\"Redback Letherlike Leder Pants rot schwarz\"},{\"@type\":\"BreadcrumbList\",\"@id\":\"https:\/\/www.wojoer.de\/en\/produkt\/robinson-redback-leder-pants-rot\/#breadcrumb\",\"itemListElement\":[{\"@type\":\"ListItem\",\"position\":1,\"name\":\"Startseite\",\"item\":\"https:\/\/www.wojoer.de\/\"},{\"@type\":\"ListItem\",\"position\":2,\"name\":\"SHOP\",\"item\":\"https:\/\/www.wojoer.de\/shop\/\"},{\"@type\":\"ListItem\",\"position\":3,\"name\":\"Redback Pants 317W409\"}]},{\"@type\":\"WebSite\",\"@id\":\"https:\/\/www.wojoer.de\/#website\",\"url\":\"https:\/\/www.wojoer.de\/\",\"name\":\"WOJOER\",\"description\":\"clubwear for men\",\"publisher\":{\"@id\":\"https:\/\/www.wojoer.de\/#organization\"},\"potentialAction\":[{\"@type\":\"SearchAction\",\"target\":{\"@type\":\"EntryPoint\",\"urlTemplate\":\"https:\/\/www.wojoer.de\/?s={search_term_string}\"},\"query-input\":{\"@type\":\"PropertyValueSpecification\",\"valueRequired\":true,\"valueName\":\"search_term_string\"}}],\"inLanguage\":\"en-GB\"},{\"@type\":\"Organization\",\"@id\":\"https:\/\/www.wojoer.de\/#organization\",\"name\":\"Wonneberger-Manufaktur\",\"url\":\"https:\/\/www.wojoer.de\/\",\"logo\":{\"@type\":\"ImageObject\",\"inLanguage\":\"en-GB\",\"@id\":\"https:\/\/www.wojoer.de\/#\/schema\/logo\/image\/\",\"url\":\"https:\/\/www.wojoer.de\/wp-content\/uploads\/2016\/11\/wonnebergermanufaktur_logo_BUTTON.png\",\"contentUrl\":\"https:\/\/www.wojoer.de\/wp-content\/uploads\/2016\/11\/wonnebergermanufaktur_logo_BUTTON.png\",\"width\":765,\"height\":765,\"caption\":\"Wonneberger-Manufaktur\"},\"image\":{\"@id\":\"https:\/\/www.wojoer.de\/#\/schema\/logo\/image\/\"},\"sameAs\":[\"https:\/\/www.facebook.com\/wojoer\/\",\"https:\/\/de.pinterest.com\/W0J0ER\/\"]}]}<\/script>\n<!-- \/ Yoast SEO plugin. -->","yoast_head_json":{"title":"Leder Pants Rot \"Redback\" von Clubwear von WOJOER","description":"Letherlike Leder Pants rot mit schwarzem Wetlook wird in dieser Kombination zu einem gef\u00e4hrlich animalischen Outfit. Wahnsinnig anziehend! WOJOER Jetzt versandkostenfrei bestellen","robots":{"index":"index","follow":"follow","max-snippet":"max-snippet:-1","max-image-preview":"max-image-preview:large","max-video-preview":"max-video-preview:-1"},"canonical":"https:\/\/www.wojoer.de\/en\/produkt\/robinson-redback-leder-pants-rot\/","twitter_card":"summary_large_image","twitter_title":"Leder Pants Rot \"Redback\" von Clubwear von WOJOER","twitter_description":"Letherlike Leder Pants rot mit schwarzem Wetlook wird in dieser Kombination zu einem gef\u00e4hrlich animalischen Outfit. Wahnsinnig anziehend! WOJOER Jetzt versandkostenfrei bestellen","twitter_image":"https:\/\/www.wojoer.de\/wp-content\/uploads\/2017\/10\/317W410_redback_pants_robinson.jpg","twitter_misc":{"Estimated reading time":"1 minute"},"schema":{"@context":"https:\/\/schema.org","@graph":[{"@type":"WebPage","@id":"https:\/\/www.wojoer.de\/en\/produkt\/robinson-redback-leder-pants-rot\/","url":"https:\/\/www.wojoer.de\/en\/produkt\/robinson-redback-leder-pants-rot\/","name":"Leder Pants Rot \"Redback\" von Clubwear von WOJOER","isPartOf":{"@id":"https:\/\/www.wojoer.de\/#website"},"primaryImageOfPage":{"@id":"https:\/\/www.wojoer.de\/en\/produkt\/robinson-redback-leder-pants-rot\/#primaryimage"},"image":{"@id":"https:\/\/www.wojoer.de\/en\/produkt\/robinson-redback-leder-pants-rot\/#primaryimage"},"thumbnailUrl":"https:\/\/www.wojoer.de\/wp-content\/uploads\/2017\/10\/317W410_redback_pants_robinson.jpg","datePublished":"2017-04-27T07:31:56+00:00","dateModified":"2025-03-15T18:12:56+00:00","description":"Letherlike Leder Pants rot mit schwarzem Wetlook wird in dieser Kombination zu einem gef\u00e4hrlich animalischen Outfit. Wahnsinnig anziehend! WOJOER Jetzt versandkostenfrei bestellen","breadcrumb":{"@id":"https:\/\/www.wojoer.de\/en\/produkt\/robinson-redback-leder-pants-rot\/#breadcrumb"},"inLanguage":"en-GB","potentialAction":[{"@type":"ReadAction","target":["https:\/\/www.wojoer.de\/en\/produkt\/robinson-redback-leder-pants-rot\/"]}]},{"@type":"ImageObject","inLanguage":"en-GB","@id":"https:\/\/www.wojoer.de\/en\/produkt\/robinson-redback-leder-pants-rot\/#primaryimage","url":"https:\/\/www.wojoer.de\/wp-content\/uploads\/2017\/10\/317W410_redback_pants_robinson.jpg","contentUrl":"https:\/\/www.wojoer.de\/wp-content\/uploads\/2017\/10\/317W410_redback_pants_robinson.jpg","width":2002,"height":2002,"caption":"Redback Letherlike Leder Pants rot schwarz"},{"@type":"BreadcrumbList","@id":"https:\/\/www.wojoer.de\/en\/produkt\/robinson-redback-leder-pants-rot\/#breadcrumb","itemListElement":[{"@type":"ListItem","position":1,"name":"Startseite","item":"https:\/\/www.wojoer.de\/"},{"@type":"ListItem","position":2,"name":"SHOP","item":"https:\/\/www.wojoer.de\/shop\/"},{"@type":"ListItem","position":3,"name":"Redback Pants 317W409"}]},{"@type":"WebSite","@id":"https:\/\/www.wojoer.de\/#website","url":"https:\/\/www.wojoer.de\/","name":"WOJOER","description":"clubwear for men","publisher":{"@id":"https:\/\/www.wojoer.de\/#organization"},"potentialAction":[{"@type":"SearchAction","target":{"@type":"EntryPoint","urlTemplate":"https:\/\/www.wojoer.de\/?s={search_term_string}"},"query-input":{"@type":"PropertyValueSpecification","valueRequired":true,"valueName":"search_term_string"}}],"inLanguage":"en-GB"},{"@type":"Organization","@id":"https:\/\/www.wojoer.de\/#organization","name":"Wonneberger-Manufaktur","url":"https:\/\/www.wojoer.de\/","logo":{"@type":"ImageObject","inLanguage":"en-GB","@id":"https:\/\/www.wojoer.de\/#\/schema\/logo\/image\/","url":"https:\/\/www.wojoer.de\/wp-content\/uploads\/2016\/11\/wonnebergermanufaktur_logo_BUTTON.png","contentUrl":"https:\/\/www.wojoer.de\/wp-content\/uploads\/2016\/11\/wonnebergermanufaktur_logo_BUTTON.png","width":765,"height":765,"caption":"Wonneberger-Manufaktur"},"image":{"@id":"https:\/\/www.wojoer.de\/#\/schema\/logo\/image\/"},"sameAs":["https:\/\/www.facebook.com\/wojoer\/","https:\/\/de.pinterest.com\/W0J0ER\/"]}]}},"_links":{"self":[{"href":"https:\/\/www.wojoer.de\/en\/wp-json\/wp\/v2\/product\/7307","targetHints":{"allow":["GET"]}}],"collection":[{"href":"https:\/\/www.wojoer.de\/en\/wp-json\/wp\/v2\/product"}],"about":[{"href":"https:\/\/www.wojoer.de\/en\/wp-json\/wp\/v2\/types\/product"}],"replies":[{"embeddable":true,"href":"https:\/\/www.wojoer.de\/en\/wp-json\/wp\/v2\/comments?post=7307"}],"wp:featuredmedia":[{"embeddable":true,"href":"https:\/\/www.wojoer.de\/en\/wp-json\/wp\/v2\/media\/7313"}],"wp:attachment":[{"href":"https:\/\/www.wojoer.de\/en\/wp-json\/wp\/v2\/media?parent=7307"}],"wp:term":[{"taxonomy":"product_brand","embeddable":true,"href":"https:\/\/www.wojoer.de\/en\/wp-json\/wp\/v2\/product_brand?post=7307"},{"taxonomy":"product_cat","embeddable":true,"href":"https:\/\/www.wojoer.de\/en\/wp-json\/wp\/v2\/product_cat?post=7307"},{"taxonomy":"product_tag","embeddable":true,"href":"https:\/\/www.wojoer.de\/en\/wp-json\/wp\/v2\/product_tag?post=7307"}],"curies":[{"name":"wp","href":"https:\/\/api.w.org\/{rel}","templated":true}]}}