{"id":7325,"date":"2023-05-23T16:08:08","date_gmt":"2023-05-23T14:08:08","guid":{"rendered":"http:\/\/www.wojoer.de\/produkt\/neopren-harness-schwarz\/"},"modified":"2025-06-23T10:14:50","modified_gmt":"2025-06-23T08:14:50","slug":"neopren-harness","status":"publish","type":"product","link":"https:\/\/www.wojoer.de\/en\/produkt\/neopren-harness\/","title":{"rendered":"Neopren Harness 309HA1"},"content":{"rendered":"<p>Der Neopren Harness 309HA1 geh\u00f6rt zu den Wojoer LIVE-Produkten. Sie werden ab Bestellung bei uns produziert. So k\u00f6nnen wir auf Kundenw\u00fcnsche individuell eingehen.<\/p>\n<p>Erh\u00e4ltlich in den Farben \u00a0\u00a0 <img loading=\"lazy\" decoding=\"async\" class=\"alignnone size-full wp-image-6164\" src=\"http:\/\/www.wojoer.de\/wp-content\/uploads\/2017\/05\/wei\u00df.jpg\" alt=\"__wei\u00df\" width=\"9\" height=\"9\" \/> Wei\u00df | <img loading=\"lazy\" decoding=\"async\" class=\"alignnone size-full wp-image-6163\" src=\"http:\/\/www.wojoer.de\/wp-content\/uploads\/2017\/05\/schwarz.jpg\" alt=\"__schwarz\" width=\"9\" height=\"9\" \/> Schwarz | <a href=\"https:\/\/www.wojoer.de\/wp-content\/uploads\/2018\/08\/grau.jpg\"><img loading=\"lazy\" decoding=\"async\" class=\"alignnone size-full wp-image-32073\" src=\"https:\/\/www.wojoer.de\/wp-content\/uploads\/2018\/08\/grau.jpg\" alt=\"Farbe Grau\" width=\"9\" height=\"9\" \/><\/a> Tiatanio Grau | <a href=\"https:\/\/www.wojoer.de\/wp-content\/uploads\/2018\/08\/braun.jpg\"><img loading=\"lazy\" decoding=\"async\" class=\"alignnone size-full wp-image-32072\" src=\"https:\/\/www.wojoer.de\/wp-content\/uploads\/2018\/08\/braun.jpg\" alt=\"Farbe braun\" width=\"9\" height=\"9\" \/><\/a> Braun | <a href=\"https:\/\/www.wojoer.de\/wp-content\/uploads\/2018\/08\/olive_navi_moos.jpg\"><img loading=\"lazy\" decoding=\"async\" class=\"alignnone size-full wp-image-32074\" src=\"https:\/\/www.wojoer.de\/wp-content\/uploads\/2018\/08\/olive_navi_moos.jpg\" alt=\"Farbe Oliv\" width=\"9\" height=\"9\" \/><\/a> Navy | <a href=\"https:\/\/www.wojoer.de\/wp-content\/uploads\/2018\/04\/gruen.jpg\"><img loading=\"lazy\" decoding=\"async\" class=\"alignnone size-full wp-image-10032\" src=\"https:\/\/www.wojoer.de\/wp-content\/uploads\/2018\/04\/gruen.jpg\" alt=\"\" width=\"9\" height=\"9\" \/><\/a> Neongr\u00fcn\u00a0| <a href=\"https:\/\/www.wojoer.de\/wp-content\/uploads\/2018\/04\/neongelb.jpg\"><img loading=\"lazy\" decoding=\"async\" class=\"alignnone size-full wp-image-10035\" src=\"https:\/\/www.wojoer.de\/wp-content\/uploads\/2018\/04\/neongelb.jpg\" alt=\"\" width=\"9\" height=\"9\" \/><\/a> Neongelb | <a href=\"https:\/\/www.wojoer.de\/wp-content\/uploads\/2018\/04\/orange.jpg\"><img loading=\"lazy\" decoding=\"async\" class=\"alignnone size-full wp-image-10037\" src=\"https:\/\/www.wojoer.de\/wp-content\/uploads\/2018\/04\/orange.jpg\" alt=\"Farbe\" width=\"9\" height=\"9\" \/><\/a> orange| <a href=\"https:\/\/www.wojoer.de\/wp-content\/uploads\/2018\/04\/vulcano.jpg\"><img loading=\"lazy\" decoding=\"async\" class=\"alignnone size-full wp-image-10040\" src=\"https:\/\/www.wojoer.de\/wp-content\/uploads\/2018\/04\/vulcano.jpg\" alt=\"\" width=\"9\" height=\"9\" \/><\/a> Rot | <img loading=\"lazy\" decoding=\"async\" class=\"alignnone size-full wp-image-6156\" src=\"http:\/\/www.wojoer.de\/wp-content\/uploads\/2017\/05\/pink-1.jpg\" alt=\"pink\" width=\"9\" height=\"9\" \/> Neonpink | <a href=\"https:\/\/www.wojoer.de\/wp-content\/uploads\/2018\/04\/lila.jpg\"><img loading=\"lazy\" decoding=\"async\" class=\"alignnone size-full wp-image-10033\" src=\"https:\/\/www.wojoer.de\/wp-content\/uploads\/2018\/04\/lila.jpg\" alt=\"\" width=\"9\" height=\"9\" \/><\/a> Lila | <img loading=\"lazy\" decoding=\"async\" class=\"alignnone size-full wp-image-6157\" src=\"http:\/\/www.wojoer.de\/wp-content\/uploads\/2017\/05\/blau.jpg\" alt=\"__blau\" width=\"9\" height=\"9\" \/> Royalblau | <img loading=\"lazy\" decoding=\"async\" class=\"alignnone size-full wp-image-6158\" src=\"http:\/\/www.wojoer.de\/wp-content\/uploads\/2017\/05\/eisblau.jpg\" alt=\"__eisblau\" width=\"9\" height=\"9\" \/> Eisblau<\/p>\n<h3>Gr\u00f6\u00dfen<\/h3>\n<p>Erh\u00e4ltlich in den Gr\u00f6\u00dfen S, M, L, XL<\/p>\n<h3>Materialzusammensetzung<\/h3>\n<p>100% Glatthautneopren<\/p>\n<p>Innenkaschierung: 80% Polyamid, 20% Elasthan<\/p>\n<h3>Besonderheiten<\/h3>\n<p><a href=\"http:\/\/www.wojoer.de\/?s=LIVE&#038;post_type=product\">LIVE-Produkt<\/a>\u00a0| <a href=\"http:\/\/www.wojoer.de\/produkt-kategorie\/hankycode\/\">Hankycode<\/a> | elegant matte Oberfl\u00e4chenoptik | badetauglich | w\u00e4rmend | fest formendes Material | Oberbrust Geschirr | hochwertige Verarbeitung &#8220;Made in Germany&#8221;<\/p>\n<h3>Benutzerhinweise<\/h3>\n<p>Handw\u00e4sche | Neopren entwickelt Bewegungsfalten, wie gutes Leder und l\u00e4sst so nach und nach eine eigene Signatur eines jeden Tr\u00e4gers entstehen. Daher bitte druckgesch\u00fctzt und nicht zusammengelegt lagern und auf breite Kleiderb\u00fcgel aufziehen.<\/p>\n<h3>Achtung<\/h3>\n<p>Bei Retouren, m\u00fcssen die Neoprenprodukte ungeknickt und luftig verpackt zur\u00fcckgesendet werden, so wie die Ware erhalten wurde. Bei Druckstellen, die durch einen falschen Versand verursacht wurden, kann die Ware nicht zur\u00fcckgenommen werden.<\/p>\n<h3>NEOPREN &#8211; Neopren Harness, Oberbrust Geschirr<\/h3>\n<p>Ein Geschirr das B\u00e4ndigt? Keineswegs! Nur weil er so enganliegend straff sitzt, b\u00e4ndigt der Neoprenharness das Beast kein St\u00fcck. Ganz im Gegenteil! Vielmehr entlockt er dem Tr\u00e4ger eine harte Eminenz und sportliche Energie. Denn schlie\u00dflich betont seine m\u00e4nnliche Breite und die kantige Schnittf\u00fchrung das trainierte Kreuz extrem. Infolge dessen ist ein selbstbewusst starker Auftritt mit ihm absolut garantiert. \u00dcbrigens verspricht er zudem prickelnde Erotik bei jedem Blick und jeder Ber\u00fchrung. Denn das Wojoer Glatthautneopren ist ein unschlagbares Material. Aber dazu mehr auf <a href=\"https:\/\/plus.google.com\/103254296999721938589\">Wojoer Google+<\/a>.<\/p>\n<p>&nbsp;<\/p>\n","protected":false},"excerpt":{"rendered":"<p>Der Neopren Harness 309HA1 geh\u00f6rt zu den Wojoer LIVE-Produkten. Sie werden ab Bestellung bei uns produziert. So k\u00f6nnen wir auf Kundenw\u00fcnsche individuell eingehen.<\/p>\n<p>Erh\u00e4ltlich in den Farben \u00a0\u00a0  Wei\u00df |  Schwarz |  Tiatanio Grau |  Braun |\u2026<\/p>\n","protected":false},"featured_media":22012,"comment_status":"open","ping_status":"closed","template":"","meta":[],"product_brand":[],"product_cat":[112,115,116,114,311,473,195,326],"product_tag":[108,268,310,103],"class_list":{"0":"post-7325","1":"product","2":"type-product","3":"status-publish","4":"has-post-thumbnail","6":"product_cat-309-neopren","7":"product_cat-beachwear","8":"product_cat-clubwear","9":"product_cat-fetisch","10":"product_cat-hankycode","11":"product_cat-men","12":"product_cat-produktion-auf-bestellung-liveproduktion","13":"product_cat-wojoer","14":"product_tag-1beachwear","15":"product_tag-farbcode","16":"product_tag-harness","17":"product_tag-neopren","18":"product_shipping_class-neopren","19":"pa_farbe-eisblau","20":"pa_farbe-royalblau","21":"pa_farbe-braun","22":"pa_farbe-grau","23":"pa_farbe-lila","24":"pa_farbe-neongelb","25":"pa_farbe-neongruen","26":"pa_farbe-neonpink","27":"pa_farbe-olive","28":"pa_farbe-orange","29":"pa_farbe-rot","30":"pa_farbe-schwarz","31":"pa_farbe-weiss","32":"pa_groesse-l","33":"pa_groesse-m","34":"pa_groesse-s","35":"pa_groesse-xl","36":"pa_groesse-xxl","37":"pif-has-gallery","38":"post-1","39":"odd","41":"first","42":"onbackorder","43":"taxable","44":"shipping-taxable","45":"purchasable","46":"product-type-variable","47":"has-default-attributes"},"yoast_head":"<!-- This site is optimized with the Yoast SEO plugin v27.2 - https:\/\/yoast.com\/product\/yoast-seo-wordpress\/ -->\n<title>Neopren Harness schwarz | badetauglich | sportlich | WOJOER<\/title>\n<meta name=\"description\" content=\"Neopren Harness. In Deutschland gefertigte Glatthautneopren. Sportlich, erotisch in 10 knalligen Farben. WOJOER kaum zu b\u00e4ndigen!\" \/>\n<meta name=\"robots\" content=\"index, follow, max-snippet:-1, max-image-preview:large, max-video-preview:-1\" \/>\n<link rel=\"canonical\" href=\"https:\/\/www.wojoer.de\/en\/produkt\/neopren-harness\/\" \/>\n<meta name=\"twitter:card\" content=\"summary_large_image\" \/>\n<meta name=\"twitter:title\" content=\"Neopren Harness schwarz | badetauglich | sportlich | WOJOER\" \/>\n<meta name=\"twitter:description\" content=\"Neopren Harness. In Deutschland gefertigte Glatthautneopren. Sportlich, erotisch in 10 knalligen Farben. WOJOER kaum zu b\u00e4ndigen!\" \/>\n<meta name=\"twitter:image\" content=\"https:\/\/www.wojoer.de\/wp-content\/uploads\/2019\/07\/309W456_HS1_Neopren_Jock_Harness_weiss_back_wojoer.jpg\" \/>\n<meta name=\"twitter:label1\" content=\"Estimated reading time\" \/>\n\t<meta name=\"twitter:data1\" content=\"4 minutes\" \/>\n<script type=\"application\/ld+json\" class=\"yoast-schema-graph\">{\"@context\":\"https:\/\/schema.org\",\"@graph\":[{\"@type\":\"WebPage\",\"@id\":\"https:\/\/www.wojoer.de\/produkt\/neopren-harness\/\",\"url\":\"https:\/\/www.wojoer.de\/produkt\/neopren-harness\/\",\"name\":\"Neopren Harness schwarz | badetauglich | sportlich | WOJOER\",\"isPartOf\":{\"@id\":\"https:\/\/www.wojoer.de\/#website\"},\"primaryImageOfPage\":{\"@id\":\"https:\/\/www.wojoer.de\/produkt\/neopren-harness\/#primaryimage\"},\"image\":{\"@id\":\"https:\/\/www.wojoer.de\/produkt\/neopren-harness\/#primaryimage\"},\"thumbnailUrl\":\"https:\/\/www.wojoer.de\/wp-content\/uploads\/2019\/07\/309W456_HS1_Neopren_Jock_Harness_weiss_back_wojoer.jpg\",\"datePublished\":\"2023-05-23T14:08:08+00:00\",\"dateModified\":\"2025-06-23T08:14:50+00:00\",\"description\":\"Neopren Harness. In Deutschland gefertigte Glatthautneopren. Sportlich, erotisch in 10 knalligen Farben. WOJOER kaum zu b\u00e4ndigen!\",\"breadcrumb\":{\"@id\":\"https:\/\/www.wojoer.de\/produkt\/neopren-harness\/#breadcrumb\"},\"inLanguage\":\"en-GB\",\"potentialAction\":[{\"@type\":\"ReadAction\",\"target\":[\"https:\/\/www.wojoer.de\/produkt\/neopren-harness\/\"]}]},{\"@type\":\"ImageObject\",\"inLanguage\":\"en-GB\",\"@id\":\"https:\/\/www.wojoer.de\/produkt\/neopren-harness\/#primaryimage\",\"url\":\"https:\/\/www.wojoer.de\/wp-content\/uploads\/2019\/07\/309W456_HS1_Neopren_Jock_Harness_weiss_back_wojoer.jpg\",\"contentUrl\":\"https:\/\/www.wojoer.de\/wp-content\/uploads\/2019\/07\/309W456_HS1_Neopren_Jock_Harness_weiss_back_wojoer.jpg\",\"width\":2002,\"height\":2002},{\"@type\":\"BreadcrumbList\",\"@id\":\"https:\/\/www.wojoer.de\/produkt\/neopren-harness\/#breadcrumb\",\"itemListElement\":[{\"@type\":\"ListItem\",\"position\":1,\"name\":\"Startseite\",\"item\":\"https:\/\/www.wojoer.de\/\"},{\"@type\":\"ListItem\",\"position\":2,\"name\":\"SHOP\",\"item\":\"https:\/\/www.wojoer.de\/shop\/\"},{\"@type\":\"ListItem\",\"position\":3,\"name\":\"Neopren Harness 309HA1\"}]},{\"@type\":\"WebSite\",\"@id\":\"https:\/\/www.wojoer.de\/#website\",\"url\":\"https:\/\/www.wojoer.de\/\",\"name\":\"WOJOER\",\"description\":\"clubwear for men\",\"publisher\":{\"@id\":\"https:\/\/www.wojoer.de\/#organization\"},\"potentialAction\":[{\"@type\":\"SearchAction\",\"target\":{\"@type\":\"EntryPoint\",\"urlTemplate\":\"https:\/\/www.wojoer.de\/?s={search_term_string}\"},\"query-input\":{\"@type\":\"PropertyValueSpecification\",\"valueRequired\":true,\"valueName\":\"search_term_string\"}}],\"inLanguage\":\"en-GB\"},{\"@type\":\"Organization\",\"@id\":\"https:\/\/www.wojoer.de\/#organization\",\"name\":\"Wonneberger-Manufaktur\",\"url\":\"https:\/\/www.wojoer.de\/\",\"logo\":{\"@type\":\"ImageObject\",\"inLanguage\":\"en-GB\",\"@id\":\"https:\/\/www.wojoer.de\/#\/schema\/logo\/image\/\",\"url\":\"https:\/\/www.wojoer.de\/wp-content\/uploads\/2016\/11\/wonnebergermanufaktur_logo_BUTTON.png\",\"contentUrl\":\"https:\/\/www.wojoer.de\/wp-content\/uploads\/2016\/11\/wonnebergermanufaktur_logo_BUTTON.png\",\"width\":765,\"height\":765,\"caption\":\"Wonneberger-Manufaktur\"},\"image\":{\"@id\":\"https:\/\/www.wojoer.de\/#\/schema\/logo\/image\/\"},\"sameAs\":[\"https:\/\/www.facebook.com\/wojoer\/\",\"https:\/\/de.pinterest.com\/W0J0ER\/\"]}]}<\/script>\n<!-- \/ Yoast SEO plugin. -->","yoast_head_json":{"title":"Neopren Harness schwarz | badetauglich | sportlich | WOJOER","description":"Neopren Harness. In Deutschland gefertigte Glatthautneopren. Sportlich, erotisch in 10 knalligen Farben. WOJOER kaum zu b\u00e4ndigen!","robots":{"index":"index","follow":"follow","max-snippet":"max-snippet:-1","max-image-preview":"max-image-preview:large","max-video-preview":"max-video-preview:-1"},"canonical":"https:\/\/www.wojoer.de\/en\/produkt\/neopren-harness\/","twitter_card":"summary_large_image","twitter_title":"Neopren Harness schwarz | badetauglich | sportlich | WOJOER","twitter_description":"Neopren Harness. In Deutschland gefertigte Glatthautneopren. Sportlich, erotisch in 10 knalligen Farben. WOJOER kaum zu b\u00e4ndigen!","twitter_image":"https:\/\/www.wojoer.de\/wp-content\/uploads\/2019\/07\/309W456_HS1_Neopren_Jock_Harness_weiss_back_wojoer.jpg","twitter_misc":{"Estimated reading time":"4 minutes"},"schema":{"@context":"https:\/\/schema.org","@graph":[{"@type":"WebPage","@id":"https:\/\/www.wojoer.de\/produkt\/neopren-harness\/","url":"https:\/\/www.wojoer.de\/produkt\/neopren-harness\/","name":"Neopren Harness schwarz | badetauglich | sportlich | WOJOER","isPartOf":{"@id":"https:\/\/www.wojoer.de\/#website"},"primaryImageOfPage":{"@id":"https:\/\/www.wojoer.de\/produkt\/neopren-harness\/#primaryimage"},"image":{"@id":"https:\/\/www.wojoer.de\/produkt\/neopren-harness\/#primaryimage"},"thumbnailUrl":"https:\/\/www.wojoer.de\/wp-content\/uploads\/2019\/07\/309W456_HS1_Neopren_Jock_Harness_weiss_back_wojoer.jpg","datePublished":"2023-05-23T14:08:08+00:00","dateModified":"2025-06-23T08:14:50+00:00","description":"Neopren Harness. In Deutschland gefertigte Glatthautneopren. Sportlich, erotisch in 10 knalligen Farben. WOJOER kaum zu b\u00e4ndigen!","breadcrumb":{"@id":"https:\/\/www.wojoer.de\/produkt\/neopren-harness\/#breadcrumb"},"inLanguage":"en-GB","potentialAction":[{"@type":"ReadAction","target":["https:\/\/www.wojoer.de\/produkt\/neopren-harness\/"]}]},{"@type":"ImageObject","inLanguage":"en-GB","@id":"https:\/\/www.wojoer.de\/produkt\/neopren-harness\/#primaryimage","url":"https:\/\/www.wojoer.de\/wp-content\/uploads\/2019\/07\/309W456_HS1_Neopren_Jock_Harness_weiss_back_wojoer.jpg","contentUrl":"https:\/\/www.wojoer.de\/wp-content\/uploads\/2019\/07\/309W456_HS1_Neopren_Jock_Harness_weiss_back_wojoer.jpg","width":2002,"height":2002},{"@type":"BreadcrumbList","@id":"https:\/\/www.wojoer.de\/produkt\/neopren-harness\/#breadcrumb","itemListElement":[{"@type":"ListItem","position":1,"name":"Startseite","item":"https:\/\/www.wojoer.de\/"},{"@type":"ListItem","position":2,"name":"SHOP","item":"https:\/\/www.wojoer.de\/shop\/"},{"@type":"ListItem","position":3,"name":"Neopren Harness 309HA1"}]},{"@type":"WebSite","@id":"https:\/\/www.wojoer.de\/#website","url":"https:\/\/www.wojoer.de\/","name":"WOJOER","description":"clubwear for men","publisher":{"@id":"https:\/\/www.wojoer.de\/#organization"},"potentialAction":[{"@type":"SearchAction","target":{"@type":"EntryPoint","urlTemplate":"https:\/\/www.wojoer.de\/?s={search_term_string}"},"query-input":{"@type":"PropertyValueSpecification","valueRequired":true,"valueName":"search_term_string"}}],"inLanguage":"en-GB"},{"@type":"Organization","@id":"https:\/\/www.wojoer.de\/#organization","name":"Wonneberger-Manufaktur","url":"https:\/\/www.wojoer.de\/","logo":{"@type":"ImageObject","inLanguage":"en-GB","@id":"https:\/\/www.wojoer.de\/#\/schema\/logo\/image\/","url":"https:\/\/www.wojoer.de\/wp-content\/uploads\/2016\/11\/wonnebergermanufaktur_logo_BUTTON.png","contentUrl":"https:\/\/www.wojoer.de\/wp-content\/uploads\/2016\/11\/wonnebergermanufaktur_logo_BUTTON.png","width":765,"height":765,"caption":"Wonneberger-Manufaktur"},"image":{"@id":"https:\/\/www.wojoer.de\/#\/schema\/logo\/image\/"},"sameAs":["https:\/\/www.facebook.com\/wojoer\/","https:\/\/de.pinterest.com\/W0J0ER\/"]}]}},"_links":{"self":[{"href":"https:\/\/www.wojoer.de\/en\/wp-json\/wp\/v2\/product\/7325","targetHints":{"allow":["GET"]}}],"collection":[{"href":"https:\/\/www.wojoer.de\/en\/wp-json\/wp\/v2\/product"}],"about":[{"href":"https:\/\/www.wojoer.de\/en\/wp-json\/wp\/v2\/types\/product"}],"replies":[{"embeddable":true,"href":"https:\/\/www.wojoer.de\/en\/wp-json\/wp\/v2\/comments?post=7325"}],"wp:featuredmedia":[{"embeddable":true,"href":"https:\/\/www.wojoer.de\/en\/wp-json\/wp\/v2\/media\/22012"}],"wp:attachment":[{"href":"https:\/\/www.wojoer.de\/en\/wp-json\/wp\/v2\/media?parent=7325"}],"wp:term":[{"taxonomy":"product_brand","embeddable":true,"href":"https:\/\/www.wojoer.de\/en\/wp-json\/wp\/v2\/product_brand?post=7325"},{"taxonomy":"product_cat","embeddable":true,"href":"https:\/\/www.wojoer.de\/en\/wp-json\/wp\/v2\/product_cat?post=7325"},{"taxonomy":"product_tag","embeddable":true,"href":"https:\/\/www.wojoer.de\/en\/wp-json\/wp\/v2\/product_tag?post=7325"}],"curies":[{"name":"wp","href":"https:\/\/api.w.org\/{rel}","templated":true}]}}