{"id":7967,"date":"2024-09-10T12:27:06","date_gmt":"2024-09-10T10:27:06","guid":{"rendered":"http:\/\/www.wojoer.de\/produkt\/samt-string-weihnachtsspecial\/"},"modified":"2026-04-13T08:06:53","modified_gmt":"2026-04-13T06:06:53","slug":"samt-string-weihnachtsspecial","status":"publish","type":"product","link":"https:\/\/www.wojoer.de\/en\/produkt\/samt-string-weihnachtsspecial\/","title":{"rendered":"Velvet Mesh Thong Gold"},"content":{"rendered":"<h3><span style=\"color: #d5b22d;\">ACHTUNG WHEINACHTSSPECIAL!<\/span><\/h3>\n<p>Den WS1E700 Samt String gibt es nur f\u00fcr kurze Zeit bei WOJOER <a href=\"http:\/\/www.wojoer.de\/produkt-kategorie\/onlyforme\/\">ONLY FOR ME<\/a>.<\/p>\n<h3>Gr\u00f6\u00dfen<\/h3>\n<p>Erh\u00e4ltlich in den Gr\u00f6\u00dfen S, M, L, XL<\/p>\n<h3>Materialzusammensetzung<\/h3>\n<p>Ausbrenner Netz-Velourstoff: Polyester 95%,\u00a0 Elasthan 5%<\/p>\n<h3>Besonderheiten<\/h3>\n<p>sch\u00f6n hoch geschnitten | samtig weich und Netz | weihnachtlich golden | hochwertige Verarbeitung &#8220;Made in Germany&#8221;<\/p>\n<h3>Benutzerhinweise<\/h3>\n<p>Handw\u00e4sche<\/p>\n<h3>Weihnachtsspecial &#8211; Samt String<\/h3>\n<p>Die kalte Jahreszeit kann kommen, wir machen es uns schon gem\u00fctlich hei\u00df. Denn der kuschlig weiche und erotisch durchsichtige WOJOER Schmalissimo befl\u00fcgelt die Weihnachtsfantasien. Eine weiche gold schwarz schimmernde Samt Schicht wird mit einem verlockend fein, durchschimmernden Netz durchzogen.<\/p>\n<p><span style=\"color: #d2b55b;\">\u00a0<\/span><\/p>\n","protected":false},"excerpt":{"rendered":"<p>ACHTUNG WHEINACHTSSPECIAL!<br \/>\nDen WS1E700 Samt String gibt es nur f\u00fcr kurze Zeit bei WOJOER ONLY FOR ME.<br \/>\nGr\u00f6\u00dfen<br \/>\nErh\u00e4ltlich in den Gr\u00f6\u00dfen S, M, L, XL<br \/>\nMaterialzusammensetzung<br \/>\nAusbrenner Netz-Velourstoff: Polyester 95%,\u00a0 Elasthan 5%<br \/>\nBesonderheiten<br \/>\nsch\u00f6n hoch geschnitten | samtig weich und Netz | weihnachtlich golden | hochwertige\u2026<\/p>\n","protected":false},"featured_media":35180,"comment_status":"open","ping_status":"closed","template":"","meta":[],"product_brand":[],"product_cat":[473,270,121,329,326],"product_tag":[246,327,119,318],"class_list":{"0":"post-7967","1":"product","2":"type-product","3":"status-publish","4":"has-post-thumbnail","6":"product_cat-men","7":"product_cat-onlyforme","8":"product_cat-underwear","9":"product_cat-weihnachtsspecial","10":"product_cat-wojoer","11":"product_tag-netz","12":"product_tag-samt","13":"product_tag-string","14":"product_tag-struktur","15":"product_shipping_class-beun","16":"pa_farbe-gold","17":"pa_farbe-rot","18":"pa_groesse-l","19":"pa_groesse-m","20":"pa_groesse-s","21":"pa_groesse-xl","22":"pif-has-gallery","23":"post-1","24":"odd","26":"first","27":"onbackorder","28":"featured","29":"taxable","30":"shipping-taxable","31":"purchasable","32":"product-type-variable","33":"has-default-attributes"},"yoast_head":"<!-- This site is optimized with the Yoast SEO plugin v27.2 - https:\/\/yoast.com\/product\/yoast-seo-wordpress\/ -->\n<title>Samt String | Schmalissimo | Velour und Netz | Velvet | weinrot | WOJOER<\/title>\n<meta name=\"description\" content=\"Dieser Samt String ist flauschig weich, hauteng, hoch geschnitten &amp; aufregend durchsichtig. Jetzt als Weihnachtsspecial online Versandtkostenfrei bestellen\" \/>\n<meta name=\"robots\" content=\"index, follow, max-snippet:-1, max-image-preview:large, max-video-preview:-1\" \/>\n<link rel=\"canonical\" href=\"https:\/\/www.wojoer.de\/en\/produkt\/samt-string-weihnachtsspecial\/\" \/>\n<meta name=\"twitter:card\" content=\"summary_large_image\" \/>\n<meta name=\"twitter:title\" content=\"Samt String | Schmalissimo | Velour und Netz | Velvet | weinrot | WOJOER\" \/>\n<meta name=\"twitter:description\" content=\"Dieser Samt String ist flauschig weich, hauteng, hoch geschnitten &amp; aufregend durchsichtig. Jetzt als Weihnachtsspecial online Versandtkostenfrei bestellen\" \/>\n<meta name=\"twitter:image\" content=\"https:\/\/www.wojoer.de\/wp-content\/uploads\/2017\/11\/WS1E700_Weihnachtsspecial_gold_schmalissimo_wojoer.jpg\" \/>\n<meta name=\"twitter:label1\" content=\"Estimated reading time\" \/>\n\t<meta name=\"twitter:data1\" content=\"1 minute\" \/>\n<script type=\"application\/ld+json\" class=\"yoast-schema-graph\">{\"@context\":\"https:\/\/schema.org\",\"@graph\":[{\"@type\":\"WebPage\",\"@id\":\"https:\/\/www.wojoer.de\/produkt\/samt-string-weihnachtsspecial\/\",\"url\":\"https:\/\/www.wojoer.de\/produkt\/samt-string-weihnachtsspecial\/\",\"name\":\"Samt String | Schmalissimo | Velour und Netz | Velvet | weinrot | WOJOER\",\"isPartOf\":{\"@id\":\"https:\/\/www.wojoer.de\/#website\"},\"primaryImageOfPage\":{\"@id\":\"https:\/\/www.wojoer.de\/produkt\/samt-string-weihnachtsspecial\/#primaryimage\"},\"image\":{\"@id\":\"https:\/\/www.wojoer.de\/produkt\/samt-string-weihnachtsspecial\/#primaryimage\"},\"thumbnailUrl\":\"https:\/\/www.wojoer.de\/wp-content\/uploads\/2017\/11\/WS1E700_Weihnachtsspecial_gold_schmalissimo_wojoer.jpg\",\"datePublished\":\"2024-09-10T10:27:06+00:00\",\"dateModified\":\"2026-04-13T06:06:53+00:00\",\"description\":\"Dieser Samt String ist flauschig weich, hauteng, hoch geschnitten & aufregend durchsichtig. Jetzt als Weihnachtsspecial online Versandtkostenfrei bestellen\",\"breadcrumb\":{\"@id\":\"https:\/\/www.wojoer.de\/produkt\/samt-string-weihnachtsspecial\/#breadcrumb\"},\"inLanguage\":\"en-GB\",\"potentialAction\":[{\"@type\":\"ReadAction\",\"target\":[\"https:\/\/www.wojoer.de\/produkt\/samt-string-weihnachtsspecial\/\"]}]},{\"@type\":\"ImageObject\",\"inLanguage\":\"en-GB\",\"@id\":\"https:\/\/www.wojoer.de\/produkt\/samt-string-weihnachtsspecial\/#primaryimage\",\"url\":\"https:\/\/www.wojoer.de\/wp-content\/uploads\/2017\/11\/WS1E700_Weihnachtsspecial_gold_schmalissimo_wojoer.jpg\",\"contentUrl\":\"https:\/\/www.wojoer.de\/wp-content\/uploads\/2017\/11\/WS1E700_Weihnachtsspecial_gold_schmalissimo_wojoer.jpg\",\"width\":2002,\"height\":2002},{\"@type\":\"BreadcrumbList\",\"@id\":\"https:\/\/www.wojoer.de\/produkt\/samt-string-weihnachtsspecial\/#breadcrumb\",\"itemListElement\":[{\"@type\":\"ListItem\",\"position\":1,\"name\":\"Startseite\",\"item\":\"https:\/\/www.wojoer.de\/\"},{\"@type\":\"ListItem\",\"position\":2,\"name\":\"SHOP\",\"item\":\"https:\/\/www.wojoer.de\/shop\/\"},{\"@type\":\"ListItem\",\"position\":3,\"name\":\"Velvet Mesh Thong Gold\"}]},{\"@type\":\"WebSite\",\"@id\":\"https:\/\/www.wojoer.de\/#website\",\"url\":\"https:\/\/www.wojoer.de\/\",\"name\":\"WOJOER\",\"description\":\"clubwear for men\",\"publisher\":{\"@id\":\"https:\/\/www.wojoer.de\/#organization\"},\"potentialAction\":[{\"@type\":\"SearchAction\",\"target\":{\"@type\":\"EntryPoint\",\"urlTemplate\":\"https:\/\/www.wojoer.de\/?s={search_term_string}\"},\"query-input\":{\"@type\":\"PropertyValueSpecification\",\"valueRequired\":true,\"valueName\":\"search_term_string\"}}],\"inLanguage\":\"en-GB\"},{\"@type\":\"Organization\",\"@id\":\"https:\/\/www.wojoer.de\/#organization\",\"name\":\"Wonneberger-Manufaktur\",\"url\":\"https:\/\/www.wojoer.de\/\",\"logo\":{\"@type\":\"ImageObject\",\"inLanguage\":\"en-GB\",\"@id\":\"https:\/\/www.wojoer.de\/#\/schema\/logo\/image\/\",\"url\":\"https:\/\/www.wojoer.de\/wp-content\/uploads\/2016\/11\/wonnebergermanufaktur_logo_BUTTON.png\",\"contentUrl\":\"https:\/\/www.wojoer.de\/wp-content\/uploads\/2016\/11\/wonnebergermanufaktur_logo_BUTTON.png\",\"width\":765,\"height\":765,\"caption\":\"Wonneberger-Manufaktur\"},\"image\":{\"@id\":\"https:\/\/www.wojoer.de\/#\/schema\/logo\/image\/\"},\"sameAs\":[\"https:\/\/www.facebook.com\/wojoer\/\",\"https:\/\/de.pinterest.com\/W0J0ER\/\"]}]}<\/script>\n<!-- \/ Yoast SEO plugin. -->","yoast_head_json":{"title":"Samt String | Schmalissimo | Velour und Netz | Velvet | weinrot | WOJOER","description":"Dieser Samt String ist flauschig weich, hauteng, hoch geschnitten & aufregend durchsichtig. Jetzt als Weihnachtsspecial online Versandtkostenfrei bestellen","robots":{"index":"index","follow":"follow","max-snippet":"max-snippet:-1","max-image-preview":"max-image-preview:large","max-video-preview":"max-video-preview:-1"},"canonical":"https:\/\/www.wojoer.de\/en\/produkt\/samt-string-weihnachtsspecial\/","twitter_card":"summary_large_image","twitter_title":"Samt String | Schmalissimo | Velour und Netz | Velvet | weinrot | WOJOER","twitter_description":"Dieser Samt String ist flauschig weich, hauteng, hoch geschnitten & aufregend durchsichtig. Jetzt als Weihnachtsspecial online Versandtkostenfrei bestellen","twitter_image":"https:\/\/www.wojoer.de\/wp-content\/uploads\/2017\/11\/WS1E700_Weihnachtsspecial_gold_schmalissimo_wojoer.jpg","twitter_misc":{"Estimated reading time":"1 minute"},"schema":{"@context":"https:\/\/schema.org","@graph":[{"@type":"WebPage","@id":"https:\/\/www.wojoer.de\/produkt\/samt-string-weihnachtsspecial\/","url":"https:\/\/www.wojoer.de\/produkt\/samt-string-weihnachtsspecial\/","name":"Samt String | Schmalissimo | Velour und Netz | Velvet | weinrot | WOJOER","isPartOf":{"@id":"https:\/\/www.wojoer.de\/#website"},"primaryImageOfPage":{"@id":"https:\/\/www.wojoer.de\/produkt\/samt-string-weihnachtsspecial\/#primaryimage"},"image":{"@id":"https:\/\/www.wojoer.de\/produkt\/samt-string-weihnachtsspecial\/#primaryimage"},"thumbnailUrl":"https:\/\/www.wojoer.de\/wp-content\/uploads\/2017\/11\/WS1E700_Weihnachtsspecial_gold_schmalissimo_wojoer.jpg","datePublished":"2024-09-10T10:27:06+00:00","dateModified":"2026-04-13T06:06:53+00:00","description":"Dieser Samt String ist flauschig weich, hauteng, hoch geschnitten & aufregend durchsichtig. Jetzt als Weihnachtsspecial online Versandtkostenfrei bestellen","breadcrumb":{"@id":"https:\/\/www.wojoer.de\/produkt\/samt-string-weihnachtsspecial\/#breadcrumb"},"inLanguage":"en-GB","potentialAction":[{"@type":"ReadAction","target":["https:\/\/www.wojoer.de\/produkt\/samt-string-weihnachtsspecial\/"]}]},{"@type":"ImageObject","inLanguage":"en-GB","@id":"https:\/\/www.wojoer.de\/produkt\/samt-string-weihnachtsspecial\/#primaryimage","url":"https:\/\/www.wojoer.de\/wp-content\/uploads\/2017\/11\/WS1E700_Weihnachtsspecial_gold_schmalissimo_wojoer.jpg","contentUrl":"https:\/\/www.wojoer.de\/wp-content\/uploads\/2017\/11\/WS1E700_Weihnachtsspecial_gold_schmalissimo_wojoer.jpg","width":2002,"height":2002},{"@type":"BreadcrumbList","@id":"https:\/\/www.wojoer.de\/produkt\/samt-string-weihnachtsspecial\/#breadcrumb","itemListElement":[{"@type":"ListItem","position":1,"name":"Startseite","item":"https:\/\/www.wojoer.de\/"},{"@type":"ListItem","position":2,"name":"SHOP","item":"https:\/\/www.wojoer.de\/shop\/"},{"@type":"ListItem","position":3,"name":"Velvet Mesh Thong Gold"}]},{"@type":"WebSite","@id":"https:\/\/www.wojoer.de\/#website","url":"https:\/\/www.wojoer.de\/","name":"WOJOER","description":"clubwear for men","publisher":{"@id":"https:\/\/www.wojoer.de\/#organization"},"potentialAction":[{"@type":"SearchAction","target":{"@type":"EntryPoint","urlTemplate":"https:\/\/www.wojoer.de\/?s={search_term_string}"},"query-input":{"@type":"PropertyValueSpecification","valueRequired":true,"valueName":"search_term_string"}}],"inLanguage":"en-GB"},{"@type":"Organization","@id":"https:\/\/www.wojoer.de\/#organization","name":"Wonneberger-Manufaktur","url":"https:\/\/www.wojoer.de\/","logo":{"@type":"ImageObject","inLanguage":"en-GB","@id":"https:\/\/www.wojoer.de\/#\/schema\/logo\/image\/","url":"https:\/\/www.wojoer.de\/wp-content\/uploads\/2016\/11\/wonnebergermanufaktur_logo_BUTTON.png","contentUrl":"https:\/\/www.wojoer.de\/wp-content\/uploads\/2016\/11\/wonnebergermanufaktur_logo_BUTTON.png","width":765,"height":765,"caption":"Wonneberger-Manufaktur"},"image":{"@id":"https:\/\/www.wojoer.de\/#\/schema\/logo\/image\/"},"sameAs":["https:\/\/www.facebook.com\/wojoer\/","https:\/\/de.pinterest.com\/W0J0ER\/"]}]}},"_links":{"self":[{"href":"https:\/\/www.wojoer.de\/en\/wp-json\/wp\/v2\/product\/7967","targetHints":{"allow":["GET"]}}],"collection":[{"href":"https:\/\/www.wojoer.de\/en\/wp-json\/wp\/v2\/product"}],"about":[{"href":"https:\/\/www.wojoer.de\/en\/wp-json\/wp\/v2\/types\/product"}],"replies":[{"embeddable":true,"href":"https:\/\/www.wojoer.de\/en\/wp-json\/wp\/v2\/comments?post=7967"}],"wp:featuredmedia":[{"embeddable":true,"href":"https:\/\/www.wojoer.de\/en\/wp-json\/wp\/v2\/media\/35180"}],"wp:attachment":[{"href":"https:\/\/www.wojoer.de\/en\/wp-json\/wp\/v2\/media?parent=7967"}],"wp:term":[{"taxonomy":"product_brand","embeddable":true,"href":"https:\/\/www.wojoer.de\/en\/wp-json\/wp\/v2\/product_brand?post=7967"},{"taxonomy":"product_cat","embeddable":true,"href":"https:\/\/www.wojoer.de\/en\/wp-json\/wp\/v2\/product_cat?post=7967"},{"taxonomy":"product_tag","embeddable":true,"href":"https:\/\/www.wojoer.de\/en\/wp-json\/wp\/v2\/product_tag?post=7967"}],"curies":[{"name":"wp","href":"https:\/\/api.w.org\/{rel}","templated":true}]}}