{"id":7972,"date":"2017-11-28T14:32:45","date_gmt":"2017-11-28T13:32:45","guid":{"rendered":"http:\/\/www.wojoer.de\/produkt\/glitzer-string-mini-pushup-weihnachtsspecial\/"},"modified":"2026-02-14T15:39:27","modified_gmt":"2026-02-14T14:39:27","slug":"glitzer-string-mini-pushup-weihnachtsspecial","status":"publish","type":"product","link":"https:\/\/www.wojoer.de\/en\/produkt\/glitzer-string-mini-pushup-weihnachtsspecial\/","title":{"rendered":"Glitzer Pushup String WS2B15"},"content":{"rendered":"<h3><span style=\"color: #d5b22d;\">ACHTUNG WHEINACHTSSPECIAL!<\/span><\/h3>\n<p>Den WS2B15 Glitzer String gibt es nur f\u00fcr kurze Zeit bei WOJOER <a href=\"http:\/\/www.wojoer.de\/produkt-kategorie\/onlyforme\/\">ONLY FOR ME<\/a>.<\/p>\n<h3>Gr\u00f6\u00dfen<\/h3>\n<p>Erh\u00e4ltlich in den Gr\u00f6\u00dfen S, M, L, XL<\/p>\n<h3>Materialzusammensetzung<\/h3>\n<p>Bauschnetz mit weichen Metallf\u00e4den: Polyester 95%,\u00a0 Elasthan 5%<\/p>\n<h3>Besonderheiten<\/h3>\n<p>Pushendes Suspensorium | luftig d\u00fcnn | schwarz mit Glitzereffekt | hochwertige Verarbeitung &#8220;Made in Germany&#8221;<\/p>\n<h3>Benutzerhinweise<\/h3>\n<p>Handw\u00e4sche<\/p>\n<h3>Weihnachtsspecial &#8211; Glitzer String<\/h3>\n<p>Zu kalt da drau\u00dfen? Mit diesem festlich funkelndem und erotisch durchschimmernden Push Up Mini String werden jegliche Weihnachtsfantasien befl\u00fcgelt. Seine feine, weiche Netzstruktur wird zum f\u00fchlbaren Sternenhimmel. Denn die geschmeidigen Silberf\u00e4den erheben sich zu funkelnden Glanzpunkten, die ein prickelndes Ber\u00fchrungserlebnis versprechen.<\/p>\n<hr \/>\n<h3>CUSTOMER PHOTOS Glitzer Push Up String<\/h3>\n<p><a href=\"https:\/\/www.wojoer.de\/wp-content\/uploads\/2021\/10\/WSB2_front-scaled.jpeg\"><img loading=\"lazy\" decoding=\"async\" class=\"alignnone size-medium wp-image-36644\" src=\"https:\/\/www.wojoer.de\/wp-content\/uploads\/2021\/10\/WSB2_front-300x225.jpeg\" alt=\"\" width=\"300\" height=\"225\" \/><\/a>\u00a0 \u00a0 <a href=\"https:\/\/www.wojoer.de\/wp-content\/uploads\/2021\/10\/WSB2_back-scaled.jpeg\"><img loading=\"lazy\" decoding=\"async\" class=\"alignnone size-medium wp-image-36643\" src=\"https:\/\/www.wojoer.de\/wp-content\/uploads\/2021\/10\/WSB2_back-300x225.jpeg\" alt=\"\" width=\"300\" height=\"225\" \/><\/a><\/p>\n<p><span style=\"color: #d2b55b;\">\u00a0<\/span><\/p>\n","protected":false},"excerpt":{"rendered":"<p>ACHTUNG WHEINACHTSSPECIAL!<br \/>\nDen WS2B15 Glitzer String gibt es nur f\u00fcr kurze Zeit bei WOJOER ONLY FOR ME.<br \/>\nGr\u00f6\u00dfen<br \/>\nErh\u00e4ltlich in den Gr\u00f6\u00dfen S, M, L, XL<br \/>\nMaterialzusammensetzung<br \/>\nBauschnetz mit weichen Metallf\u00e4den: Polyester 95%,\u00a0 Elasthan 5%<br \/>\nBesonderheiten<br \/>\nPushendes Suspensorium | luftig d\u00fcnn | schwarz mit Glitzereffekt | hochwertige\u2026<\/p>\n","protected":false},"featured_media":8003,"comment_status":"open","ping_status":"closed","template":"","meta":[],"product_brand":[],"product_cat":[473,270,121,329,326],"product_tag":[241,560,303,246,184,318],"class_list":{"0":"post-7972","1":"product","2":"type-product","3":"status-publish","4":"has-post-thumbnail","6":"product_cat-men","7":"product_cat-onlyforme","8":"product_cat-underwear","9":"product_cat-weihnachtsspecial","10":"product_cat-wojoer","11":"product_tag-mini-string-bulge-string-g-string","12":"product_tag-glaenzend","13":"product_tag-glitzer","14":"product_tag-netz","15":"product_tag-push-up","16":"product_tag-struktur","17":"product_shipping_class-beun","18":"pa_groesse-l","19":"pa_groesse-m","20":"pa_groesse-s","21":"pa_groesse-xl","22":"pif-has-gallery","23":"post-1","24":"odd","26":"first","27":"onbackorder","28":"featured","29":"taxable","30":"shipping-taxable","31":"purchasable","32":"product-type-variable","33":"has-default-attributes"},"yoast_head":"<!-- This site is optimized with the Yoast SEO plugin v27.2 - https:\/\/yoast.com\/product\/yoast-seo-wordpress\/ -->\n<title>Glitzer String | Mini Pushup | Bauschnetz | Glitzerf\u00e4den | WOJOER<\/title>\n<meta name=\"description\" content=\"Der durchschimmernde Mini Pushup Glitzer String ist das Weihnachtsspecial schlechthin. Jetzt online Versandtkostenfrei bestellen!\" \/>\n<meta name=\"robots\" content=\"index, follow, max-snippet:-1, max-image-preview:large, max-video-preview:-1\" \/>\n<link rel=\"canonical\" href=\"https:\/\/www.wojoer.de\/en\/produkt\/glitzer-string-mini-pushup-weihnachtsspecial\/\" \/>\n<meta name=\"twitter:card\" content=\"summary_large_image\" \/>\n<meta name=\"twitter:title\" content=\"Glitzer String | Mini Pushup | Bauschnetz | Glitzerf\u00e4den | WOJOER\" \/>\n<meta name=\"twitter:description\" content=\"Der durchschimmernde Mini Pushup Glitzer String ist das Weihnachtsspecial schlechthin. Jetzt online Versandtkostenfrei bestellen!\" \/>\n<meta name=\"twitter:image\" content=\"https:\/\/www.wojoer.de\/wp-content\/uploads\/2017\/11\/WS2B15_Weihnachtsspecial_string_side__wojoer.jpg\" \/>\n<meta name=\"twitter:label1\" content=\"Estimated reading time\" \/>\n\t<meta name=\"twitter:data1\" content=\"1 minute\" \/>\n<script type=\"application\/ld+json\" class=\"yoast-schema-graph\">{\"@context\":\"https:\/\/schema.org\",\"@graph\":[{\"@type\":\"WebPage\",\"@id\":\"https:\/\/www.wojoer.de\/produkt\/glitzer-string-mini-pushup-weihnachtsspecial\/\",\"url\":\"https:\/\/www.wojoer.de\/produkt\/glitzer-string-mini-pushup-weihnachtsspecial\/\",\"name\":\"Glitzer String | Mini Pushup | Bauschnetz | Glitzerf\u00e4den | WOJOER\",\"isPartOf\":{\"@id\":\"https:\/\/www.wojoer.de\/#website\"},\"primaryImageOfPage\":{\"@id\":\"https:\/\/www.wojoer.de\/produkt\/glitzer-string-mini-pushup-weihnachtsspecial\/#primaryimage\"},\"image\":{\"@id\":\"https:\/\/www.wojoer.de\/produkt\/glitzer-string-mini-pushup-weihnachtsspecial\/#primaryimage\"},\"thumbnailUrl\":\"https:\/\/www.wojoer.de\/wp-content\/uploads\/2017\/11\/WS2B15_Weihnachtsspecial_string_side__wojoer.jpg\",\"datePublished\":\"2017-11-28T13:32:45+00:00\",\"dateModified\":\"2026-02-14T14:39:27+00:00\",\"description\":\"Der durchschimmernde Mini Pushup Glitzer String ist das Weihnachtsspecial schlechthin. Jetzt online Versandtkostenfrei bestellen!\",\"breadcrumb\":{\"@id\":\"https:\/\/www.wojoer.de\/produkt\/glitzer-string-mini-pushup-weihnachtsspecial\/#breadcrumb\"},\"inLanguage\":\"en-GB\",\"potentialAction\":[{\"@type\":\"ReadAction\",\"target\":[\"https:\/\/www.wojoer.de\/produkt\/glitzer-string-mini-pushup-weihnachtsspecial\/\"]}]},{\"@type\":\"ImageObject\",\"inLanguage\":\"en-GB\",\"@id\":\"https:\/\/www.wojoer.de\/produkt\/glitzer-string-mini-pushup-weihnachtsspecial\/#primaryimage\",\"url\":\"https:\/\/www.wojoer.de\/wp-content\/uploads\/2017\/11\/WS2B15_Weihnachtsspecial_string_side__wojoer.jpg\",\"contentUrl\":\"https:\/\/www.wojoer.de\/wp-content\/uploads\/2017\/11\/WS2B15_Weihnachtsspecial_string_side__wojoer.jpg\",\"width\":2002,\"height\":2002},{\"@type\":\"BreadcrumbList\",\"@id\":\"https:\/\/www.wojoer.de\/produkt\/glitzer-string-mini-pushup-weihnachtsspecial\/#breadcrumb\",\"itemListElement\":[{\"@type\":\"ListItem\",\"position\":1,\"name\":\"Startseite\",\"item\":\"https:\/\/www.wojoer.de\/\"},{\"@type\":\"ListItem\",\"position\":2,\"name\":\"SHOP\",\"item\":\"https:\/\/www.wojoer.de\/shop\/\"},{\"@type\":\"ListItem\",\"position\":3,\"name\":\"Glitzer Pushup String WS2B15\"}]},{\"@type\":\"WebSite\",\"@id\":\"https:\/\/www.wojoer.de\/#website\",\"url\":\"https:\/\/www.wojoer.de\/\",\"name\":\"WOJOER\",\"description\":\"clubwear for men\",\"publisher\":{\"@id\":\"https:\/\/www.wojoer.de\/#organization\"},\"potentialAction\":[{\"@type\":\"SearchAction\",\"target\":{\"@type\":\"EntryPoint\",\"urlTemplate\":\"https:\/\/www.wojoer.de\/?s={search_term_string}\"},\"query-input\":{\"@type\":\"PropertyValueSpecification\",\"valueRequired\":true,\"valueName\":\"search_term_string\"}}],\"inLanguage\":\"en-GB\"},{\"@type\":\"Organization\",\"@id\":\"https:\/\/www.wojoer.de\/#organization\",\"name\":\"Wonneberger-Manufaktur\",\"url\":\"https:\/\/www.wojoer.de\/\",\"logo\":{\"@type\":\"ImageObject\",\"inLanguage\":\"en-GB\",\"@id\":\"https:\/\/www.wojoer.de\/#\/schema\/logo\/image\/\",\"url\":\"https:\/\/www.wojoer.de\/wp-content\/uploads\/2016\/11\/wonnebergermanufaktur_logo_BUTTON.png\",\"contentUrl\":\"https:\/\/www.wojoer.de\/wp-content\/uploads\/2016\/11\/wonnebergermanufaktur_logo_BUTTON.png\",\"width\":765,\"height\":765,\"caption\":\"Wonneberger-Manufaktur\"},\"image\":{\"@id\":\"https:\/\/www.wojoer.de\/#\/schema\/logo\/image\/\"},\"sameAs\":[\"https:\/\/www.facebook.com\/wojoer\/\",\"https:\/\/de.pinterest.com\/W0J0ER\/\"]}]}<\/script>\n<!-- \/ Yoast SEO plugin. -->","yoast_head_json":{"title":"Glitzer String | Mini Pushup | Bauschnetz | Glitzerf\u00e4den | WOJOER","description":"Der durchschimmernde Mini Pushup Glitzer String ist das Weihnachtsspecial schlechthin. Jetzt online Versandtkostenfrei bestellen!","robots":{"index":"index","follow":"follow","max-snippet":"max-snippet:-1","max-image-preview":"max-image-preview:large","max-video-preview":"max-video-preview:-1"},"canonical":"https:\/\/www.wojoer.de\/en\/produkt\/glitzer-string-mini-pushup-weihnachtsspecial\/","twitter_card":"summary_large_image","twitter_title":"Glitzer String | Mini Pushup | Bauschnetz | Glitzerf\u00e4den | WOJOER","twitter_description":"Der durchschimmernde Mini Pushup Glitzer String ist das Weihnachtsspecial schlechthin. Jetzt online Versandtkostenfrei bestellen!","twitter_image":"https:\/\/www.wojoer.de\/wp-content\/uploads\/2017\/11\/WS2B15_Weihnachtsspecial_string_side__wojoer.jpg","twitter_misc":{"Estimated reading time":"1 minute"},"schema":{"@context":"https:\/\/schema.org","@graph":[{"@type":"WebPage","@id":"https:\/\/www.wojoer.de\/produkt\/glitzer-string-mini-pushup-weihnachtsspecial\/","url":"https:\/\/www.wojoer.de\/produkt\/glitzer-string-mini-pushup-weihnachtsspecial\/","name":"Glitzer String | Mini Pushup | Bauschnetz | Glitzerf\u00e4den | WOJOER","isPartOf":{"@id":"https:\/\/www.wojoer.de\/#website"},"primaryImageOfPage":{"@id":"https:\/\/www.wojoer.de\/produkt\/glitzer-string-mini-pushup-weihnachtsspecial\/#primaryimage"},"image":{"@id":"https:\/\/www.wojoer.de\/produkt\/glitzer-string-mini-pushup-weihnachtsspecial\/#primaryimage"},"thumbnailUrl":"https:\/\/www.wojoer.de\/wp-content\/uploads\/2017\/11\/WS2B15_Weihnachtsspecial_string_side__wojoer.jpg","datePublished":"2017-11-28T13:32:45+00:00","dateModified":"2026-02-14T14:39:27+00:00","description":"Der durchschimmernde Mini Pushup Glitzer String ist das Weihnachtsspecial schlechthin. Jetzt online Versandtkostenfrei bestellen!","breadcrumb":{"@id":"https:\/\/www.wojoer.de\/produkt\/glitzer-string-mini-pushup-weihnachtsspecial\/#breadcrumb"},"inLanguage":"en-GB","potentialAction":[{"@type":"ReadAction","target":["https:\/\/www.wojoer.de\/produkt\/glitzer-string-mini-pushup-weihnachtsspecial\/"]}]},{"@type":"ImageObject","inLanguage":"en-GB","@id":"https:\/\/www.wojoer.de\/produkt\/glitzer-string-mini-pushup-weihnachtsspecial\/#primaryimage","url":"https:\/\/www.wojoer.de\/wp-content\/uploads\/2017\/11\/WS2B15_Weihnachtsspecial_string_side__wojoer.jpg","contentUrl":"https:\/\/www.wojoer.de\/wp-content\/uploads\/2017\/11\/WS2B15_Weihnachtsspecial_string_side__wojoer.jpg","width":2002,"height":2002},{"@type":"BreadcrumbList","@id":"https:\/\/www.wojoer.de\/produkt\/glitzer-string-mini-pushup-weihnachtsspecial\/#breadcrumb","itemListElement":[{"@type":"ListItem","position":1,"name":"Startseite","item":"https:\/\/www.wojoer.de\/"},{"@type":"ListItem","position":2,"name":"SHOP","item":"https:\/\/www.wojoer.de\/shop\/"},{"@type":"ListItem","position":3,"name":"Glitzer Pushup String WS2B15"}]},{"@type":"WebSite","@id":"https:\/\/www.wojoer.de\/#website","url":"https:\/\/www.wojoer.de\/","name":"WOJOER","description":"clubwear for men","publisher":{"@id":"https:\/\/www.wojoer.de\/#organization"},"potentialAction":[{"@type":"SearchAction","target":{"@type":"EntryPoint","urlTemplate":"https:\/\/www.wojoer.de\/?s={search_term_string}"},"query-input":{"@type":"PropertyValueSpecification","valueRequired":true,"valueName":"search_term_string"}}],"inLanguage":"en-GB"},{"@type":"Organization","@id":"https:\/\/www.wojoer.de\/#organization","name":"Wonneberger-Manufaktur","url":"https:\/\/www.wojoer.de\/","logo":{"@type":"ImageObject","inLanguage":"en-GB","@id":"https:\/\/www.wojoer.de\/#\/schema\/logo\/image\/","url":"https:\/\/www.wojoer.de\/wp-content\/uploads\/2016\/11\/wonnebergermanufaktur_logo_BUTTON.png","contentUrl":"https:\/\/www.wojoer.de\/wp-content\/uploads\/2016\/11\/wonnebergermanufaktur_logo_BUTTON.png","width":765,"height":765,"caption":"Wonneberger-Manufaktur"},"image":{"@id":"https:\/\/www.wojoer.de\/#\/schema\/logo\/image\/"},"sameAs":["https:\/\/www.facebook.com\/wojoer\/","https:\/\/de.pinterest.com\/W0J0ER\/"]}]}},"_links":{"self":[{"href":"https:\/\/www.wojoer.de\/en\/wp-json\/wp\/v2\/product\/7972","targetHints":{"allow":["GET"]}}],"collection":[{"href":"https:\/\/www.wojoer.de\/en\/wp-json\/wp\/v2\/product"}],"about":[{"href":"https:\/\/www.wojoer.de\/en\/wp-json\/wp\/v2\/types\/product"}],"replies":[{"embeddable":true,"href":"https:\/\/www.wojoer.de\/en\/wp-json\/wp\/v2\/comments?post=7972"}],"wp:featuredmedia":[{"embeddable":true,"href":"https:\/\/www.wojoer.de\/en\/wp-json\/wp\/v2\/media\/8003"}],"wp:attachment":[{"href":"https:\/\/www.wojoer.de\/en\/wp-json\/wp\/v2\/media?parent=7972"}],"wp:term":[{"taxonomy":"product_brand","embeddable":true,"href":"https:\/\/www.wojoer.de\/en\/wp-json\/wp\/v2\/product_brand?post=7972"},{"taxonomy":"product_cat","embeddable":true,"href":"https:\/\/www.wojoer.de\/en\/wp-json\/wp\/v2\/product_cat?post=7972"},{"taxonomy":"product_tag","embeddable":true,"href":"https:\/\/www.wojoer.de\/en\/wp-json\/wp\/v2\/product_tag?post=7972"}],"curies":[{"name":"wp","href":"https:\/\/api.w.org\/{rel}","templated":true}]}}