{"id":8011,"date":"2021-05-03T13:24:33","date_gmt":"2021-05-03T11:24:33","guid":{"rendered":"https:\/\/www.wojoer.de\/produkt\/wojoer-flaschenkuehler-weinkuehler-bottle-cooler\/"},"modified":"2024-05-02T13:22:34","modified_gmt":"2024-05-02T11:22:34","slug":"wojoer-flaschenkuehler-weinkuehler-bottle-cooler","status":"publish","type":"product","link":"https:\/\/www.wojoer.de\/en\/produkt\/wojoer-flaschenkuehler-weinkuehler-bottle-cooler\/","title":{"rendered":"Flaschenk\u00fchler"},"content":{"rendered":"<p>Den WOJOER Flaschenk\u00fchler gibt es bei WOJOER <a href=\"http:\/\/www.wojoer.de\/produkt-kategorie\/onlyforme\/\">ONLY FOR ME<\/a>.<\/p>\n<h3>Gr\u00f6\u00dfe<\/h3>\n<p>Durchmesser: 8 cm &#8211; 11 cm<br \/>\nUmfang:\u00a0\u00a0\u00a0\u00a0\u00a0\u00a0\u00a0\u00a0\u00a0 25 cm &#8211; 35 cm<br \/>\nH\u00f6he:\u00a0\u00a0\u00a0\u00a0\u00a0\u00a0\u00a0\u00a0\u00a0\u00a0\u00a0\u00a0\u00a0\u00a0 14 cm<\/p>\n<h3>Materialzusammensetzung<\/h3>\n<p>Glatthautneopren: 100% Neopren<br \/>\nRotes Jersey: 80% Polyamid, 20% Polyester<\/p>\n<h3>Besonderheiten<\/h3>\n<p>hochwertige Verarbeitung &#8220;Made in Germany&#8221;<\/p>\n<h3>Benutzerhinweise<\/h3>\n<p>Handw\u00e4sche<\/p>\n<h3>FLASCHENK\u00dcHLER | Sektk\u00fchler | Weink\u00fchler | bottle-cooler<\/h3>\n<p>Dieser Champagner-Thermoisolator aus dem hochwertig in Deutschland gefertigten Glatthautneopren h\u00e4lt nicht nur edlen Wein, Champagner und Sekt temperiert, sondern auch zur Abwechslung auch gern einen guten Wodka oder Weinbrand. Denn der Neopren-\u00dcberzug ist flexibel genug, um Flaschenumf\u00e4nge von 25-35cm aufzunehmen. Und sollte beim flauschigen Liebespiel vor dem Kamin die Flasche einmal aus dem Gleichgewicht geraten, absorbiert das Neopren den Aufprall und sch\u00fctzt die Flasche vor leichten St\u00f6\u00dfen.<\/p>\n<p><span style=\"color: #d2b55b;\">\u00a0<\/span><\/p>\n","protected":false},"excerpt":{"rendered":"<p>Den WOJOER Flaschenk\u00fchler gibt es bei WOJOER ONLY FOR ME.<br \/>\nGr\u00f6\u00dfe<br \/>\nDurchmesser: 8 cm &#8211; 11 cm<br \/>\nUmfang:\u00a0\u00a0\u00a0\u00a0\u00a0\u00a0\u00a0\u00a0\u00a0 25 cm &#8211; 35 cm<br \/>\nH\u00f6he:\u00a0\u00a0\u00a0\u00a0\u00a0\u00a0\u00a0\u00a0\u00a0\u00a0\u00a0\u00a0\u00a0\u00a0 14 cm<br \/>\nMaterialzusammensetzung<br \/>\nGlatthautneopren: 100% Neopren<br \/>\nRotes Jersey: 80% Polyamid, 20% Polyester<br \/>\nBesonderheiten<br \/>\nhochwertige Verarbeitung &#8220;Made in Germany&#8221;<br \/>\nBenutzerhinweise<br \/>\nHandw\u00e4sche<br \/>\nFLASCHENK\u00dcHLER | Sektk\u00fchler | Weink\u00fchler | bottle-cooler<br \/>\nDieser Champagner-Thermoisolator\u2026<\/p>\n","protected":false},"featured_media":8021,"comment_status":"open","ping_status":"closed","template":"","meta":[],"product_brand":[],"product_cat":[112,291,169,270,329,326],"product_tag":[262,103],"class_list":{"0":"post-8011","1":"product","2":"type-product","3":"status-publish","4":"has-post-thumbnail","6":"product_cat-309-neopren","7":"product_cat-accessoires","8":"product_cat-nos-never-out-of-stock","9":"product_cat-onlyforme","10":"product_cat-weihnachtsspecial","11":"product_cat-wojoer","12":"product_tag-accessoires","13":"product_tag-neopren","14":"product_shipping_class-neopren","15":"pa_farbe-rot","16":"pa_farbe-schwarz","17":"pif-has-gallery","18":"post-1","19":"odd","21":"first","22":"instock","23":"featured","24":"taxable","25":"shipping-taxable","26":"purchasable","27":"product-type-variable"},"yoast_head":"<!-- This site is optimized with the Yoast SEO plugin v27.2 - https:\/\/yoast.com\/product\/yoast-seo-wordpress\/ -->\n<title>Flaschenk\u00fchler | Weink\u00fchler | Sektk\u00fchler | Champagner K\u00fchler | WOJOER<\/title>\n<meta name=\"description\" content=\"Der aussergew\u00f6hnliche WOJOER Neopren Flaschenk\u00fchler ist elegant, sportlich und ausgesprochen praktisch. Jetzt online Versandtkostenfrei bestellen!\" \/>\n<meta name=\"robots\" content=\"index, follow, max-snippet:-1, max-image-preview:large, max-video-preview:-1\" \/>\n<link rel=\"canonical\" href=\"https:\/\/www.wojoer.de\/en\/produkt\/wojoer-flaschenkuehler-weinkuehler-bottle-cooler\/\" \/>\n<meta name=\"twitter:card\" content=\"summary_large_image\" \/>\n<meta name=\"twitter:title\" content=\"Flaschenk\u00fchler | Weink\u00fchler | Sektk\u00fchler | Champagner K\u00fchler | WOJOER\" \/>\n<meta name=\"twitter:description\" content=\"Der aussergew\u00f6hnliche WOJOER Neopren Flaschenk\u00fchler ist elegant, sportlich und ausgesprochen praktisch. Jetzt online Versandtkostenfrei bestellen!\" \/>\n<meta name=\"twitter:image\" content=\"https:\/\/www.wojoer.de\/wp-content\/uploads\/2017\/11\/Sektk\u00fchler_leer_wojoer_.jpg\" \/>\n<meta name=\"twitter:label1\" content=\"Estimated reading time\" \/>\n\t<meta name=\"twitter:data1\" content=\"1 minute\" \/>\n<script type=\"application\/ld+json\" class=\"yoast-schema-graph\">{\"@context\":\"https:\/\/schema.org\",\"@graph\":[{\"@type\":\"WebPage\",\"@id\":\"https:\/\/www.wojoer.de\/produkt\/wojoer-flaschenkuehler-weinkuehler-bottle-cooler\/\",\"url\":\"https:\/\/www.wojoer.de\/produkt\/wojoer-flaschenkuehler-weinkuehler-bottle-cooler\/\",\"name\":\"Flaschenk\u00fchler | Weink\u00fchler | Sektk\u00fchler | Champagner K\u00fchler | WOJOER\",\"isPartOf\":{\"@id\":\"https:\/\/www.wojoer.de\/#website\"},\"primaryImageOfPage\":{\"@id\":\"https:\/\/www.wojoer.de\/produkt\/wojoer-flaschenkuehler-weinkuehler-bottle-cooler\/#primaryimage\"},\"image\":{\"@id\":\"https:\/\/www.wojoer.de\/produkt\/wojoer-flaschenkuehler-weinkuehler-bottle-cooler\/#primaryimage\"},\"thumbnailUrl\":\"https:\/\/www.wojoer.de\/wp-content\/uploads\/2017\/11\/Sektk\u00fchler_leer_wojoer_.jpg\",\"datePublished\":\"2021-05-03T11:24:33+00:00\",\"dateModified\":\"2024-05-02T11:22:34+00:00\",\"description\":\"Der aussergew\u00f6hnliche WOJOER Neopren Flaschenk\u00fchler ist elegant, sportlich und ausgesprochen praktisch. Jetzt online Versandtkostenfrei bestellen!\",\"breadcrumb\":{\"@id\":\"https:\/\/www.wojoer.de\/produkt\/wojoer-flaschenkuehler-weinkuehler-bottle-cooler\/#breadcrumb\"},\"inLanguage\":\"en-GB\",\"potentialAction\":[{\"@type\":\"ReadAction\",\"target\":[\"https:\/\/www.wojoer.de\/produkt\/wojoer-flaschenkuehler-weinkuehler-bottle-cooler\/\"]}]},{\"@type\":\"ImageObject\",\"inLanguage\":\"en-GB\",\"@id\":\"https:\/\/www.wojoer.de\/produkt\/wojoer-flaschenkuehler-weinkuehler-bottle-cooler\/#primaryimage\",\"url\":\"https:\/\/www.wojoer.de\/wp-content\/uploads\/2017\/11\/Sektk\u00fchler_leer_wojoer_.jpg\",\"contentUrl\":\"https:\/\/www.wojoer.de\/wp-content\/uploads\/2017\/11\/Sektk\u00fchler_leer_wojoer_.jpg\",\"width\":2002,\"height\":2003,\"caption\":\"Flaschenk\u00fchler, Sektk\u00fchler, Weink\u00fchler Champagner K\u00fchler, Neopren, rot\"},{\"@type\":\"BreadcrumbList\",\"@id\":\"https:\/\/www.wojoer.de\/produkt\/wojoer-flaschenkuehler-weinkuehler-bottle-cooler\/#breadcrumb\",\"itemListElement\":[{\"@type\":\"ListItem\",\"position\":1,\"name\":\"Startseite\",\"item\":\"https:\/\/www.wojoer.de\/\"},{\"@type\":\"ListItem\",\"position\":2,\"name\":\"SHOP\",\"item\":\"https:\/\/www.wojoer.de\/shop\/\"},{\"@type\":\"ListItem\",\"position\":3,\"name\":\"Flaschenk\u00fchler\"}]},{\"@type\":\"WebSite\",\"@id\":\"https:\/\/www.wojoer.de\/#website\",\"url\":\"https:\/\/www.wojoer.de\/\",\"name\":\"WOJOER\",\"description\":\"clubwear for men\",\"publisher\":{\"@id\":\"https:\/\/www.wojoer.de\/#organization\"},\"potentialAction\":[{\"@type\":\"SearchAction\",\"target\":{\"@type\":\"EntryPoint\",\"urlTemplate\":\"https:\/\/www.wojoer.de\/?s={search_term_string}\"},\"query-input\":{\"@type\":\"PropertyValueSpecification\",\"valueRequired\":true,\"valueName\":\"search_term_string\"}}],\"inLanguage\":\"en-GB\"},{\"@type\":\"Organization\",\"@id\":\"https:\/\/www.wojoer.de\/#organization\",\"name\":\"Wonneberger-Manufaktur\",\"url\":\"https:\/\/www.wojoer.de\/\",\"logo\":{\"@type\":\"ImageObject\",\"inLanguage\":\"en-GB\",\"@id\":\"https:\/\/www.wojoer.de\/#\/schema\/logo\/image\/\",\"url\":\"https:\/\/www.wojoer.de\/wp-content\/uploads\/2016\/11\/wonnebergermanufaktur_logo_BUTTON.png\",\"contentUrl\":\"https:\/\/www.wojoer.de\/wp-content\/uploads\/2016\/11\/wonnebergermanufaktur_logo_BUTTON.png\",\"width\":765,\"height\":765,\"caption\":\"Wonneberger-Manufaktur\"},\"image\":{\"@id\":\"https:\/\/www.wojoer.de\/#\/schema\/logo\/image\/\"},\"sameAs\":[\"https:\/\/www.facebook.com\/wojoer\/\",\"https:\/\/de.pinterest.com\/W0J0ER\/\"]}]}<\/script>\n<!-- \/ Yoast SEO plugin. -->","yoast_head_json":{"title":"Flaschenk\u00fchler | Weink\u00fchler | Sektk\u00fchler | Champagner K\u00fchler | WOJOER","description":"Der aussergew\u00f6hnliche WOJOER Neopren Flaschenk\u00fchler ist elegant, sportlich und ausgesprochen praktisch. Jetzt online Versandtkostenfrei bestellen!","robots":{"index":"index","follow":"follow","max-snippet":"max-snippet:-1","max-image-preview":"max-image-preview:large","max-video-preview":"max-video-preview:-1"},"canonical":"https:\/\/www.wojoer.de\/en\/produkt\/wojoer-flaschenkuehler-weinkuehler-bottle-cooler\/","twitter_card":"summary_large_image","twitter_title":"Flaschenk\u00fchler | Weink\u00fchler | Sektk\u00fchler | Champagner K\u00fchler | WOJOER","twitter_description":"Der aussergew\u00f6hnliche WOJOER Neopren Flaschenk\u00fchler ist elegant, sportlich und ausgesprochen praktisch. Jetzt online Versandtkostenfrei bestellen!","twitter_image":"https:\/\/www.wojoer.de\/wp-content\/uploads\/2017\/11\/Sektk\u00fchler_leer_wojoer_.jpg","twitter_misc":{"Estimated reading time":"1 minute"},"schema":{"@context":"https:\/\/schema.org","@graph":[{"@type":"WebPage","@id":"https:\/\/www.wojoer.de\/produkt\/wojoer-flaschenkuehler-weinkuehler-bottle-cooler\/","url":"https:\/\/www.wojoer.de\/produkt\/wojoer-flaschenkuehler-weinkuehler-bottle-cooler\/","name":"Flaschenk\u00fchler | Weink\u00fchler | Sektk\u00fchler | Champagner K\u00fchler | WOJOER","isPartOf":{"@id":"https:\/\/www.wojoer.de\/#website"},"primaryImageOfPage":{"@id":"https:\/\/www.wojoer.de\/produkt\/wojoer-flaschenkuehler-weinkuehler-bottle-cooler\/#primaryimage"},"image":{"@id":"https:\/\/www.wojoer.de\/produkt\/wojoer-flaschenkuehler-weinkuehler-bottle-cooler\/#primaryimage"},"thumbnailUrl":"https:\/\/www.wojoer.de\/wp-content\/uploads\/2017\/11\/Sektk\u00fchler_leer_wojoer_.jpg","datePublished":"2021-05-03T11:24:33+00:00","dateModified":"2024-05-02T11:22:34+00:00","description":"Der aussergew\u00f6hnliche WOJOER Neopren Flaschenk\u00fchler ist elegant, sportlich und ausgesprochen praktisch. Jetzt online Versandtkostenfrei bestellen!","breadcrumb":{"@id":"https:\/\/www.wojoer.de\/produkt\/wojoer-flaschenkuehler-weinkuehler-bottle-cooler\/#breadcrumb"},"inLanguage":"en-GB","potentialAction":[{"@type":"ReadAction","target":["https:\/\/www.wojoer.de\/produkt\/wojoer-flaschenkuehler-weinkuehler-bottle-cooler\/"]}]},{"@type":"ImageObject","inLanguage":"en-GB","@id":"https:\/\/www.wojoer.de\/produkt\/wojoer-flaschenkuehler-weinkuehler-bottle-cooler\/#primaryimage","url":"https:\/\/www.wojoer.de\/wp-content\/uploads\/2017\/11\/Sektk\u00fchler_leer_wojoer_.jpg","contentUrl":"https:\/\/www.wojoer.de\/wp-content\/uploads\/2017\/11\/Sektk\u00fchler_leer_wojoer_.jpg","width":2002,"height":2003,"caption":"Flaschenk\u00fchler, Sektk\u00fchler, Weink\u00fchler Champagner K\u00fchler, Neopren, rot"},{"@type":"BreadcrumbList","@id":"https:\/\/www.wojoer.de\/produkt\/wojoer-flaschenkuehler-weinkuehler-bottle-cooler\/#breadcrumb","itemListElement":[{"@type":"ListItem","position":1,"name":"Startseite","item":"https:\/\/www.wojoer.de\/"},{"@type":"ListItem","position":2,"name":"SHOP","item":"https:\/\/www.wojoer.de\/shop\/"},{"@type":"ListItem","position":3,"name":"Flaschenk\u00fchler"}]},{"@type":"WebSite","@id":"https:\/\/www.wojoer.de\/#website","url":"https:\/\/www.wojoer.de\/","name":"WOJOER","description":"clubwear for men","publisher":{"@id":"https:\/\/www.wojoer.de\/#organization"},"potentialAction":[{"@type":"SearchAction","target":{"@type":"EntryPoint","urlTemplate":"https:\/\/www.wojoer.de\/?s={search_term_string}"},"query-input":{"@type":"PropertyValueSpecification","valueRequired":true,"valueName":"search_term_string"}}],"inLanguage":"en-GB"},{"@type":"Organization","@id":"https:\/\/www.wojoer.de\/#organization","name":"Wonneberger-Manufaktur","url":"https:\/\/www.wojoer.de\/","logo":{"@type":"ImageObject","inLanguage":"en-GB","@id":"https:\/\/www.wojoer.de\/#\/schema\/logo\/image\/","url":"https:\/\/www.wojoer.de\/wp-content\/uploads\/2016\/11\/wonnebergermanufaktur_logo_BUTTON.png","contentUrl":"https:\/\/www.wojoer.de\/wp-content\/uploads\/2016\/11\/wonnebergermanufaktur_logo_BUTTON.png","width":765,"height":765,"caption":"Wonneberger-Manufaktur"},"image":{"@id":"https:\/\/www.wojoer.de\/#\/schema\/logo\/image\/"},"sameAs":["https:\/\/www.facebook.com\/wojoer\/","https:\/\/de.pinterest.com\/W0J0ER\/"]}]}},"_links":{"self":[{"href":"https:\/\/www.wojoer.de\/en\/wp-json\/wp\/v2\/product\/8011","targetHints":{"allow":["GET"]}}],"collection":[{"href":"https:\/\/www.wojoer.de\/en\/wp-json\/wp\/v2\/product"}],"about":[{"href":"https:\/\/www.wojoer.de\/en\/wp-json\/wp\/v2\/types\/product"}],"replies":[{"embeddable":true,"href":"https:\/\/www.wojoer.de\/en\/wp-json\/wp\/v2\/comments?post=8011"}],"wp:featuredmedia":[{"embeddable":true,"href":"https:\/\/www.wojoer.de\/en\/wp-json\/wp\/v2\/media\/8021"}],"wp:attachment":[{"href":"https:\/\/www.wojoer.de\/en\/wp-json\/wp\/v2\/media?parent=8011"}],"wp:term":[{"taxonomy":"product_brand","embeddable":true,"href":"https:\/\/www.wojoer.de\/en\/wp-json\/wp\/v2\/product_brand?post=8011"},{"taxonomy":"product_cat","embeddable":true,"href":"https:\/\/www.wojoer.de\/en\/wp-json\/wp\/v2\/product_cat?post=8011"},{"taxonomy":"product_tag","embeddable":true,"href":"https:\/\/www.wojoer.de\/en\/wp-json\/wp\/v2\/product_tag?post=8011"}],"curies":[{"name":"wp","href":"https:\/\/api.w.org\/{rel}","templated":true}]}}