{"id":8063,"date":"2016-12-06T10:30:31","date_gmt":"2016-12-06T09:30:31","guid":{"rendered":"http:\/\/www.wojoer.de\/produkt\/pool-glanz-brasil-slip\/"},"modified":"2025-06-08T12:34:09","modified_gmt":"2025-06-08T10:34:09","slug":"pool-glaenzuend-brasil-slip","status":"publish","type":"product","link":"https:\/\/www.wojoer.de\/en\/produkt\/pool-glaenzuend-brasil-slip\/","title":{"rendered":"Pool Brasil Slip | 314B10"},"content":{"rendered":"<p>The 314B10 POOL glittering Slip is a\u00a0 <a href=\"http:\/\/www.wojoer.de\/produkt-kategorie\/onlyforme\/\">ONLY FOR ME\u00a0 <\/a>Product of Wojoer.<\/p>\n<p>Available sizes S, M, L, XL<\/p>\n<p><strong>Material composition<\/strong><\/p>\n<p>Pool holographic gold-yellow, rosa, foail-coatet: 95% Polyesther\u00a0 5% spandex<\/p>\n<p><strong>Particularities<\/strong><\/p>\n<p>high waist | holographic gold glittering | high quality Made in Germany<\/p>\n<p><strong>Washing instructions<\/strong><\/p>\n<p>Handwash<\/p>\n<p><strong>POOL Slip &#8211; rosa gold-yellow glittering Slip<\/strong><\/p>\n<p>You can show your Body in this beautiful Slip. Also you can take the next trip to Cote d&#8217;Azure. It appears very noble, because of the high-quality Material.\u00a0 The Colour shade of rosa-yellow-crema to brown spread organic even. It shines golden at the material and surprise with an excellent Changier-effect. The Tower is high-waist and the bulge look even voluminous. The exzellent wear comfort will convincing you.<\/p>\n<p>Click Here to<a href=\"http:\/\/www.wojoer.de\/groessentabelle\/\"> size Chart<\/a><\/p>\n","protected":false},"excerpt":{"rendered":"<p>Den 314B10 POOL Brasil Slip geh\u00f6rt zu den WOJOER LIVE Produkten, denn er wird auf Bestellung produziert.<br \/>\nGr\u00f6\u00dfen<br \/>\nErh\u00e4ltlich in den Gr\u00f6\u00dfen S, M, L, XL<br \/>\nMaterialzusammensetzung<br \/>\nPool holograisch gold-gelb, rosa, Folienbeschichtet: 95% Polyesther\u00a0 5% Elasthan<br \/>\nBesonderheiten<br \/>\nbesonders knapp geschnitten | maximale Pushup-Form im Schritt |\u2026<\/p>\n","protected":false},"featured_media":7797,"comment_status":"open","ping_status":"closed","template":"","meta":[],"product_brand":[],"product_cat":[116,473,195,326],"product_tag":[170,272,247],"class_list":{"0":"post-8063","1":"product","2":"type-product","3":"status-publish","4":"has-post-thumbnail","6":"product_cat-clubwear","7":"product_cat-men","8":"product_cat-produktion-auf-bestellung-liveproduktion","9":"product_cat-wojoer","10":"product_tag-brasil-slip","11":"product_tag-druck","12":"product_tag-wetlook","13":"product_shipping_class-beun","14":"pa_groesse-l","15":"pa_groesse-m","16":"pa_groesse-s","17":"pa_groesse-xl","18":"pif-has-gallery","19":"post-1","20":"odd","22":"first","23":"onbackorder","24":"taxable","25":"shipping-taxable","26":"purchasable","27":"product-type-variable","28":"has-default-attributes"},"yoast_head":"<!-- This site is optimized with the Yoast SEO plugin v27.2 - https:\/\/yoast.com\/product\/yoast-seo-wordpress\/ -->\n<title>pool Brasil Slip | gl\u00e4nzend | holografisch | rosa-gold | WOJOER<\/title>\n<meta name=\"description\" content=\"Dieser gold gelb rosa Glanz Brasil Slip ist \u00fcberraschend vielseitig. Hochwertig und elegant extrovertiert. Jetzt online Versandtkostenfrei bestellen.\" \/>\n<meta name=\"robots\" content=\"index, follow, max-snippet:-1, max-image-preview:large, max-video-preview:-1\" \/>\n<link rel=\"canonical\" href=\"https:\/\/www.wojoer.de\/en\/produkt\/pool-glaenzuend-brasil-slip\/\" \/>\n<meta name=\"twitter:card\" content=\"summary_large_image\" \/>\n<meta name=\"twitter:title\" content=\"pool Brasil Slip | gl\u00e4nzend | holografisch | rosa-gold | WOJOER\" \/>\n<meta name=\"twitter:description\" content=\"Dieser gold gelb rosa Glanz Brasil Slip ist \u00fcberraschend vielseitig. Hochwertig und elegant extrovertiert. Jetzt online Versandtkostenfrei bestellen.\" \/>\n<meta name=\"twitter:image\" content=\"https:\/\/www.wojoer.de\/wp-content\/uploads\/2017\/11\/314B10_pool_tanga_wojoer.jpg\" \/>\n<meta name=\"twitter:label1\" content=\"Estimated reading time\" \/>\n\t<meta name=\"twitter:data1\" content=\"1 minute\" \/>\n<script type=\"application\/ld+json\" class=\"yoast-schema-graph\">{\"@context\":\"https:\/\/schema.org\",\"@graph\":[{\"@type\":\"WebPage\",\"@id\":\"https:\/\/www.wojoer.de\/en\/produkt\/pool-glaenzuend-brasil-slip\/\",\"url\":\"https:\/\/www.wojoer.de\/en\/produkt\/pool-glaenzuend-brasil-slip\/\",\"name\":\"pool Brasil Slip | gl\u00e4nzend | holografisch | rosa-gold | WOJOER\",\"isPartOf\":{\"@id\":\"https:\/\/www.wojoer.de\/#website\"},\"primaryImageOfPage\":{\"@id\":\"https:\/\/www.wojoer.de\/en\/produkt\/pool-glaenzuend-brasil-slip\/#primaryimage\"},\"image\":{\"@id\":\"https:\/\/www.wojoer.de\/en\/produkt\/pool-glaenzuend-brasil-slip\/#primaryimage\"},\"thumbnailUrl\":\"https:\/\/www.wojoer.de\/wp-content\/uploads\/2017\/11\/314B10_pool_tanga_wojoer.jpg\",\"datePublished\":\"2016-12-06T09:30:31+00:00\",\"dateModified\":\"2025-06-08T10:34:09+00:00\",\"description\":\"Dieser gold gelb rosa Glanz Brasil Slip ist \u00fcberraschend vielseitig. Hochwertig und elegant extrovertiert. Jetzt online Versandtkostenfrei bestellen.\",\"breadcrumb\":{\"@id\":\"https:\/\/www.wojoer.de\/en\/produkt\/pool-glaenzuend-brasil-slip\/#breadcrumb\"},\"inLanguage\":\"en-GB\",\"potentialAction\":[{\"@type\":\"ReadAction\",\"target\":[\"https:\/\/www.wojoer.de\/en\/produkt\/pool-glaenzuend-brasil-slip\/\"]}]},{\"@type\":\"ImageObject\",\"inLanguage\":\"en-GB\",\"@id\":\"https:\/\/www.wojoer.de\/en\/produkt\/pool-glaenzuend-brasil-slip\/#primaryimage\",\"url\":\"https:\/\/www.wojoer.de\/wp-content\/uploads\/2017\/11\/314B10_pool_tanga_wojoer.jpg\",\"contentUrl\":\"https:\/\/www.wojoer.de\/wp-content\/uploads\/2017\/11\/314B10_pool_tanga_wojoer.jpg\",\"width\":1001,\"height\":1001,\"caption\":\"Pool Brasil, clubwear, wett, glanz\"},{\"@type\":\"BreadcrumbList\",\"@id\":\"https:\/\/www.wojoer.de\/en\/produkt\/pool-glaenzuend-brasil-slip\/#breadcrumb\",\"itemListElement\":[{\"@type\":\"ListItem\",\"position\":1,\"name\":\"Startseite\",\"item\":\"https:\/\/www.wojoer.de\/\"},{\"@type\":\"ListItem\",\"position\":2,\"name\":\"SHOP\",\"item\":\"https:\/\/www.wojoer.de\/shop\/\"},{\"@type\":\"ListItem\",\"position\":3,\"name\":\"Pool Brasil Slip | 314B10\"}]},{\"@type\":\"WebSite\",\"@id\":\"https:\/\/www.wojoer.de\/#website\",\"url\":\"https:\/\/www.wojoer.de\/\",\"name\":\"WOJOER\",\"description\":\"clubwear for men\",\"publisher\":{\"@id\":\"https:\/\/www.wojoer.de\/#organization\"},\"potentialAction\":[{\"@type\":\"SearchAction\",\"target\":{\"@type\":\"EntryPoint\",\"urlTemplate\":\"https:\/\/www.wojoer.de\/?s={search_term_string}\"},\"query-input\":{\"@type\":\"PropertyValueSpecification\",\"valueRequired\":true,\"valueName\":\"search_term_string\"}}],\"inLanguage\":\"en-GB\"},{\"@type\":\"Organization\",\"@id\":\"https:\/\/www.wojoer.de\/#organization\",\"name\":\"Wonneberger-Manufaktur\",\"url\":\"https:\/\/www.wojoer.de\/\",\"logo\":{\"@type\":\"ImageObject\",\"inLanguage\":\"en-GB\",\"@id\":\"https:\/\/www.wojoer.de\/#\/schema\/logo\/image\/\",\"url\":\"https:\/\/www.wojoer.de\/wp-content\/uploads\/2016\/11\/wonnebergermanufaktur_logo_BUTTON.png\",\"contentUrl\":\"https:\/\/www.wojoer.de\/wp-content\/uploads\/2016\/11\/wonnebergermanufaktur_logo_BUTTON.png\",\"width\":765,\"height\":765,\"caption\":\"Wonneberger-Manufaktur\"},\"image\":{\"@id\":\"https:\/\/www.wojoer.de\/#\/schema\/logo\/image\/\"},\"sameAs\":[\"https:\/\/www.facebook.com\/wojoer\/\",\"https:\/\/de.pinterest.com\/W0J0ER\/\"]}]}<\/script>\n<!-- \/ Yoast SEO plugin. -->","yoast_head_json":{"title":"pool Brasil Slip | gl\u00e4nzend | holografisch | rosa-gold | WOJOER","description":"Dieser gold gelb rosa Glanz Brasil Slip ist \u00fcberraschend vielseitig. Hochwertig und elegant extrovertiert. Jetzt online Versandtkostenfrei bestellen.","robots":{"index":"index","follow":"follow","max-snippet":"max-snippet:-1","max-image-preview":"max-image-preview:large","max-video-preview":"max-video-preview:-1"},"canonical":"https:\/\/www.wojoer.de\/en\/produkt\/pool-glaenzuend-brasil-slip\/","twitter_card":"summary_large_image","twitter_title":"pool Brasil Slip | gl\u00e4nzend | holografisch | rosa-gold | WOJOER","twitter_description":"Dieser gold gelb rosa Glanz Brasil Slip ist \u00fcberraschend vielseitig. Hochwertig und elegant extrovertiert. Jetzt online Versandtkostenfrei bestellen.","twitter_image":"https:\/\/www.wojoer.de\/wp-content\/uploads\/2017\/11\/314B10_pool_tanga_wojoer.jpg","twitter_misc":{"Estimated reading time":"1 minute"},"schema":{"@context":"https:\/\/schema.org","@graph":[{"@type":"WebPage","@id":"https:\/\/www.wojoer.de\/en\/produkt\/pool-glaenzuend-brasil-slip\/","url":"https:\/\/www.wojoer.de\/en\/produkt\/pool-glaenzuend-brasil-slip\/","name":"pool Brasil Slip | gl\u00e4nzend | holografisch | rosa-gold | WOJOER","isPartOf":{"@id":"https:\/\/www.wojoer.de\/#website"},"primaryImageOfPage":{"@id":"https:\/\/www.wojoer.de\/en\/produkt\/pool-glaenzuend-brasil-slip\/#primaryimage"},"image":{"@id":"https:\/\/www.wojoer.de\/en\/produkt\/pool-glaenzuend-brasil-slip\/#primaryimage"},"thumbnailUrl":"https:\/\/www.wojoer.de\/wp-content\/uploads\/2017\/11\/314B10_pool_tanga_wojoer.jpg","datePublished":"2016-12-06T09:30:31+00:00","dateModified":"2025-06-08T10:34:09+00:00","description":"Dieser gold gelb rosa Glanz Brasil Slip ist \u00fcberraschend vielseitig. Hochwertig und elegant extrovertiert. Jetzt online Versandtkostenfrei bestellen.","breadcrumb":{"@id":"https:\/\/www.wojoer.de\/en\/produkt\/pool-glaenzuend-brasil-slip\/#breadcrumb"},"inLanguage":"en-GB","potentialAction":[{"@type":"ReadAction","target":["https:\/\/www.wojoer.de\/en\/produkt\/pool-glaenzuend-brasil-slip\/"]}]},{"@type":"ImageObject","inLanguage":"en-GB","@id":"https:\/\/www.wojoer.de\/en\/produkt\/pool-glaenzuend-brasil-slip\/#primaryimage","url":"https:\/\/www.wojoer.de\/wp-content\/uploads\/2017\/11\/314B10_pool_tanga_wojoer.jpg","contentUrl":"https:\/\/www.wojoer.de\/wp-content\/uploads\/2017\/11\/314B10_pool_tanga_wojoer.jpg","width":1001,"height":1001,"caption":"Pool Brasil, clubwear, wett, glanz"},{"@type":"BreadcrumbList","@id":"https:\/\/www.wojoer.de\/en\/produkt\/pool-glaenzuend-brasil-slip\/#breadcrumb","itemListElement":[{"@type":"ListItem","position":1,"name":"Startseite","item":"https:\/\/www.wojoer.de\/"},{"@type":"ListItem","position":2,"name":"SHOP","item":"https:\/\/www.wojoer.de\/shop\/"},{"@type":"ListItem","position":3,"name":"Pool Brasil Slip | 314B10"}]},{"@type":"WebSite","@id":"https:\/\/www.wojoer.de\/#website","url":"https:\/\/www.wojoer.de\/","name":"WOJOER","description":"clubwear for men","publisher":{"@id":"https:\/\/www.wojoer.de\/#organization"},"potentialAction":[{"@type":"SearchAction","target":{"@type":"EntryPoint","urlTemplate":"https:\/\/www.wojoer.de\/?s={search_term_string}"},"query-input":{"@type":"PropertyValueSpecification","valueRequired":true,"valueName":"search_term_string"}}],"inLanguage":"en-GB"},{"@type":"Organization","@id":"https:\/\/www.wojoer.de\/#organization","name":"Wonneberger-Manufaktur","url":"https:\/\/www.wojoer.de\/","logo":{"@type":"ImageObject","inLanguage":"en-GB","@id":"https:\/\/www.wojoer.de\/#\/schema\/logo\/image\/","url":"https:\/\/www.wojoer.de\/wp-content\/uploads\/2016\/11\/wonnebergermanufaktur_logo_BUTTON.png","contentUrl":"https:\/\/www.wojoer.de\/wp-content\/uploads\/2016\/11\/wonnebergermanufaktur_logo_BUTTON.png","width":765,"height":765,"caption":"Wonneberger-Manufaktur"},"image":{"@id":"https:\/\/www.wojoer.de\/#\/schema\/logo\/image\/"},"sameAs":["https:\/\/www.facebook.com\/wojoer\/","https:\/\/de.pinterest.com\/W0J0ER\/"]}]}},"_links":{"self":[{"href":"https:\/\/www.wojoer.de\/en\/wp-json\/wp\/v2\/product\/8063","targetHints":{"allow":["GET"]}}],"collection":[{"href":"https:\/\/www.wojoer.de\/en\/wp-json\/wp\/v2\/product"}],"about":[{"href":"https:\/\/www.wojoer.de\/en\/wp-json\/wp\/v2\/types\/product"}],"replies":[{"embeddable":true,"href":"https:\/\/www.wojoer.de\/en\/wp-json\/wp\/v2\/comments?post=8063"}],"wp:featuredmedia":[{"embeddable":true,"href":"https:\/\/www.wojoer.de\/en\/wp-json\/wp\/v2\/media\/7797"}],"wp:attachment":[{"href":"https:\/\/www.wojoer.de\/en\/wp-json\/wp\/v2\/media?parent=8063"}],"wp:term":[{"taxonomy":"product_brand","embeddable":true,"href":"https:\/\/www.wojoer.de\/en\/wp-json\/wp\/v2\/product_brand?post=8063"},{"taxonomy":"product_cat","embeddable":true,"href":"https:\/\/www.wojoer.de\/en\/wp-json\/wp\/v2\/product_cat?post=8063"},{"taxonomy":"product_tag","embeddable":true,"href":"https:\/\/www.wojoer.de\/en\/wp-json\/wp\/v2\/product_tag?post=8063"}],"curies":[{"name":"wp","href":"https:\/\/api.w.org\/{rel}","templated":true}]}}