{"id":8068,"date":"2016-12-06T10:40:20","date_gmt":"2016-12-06T09:40:20","guid":{"rendered":"http:\/\/www.wojoer.de\/produkt\/pool-glanz-tanga-mini-pushup\/"},"modified":"2024-01-04T20:38:40","modified_gmt":"2024-01-04T19:38:40","slug":"pool-glittering-thong-mini-pushup","status":"publish","type":"product","link":"https:\/\/www.wojoer.de\/en\/produkt\/pool-glittering-thong-mini-pushup\/","title":{"rendered":"Pool Mini Pushup Thong | 314B14"},"content":{"rendered":"<p>The Pool Mini Push Up Thong 314B14 belongs to the Wojoer LIVE product range. Production on order only. So we can respond to customer requests individually.<\/p>\n<p><strong>Sizes<\/strong><\/p>\n<div id=\"z6maec\" class=\"tw-ta-container tw-nfl\">\n<pre id=\"tw-target-rmn\" class=\"tw-data-placeholder tw-text-small tw-ta\" data-placeholder=\"\"><\/pre>\n<\/div>\n<p>Available sizes S, M, L, XL<\/p>\n<h3>Material composition<\/h3>\n<p>Pool holographic gold-yellow, rosa, foail-coatet: 95% Polyesther\u00a0 5% spandex<\/p>\n<h3>Particularities<\/h3>\n<p>high waist | holographic gold glittering | high quality Made in Germany<\/p>\n<h3>Washing instructions<\/h3>\n<p>Handwash<\/p>\n<h3>POOL Mini Push Up Thong &#8211; rose gold-yellow glittering Push Up Tanga<\/h3>\n<p>You can show your Body in this beautiful Push Up Thong. Also you can take the next trip to Cote d&#8217;Azure. It appears very noble, because of the high-quality Material.\u00a0 The Colour shade of rosa-yellow-crema to brown spread organic even. It shines golden at the material and surprise with an excellent Changier-effect. The Tower is high-waist and the bulge look even voluminous. The exzellent wear comfort will convincing you.<\/p>\n<p>Click Here to<a href=\"http:\/\/www.wojoer.de\/groessentabelle\/\"> size Chart<\/a><\/p>\n","protected":false},"excerpt":{"rendered":"<p>Den 314B14 POOL Glanz Tanga Mini Pushup Tanga geh\u00f6rt zu den WOJOER LIVE Produkten, denn er wird auf Bestellung produziert.<br \/>\nGr\u00f6\u00dfen<br \/>\nErh\u00e4ltlich in den Gr\u00f6\u00dfen S, M, L, XL<br \/>\nMaterialzusammensetzung<br \/>\nPool holograisch gold-gelb, rosa, Folienbeschichtet: 95% Polyesther\u00a0 5% Elasthan<br \/>\nBesonderheiten<br \/>\nbesonders knapp geschnitten | maximale Pushup-Form\u2026<\/p>\n","protected":false},"featured_media":7799,"comment_status":"open","ping_status":"closed","template":"","meta":[],"product_brand":[],"product_cat":[116,473,195,326],"product_tag":[215,272,184,167,247],"class_list":{"0":"post-8068","1":"product","2":"type-product","3":"status-publish","4":"has-post-thumbnail","6":"product_cat-clubwear","7":"product_cat-men","8":"product_cat-produktion-auf-bestellung-liveproduktion","9":"product_cat-wojoer","10":"product_tag-bulge-tanga-mini-pushup-tanga-g-tanga","11":"product_tag-druck","12":"product_tag-push-up","13":"product_tag-tanga","14":"product_tag-wetlook","15":"product_shipping_class-beun","16":"pa_groesse-l","17":"pa_groesse-m","18":"pa_groesse-s","19":"pa_groesse-xl","20":"pif-has-gallery","21":"post-1","22":"odd","24":"first","25":"onbackorder","26":"taxable","27":"shipping-taxable","28":"purchasable","29":"product-type-variable","30":"has-default-attributes"},"yoast_head":"<!-- This site is optimized with the Yoast SEO plugin v27.2 - https:\/\/yoast.com\/product\/yoast-seo-wordpress\/ -->\n<title>glittering Thong | Mini Pushup | Pool | holographic | rosa-gold | WOJOER<\/title>\n<meta name=\"description\" content=\"This gold yellow rosa Glittering Thong Mini Pushup will surprising you. HIgh quality and elegant rolled into one. Buy it now free shipping\" \/>\n<meta name=\"robots\" content=\"index, follow, max-snippet:-1, max-image-preview:large, max-video-preview:-1\" \/>\n<link rel=\"canonical\" href=\"https:\/\/www.wojoer.de\/en\/produkt\/pool-glittering-thong-mini-pushup\/\" \/>\n<meta name=\"twitter:card\" content=\"summary_large_image\" \/>\n<meta name=\"twitter:title\" content=\"glittering Thong | Mini Pushup | Pool | holographic | rosa-gold | WOJOER\" \/>\n<meta name=\"twitter:description\" content=\"This gold yellow rosa Glittering Thong Mini Pushup will surprising you. HIgh quality and elegant rolled into one. Buy it now free shipping\" \/>\n<meta name=\"twitter:image\" content=\"https:\/\/www.wojoer.de\/wp-content\/uploads\/2017\/11\/314B14_pool_mini_pushup_tanga_side_wojoer.jpg\" \/>\n<meta name=\"twitter:label1\" content=\"Estimated reading time\" \/>\n\t<meta name=\"twitter:data1\" content=\"2 minutes\" \/>\n<script type=\"application\/ld+json\" class=\"yoast-schema-graph\">{\"@context\":\"https:\/\/schema.org\",\"@graph\":[{\"@type\":\"WebPage\",\"@id\":\"https:\/\/www.wojoer.de\/en\/produkt\/pool-glittering-thong-mini-pushup\/\",\"url\":\"https:\/\/www.wojoer.de\/en\/produkt\/pool-glittering-thong-mini-pushup\/\",\"name\":\"glittering Thong | Mini Pushup | Pool | holographic | rosa-gold | WOJOER\",\"isPartOf\":{\"@id\":\"https:\/\/www.wojoer.de\/#website\"},\"primaryImageOfPage\":{\"@id\":\"https:\/\/www.wojoer.de\/en\/produkt\/pool-glittering-thong-mini-pushup\/#primaryimage\"},\"image\":{\"@id\":\"https:\/\/www.wojoer.de\/en\/produkt\/pool-glittering-thong-mini-pushup\/#primaryimage\"},\"thumbnailUrl\":\"https:\/\/www.wojoer.de\/wp-content\/uploads\/2017\/11\/314B14_pool_mini_pushup_tanga_side_wojoer.jpg\",\"datePublished\":\"2016-12-06T09:40:20+00:00\",\"dateModified\":\"2024-01-04T19:38:40+00:00\",\"description\":\"This gold yellow rosa Glittering Thong Mini Pushup will surprising you. HIgh quality and elegant rolled into one. Buy it now free shipping\",\"breadcrumb\":{\"@id\":\"https:\/\/www.wojoer.de\/en\/produkt\/pool-glittering-thong-mini-pushup\/#breadcrumb\"},\"inLanguage\":\"en-GB\",\"potentialAction\":[{\"@type\":\"ReadAction\",\"target\":[\"https:\/\/www.wojoer.de\/en\/produkt\/pool-glittering-thong-mini-pushup\/\"]}]},{\"@type\":\"ImageObject\",\"inLanguage\":\"en-GB\",\"@id\":\"https:\/\/www.wojoer.de\/en\/produkt\/pool-glittering-thong-mini-pushup\/#primaryimage\",\"url\":\"https:\/\/www.wojoer.de\/wp-content\/uploads\/2017\/11\/314B14_pool_mini_pushup_tanga_side_wojoer.jpg\",\"contentUrl\":\"https:\/\/www.wojoer.de\/wp-content\/uploads\/2017\/11\/314B14_pool_mini_pushup_tanga_side_wojoer.jpg\",\"width\":1001,\"height\":1001,\"caption\":\"Pool Glanz Tanga, clubwear, wett, glanz\"},{\"@type\":\"BreadcrumbList\",\"@id\":\"https:\/\/www.wojoer.de\/en\/produkt\/pool-glittering-thong-mini-pushup\/#breadcrumb\",\"itemListElement\":[{\"@type\":\"ListItem\",\"position\":1,\"name\":\"Startseite\",\"item\":\"https:\/\/www.wojoer.de\/\"},{\"@type\":\"ListItem\",\"position\":2,\"name\":\"SHOP\",\"item\":\"https:\/\/www.wojoer.de\/shop\/\"},{\"@type\":\"ListItem\",\"position\":3,\"name\":\"Pool Mini Pushup Thong | 314B14\"}]},{\"@type\":\"WebSite\",\"@id\":\"https:\/\/www.wojoer.de\/#website\",\"url\":\"https:\/\/www.wojoer.de\/\",\"name\":\"WOJOER\",\"description\":\"clubwear for men\",\"publisher\":{\"@id\":\"https:\/\/www.wojoer.de\/#organization\"},\"potentialAction\":[{\"@type\":\"SearchAction\",\"target\":{\"@type\":\"EntryPoint\",\"urlTemplate\":\"https:\/\/www.wojoer.de\/?s={search_term_string}\"},\"query-input\":{\"@type\":\"PropertyValueSpecification\",\"valueRequired\":true,\"valueName\":\"search_term_string\"}}],\"inLanguage\":\"en-GB\"},{\"@type\":\"Organization\",\"@id\":\"https:\/\/www.wojoer.de\/#organization\",\"name\":\"Wonneberger-Manufaktur\",\"url\":\"https:\/\/www.wojoer.de\/\",\"logo\":{\"@type\":\"ImageObject\",\"inLanguage\":\"en-GB\",\"@id\":\"https:\/\/www.wojoer.de\/#\/schema\/logo\/image\/\",\"url\":\"https:\/\/www.wojoer.de\/wp-content\/uploads\/2016\/11\/wonnebergermanufaktur_logo_BUTTON.png\",\"contentUrl\":\"https:\/\/www.wojoer.de\/wp-content\/uploads\/2016\/11\/wonnebergermanufaktur_logo_BUTTON.png\",\"width\":765,\"height\":765,\"caption\":\"Wonneberger-Manufaktur\"},\"image\":{\"@id\":\"https:\/\/www.wojoer.de\/#\/schema\/logo\/image\/\"},\"sameAs\":[\"https:\/\/www.facebook.com\/wojoer\/\",\"https:\/\/de.pinterest.com\/W0J0ER\/\"]}]}<\/script>\n<!-- \/ Yoast SEO plugin. -->","yoast_head_json":{"title":"glittering Thong | Mini Pushup | Pool | holographic | rosa-gold | WOJOER","description":"This gold yellow rosa Glittering Thong Mini Pushup will surprising you. HIgh quality and elegant rolled into one. Buy it now free shipping","robots":{"index":"index","follow":"follow","max-snippet":"max-snippet:-1","max-image-preview":"max-image-preview:large","max-video-preview":"max-video-preview:-1"},"canonical":"https:\/\/www.wojoer.de\/en\/produkt\/pool-glittering-thong-mini-pushup\/","twitter_card":"summary_large_image","twitter_title":"glittering Thong | Mini Pushup | Pool | holographic | rosa-gold | WOJOER","twitter_description":"This gold yellow rosa Glittering Thong Mini Pushup will surprising you. HIgh quality and elegant rolled into one. Buy it now free shipping","twitter_image":"https:\/\/www.wojoer.de\/wp-content\/uploads\/2017\/11\/314B14_pool_mini_pushup_tanga_side_wojoer.jpg","twitter_misc":{"Estimated reading time":"2 minutes"},"schema":{"@context":"https:\/\/schema.org","@graph":[{"@type":"WebPage","@id":"https:\/\/www.wojoer.de\/en\/produkt\/pool-glittering-thong-mini-pushup\/","url":"https:\/\/www.wojoer.de\/en\/produkt\/pool-glittering-thong-mini-pushup\/","name":"glittering Thong | Mini Pushup | Pool | holographic | rosa-gold | WOJOER","isPartOf":{"@id":"https:\/\/www.wojoer.de\/#website"},"primaryImageOfPage":{"@id":"https:\/\/www.wojoer.de\/en\/produkt\/pool-glittering-thong-mini-pushup\/#primaryimage"},"image":{"@id":"https:\/\/www.wojoer.de\/en\/produkt\/pool-glittering-thong-mini-pushup\/#primaryimage"},"thumbnailUrl":"https:\/\/www.wojoer.de\/wp-content\/uploads\/2017\/11\/314B14_pool_mini_pushup_tanga_side_wojoer.jpg","datePublished":"2016-12-06T09:40:20+00:00","dateModified":"2024-01-04T19:38:40+00:00","description":"This gold yellow rosa Glittering Thong Mini Pushup will surprising you. HIgh quality and elegant rolled into one. Buy it now free shipping","breadcrumb":{"@id":"https:\/\/www.wojoer.de\/en\/produkt\/pool-glittering-thong-mini-pushup\/#breadcrumb"},"inLanguage":"en-GB","potentialAction":[{"@type":"ReadAction","target":["https:\/\/www.wojoer.de\/en\/produkt\/pool-glittering-thong-mini-pushup\/"]}]},{"@type":"ImageObject","inLanguage":"en-GB","@id":"https:\/\/www.wojoer.de\/en\/produkt\/pool-glittering-thong-mini-pushup\/#primaryimage","url":"https:\/\/www.wojoer.de\/wp-content\/uploads\/2017\/11\/314B14_pool_mini_pushup_tanga_side_wojoer.jpg","contentUrl":"https:\/\/www.wojoer.de\/wp-content\/uploads\/2017\/11\/314B14_pool_mini_pushup_tanga_side_wojoer.jpg","width":1001,"height":1001,"caption":"Pool Glanz Tanga, clubwear, wett, glanz"},{"@type":"BreadcrumbList","@id":"https:\/\/www.wojoer.de\/en\/produkt\/pool-glittering-thong-mini-pushup\/#breadcrumb","itemListElement":[{"@type":"ListItem","position":1,"name":"Startseite","item":"https:\/\/www.wojoer.de\/"},{"@type":"ListItem","position":2,"name":"SHOP","item":"https:\/\/www.wojoer.de\/shop\/"},{"@type":"ListItem","position":3,"name":"Pool Mini Pushup Thong | 314B14"}]},{"@type":"WebSite","@id":"https:\/\/www.wojoer.de\/#website","url":"https:\/\/www.wojoer.de\/","name":"WOJOER","description":"clubwear for men","publisher":{"@id":"https:\/\/www.wojoer.de\/#organization"},"potentialAction":[{"@type":"SearchAction","target":{"@type":"EntryPoint","urlTemplate":"https:\/\/www.wojoer.de\/?s={search_term_string}"},"query-input":{"@type":"PropertyValueSpecification","valueRequired":true,"valueName":"search_term_string"}}],"inLanguage":"en-GB"},{"@type":"Organization","@id":"https:\/\/www.wojoer.de\/#organization","name":"Wonneberger-Manufaktur","url":"https:\/\/www.wojoer.de\/","logo":{"@type":"ImageObject","inLanguage":"en-GB","@id":"https:\/\/www.wojoer.de\/#\/schema\/logo\/image\/","url":"https:\/\/www.wojoer.de\/wp-content\/uploads\/2016\/11\/wonnebergermanufaktur_logo_BUTTON.png","contentUrl":"https:\/\/www.wojoer.de\/wp-content\/uploads\/2016\/11\/wonnebergermanufaktur_logo_BUTTON.png","width":765,"height":765,"caption":"Wonneberger-Manufaktur"},"image":{"@id":"https:\/\/www.wojoer.de\/#\/schema\/logo\/image\/"},"sameAs":["https:\/\/www.facebook.com\/wojoer\/","https:\/\/de.pinterest.com\/W0J0ER\/"]}]}},"_links":{"self":[{"href":"https:\/\/www.wojoer.de\/en\/wp-json\/wp\/v2\/product\/8068","targetHints":{"allow":["GET"]}}],"collection":[{"href":"https:\/\/www.wojoer.de\/en\/wp-json\/wp\/v2\/product"}],"about":[{"href":"https:\/\/www.wojoer.de\/en\/wp-json\/wp\/v2\/types\/product"}],"replies":[{"embeddable":true,"href":"https:\/\/www.wojoer.de\/en\/wp-json\/wp\/v2\/comments?post=8068"}],"wp:featuredmedia":[{"embeddable":true,"href":"https:\/\/www.wojoer.de\/en\/wp-json\/wp\/v2\/media\/7799"}],"wp:attachment":[{"href":"https:\/\/www.wojoer.de\/en\/wp-json\/wp\/v2\/media?parent=8068"}],"wp:term":[{"taxonomy":"product_brand","embeddable":true,"href":"https:\/\/www.wojoer.de\/en\/wp-json\/wp\/v2\/product_brand?post=8068"},{"taxonomy":"product_cat","embeddable":true,"href":"https:\/\/www.wojoer.de\/en\/wp-json\/wp\/v2\/product_cat?post=8068"},{"taxonomy":"product_tag","embeddable":true,"href":"https:\/\/www.wojoer.de\/en\/wp-json\/wp\/v2\/product_tag?post=8068"}],"curies":[{"name":"wp","href":"https:\/\/api.w.org\/{rel}","templated":true}]}}