{"id":8636,"date":"2018-08-11T11:00:54","date_gmt":"2018-08-11T09:00:54","guid":{"rendered":"http:\/\/www.wojoer.de\/produkt\/neopren-string-body-royal-blau\/"},"modified":"2025-09-03T10:31:45","modified_gmt":"2025-09-03T08:31:45","slug":"neopren-string-body","status":"publish","type":"product","link":"https:\/\/www.wojoer.de\/en\/produkt\/neopren-string-body\/","title":{"rendered":"Neopren String Body 309S3B"},"content":{"rendered":"<p>Der Neopren String Body 309S3 geh\u00f6rt zu den Wojoer LIVE-Produkten. Sie werden ab Bestellung bei uns produziert. So k\u00f6nnen wir auf Kundenw\u00fcnsche individuell eingehen.<\/p>\n<h3>Gr\u00f6\u00dfen<\/h3>\n<p>Erh\u00e4ltlich in den Gr\u00f6\u00dfen S, M, L, XL<\/p>\n<h3>Materialzusammensetzung<\/h3>\n<p>100% Glatthautneopren<\/p>\n<p>Innenkaschierung: 80% Polyamid, 20% Elasthan<\/p>\n<h3>Besonderheiten<\/h3>\n<p><a href=\"http:\/\/www.wojoer.de\/?s=LIVE&#038;post_type=product\">LIVE-Produkt<\/a> \u00a0| elegant matte Oberfl\u00e4chenoptik | badetauglich | w\u00e4rmend | fest formendes Material | <a href=\"http:\/\/www.wojoer.de\/produkt-schlagwort\/ganzk\u00f6rpernazug\/\">Ganzk\u00f6rperanzug<\/a> | haut enge Passform\u00a0 | weit ausgeschnitten | hochwertige Verarbeitung &#8220;Made in Germany&#8221;<\/p>\n<h3>Benutzerhinweise<\/h3>\n<p>Handw\u00e4sche | Neopren entwickelt Bewegungsfalten, wie gutes Leder und l\u00e4sst so nach und nach eine eigene Signatur eines jeden Tr\u00e4gers entstehen. Daher bitte druckgesch\u00fctzt und nicht zusammenleget lagern und auf breite Kleiderb\u00fcgel aufziehen.<\/p>\n<h3>Achtung<\/h3>\n<p>Bei Retouren, m\u00fcssen die Neoprenprodukte ungeknickt und luftig verpackt zur\u00fcckgesendet werden, so wie die Ware erhalten wurde. Bei Druckstellen, die durch einen falschen Versand verursacht wurden, kann die Ware nicht zur\u00fcckgenommen werden.<\/p>\n<h3>NEOPREN STRING BODY- sexy body suit<\/h3>\n<p>Geschmeidig matter Glanz macht den Neopren String Body so k\u00f6niglich m\u00e4nnlich. Mit seiner klaren, perfekt sitzenden Passform transformiert dieser Body seinen Tr\u00e4ger in einen dominanten Goliat. Denn das feste Glatthautneopren formt die Silhouette \u00e4usserst vorteilhaft und w\u00e4rmt wie ein, sich anschmiegender, K\u00f6rper. Da sich der Rei\u00dfverschluss mit Hintertritt, f\u00fcr sicheres Schlie\u00dfen ohne Einklemmen, von oben und unten gleichzeitig \u00f6ffnen l\u00e4sst, sind der forschenden Fantasie keine Grenzen gesetzt.<\/p>\n<p>&nbsp;<\/p>\n","protected":false},"excerpt":{"rendered":"<p>Der Neopren String Body 0309-A001 geh\u00f6rt zu den Wojoer LIVE-Produkten. Sie werden ab Bestellung bei uns produziert. So k\u00f6nnen wir auf Kundenw\u00fcnsche individuell eingehen.<\/p>\n<p>Erh\u00e4ltlich in den Farben \u00a0\u00a0  Wei\u00df |  Schwarz |  Titanio Grau |  Braun\u2026<\/p>\n","protected":false},"featured_media":8487,"comment_status":"open","ping_status":"closed","template":"","meta":[],"product_brand":[],"product_cat":[112,115,311,473,195,326],"product_tag":[108,186,250,268,103,189],"class_list":{"0":"post-8636","1":"product","2":"type-product","3":"status-publish","4":"has-post-thumbnail","6":"product_cat-309-neopren","7":"product_cat-beachwear","8":"product_cat-hankycode","9":"product_cat-men","10":"product_cat-produktion-auf-bestellung-liveproduktion","11":"product_cat-wojoer","12":"product_tag-1beachwear","13":"product_tag-body","14":"product_tag-funktion","15":"product_tag-farbcode","16":"product_tag-neopren","17":"product_tag-reissverschluss","18":"product_shipping_class-neopren","19":"pa_farbe-eisblau","20":"pa_farbe-royalblau","21":"pa_farbe-braun","22":"pa_farbe-grau","23":"pa_farbe-lila","24":"pa_farbe-neongelb","25":"pa_farbe-neongruen","26":"pa_farbe-neonpink","27":"pa_farbe-olive","28":"pa_farbe-orange","29":"pa_farbe-rot","30":"pa_farbe-schwarz","31":"pa_farbe-weiss","32":"pa_groesse-l","33":"pa_groesse-m","34":"pa_groesse-s","35":"pa_groesse-xl","36":"pif-has-gallery","37":"post-1","38":"odd","40":"first","41":"onbackorder","42":"taxable","43":"shipping-taxable","44":"purchasable","45":"product-type-variable","46":"has-default-attributes"},"yoast_head":"<!-- This site is optimized with the Yoast SEO plugin v27.2 - https:\/\/yoast.com\/product\/yoast-seo-wordpress\/ -->\n<title>Neopren string body | mattglanz | schwarz | swim suit shorty | WOJOER<\/title>\n<meta name=\"description\" content=\"Neopren String Body. Nicht nur das in Deutschland gefertigte Glatthautneopren ist ungewohnt erotisch, auch die Best-Fit-Verarbeitung ist \u00fcberzeugend\" \/>\n<meta name=\"robots\" content=\"index, follow, max-snippet:-1, max-image-preview:large, max-video-preview:-1\" \/>\n<link rel=\"canonical\" href=\"https:\/\/www.wojoer.de\/en\/produkt\/neopren-string-body\/\" \/>\n<meta name=\"twitter:card\" content=\"summary_large_image\" \/>\n<meta name=\"twitter:title\" content=\"Neopren string body | mattglanz | schwarz | swim suit shorty | WOJOER\" \/>\n<meta name=\"twitter:description\" content=\"Neopren String Body. Nicht nur das in Deutschland gefertigte Glatthautneopren ist ungewohnt erotisch, auch die Best-Fit-Verarbeitung ist \u00fcberzeugend\" \/>\n<meta name=\"twitter:image\" content=\"https:\/\/www.wojoer.de\/wp-content\/uploads\/2017\/12\/309S3_neopren_stringbody_titaniograu_wojoer.jpg\" \/>\n<meta name=\"twitter:label1\" content=\"Estimated reading time\" \/>\n\t<meta name=\"twitter:data1\" content=\"5 minutes\" \/>\n<script type=\"application\/ld+json\" class=\"yoast-schema-graph\">{\"@context\":\"https:\/\/schema.org\",\"@graph\":[{\"@type\":\"WebPage\",\"@id\":\"https:\/\/www.wojoer.de\/produkt\/neopren-string-body\/\",\"url\":\"https:\/\/www.wojoer.de\/produkt\/neopren-string-body\/\",\"name\":\"Neopren string body | mattglanz | schwarz | swim suit shorty | WOJOER\",\"isPartOf\":{\"@id\":\"https:\/\/www.wojoer.de\/#website\"},\"primaryImageOfPage\":{\"@id\":\"https:\/\/www.wojoer.de\/produkt\/neopren-string-body\/#primaryimage\"},\"image\":{\"@id\":\"https:\/\/www.wojoer.de\/produkt\/neopren-string-body\/#primaryimage\"},\"thumbnailUrl\":\"https:\/\/www.wojoer.de\/wp-content\/uploads\/2017\/12\/309S3_neopren_stringbody_titaniograu_wojoer.jpg\",\"datePublished\":\"2018-08-11T09:00:54+00:00\",\"dateModified\":\"2025-09-03T08:31:45+00:00\",\"description\":\"Neopren String Body. Nicht nur das in Deutschland gefertigte Glatthautneopren ist ungewohnt erotisch, auch die Best-Fit-Verarbeitung ist \u00fcberzeugend\",\"breadcrumb\":{\"@id\":\"https:\/\/www.wojoer.de\/produkt\/neopren-string-body\/#breadcrumb\"},\"inLanguage\":\"en-GB\",\"potentialAction\":[{\"@type\":\"ReadAction\",\"target\":[\"https:\/\/www.wojoer.de\/produkt\/neopren-string-body\/\"]}]},{\"@type\":\"ImageObject\",\"inLanguage\":\"en-GB\",\"@id\":\"https:\/\/www.wojoer.de\/produkt\/neopren-string-body\/#primaryimage\",\"url\":\"https:\/\/www.wojoer.de\/wp-content\/uploads\/2017\/12\/309S3_neopren_stringbody_titaniograu_wojoer.jpg\",\"contentUrl\":\"https:\/\/www.wojoer.de\/wp-content\/uploads\/2017\/12\/309S3_neopren_stringbody_titaniograu_wojoer.jpg\",\"width\":2002,\"height\":2002,\"caption\":\"neopren string body, Wojoer Neopren Body, String Body, Glatthautneopren, M\u00e4nner Ganzk\u00f6rpernazug, String Shorty, Herren Badeanzug, titanio grau\"},{\"@type\":\"BreadcrumbList\",\"@id\":\"https:\/\/www.wojoer.de\/produkt\/neopren-string-body\/#breadcrumb\",\"itemListElement\":[{\"@type\":\"ListItem\",\"position\":1,\"name\":\"Startseite\",\"item\":\"https:\/\/www.wojoer.de\/\"},{\"@type\":\"ListItem\",\"position\":2,\"name\":\"SHOP\",\"item\":\"https:\/\/www.wojoer.de\/shop\/\"},{\"@type\":\"ListItem\",\"position\":3,\"name\":\"Neopren String Body\"}]},{\"@type\":\"WebSite\",\"@id\":\"https:\/\/www.wojoer.de\/#website\",\"url\":\"https:\/\/www.wojoer.de\/\",\"name\":\"WOJOER\",\"description\":\"clubwear for men\",\"publisher\":{\"@id\":\"https:\/\/www.wojoer.de\/#organization\"},\"potentialAction\":[{\"@type\":\"SearchAction\",\"target\":{\"@type\":\"EntryPoint\",\"urlTemplate\":\"https:\/\/www.wojoer.de\/?s={search_term_string}\"},\"query-input\":{\"@type\":\"PropertyValueSpecification\",\"valueRequired\":true,\"valueName\":\"search_term_string\"}}],\"inLanguage\":\"en-GB\"},{\"@type\":\"Organization\",\"@id\":\"https:\/\/www.wojoer.de\/#organization\",\"name\":\"Wonneberger-Manufaktur\",\"url\":\"https:\/\/www.wojoer.de\/\",\"logo\":{\"@type\":\"ImageObject\",\"inLanguage\":\"en-GB\",\"@id\":\"https:\/\/www.wojoer.de\/#\/schema\/logo\/image\/\",\"url\":\"https:\/\/www.wojoer.de\/wp-content\/uploads\/2016\/11\/wonnebergermanufaktur_logo_BUTTON.png\",\"contentUrl\":\"https:\/\/www.wojoer.de\/wp-content\/uploads\/2016\/11\/wonnebergermanufaktur_logo_BUTTON.png\",\"width\":765,\"height\":765,\"caption\":\"Wonneberger-Manufaktur\"},\"image\":{\"@id\":\"https:\/\/www.wojoer.de\/#\/schema\/logo\/image\/\"},\"sameAs\":[\"https:\/\/www.facebook.com\/wojoer\/\",\"https:\/\/de.pinterest.com\/W0J0ER\/\"]}]}<\/script>\n<!-- \/ Yoast SEO plugin. -->","yoast_head_json":{"title":"Neopren string body | mattglanz | schwarz | swim suit shorty | WOJOER","description":"Neopren String Body. Nicht nur das in Deutschland gefertigte Glatthautneopren ist ungewohnt erotisch, auch die Best-Fit-Verarbeitung ist \u00fcberzeugend","robots":{"index":"index","follow":"follow","max-snippet":"max-snippet:-1","max-image-preview":"max-image-preview:large","max-video-preview":"max-video-preview:-1"},"canonical":"https:\/\/www.wojoer.de\/en\/produkt\/neopren-string-body\/","twitter_card":"summary_large_image","twitter_title":"[:de]Neopren string body | mattglanz | schwarz | swim suit shorty | WOJOER[:]","twitter_description":"Neopren String Body. Nicht nur das in Deutschland gefertigte Glatthautneopren ist ungewohnt erotisch, auch die Best-Fit-Verarbeitung ist \u00fcberzeugend","twitter_image":"https:\/\/www.wojoer.de\/wp-content\/uploads\/2017\/12\/309S3_neopren_stringbody_titaniograu_wojoer.jpg","twitter_misc":{"Estimated reading time":"5 minutes"},"schema":{"@context":"https:\/\/schema.org","@graph":[{"@type":"WebPage","@id":"https:\/\/www.wojoer.de\/produkt\/neopren-string-body\/","url":"https:\/\/www.wojoer.de\/produkt\/neopren-string-body\/","name":"Neopren string body | mattglanz | schwarz | swim suit shorty | WOJOER","isPartOf":{"@id":"https:\/\/www.wojoer.de\/#website"},"primaryImageOfPage":{"@id":"https:\/\/www.wojoer.de\/produkt\/neopren-string-body\/#primaryimage"},"image":{"@id":"https:\/\/www.wojoer.de\/produkt\/neopren-string-body\/#primaryimage"},"thumbnailUrl":"https:\/\/www.wojoer.de\/wp-content\/uploads\/2017\/12\/309S3_neopren_stringbody_titaniograu_wojoer.jpg","datePublished":"2018-08-11T09:00:54+00:00","dateModified":"2025-09-03T08:31:45+00:00","description":"Neopren String Body. Nicht nur das in Deutschland gefertigte Glatthautneopren ist ungewohnt erotisch, auch die Best-Fit-Verarbeitung ist \u00fcberzeugend","breadcrumb":{"@id":"https:\/\/www.wojoer.de\/produkt\/neopren-string-body\/#breadcrumb"},"inLanguage":"en-GB","potentialAction":[{"@type":"ReadAction","target":["https:\/\/www.wojoer.de\/produkt\/neopren-string-body\/"]}]},{"@type":"ImageObject","inLanguage":"en-GB","@id":"https:\/\/www.wojoer.de\/produkt\/neopren-string-body\/#primaryimage","url":"https:\/\/www.wojoer.de\/wp-content\/uploads\/2017\/12\/309S3_neopren_stringbody_titaniograu_wojoer.jpg","contentUrl":"https:\/\/www.wojoer.de\/wp-content\/uploads\/2017\/12\/309S3_neopren_stringbody_titaniograu_wojoer.jpg","width":2002,"height":2002,"caption":"neopren string body, Wojoer Neopren Body, String Body, Glatthautneopren, M\u00e4nner Ganzk\u00f6rpernazug, String Shorty, Herren Badeanzug, titanio grau"},{"@type":"BreadcrumbList","@id":"https:\/\/www.wojoer.de\/produkt\/neopren-string-body\/#breadcrumb","itemListElement":[{"@type":"ListItem","position":1,"name":"Startseite","item":"https:\/\/www.wojoer.de\/"},{"@type":"ListItem","position":2,"name":"SHOP","item":"https:\/\/www.wojoer.de\/shop\/"},{"@type":"ListItem","position":3,"name":"Neopren String Body"}]},{"@type":"WebSite","@id":"https:\/\/www.wojoer.de\/#website","url":"https:\/\/www.wojoer.de\/","name":"WOJOER","description":"clubwear for men","publisher":{"@id":"https:\/\/www.wojoer.de\/#organization"},"potentialAction":[{"@type":"SearchAction","target":{"@type":"EntryPoint","urlTemplate":"https:\/\/www.wojoer.de\/?s={search_term_string}"},"query-input":{"@type":"PropertyValueSpecification","valueRequired":true,"valueName":"search_term_string"}}],"inLanguage":"en-GB"},{"@type":"Organization","@id":"https:\/\/www.wojoer.de\/#organization","name":"Wonneberger-Manufaktur","url":"https:\/\/www.wojoer.de\/","logo":{"@type":"ImageObject","inLanguage":"en-GB","@id":"https:\/\/www.wojoer.de\/#\/schema\/logo\/image\/","url":"https:\/\/www.wojoer.de\/wp-content\/uploads\/2016\/11\/wonnebergermanufaktur_logo_BUTTON.png","contentUrl":"https:\/\/www.wojoer.de\/wp-content\/uploads\/2016\/11\/wonnebergermanufaktur_logo_BUTTON.png","width":765,"height":765,"caption":"Wonneberger-Manufaktur"},"image":{"@id":"https:\/\/www.wojoer.de\/#\/schema\/logo\/image\/"},"sameAs":["https:\/\/www.facebook.com\/wojoer\/","https:\/\/de.pinterest.com\/W0J0ER\/"]}]}},"_links":{"self":[{"href":"https:\/\/www.wojoer.de\/en\/wp-json\/wp\/v2\/product\/8636","targetHints":{"allow":["GET"]}}],"collection":[{"href":"https:\/\/www.wojoer.de\/en\/wp-json\/wp\/v2\/product"}],"about":[{"href":"https:\/\/www.wojoer.de\/en\/wp-json\/wp\/v2\/types\/product"}],"replies":[{"embeddable":true,"href":"https:\/\/www.wojoer.de\/en\/wp-json\/wp\/v2\/comments?post=8636"}],"wp:featuredmedia":[{"embeddable":true,"href":"https:\/\/www.wojoer.de\/en\/wp-json\/wp\/v2\/media\/8487"}],"wp:attachment":[{"href":"https:\/\/www.wojoer.de\/en\/wp-json\/wp\/v2\/media?parent=8636"}],"wp:term":[{"taxonomy":"product_brand","embeddable":true,"href":"https:\/\/www.wojoer.de\/en\/wp-json\/wp\/v2\/product_brand?post=8636"},{"taxonomy":"product_cat","embeddable":true,"href":"https:\/\/www.wojoer.de\/en\/wp-json\/wp\/v2\/product_cat?post=8636"},{"taxonomy":"product_tag","embeddable":true,"href":"https:\/\/www.wojoer.de\/en\/wp-json\/wp\/v2\/product_tag?post=8636"}],"curies":[{"name":"wp","href":"https:\/\/api.w.org\/{rel}","templated":true}]}}