{"id":8821,"date":"2018-01-15T14:18:33","date_gmt":"2018-01-15T13:18:33","guid":{"rendered":"http:\/\/www.wojoer.de\/produkt\/paintball-maenner-mini-brief-hipster\/"},"modified":"2025-10-29T11:38:28","modified_gmt":"2025-10-29T10:38:28","slug":"paintball-maenner-mini-brief-hipster","status":"publish","type":"product","link":"https:\/\/www.wojoer.de\/en\/produkt\/paintball-maenner-mini-brief-hipster\/","title":{"rendered":"Paintball Mini Hipster 344H1"},"content":{"rendered":"<p>Der Paintball M\u00e4nner Mini Brief Hipster 344H1 geh\u00f6rt in die Live-Produktion. Das hei\u00dft er wird auf Bestellung produziert und kann so auch individuell bearbeitet werden.<\/p>\n<h3>Gr\u00f6\u00dfen<\/h3>\n<p>Erh\u00e4ltlich in den Gr\u00f6\u00dfen S, M, L, XL<\/p>\n<h3>Materialzusammensetzung<\/h3>\n<p>dehnbarer Lack: 96% Polyester | 4% Elasthan<\/p>\n<h3>Besonderheiten<\/h3>\n<p><a href=\"http:\/\/www.wojoer.de\/produkt-kategorie\/produktion-auf-bestellung-liveproduktion\/\">LIVE-Produkt<\/a>\u00a0 | tiefer Schnitt | leichte Hebeform im Suspensorium | elastisch nass gl\u00e4nzender Lack | Powernet Einsatz seitlich | Regenbogen Farben | hochwertige Verarbeitung &#8220;Made in Germany&#8221;<\/p>\n<h3>Benutzerhinweise<\/h3>\n<p>Handw\u00e4sche, nicht zusammengefaltet lagern<\/p>\n<h3>PAINTBALL CHEEKY SLIP &#8211; elastischer Lack M\u00e4nner Mini Brief<\/h3>\n<p>Disco never dies. Mit diesem knall bunten Lack-Netz-Mini-Hipster geh\u00f6ren 99% der Blicke dir. Denn erstens liegt er knackig eng, aber dennoch weich auf der Haut. Zweitens gibt es kaum etwas auff\u00e4lligeres als diese grandiose Kombination aus Farbe und Lackglanz. Und drittens macht sein Cheeky-Schnitt deinen Hintern zu einer s\u00fc\u00dfen Augenweide. Besonders aber der freche Powernetzeinsatz, knapp nebem dem Schritt macht Lust auf eine erotische Erkundungstour. Somit ist der Paintball-Brief ein explosiver Begleiter f\u00fcr den Club und macht dich zum begehrten Begleiter in der Nacht.<span style=\"color: #d2b55b;\">\u00a0<\/span><\/p>\n","protected":false},"excerpt":{"rendered":"<p>Der Paintball M\u00e4nner Mini Brief Hipster 344H1 geh\u00f6rt in die Live-Produktion. Das hei\u00dft er wird auf Bestellung produziert und kann so auch individuell bearbeitet werden.<br \/>\nGr\u00f6\u00dfen<br \/>\nErh\u00e4ltlich in den Gr\u00f6\u00dfen S, M, L, XL<br \/>\nMaterialzusammensetzung<br \/>\ndehnbarer Lack: 96% Polyester | 4% Elasthan<br \/>\nBesonderheiten<br \/>\nLIVE-Produkt\u00a0 | tiefer\u2026<\/p>\n","protected":false},"featured_media":62146,"comment_status":"closed","ping_status":"closed","template":"","meta":[],"product_brand":[],"product_cat":[116,473,195,326],"product_tag":[294,209],"class_list":{"0":"post-8821","1":"product","2":"type-product","3":"status-publish","4":"has-post-thumbnail","6":"product_cat-clubwear","7":"product_cat-men","8":"product_cat-produktion-auf-bestellung-liveproduktion","9":"product_cat-wojoer","10":"product_tag-lack","11":"product_tag-mini-hipster","12":"product_shipping_class-beun","13":"pa_groesse-l","14":"pa_groesse-m","15":"pa_groesse-s","16":"pa_groesse-xl","17":"pif-has-gallery","18":"post-1","19":"odd","21":"first","22":"instock","23":"taxable","24":"shipping-taxable","25":"purchasable","26":"product-type-variable","27":"has-default-attributes"},"yoast_head":"<!-- This site is optimized with the Yoast SEO plugin v27.2 - https:\/\/yoast.com\/product\/yoast-seo-wordpress\/ -->\n<title>M\u00e4nner Mini Brief | Push up mit Netz | Paintball | Clubwear | WOJOER<\/title>\n<meta name=\"description\" content=\"Elastisch knapper M\u00e4nner Mini Brief Hipster. Mit seitlichem Netzteil. Berauschend! Jetzt online Versandkostenfrei bestellen bei WOJOER!\" \/>\n<meta name=\"robots\" content=\"index, follow, max-snippet:-1, max-image-preview:large, max-video-preview:-1\" \/>\n<link rel=\"canonical\" href=\"https:\/\/www.wojoer.de\/en\/produkt\/paintball-maenner-mini-brief-hipster\/\" \/>\n<meta name=\"twitter:card\" content=\"summary_large_image\" \/>\n<meta name=\"twitter:title\" content=\"M\u00e4nner Mini Brief | Push up mit Netz | Paintball | Clubwear | WOJOER\" \/>\n<meta name=\"twitter:description\" content=\"Elastisch knapper M\u00e4nner Mini Brief Hipster. Mit seitlichem Netzteil. Berauschend! Jetzt online Versandkostenfrei bestellen bei WOJOER!\" \/>\n<meta name=\"twitter:image\" content=\"https:\/\/www.wojoer.de\/wp-content\/uploads\/2018\/01\/344H2_paintball_minihipster_wojoer.jpg\" \/>\n<meta name=\"twitter:label1\" content=\"Estimated reading time\" \/>\n\t<meta name=\"twitter:data1\" content=\"2 minutes\" \/>\n<script type=\"application\/ld+json\" class=\"yoast-schema-graph\">{\"@context\":\"https:\/\/schema.org\",\"@graph\":[{\"@type\":\"WebPage\",\"@id\":\"https:\/\/www.wojoer.de\/produkt\/paintball-maenner-mini-brief-hipster\/\",\"url\":\"https:\/\/www.wojoer.de\/produkt\/paintball-maenner-mini-brief-hipster\/\",\"name\":\"M\u00e4nner Mini Brief | Push up mit Netz | Paintball | Clubwear | WOJOER\",\"isPartOf\":{\"@id\":\"https:\/\/www.wojoer.de\/#website\"},\"primaryImageOfPage\":{\"@id\":\"https:\/\/www.wojoer.de\/produkt\/paintball-maenner-mini-brief-hipster\/#primaryimage\"},\"image\":{\"@id\":\"https:\/\/www.wojoer.de\/produkt\/paintball-maenner-mini-brief-hipster\/#primaryimage\"},\"thumbnailUrl\":\"https:\/\/www.wojoer.de\/wp-content\/uploads\/2018\/01\/344H2_paintball_minihipster_wojoer.jpg\",\"datePublished\":\"2018-01-15T13:18:33+00:00\",\"dateModified\":\"2025-10-29T10:38:28+00:00\",\"description\":\"Elastisch knapper M\u00e4nner Mini Brief Hipster. Mit seitlichem Netzteil. Berauschend! Jetzt online Versandkostenfrei bestellen bei WOJOER!\",\"breadcrumb\":{\"@id\":\"https:\/\/www.wojoer.de\/produkt\/paintball-maenner-mini-brief-hipster\/#breadcrumb\"},\"inLanguage\":\"en-GB\",\"potentialAction\":[{\"@type\":\"ReadAction\",\"target\":[\"https:\/\/www.wojoer.de\/produkt\/paintball-maenner-mini-brief-hipster\/\"]}]},{\"@type\":\"ImageObject\",\"inLanguage\":\"en-GB\",\"@id\":\"https:\/\/www.wojoer.de\/produkt\/paintball-maenner-mini-brief-hipster\/#primaryimage\",\"url\":\"https:\/\/www.wojoer.de\/wp-content\/uploads\/2018\/01\/344H2_paintball_minihipster_wojoer.jpg\",\"contentUrl\":\"https:\/\/www.wojoer.de\/wp-content\/uploads\/2018\/01\/344H2_paintball_minihipster_wojoer.jpg\",\"width\":2002,\"height\":2002},{\"@type\":\"BreadcrumbList\",\"@id\":\"https:\/\/www.wojoer.de\/produkt\/paintball-maenner-mini-brief-hipster\/#breadcrumb\",\"itemListElement\":[{\"@type\":\"ListItem\",\"position\":1,\"name\":\"Startseite\",\"item\":\"https:\/\/www.wojoer.de\/\"},{\"@type\":\"ListItem\",\"position\":2,\"name\":\"SHOP\",\"item\":\"https:\/\/www.wojoer.de\/shop\/\"},{\"@type\":\"ListItem\",\"position\":3,\"name\":\"Paintball Mini Hipster 344H1\"}]},{\"@type\":\"WebSite\",\"@id\":\"https:\/\/www.wojoer.de\/#website\",\"url\":\"https:\/\/www.wojoer.de\/\",\"name\":\"WOJOER\",\"description\":\"clubwear for men\",\"publisher\":{\"@id\":\"https:\/\/www.wojoer.de\/#organization\"},\"potentialAction\":[{\"@type\":\"SearchAction\",\"target\":{\"@type\":\"EntryPoint\",\"urlTemplate\":\"https:\/\/www.wojoer.de\/?s={search_term_string}\"},\"query-input\":{\"@type\":\"PropertyValueSpecification\",\"valueRequired\":true,\"valueName\":\"search_term_string\"}}],\"inLanguage\":\"en-GB\"},{\"@type\":\"Organization\",\"@id\":\"https:\/\/www.wojoer.de\/#organization\",\"name\":\"Wonneberger-Manufaktur\",\"url\":\"https:\/\/www.wojoer.de\/\",\"logo\":{\"@type\":\"ImageObject\",\"inLanguage\":\"en-GB\",\"@id\":\"https:\/\/www.wojoer.de\/#\/schema\/logo\/image\/\",\"url\":\"https:\/\/www.wojoer.de\/wp-content\/uploads\/2016\/11\/wonnebergermanufaktur_logo_BUTTON.png\",\"contentUrl\":\"https:\/\/www.wojoer.de\/wp-content\/uploads\/2016\/11\/wonnebergermanufaktur_logo_BUTTON.png\",\"width\":765,\"height\":765,\"caption\":\"Wonneberger-Manufaktur\"},\"image\":{\"@id\":\"https:\/\/www.wojoer.de\/#\/schema\/logo\/image\/\"},\"sameAs\":[\"https:\/\/www.facebook.com\/wojoer\/\",\"https:\/\/de.pinterest.com\/W0J0ER\/\"]}]}<\/script>\n<!-- \/ Yoast SEO plugin. -->","yoast_head_json":{"title":"M\u00e4nner Mini Brief | Push up mit Netz | Paintball | Clubwear | WOJOER","description":"Elastisch knapper M\u00e4nner Mini Brief Hipster. Mit seitlichem Netzteil. Berauschend! Jetzt online Versandkostenfrei bestellen bei WOJOER!","robots":{"index":"index","follow":"follow","max-snippet":"max-snippet:-1","max-image-preview":"max-image-preview:large","max-video-preview":"max-video-preview:-1"},"canonical":"https:\/\/www.wojoer.de\/en\/produkt\/paintball-maenner-mini-brief-hipster\/","twitter_card":"summary_large_image","twitter_title":"M\u00e4nner Mini Brief | Push up mit Netz | Paintball | Clubwear | WOJOER","twitter_description":"Elastisch knapper M\u00e4nner Mini Brief Hipster. Mit seitlichem Netzteil. Berauschend! Jetzt online Versandkostenfrei bestellen bei WOJOER!","twitter_image":"https:\/\/www.wojoer.de\/wp-content\/uploads\/2018\/01\/344H2_paintball_minihipster_wojoer.jpg","twitter_misc":{"Estimated reading time":"2 minutes"},"schema":{"@context":"https:\/\/schema.org","@graph":[{"@type":"WebPage","@id":"https:\/\/www.wojoer.de\/produkt\/paintball-maenner-mini-brief-hipster\/","url":"https:\/\/www.wojoer.de\/produkt\/paintball-maenner-mini-brief-hipster\/","name":"M\u00e4nner Mini Brief | Push up mit Netz | Paintball | Clubwear | WOJOER","isPartOf":{"@id":"https:\/\/www.wojoer.de\/#website"},"primaryImageOfPage":{"@id":"https:\/\/www.wojoer.de\/produkt\/paintball-maenner-mini-brief-hipster\/#primaryimage"},"image":{"@id":"https:\/\/www.wojoer.de\/produkt\/paintball-maenner-mini-brief-hipster\/#primaryimage"},"thumbnailUrl":"https:\/\/www.wojoer.de\/wp-content\/uploads\/2018\/01\/344H2_paintball_minihipster_wojoer.jpg","datePublished":"2018-01-15T13:18:33+00:00","dateModified":"2025-10-29T10:38:28+00:00","description":"Elastisch knapper M\u00e4nner Mini Brief Hipster. Mit seitlichem Netzteil. Berauschend! Jetzt online Versandkostenfrei bestellen bei WOJOER!","breadcrumb":{"@id":"https:\/\/www.wojoer.de\/produkt\/paintball-maenner-mini-brief-hipster\/#breadcrumb"},"inLanguage":"en-GB","potentialAction":[{"@type":"ReadAction","target":["https:\/\/www.wojoer.de\/produkt\/paintball-maenner-mini-brief-hipster\/"]}]},{"@type":"ImageObject","inLanguage":"en-GB","@id":"https:\/\/www.wojoer.de\/produkt\/paintball-maenner-mini-brief-hipster\/#primaryimage","url":"https:\/\/www.wojoer.de\/wp-content\/uploads\/2018\/01\/344H2_paintball_minihipster_wojoer.jpg","contentUrl":"https:\/\/www.wojoer.de\/wp-content\/uploads\/2018\/01\/344H2_paintball_minihipster_wojoer.jpg","width":2002,"height":2002},{"@type":"BreadcrumbList","@id":"https:\/\/www.wojoer.de\/produkt\/paintball-maenner-mini-brief-hipster\/#breadcrumb","itemListElement":[{"@type":"ListItem","position":1,"name":"Startseite","item":"https:\/\/www.wojoer.de\/"},{"@type":"ListItem","position":2,"name":"SHOP","item":"https:\/\/www.wojoer.de\/shop\/"},{"@type":"ListItem","position":3,"name":"Paintball Mini Hipster 344H1"}]},{"@type":"WebSite","@id":"https:\/\/www.wojoer.de\/#website","url":"https:\/\/www.wojoer.de\/","name":"WOJOER","description":"clubwear for men","publisher":{"@id":"https:\/\/www.wojoer.de\/#organization"},"potentialAction":[{"@type":"SearchAction","target":{"@type":"EntryPoint","urlTemplate":"https:\/\/www.wojoer.de\/?s={search_term_string}"},"query-input":{"@type":"PropertyValueSpecification","valueRequired":true,"valueName":"search_term_string"}}],"inLanguage":"en-GB"},{"@type":"Organization","@id":"https:\/\/www.wojoer.de\/#organization","name":"Wonneberger-Manufaktur","url":"https:\/\/www.wojoer.de\/","logo":{"@type":"ImageObject","inLanguage":"en-GB","@id":"https:\/\/www.wojoer.de\/#\/schema\/logo\/image\/","url":"https:\/\/www.wojoer.de\/wp-content\/uploads\/2016\/11\/wonnebergermanufaktur_logo_BUTTON.png","contentUrl":"https:\/\/www.wojoer.de\/wp-content\/uploads\/2016\/11\/wonnebergermanufaktur_logo_BUTTON.png","width":765,"height":765,"caption":"Wonneberger-Manufaktur"},"image":{"@id":"https:\/\/www.wojoer.de\/#\/schema\/logo\/image\/"},"sameAs":["https:\/\/www.facebook.com\/wojoer\/","https:\/\/de.pinterest.com\/W0J0ER\/"]}]}},"_links":{"self":[{"href":"https:\/\/www.wojoer.de\/en\/wp-json\/wp\/v2\/product\/8821","targetHints":{"allow":["GET"]}}],"collection":[{"href":"https:\/\/www.wojoer.de\/en\/wp-json\/wp\/v2\/product"}],"about":[{"href":"https:\/\/www.wojoer.de\/en\/wp-json\/wp\/v2\/types\/product"}],"replies":[{"embeddable":true,"href":"https:\/\/www.wojoer.de\/en\/wp-json\/wp\/v2\/comments?post=8821"}],"wp:featuredmedia":[{"embeddable":true,"href":"https:\/\/www.wojoer.de\/en\/wp-json\/wp\/v2\/media\/62146"}],"wp:attachment":[{"href":"https:\/\/www.wojoer.de\/en\/wp-json\/wp\/v2\/media?parent=8821"}],"wp:term":[{"taxonomy":"product_brand","embeddable":true,"href":"https:\/\/www.wojoer.de\/en\/wp-json\/wp\/v2\/product_brand?post=8821"},{"taxonomy":"product_cat","embeddable":true,"href":"https:\/\/www.wojoer.de\/en\/wp-json\/wp\/v2\/product_cat?post=8821"},{"taxonomy":"product_tag","embeddable":true,"href":"https:\/\/www.wojoer.de\/en\/wp-json\/wp\/v2\/product_tag?post=8821"}],"curies":[{"name":"wp","href":"https:\/\/api.w.org\/{rel}","templated":true}]}}