{"id":8831,"date":"2022-01-15T14:51:51","date_gmt":"2022-01-15T13:51:51","guid":{"rendered":"http:\/\/www.wojoer.de\/produkt\/paintball-maenner-tanktop\/"},"modified":"2026-01-24T16:08:31","modified_gmt":"2026-01-24T15:08:31","slug":"paintball-maenner-tanktop","status":"publish","type":"product","link":"https:\/\/www.wojoer.de\/en\/produkt\/paintball-maenner-tanktop\/","title":{"rendered":"Paintball Tanktop 344T272"},"content":{"rendered":"<p>Der Paintball M\u00e4nner Tanktop 344T272 geh\u00f6rt in die Life-Produktion. Das hei\u00dft er wird auf Bestellung produziert und kann so auch individuell bearbeitet werden.<\/p>\n<h3>Gr\u00f6\u00dfen<\/h3>\n<p>Erh\u00e4ltlich in den Gr\u00f6\u00dfen S, M, L, XL<\/p>\n<h3>Materialzusammensetzung<\/h3>\n<p>dehnbarer Lack: 96% Polyester | 4% Elasthan<\/p>\n<h3>Besonderheiten<\/h3>\n<p><a href=\"http:\/\/www.wojoer.de\/produkt-kategorie\/produktion-auf-bestellung-liveproduktion\/\">LIVE-Produkt<\/a>\u00a0 | lockerer Achsel Shirt Schnitt | elastisch nass gl\u00e4nzender Lack | Powernet R\u00fccken | Regenbogen Farben | hochwertige Verarbeitung &#8220;Made in Germany&#8221;<\/p>\n<h3>Benutzerhinweise<\/h3>\n<p>Handw\u00e4sche, nicht zusammengefaltet lagern<\/p>\n<h3>PAINTBALL Muscle Shirt &#8211; elastisches Lack M\u00e4nner Tanktop<\/h3>\n<p>Disco never dies. Mit diesem knall bunten Lack-Netz-Shirt geh\u00f6ren 99% der Blicke dir. Denn erstens liegt es locker weich auf der Haut und ist sch\u00f6n luftig durch sein Powernet-R\u00fccken. Und zweitens gibt es kaum etwas auff\u00e4lligeres als diese grandiose Kombination aus Farbe und Lackglanz. Somit ist das Paintball-Muscle Shirt ein explosiver Begleiter f\u00fcr den Club und macht dich zum Star der Tanzfl\u00e4che.<\/p>\n<p>&nbsp;<\/p>\n<p><span style=\"color: #d2b55b;\">\u00a0<\/span><\/p>\n","protected":false},"excerpt":{"rendered":"<p>Der Paintball M\u00e4nner Tanktop 344T272 geh\u00f6rt in die Life-Produktion. Das hei\u00dft er wird auf Bestellung produziert und kann so auch individuell bearbeitet werden.<br \/>\nGr\u00f6\u00dfen<br \/>\nErh\u00e4ltlich in den Gr\u00f6\u00dfen S, M, L, XL<br \/>\nMaterialzusammensetzung<br \/>\ndehnbarer Lack: 96% Polyester | 4% Elasthan<br \/>\nBesonderheiten<br \/>\nLIVE-Produkt\u00a0 | lockerer Achsel Shirt\u2026<\/p>\n","protected":false},"featured_media":9031,"comment_status":"closed","ping_status":"closed","template":"","meta":[],"product_brand":[],"product_cat":[116,473,195,326],"product_tag":[294,246,856],"class_list":{"0":"post-8831","1":"product","2":"type-product","3":"status-publish","4":"has-post-thumbnail","6":"product_cat-clubwear","7":"product_cat-men","8":"product_cat-produktion-auf-bestellung-liveproduktion","9":"product_cat-wojoer","10":"product_tag-lack","11":"product_tag-netz","12":"product_tag-shirt","13":"product_shipping_class-beun","14":"pa_groesse-l","15":"pa_groesse-m","16":"pa_groesse-s","17":"pa_groesse-xl","18":"pif-has-gallery","19":"post-1","20":"odd","22":"first","23":"onbackorder","24":"taxable","25":"shipping-taxable","26":"purchasable","27":"product-type-variable","28":"has-default-attributes"},"yoast_head":"<!-- This site is optimized with the Yoast SEO plugin v27.2 - https:\/\/yoast.com\/product\/yoast-seo-wordpress\/ -->\n<title>M\u00e4nner Tanktop | Lack | NetzR\u00fccken | Paintball | Clubwear | WOJOER<\/title>\n<meta name=\"description\" content=\"Elastisch lockeres, knall buntes Lack M\u00e4nner Tanktop. Mit Netzr\u00fccken. Berauschend! Jetzt online Versandkostenfrei bestellen bei WOJOER!\" \/>\n<meta name=\"robots\" content=\"index, follow, max-snippet:-1, max-image-preview:large, max-video-preview:-1\" \/>\n<link rel=\"canonical\" href=\"https:\/\/www.wojoer.de\/en\/produkt\/paintball-maenner-tanktop\/\" \/>\n<meta name=\"twitter:card\" content=\"summary_large_image\" \/>\n<meta name=\"twitter:title\" content=\"M\u00e4nner Tanktop | Lack | NetzR\u00fccken | Paintball | Clubwear | WOJOER\" \/>\n<meta name=\"twitter:description\" content=\"Elastisch lockeres, knall buntes Lack M\u00e4nner Tanktop. Mit Netzr\u00fccken. Berauschend! Jetzt online Versandkostenfrei bestellen bei WOJOER!\" \/>\n<meta name=\"twitter:image\" content=\"https:\/\/www.wojoer.de\/wp-content\/uploads\/2018\/03\/WOJOER_Paintball_Lack_Regenbogenfarben.jpg\" \/>\n<meta name=\"twitter:label1\" content=\"Estimated reading time\" \/>\n\t<meta name=\"twitter:data1\" content=\"1 minute\" \/>\n<script type=\"application\/ld+json\" class=\"yoast-schema-graph\">{\"@context\":\"https:\/\/schema.org\",\"@graph\":[{\"@type\":\"WebPage\",\"@id\":\"https:\/\/www.wojoer.de\/produkt\/paintball-maenner-tanktop\/\",\"url\":\"https:\/\/www.wojoer.de\/produkt\/paintball-maenner-tanktop\/\",\"name\":\"M\u00e4nner Tanktop | Lack | NetzR\u00fccken | Paintball | Clubwear | WOJOER\",\"isPartOf\":{\"@id\":\"https:\/\/www.wojoer.de\/#website\"},\"primaryImageOfPage\":{\"@id\":\"https:\/\/www.wojoer.de\/produkt\/paintball-maenner-tanktop\/#primaryimage\"},\"image\":{\"@id\":\"https:\/\/www.wojoer.de\/produkt\/paintball-maenner-tanktop\/#primaryimage\"},\"thumbnailUrl\":\"https:\/\/www.wojoer.de\/wp-content\/uploads\/2018\/03\/WOJOER_Paintball_Lack_Regenbogenfarben.jpg\",\"datePublished\":\"2022-01-15T13:51:51+00:00\",\"dateModified\":\"2026-01-24T15:08:31+00:00\",\"description\":\"Elastisch lockeres, knall buntes Lack M\u00e4nner Tanktop. Mit Netzr\u00fccken. Berauschend! Jetzt online Versandkostenfrei bestellen bei WOJOER!\",\"breadcrumb\":{\"@id\":\"https:\/\/www.wojoer.de\/produkt\/paintball-maenner-tanktop\/#breadcrumb\"},\"inLanguage\":\"en-GB\",\"potentialAction\":[{\"@type\":\"ReadAction\",\"target\":[\"https:\/\/www.wojoer.de\/produkt\/paintball-maenner-tanktop\/\"]}]},{\"@type\":\"ImageObject\",\"inLanguage\":\"en-GB\",\"@id\":\"https:\/\/www.wojoer.de\/produkt\/paintball-maenner-tanktop\/#primaryimage\",\"url\":\"https:\/\/www.wojoer.de\/wp-content\/uploads\/2018\/03\/WOJOER_Paintball_Lack_Regenbogenfarben.jpg\",\"contentUrl\":\"https:\/\/www.wojoer.de\/wp-content\/uploads\/2018\/03\/WOJOER_Paintball_Lack_Regenbogenfarben.jpg\",\"width\":1000,\"height\":1000,\"caption\":\"Paintball Lack, Regenbogenfarben, bunter Lack, Netz Lack Tanktop\"},{\"@type\":\"BreadcrumbList\",\"@id\":\"https:\/\/www.wojoer.de\/produkt\/paintball-maenner-tanktop\/#breadcrumb\",\"itemListElement\":[{\"@type\":\"ListItem\",\"position\":1,\"name\":\"Startseite\",\"item\":\"https:\/\/www.wojoer.de\/\"},{\"@type\":\"ListItem\",\"position\":2,\"name\":\"SHOP\",\"item\":\"https:\/\/www.wojoer.de\/shop\/\"},{\"@type\":\"ListItem\",\"position\":3,\"name\":\"Paintball Tanktop 344T272\"}]},{\"@type\":\"WebSite\",\"@id\":\"https:\/\/www.wojoer.de\/#website\",\"url\":\"https:\/\/www.wojoer.de\/\",\"name\":\"WOJOER\",\"description\":\"clubwear for men\",\"publisher\":{\"@id\":\"https:\/\/www.wojoer.de\/#organization\"},\"potentialAction\":[{\"@type\":\"SearchAction\",\"target\":{\"@type\":\"EntryPoint\",\"urlTemplate\":\"https:\/\/www.wojoer.de\/?s={search_term_string}\"},\"query-input\":{\"@type\":\"PropertyValueSpecification\",\"valueRequired\":true,\"valueName\":\"search_term_string\"}}],\"inLanguage\":\"en-GB\"},{\"@type\":\"Organization\",\"@id\":\"https:\/\/www.wojoer.de\/#organization\",\"name\":\"Wonneberger-Manufaktur\",\"url\":\"https:\/\/www.wojoer.de\/\",\"logo\":{\"@type\":\"ImageObject\",\"inLanguage\":\"en-GB\",\"@id\":\"https:\/\/www.wojoer.de\/#\/schema\/logo\/image\/\",\"url\":\"https:\/\/www.wojoer.de\/wp-content\/uploads\/2016\/11\/wonnebergermanufaktur_logo_BUTTON.png\",\"contentUrl\":\"https:\/\/www.wojoer.de\/wp-content\/uploads\/2016\/11\/wonnebergermanufaktur_logo_BUTTON.png\",\"width\":765,\"height\":765,\"caption\":\"Wonneberger-Manufaktur\"},\"image\":{\"@id\":\"https:\/\/www.wojoer.de\/#\/schema\/logo\/image\/\"},\"sameAs\":[\"https:\/\/www.facebook.com\/wojoer\/\",\"https:\/\/de.pinterest.com\/W0J0ER\/\"]}]}<\/script>\n<!-- \/ Yoast SEO plugin. -->","yoast_head_json":{"title":"M\u00e4nner Tanktop | Lack | NetzR\u00fccken | Paintball | Clubwear | WOJOER","description":"Elastisch lockeres, knall buntes Lack M\u00e4nner Tanktop. Mit Netzr\u00fccken. Berauschend! Jetzt online Versandkostenfrei bestellen bei WOJOER!","robots":{"index":"index","follow":"follow","max-snippet":"max-snippet:-1","max-image-preview":"max-image-preview:large","max-video-preview":"max-video-preview:-1"},"canonical":"https:\/\/www.wojoer.de\/en\/produkt\/paintball-maenner-tanktop\/","twitter_card":"summary_large_image","twitter_title":"M\u00e4nner Tanktop | Lack | NetzR\u00fccken | Paintball | Clubwear | WOJOER","twitter_description":"Elastisch lockeres, knall buntes Lack M\u00e4nner Tanktop. Mit Netzr\u00fccken. Berauschend! Jetzt online Versandkostenfrei bestellen bei WOJOER!","twitter_image":"https:\/\/www.wojoer.de\/wp-content\/uploads\/2018\/03\/WOJOER_Paintball_Lack_Regenbogenfarben.jpg","twitter_misc":{"Estimated reading time":"1 minute"},"schema":{"@context":"https:\/\/schema.org","@graph":[{"@type":"WebPage","@id":"https:\/\/www.wojoer.de\/produkt\/paintball-maenner-tanktop\/","url":"https:\/\/www.wojoer.de\/produkt\/paintball-maenner-tanktop\/","name":"M\u00e4nner Tanktop | Lack | NetzR\u00fccken | Paintball | Clubwear | WOJOER","isPartOf":{"@id":"https:\/\/www.wojoer.de\/#website"},"primaryImageOfPage":{"@id":"https:\/\/www.wojoer.de\/produkt\/paintball-maenner-tanktop\/#primaryimage"},"image":{"@id":"https:\/\/www.wojoer.de\/produkt\/paintball-maenner-tanktop\/#primaryimage"},"thumbnailUrl":"https:\/\/www.wojoer.de\/wp-content\/uploads\/2018\/03\/WOJOER_Paintball_Lack_Regenbogenfarben.jpg","datePublished":"2022-01-15T13:51:51+00:00","dateModified":"2026-01-24T15:08:31+00:00","description":"Elastisch lockeres, knall buntes Lack M\u00e4nner Tanktop. Mit Netzr\u00fccken. Berauschend! Jetzt online Versandkostenfrei bestellen bei WOJOER!","breadcrumb":{"@id":"https:\/\/www.wojoer.de\/produkt\/paintball-maenner-tanktop\/#breadcrumb"},"inLanguage":"en-GB","potentialAction":[{"@type":"ReadAction","target":["https:\/\/www.wojoer.de\/produkt\/paintball-maenner-tanktop\/"]}]},{"@type":"ImageObject","inLanguage":"en-GB","@id":"https:\/\/www.wojoer.de\/produkt\/paintball-maenner-tanktop\/#primaryimage","url":"https:\/\/www.wojoer.de\/wp-content\/uploads\/2018\/03\/WOJOER_Paintball_Lack_Regenbogenfarben.jpg","contentUrl":"https:\/\/www.wojoer.de\/wp-content\/uploads\/2018\/03\/WOJOER_Paintball_Lack_Regenbogenfarben.jpg","width":1000,"height":1000,"caption":"Paintball Lack, Regenbogenfarben, bunter Lack, Netz Lack Tanktop"},{"@type":"BreadcrumbList","@id":"https:\/\/www.wojoer.de\/produkt\/paintball-maenner-tanktop\/#breadcrumb","itemListElement":[{"@type":"ListItem","position":1,"name":"Startseite","item":"https:\/\/www.wojoer.de\/"},{"@type":"ListItem","position":2,"name":"SHOP","item":"https:\/\/www.wojoer.de\/shop\/"},{"@type":"ListItem","position":3,"name":"Paintball Tanktop 344T272"}]},{"@type":"WebSite","@id":"https:\/\/www.wojoer.de\/#website","url":"https:\/\/www.wojoer.de\/","name":"WOJOER","description":"clubwear for men","publisher":{"@id":"https:\/\/www.wojoer.de\/#organization"},"potentialAction":[{"@type":"SearchAction","target":{"@type":"EntryPoint","urlTemplate":"https:\/\/www.wojoer.de\/?s={search_term_string}"},"query-input":{"@type":"PropertyValueSpecification","valueRequired":true,"valueName":"search_term_string"}}],"inLanguage":"en-GB"},{"@type":"Organization","@id":"https:\/\/www.wojoer.de\/#organization","name":"Wonneberger-Manufaktur","url":"https:\/\/www.wojoer.de\/","logo":{"@type":"ImageObject","inLanguage":"en-GB","@id":"https:\/\/www.wojoer.de\/#\/schema\/logo\/image\/","url":"https:\/\/www.wojoer.de\/wp-content\/uploads\/2016\/11\/wonnebergermanufaktur_logo_BUTTON.png","contentUrl":"https:\/\/www.wojoer.de\/wp-content\/uploads\/2016\/11\/wonnebergermanufaktur_logo_BUTTON.png","width":765,"height":765,"caption":"Wonneberger-Manufaktur"},"image":{"@id":"https:\/\/www.wojoer.de\/#\/schema\/logo\/image\/"},"sameAs":["https:\/\/www.facebook.com\/wojoer\/","https:\/\/de.pinterest.com\/W0J0ER\/"]}]}},"_links":{"self":[{"href":"https:\/\/www.wojoer.de\/en\/wp-json\/wp\/v2\/product\/8831","targetHints":{"allow":["GET"]}}],"collection":[{"href":"https:\/\/www.wojoer.de\/en\/wp-json\/wp\/v2\/product"}],"about":[{"href":"https:\/\/www.wojoer.de\/en\/wp-json\/wp\/v2\/types\/product"}],"replies":[{"embeddable":true,"href":"https:\/\/www.wojoer.de\/en\/wp-json\/wp\/v2\/comments?post=8831"}],"wp:featuredmedia":[{"embeddable":true,"href":"https:\/\/www.wojoer.de\/en\/wp-json\/wp\/v2\/media\/9031"}],"wp:attachment":[{"href":"https:\/\/www.wojoer.de\/en\/wp-json\/wp\/v2\/media?parent=8831"}],"wp:term":[{"taxonomy":"product_brand","embeddable":true,"href":"https:\/\/www.wojoer.de\/en\/wp-json\/wp\/v2\/product_brand?post=8831"},{"taxonomy":"product_cat","embeddable":true,"href":"https:\/\/www.wojoer.de\/en\/wp-json\/wp\/v2\/product_cat?post=8831"},{"taxonomy":"product_tag","embeddable":true,"href":"https:\/\/www.wojoer.de\/en\/wp-json\/wp\/v2\/product_tag?post=8831"}],"curies":[{"name":"wp","href":"https:\/\/api.w.org\/{rel}","templated":true}]}}