{"id":9432,"date":"2018-09-10T11:23:35","date_gmt":"2018-09-10T09:23:35","guid":{"rendered":"https:\/\/www.wojoer.de\/produkt\/tearup-punk-string\/"},"modified":"2026-04-01T08:34:23","modified_gmt":"2026-04-01T06:34:23","slug":"tearup-punk-string","status":"publish","type":"product","link":"https:\/\/www.wojoer.de\/en\/produkt\/tearup-punk-string\/","title":{"rendered":"TearUp String &#8211; Schmalissimo 356E700"},"content":{"rendered":"<p>Der tearup punk string 356E700 geh\u00f6rt zu den Only For Me Produkten. Au\u00dferdem wird er auf Bestellung produziert und kann so auch individuell bearbeitet werden.<\/p>\n<h3>Gr\u00f6\u00dfen<\/h3>\n<p>Erh\u00e4ltlich in den Gr\u00f6\u00dfen S, M, L, XL<\/p>\n<h3>Materialzusammensetzung<\/h3>\n<p>dehnbares Jersey: 96% Viskose 4% Elasthan<\/p>\n<h3>Besonderheiten<\/h3>\n<p><a href=\"http:\/\/www.wojoer.de\/produkt-kategorie\/onlyforme\">Only For Me<\/a>\u00a0 | hoher Bund | sch\u00f6n abgerundetes Suspensorium | verr\u00fcckt l\u00f6chrig zerrissenes Jersey | hochwertige Verarbeitung &#8220;Made in Germany&#8221;<\/p>\n<h3>Benutzerhinweise<\/h3>\n<p>30\u00b0 Schonw\u00e4sche, auf Stufe 1 B\u00fcgeln<\/p>\n<h3>TEARUP SCHMALISSIMO &#8211; grau orangener punk String<\/h3>\n<p>Freaky! Ein absolutes must-have f\u00fcr die, die auffallen wollen. Der String paralysiert mit seinem sportlichen Farbmuster. Erst scheint er einem zerissenen &#8220;used Look&#8221; zu folgen, doch die kraftvolle Farbkombination aus Orange und Grau l\u00e4sst dich sexy wild aussehen. Somit beugt sich dieser Schmalissimo keinem Genre oder keiner Zeit unter. Er steht f\u00fcr sich und gibt dir genau das gewisse Extra, das du gesucht hast, um deinen inneren Punk zu entfesseln. Dazu kommt das ausgepr\u00e4gte Suspensorium, das deine goldene Mitte einfach noch prachtvoller aussehen l\u00e4sst. Also, ein Blickfang in jeder Situation!<\/p>\n","protected":false},"excerpt":{"rendered":"<p>Der tearup punk string 356E700 geh\u00f6rt zu den Only For Me Produkten. Au\u00dferdem wird er auf Bestellung produziert und kann so auch individuell bearbeitet werden.<br \/>\nGr\u00f6\u00dfen<br \/>\nErh\u00e4ltlich in den Gr\u00f6\u00dfen S, M, L, XL<br \/>\nMaterialzusammensetzung<br \/>\ndehnbares Jersey: 96% Viskose 4% Elasthan<br \/>\nBesonderheiten<br \/>\nOnly For Me\u00a0 |\u2026<\/p>\n","protected":false},"featured_media":9349,"comment_status":"open","ping_status":"closed","template":"","meta":[],"product_brand":[],"product_cat":[818,473,270,121,326],"product_tag":[274,352,119],"class_list":{"0":"post-9432","1":"product","2":"type-product","3":"status-publish","4":"has-post-thumbnail","6":"product_cat-356-tearup","7":"product_cat-men","8":"product_cat-onlyforme","9":"product_cat-underwear","10":"product_cat-wojoer","11":"product_tag-baumwolle","12":"product_tag-schmalissimo","13":"product_tag-string","14":"product_shipping_class-beun","15":"pa_groesse-l","16":"pa_groesse-m","17":"pa_groesse-s","18":"pa_groesse-xl","19":"pif-has-gallery","20":"post-1","21":"odd","23":"first","24":"onbackorder","25":"taxable","26":"shipping-taxable","27":"purchasable","28":"product-type-variable","29":"has-default-attributes"},"yoast_head":"<!-- This site is optimized with the Yoast SEO plugin v27.2 - https:\/\/yoast.com\/product\/yoast-seo-wordpress\/ -->\n<title>punk string | zerrissener Schmalissimo | Unterw\u00e4sche | WOJOER<\/title>\n<meta name=\"description\" content=\"hoch geschnittener, angenehmer M\u00e4nner punk String. Erfrischend anders. Weich wie feine Baumwolle. Vergr\u00f6\u00dfert den Schritt optisch und zieht den Po sch\u00f6n schlank. Jetzt online Versandkostenfrei bestellen bei WOJOER!\" \/>\n<meta name=\"robots\" content=\"index, follow, max-snippet:-1, max-image-preview:large, max-video-preview:-1\" \/>\n<link rel=\"canonical\" href=\"https:\/\/www.wojoer.de\/en\/produkt\/tearup-punk-string\/\" \/>\n<meta name=\"twitter:card\" content=\"summary_large_image\" \/>\n<meta name=\"twitter:title\" content=\"punk string | zerrissener Schmalissimo | Unterw\u00e4sche | WOJOER\" \/>\n<meta name=\"twitter:description\" content=\"hoch geschnittener, angenehmer M\u00e4nner punk String. Erfrischend anders. Weich wie feine Baumwolle. Vergr\u00f6\u00dfert den Schritt optisch und zieht den Po sch\u00f6n schlank. Jetzt online Versandkostenfrei bestellen bei WOJOER!\" \/>\n<meta name=\"twitter:image\" content=\"https:\/\/www.wojoer.de\/wp-content\/uploads\/2018\/03\/356E700_tearup_schmalissimo_side_wojoer.jpg\" \/>\n<meta name=\"twitter:label1\" content=\"Estimated reading time\" \/>\n\t<meta name=\"twitter:data1\" content=\"1 minute\" \/>\n<script type=\"application\/ld+json\" class=\"yoast-schema-graph\">{\"@context\":\"https:\/\/schema.org\",\"@graph\":[{\"@type\":\"WebPage\",\"@id\":\"https:\/\/www.wojoer.de\/produkt\/tearup-punk-string\/\",\"url\":\"https:\/\/www.wojoer.de\/produkt\/tearup-punk-string\/\",\"name\":\"punk string | zerrissener Schmalissimo | Unterw\u00e4sche | WOJOER\",\"isPartOf\":{\"@id\":\"https:\/\/www.wojoer.de\/#website\"},\"primaryImageOfPage\":{\"@id\":\"https:\/\/www.wojoer.de\/produkt\/tearup-punk-string\/#primaryimage\"},\"image\":{\"@id\":\"https:\/\/www.wojoer.de\/produkt\/tearup-punk-string\/#primaryimage\"},\"thumbnailUrl\":\"https:\/\/www.wojoer.de\/wp-content\/uploads\/2018\/03\/356E700_tearup_schmalissimo_side_wojoer.jpg\",\"datePublished\":\"2018-09-10T09:23:35+00:00\",\"dateModified\":\"2026-04-01T06:34:23+00:00\",\"description\":\"hoch geschnittener, angenehmer M\u00e4nner punk String. Erfrischend anders. Weich wie feine Baumwolle. Vergr\u00f6\u00dfert den Schritt optisch und zieht den Po sch\u00f6n schlank. Jetzt online Versandkostenfrei bestellen bei WOJOER!\",\"breadcrumb\":{\"@id\":\"https:\/\/www.wojoer.de\/produkt\/tearup-punk-string\/#breadcrumb\"},\"inLanguage\":\"en-GB\",\"potentialAction\":[{\"@type\":\"ReadAction\",\"target\":[\"https:\/\/www.wojoer.de\/produkt\/tearup-punk-string\/\"]}]},{\"@type\":\"ImageObject\",\"inLanguage\":\"en-GB\",\"@id\":\"https:\/\/www.wojoer.de\/produkt\/tearup-punk-string\/#primaryimage\",\"url\":\"https:\/\/www.wojoer.de\/wp-content\/uploads\/2018\/03\/356E700_tearup_schmalissimo_side_wojoer.jpg\",\"contentUrl\":\"https:\/\/www.wojoer.de\/wp-content\/uploads\/2018\/03\/356E700_tearup_schmalissimo_side_wojoer.jpg\",\"width\":2002,\"height\":2002,\"caption\":\"tear up punk string tear up slip, Unterhose, warm, weich, pushup, knackig, sexy, orange, grau, Baumwolle, Viskose\"},{\"@type\":\"BreadcrumbList\",\"@id\":\"https:\/\/www.wojoer.de\/produkt\/tearup-punk-string\/#breadcrumb\",\"itemListElement\":[{\"@type\":\"ListItem\",\"position\":1,\"name\":\"Startseite\",\"item\":\"https:\/\/www.wojoer.de\/\"},{\"@type\":\"ListItem\",\"position\":2,\"name\":\"SHOP\",\"item\":\"https:\/\/www.wojoer.de\/shop\/\"},{\"@type\":\"ListItem\",\"position\":3,\"name\":\"TearUp String &#8211; Schmalissimo 356E700\"}]},{\"@type\":\"WebSite\",\"@id\":\"https:\/\/www.wojoer.de\/#website\",\"url\":\"https:\/\/www.wojoer.de\/\",\"name\":\"WOJOER\",\"description\":\"clubwear for men\",\"publisher\":{\"@id\":\"https:\/\/www.wojoer.de\/#organization\"},\"potentialAction\":[{\"@type\":\"SearchAction\",\"target\":{\"@type\":\"EntryPoint\",\"urlTemplate\":\"https:\/\/www.wojoer.de\/?s={search_term_string}\"},\"query-input\":{\"@type\":\"PropertyValueSpecification\",\"valueRequired\":true,\"valueName\":\"search_term_string\"}}],\"inLanguage\":\"en-GB\"},{\"@type\":\"Organization\",\"@id\":\"https:\/\/www.wojoer.de\/#organization\",\"name\":\"Wonneberger-Manufaktur\",\"url\":\"https:\/\/www.wojoer.de\/\",\"logo\":{\"@type\":\"ImageObject\",\"inLanguage\":\"en-GB\",\"@id\":\"https:\/\/www.wojoer.de\/#\/schema\/logo\/image\/\",\"url\":\"https:\/\/www.wojoer.de\/wp-content\/uploads\/2016\/11\/wonnebergermanufaktur_logo_BUTTON.png\",\"contentUrl\":\"https:\/\/www.wojoer.de\/wp-content\/uploads\/2016\/11\/wonnebergermanufaktur_logo_BUTTON.png\",\"width\":765,\"height\":765,\"caption\":\"Wonneberger-Manufaktur\"},\"image\":{\"@id\":\"https:\/\/www.wojoer.de\/#\/schema\/logo\/image\/\"},\"sameAs\":[\"https:\/\/www.facebook.com\/wojoer\/\",\"https:\/\/de.pinterest.com\/W0J0ER\/\"]}]}<\/script>\n<!-- \/ Yoast SEO plugin. -->","yoast_head_json":{"title":"punk string | zerrissener Schmalissimo | Unterw\u00e4sche | WOJOER","description":"hoch geschnittener, angenehmer M\u00e4nner punk String. Erfrischend anders. Weich wie feine Baumwolle. Vergr\u00f6\u00dfert den Schritt optisch und zieht den Po sch\u00f6n schlank. Jetzt online Versandkostenfrei bestellen bei WOJOER!","robots":{"index":"index","follow":"follow","max-snippet":"max-snippet:-1","max-image-preview":"max-image-preview:large","max-video-preview":"max-video-preview:-1"},"canonical":"https:\/\/www.wojoer.de\/en\/produkt\/tearup-punk-string\/","twitter_card":"summary_large_image","twitter_title":"punk string | zerrissener Schmalissimo | Unterw\u00e4sche | WOJOER","twitter_description":"hoch geschnittener, angenehmer M\u00e4nner punk String. Erfrischend anders. Weich wie feine Baumwolle. Vergr\u00f6\u00dfert den Schritt optisch und zieht den Po sch\u00f6n schlank. Jetzt online Versandkostenfrei bestellen bei WOJOER!","twitter_image":"https:\/\/www.wojoer.de\/wp-content\/uploads\/2018\/03\/356E700_tearup_schmalissimo_side_wojoer.jpg","twitter_misc":{"Estimated reading time":"1 minute"},"schema":{"@context":"https:\/\/schema.org","@graph":[{"@type":"WebPage","@id":"https:\/\/www.wojoer.de\/produkt\/tearup-punk-string\/","url":"https:\/\/www.wojoer.de\/produkt\/tearup-punk-string\/","name":"punk string | zerrissener Schmalissimo | Unterw\u00e4sche | WOJOER","isPartOf":{"@id":"https:\/\/www.wojoer.de\/#website"},"primaryImageOfPage":{"@id":"https:\/\/www.wojoer.de\/produkt\/tearup-punk-string\/#primaryimage"},"image":{"@id":"https:\/\/www.wojoer.de\/produkt\/tearup-punk-string\/#primaryimage"},"thumbnailUrl":"https:\/\/www.wojoer.de\/wp-content\/uploads\/2018\/03\/356E700_tearup_schmalissimo_side_wojoer.jpg","datePublished":"2018-09-10T09:23:35+00:00","dateModified":"2026-04-01T06:34:23+00:00","description":"hoch geschnittener, angenehmer M\u00e4nner punk String. Erfrischend anders. Weich wie feine Baumwolle. Vergr\u00f6\u00dfert den Schritt optisch und zieht den Po sch\u00f6n schlank. Jetzt online Versandkostenfrei bestellen bei WOJOER!","breadcrumb":{"@id":"https:\/\/www.wojoer.de\/produkt\/tearup-punk-string\/#breadcrumb"},"inLanguage":"en-GB","potentialAction":[{"@type":"ReadAction","target":["https:\/\/www.wojoer.de\/produkt\/tearup-punk-string\/"]}]},{"@type":"ImageObject","inLanguage":"en-GB","@id":"https:\/\/www.wojoer.de\/produkt\/tearup-punk-string\/#primaryimage","url":"https:\/\/www.wojoer.de\/wp-content\/uploads\/2018\/03\/356E700_tearup_schmalissimo_side_wojoer.jpg","contentUrl":"https:\/\/www.wojoer.de\/wp-content\/uploads\/2018\/03\/356E700_tearup_schmalissimo_side_wojoer.jpg","width":2002,"height":2002,"caption":"tear up punk string tear up slip, Unterhose, warm, weich, pushup, knackig, sexy, orange, grau, Baumwolle, Viskose"},{"@type":"BreadcrumbList","@id":"https:\/\/www.wojoer.de\/produkt\/tearup-punk-string\/#breadcrumb","itemListElement":[{"@type":"ListItem","position":1,"name":"Startseite","item":"https:\/\/www.wojoer.de\/"},{"@type":"ListItem","position":2,"name":"SHOP","item":"https:\/\/www.wojoer.de\/shop\/"},{"@type":"ListItem","position":3,"name":"TearUp String &#8211; Schmalissimo 356E700"}]},{"@type":"WebSite","@id":"https:\/\/www.wojoer.de\/#website","url":"https:\/\/www.wojoer.de\/","name":"WOJOER","description":"clubwear for men","publisher":{"@id":"https:\/\/www.wojoer.de\/#organization"},"potentialAction":[{"@type":"SearchAction","target":{"@type":"EntryPoint","urlTemplate":"https:\/\/www.wojoer.de\/?s={search_term_string}"},"query-input":{"@type":"PropertyValueSpecification","valueRequired":true,"valueName":"search_term_string"}}],"inLanguage":"en-GB"},{"@type":"Organization","@id":"https:\/\/www.wojoer.de\/#organization","name":"Wonneberger-Manufaktur","url":"https:\/\/www.wojoer.de\/","logo":{"@type":"ImageObject","inLanguage":"en-GB","@id":"https:\/\/www.wojoer.de\/#\/schema\/logo\/image\/","url":"https:\/\/www.wojoer.de\/wp-content\/uploads\/2016\/11\/wonnebergermanufaktur_logo_BUTTON.png","contentUrl":"https:\/\/www.wojoer.de\/wp-content\/uploads\/2016\/11\/wonnebergermanufaktur_logo_BUTTON.png","width":765,"height":765,"caption":"Wonneberger-Manufaktur"},"image":{"@id":"https:\/\/www.wojoer.de\/#\/schema\/logo\/image\/"},"sameAs":["https:\/\/www.facebook.com\/wojoer\/","https:\/\/de.pinterest.com\/W0J0ER\/"]}]}},"_links":{"self":[{"href":"https:\/\/www.wojoer.de\/en\/wp-json\/wp\/v2\/product\/9432","targetHints":{"allow":["GET"]}}],"collection":[{"href":"https:\/\/www.wojoer.de\/en\/wp-json\/wp\/v2\/product"}],"about":[{"href":"https:\/\/www.wojoer.de\/en\/wp-json\/wp\/v2\/types\/product"}],"replies":[{"embeddable":true,"href":"https:\/\/www.wojoer.de\/en\/wp-json\/wp\/v2\/comments?post=9432"}],"wp:featuredmedia":[{"embeddable":true,"href":"https:\/\/www.wojoer.de\/en\/wp-json\/wp\/v2\/media\/9349"}],"wp:attachment":[{"href":"https:\/\/www.wojoer.de\/en\/wp-json\/wp\/v2\/media?parent=9432"}],"wp:term":[{"taxonomy":"product_brand","embeddable":true,"href":"https:\/\/www.wojoer.de\/en\/wp-json\/wp\/v2\/product_brand?post=9432"},{"taxonomy":"product_cat","embeddable":true,"href":"https:\/\/www.wojoer.de\/en\/wp-json\/wp\/v2\/product_cat?post=9432"},{"taxonomy":"product_tag","embeddable":true,"href":"https:\/\/www.wojoer.de\/en\/wp-json\/wp\/v2\/product_tag?post=9432"}],"curies":[{"name":"wp","href":"https:\/\/api.w.org\/{rel}","templated":true}]}}