{"id":9437,"date":"2018-09-10T11:30:54","date_gmt":"2018-09-10T09:30:54","guid":{"rendered":"https:\/\/www.wojoer.de\/produkt\/tearup-mini-pushup-tanga-punk-tanga\/"},"modified":"2025-05-04T14:12:26","modified_gmt":"2025-05-04T12:12:26","slug":"tearup-mini-pushup-tanga-punk-tanga","status":"publish","type":"product","link":"https:\/\/www.wojoer.de\/en\/produkt\/tearup-mini-pushup-tanga-punk-tanga\/","title":{"rendered":"TearUp Mini Pushup Tanga 356B14"},"content":{"rendered":"<p>Der TearUp punk Tanga Mini Pushup 356B14 geh\u00f6rt zu den Only For Me Produkten. Au\u00dferdem wird er auf Bestellung produziert und kann so auch individuell bearbeitet werden.<\/p>\n<h3>Gr\u00f6\u00dfen<\/h3>\n<p>Erh\u00e4ltlich in den Gr\u00f6\u00dfen S, M, L, XL<\/p>\n<h3>Materialzusammensetzung<\/h3>\n<p>dehnbares Jersey: 96% Viskose 4% Elasthan<\/p>\n<h3>Besonderheiten<\/h3>\n<p><a href=\"http:\/\/www.wojoer.de\/produkt-kategorie\/onlyforme\">Only For Me<\/a>\u00a0 | tiefer schmaler Bund | maximal hebendes Suspensorium | verr\u00fcckt l\u00f6chrig zerrissenes Jersey | hochwertige Verarbeitung &#8220;Made in Germany&#8221;<\/p>\n<h3>Benutzerhinweise<\/h3>\n<p>30\u00b0 Schonw\u00e4sche, auf Stufe 1 B\u00fcgeln<\/p>\n<h3>TEARUP PUSH TANGA &#8211; grau orangener gerissener punk Tanga<\/h3>\n<p>Freaky! Ein absolutes must-have f\u00fcr die, die auffallen wollen. Der String paralysiert mit seinem sportlichen Farbmuster. Erst scheint er einem zerissenen &#8220;used Look&#8221; zu folgen, doch die kraftvolle Farbkombination aus Orange und Grau l\u00e4sst dich sexy wild aussehen. Somit beugt sich dieser Mini String keinem Genre oder keiner Zeit unter. Er steht f\u00fcr sich und gibt dir genau das gewisse Extra, das du gesucht hast, um deinen inneren Punk zu entfesseln. Dazu kommt das maximal pushende Suspensorium, das deine goldene Mitte einfach noch prachtvoller aussehen l\u00e4sst. Also, ein Blickfang in jeder Situation!<\/p>\n<p>&nbsp;<\/p>\n<hr \/>\n<h3>CUSTOMER PHOTOS TearUp MiniPush Tanga<\/h3>\n<p><a href=\"https:\/\/www.wojoer.de\/wp-content\/uploads\/2018\/04\/Unbenannt-5-scaled.jpg\"><img loading=\"lazy\" decoding=\"async\" class=\"alignnone size-medium wp-image-36342\" src=\"https:\/\/www.wojoer.de\/wp-content\/uploads\/2018\/04\/Unbenannt-5-300x225.jpg\" alt=\"\" width=\"300\" height=\"225\" \/><\/a>\u00a0 \u00a0 <a href=\"https:\/\/www.wojoer.de\/wp-content\/uploads\/2018\/04\/Unbenannt-3.jpg\"><img loading=\"lazy\" decoding=\"async\" class=\"alignnone size-medium wp-image-36341\" src=\"https:\/\/www.wojoer.de\/wp-content\/uploads\/2018\/04\/Unbenannt-3-300x225.jpg\" alt=\"\" width=\"300\" height=\"225\" \/><\/a>\u00a0 \u00a0 <a href=\"https:\/\/www.wojoer.de\/wp-content\/uploads\/2018\/04\/Unbenannt-2.jpg\"><img loading=\"lazy\" decoding=\"async\" class=\"alignnone size-medium wp-image-36340\" src=\"https:\/\/www.wojoer.de\/wp-content\/uploads\/2018\/04\/Unbenannt-2-300x225.jpg\" alt=\"\" width=\"300\" height=\"225\" \/><\/a><\/p>\n","protected":false},"excerpt":{"rendered":"<p>Der TearUp punk Tanga Mini Pushup 356B14 geh\u00f6rt zu den Only For Me Produkten. Au\u00dferdem wird er auf Bestellung produziert und kann so auch individuell bearbeitet werden.<br \/>\nGr\u00f6\u00dfen<br \/>\nErh\u00e4ltlich in den Gr\u00f6\u00dfen S, M, L, XL<br \/>\nMaterialzusammensetzung<br \/>\ndehnbares Jersey: 96% Viskose 4% Elasthan<br \/>\nBesonderheiten<br \/>\nOnly For\u2026<\/p>\n","protected":false},"featured_media":9346,"comment_status":"open","ping_status":"closed","template":"","meta":[],"product_brand":[],"product_cat":[818,473,270,121,326],"product_tag":[274,215,184,167],"class_list":{"0":"post-9437","1":"product","2":"type-product","3":"status-publish","4":"has-post-thumbnail","6":"product_cat-356-tearup","7":"product_cat-men","8":"product_cat-onlyforme","9":"product_cat-underwear","10":"product_cat-wojoer","11":"product_tag-baumwolle","12":"product_tag-bulge-tanga-mini-pushup-tanga-g-tanga","13":"product_tag-push-up","14":"product_tag-tanga","15":"product_shipping_class-beun","16":"pa_groesse-l","17":"pa_groesse-m","18":"pa_groesse-s","19":"pa_groesse-xl","20":"pif-has-gallery","21":"post-1","22":"odd","24":"first","25":"onbackorder","26":"taxable","27":"shipping-taxable","28":"purchasable","29":"product-type-variable","30":"has-default-attributes"},"yoast_head":"<!-- This site is optimized with the Yoast SEO plugin v27.2 - https:\/\/yoast.com\/product\/yoast-seo-wordpress\/ -->\n<title>Punk Tanga | zerrissener Mini Slip | Pusup Suspensorium | WOJOER<\/title>\n<meta name=\"description\" content=\"Tief geschnittener, erregend pushender punk Tanga. Erfrischend anders. Weich wie feine Baumwolle. Hebt den Schritt maximal. Jetzt online Versandkostenfrei bestellen bei WOJOER!\" \/>\n<meta name=\"robots\" content=\"index, follow, max-snippet:-1, max-image-preview:large, max-video-preview:-1\" \/>\n<link rel=\"canonical\" href=\"https:\/\/www.wojoer.de\/en\/produkt\/tearup-mini-pushup-tanga-punk-tanga\/\" \/>\n<meta name=\"twitter:card\" content=\"summary_large_image\" \/>\n<meta name=\"twitter:title\" content=\"Punk Tanga | zerrissener Mini Slip | Pusup Suspensorium | WOJOER\" \/>\n<meta name=\"twitter:description\" content=\"Tief geschnittener, erregend pushender punk Tanga. Erfrischend anders. Weich wie feine Baumwolle. Hebt den Schritt maximal. Jetzt online Versandkostenfrei bestellen bei WOJOER!\" \/>\n<meta name=\"twitter:image\" content=\"https:\/\/www.wojoer.de\/wp-content\/uploads\/2018\/03\/356B14_tearup_mini_pushup_tanga_side_wojoer.jpg\" \/>\n<meta name=\"twitter:label1\" content=\"Estimated reading time\" \/>\n\t<meta name=\"twitter:data1\" content=\"1 minute\" \/>\n<script type=\"application\/ld+json\" class=\"yoast-schema-graph\">{\"@context\":\"https:\/\/schema.org\",\"@graph\":[{\"@type\":\"WebPage\",\"@id\":\"https:\/\/www.wojoer.de\/produkt\/tearup-mini-pushup-tanga-punk-tanga\/\",\"url\":\"https:\/\/www.wojoer.de\/produkt\/tearup-mini-pushup-tanga-punk-tanga\/\",\"name\":\"Punk Tanga | zerrissener Mini Slip | Pusup Suspensorium | WOJOER\",\"isPartOf\":{\"@id\":\"https:\/\/www.wojoer.de\/#website\"},\"primaryImageOfPage\":{\"@id\":\"https:\/\/www.wojoer.de\/produkt\/tearup-mini-pushup-tanga-punk-tanga\/#primaryimage\"},\"image\":{\"@id\":\"https:\/\/www.wojoer.de\/produkt\/tearup-mini-pushup-tanga-punk-tanga\/#primaryimage\"},\"thumbnailUrl\":\"https:\/\/www.wojoer.de\/wp-content\/uploads\/2018\/03\/356B14_tearup_mini_pushup_tanga_side_wojoer.jpg\",\"datePublished\":\"2018-09-10T09:30:54+00:00\",\"dateModified\":\"2025-05-04T12:12:26+00:00\",\"description\":\"Tief geschnittener, erregend pushender punk Tanga. Erfrischend anders. Weich wie feine Baumwolle. Hebt den Schritt maximal. Jetzt online Versandkostenfrei bestellen bei WOJOER!\",\"breadcrumb\":{\"@id\":\"https:\/\/www.wojoer.de\/produkt\/tearup-mini-pushup-tanga-punk-tanga\/#breadcrumb\"},\"inLanguage\":\"en-GB\",\"potentialAction\":[{\"@type\":\"ReadAction\",\"target\":[\"https:\/\/www.wojoer.de\/produkt\/tearup-mini-pushup-tanga-punk-tanga\/\"]}]},{\"@type\":\"ImageObject\",\"inLanguage\":\"en-GB\",\"@id\":\"https:\/\/www.wojoer.de\/produkt\/tearup-mini-pushup-tanga-punk-tanga\/#primaryimage\",\"url\":\"https:\/\/www.wojoer.de\/wp-content\/uploads\/2018\/03\/356B14_tearup_mini_pushup_tanga_side_wojoer.jpg\",\"contentUrl\":\"https:\/\/www.wojoer.de\/wp-content\/uploads\/2018\/03\/356B14_tearup_mini_pushup_tanga_side_wojoer.jpg\",\"width\":2002,\"height\":2002,\"caption\":\"punk tanga tear up slip, Unterhose, warm, weich, pushup, knackig, sexy, orange, grau, Baumwolle, Viskose\"},{\"@type\":\"BreadcrumbList\",\"@id\":\"https:\/\/www.wojoer.de\/produkt\/tearup-mini-pushup-tanga-punk-tanga\/#breadcrumb\",\"itemListElement\":[{\"@type\":\"ListItem\",\"position\":1,\"name\":\"Startseite\",\"item\":\"https:\/\/www.wojoer.de\/\"},{\"@type\":\"ListItem\",\"position\":2,\"name\":\"SHOP\",\"item\":\"https:\/\/www.wojoer.de\/shop\/\"},{\"@type\":\"ListItem\",\"position\":3,\"name\":\"TearUp Mini Pushup Tanga 356B14\"}]},{\"@type\":\"WebSite\",\"@id\":\"https:\/\/www.wojoer.de\/#website\",\"url\":\"https:\/\/www.wojoer.de\/\",\"name\":\"WOJOER\",\"description\":\"clubwear for men\",\"publisher\":{\"@id\":\"https:\/\/www.wojoer.de\/#organization\"},\"potentialAction\":[{\"@type\":\"SearchAction\",\"target\":{\"@type\":\"EntryPoint\",\"urlTemplate\":\"https:\/\/www.wojoer.de\/?s={search_term_string}\"},\"query-input\":{\"@type\":\"PropertyValueSpecification\",\"valueRequired\":true,\"valueName\":\"search_term_string\"}}],\"inLanguage\":\"en-GB\"},{\"@type\":\"Organization\",\"@id\":\"https:\/\/www.wojoer.de\/#organization\",\"name\":\"Wonneberger-Manufaktur\",\"url\":\"https:\/\/www.wojoer.de\/\",\"logo\":{\"@type\":\"ImageObject\",\"inLanguage\":\"en-GB\",\"@id\":\"https:\/\/www.wojoer.de\/#\/schema\/logo\/image\/\",\"url\":\"https:\/\/www.wojoer.de\/wp-content\/uploads\/2016\/11\/wonnebergermanufaktur_logo_BUTTON.png\",\"contentUrl\":\"https:\/\/www.wojoer.de\/wp-content\/uploads\/2016\/11\/wonnebergermanufaktur_logo_BUTTON.png\",\"width\":765,\"height\":765,\"caption\":\"Wonneberger-Manufaktur\"},\"image\":{\"@id\":\"https:\/\/www.wojoer.de\/#\/schema\/logo\/image\/\"},\"sameAs\":[\"https:\/\/www.facebook.com\/wojoer\/\",\"https:\/\/de.pinterest.com\/W0J0ER\/\"]}]}<\/script>\n<!-- \/ Yoast SEO plugin. -->","yoast_head_json":{"title":"Punk Tanga | zerrissener Mini Slip | Pusup Suspensorium | WOJOER","description":"Tief geschnittener, erregend pushender punk Tanga. Erfrischend anders. Weich wie feine Baumwolle. Hebt den Schritt maximal. Jetzt online Versandkostenfrei bestellen bei WOJOER!","robots":{"index":"index","follow":"follow","max-snippet":"max-snippet:-1","max-image-preview":"max-image-preview:large","max-video-preview":"max-video-preview:-1"},"canonical":"https:\/\/www.wojoer.de\/en\/produkt\/tearup-mini-pushup-tanga-punk-tanga\/","twitter_card":"summary_large_image","twitter_title":"Punk Tanga | zerrissener Mini Slip | Pusup Suspensorium | WOJOER","twitter_description":"Tief geschnittener, erregend pushender punk Tanga. Erfrischend anders. Weich wie feine Baumwolle. Hebt den Schritt maximal. Jetzt online Versandkostenfrei bestellen bei WOJOER!","twitter_image":"https:\/\/www.wojoer.de\/wp-content\/uploads\/2018\/03\/356B14_tearup_mini_pushup_tanga_side_wojoer.jpg","twitter_misc":{"Estimated reading time":"1 minute"},"schema":{"@context":"https:\/\/schema.org","@graph":[{"@type":"WebPage","@id":"https:\/\/www.wojoer.de\/produkt\/tearup-mini-pushup-tanga-punk-tanga\/","url":"https:\/\/www.wojoer.de\/produkt\/tearup-mini-pushup-tanga-punk-tanga\/","name":"Punk Tanga | zerrissener Mini Slip | Pusup Suspensorium | WOJOER","isPartOf":{"@id":"https:\/\/www.wojoer.de\/#website"},"primaryImageOfPage":{"@id":"https:\/\/www.wojoer.de\/produkt\/tearup-mini-pushup-tanga-punk-tanga\/#primaryimage"},"image":{"@id":"https:\/\/www.wojoer.de\/produkt\/tearup-mini-pushup-tanga-punk-tanga\/#primaryimage"},"thumbnailUrl":"https:\/\/www.wojoer.de\/wp-content\/uploads\/2018\/03\/356B14_tearup_mini_pushup_tanga_side_wojoer.jpg","datePublished":"2018-09-10T09:30:54+00:00","dateModified":"2025-05-04T12:12:26+00:00","description":"Tief geschnittener, erregend pushender punk Tanga. Erfrischend anders. Weich wie feine Baumwolle. Hebt den Schritt maximal. Jetzt online Versandkostenfrei bestellen bei WOJOER!","breadcrumb":{"@id":"https:\/\/www.wojoer.de\/produkt\/tearup-mini-pushup-tanga-punk-tanga\/#breadcrumb"},"inLanguage":"en-GB","potentialAction":[{"@type":"ReadAction","target":["https:\/\/www.wojoer.de\/produkt\/tearup-mini-pushup-tanga-punk-tanga\/"]}]},{"@type":"ImageObject","inLanguage":"en-GB","@id":"https:\/\/www.wojoer.de\/produkt\/tearup-mini-pushup-tanga-punk-tanga\/#primaryimage","url":"https:\/\/www.wojoer.de\/wp-content\/uploads\/2018\/03\/356B14_tearup_mini_pushup_tanga_side_wojoer.jpg","contentUrl":"https:\/\/www.wojoer.de\/wp-content\/uploads\/2018\/03\/356B14_tearup_mini_pushup_tanga_side_wojoer.jpg","width":2002,"height":2002,"caption":"punk tanga tear up slip, Unterhose, warm, weich, pushup, knackig, sexy, orange, grau, Baumwolle, Viskose"},{"@type":"BreadcrumbList","@id":"https:\/\/www.wojoer.de\/produkt\/tearup-mini-pushup-tanga-punk-tanga\/#breadcrumb","itemListElement":[{"@type":"ListItem","position":1,"name":"Startseite","item":"https:\/\/www.wojoer.de\/"},{"@type":"ListItem","position":2,"name":"SHOP","item":"https:\/\/www.wojoer.de\/shop\/"},{"@type":"ListItem","position":3,"name":"TearUp Mini Pushup Tanga 356B14"}]},{"@type":"WebSite","@id":"https:\/\/www.wojoer.de\/#website","url":"https:\/\/www.wojoer.de\/","name":"WOJOER","description":"clubwear for men","publisher":{"@id":"https:\/\/www.wojoer.de\/#organization"},"potentialAction":[{"@type":"SearchAction","target":{"@type":"EntryPoint","urlTemplate":"https:\/\/www.wojoer.de\/?s={search_term_string}"},"query-input":{"@type":"PropertyValueSpecification","valueRequired":true,"valueName":"search_term_string"}}],"inLanguage":"en-GB"},{"@type":"Organization","@id":"https:\/\/www.wojoer.de\/#organization","name":"Wonneberger-Manufaktur","url":"https:\/\/www.wojoer.de\/","logo":{"@type":"ImageObject","inLanguage":"en-GB","@id":"https:\/\/www.wojoer.de\/#\/schema\/logo\/image\/","url":"https:\/\/www.wojoer.de\/wp-content\/uploads\/2016\/11\/wonnebergermanufaktur_logo_BUTTON.png","contentUrl":"https:\/\/www.wojoer.de\/wp-content\/uploads\/2016\/11\/wonnebergermanufaktur_logo_BUTTON.png","width":765,"height":765,"caption":"Wonneberger-Manufaktur"},"image":{"@id":"https:\/\/www.wojoer.de\/#\/schema\/logo\/image\/"},"sameAs":["https:\/\/www.facebook.com\/wojoer\/","https:\/\/de.pinterest.com\/W0J0ER\/"]}]}},"_links":{"self":[{"href":"https:\/\/www.wojoer.de\/en\/wp-json\/wp\/v2\/product\/9437","targetHints":{"allow":["GET"]}}],"collection":[{"href":"https:\/\/www.wojoer.de\/en\/wp-json\/wp\/v2\/product"}],"about":[{"href":"https:\/\/www.wojoer.de\/en\/wp-json\/wp\/v2\/types\/product"}],"replies":[{"embeddable":true,"href":"https:\/\/www.wojoer.de\/en\/wp-json\/wp\/v2\/comments?post=9437"}],"wp:featuredmedia":[{"embeddable":true,"href":"https:\/\/www.wojoer.de\/en\/wp-json\/wp\/v2\/media\/9346"}],"wp:attachment":[{"href":"https:\/\/www.wojoer.de\/en\/wp-json\/wp\/v2\/media?parent=9437"}],"wp:term":[{"taxonomy":"product_brand","embeddable":true,"href":"https:\/\/www.wojoer.de\/en\/wp-json\/wp\/v2\/product_brand?post=9437"},{"taxonomy":"product_cat","embeddable":true,"href":"https:\/\/www.wojoer.de\/en\/wp-json\/wp\/v2\/product_cat?post=9437"},{"taxonomy":"product_tag","embeddable":true,"href":"https:\/\/www.wojoer.de\/en\/wp-json\/wp\/v2\/product_tag?post=9437"}],"curies":[{"name":"wp","href":"https:\/\/api.w.org\/{rel}","templated":true}]}}