{"id":9452,"date":"2018-09-10T15:14:58","date_gmt":"2018-09-10T13:14:58","guid":{"rendered":"https:\/\/www.wojoer.de\/produkt\/tearup-shirt\/"},"modified":"2024-01-26T11:17:02","modified_gmt":"2024-01-26T10:17:02","slug":"tearup-shirt","status":"publish","type":"product","link":"https:\/\/www.wojoer.de\/en\/produkt\/tearup-shirt\/","title":{"rendered":"TearUp Shirt 356TXX"},"content":{"rendered":"<p>Das tearup punk Shirt 356TXX geh\u00f6rt zu den Only For Me Produkten. Au\u00dferdem wird es auf Bestellung produziert und kann so auch individuell bearbeitet werden.<\/p>\n<h3>Gr\u00f6\u00dfen<\/h3>\n<p>Erh\u00e4ltlich in den Gr\u00f6\u00dfen S, M, L, XL<\/p>\n<h3>Materialzusammensetzung<\/h3>\n<p>dehnbares Jersey: 96% Viskose 4% Elasthan<\/p>\n<h3>Besonderheiten<\/h3>\n<p><a href=\"http:\/\/www.wojoer.de\/produkt-kategorie\/onlyforme\">Only For Me<\/a>\u00a0 | bequem lockerer Schnitt | verr\u00fcckt l\u00f6chrig zerrissenes Jersey | hochwertige Verarbeitung &#8220;Made in Germany&#8221;<\/p>\n<h3>Benutzerhinweise<\/h3>\n<p>30\u00b0 Schonw\u00e4sche, auf Stufe 1 B\u00fcgeln<\/p>\n<h3>TEARUP SHIRT &#8211; grau orangenes zerrissenes Shirt<\/h3>\n<p>Freaky! Ein absolutes must-have f\u00fcr die, die auffallen wollen. Das Shirt sprint ins Auge mit seiner zerissenen und dennoch sportlichen Kombi aus Orange und Grau! Durch die gewagte Lochstruktur bekommt das Shirt einen speziellen &#8220;used Look&#8221;, der dich sexy wild aussehen l\u00e4sst. Auch f\u00fcr den Alltag oder als w\u00e4rmendes Undershirt ist es eine gute Alternative zu langweiligen anderen Oberteilen. Ein Blickfang in jeder Hinsicht!<\/p>\n","protected":false},"excerpt":{"rendered":"<p>Das tearup punk Shirt 356TXX geh\u00f6rt zu den Only For Me Produkten. Au\u00dferdem wird es auf Bestellung produziert und kann so auch individuell bearbeitet werden.<br \/>\nGr\u00f6\u00dfen<br \/>\nErh\u00e4ltlich in den Gr\u00f6\u00dfen S, M, L, XL<br \/>\nMaterialzusammensetzung<br \/>\ndehnbares Jersey: 96% Viskose 4% Elasthan<br \/>\nBesonderheiten<br \/>\nOnly For Me\u00a0 |\u2026<\/p>\n","protected":false},"featured_media":9355,"comment_status":"open","ping_status":"closed","template":"","meta":[],"product_brand":[],"product_cat":[818,473,270,121,326],"product_tag":[274,856],"class_list":{"0":"post-9452","1":"product","2":"type-product","3":"status-publish","4":"has-post-thumbnail","6":"product_cat-356-tearup","7":"product_cat-men","8":"product_cat-onlyforme","9":"product_cat-underwear","10":"product_cat-wojoer","11":"product_tag-baumwolle","12":"product_tag-shirt","13":"product_shipping_class-beun","14":"pa_groesse-l","15":"pa_groesse-m","16":"pa_groesse-s","17":"pa_groesse-xl","18":"pa_groesse-xxl","19":"pa_groesse-xxxl","20":"pif-has-gallery","21":"post-1","22":"odd","24":"first","25":"instock","26":"taxable","27":"shipping-taxable","28":"purchasable","29":"product-type-variable","30":"has-default-attributes"},"yoast_head":"<!-- This site is optimized with the Yoast SEO plugin v27.2 - https:\/\/yoast.com\/product\/yoast-seo-wordpress\/ -->\n<title>Punk Shirt | zerrissenes \u00c4rmelhemd| under shirt | Unterw\u00e4sche | WOJOER<\/title>\n<meta name=\"description\" content=\"Punk Shirt mit zerissener L\u00f6cheroptik. Erfrischend anders. Weich wie feine Baumwolle. Angenehm locker fallend. Schmales Halsloch. Ideal f\u00fcr Herbst und Winter. Jetzt online Versandkostenfrei bestellen bei WOJOER!\" \/>\n<meta name=\"robots\" content=\"index, follow, max-snippet:-1, max-image-preview:large, max-video-preview:-1\" \/>\n<link rel=\"canonical\" href=\"https:\/\/www.wojoer.de\/en\/produkt\/tearup-shirt\/\" \/>\n<meta name=\"twitter:card\" content=\"summary_large_image\" \/>\n<meta name=\"twitter:title\" content=\"Punk Shirt | zerrissenes \u00c4rmelhemd| under shirt | Unterw\u00e4sche | WOJOER\" \/>\n<meta name=\"twitter:description\" content=\"Punk Shirt mit zerissener L\u00f6cheroptik. Erfrischend anders. Weich wie feine Baumwolle. Angenehm locker fallend. Schmales Halsloch. Ideal f\u00fcr Herbst und Winter. Jetzt online Versandkostenfrei bestellen bei WOJOER!\" \/>\n<meta name=\"twitter:image\" content=\"https:\/\/www.wojoer.de\/wp-content\/uploads\/2018\/03\/356TXX_tearup_shirt_back__wojoer.jpg\" \/>\n<meta name=\"twitter:label1\" content=\"Estimated reading time\" \/>\n\t<meta name=\"twitter:data1\" content=\"1 minute\" \/>\n<script type=\"application\/ld+json\" class=\"yoast-schema-graph\">{\"@context\":\"https:\/\/schema.org\",\"@graph\":[{\"@type\":\"WebPage\",\"@id\":\"https:\/\/www.wojoer.de\/produkt\/tearup-shirt\/\",\"url\":\"https:\/\/www.wojoer.de\/produkt\/tearup-shirt\/\",\"name\":\"Punk Shirt | zerrissenes \u00c4rmelhemd| under shirt | Unterw\u00e4sche | WOJOER\",\"isPartOf\":{\"@id\":\"https:\/\/www.wojoer.de\/#website\"},\"primaryImageOfPage\":{\"@id\":\"https:\/\/www.wojoer.de\/produkt\/tearup-shirt\/#primaryimage\"},\"image\":{\"@id\":\"https:\/\/www.wojoer.de\/produkt\/tearup-shirt\/#primaryimage\"},\"thumbnailUrl\":\"https:\/\/www.wojoer.de\/wp-content\/uploads\/2018\/03\/356TXX_tearup_shirt_back__wojoer.jpg\",\"datePublished\":\"2018-09-10T13:14:58+00:00\",\"dateModified\":\"2024-01-26T10:17:02+00:00\",\"description\":\"Punk Shirt mit zerissener L\u00f6cheroptik. Erfrischend anders. Weich wie feine Baumwolle. Angenehm locker fallend. Schmales Halsloch. Ideal f\u00fcr Herbst und Winter. Jetzt online Versandkostenfrei bestellen bei WOJOER!\",\"breadcrumb\":{\"@id\":\"https:\/\/www.wojoer.de\/produkt\/tearup-shirt\/#breadcrumb\"},\"inLanguage\":\"en-GB\",\"potentialAction\":[{\"@type\":\"ReadAction\",\"target\":[\"https:\/\/www.wojoer.de\/produkt\/tearup-shirt\/\"]}]},{\"@type\":\"ImageObject\",\"inLanguage\":\"en-GB\",\"@id\":\"https:\/\/www.wojoer.de\/produkt\/tearup-shirt\/#primaryimage\",\"url\":\"https:\/\/www.wojoer.de\/wp-content\/uploads\/2018\/03\/356TXX_tearup_shirt_back__wojoer.jpg\",\"contentUrl\":\"https:\/\/www.wojoer.de\/wp-content\/uploads\/2018\/03\/356TXX_tearup_shirt_back__wojoer.jpg\",\"width\":2002,\"height\":2001,\"caption\":\"punk leggings, tear up, orange grau, baumwolle, viskose, warm, weich leggings, longjohns, unterhose Wojoer, Shirt, Unterhemd, punk, zerissen, Schlafanzug\"},{\"@type\":\"BreadcrumbList\",\"@id\":\"https:\/\/www.wojoer.de\/produkt\/tearup-shirt\/#breadcrumb\",\"itemListElement\":[{\"@type\":\"ListItem\",\"position\":1,\"name\":\"Startseite\",\"item\":\"https:\/\/www.wojoer.de\/\"},{\"@type\":\"ListItem\",\"position\":2,\"name\":\"SHOP\",\"item\":\"https:\/\/www.wojoer.de\/shop\/\"},{\"@type\":\"ListItem\",\"position\":3,\"name\":\"TearUp Shirt 356TXX\"}]},{\"@type\":\"WebSite\",\"@id\":\"https:\/\/www.wojoer.de\/#website\",\"url\":\"https:\/\/www.wojoer.de\/\",\"name\":\"WOJOER\",\"description\":\"clubwear for men\",\"publisher\":{\"@id\":\"https:\/\/www.wojoer.de\/#organization\"},\"potentialAction\":[{\"@type\":\"SearchAction\",\"target\":{\"@type\":\"EntryPoint\",\"urlTemplate\":\"https:\/\/www.wojoer.de\/?s={search_term_string}\"},\"query-input\":{\"@type\":\"PropertyValueSpecification\",\"valueRequired\":true,\"valueName\":\"search_term_string\"}}],\"inLanguage\":\"en-GB\"},{\"@type\":\"Organization\",\"@id\":\"https:\/\/www.wojoer.de\/#organization\",\"name\":\"Wonneberger-Manufaktur\",\"url\":\"https:\/\/www.wojoer.de\/\",\"logo\":{\"@type\":\"ImageObject\",\"inLanguage\":\"en-GB\",\"@id\":\"https:\/\/www.wojoer.de\/#\/schema\/logo\/image\/\",\"url\":\"https:\/\/www.wojoer.de\/wp-content\/uploads\/2016\/11\/wonnebergermanufaktur_logo_BUTTON.png\",\"contentUrl\":\"https:\/\/www.wojoer.de\/wp-content\/uploads\/2016\/11\/wonnebergermanufaktur_logo_BUTTON.png\",\"width\":765,\"height\":765,\"caption\":\"Wonneberger-Manufaktur\"},\"image\":{\"@id\":\"https:\/\/www.wojoer.de\/#\/schema\/logo\/image\/\"},\"sameAs\":[\"https:\/\/www.facebook.com\/wojoer\/\",\"https:\/\/de.pinterest.com\/W0J0ER\/\"]}]}<\/script>\n<!-- \/ Yoast SEO plugin. -->","yoast_head_json":{"title":"Punk Shirt | zerrissenes \u00c4rmelhemd| under shirt | Unterw\u00e4sche | WOJOER","description":"Punk Shirt mit zerissener L\u00f6cheroptik. Erfrischend anders. Weich wie feine Baumwolle. Angenehm locker fallend. Schmales Halsloch. Ideal f\u00fcr Herbst und Winter. Jetzt online Versandkostenfrei bestellen bei WOJOER!","robots":{"index":"index","follow":"follow","max-snippet":"max-snippet:-1","max-image-preview":"max-image-preview:large","max-video-preview":"max-video-preview:-1"},"canonical":"https:\/\/www.wojoer.de\/en\/produkt\/tearup-shirt\/","twitter_card":"summary_large_image","twitter_title":"Punk Shirt | zerrissenes \u00c4rmelhemd| under shirt | Unterw\u00e4sche | WOJOER","twitter_description":"Punk Shirt mit zerissener L\u00f6cheroptik. Erfrischend anders. Weich wie feine Baumwolle. Angenehm locker fallend. Schmales Halsloch. Ideal f\u00fcr Herbst und Winter. Jetzt online Versandkostenfrei bestellen bei WOJOER!","twitter_image":"https:\/\/www.wojoer.de\/wp-content\/uploads\/2018\/03\/356TXX_tearup_shirt_back__wojoer.jpg","twitter_misc":{"Estimated reading time":"1 minute"},"schema":{"@context":"https:\/\/schema.org","@graph":[{"@type":"WebPage","@id":"https:\/\/www.wojoer.de\/produkt\/tearup-shirt\/","url":"https:\/\/www.wojoer.de\/produkt\/tearup-shirt\/","name":"Punk Shirt | zerrissenes \u00c4rmelhemd| under shirt | Unterw\u00e4sche | WOJOER","isPartOf":{"@id":"https:\/\/www.wojoer.de\/#website"},"primaryImageOfPage":{"@id":"https:\/\/www.wojoer.de\/produkt\/tearup-shirt\/#primaryimage"},"image":{"@id":"https:\/\/www.wojoer.de\/produkt\/tearup-shirt\/#primaryimage"},"thumbnailUrl":"https:\/\/www.wojoer.de\/wp-content\/uploads\/2018\/03\/356TXX_tearup_shirt_back__wojoer.jpg","datePublished":"2018-09-10T13:14:58+00:00","dateModified":"2024-01-26T10:17:02+00:00","description":"Punk Shirt mit zerissener L\u00f6cheroptik. Erfrischend anders. Weich wie feine Baumwolle. Angenehm locker fallend. Schmales Halsloch. Ideal f\u00fcr Herbst und Winter. Jetzt online Versandkostenfrei bestellen bei WOJOER!","breadcrumb":{"@id":"https:\/\/www.wojoer.de\/produkt\/tearup-shirt\/#breadcrumb"},"inLanguage":"en-GB","potentialAction":[{"@type":"ReadAction","target":["https:\/\/www.wojoer.de\/produkt\/tearup-shirt\/"]}]},{"@type":"ImageObject","inLanguage":"en-GB","@id":"https:\/\/www.wojoer.de\/produkt\/tearup-shirt\/#primaryimage","url":"https:\/\/www.wojoer.de\/wp-content\/uploads\/2018\/03\/356TXX_tearup_shirt_back__wojoer.jpg","contentUrl":"https:\/\/www.wojoer.de\/wp-content\/uploads\/2018\/03\/356TXX_tearup_shirt_back__wojoer.jpg","width":2002,"height":2001,"caption":"punk leggings, tear up, orange grau, baumwolle, viskose, warm, weich leggings, longjohns, unterhose Wojoer, Shirt, Unterhemd, punk, zerissen, Schlafanzug"},{"@type":"BreadcrumbList","@id":"https:\/\/www.wojoer.de\/produkt\/tearup-shirt\/#breadcrumb","itemListElement":[{"@type":"ListItem","position":1,"name":"Startseite","item":"https:\/\/www.wojoer.de\/"},{"@type":"ListItem","position":2,"name":"SHOP","item":"https:\/\/www.wojoer.de\/shop\/"},{"@type":"ListItem","position":3,"name":"TearUp Shirt 356TXX"}]},{"@type":"WebSite","@id":"https:\/\/www.wojoer.de\/#website","url":"https:\/\/www.wojoer.de\/","name":"WOJOER","description":"clubwear for men","publisher":{"@id":"https:\/\/www.wojoer.de\/#organization"},"potentialAction":[{"@type":"SearchAction","target":{"@type":"EntryPoint","urlTemplate":"https:\/\/www.wojoer.de\/?s={search_term_string}"},"query-input":{"@type":"PropertyValueSpecification","valueRequired":true,"valueName":"search_term_string"}}],"inLanguage":"en-GB"},{"@type":"Organization","@id":"https:\/\/www.wojoer.de\/#organization","name":"Wonneberger-Manufaktur","url":"https:\/\/www.wojoer.de\/","logo":{"@type":"ImageObject","inLanguage":"en-GB","@id":"https:\/\/www.wojoer.de\/#\/schema\/logo\/image\/","url":"https:\/\/www.wojoer.de\/wp-content\/uploads\/2016\/11\/wonnebergermanufaktur_logo_BUTTON.png","contentUrl":"https:\/\/www.wojoer.de\/wp-content\/uploads\/2016\/11\/wonnebergermanufaktur_logo_BUTTON.png","width":765,"height":765,"caption":"Wonneberger-Manufaktur"},"image":{"@id":"https:\/\/www.wojoer.de\/#\/schema\/logo\/image\/"},"sameAs":["https:\/\/www.facebook.com\/wojoer\/","https:\/\/de.pinterest.com\/W0J0ER\/"]}]}},"_links":{"self":[{"href":"https:\/\/www.wojoer.de\/en\/wp-json\/wp\/v2\/product\/9452","targetHints":{"allow":["GET"]}}],"collection":[{"href":"https:\/\/www.wojoer.de\/en\/wp-json\/wp\/v2\/product"}],"about":[{"href":"https:\/\/www.wojoer.de\/en\/wp-json\/wp\/v2\/types\/product"}],"replies":[{"embeddable":true,"href":"https:\/\/www.wojoer.de\/en\/wp-json\/wp\/v2\/comments?post=9452"}],"wp:featuredmedia":[{"embeddable":true,"href":"https:\/\/www.wojoer.de\/en\/wp-json\/wp\/v2\/media\/9355"}],"wp:attachment":[{"href":"https:\/\/www.wojoer.de\/en\/wp-json\/wp\/v2\/media?parent=9452"}],"wp:term":[{"taxonomy":"product_brand","embeddable":true,"href":"https:\/\/www.wojoer.de\/en\/wp-json\/wp\/v2\/product_brand?post=9452"},{"taxonomy":"product_cat","embeddable":true,"href":"https:\/\/www.wojoer.de\/en\/wp-json\/wp\/v2\/product_cat?post=9452"},{"taxonomy":"product_tag","embeddable":true,"href":"https:\/\/www.wojoer.de\/en\/wp-json\/wp\/v2\/product_tag?post=9452"}],"curies":[{"name":"wp","href":"https:\/\/api.w.org\/{rel}","templated":true}]}}