{"id":9514,"date":"2018-05-16T08:56:59","date_gmt":"2018-05-16T06:56:59","guid":{"rendered":"https:\/\/www.wojoer.de\/produkt\/anker-brasil-slip-cheeky-slip\/"},"modified":"2024-06-04T13:53:16","modified_gmt":"2024-06-04T11:53:16","slug":"anker-brasil-slip-cheeky-slip","status":"publish","type":"product","link":"https:\/\/www.wojoer.de\/en\/produkt\/anker-brasil-slip-cheeky-slip\/","title":{"rendered":"Anker Brasil Slip 307D399"},"content":{"rendered":"<p>Der Anchor Cheeky Slip, Anker Brasil Slip 307<span class=\"sku_wrapper\"><span class=\"sku\">D399<\/span><\/span> ist ein frecher Special Baumwoll-Leatherlike Slip und geh\u00f6rt somit zu den Only-For-Me-Produkten.<\/p>\n<h3>Gr\u00f6\u00dfen<\/h3>\n<p>Erh\u00e4ltlich in den Gr\u00f6\u00dfen S, M, L, XL<\/p>\n<h3>Farben<\/h3>\n<p><a href=\"https:\/\/www.wojoer.de\/wp-content\/uploads\/2018\/04\/schwarz.jpg\"><img loading=\"lazy\" decoding=\"async\" class=\"alignleft size-full wp-image-10039\" src=\"https:\/\/www.wojoer.de\/wp-content\/uploads\/2018\/04\/schwarz.jpg\" alt=\"\" width=\"9\" height=\"9\" \/><\/a> <a href=\"https:\/\/www.wojoer.de\/wp-content\/uploads\/2018\/04\/vulcano.jpg\"><img loading=\"lazy\" decoding=\"async\" class=\"alignleft size-full wp-image-10040\" src=\"https:\/\/www.wojoer.de\/wp-content\/uploads\/2018\/04\/vulcano.jpg\" alt=\"\" width=\"9\" height=\"9\" \/><\/a>Schwarz Rot<\/p>\n<p><a href=\"https:\/\/www.wojoer.de\/wp-content\/uploads\/2018\/04\/vulcano.jpg\"><img loading=\"lazy\" decoding=\"async\" class=\"alignleft size-full wp-image-10040\" src=\"https:\/\/www.wojoer.de\/wp-content\/uploads\/2018\/04\/vulcano.jpg\" alt=\"\" width=\"9\" height=\"9\" \/><\/a> <a href=\"https:\/\/www.wojoer.de\/wp-content\/uploads\/2018\/04\/blau.jpg\"><img loading=\"lazy\" decoding=\"async\" class=\"alignleft size-full wp-image-10028\" src=\"https:\/\/www.wojoer.de\/wp-content\/uploads\/2018\/04\/blau.jpg\" alt=\"\" width=\"9\" height=\"9\" \/><\/a>Rot Blau<\/p>\n<h3>Materialzusammensetzung<\/h3>\n<p>Baumwolle: 95% Baumwolle und 5% Elasthan<\/p>\n<p>Leder Umrandungen: 70% Polyurethan und 30% Elasthan<\/p>\n<h3>Besonderheiten<\/h3>\n<p><a href=\"http:\/\/www.wojoer.de\/produkt-kategorie\/onlyforme\/\">ONLY-FOR-ME-Produkt<\/a>\u00a0 | knapper Cheeky Slip Schnitt| Best-Fit-Hebeform | freches Ankermuster | Kunstleder B\u00f6rtchen | hochwertige Verarbeitung &#8220;Made in Germany&#8221;<\/p>\n<h3>Benutzerhinweise<\/h3>\n<p>Handw\u00e4sche<\/p>\n<h3>ANKER BRASIL SLIP &#8211; Anchor Cheeky Slip mit Letherlike B\u00f6rtchen<\/h3>\n<p>So verspielt sexy sind M\u00e4nner nur mit WOJOER. Warum? Weil es nur hier den Kuss von feinster Baumwolle und matt gl\u00e4nzendem Leatherlike zu holen gibt. Die kleinen Anker tanzen verspielt \u00fcber den Brasil Slip und werden von dem hei\u00dfen Leder wieder zur Ordnung gerufen. Dazu kommt der wunderbar sommerliche Cheeky-Schnitt. Damit kommt ein knackiger Po erst so richtig zur Geltung. Und der Schritt wird sch\u00f6n geformt in Szene gesetzt und beugt so fiesem Kneifen im Schritt vor. Dank des weichen Materials und der ausget\u00fcftelten Form, ist der knappe Slip sehr angenehm zu tragen und hat sogar noch ein verstecktes Extra &#8211; seinen Eingriff. Also ist das Prinzip ganz einfach: Erstens, ausziehen bis auf den Slip und so dein Gegen\u00fcber von den Socken hauen. Zweitens die Initiative ergreifen und den Eingriff als Quick-Fun-Aktion nutzen. 3. Spa\u00df haben. 4. Alles wieder gut verstauen ohne den Slip auch nur einmal auszuziehen. So macht Mann-Sein wirklich Laune.<\/p>\n<p><span style=\"color: #d2b55b;\">\u00a0<\/span><\/p>\n","protected":false},"excerpt":{"rendered":"<p>Der Anchor Cheeky Slip, Anker Brasil Slip 307D399 ist ein frecher Special Baumwoll-Leatherlike Slip und geh\u00f6rt somit zu den Only-For-Me-Produkten.<br \/>\nGr\u00f6\u00dfen<br \/>\nErh\u00e4ltlich in den Gr\u00f6\u00dfen S, M, L, XL<br \/>\nFarben<br \/>\n Schwarz Rot<\/p>\n<p> Rot Blau<br \/>\nMaterialzusammensetzung<br \/>\nBaumwolle: 95% Baumwolle und 5% Elasthan<\/p>\n<p>Leder Umrandungen: 70% Polyurethan und\u2026<\/p>\n","protected":false},"featured_media":9143,"comment_status":"open","ping_status":"closed","template":"","meta":[],"product_brand":[],"product_cat":[473,270,195,326],"product_tag":[274,301,272,194,295],"class_list":{"0":"post-9514","1":"product","2":"type-product","3":"status-publish","4":"has-post-thumbnail","6":"product_cat-men","7":"product_cat-onlyforme","8":"product_cat-produktion-auf-bestellung-liveproduktion","9":"product_cat-wojoer","10":"product_tag-baumwolle","11":"product_tag-cheeky","12":"product_tag-druck","13":"product_tag-leatherlike","14":"product_tag-slip","15":"product_shipping_class-beun","16":"pa_farbe-blau","17":"pa_farbe-rot","18":"pa_groesse-l","19":"pa_groesse-m","20":"pa_groesse-s","21":"pa_groesse-xl","22":"pif-has-gallery","23":"post-1","24":"odd","26":"first","27":"instock","28":"featured","29":"taxable","30":"shipping-taxable","31":"purchasable","32":"product-type-variable"},"yoast_head":"<!-- This site is optimized with the Yoast SEO plugin v27.2 - https:\/\/yoast.com\/product\/yoast-seo-wordpress\/ -->\n<title>Anchor Cheeky Slip | Baumwolle mit Leatherlike | Clubwear | WOJOER<\/title>\n<meta name=\"description\" content=\"Anchor Cheeky Slip ist ein frecher Baumwoll Slip mit Ankermotiv und hei\u00dfem Leatherlike B\u00f6rtchen. Etravagant &amp; sexy. Ideal f\u00fcr unten drunter oder im Club. Jetzt online Versandkostenfrei bestellen!\" \/>\n<meta name=\"robots\" content=\"index, follow, max-snippet:-1, max-image-preview:large, max-video-preview:-1\" \/>\n<link rel=\"canonical\" href=\"https:\/\/www.wojoer.de\/en\/produkt\/anker-brasil-slip-cheeky-slip\/\" \/>\n<meta name=\"twitter:card\" content=\"summary_large_image\" \/>\n<meta name=\"twitter:title\" content=\"Anchor Cheeky Slip | Baumwolle mit Leatherlike | Clubwear | WOJOER\" \/>\n<meta name=\"twitter:description\" content=\"Anchor Cheeky Slip ist ein frecher Baumwoll Slip mit Ankermotiv und hei\u00dfem Leatherlike B\u00f6rtchen. Etravagant &amp; sexy. Ideal f\u00fcr unten drunter oder im Club. Jetzt online Versandkostenfrei bestellen!\" \/>\n<meta name=\"twitter:image\" content=\"https:\/\/www.wojoer.de\/wp-content\/uploads\/2018\/03\/IMG_0547.jpg\" \/>\n<meta name=\"twitter:label1\" content=\"Estimated reading time\" \/>\n\t<meta name=\"twitter:data1\" content=\"3 minutes\" \/>\n<script type=\"application\/ld+json\" class=\"yoast-schema-graph\">{\"@context\":\"https:\/\/schema.org\",\"@graph\":[{\"@type\":\"WebPage\",\"@id\":\"https:\/\/www.wojoer.de\/produkt\/anker-brasil-slip-cheeky-slip\/\",\"url\":\"https:\/\/www.wojoer.de\/produkt\/anker-brasil-slip-cheeky-slip\/\",\"name\":\"Anchor Cheeky Slip | Baumwolle mit Leatherlike | Clubwear | WOJOER\",\"isPartOf\":{\"@id\":\"https:\/\/www.wojoer.de\/#website\"},\"primaryImageOfPage\":{\"@id\":\"https:\/\/www.wojoer.de\/produkt\/anker-brasil-slip-cheeky-slip\/#primaryimage\"},\"image\":{\"@id\":\"https:\/\/www.wojoer.de\/produkt\/anker-brasil-slip-cheeky-slip\/#primaryimage\"},\"thumbnailUrl\":\"https:\/\/www.wojoer.de\/wp-content\/uploads\/2018\/03\/IMG_0547.jpg\",\"datePublished\":\"2018-05-16T06:56:59+00:00\",\"dateModified\":\"2024-06-04T11:53:16+00:00\",\"description\":\"Anchor Cheeky Slip ist ein frecher Baumwoll Slip mit Ankermotiv und hei\u00dfem Leatherlike B\u00f6rtchen. Etravagant & sexy. Ideal f\u00fcr unten drunter oder im Club. Jetzt online Versandkostenfrei bestellen!\",\"breadcrumb\":{\"@id\":\"https:\/\/www.wojoer.de\/produkt\/anker-brasil-slip-cheeky-slip\/#breadcrumb\"},\"inLanguage\":\"en-GB\",\"potentialAction\":[{\"@type\":\"ReadAction\",\"target\":[\"https:\/\/www.wojoer.de\/produkt\/anker-brasil-slip-cheeky-slip\/\"]}]},{\"@type\":\"ImageObject\",\"inLanguage\":\"en-GB\",\"@id\":\"https:\/\/www.wojoer.de\/produkt\/anker-brasil-slip-cheeky-slip\/#primaryimage\",\"url\":\"https:\/\/www.wojoer.de\/wp-content\/uploads\/2018\/03\/IMG_0547.jpg\",\"contentUrl\":\"https:\/\/www.wojoer.de\/wp-content\/uploads\/2018\/03\/IMG_0547.jpg\",\"width\":2002,\"height\":2002,\"caption\":\"anchor cheeky slip, Anker Brasil Slip, rot schwarz, front\"},{\"@type\":\"BreadcrumbList\",\"@id\":\"https:\/\/www.wojoer.de\/produkt\/anker-brasil-slip-cheeky-slip\/#breadcrumb\",\"itemListElement\":[{\"@type\":\"ListItem\",\"position\":1,\"name\":\"Startseite\",\"item\":\"https:\/\/www.wojoer.de\/\"},{\"@type\":\"ListItem\",\"position\":2,\"name\":\"SHOP\",\"item\":\"https:\/\/www.wojoer.de\/shop\/\"},{\"@type\":\"ListItem\",\"position\":3,\"name\":\"Anker Brasil Slip 307D399\"}]},{\"@type\":\"WebSite\",\"@id\":\"https:\/\/www.wojoer.de\/#website\",\"url\":\"https:\/\/www.wojoer.de\/\",\"name\":\"WOJOER\",\"description\":\"clubwear for men\",\"publisher\":{\"@id\":\"https:\/\/www.wojoer.de\/#organization\"},\"potentialAction\":[{\"@type\":\"SearchAction\",\"target\":{\"@type\":\"EntryPoint\",\"urlTemplate\":\"https:\/\/www.wojoer.de\/?s={search_term_string}\"},\"query-input\":{\"@type\":\"PropertyValueSpecification\",\"valueRequired\":true,\"valueName\":\"search_term_string\"}}],\"inLanguage\":\"en-GB\"},{\"@type\":\"Organization\",\"@id\":\"https:\/\/www.wojoer.de\/#organization\",\"name\":\"Wonneberger-Manufaktur\",\"url\":\"https:\/\/www.wojoer.de\/\",\"logo\":{\"@type\":\"ImageObject\",\"inLanguage\":\"en-GB\",\"@id\":\"https:\/\/www.wojoer.de\/#\/schema\/logo\/image\/\",\"url\":\"https:\/\/www.wojoer.de\/wp-content\/uploads\/2016\/11\/wonnebergermanufaktur_logo_BUTTON.png\",\"contentUrl\":\"https:\/\/www.wojoer.de\/wp-content\/uploads\/2016\/11\/wonnebergermanufaktur_logo_BUTTON.png\",\"width\":765,\"height\":765,\"caption\":\"Wonneberger-Manufaktur\"},\"image\":{\"@id\":\"https:\/\/www.wojoer.de\/#\/schema\/logo\/image\/\"},\"sameAs\":[\"https:\/\/www.facebook.com\/wojoer\/\",\"https:\/\/de.pinterest.com\/W0J0ER\/\"]}]}<\/script>\n<!-- \/ Yoast SEO plugin. -->","yoast_head_json":{"title":"Anchor Cheeky Slip | Baumwolle mit Leatherlike | Clubwear | WOJOER","description":"Anchor Cheeky Slip ist ein frecher Baumwoll Slip mit Ankermotiv und hei\u00dfem Leatherlike B\u00f6rtchen. Etravagant & sexy. Ideal f\u00fcr unten drunter oder im Club. Jetzt online Versandkostenfrei bestellen!","robots":{"index":"index","follow":"follow","max-snippet":"max-snippet:-1","max-image-preview":"max-image-preview:large","max-video-preview":"max-video-preview:-1"},"canonical":"https:\/\/www.wojoer.de\/en\/produkt\/anker-brasil-slip-cheeky-slip\/","twitter_card":"summary_large_image","twitter_title":"Anchor Cheeky Slip | Baumwolle mit Leatherlike | Clubwear | WOJOER","twitter_description":"Anchor Cheeky Slip ist ein frecher Baumwoll Slip mit Ankermotiv und hei\u00dfem Leatherlike B\u00f6rtchen. Etravagant & sexy. Ideal f\u00fcr unten drunter oder im Club. Jetzt online Versandkostenfrei bestellen!","twitter_image":"https:\/\/www.wojoer.de\/wp-content\/uploads\/2018\/03\/IMG_0547.jpg","twitter_misc":{"Estimated reading time":"3 minutes"},"schema":{"@context":"https:\/\/schema.org","@graph":[{"@type":"WebPage","@id":"https:\/\/www.wojoer.de\/produkt\/anker-brasil-slip-cheeky-slip\/","url":"https:\/\/www.wojoer.de\/produkt\/anker-brasil-slip-cheeky-slip\/","name":"Anchor Cheeky Slip | Baumwolle mit Leatherlike | Clubwear | WOJOER","isPartOf":{"@id":"https:\/\/www.wojoer.de\/#website"},"primaryImageOfPage":{"@id":"https:\/\/www.wojoer.de\/produkt\/anker-brasil-slip-cheeky-slip\/#primaryimage"},"image":{"@id":"https:\/\/www.wojoer.de\/produkt\/anker-brasil-slip-cheeky-slip\/#primaryimage"},"thumbnailUrl":"https:\/\/www.wojoer.de\/wp-content\/uploads\/2018\/03\/IMG_0547.jpg","datePublished":"2018-05-16T06:56:59+00:00","dateModified":"2024-06-04T11:53:16+00:00","description":"Anchor Cheeky Slip ist ein frecher Baumwoll Slip mit Ankermotiv und hei\u00dfem Leatherlike B\u00f6rtchen. Etravagant & sexy. Ideal f\u00fcr unten drunter oder im Club. Jetzt online Versandkostenfrei bestellen!","breadcrumb":{"@id":"https:\/\/www.wojoer.de\/produkt\/anker-brasil-slip-cheeky-slip\/#breadcrumb"},"inLanguage":"en-GB","potentialAction":[{"@type":"ReadAction","target":["https:\/\/www.wojoer.de\/produkt\/anker-brasil-slip-cheeky-slip\/"]}]},{"@type":"ImageObject","inLanguage":"en-GB","@id":"https:\/\/www.wojoer.de\/produkt\/anker-brasil-slip-cheeky-slip\/#primaryimage","url":"https:\/\/www.wojoer.de\/wp-content\/uploads\/2018\/03\/IMG_0547.jpg","contentUrl":"https:\/\/www.wojoer.de\/wp-content\/uploads\/2018\/03\/IMG_0547.jpg","width":2002,"height":2002,"caption":"anchor cheeky slip, Anker Brasil Slip, rot schwarz, front"},{"@type":"BreadcrumbList","@id":"https:\/\/www.wojoer.de\/produkt\/anker-brasil-slip-cheeky-slip\/#breadcrumb","itemListElement":[{"@type":"ListItem","position":1,"name":"Startseite","item":"https:\/\/www.wojoer.de\/"},{"@type":"ListItem","position":2,"name":"SHOP","item":"https:\/\/www.wojoer.de\/shop\/"},{"@type":"ListItem","position":3,"name":"Anker Brasil Slip 307D399"}]},{"@type":"WebSite","@id":"https:\/\/www.wojoer.de\/#website","url":"https:\/\/www.wojoer.de\/","name":"WOJOER","description":"clubwear for men","publisher":{"@id":"https:\/\/www.wojoer.de\/#organization"},"potentialAction":[{"@type":"SearchAction","target":{"@type":"EntryPoint","urlTemplate":"https:\/\/www.wojoer.de\/?s={search_term_string}"},"query-input":{"@type":"PropertyValueSpecification","valueRequired":true,"valueName":"search_term_string"}}],"inLanguage":"en-GB"},{"@type":"Organization","@id":"https:\/\/www.wojoer.de\/#organization","name":"Wonneberger-Manufaktur","url":"https:\/\/www.wojoer.de\/","logo":{"@type":"ImageObject","inLanguage":"en-GB","@id":"https:\/\/www.wojoer.de\/#\/schema\/logo\/image\/","url":"https:\/\/www.wojoer.de\/wp-content\/uploads\/2016\/11\/wonnebergermanufaktur_logo_BUTTON.png","contentUrl":"https:\/\/www.wojoer.de\/wp-content\/uploads\/2016\/11\/wonnebergermanufaktur_logo_BUTTON.png","width":765,"height":765,"caption":"Wonneberger-Manufaktur"},"image":{"@id":"https:\/\/www.wojoer.de\/#\/schema\/logo\/image\/"},"sameAs":["https:\/\/www.facebook.com\/wojoer\/","https:\/\/de.pinterest.com\/W0J0ER\/"]}]}},"_links":{"self":[{"href":"https:\/\/www.wojoer.de\/en\/wp-json\/wp\/v2\/product\/9514","targetHints":{"allow":["GET"]}}],"collection":[{"href":"https:\/\/www.wojoer.de\/en\/wp-json\/wp\/v2\/product"}],"about":[{"href":"https:\/\/www.wojoer.de\/en\/wp-json\/wp\/v2\/types\/product"}],"replies":[{"embeddable":true,"href":"https:\/\/www.wojoer.de\/en\/wp-json\/wp\/v2\/comments?post=9514"}],"wp:featuredmedia":[{"embeddable":true,"href":"https:\/\/www.wojoer.de\/en\/wp-json\/wp\/v2\/media\/9143"}],"wp:attachment":[{"href":"https:\/\/www.wojoer.de\/en\/wp-json\/wp\/v2\/media?parent=9514"}],"wp:term":[{"taxonomy":"product_brand","embeddable":true,"href":"https:\/\/www.wojoer.de\/en\/wp-json\/wp\/v2\/product_brand?post=9514"},{"taxonomy":"product_cat","embeddable":true,"href":"https:\/\/www.wojoer.de\/en\/wp-json\/wp\/v2\/product_cat?post=9514"},{"taxonomy":"product_tag","embeddable":true,"href":"https:\/\/www.wojoer.de\/en\/wp-json\/wp\/v2\/product_tag?post=9514"}],"curies":[{"name":"wp","href":"https:\/\/api.w.org\/{rel}","templated":true}]}}